{"id":12662,"date":"2023-08-18T10:30:31","date_gmt":"2023-08-18T05:00:31","guid":{"rendered":"https:\/\/conexmetals.com\/?post_type=product&#038;p=12662"},"modified":"2025-01-03T15:35:17","modified_gmt":"2025-01-03T10:05:17","slug":"bases-de-terminal","status":"publish","type":"product","link":"https:\/\/conexmetals.com\/pt-br\/produto\/bases-de-terminal\/","title":{"rendered":"Bases de Terminal"},"content":{"rendered":"","protected":false},"excerpt":{"rendered":"<table id=\"tablepress-356\" class=\"tablepress tablepress-id-356\">\n<caption>\u00a0<\/caption>\n<thead>\n<tr class=\"row-1 odd\">\n<th class=\"column-1\" colspan=\"4\"><strong><span>Bases terminais<\/span><\/strong><\/th>\n<\/tr>\n<\/thead>\n<tbody class=\"row-hover\">\n<tr class=\"row-2 even\">\n<td class=\"column-1\"><strong><span>Di\u00e2metro da rosca mm<\/span><\/strong><\/td>\n<td class=\"column-2\"><strong><span>Tamanho do condutor mm<\/span><\/strong><\/td>\n<td class=\"column-3\"><strong><span>Material<\/span><\/strong><\/td>\n<td class=\"column-4\"><strong><span>Peso kg<\/span><\/strong><\/td>\n<\/tr>\n<tr class=\"row-3 odd\">\n<td class=\"column-1\"><span>16<\/span><\/td>\n<td class=\"column-2\"><span>25<\/span><\/td>\n<td class=\"column-3\"><span>Cobre<\/span><\/td>\n<td class=\"column-4\"><span>0,5<\/span><\/td>\n<\/tr>\n<tr class=\"row-4 even\">\n<td class=\"column-1\"><span>16<\/span><\/td>\n<td class=\"column-2\"><span>25<\/span><\/td>\n<td class=\"column-3\"><span>Alum\u00ednio<\/span><\/td>\n<td class=\"column-4\"><span>0,17<\/span><\/td>\n<\/tr>\n<tr class=\"row-5 odd\">\n<td class=\"column-1\"><span>10<\/span><\/td>\n<td class=\"column-2\"><span>8 ou 25 x 3<\/span><\/td>\n<td class=\"column-3\"><span>Alum\u00ednio<\/span><\/td>\n<td class=\"column-4\"><span>0,15<\/span><\/td>\n<\/tr>\n<tr class=\"row-6 even\">\n<td class=\"column-1\"><span>16<\/span><\/td>\n<td class=\"column-2\"><span>31 x 6<\/span><\/td>\n<td class=\"column-3\"><span>Cobre<\/span><\/td>\n<td class=\"column-4\"><span>0,5<\/span><\/td>\n<\/tr>\n<tr class=\"row-7 odd\">\n<td class=\"column-1\"><span>16<\/span><\/td>\n<td class=\"column-2\"><span>50 mm\u00b2<\/span><\/td>\n<td class=\"column-3\"><span>Cobre<\/span><\/td>\n<td class=\"column-4\"><span>0,8<\/span><\/td>\n<\/tr>\n<tr class=\"row-8 even\">\n<td class=\"column-1\"><span>16<\/span><\/td>\n<td class=\"column-2\"><span>70 mm\u00b2<\/span><\/td>\n<td class=\"column-3\"><span>Cobre<\/span><\/td>\n<td class=\"column-4\"><span>0,75<\/span><\/td>\n<\/tr>\n<tr class=\"row-9 odd\">\n<td class=\"column-1\"><span>16<\/span><\/td>\n<td class=\"column-2\"><span>95 mm\u00b2<\/span><\/td>\n<td class=\"column-3\"><span>Cobre<\/span><\/td>\n<td class=\"column-4\"><span>0,9<\/span><\/td>\n<\/tr>\n<\/tbody>\n<\/table>\n<p><img decoding=\"async\" class=\"alignright wp-image-6790 size-full lazy loaded\" src=\"https:\/\/conexmetals.com\/wp-content\/uploads\/2023\/08\/Terminal-Bases-line-drawing.png\" alt=\"Desenho de linhas de bases terminais\" width=\"246\" height=\"85\" data-src=\"https:\/\/conexmetals.com\/wp-content\/uploads\/2023\/08\/Terminal-Bases-line-drawing.png\" data-was-processed=\"true\" \/><span>Bases terminais, tamb\u00e9m conhecidas como blocos terminais ou bases de fia\u00e7\u00e3o, s\u00e3o dispositivos modulares usados \u200b\u200bem aplica\u00e7\u00f5es el\u00e9tricas e eletr\u00f4nicas para facilitar a conex\u00e3o e termina\u00e7\u00e3o de condutores el\u00e9tricos. Elas servem como um ponto central para unir v\u00e1rios fios ou cabos, permitindo conex\u00f5es el\u00e9tricas f\u00e1ceis e organizadas em v\u00e1rios sistemas.<\/span><\/p>\n<p><span>Principais caracter\u00edsticas e usos das bases terminais incluem:<\/span><\/p>\n<ol>\n<li><span>Pontos de conex\u00e3o: As bases terminais consistem em uma s\u00e9rie de terminais met\u00e1licos ou isolados dispostos em uma fileira ou bloco. Cada terminal fornece um ponto de conex\u00e3o onde fios ou condutores podem ser fixados com seguran\u00e7a.<\/span><\/li>\n<li><span>Termina\u00e7\u00e3o de Fios: Os fios s\u00e3o normalmente terminados nos terminais usando parafusos, grampos de mola ou outros m\u00e9todos, dependendo do design da base do terminal. O m\u00e9todo de termina\u00e7\u00e3o garante uma conex\u00e3o el\u00e9trica confi\u00e1vel.<\/span><\/li>\n<li><span>Design modular: as bases dos terminais geralmente t\u00eam um design modular, permitindo que sejam facilmente encaixadas ou montadas lado a lado para criar pontos de conex\u00e3o maiores para v\u00e1rios fios.<\/span><\/li>\n<li><span>Etiquetagem: Algumas bases de terminais t\u00eam \u00e1reas para etiquetar ou marcar os fios conectados, facilitando a identifica\u00e7\u00e3o e o rastreamento das conex\u00f5es.<\/span><\/li>\n<li><span>Tipos: As bases terminais v\u00eam em v\u00e1rios tipos, incluindo blocos terminais de barreira, blocos terminais de passagem, blocos terminais de fus\u00edvel e blocos terminais de aterramento, entre outros. Cada tipo \u00e9 projetado para aplica\u00e7\u00f5es e requisitos de conex\u00e3o espec\u00edficos.<\/span><\/li>\n<li><span>Aplica\u00e7\u00f5es: As bases terminais s\u00e3o amplamente utilizadas em pain\u00e9is de controle industriais, gabinetes el\u00e9tricos, sistemas de distribui\u00e7\u00e3o de energia, centros de controle de motores, prototipagem eletr\u00f4nica e v\u00e1rias outras aplica\u00e7\u00f5es que envolvem conex\u00f5es el\u00e9tricas.<\/span><\/li>\n<\/ol>\n<p><span>As bases terminais desempenham um papel crucial na fia\u00e7\u00e3o el\u00e9trica e nos sistemas de controle, fornecendo uma maneira segura e organizada de gerenciar conex\u00f5es el\u00e9tricas. Elas simplificam tarefas de manuten\u00e7\u00e3o e solu\u00e7\u00e3o de problemas, pois permitem f\u00e1cil desconex\u00e3o e reconex\u00e3o de fios sem danificar os condutores.<\/span><\/p>\n<p><span>\u00c9 essencial escolher a base terminal apropriada com base nos requisitos espec\u00edficos do sistema el\u00e9trico ou eletr\u00f4nico. Fatores a serem considerados incluem o tipo de condutores (fios s\u00f3lidos ou tran\u00e7ados), capacidade de condu\u00e7\u00e3o de corrente, classifica\u00e7\u00e3o de voltagem e condi\u00e7\u00f5es ambientais (temperatura, umidade, etc.).<\/span><\/p>\n","protected":false},"featured_media":12573,"template":"","meta":[],"product_brand":[],"product_cat":[381],"product_tag":[],"class_list":{"0":"post-12662","1":"product","2":"type-product","3":"status-publish","4":"has-post-thumbnail","6":"product_cat-acessorios-de-aterramento","8":"first","9":"instock","10":"shipping-taxable","11":"product-type-simple"},"yoast_head":"<!-- This site is optimized with the Yoast SEO plugin v27.3 - https:\/\/yoast.com\/product\/yoast-seo-wordpress\/ -->\n<title>Bases de Terminal<\/title>\n<meta name=\"description\" content=\"A Conex Metals oferece bases de terminal confi\u00e1veis, incluindo solu\u00e7\u00f5es para terminal de ar e terminal de ar de cobre. Nossos produtos fornecem prote\u00e7\u00e3o e seguran\u00e7a superiores em sistemas de prote\u00e7\u00e3o contra raios. Fabricante, exportador e fornecedor l\u00edder da \u00cdndia.\" \/>\n<meta name=\"robots\" content=\"index, follow, max-snippet:-1, max-image-preview:large, max-video-preview:-1\" \/>\n<link rel=\"canonical\" href=\"https:\/\/conexmetals.com\/pt-br\/produto\/bases-de-terminal\/\" \/>\n<script type=\"application\/ld+json\" class=\"yoast-schema-graph\">{\"@context\":\"https:\\\/\\\/schema.org\",\"@graph\":[{\"@type\":\"WebPage\",\"@id\":\"https:\\\/\\\/conexmetals.com\\\/pt-br\\\/produto\\\/bases-de-terminal\\\/\",\"url\":\"https:\\\/\\\/conexmetals.com\\\/pt-br\\\/produto\\\/bases-de-terminal\\\/\",\"name\":\"Bases de Terminal\",\"isPartOf\":{\"@id\":\"https:\\\/\\\/conexmetals.com\\\/pt-br\\\/#website\"},\"primaryImageOfPage\":{\"@id\":\"https:\\\/\\\/conexmetals.com\\\/pt-br\\\/produto\\\/bases-de-terminal\\\/#primaryimage\"},\"image\":{\"@id\":\"https:\\\/\\\/conexmetals.com\\\/pt-br\\\/produto\\\/bases-de-terminal\\\/#primaryimage\"},\"thumbnailUrl\":\"https:\\\/\\\/conexmetals.com\\\/wp-content\\\/uploads\\\/2025\\\/01\\\/Bases-de-Terminal-1.webp\",\"datePublished\":\"2023-08-18T05:00:31+00:00\",\"dateModified\":\"2025-01-03T10:05:17+00:00\",\"description\":\"A Conex Metals oferece bases de terminal confi\u00e1veis, incluindo solu\u00e7\u00f5es para terminal de ar e terminal de ar de cobre. Nossos produtos fornecem prote\u00e7\u00e3o e seguran\u00e7a superiores em sistemas de prote\u00e7\u00e3o contra raios. Fabricante, exportador e fornecedor l\u00edder da \u00cdndia.\",\"breadcrumb\":{\"@id\":\"https:\\\/\\\/conexmetals.com\\\/pt-br\\\/produto\\\/bases-de-terminal\\\/#breadcrumb\"},\"inLanguage\":\"pt-BR\",\"potentialAction\":[{\"@type\":\"ReadAction\",\"target\":[\"https:\\\/\\\/conexmetals.com\\\/pt-br\\\/produto\\\/bases-de-terminal\\\/\"]}]},{\"@type\":\"ImageObject\",\"inLanguage\":\"pt-BR\",\"@id\":\"https:\\\/\\\/conexmetals.com\\\/pt-br\\\/produto\\\/bases-de-terminal\\\/#primaryimage\",\"url\":\"https:\\\/\\\/conexmetals.com\\\/wp-content\\\/uploads\\\/2025\\\/01\\\/Bases-de-Terminal-1.webp\",\"contentUrl\":\"https:\\\/\\\/conexmetals.com\\\/wp-content\\\/uploads\\\/2025\\\/01\\\/Bases-de-Terminal-1.webp\",\"width\":350,\"height\":350,\"caption\":\"Bases de Terminal\"},{\"@type\":\"BreadcrumbList\",\"@id\":\"https:\\\/\\\/conexmetals.com\\\/pt-br\\\/produto\\\/bases-de-terminal\\\/#breadcrumb\",\"itemListElement\":[{\"@type\":\"ListItem\",\"position\":1,\"name\":\"Home\",\"item\":\"https:\\\/\\\/conexmetals.com\\\/pt-br\\\/lar\\\/\"},{\"@type\":\"ListItem\",\"position\":2,\"name\":\"Products\",\"item\":\"https:\\\/\\\/conexmetals.com\\\/products\\\/\"},{\"@type\":\"ListItem\",\"position\":3,\"name\":\"Bases de Terminal\"}]},{\"@type\":\"WebSite\",\"@id\":\"https:\\\/\\\/conexmetals.com\\\/pt-br\\\/#website\",\"url\":\"https:\\\/\\\/conexmetals.com\\\/pt-br\\\/\",\"name\":\"Conex Metals Brass Fittings Brass Parts Copper Parts Brass Components Brass Plumbing Fittings India\",\"description\":\"Manufacturer of Bronze Fittings casting Copper Brass parts components\",\"publisher\":{\"@id\":\"https:\\\/\\\/conexmetals.com\\\/pt-br\\\/#organization\"},\"potentialAction\":[{\"@type\":\"SearchAction\",\"target\":{\"@type\":\"EntryPoint\",\"urlTemplate\":\"https:\\\/\\\/conexmetals.com\\\/pt-br\\\/?s={search_term_string}\"},\"query-input\":{\"@type\":\"PropertyValueSpecification\",\"valueRequired\":true,\"valueName\":\"search_term_string\"}}],\"inLanguage\":\"pt-BR\"},{\"@type\":\"Organization\",\"@id\":\"https:\\\/\\\/conexmetals.com\\\/pt-br\\\/#organization\",\"name\":\"Conex Metals Brass Fittings Brass Parts Copper Parts Brass Components Brass Plumbing Fittings India\",\"url\":\"https:\\\/\\\/conexmetals.com\\\/pt-br\\\/\",\"logo\":{\"@type\":\"ImageObject\",\"inLanguage\":\"pt-BR\",\"@id\":\"https:\\\/\\\/conexmetals.com\\\/pt-br\\\/#\\\/schema\\\/logo\\\/image\\\/\",\"url\":\"https:\\\/\\\/conexmetals.com\\\/wp-content\\\/uploads\\\/2024\\\/03\\\/conex-metals-logo.webp\",\"contentUrl\":\"https:\\\/\\\/conexmetals.com\\\/wp-content\\\/uploads\\\/2024\\\/03\\\/conex-metals-logo.webp\",\"width\":300,\"height\":121,\"caption\":\"Conex Metals Brass Fittings Brass Parts Copper Parts Brass Components Brass Plumbing Fittings India\"},\"image\":{\"@id\":\"https:\\\/\\\/conexmetals.com\\\/pt-br\\\/#\\\/schema\\\/logo\\\/image\\\/\"},\"sameAs\":[\"https:\\\/\\\/www.facebook.com\\\/conexbrass\",\"https:\\\/\\\/x.com\\\/conexindia\",\"https:\\\/\\\/www.linkedin.com\\\/company\\\/conex-metals-india\\\/\",\"https:\\\/\\\/www.instagram.com\\\/conexindia\\\/\"]}]}<\/script>\n<!-- \/ Yoast SEO plugin. -->","yoast_head_json":{"title":"Bases de Terminal","description":"A Conex Metals oferece bases de terminal confi\u00e1veis, incluindo solu\u00e7\u00f5es para terminal de ar e terminal de ar de cobre. Nossos produtos fornecem prote\u00e7\u00e3o e seguran\u00e7a superiores em sistemas de prote\u00e7\u00e3o contra raios. Fabricante, exportador e fornecedor l\u00edder da \u00cdndia.","robots":{"index":"index","follow":"follow","max-snippet":"max-snippet:-1","max-image-preview":"max-image-preview:large","max-video-preview":"max-video-preview:-1"},"canonical":"https:\/\/conexmetals.com\/pt-br\/produto\/bases-de-terminal\/","schema":{"@context":"https:\/\/schema.org","@graph":[{"@type":"WebPage","@id":"https:\/\/conexmetals.com\/pt-br\/produto\/bases-de-terminal\/","url":"https:\/\/conexmetals.com\/pt-br\/produto\/bases-de-terminal\/","name":"Bases de Terminal","isPartOf":{"@id":"https:\/\/conexmetals.com\/pt-br\/#website"},"primaryImageOfPage":{"@id":"https:\/\/conexmetals.com\/pt-br\/produto\/bases-de-terminal\/#primaryimage"},"image":{"@id":"https:\/\/conexmetals.com\/pt-br\/produto\/bases-de-terminal\/#primaryimage"},"thumbnailUrl":"https:\/\/conexmetals.com\/wp-content\/uploads\/2025\/01\/Bases-de-Terminal-1.webp","datePublished":"2023-08-18T05:00:31+00:00","dateModified":"2025-01-03T10:05:17+00:00","description":"A Conex Metals oferece bases de terminal confi\u00e1veis, incluindo solu\u00e7\u00f5es para terminal de ar e terminal de ar de cobre. Nossos produtos fornecem prote\u00e7\u00e3o e seguran\u00e7a superiores em sistemas de prote\u00e7\u00e3o contra raios. Fabricante, exportador e fornecedor l\u00edder da \u00cdndia.","breadcrumb":{"@id":"https:\/\/conexmetals.com\/pt-br\/produto\/bases-de-terminal\/#breadcrumb"},"inLanguage":"pt-BR","potentialAction":[{"@type":"ReadAction","target":["https:\/\/conexmetals.com\/pt-br\/produto\/bases-de-terminal\/"]}]},{"@type":"ImageObject","inLanguage":"pt-BR","@id":"https:\/\/conexmetals.com\/pt-br\/produto\/bases-de-terminal\/#primaryimage","url":"https:\/\/conexmetals.com\/wp-content\/uploads\/2025\/01\/Bases-de-Terminal-1.webp","contentUrl":"https:\/\/conexmetals.com\/wp-content\/uploads\/2025\/01\/Bases-de-Terminal-1.webp","width":350,"height":350,"caption":"Bases de Terminal"},{"@type":"BreadcrumbList","@id":"https:\/\/conexmetals.com\/pt-br\/produto\/bases-de-terminal\/#breadcrumb","itemListElement":[{"@type":"ListItem","position":1,"name":"Home","item":"https:\/\/conexmetals.com\/pt-br\/lar\/"},{"@type":"ListItem","position":2,"name":"Products","item":"https:\/\/conexmetals.com\/products\/"},{"@type":"ListItem","position":3,"name":"Bases de Terminal"}]},{"@type":"WebSite","@id":"https:\/\/conexmetals.com\/pt-br\/#website","url":"https:\/\/conexmetals.com\/pt-br\/","name":"Conex Metals Brass Fittings Brass Parts Copper Parts Brass Components Brass Plumbing Fittings India","description":"Manufacturer of Bronze Fittings casting Copper Brass parts components","publisher":{"@id":"https:\/\/conexmetals.com\/pt-br\/#organization"},"potentialAction":[{"@type":"SearchAction","target":{"@type":"EntryPoint","urlTemplate":"https:\/\/conexmetals.com\/pt-br\/?s={search_term_string}"},"query-input":{"@type":"PropertyValueSpecification","valueRequired":true,"valueName":"search_term_string"}}],"inLanguage":"pt-BR"},{"@type":"Organization","@id":"https:\/\/conexmetals.com\/pt-br\/#organization","name":"Conex Metals Brass Fittings Brass Parts Copper Parts Brass Components Brass Plumbing Fittings India","url":"https:\/\/conexmetals.com\/pt-br\/","logo":{"@type":"ImageObject","inLanguage":"pt-BR","@id":"https:\/\/conexmetals.com\/pt-br\/#\/schema\/logo\/image\/","url":"https:\/\/conexmetals.com\/wp-content\/uploads\/2024\/03\/conex-metals-logo.webp","contentUrl":"https:\/\/conexmetals.com\/wp-content\/uploads\/2024\/03\/conex-metals-logo.webp","width":300,"height":121,"caption":"Conex Metals Brass Fittings Brass Parts Copper Parts Brass Components Brass Plumbing Fittings India"},"image":{"@id":"https:\/\/conexmetals.com\/pt-br\/#\/schema\/logo\/image\/"},"sameAs":["https:\/\/www.facebook.com\/conexbrass","https:\/\/x.com\/conexindia","https:\/\/www.linkedin.com\/company\/conex-metals-india\/","https:\/\/www.instagram.com\/conexindia\/"]}]}},"_links":{"self":[{"href":"https:\/\/conexmetals.com\/pt-br\/wp-json\/wp\/v2\/product\/12662","targetHints":{"allow":["GET"]}}],"collection":[{"href":"https:\/\/conexmetals.com\/pt-br\/wp-json\/wp\/v2\/product"}],"about":[{"href":"https:\/\/conexmetals.com\/pt-br\/wp-json\/wp\/v2\/types\/product"}],"wp:featuredmedia":[{"embeddable":true,"href":"https:\/\/conexmetals.com\/pt-br\/wp-json\/wp\/v2\/media\/12573"}],"wp:attachment":[{"href":"https:\/\/conexmetals.com\/pt-br\/wp-json\/wp\/v2\/media?parent=12662"}],"wp:term":[{"taxonomy":"product_brand","embeddable":true,"href":"https:\/\/conexmetals.com\/pt-br\/wp-json\/wp\/v2\/product_brand?post=12662"},{"taxonomy":"product_cat","embeddable":true,"href":"https:\/\/conexmetals.com\/pt-br\/wp-json\/wp\/v2\/product_cat?post=12662"},{"taxonomy":"product_tag","embeddable":true,"href":"https:\/\/conexmetals.com\/pt-br\/wp-json\/wp\/v2\/product_tag?post=12662"}],"curies":[{"name":"wp","href":"https:\/\/api.w.org\/{rel}","templated":true}]}}