{"id":12670,"date":"2023-08-18T10:37:14","date_gmt":"2023-08-18T05:07:14","guid":{"rendered":"https:\/\/conexmetals.com\/?post_type=product&#038;p=12670"},"modified":"2025-01-03T15:54:39","modified_gmt":"2025-01-03T10:24:39","slug":"bracadeiras-de-tubo-de-zinco","status":"publish","type":"product","link":"https:\/\/conexmetals.com\/pt-br\/produto\/bracadeiras-de-tubo-de-zinco\/","title":{"rendered":"Bra\u00e7adeiras de tubo de zinco"},"content":{"rendered":"","protected":false},"excerpt":{"rendered":"<div class=\"elementor-element elementor-element-672075d elementor-widget__width-initial e-transform elementor-widget-mobile__width-initial elementor-widget elementor-widget-woocommerce-product-images\" data-id=\"672075d\" data-element_type=\"widget\" data-settings=\"{&quot;_transform_scale_effect&quot;:{&quot;unit&quot;:&quot;px&quot;,&quot;size&quot;:1,&quot;sizes&quot;:[]},&quot;_transform_scale_effect_tablet&quot;:{&quot;unit&quot;:&quot;px&quot;,&quot;size&quot;:&quot;&quot;,&quot;sizes&quot;:[]},&quot;_transform_scale_effect_mobile&quot;:{&quot;unit&quot;:&quot;px&quot;,&quot;size&quot;:&quot;&quot;,&quot;sizes&quot;:[]}}\" data-widget_type=\"woocommerce-product-images.default\">\n<div class=\"elementor-widget-container\">\n<div class=\"woocommerce-product-gallery woocommerce-product-gallery--with-images woocommerce-product-gallery--columns-4 images\" data-columns=\"4\">\n<div class=\"woocommerce-product-gallery__wrapper\">\n<div class=\"woocommerce-product-gallery__image\" data-thumb=\"https:\/\/conexmetals.com\/wp-content\/uploads\/2023\/08\/Zinc-Pipe-Clamps-100x100.webp\" data-thumb-alt=\"Zinc Pipe Clamps\" data-thumb-srcset=\"https:\/\/conexmetals.com\/wp-content\/uploads\/2023\/08\/Zinc-Pipe-Clamps-100x100.webp 100w, https:\/\/conexmetals.com\/wp-content\/uploads\/2023\/08\/Zinc-Pipe-Clamps-300x300.webp 300w, https:\/\/conexmetals.com\/wp-content\/uploads\/2023\/08\/Zinc-Pipe-Clamps-150x150.webp 150w, https:\/\/conexmetals.com\/wp-content\/uploads\/2023\/08\/Zinc-Pipe-Clamps.webp 350w\"><\/div>\n<\/div>\n<\/div>\n<\/div>\n<\/div>\n<div class=\"elementor-element elementor-element-36d2ab8 elementor-widget elementor-widget-woocommerce-product-short-description\" data-id=\"36d2ab8\" data-element_type=\"widget\" data-widget_type=\"woocommerce-product-short-description.default\">\n<div class=\"elementor-widget-container\">\n<div class=\"woocommerce-product-details__short-description\">\n<p><img fetchpriority=\"high\" decoding=\"async\" class=\"alignnone size-full wp-image-12308 lazy loaded\" src=\"https:\/\/conexmetals.com\/wp-content\/uploads\/2023\/08\/Zinc-Pipe-Clamps-line-drawing.webp\" alt=\"Desenho de linha de bra\u00e7adeiras de tubo de zinco\" width=\"300\" height=\"267\" data-src=\"https:\/\/conexmetals.com\/wp-content\/uploads\/2023\/08\/Zinc-Pipe-Clamps-line-drawing.webp\" data-was-processed=\"true\" \/><\/p>\n<table id=\"tablepress-390\" class=\"tablepress tablepress-id-390\">\n<caption>\u00a0<\/caption>\n<thead>\n<tr class=\"row-1 odd\">\n<th class=\"column-1\" colspan=\"6\"><span>Dimens\u00f5es<\/span><\/th>\n<\/tr>\n<\/thead>\n<tbody class=\"row-hover\">\n<tr class=\"row-2 even\">\n<td class=\"column-1\"><span>Tamanho do com\u00e9rcio<\/span><\/td>\n<td class=\"column-2\"><span>Um (em)<\/span><\/td>\n<td class=\"column-3\"><span>B (em)<\/span><\/td>\n<td class=\"column-4\"><span>C(em)<\/span><\/td>\n<td class=\"column-5\"><span>D(em)<\/span><\/td>\n<td class=\"column-6\"><span>Faixa de fio<\/span><\/td>\n<\/tr>\n<tr class=\"row-3 odd\">\n<td class=\"column-1\"><span>1\/2&#8243;, 3\/4&#8243; a 1&#8243;<\/span><\/td>\n<td class=\"column-2\"><span>2.19<\/span><\/td>\n<td class=\"column-3\"><span>0,50<\/span><\/td>\n<td class=\"column-4\"><span>0,81<\/span><\/td>\n<td class=\"column-5\"><span>0,56<\/span><\/td>\n<td class=\"column-6\"><span>#8-#2<\/span><\/td>\n<\/tr>\n<\/tbody>\n<\/table>\n<p><span>Grampos de tubo de zinco s\u00e3o acess\u00f3rios especializados usados \u200b\u200bpara prender e dar suporte a tubos em v\u00e1rias aplica\u00e7\u00f5es, como encanamento, HVAC (aquecimento, ventila\u00e7\u00e3o e ar condicionado) e sistemas industriais. Esses grampos s\u00e3o projetados para segurar tubos no lugar e evitar movimento ou vibra\u00e7\u00e3o.<\/span><\/p>\n<p><span>Principais caracter\u00edsticas e usos das bra\u00e7adeiras de tubos de zinco incluem:<\/span><\/p>\n<ol>\n<li><span>Material: As bra\u00e7adeiras de zinco para tubos s\u00e3o normalmente feitas de a\u00e7o zincado, o que proporciona boa resist\u00eancia \u00e0 corros\u00e3o e durabilidade.<\/span><\/li>\n<li><span>Design: Eles v\u00eam em v\u00e1rios designs, como grampos divididos, grampos articulados, grampos almofadados ou grampos de alta resist\u00eancia, para se adequar a diferentes tamanhos de tubos e requisitos de instala\u00e7\u00e3o.<\/span><\/li>\n<li><span>Tamanho do tubo: As bra\u00e7adeiras de zinco para tubos est\u00e3o dispon\u00edveis em diferentes tamanhos para acomodar v\u00e1rios di\u00e2metros de tubos, desde pequenos tubos de encanamento at\u00e9 tubula\u00e7\u00f5es industriais maiores.<\/span><\/li>\n<li><span>Instala\u00e7\u00e3o: As bra\u00e7adeiras de zinco para tubos s\u00e3o f\u00e1ceis de instalar e fixar em estruturas de suporte, como paredes, tetos ou vigas, usando parafusos, porcas ou outros fixadores apropriados.<\/span><\/li>\n<li><span>Suporte de Tubos: A principal fun\u00e7\u00e3o das bra\u00e7adeiras de zinco para tubos \u00e9 dar suporte e segurar os tubos firmemente no lugar, evitando flacidez ou movimento devido ao peso dos tubos ou ao fluxo de fluidos dentro deles.<\/span><\/li>\n<li><span>Amortecimento de vibra\u00e7\u00e3o: em algumas aplica\u00e7\u00f5es, bra\u00e7adeiras de tubos de zinco almofadadas ou revestidas de borracha s\u00e3o usadas para amortecer vibra\u00e7\u00f5es e reduzir o ru\u00eddo causado pelo fluxo de fluidos ou m\u00e1quinas.<\/span><\/li>\n<li><span>Toler\u00e2ncia \u00e0 temperatura: as bra\u00e7adeiras de zinco para tubos s\u00e3o projetadas para suportar uma ampla faixa de temperaturas, o que as torna adequadas para aplica\u00e7\u00f5es internas e externas.<\/span><\/li>\n<li><span>Encanamento e HVAC: bra\u00e7adeiras de zinco para tubos s\u00e3o comumente usadas em sistemas de encanamento para tubos de abastecimento de \u00e1gua e drenagem, bem como em sistemas HVAC para dutos e linhas de refrigerante.<\/span><\/li>\n<\/ol>\n<p><span>Embora as bra\u00e7adeiras de tubo de zinco ofere\u00e7am boa resist\u00eancia \u00e0 corros\u00e3o, elas podem n\u00e3o ser adequadas para todos os ambientes. Em ambientes altamente corrosivos ou agressivos, a\u00e7o inoxid\u00e1vel ou outros materiais resistentes \u00e0 corros\u00e3o podem ser preferidos.<\/span><\/p>\n<\/div>\n<\/div>\n<\/div>\n","protected":false},"featured_media":12583,"template":"","meta":[],"product_brand":[],"product_cat":[381],"product_tag":[],"class_list":{"0":"post-12670","1":"product","2":"type-product","3":"status-publish","4":"has-post-thumbnail","6":"product_cat-acessorios-de-aterramento","8":"first","9":"instock","10":"shipping-taxable","11":"product-type-simple"},"yoast_head":"<!-- This site is optimized with the Yoast SEO plugin v27.3 - https:\/\/yoast.com\/product\/yoast-seo-wordpress\/ -->\n<title>Bra\u00e7adeiras de tubo de zinco<\/title>\n<meta name=\"description\" content=\"A Conex Metals \u00e9 especializada em Bra\u00e7adeiras de Tubo de Zinco, incluindo Bra\u00e7adeiras de Tubo Galvanizado e Bra\u00e7adeiras de Suporte de Tubo Industrial. Nossas solu\u00e7\u00f5es resistentes \u00e0 corros\u00e3o e galvanizadas por eletrogalvaniza\u00e7\u00e3o garantem desempenho de alta resist\u00eancia. Fabricante, exportador e fornecedor l\u00edder da \u00cdndia.\" \/>\n<meta name=\"robots\" content=\"index, follow, max-snippet:-1, max-image-preview:large, max-video-preview:-1\" \/>\n<link rel=\"canonical\" href=\"https:\/\/conexmetals.com\/pt-br\/produto\/bracadeiras-de-tubo-de-zinco\/\" \/>\n<script type=\"application\/ld+json\" class=\"yoast-schema-graph\">{\"@context\":\"https:\\\/\\\/schema.org\",\"@graph\":[{\"@type\":\"WebPage\",\"@id\":\"https:\\\/\\\/conexmetals.com\\\/pt-br\\\/produto\\\/bracadeiras-de-tubo-de-zinco\\\/\",\"url\":\"https:\\\/\\\/conexmetals.com\\\/pt-br\\\/produto\\\/bracadeiras-de-tubo-de-zinco\\\/\",\"name\":\"Bra\u00e7adeiras de tubo de zinco\",\"isPartOf\":{\"@id\":\"https:\\\/\\\/conexmetals.com\\\/pt-br\\\/#website\"},\"primaryImageOfPage\":{\"@id\":\"https:\\\/\\\/conexmetals.com\\\/pt-br\\\/produto\\\/bracadeiras-de-tubo-de-zinco\\\/#primaryimage\"},\"image\":{\"@id\":\"https:\\\/\\\/conexmetals.com\\\/pt-br\\\/produto\\\/bracadeiras-de-tubo-de-zinco\\\/#primaryimage\"},\"thumbnailUrl\":\"https:\\\/\\\/conexmetals.com\\\/wp-content\\\/uploads\\\/2025\\\/01\\\/Bracadeiras-de-tubo-de-zinco.webp\",\"datePublished\":\"2023-08-18T05:07:14+00:00\",\"dateModified\":\"2025-01-03T10:24:39+00:00\",\"description\":\"A Conex Metals \u00e9 especializada em Bra\u00e7adeiras de Tubo de Zinco, incluindo Bra\u00e7adeiras de Tubo Galvanizado e Bra\u00e7adeiras de Suporte de Tubo Industrial. Nossas solu\u00e7\u00f5es resistentes \u00e0 corros\u00e3o e galvanizadas por eletrogalvaniza\u00e7\u00e3o garantem desempenho de alta resist\u00eancia. Fabricante, exportador e fornecedor l\u00edder da \u00cdndia.\",\"breadcrumb\":{\"@id\":\"https:\\\/\\\/conexmetals.com\\\/pt-br\\\/produto\\\/bracadeiras-de-tubo-de-zinco\\\/#breadcrumb\"},\"inLanguage\":\"pt-BR\",\"potentialAction\":[{\"@type\":\"ReadAction\",\"target\":[\"https:\\\/\\\/conexmetals.com\\\/pt-br\\\/produto\\\/bracadeiras-de-tubo-de-zinco\\\/\"]}]},{\"@type\":\"ImageObject\",\"inLanguage\":\"pt-BR\",\"@id\":\"https:\\\/\\\/conexmetals.com\\\/pt-br\\\/produto\\\/bracadeiras-de-tubo-de-zinco\\\/#primaryimage\",\"url\":\"https:\\\/\\\/conexmetals.com\\\/wp-content\\\/uploads\\\/2025\\\/01\\\/Bracadeiras-de-tubo-de-zinco.webp\",\"contentUrl\":\"https:\\\/\\\/conexmetals.com\\\/wp-content\\\/uploads\\\/2025\\\/01\\\/Bracadeiras-de-tubo-de-zinco.webp\",\"width\":350,\"height\":350,\"caption\":\"Bra\u00e7adeiras de tubo de zinco\"},{\"@type\":\"BreadcrumbList\",\"@id\":\"https:\\\/\\\/conexmetals.com\\\/pt-br\\\/produto\\\/bracadeiras-de-tubo-de-zinco\\\/#breadcrumb\",\"itemListElement\":[{\"@type\":\"ListItem\",\"position\":1,\"name\":\"Home\",\"item\":\"https:\\\/\\\/conexmetals.com\\\/pt-br\\\/lar\\\/\"},{\"@type\":\"ListItem\",\"position\":2,\"name\":\"Products\",\"item\":\"https:\\\/\\\/conexmetals.com\\\/products\\\/\"},{\"@type\":\"ListItem\",\"position\":3,\"name\":\"Bra\u00e7adeiras de tubo de zinco\"}]},{\"@type\":\"WebSite\",\"@id\":\"https:\\\/\\\/conexmetals.com\\\/pt-br\\\/#website\",\"url\":\"https:\\\/\\\/conexmetals.com\\\/pt-br\\\/\",\"name\":\"Conex Metals Brass Fittings Brass Parts Copper Parts Brass Components Brass Plumbing Fittings India\",\"description\":\"Manufacturer of Bronze Fittings casting Copper Brass parts components\",\"publisher\":{\"@id\":\"https:\\\/\\\/conexmetals.com\\\/pt-br\\\/#organization\"},\"potentialAction\":[{\"@type\":\"SearchAction\",\"target\":{\"@type\":\"EntryPoint\",\"urlTemplate\":\"https:\\\/\\\/conexmetals.com\\\/pt-br\\\/?s={search_term_string}\"},\"query-input\":{\"@type\":\"PropertyValueSpecification\",\"valueRequired\":true,\"valueName\":\"search_term_string\"}}],\"inLanguage\":\"pt-BR\"},{\"@type\":\"Organization\",\"@id\":\"https:\\\/\\\/conexmetals.com\\\/pt-br\\\/#organization\",\"name\":\"Conex Metals Brass Fittings Brass Parts Copper Parts Brass Components Brass Plumbing Fittings India\",\"url\":\"https:\\\/\\\/conexmetals.com\\\/pt-br\\\/\",\"logo\":{\"@type\":\"ImageObject\",\"inLanguage\":\"pt-BR\",\"@id\":\"https:\\\/\\\/conexmetals.com\\\/pt-br\\\/#\\\/schema\\\/logo\\\/image\\\/\",\"url\":\"https:\\\/\\\/conexmetals.com\\\/wp-content\\\/uploads\\\/2024\\\/03\\\/conex-metals-logo.webp\",\"contentUrl\":\"https:\\\/\\\/conexmetals.com\\\/wp-content\\\/uploads\\\/2024\\\/03\\\/conex-metals-logo.webp\",\"width\":300,\"height\":121,\"caption\":\"Conex Metals Brass Fittings Brass Parts Copper Parts Brass Components Brass Plumbing Fittings India\"},\"image\":{\"@id\":\"https:\\\/\\\/conexmetals.com\\\/pt-br\\\/#\\\/schema\\\/logo\\\/image\\\/\"},\"sameAs\":[\"https:\\\/\\\/www.facebook.com\\\/conexbrass\",\"https:\\\/\\\/x.com\\\/conexindia\",\"https:\\\/\\\/www.linkedin.com\\\/company\\\/conex-metals-india\\\/\",\"https:\\\/\\\/www.instagram.com\\\/conexindia\\\/\"]}]}<\/script>\n<!-- \/ Yoast SEO plugin. -->","yoast_head_json":{"title":"Bra\u00e7adeiras de tubo de zinco","description":"A Conex Metals \u00e9 especializada em Bra\u00e7adeiras de Tubo de Zinco, incluindo Bra\u00e7adeiras de Tubo Galvanizado e Bra\u00e7adeiras de Suporte de Tubo Industrial. Nossas solu\u00e7\u00f5es resistentes \u00e0 corros\u00e3o e galvanizadas por eletrogalvaniza\u00e7\u00e3o garantem desempenho de alta resist\u00eancia. Fabricante, exportador e fornecedor l\u00edder da \u00cdndia.","robots":{"index":"index","follow":"follow","max-snippet":"max-snippet:-1","max-image-preview":"max-image-preview:large","max-video-preview":"max-video-preview:-1"},"canonical":"https:\/\/conexmetals.com\/pt-br\/produto\/bracadeiras-de-tubo-de-zinco\/","schema":{"@context":"https:\/\/schema.org","@graph":[{"@type":"WebPage","@id":"https:\/\/conexmetals.com\/pt-br\/produto\/bracadeiras-de-tubo-de-zinco\/","url":"https:\/\/conexmetals.com\/pt-br\/produto\/bracadeiras-de-tubo-de-zinco\/","name":"Bra\u00e7adeiras de tubo de zinco","isPartOf":{"@id":"https:\/\/conexmetals.com\/pt-br\/#website"},"primaryImageOfPage":{"@id":"https:\/\/conexmetals.com\/pt-br\/produto\/bracadeiras-de-tubo-de-zinco\/#primaryimage"},"image":{"@id":"https:\/\/conexmetals.com\/pt-br\/produto\/bracadeiras-de-tubo-de-zinco\/#primaryimage"},"thumbnailUrl":"https:\/\/conexmetals.com\/wp-content\/uploads\/2025\/01\/Bracadeiras-de-tubo-de-zinco.webp","datePublished":"2023-08-18T05:07:14+00:00","dateModified":"2025-01-03T10:24:39+00:00","description":"A Conex Metals \u00e9 especializada em Bra\u00e7adeiras de Tubo de Zinco, incluindo Bra\u00e7adeiras de Tubo Galvanizado e Bra\u00e7adeiras de Suporte de Tubo Industrial. Nossas solu\u00e7\u00f5es resistentes \u00e0 corros\u00e3o e galvanizadas por eletrogalvaniza\u00e7\u00e3o garantem desempenho de alta resist\u00eancia. Fabricante, exportador e fornecedor l\u00edder da \u00cdndia.","breadcrumb":{"@id":"https:\/\/conexmetals.com\/pt-br\/produto\/bracadeiras-de-tubo-de-zinco\/#breadcrumb"},"inLanguage":"pt-BR","potentialAction":[{"@type":"ReadAction","target":["https:\/\/conexmetals.com\/pt-br\/produto\/bracadeiras-de-tubo-de-zinco\/"]}]},{"@type":"ImageObject","inLanguage":"pt-BR","@id":"https:\/\/conexmetals.com\/pt-br\/produto\/bracadeiras-de-tubo-de-zinco\/#primaryimage","url":"https:\/\/conexmetals.com\/wp-content\/uploads\/2025\/01\/Bracadeiras-de-tubo-de-zinco.webp","contentUrl":"https:\/\/conexmetals.com\/wp-content\/uploads\/2025\/01\/Bracadeiras-de-tubo-de-zinco.webp","width":350,"height":350,"caption":"Bra\u00e7adeiras de tubo de zinco"},{"@type":"BreadcrumbList","@id":"https:\/\/conexmetals.com\/pt-br\/produto\/bracadeiras-de-tubo-de-zinco\/#breadcrumb","itemListElement":[{"@type":"ListItem","position":1,"name":"Home","item":"https:\/\/conexmetals.com\/pt-br\/lar\/"},{"@type":"ListItem","position":2,"name":"Products","item":"https:\/\/conexmetals.com\/products\/"},{"@type":"ListItem","position":3,"name":"Bra\u00e7adeiras de tubo de zinco"}]},{"@type":"WebSite","@id":"https:\/\/conexmetals.com\/pt-br\/#website","url":"https:\/\/conexmetals.com\/pt-br\/","name":"Conex Metals Brass Fittings Brass Parts Copper Parts Brass Components Brass Plumbing Fittings India","description":"Manufacturer of Bronze Fittings casting Copper Brass parts components","publisher":{"@id":"https:\/\/conexmetals.com\/pt-br\/#organization"},"potentialAction":[{"@type":"SearchAction","target":{"@type":"EntryPoint","urlTemplate":"https:\/\/conexmetals.com\/pt-br\/?s={search_term_string}"},"query-input":{"@type":"PropertyValueSpecification","valueRequired":true,"valueName":"search_term_string"}}],"inLanguage":"pt-BR"},{"@type":"Organization","@id":"https:\/\/conexmetals.com\/pt-br\/#organization","name":"Conex Metals Brass Fittings Brass Parts Copper Parts Brass Components Brass Plumbing Fittings India","url":"https:\/\/conexmetals.com\/pt-br\/","logo":{"@type":"ImageObject","inLanguage":"pt-BR","@id":"https:\/\/conexmetals.com\/pt-br\/#\/schema\/logo\/image\/","url":"https:\/\/conexmetals.com\/wp-content\/uploads\/2024\/03\/conex-metals-logo.webp","contentUrl":"https:\/\/conexmetals.com\/wp-content\/uploads\/2024\/03\/conex-metals-logo.webp","width":300,"height":121,"caption":"Conex Metals Brass Fittings Brass Parts Copper Parts Brass Components Brass Plumbing Fittings India"},"image":{"@id":"https:\/\/conexmetals.com\/pt-br\/#\/schema\/logo\/image\/"},"sameAs":["https:\/\/www.facebook.com\/conexbrass","https:\/\/x.com\/conexindia","https:\/\/www.linkedin.com\/company\/conex-metals-india\/","https:\/\/www.instagram.com\/conexindia\/"]}]}},"_links":{"self":[{"href":"https:\/\/conexmetals.com\/pt-br\/wp-json\/wp\/v2\/product\/12670","targetHints":{"allow":["GET"]}}],"collection":[{"href":"https:\/\/conexmetals.com\/pt-br\/wp-json\/wp\/v2\/product"}],"about":[{"href":"https:\/\/conexmetals.com\/pt-br\/wp-json\/wp\/v2\/types\/product"}],"wp:featuredmedia":[{"embeddable":true,"href":"https:\/\/conexmetals.com\/pt-br\/wp-json\/wp\/v2\/media\/12583"}],"wp:attachment":[{"href":"https:\/\/conexmetals.com\/pt-br\/wp-json\/wp\/v2\/media?parent=12670"}],"wp:term":[{"taxonomy":"product_brand","embeddable":true,"href":"https:\/\/conexmetals.com\/pt-br\/wp-json\/wp\/v2\/product_brand?post=12670"},{"taxonomy":"product_cat","embeddable":true,"href":"https:\/\/conexmetals.com\/pt-br\/wp-json\/wp\/v2\/product_cat?post=12670"},{"taxonomy":"product_tag","embeddable":true,"href":"https:\/\/conexmetals.com\/pt-br\/wp-json\/wp\/v2\/product_tag?post=12670"}],"curies":[{"name":"wp","href":"https:\/\/api.w.org\/{rel}","templated":true}]}}