{"id":12739,"date":"2023-08-18T10:31:07","date_gmt":"2023-08-18T05:01:07","guid":{"rendered":"https:\/\/conexmetals.com\/?post_type=product&#038;p=12739"},"modified":"2025-01-04T14:43:19","modified_gmt":"2025-01-04T09:13:19","slug":"hastes-de-ar-conicas-de-cobre","status":"publish","type":"product","link":"https:\/\/conexmetals.com\/pt-br\/produto\/hastes-de-ar-conicas-de-cobre\/","title":{"rendered":"Hastes de ar c\u00f4nicas de cobre"},"content":{"rendered":"","protected":false},"excerpt":{"rendered":"<table id=\"tablepress-333\" class=\"tablepress tablepress-id-333\">\n<caption>\u00a0<\/caption>\n<thead>\n<tr class=\"row-1 odd\">\n<th class=\"column-1\" colspan=\"4\"><strong><span>Hastes de ar de cobre<\/span><\/strong><\/th>\n<\/tr>\n<\/thead>\n<tbody class=\"row-hover\">\n<tr class=\"row-2 even\">\n<td class=\"column-1\"><strong><span>Comprimento da haste (mm)<\/span><\/strong><\/td>\n<td class=\"column-2\"><strong><span>Di\u00e2metro da haste (mm)<\/span><\/strong><\/td>\n<td class=\"column-3\"><strong><span>Di\u00e2metro da rosca em polegadas<\/span><\/strong><\/td>\n<td class=\"column-4\"><strong><span>Material<\/span><\/strong><\/td>\n<\/tr>\n<tr class=\"row-3 odd\">\n<td class=\"column-1\"><span>300<\/span><\/td>\n<td class=\"column-2\"><span>14.2<\/span><\/td>\n<td class=\"column-3\"><span>5\/8\u2033<\/span><\/td>\n<td class=\"column-4\"><span>Cobre<\/span><\/td>\n<\/tr>\n<tr class=\"row-4 even\">\n<td class=\"column-1\"><span>500<\/span><\/td>\n<td class=\"column-2\"><span>14.2<\/span><\/td>\n<td class=\"column-3\"><span>5\/8\u2033<\/span><\/td>\n<td class=\"column-4\"><span>Cobre<\/span><\/td>\n<\/tr>\n<tr class=\"row-5 odd\">\n<td class=\"column-1\"><span>600<\/span><\/td>\n<td class=\"column-2\"><span>14.2<\/span><\/td>\n<td class=\"column-3\"><span>5\/8\u2033<\/span><\/td>\n<td class=\"column-4\"><span>Cobre<\/span><\/td>\n<\/tr>\n<tr class=\"row-6 even\">\n<td class=\"column-1\"><span>900<\/span><\/td>\n<td class=\"column-2\"><span>14.2<\/span><\/td>\n<td class=\"column-3\"><span>5\/8\u2033<\/span><\/td>\n<td class=\"column-4\"><span>Cobre<\/span><\/td>\n<\/tr>\n<tr class=\"row-7 odd\">\n<td class=\"column-1\"><span>1000<\/span><\/td>\n<td class=\"column-2\"><span>14.2<\/span><\/td>\n<td class=\"column-3\"><span>5\/8\u2033<\/span><\/td>\n<td class=\"column-4\"><span>Cobre<\/span><\/td>\n<\/tr>\n<tr class=\"row-8 even\">\n<td class=\"column-1\"><span>1200<\/span><\/td>\n<td class=\"column-2\"><span>14.2<\/span><\/td>\n<td class=\"column-3\"><span>5\/8\u2033<\/span><\/td>\n<td class=\"column-4\"><span>Cobre<\/span><\/td>\n<\/tr>\n<tr class=\"row-9 odd\">\n<td class=\"column-1\"><span>1300<\/span><\/td>\n<td class=\"column-2\"><span>14.2<\/span><\/td>\n<td class=\"column-3\"><span>5\/8\u2033<\/span><\/td>\n<td class=\"column-4\"><span>Cobre<\/span><\/td>\n<\/tr>\n<tr class=\"row-10 even\">\n<td class=\"column-1\"><span>1500<\/span><\/td>\n<td class=\"column-2\"><span>14.2<\/span><\/td>\n<td class=\"column-3\"><span>5\/8\u2033<\/span><\/td>\n<td class=\"column-4\"><span>Cobre<\/span><\/td>\n<\/tr>\n<tr class=\"row-11 odd\">\n<td class=\"column-1\"><span>2000<\/span><\/td>\n<td class=\"column-2\"><span>14.2<\/span><\/td>\n<td class=\"column-3\"><span>5\/8\u2033<\/span><\/td>\n<td class=\"column-4\"><span>Cobre<\/span><\/td>\n<\/tr>\n<tr class=\"row-12 even\">\n<td class=\"column-1\"><span>2200<\/span><\/td>\n<td class=\"column-2\"><span>14.2<\/span><\/td>\n<td class=\"column-3\"><span>5\/8\u2033<\/span><\/td>\n<td class=\"column-4\"><span>Cobre<\/span><\/td>\n<\/tr>\n<tr class=\"row-13 odd\">\n<td class=\"column-1\"><span>3000<\/span><\/td>\n<td class=\"column-2\"><span>14.2<\/span><\/td>\n<td class=\"column-3\"><span>5\/8\u2033<\/span><\/td>\n<td class=\"column-4\"><span>Cobre<\/span><\/td>\n<\/tr>\n<tr class=\"row-14 even\">\n<td class=\"column-1\"><span>500<\/span><\/td>\n<td class=\"column-2\"><span>17.2<\/span><\/td>\n<td class=\"column-3\"><span>3\/4\u2033<\/span><\/td>\n<td class=\"column-4\"><span>Cobre<\/span><\/td>\n<\/tr>\n<tr class=\"row-15 odd\">\n<td class=\"column-1\"><span>1000<\/span><\/td>\n<td class=\"column-2\"><span>17.2<\/span><\/td>\n<td class=\"column-3\"><span>3\/4\u2033<\/span><\/td>\n<td class=\"column-4\"><span>Cobre<\/span><\/td>\n<\/tr>\n<tr class=\"row-16 even\">\n<td class=\"column-1\"><span>2000<\/span><\/td>\n<td class=\"column-2\"><span>17.2<\/span><\/td>\n<td class=\"column-3\"><span>3\/4\u2033<\/span><\/td>\n<td class=\"column-4\"><span>Cobre<\/span><\/td>\n<\/tr>\n<tr class=\"row-17 odd\">\n<td class=\"column-1\"><span>300<\/span><\/td>\n<td class=\"column-2\"><span>14.2<\/span><\/td>\n<td class=\"column-3\"><span>5\/8\u2033<\/span><\/td>\n<td class=\"column-4\"><span>Alum\u00ednio<\/span><\/td>\n<\/tr>\n<tr class=\"row-18 even\">\n<td class=\"column-1\"><span>500<\/span><\/td>\n<td class=\"column-2\"><span>14.2<\/span><\/td>\n<td class=\"column-3\"><span>5\/8\u2033<\/span><\/td>\n<td class=\"column-4\"><span>Alum\u00ednio<\/span><\/td>\n<\/tr>\n<tr class=\"row-19 odd\">\n<td class=\"column-1\"><span>1000<\/span><\/td>\n<td class=\"column-2\"><span>14.2<\/span><\/td>\n<td class=\"column-3\"><span>5\/8\u2033<\/span><\/td>\n<td class=\"column-4\"><span>Alum\u00ednio<\/span><\/td>\n<\/tr>\n<tr class=\"row-20 even\">\n<td class=\"column-1\"><span>1500<\/span><\/td>\n<td class=\"column-2\"><span>14.2<\/span><\/td>\n<td class=\"column-3\"><span>5\/8\u2033<\/span><\/td>\n<td class=\"column-4\"><span>Alum\u00ednio<\/span><\/td>\n<\/tr>\n<tr class=\"row-21 odd\">\n<td class=\"column-1\"><span>2000<\/span><\/td>\n<td class=\"column-2\"><span>14.2<\/span><\/td>\n<td class=\"column-3\"><span>5\/8\u2033<\/span><\/td>\n<td class=\"column-4\"><span>Alum\u00ednio<\/span><\/td>\n<\/tr>\n<tr class=\"row-22 even\">\n<td class=\"column-1\"><span>500<\/span><\/td>\n<td class=\"column-2\"><span>17.2<\/span><\/td>\n<td class=\"column-3\"><span>3\/4\u2033<\/span><\/td>\n<td class=\"column-4\"><span>Alum\u00ednio<\/span><\/td>\n<\/tr>\n<tr class=\"row-23 odd\">\n<td class=\"column-1\"><span>1000<\/span><\/td>\n<td class=\"column-2\"><span>17.2<\/span><\/td>\n<td class=\"column-3\"><span>3\/4\u2033<\/span><\/td>\n<td class=\"column-4\"><span>Alum\u00ednio<\/span><\/td>\n<\/tr>\n<tr class=\"row-24 even\">\n<td class=\"column-1\"><span>2000<\/span><\/td>\n<td class=\"column-2\"><span>17.2<\/span><\/td>\n<td class=\"column-3\"><span>3\/4\u2033<\/span><\/td>\n<td class=\"column-4\"><span>Alum\u00ednio<\/span><\/td>\n<\/tr>\n<\/tbody>\n<\/table>\n<p><span>As hastes de ar c\u00f4nicas de cobre, tamb\u00e9m conhecidas como hastes de ar de cobre pontiagudas ou hastes de p\u00e1ra-raios de cobre, s\u00e3o dispositivos especializados oferecidos pela Conex Metals, um fabricante, exportador e fornecedor confi\u00e1vel da \u00cdndia. Esses sistemas de termina\u00e7\u00e3o de ar s\u00e3o usados \u200b\u200bem sistemas de prote\u00e7\u00e3o contra raios para proteger edif\u00edcios e estruturas dos efeitos danosos de raios. Essas hastes, parte da ampla gama de acess\u00f3rios de prote\u00e7\u00e3o contra raios da Conex Metals, s\u00e3o instaladas nos pontos mais altos da estrutura, fornecendo um caminho preferencial para a corrente do raio se dissipar com seguran\u00e7a no solo.<\/span><\/p>\n<p><span>Principais caracter\u00edsticas e fun\u00e7\u00f5es das hastes de ar c\u00f4nicas de cobre da Conex Metals incluem:<\/span><\/p>\n<p><strong><span>Design:<\/span><\/strong><span>\u00a0As hastes de ar c\u00f4nicas de cobre t\u00eam um formato pontiagudo e c\u00f4nico em uma extremidade, o que ajuda a facilitar a descarga ascendente de um raio em dire\u00e7\u00e3o \u00e0 haste. Este design faz parte da estrat\u00e9gia de prote\u00e7\u00e3o contra raios do terminal a\u00e9reo, garantindo a intercepta\u00e7\u00e3o eficaz de raios.<\/span><\/p>\n<p><strong><span>Material:<\/span><\/strong><span>\u00a0A Conex Metals usa cobre de alta qualidade para a constru\u00e7\u00e3o de air rods devido \u00e0 sua excelente condutividade el\u00e9trica e resist\u00eancia \u00e0 corros\u00e3o. Esses terminais de ar de cobre s\u00e3o constru\u00eddos para durar e fornecer desempenho confi\u00e1vel em qualquer condi\u00e7\u00e3o clim\u00e1tica.<\/span><\/p>\n<p><strong><span>Instala\u00e7\u00e3o:<\/span><\/strong><span>\u00a0As hastes de ar c\u00f4nicas de cobre fornecidas pela Conex Metals s\u00e3o montadas nas partes mais altas de edif\u00edcios ou estruturas para aumentar sua exposi\u00e7\u00e3o a potenciais raios. Elas s\u00e3o fixadas com seguran\u00e7a usando suportes de montagem ou outro hardware apropriado, como suportes de trip\u00e9 para hastes de ar e terminais de ar montados em mola.<\/span><\/p>\n<p><strong><span>Caminho preferido para raios:<\/span><\/strong><span>\u00a0quando um raio atinge um edif\u00edcio ou estrutura protegida por hastes de ar c\u00f4nicas de cobre da Conex Metals, as hastes agem como caminhos preferidos para a corrente do raio. O raio \u00e9 interceptado pelas hastes e conduzido com seguran\u00e7a em dire\u00e7\u00e3o ao solo, reduzindo o risco de danos \u00e0 estrutura e seus ocupantes.<\/span><\/p>\n<p><strong><span>Condutores de Descida:<\/span><\/strong><span>\u00a0As hastes de ar c\u00f4nicas de cobre da Conex Metals s\u00e3o normalmente conectadas a condutores de descida, que s\u00e3o condutores verticais que transportam a corrente de raios das hastes de ar para o sistema de aterramento. Este sistema inclui terminais de ar de classe I e II, garantindo que todos os padr\u00f5es de seguran\u00e7a sejam atendidos.<\/span><\/p>\n<p><strong><span>Sistema de Aterramento:<\/span><\/strong><span>\u00a0Os condutores descendentes conduzem a corrente do raio para um sistema de aterramento, que consiste em eletrodos de aterramento enterrados no solo. O sistema de aterramento dispersa a corrente do raio com seguran\u00e7a para a Terra, completando a configura\u00e7\u00e3o efetiva de prote\u00e7\u00e3o contra raios do terminal a\u00e9reo.<\/span><\/p>\n<p><span>Os sistemas de prote\u00e7\u00e3o contra raios, incluindo hastes de ar c\u00f4nicas de cobre da Conex Metals, s\u00e3o essenciais para proteger edif\u00edcios, estruturas e seus habitantes das for\u00e7as destrutivas dos raios. Esses sistemas s\u00e3o projetados para dissipar a imensa energia el\u00e9trica dos raios, minimizando o risco de inc\u00eandio, danos estruturais e danos ao equipamento el\u00e9trico.<\/span><\/p>\n<p><span>A Conex Metals tamb\u00e9m \u00e9 especializada na fabrica\u00e7\u00e3o de terminais de ar ESE e terminais de ar de torre revestidos de cobre. Nossas hastes de ar de ponta de seguran\u00e7a e outros produtos atendem aos mais altos padr\u00f5es de seguran\u00e7a, o que nos torna uma escolha l\u00edder para solu\u00e7\u00f5es de prote\u00e7\u00e3o contra raios de terminais de ar na \u00cdndia e em todo o mundo.<\/span><\/p>\n","protected":false},"featured_media":10185,"template":"","meta":[],"product_brand":[],"product_cat":[381],"product_tag":[],"class_list":{"0":"post-12739","1":"product","2":"type-product","3":"status-publish","4":"has-post-thumbnail","6":"product_cat-acessorios-de-aterramento","8":"first","9":"instock","10":"shipping-taxable","11":"product-type-simple"},"yoast_head":"<!-- This site is optimized with the Yoast SEO plugin v27.3 - https:\/\/yoast.com\/product\/yoast-seo-wordpress\/ -->\n<title>Hastes de ar c\u00f4nicas de cobre<\/title>\n<meta name=\"description\" content=\"Conex Metals \u00e9 especializada em Hastes de ar c\u00f4nicas de cobre, Para-raios de cobre e Sistemas de Termina\u00e7\u00e3o A\u00e9rea. Nossos produtos, incluindo Prote\u00e7\u00e3o contra Raios do Terminal A\u00e9reo e Terminais A\u00e9reos ESE, atendem aos mais altos padr\u00f5es de seguran\u00e7a. Fabricante, exportador e fornecedor confi\u00e1vel da \u00cdndia.\" \/>\n<meta name=\"robots\" content=\"index, follow, max-snippet:-1, max-image-preview:large, max-video-preview:-1\" \/>\n<link rel=\"canonical\" href=\"https:\/\/conexmetals.com\/pt-br\/produto\/hastes-de-ar-conicas-de-cobre\/\" \/>\n<script type=\"application\/ld+json\" class=\"yoast-schema-graph\">{\"@context\":\"https:\\\/\\\/schema.org\",\"@graph\":[{\"@type\":\"WebPage\",\"@id\":\"https:\\\/\\\/conexmetals.com\\\/pt-br\\\/produto\\\/hastes-de-ar-conicas-de-cobre\\\/\",\"url\":\"https:\\\/\\\/conexmetals.com\\\/pt-br\\\/produto\\\/hastes-de-ar-conicas-de-cobre\\\/\",\"name\":\"Hastes de ar c\u00f4nicas de cobre\",\"isPartOf\":{\"@id\":\"https:\\\/\\\/conexmetals.com\\\/pt-br\\\/#website\"},\"primaryImageOfPage\":{\"@id\":\"https:\\\/\\\/conexmetals.com\\\/pt-br\\\/produto\\\/hastes-de-ar-conicas-de-cobre\\\/#primaryimage\"},\"image\":{\"@id\":\"https:\\\/\\\/conexmetals.com\\\/pt-br\\\/produto\\\/hastes-de-ar-conicas-de-cobre\\\/#primaryimage\"},\"thumbnailUrl\":\"https:\\\/\\\/conexmetals.com\\\/wp-content\\\/uploads\\\/2025\\\/01\\\/Hastes-de-ar-conicas-de-cobre.webp\",\"datePublished\":\"2023-08-18T05:01:07+00:00\",\"dateModified\":\"2025-01-04T09:13:19+00:00\",\"description\":\"Conex Metals \u00e9 especializada em Hastes de ar c\u00f4nicas de cobre, Para-raios de cobre e Sistemas de Termina\u00e7\u00e3o A\u00e9rea. Nossos produtos, incluindo Prote\u00e7\u00e3o contra Raios do Terminal A\u00e9reo e Terminais A\u00e9reos ESE, atendem aos mais altos padr\u00f5es de seguran\u00e7a. Fabricante, exportador e fornecedor confi\u00e1vel da \u00cdndia.\",\"breadcrumb\":{\"@id\":\"https:\\\/\\\/conexmetals.com\\\/pt-br\\\/produto\\\/hastes-de-ar-conicas-de-cobre\\\/#breadcrumb\"},\"inLanguage\":\"pt-BR\",\"potentialAction\":[{\"@type\":\"ReadAction\",\"target\":[\"https:\\\/\\\/conexmetals.com\\\/pt-br\\\/produto\\\/hastes-de-ar-conicas-de-cobre\\\/\"]}]},{\"@type\":\"ImageObject\",\"inLanguage\":\"pt-BR\",\"@id\":\"https:\\\/\\\/conexmetals.com\\\/pt-br\\\/produto\\\/hastes-de-ar-conicas-de-cobre\\\/#primaryimage\",\"url\":\"https:\\\/\\\/conexmetals.com\\\/wp-content\\\/uploads\\\/2025\\\/01\\\/Hastes-de-ar-conicas-de-cobre.webp\",\"contentUrl\":\"https:\\\/\\\/conexmetals.com\\\/wp-content\\\/uploads\\\/2025\\\/01\\\/Hastes-de-ar-conicas-de-cobre.webp\",\"width\":350,\"height\":350,\"caption\":\"Hastes de ar c\u00f4nicas de cobre\"},{\"@type\":\"BreadcrumbList\",\"@id\":\"https:\\\/\\\/conexmetals.com\\\/pt-br\\\/produto\\\/hastes-de-ar-conicas-de-cobre\\\/#breadcrumb\",\"itemListElement\":[{\"@type\":\"ListItem\",\"position\":1,\"name\":\"Home\",\"item\":\"https:\\\/\\\/conexmetals.com\\\/pt-br\\\/lar\\\/\"},{\"@type\":\"ListItem\",\"position\":2,\"name\":\"Products\",\"item\":\"https:\\\/\\\/conexmetals.com\\\/products\\\/\"},{\"@type\":\"ListItem\",\"position\":3,\"name\":\"Hastes de ar c\u00f4nicas de cobre\"}]},{\"@type\":\"WebSite\",\"@id\":\"https:\\\/\\\/conexmetals.com\\\/pt-br\\\/#website\",\"url\":\"https:\\\/\\\/conexmetals.com\\\/pt-br\\\/\",\"name\":\"Conex Metals Brass Fittings Brass Parts Copper Parts Brass Components Brass Plumbing Fittings India\",\"description\":\"Manufacturer of Bronze Fittings casting Copper Brass parts components\",\"publisher\":{\"@id\":\"https:\\\/\\\/conexmetals.com\\\/pt-br\\\/#organization\"},\"potentialAction\":[{\"@type\":\"SearchAction\",\"target\":{\"@type\":\"EntryPoint\",\"urlTemplate\":\"https:\\\/\\\/conexmetals.com\\\/pt-br\\\/?s={search_term_string}\"},\"query-input\":{\"@type\":\"PropertyValueSpecification\",\"valueRequired\":true,\"valueName\":\"search_term_string\"}}],\"inLanguage\":\"pt-BR\"},{\"@type\":\"Organization\",\"@id\":\"https:\\\/\\\/conexmetals.com\\\/pt-br\\\/#organization\",\"name\":\"Conex Metals Brass Fittings Brass Parts Copper Parts Brass Components Brass Plumbing Fittings India\",\"url\":\"https:\\\/\\\/conexmetals.com\\\/pt-br\\\/\",\"logo\":{\"@type\":\"ImageObject\",\"inLanguage\":\"pt-BR\",\"@id\":\"https:\\\/\\\/conexmetals.com\\\/pt-br\\\/#\\\/schema\\\/logo\\\/image\\\/\",\"url\":\"https:\\\/\\\/conexmetals.com\\\/wp-content\\\/uploads\\\/2024\\\/03\\\/conex-metals-logo.webp\",\"contentUrl\":\"https:\\\/\\\/conexmetals.com\\\/wp-content\\\/uploads\\\/2024\\\/03\\\/conex-metals-logo.webp\",\"width\":300,\"height\":121,\"caption\":\"Conex Metals Brass Fittings Brass Parts Copper Parts Brass Components Brass Plumbing Fittings India\"},\"image\":{\"@id\":\"https:\\\/\\\/conexmetals.com\\\/pt-br\\\/#\\\/schema\\\/logo\\\/image\\\/\"},\"sameAs\":[\"https:\\\/\\\/www.facebook.com\\\/conexbrass\",\"https:\\\/\\\/x.com\\\/conexindia\",\"https:\\\/\\\/www.linkedin.com\\\/company\\\/conex-metals-india\\\/\",\"https:\\\/\\\/www.instagram.com\\\/conexindia\\\/\"]}]}<\/script>\n<!-- \/ Yoast SEO plugin. -->","yoast_head_json":{"title":"Hastes de ar c\u00f4nicas de cobre","description":"Conex Metals \u00e9 especializada em Hastes de ar c\u00f4nicas de cobre, Para-raios de cobre e Sistemas de Termina\u00e7\u00e3o A\u00e9rea. Nossos produtos, incluindo Prote\u00e7\u00e3o contra Raios do Terminal A\u00e9reo e Terminais A\u00e9reos ESE, atendem aos mais altos padr\u00f5es de seguran\u00e7a. Fabricante, exportador e fornecedor confi\u00e1vel da \u00cdndia.","robots":{"index":"index","follow":"follow","max-snippet":"max-snippet:-1","max-image-preview":"max-image-preview:large","max-video-preview":"max-video-preview:-1"},"canonical":"https:\/\/conexmetals.com\/pt-br\/produto\/hastes-de-ar-conicas-de-cobre\/","schema":{"@context":"https:\/\/schema.org","@graph":[{"@type":"WebPage","@id":"https:\/\/conexmetals.com\/pt-br\/produto\/hastes-de-ar-conicas-de-cobre\/","url":"https:\/\/conexmetals.com\/pt-br\/produto\/hastes-de-ar-conicas-de-cobre\/","name":"Hastes de ar c\u00f4nicas de cobre","isPartOf":{"@id":"https:\/\/conexmetals.com\/pt-br\/#website"},"primaryImageOfPage":{"@id":"https:\/\/conexmetals.com\/pt-br\/produto\/hastes-de-ar-conicas-de-cobre\/#primaryimage"},"image":{"@id":"https:\/\/conexmetals.com\/pt-br\/produto\/hastes-de-ar-conicas-de-cobre\/#primaryimage"},"thumbnailUrl":"https:\/\/conexmetals.com\/wp-content\/uploads\/2025\/01\/Hastes-de-ar-conicas-de-cobre.webp","datePublished":"2023-08-18T05:01:07+00:00","dateModified":"2025-01-04T09:13:19+00:00","description":"Conex Metals \u00e9 especializada em Hastes de ar c\u00f4nicas de cobre, Para-raios de cobre e Sistemas de Termina\u00e7\u00e3o A\u00e9rea. Nossos produtos, incluindo Prote\u00e7\u00e3o contra Raios do Terminal A\u00e9reo e Terminais A\u00e9reos ESE, atendem aos mais altos padr\u00f5es de seguran\u00e7a. Fabricante, exportador e fornecedor confi\u00e1vel da \u00cdndia.","breadcrumb":{"@id":"https:\/\/conexmetals.com\/pt-br\/produto\/hastes-de-ar-conicas-de-cobre\/#breadcrumb"},"inLanguage":"pt-BR","potentialAction":[{"@type":"ReadAction","target":["https:\/\/conexmetals.com\/pt-br\/produto\/hastes-de-ar-conicas-de-cobre\/"]}]},{"@type":"ImageObject","inLanguage":"pt-BR","@id":"https:\/\/conexmetals.com\/pt-br\/produto\/hastes-de-ar-conicas-de-cobre\/#primaryimage","url":"https:\/\/conexmetals.com\/wp-content\/uploads\/2025\/01\/Hastes-de-ar-conicas-de-cobre.webp","contentUrl":"https:\/\/conexmetals.com\/wp-content\/uploads\/2025\/01\/Hastes-de-ar-conicas-de-cobre.webp","width":350,"height":350,"caption":"Hastes de ar c\u00f4nicas de cobre"},{"@type":"BreadcrumbList","@id":"https:\/\/conexmetals.com\/pt-br\/produto\/hastes-de-ar-conicas-de-cobre\/#breadcrumb","itemListElement":[{"@type":"ListItem","position":1,"name":"Home","item":"https:\/\/conexmetals.com\/pt-br\/lar\/"},{"@type":"ListItem","position":2,"name":"Products","item":"https:\/\/conexmetals.com\/products\/"},{"@type":"ListItem","position":3,"name":"Hastes de ar c\u00f4nicas de cobre"}]},{"@type":"WebSite","@id":"https:\/\/conexmetals.com\/pt-br\/#website","url":"https:\/\/conexmetals.com\/pt-br\/","name":"Conex Metals Brass Fittings Brass Parts Copper Parts Brass Components Brass Plumbing Fittings India","description":"Manufacturer of Bronze Fittings casting Copper Brass parts components","publisher":{"@id":"https:\/\/conexmetals.com\/pt-br\/#organization"},"potentialAction":[{"@type":"SearchAction","target":{"@type":"EntryPoint","urlTemplate":"https:\/\/conexmetals.com\/pt-br\/?s={search_term_string}"},"query-input":{"@type":"PropertyValueSpecification","valueRequired":true,"valueName":"search_term_string"}}],"inLanguage":"pt-BR"},{"@type":"Organization","@id":"https:\/\/conexmetals.com\/pt-br\/#organization","name":"Conex Metals Brass Fittings Brass Parts Copper Parts Brass Components Brass Plumbing Fittings India","url":"https:\/\/conexmetals.com\/pt-br\/","logo":{"@type":"ImageObject","inLanguage":"pt-BR","@id":"https:\/\/conexmetals.com\/pt-br\/#\/schema\/logo\/image\/","url":"https:\/\/conexmetals.com\/wp-content\/uploads\/2024\/03\/conex-metals-logo.webp","contentUrl":"https:\/\/conexmetals.com\/wp-content\/uploads\/2024\/03\/conex-metals-logo.webp","width":300,"height":121,"caption":"Conex Metals Brass Fittings Brass Parts Copper Parts Brass Components Brass Plumbing Fittings India"},"image":{"@id":"https:\/\/conexmetals.com\/pt-br\/#\/schema\/logo\/image\/"},"sameAs":["https:\/\/www.facebook.com\/conexbrass","https:\/\/x.com\/conexindia","https:\/\/www.linkedin.com\/company\/conex-metals-india\/","https:\/\/www.instagram.com\/conexindia\/"]}]}},"_links":{"self":[{"href":"https:\/\/conexmetals.com\/pt-br\/wp-json\/wp\/v2\/product\/12739","targetHints":{"allow":["GET"]}}],"collection":[{"href":"https:\/\/conexmetals.com\/pt-br\/wp-json\/wp\/v2\/product"}],"about":[{"href":"https:\/\/conexmetals.com\/pt-br\/wp-json\/wp\/v2\/types\/product"}],"wp:featuredmedia":[{"embeddable":true,"href":"https:\/\/conexmetals.com\/pt-br\/wp-json\/wp\/v2\/media\/10185"}],"wp:attachment":[{"href":"https:\/\/conexmetals.com\/pt-br\/wp-json\/wp\/v2\/media?parent=12739"}],"wp:term":[{"taxonomy":"product_brand","embeddable":true,"href":"https:\/\/conexmetals.com\/pt-br\/wp-json\/wp\/v2\/product_brand?post=12739"},{"taxonomy":"product_cat","embeddable":true,"href":"https:\/\/conexmetals.com\/pt-br\/wp-json\/wp\/v2\/product_cat?post=12739"},{"taxonomy":"product_tag","embeddable":true,"href":"https:\/\/conexmetals.com\/pt-br\/wp-json\/wp\/v2\/product_tag?post=12739"}],"curies":[{"name":"wp","href":"https:\/\/api.w.org\/{rel}","templated":true}]}}