{"id":12764,"date":"2023-08-18T11:42:37","date_gmt":"2023-08-18T06:12:37","guid":{"rendered":"https:\/\/conexmetals.com\/?post_type=product&#038;p=12764"},"modified":"2025-01-04T16:18:06","modified_gmt":"2025-01-04T10:48:06","slug":"acopladores-femea","status":"publish","type":"product","link":"https:\/\/conexmetals.com\/pt-br\/produto\/acopladores-femea\/","title":{"rendered":"Acopladores F\u00eamea"},"content":{"rendered":"","protected":false},"excerpt":{"rendered":"<table id=\"tablepress-394\" class=\"tablepress tablepress-id-394\">\n<caption>\u00a0<\/caption>\n<thead>\n<tr class=\"row-1 odd\">\n<th class=\"column-1\" colspan=\"2\"><strong><span>Dimens\u00e3o<\/span><\/strong><\/th>\n<\/tr>\n<\/thead>\n<tbody class=\"row-hover\">\n<tr class=\"row-2 even\">\n<td class=\"column-1\"><strong><span>TAMANHO DO COM\u00c9RCIO<\/span><\/strong><\/td>\n<td class=\"column-2\"><strong><span>Parafusos<\/span><\/strong><\/td>\n<\/tr>\n<tr class=\"row-3 odd\">\n<td class=\"column-1\"><span>16 mm<\/span><\/td>\n<td class=\"column-2\"><span>2<\/span><\/td>\n<\/tr>\n<tr class=\"row-4 even\">\n<td class=\"column-1\"><span>20mm<\/span><\/td>\n<td class=\"column-2\"><span>2<\/span><\/td>\n<\/tr>\n<tr class=\"row-5 odd\">\n<td class=\"column-1\"><span>25mm<\/span><\/td>\n<td class=\"column-2\"><span>2<\/span><\/td>\n<\/tr>\n<tr class=\"row-6 even\">\n<td class=\"column-1\"><span>32mm<\/span><\/td>\n<td class=\"column-2\"><span>4<\/span><\/td>\n<\/tr>\n<tr class=\"row-7 odd\">\n<td class=\"column-1\"><span>40 mm<\/span><\/td>\n<td class=\"column-2\"><span>4<\/span><\/td>\n<\/tr>\n<tr class=\"row-8 even\">\n<td class=\"column-1\"><span>50 mm<\/span><\/td>\n<td class=\"column-2\"><span>4<\/span><\/td>\n<\/tr>\n<tr class=\"row-9 odd\">\n<td class=\"column-1\"><span>63 mm<\/span><\/td>\n<td class=\"column-2\"><span>4<\/span><\/td>\n<\/tr>\n<tr class=\"row-10 even\">\n<td class=\"column-1\"><span>75 mm<\/span><\/td>\n<td class=\"column-2\"><span>4<\/span><\/td>\n<\/tr>\n<tr class=\"row-11 odd\">\n<td class=\"column-1\"><span>90 mm<\/span><\/td>\n<td class=\"column-2\"><span>4<\/span><\/td>\n<\/tr>\n<tr class=\"row-12 even\">\n<td class=\"column-1\"><span>110 mm<\/span><\/td>\n<td class=\"column-2\"><span>4<\/span><\/td>\n<\/tr>\n<\/tbody>\n<\/table>\n<p><span>Acopladores f\u00eameas s\u00e3o tipos espec\u00edficos de conex\u00f5es de condu\u00edte el\u00e9trico usados \u200b\u200bpara unir dois condu\u00edtes com rosca macho. Essas conex\u00f5es t\u00eam roscas internas para receber as roscas macho dos condu\u00edtes ou outras conex\u00f5es, criando uma conex\u00e3o segura e confi\u00e1vel.<\/span><\/p>\n<p><span>Aqui est\u00e3o algumas caracter\u00edsticas e usos principais de acopladores f\u00eameas em conex\u00f5es de condu\u00edte de a\u00e7o galvanizado GI:<\/span><\/p>\n<ol>\n<li><span>Material: Os acopladores f\u00eameas s\u00e3o normalmente feitos de a\u00e7o galvanizado para fornecer resist\u00eancia \u00e0 corros\u00e3o, tornando-os adequados para ambientes externos e expostos.<\/span><\/li>\n<li><span>Conex\u00e3o Roscada: Acopladores f\u00eameas t\u00eam roscas internas que permitem que eles recebam as roscas externas de extremidades de condu\u00edtes machos ou conex\u00f5es. As roscas est\u00e3o tipicamente de acordo com o padr\u00e3o NPT (National Pipe Thread).<\/span><\/li>\n<li><span>Tamanhos: Os acopladores f\u00eameas est\u00e3o dispon\u00edveis em v\u00e1rios tamanhos para corresponder \u00e0s diferentes dimens\u00f5es dos condu\u00edtes de a\u00e7o galvanizado GI usados \u200b\u200bem instala\u00e7\u00f5es el\u00e9tricas.<\/span><\/li>\n<li><span>Uso: Acopladores f\u00eameas s\u00e3o comumente usados \u200b\u200bpara estender ou unir duas se\u00e7\u00f5es de condu\u00edte, criando um percurso de condu\u00edte cont\u00ednuo. Eles tamb\u00e9m s\u00e3o usados \u200b\u200bem caixas de jun\u00e7\u00e3o e gabinetes el\u00e9tricos onde v\u00e1rios condu\u00edtes precisam ser conectados.<\/span><\/li>\n<li><span>Veda\u00e7\u00e3o: Ao instalar acopladores f\u00eameas em sistemas de condu\u00edtes, \u00e9 comum aplicar selante ou composto de rosca para garantir uma conex\u00e3o segura e estanque, protegendo a fia\u00e7\u00e3o el\u00e9trica da umidade e dos elementos ambientais.<\/span><\/li>\n<\/ol>\n<p><span>Conex\u00f5es de condu\u00edte de a\u00e7o galvanizado GI, incluindo acopladores f\u00eameas, s\u00e3o amplamente utilizadas em instala\u00e7\u00f5es el\u00e9tricas para fornecer um sistema de condu\u00edte robusto e confi\u00e1vel. Elas contribuem para a seguran\u00e7a e organiza\u00e7\u00e3o da fia\u00e7\u00e3o el\u00e9trica e s\u00e3o componentes essenciais para a continuidade adequada do aterramento e a integridade mec\u00e2nica da instala\u00e7\u00e3o el\u00e9trica.<\/span><\/p>\n","protected":false},"featured_media":12760,"template":"","meta":[],"product_brand":[],"product_cat":[385],"product_tag":[],"class_list":{"0":"post-12764","1":"product","2":"type-product","3":"status-publish","4":"has-post-thumbnail","6":"product_cat-conexoes-de-conduite-de-aco-gi-galvanizado","8":"first","9":"instock","10":"shipping-taxable","11":"product-type-simple"},"yoast_head":"<!-- This site is optimized with the Yoast SEO plugin v27.3 - https:\/\/yoast.com\/product\/yoast-seo-wordpress\/ -->\n<title>Acopladores F\u00eamea<\/title>\n<meta name=\"description\" content=\"Explore os Acopladores F\u00eamea da Conex Metals, incluindo Acopladores F\u00eamea para F\u00eamea e op\u00e7\u00f5es de Acopladores Macho. Nossos Conectores de Compress\u00e3o e Acopladores de Mangueira de Lat\u00e3o garantem conex\u00f5es confi\u00e1veis para aplica\u00e7\u00f5es em encanamentos e ind\u00fastrias. Fabricante, exportador e fornecedor confi\u00e1vel da \u00cdndia.\" \/>\n<meta name=\"robots\" content=\"index, follow, max-snippet:-1, max-image-preview:large, max-video-preview:-1\" \/>\n<link rel=\"canonical\" href=\"https:\/\/conexmetals.com\/pt-br\/produto\/acopladores-femea\/\" \/>\n<script type=\"application\/ld+json\" class=\"yoast-schema-graph\">{\"@context\":\"https:\\\/\\\/schema.org\",\"@graph\":[{\"@type\":\"WebPage\",\"@id\":\"https:\\\/\\\/conexmetals.com\\\/pt-br\\\/produto\\\/acopladores-femea\\\/\",\"url\":\"https:\\\/\\\/conexmetals.com\\\/pt-br\\\/produto\\\/acopladores-femea\\\/\",\"name\":\"Acopladores F\u00eamea\",\"isPartOf\":{\"@id\":\"https:\\\/\\\/conexmetals.com\\\/pt-br\\\/#website\"},\"primaryImageOfPage\":{\"@id\":\"https:\\\/\\\/conexmetals.com\\\/pt-br\\\/produto\\\/acopladores-femea\\\/#primaryimage\"},\"image\":{\"@id\":\"https:\\\/\\\/conexmetals.com\\\/pt-br\\\/produto\\\/acopladores-femea\\\/#primaryimage\"},\"thumbnailUrl\":\"https:\\\/\\\/conexmetals.com\\\/wp-content\\\/uploads\\\/2025\\\/01\\\/Acopladores-Femea-1.webp\",\"datePublished\":\"2023-08-18T06:12:37+00:00\",\"dateModified\":\"2025-01-04T10:48:06+00:00\",\"description\":\"Explore os Acopladores F\u00eamea da Conex Metals, incluindo Acopladores F\u00eamea para F\u00eamea e op\u00e7\u00f5es de Acopladores Macho. Nossos Conectores de Compress\u00e3o e Acopladores de Mangueira de Lat\u00e3o garantem conex\u00f5es confi\u00e1veis para aplica\u00e7\u00f5es em encanamentos e ind\u00fastrias. Fabricante, exportador e fornecedor confi\u00e1vel da \u00cdndia.\",\"breadcrumb\":{\"@id\":\"https:\\\/\\\/conexmetals.com\\\/pt-br\\\/produto\\\/acopladores-femea\\\/#breadcrumb\"},\"inLanguage\":\"pt-BR\",\"potentialAction\":[{\"@type\":\"ReadAction\",\"target\":[\"https:\\\/\\\/conexmetals.com\\\/pt-br\\\/produto\\\/acopladores-femea\\\/\"]}]},{\"@type\":\"ImageObject\",\"inLanguage\":\"pt-BR\",\"@id\":\"https:\\\/\\\/conexmetals.com\\\/pt-br\\\/produto\\\/acopladores-femea\\\/#primaryimage\",\"url\":\"https:\\\/\\\/conexmetals.com\\\/wp-content\\\/uploads\\\/2025\\\/01\\\/Acopladores-Femea-1.webp\",\"contentUrl\":\"https:\\\/\\\/conexmetals.com\\\/wp-content\\\/uploads\\\/2025\\\/01\\\/Acopladores-Femea-1.webp\",\"width\":350,\"height\":350,\"caption\":\"Acopladores F\u00eamea\"},{\"@type\":\"BreadcrumbList\",\"@id\":\"https:\\\/\\\/conexmetals.com\\\/pt-br\\\/produto\\\/acopladores-femea\\\/#breadcrumb\",\"itemListElement\":[{\"@type\":\"ListItem\",\"position\":1,\"name\":\"Home\",\"item\":\"https:\\\/\\\/conexmetals.com\\\/pt-br\\\/lar\\\/\"},{\"@type\":\"ListItem\",\"position\":2,\"name\":\"Products\",\"item\":\"https:\\\/\\\/conexmetals.com\\\/products\\\/\"},{\"@type\":\"ListItem\",\"position\":3,\"name\":\"Acopladores F\u00eamea\"}]},{\"@type\":\"WebSite\",\"@id\":\"https:\\\/\\\/conexmetals.com\\\/pt-br\\\/#website\",\"url\":\"https:\\\/\\\/conexmetals.com\\\/pt-br\\\/\",\"name\":\"Conex Metals Brass Fittings Brass Parts Copper Parts Brass Components Brass Plumbing Fittings India\",\"description\":\"Manufacturer of Bronze Fittings casting Copper Brass parts components\",\"publisher\":{\"@id\":\"https:\\\/\\\/conexmetals.com\\\/pt-br\\\/#organization\"},\"potentialAction\":[{\"@type\":\"SearchAction\",\"target\":{\"@type\":\"EntryPoint\",\"urlTemplate\":\"https:\\\/\\\/conexmetals.com\\\/pt-br\\\/?s={search_term_string}\"},\"query-input\":{\"@type\":\"PropertyValueSpecification\",\"valueRequired\":true,\"valueName\":\"search_term_string\"}}],\"inLanguage\":\"pt-BR\"},{\"@type\":\"Organization\",\"@id\":\"https:\\\/\\\/conexmetals.com\\\/pt-br\\\/#organization\",\"name\":\"Conex Metals Brass Fittings Brass Parts Copper Parts Brass Components Brass Plumbing Fittings India\",\"url\":\"https:\\\/\\\/conexmetals.com\\\/pt-br\\\/\",\"logo\":{\"@type\":\"ImageObject\",\"inLanguage\":\"pt-BR\",\"@id\":\"https:\\\/\\\/conexmetals.com\\\/pt-br\\\/#\\\/schema\\\/logo\\\/image\\\/\",\"url\":\"https:\\\/\\\/conexmetals.com\\\/wp-content\\\/uploads\\\/2024\\\/03\\\/conex-metals-logo.webp\",\"contentUrl\":\"https:\\\/\\\/conexmetals.com\\\/wp-content\\\/uploads\\\/2024\\\/03\\\/conex-metals-logo.webp\",\"width\":300,\"height\":121,\"caption\":\"Conex Metals Brass Fittings Brass Parts Copper Parts Brass Components Brass Plumbing Fittings India\"},\"image\":{\"@id\":\"https:\\\/\\\/conexmetals.com\\\/pt-br\\\/#\\\/schema\\\/logo\\\/image\\\/\"},\"sameAs\":[\"https:\\\/\\\/www.facebook.com\\\/conexbrass\",\"https:\\\/\\\/x.com\\\/conexindia\",\"https:\\\/\\\/www.linkedin.com\\\/company\\\/conex-metals-india\\\/\",\"https:\\\/\\\/www.instagram.com\\\/conexindia\\\/\"]}]}<\/script>\n<!-- \/ Yoast SEO plugin. -->","yoast_head_json":{"title":"Acopladores F\u00eamea","description":"Explore os Acopladores F\u00eamea da Conex Metals, incluindo Acopladores F\u00eamea para F\u00eamea e op\u00e7\u00f5es de Acopladores Macho. Nossos Conectores de Compress\u00e3o e Acopladores de Mangueira de Lat\u00e3o garantem conex\u00f5es confi\u00e1veis para aplica\u00e7\u00f5es em encanamentos e ind\u00fastrias. Fabricante, exportador e fornecedor confi\u00e1vel da \u00cdndia.","robots":{"index":"index","follow":"follow","max-snippet":"max-snippet:-1","max-image-preview":"max-image-preview:large","max-video-preview":"max-video-preview:-1"},"canonical":"https:\/\/conexmetals.com\/pt-br\/produto\/acopladores-femea\/","schema":{"@context":"https:\/\/schema.org","@graph":[{"@type":"WebPage","@id":"https:\/\/conexmetals.com\/pt-br\/produto\/acopladores-femea\/","url":"https:\/\/conexmetals.com\/pt-br\/produto\/acopladores-femea\/","name":"Acopladores F\u00eamea","isPartOf":{"@id":"https:\/\/conexmetals.com\/pt-br\/#website"},"primaryImageOfPage":{"@id":"https:\/\/conexmetals.com\/pt-br\/produto\/acopladores-femea\/#primaryimage"},"image":{"@id":"https:\/\/conexmetals.com\/pt-br\/produto\/acopladores-femea\/#primaryimage"},"thumbnailUrl":"https:\/\/conexmetals.com\/wp-content\/uploads\/2025\/01\/Acopladores-Femea-1.webp","datePublished":"2023-08-18T06:12:37+00:00","dateModified":"2025-01-04T10:48:06+00:00","description":"Explore os Acopladores F\u00eamea da Conex Metals, incluindo Acopladores F\u00eamea para F\u00eamea e op\u00e7\u00f5es de Acopladores Macho. Nossos Conectores de Compress\u00e3o e Acopladores de Mangueira de Lat\u00e3o garantem conex\u00f5es confi\u00e1veis para aplica\u00e7\u00f5es em encanamentos e ind\u00fastrias. Fabricante, exportador e fornecedor confi\u00e1vel da \u00cdndia.","breadcrumb":{"@id":"https:\/\/conexmetals.com\/pt-br\/produto\/acopladores-femea\/#breadcrumb"},"inLanguage":"pt-BR","potentialAction":[{"@type":"ReadAction","target":["https:\/\/conexmetals.com\/pt-br\/produto\/acopladores-femea\/"]}]},{"@type":"ImageObject","inLanguage":"pt-BR","@id":"https:\/\/conexmetals.com\/pt-br\/produto\/acopladores-femea\/#primaryimage","url":"https:\/\/conexmetals.com\/wp-content\/uploads\/2025\/01\/Acopladores-Femea-1.webp","contentUrl":"https:\/\/conexmetals.com\/wp-content\/uploads\/2025\/01\/Acopladores-Femea-1.webp","width":350,"height":350,"caption":"Acopladores F\u00eamea"},{"@type":"BreadcrumbList","@id":"https:\/\/conexmetals.com\/pt-br\/produto\/acopladores-femea\/#breadcrumb","itemListElement":[{"@type":"ListItem","position":1,"name":"Home","item":"https:\/\/conexmetals.com\/pt-br\/lar\/"},{"@type":"ListItem","position":2,"name":"Products","item":"https:\/\/conexmetals.com\/products\/"},{"@type":"ListItem","position":3,"name":"Acopladores F\u00eamea"}]},{"@type":"WebSite","@id":"https:\/\/conexmetals.com\/pt-br\/#website","url":"https:\/\/conexmetals.com\/pt-br\/","name":"Conex Metals Brass Fittings Brass Parts Copper Parts Brass Components Brass Plumbing Fittings India","description":"Manufacturer of Bronze Fittings casting Copper Brass parts components","publisher":{"@id":"https:\/\/conexmetals.com\/pt-br\/#organization"},"potentialAction":[{"@type":"SearchAction","target":{"@type":"EntryPoint","urlTemplate":"https:\/\/conexmetals.com\/pt-br\/?s={search_term_string}"},"query-input":{"@type":"PropertyValueSpecification","valueRequired":true,"valueName":"search_term_string"}}],"inLanguage":"pt-BR"},{"@type":"Organization","@id":"https:\/\/conexmetals.com\/pt-br\/#organization","name":"Conex Metals Brass Fittings Brass Parts Copper Parts Brass Components Brass Plumbing Fittings India","url":"https:\/\/conexmetals.com\/pt-br\/","logo":{"@type":"ImageObject","inLanguage":"pt-BR","@id":"https:\/\/conexmetals.com\/pt-br\/#\/schema\/logo\/image\/","url":"https:\/\/conexmetals.com\/wp-content\/uploads\/2024\/03\/conex-metals-logo.webp","contentUrl":"https:\/\/conexmetals.com\/wp-content\/uploads\/2024\/03\/conex-metals-logo.webp","width":300,"height":121,"caption":"Conex Metals Brass Fittings Brass Parts Copper Parts Brass Components Brass Plumbing Fittings India"},"image":{"@id":"https:\/\/conexmetals.com\/pt-br\/#\/schema\/logo\/image\/"},"sameAs":["https:\/\/www.facebook.com\/conexbrass","https:\/\/x.com\/conexindia","https:\/\/www.linkedin.com\/company\/conex-metals-india\/","https:\/\/www.instagram.com\/conexindia\/"]}]}},"_links":{"self":[{"href":"https:\/\/conexmetals.com\/pt-br\/wp-json\/wp\/v2\/product\/12764","targetHints":{"allow":["GET"]}}],"collection":[{"href":"https:\/\/conexmetals.com\/pt-br\/wp-json\/wp\/v2\/product"}],"about":[{"href":"https:\/\/conexmetals.com\/pt-br\/wp-json\/wp\/v2\/types\/product"}],"wp:featuredmedia":[{"embeddable":true,"href":"https:\/\/conexmetals.com\/pt-br\/wp-json\/wp\/v2\/media\/12760"}],"wp:attachment":[{"href":"https:\/\/conexmetals.com\/pt-br\/wp-json\/wp\/v2\/media?parent=12764"}],"wp:term":[{"taxonomy":"product_brand","embeddable":true,"href":"https:\/\/conexmetals.com\/pt-br\/wp-json\/wp\/v2\/product_brand?post=12764"},{"taxonomy":"product_cat","embeddable":true,"href":"https:\/\/conexmetals.com\/pt-br\/wp-json\/wp\/v2\/product_cat?post=12764"},{"taxonomy":"product_tag","embeddable":true,"href":"https:\/\/conexmetals.com\/pt-br\/wp-json\/wp\/v2\/product_tag?post=12764"}],"curies":[{"name":"wp","href":"https:\/\/api.w.org\/{rel}","templated":true}]}}