{"id":12787,"date":"2023-08-18T11:46:18","date_gmt":"2023-08-18T06:16:18","guid":{"rendered":"https:\/\/conexmetals.com\/?post_type=product&#038;p=12787"},"modified":"2025-01-07T12:05:20","modified_gmt":"2025-01-07T06:35:20","slug":"ganchos-macho-galvanizados","status":"publish","type":"product","link":"https:\/\/conexmetals.com\/pt-br\/produto\/ganchos-macho-galvanizados\/","title":{"rendered":"Ganchos Macho Galvanizados"},"content":{"rendered":"","protected":false},"excerpt":{"rendered":"<div class=\"elementor-element elementor-element-d6f7035 elementor-widget elementor-widget-woocommerce-product-title elementor-page-title elementor-widget-heading\" data-id=\"d6f7035\" data-element_type=\"widget\" data-widget_type=\"woocommerce-product-title.default\">\n<div class=\"elementor-widget-container\">\n<p class=\"product_title entry-title elementor-heading-title elementor-size-default\"><img fetchpriority=\"high\" decoding=\"async\" class=\"alignnone size-medium wp-image-12331 lazy loaded\" src=\"https:\/\/conexmetals.com\/wp-content\/uploads\/2023\/08\/male-Hook-300x300.webp\" alt=\"Gancho masculino\" width=\"300\" height=\"300\" data-src=\"https:\/\/conexmetals.com\/wp-content\/uploads\/2023\/08\/male-Hook-300x300.webp\" data-was-processed=\"true\" srcset=\"https:\/\/conexmetals.com\/wp-content\/uploads\/2023\/08\/male-Hook-300x300.webp 300w, https:\/\/conexmetals.com\/wp-content\/uploads\/2023\/08\/male-Hook-150x150.webp 150w, https:\/\/conexmetals.com\/wp-content\/uploads\/2023\/08\/male-Hook-768x768.webp 768w, https:\/\/conexmetals.com\/wp-content\/uploads\/2023\/08\/male-Hook-700x700.webp 700w, https:\/\/conexmetals.com\/wp-content\/uploads\/2023\/08\/male-Hook-100x100.webp 100w, https:\/\/conexmetals.com\/wp-content\/uploads\/2023\/08\/male-Hook.webp 1000w\" sizes=\"(max-width: 300px) 100vw, 300px\" \/><\/p>\n<\/div>\n<\/div>\n<div class=\"elementor-element elementor-element-36d2ab8 elementor-widget elementor-widget-woocommerce-product-short-description\" data-id=\"36d2ab8\" data-element_type=\"widget\" data-widget_type=\"woocommerce-product-short-description.default\">\n<div class=\"elementor-widget-container\">\n<div class=\"woocommerce-product-details__short-description\">\n<table id=\"tablepress-397\" class=\"tablepress tablepress-id-397\">\n<caption>\u00a0<\/caption>\n<thead>\n<tr class=\"row-1 odd\">\n<th class=\"column-1\" colspan=\"2\"><strong><span>Ficha T\u00e9cnica<\/span><\/strong><\/th>\n<\/tr>\n<\/thead>\n<tbody class=\"row-hover\">\n<tr class=\"row-2 even\">\n<td class=\"column-1\"><strong><span>Material<\/span><\/strong><\/td>\n<td class=\"column-2\"><span>Liga de zinco fundido<\/span><\/td>\n<\/tr>\n<tr class=\"row-3 odd\">\n<td class=\"column-1\"><strong><span>Altura<\/span><\/strong><\/td>\n<td class=\"column-2\"><span>48mm<\/span><\/td>\n<\/tr>\n<tr class=\"row-4 even\">\n<td class=\"column-1\"><strong><span>Carga est\u00e1tica m\u00e1xima<\/span><\/strong><\/td>\n<td class=\"column-2\"><span>10 kg<\/span><\/td>\n<\/tr>\n<tr class=\"row-5 odd\">\n<td class=\"column-1\"><strong><span>Rosqueado<\/span><\/strong><\/td>\n<td class=\"column-2\"><span>Serve para condu\u00edte roscado de 20 mm<\/span><\/td>\n<\/tr>\n<\/tbody>\n<\/table>\n<p><strong><span>Gancho de parafuso de a\u00e7o fundido de 20 mm<\/span><\/strong><br \/>\n<span>Feito de liga de zinco fundido resistente, este gancho foi projetado especificamente para sistemas de montagem em superf\u00edcie de condu\u00edtes el\u00e9tricos de a\u00e7o de 20 mm.<\/span><\/p>\n<p><span>Ele se conecta facilmente a uma placa de inspe\u00e7\u00e3o de caixa de jun\u00e7\u00e3o de condu\u00edte, permitindo que funcione como um gancho de corrente para lumin\u00e1rias pendentes.<\/span><\/p>\n<p><span>Este gancho \u00e9 um componente essencial de condu\u00edtes e conex\u00f5es de a\u00e7o, oferecendo uma solu\u00e7\u00e3o de montagem em superf\u00edcie para espa\u00e7os sem cavidades de parede para fia\u00e7\u00e3o interna. \u00c9 ideal para instala\u00e7\u00e3o em superf\u00edcies como concreto, alvenaria, pedra e muito mais.<\/span><\/p>\n<p><span>Perfeito para criar ilumina\u00e7\u00e3o de estilo industrial, este sistema acrescenta um toque de autenticidade e durabilidade inigual\u00e1veis \u200b\u200b\u00e0s alternativas de condu\u00edtes de pl\u00e1stico.<\/span><\/p>\n<p><strong><span>Especifica\u00e7\u00f5es:<\/span><\/strong><\/p>\n<ul>\n<li><span>Material: Liga de zinco fundido<\/span><\/li>\n<li><span>Abertura m\u00ednima da corrente: 7 mm<\/span><\/li>\n<li><span>Carga est\u00e1tica m\u00e1xima: 10 kg<\/span><\/li>\n<\/ul>\n<\/div>\n<\/div>\n<\/div>\n","protected":false},"featured_media":12625,"template":"","meta":[],"product_brand":[],"product_cat":[385],"product_tag":[],"class_list":{"0":"post-12787","1":"product","2":"type-product","3":"status-publish","4":"has-post-thumbnail","6":"product_cat-conexoes-de-conduite-de-aco-gi-galvanizado","8":"first","9":"instock","10":"shipping-taxable","11":"product-type-simple"},"yoast_head":"<!-- This site is optimized with the Yoast SEO plugin v27.3 - https:\/\/yoast.com\/product\/yoast-seo-wordpress\/ -->\n<title>Ganchos Macho Galvanizados<\/title>\n<meta name=\"description\" content=\"A Conex Metals oferece Ganchos Macho Galvanizados de alta qualidade, incluindo Ganchos para Condu\u00edtes Galvanizados e Ganchos Roscados Macho. Nossos Ganchos com Corpo de A\u00e7o e Ganchos de Suspens\u00e3o Industrial s\u00e3o ideais para aplica\u00e7\u00f5es de ilumina\u00e7\u00e3o comercial e condu\u00edtes el\u00e9tricos. L\u00edder fabricante, exportador e fornecedor da \u00cdndia.\" \/>\n<meta name=\"robots\" content=\"index, follow, max-snippet:-1, max-image-preview:large, max-video-preview:-1\" \/>\n<link rel=\"canonical\" href=\"https:\/\/conexmetals.com\/pt-br\/produto\/ganchos-macho-galvanizados\/\" \/>\n<script type=\"application\/ld+json\" class=\"yoast-schema-graph\">{\"@context\":\"https:\\\/\\\/schema.org\",\"@graph\":[{\"@type\":\"WebPage\",\"@id\":\"https:\\\/\\\/conexmetals.com\\\/pt-br\\\/produto\\\/ganchos-macho-galvanizados\\\/\",\"url\":\"https:\\\/\\\/conexmetals.com\\\/pt-br\\\/produto\\\/ganchos-macho-galvanizados\\\/\",\"name\":\"Ganchos Macho Galvanizados\",\"isPartOf\":{\"@id\":\"https:\\\/\\\/conexmetals.com\\\/pt-br\\\/#website\"},\"primaryImageOfPage\":{\"@id\":\"https:\\\/\\\/conexmetals.com\\\/pt-br\\\/produto\\\/ganchos-macho-galvanizados\\\/#primaryimage\"},\"image\":{\"@id\":\"https:\\\/\\\/conexmetals.com\\\/pt-br\\\/produto\\\/ganchos-macho-galvanizados\\\/#primaryimage\"},\"thumbnailUrl\":\"https:\\\/\\\/conexmetals.com\\\/wp-content\\\/uploads\\\/2025\\\/01\\\/Ganchos-Macho-Galvanizados.webp\",\"datePublished\":\"2023-08-18T06:16:18+00:00\",\"dateModified\":\"2025-01-07T06:35:20+00:00\",\"description\":\"A Conex Metals oferece Ganchos Macho Galvanizados de alta qualidade, incluindo Ganchos para Condu\u00edtes Galvanizados e Ganchos Roscados Macho. Nossos Ganchos com Corpo de A\u00e7o e Ganchos de Suspens\u00e3o Industrial s\u00e3o ideais para aplica\u00e7\u00f5es de ilumina\u00e7\u00e3o comercial e condu\u00edtes el\u00e9tricos. L\u00edder fabricante, exportador e fornecedor da \u00cdndia.\",\"breadcrumb\":{\"@id\":\"https:\\\/\\\/conexmetals.com\\\/pt-br\\\/produto\\\/ganchos-macho-galvanizados\\\/#breadcrumb\"},\"inLanguage\":\"pt-BR\",\"potentialAction\":[{\"@type\":\"ReadAction\",\"target\":[\"https:\\\/\\\/conexmetals.com\\\/pt-br\\\/produto\\\/ganchos-macho-galvanizados\\\/\"]}]},{\"@type\":\"ImageObject\",\"inLanguage\":\"pt-BR\",\"@id\":\"https:\\\/\\\/conexmetals.com\\\/pt-br\\\/produto\\\/ganchos-macho-galvanizados\\\/#primaryimage\",\"url\":\"https:\\\/\\\/conexmetals.com\\\/wp-content\\\/uploads\\\/2025\\\/01\\\/Ganchos-Macho-Galvanizados.webp\",\"contentUrl\":\"https:\\\/\\\/conexmetals.com\\\/wp-content\\\/uploads\\\/2025\\\/01\\\/Ganchos-Macho-Galvanizados.webp\",\"width\":300,\"height\":300,\"caption\":\"Ganchos Macho Galvanizados\"},{\"@type\":\"BreadcrumbList\",\"@id\":\"https:\\\/\\\/conexmetals.com\\\/pt-br\\\/produto\\\/ganchos-macho-galvanizados\\\/#breadcrumb\",\"itemListElement\":[{\"@type\":\"ListItem\",\"position\":1,\"name\":\"Home\",\"item\":\"https:\\\/\\\/conexmetals.com\\\/pt-br\\\/lar\\\/\"},{\"@type\":\"ListItem\",\"position\":2,\"name\":\"Products\",\"item\":\"https:\\\/\\\/conexmetals.com\\\/products\\\/\"},{\"@type\":\"ListItem\",\"position\":3,\"name\":\"Ganchos Macho Galvanizados\"}]},{\"@type\":\"WebSite\",\"@id\":\"https:\\\/\\\/conexmetals.com\\\/pt-br\\\/#website\",\"url\":\"https:\\\/\\\/conexmetals.com\\\/pt-br\\\/\",\"name\":\"Conex Metals Brass Fittings Brass Parts Copper Parts Brass Components Brass Plumbing Fittings India\",\"description\":\"Manufacturer of Bronze Fittings casting Copper Brass parts components\",\"publisher\":{\"@id\":\"https:\\\/\\\/conexmetals.com\\\/pt-br\\\/#organization\"},\"potentialAction\":[{\"@type\":\"SearchAction\",\"target\":{\"@type\":\"EntryPoint\",\"urlTemplate\":\"https:\\\/\\\/conexmetals.com\\\/pt-br\\\/?s={search_term_string}\"},\"query-input\":{\"@type\":\"PropertyValueSpecification\",\"valueRequired\":true,\"valueName\":\"search_term_string\"}}],\"inLanguage\":\"pt-BR\"},{\"@type\":\"Organization\",\"@id\":\"https:\\\/\\\/conexmetals.com\\\/pt-br\\\/#organization\",\"name\":\"Conex Metals Brass Fittings Brass Parts Copper Parts Brass Components Brass Plumbing Fittings India\",\"url\":\"https:\\\/\\\/conexmetals.com\\\/pt-br\\\/\",\"logo\":{\"@type\":\"ImageObject\",\"inLanguage\":\"pt-BR\",\"@id\":\"https:\\\/\\\/conexmetals.com\\\/pt-br\\\/#\\\/schema\\\/logo\\\/image\\\/\",\"url\":\"https:\\\/\\\/conexmetals.com\\\/wp-content\\\/uploads\\\/2024\\\/03\\\/conex-metals-logo.webp\",\"contentUrl\":\"https:\\\/\\\/conexmetals.com\\\/wp-content\\\/uploads\\\/2024\\\/03\\\/conex-metals-logo.webp\",\"width\":300,\"height\":121,\"caption\":\"Conex Metals Brass Fittings Brass Parts Copper Parts Brass Components Brass Plumbing Fittings India\"},\"image\":{\"@id\":\"https:\\\/\\\/conexmetals.com\\\/pt-br\\\/#\\\/schema\\\/logo\\\/image\\\/\"},\"sameAs\":[\"https:\\\/\\\/www.facebook.com\\\/conexbrass\",\"https:\\\/\\\/x.com\\\/conexindia\",\"https:\\\/\\\/www.linkedin.com\\\/company\\\/conex-metals-india\\\/\",\"https:\\\/\\\/www.instagram.com\\\/conexindia\\\/\"]}]}<\/script>\n<!-- \/ Yoast SEO plugin. -->","yoast_head_json":{"title":"Ganchos Macho Galvanizados","description":"A Conex Metals oferece Ganchos Macho Galvanizados de alta qualidade, incluindo Ganchos para Condu\u00edtes Galvanizados e Ganchos Roscados Macho. Nossos Ganchos com Corpo de A\u00e7o e Ganchos de Suspens\u00e3o Industrial s\u00e3o ideais para aplica\u00e7\u00f5es de ilumina\u00e7\u00e3o comercial e condu\u00edtes el\u00e9tricos. L\u00edder fabricante, exportador e fornecedor da \u00cdndia.","robots":{"index":"index","follow":"follow","max-snippet":"max-snippet:-1","max-image-preview":"max-image-preview:large","max-video-preview":"max-video-preview:-1"},"canonical":"https:\/\/conexmetals.com\/pt-br\/produto\/ganchos-macho-galvanizados\/","schema":{"@context":"https:\/\/schema.org","@graph":[{"@type":"WebPage","@id":"https:\/\/conexmetals.com\/pt-br\/produto\/ganchos-macho-galvanizados\/","url":"https:\/\/conexmetals.com\/pt-br\/produto\/ganchos-macho-galvanizados\/","name":"Ganchos Macho Galvanizados","isPartOf":{"@id":"https:\/\/conexmetals.com\/pt-br\/#website"},"primaryImageOfPage":{"@id":"https:\/\/conexmetals.com\/pt-br\/produto\/ganchos-macho-galvanizados\/#primaryimage"},"image":{"@id":"https:\/\/conexmetals.com\/pt-br\/produto\/ganchos-macho-galvanizados\/#primaryimage"},"thumbnailUrl":"https:\/\/conexmetals.com\/wp-content\/uploads\/2025\/01\/Ganchos-Macho-Galvanizados.webp","datePublished":"2023-08-18T06:16:18+00:00","dateModified":"2025-01-07T06:35:20+00:00","description":"A Conex Metals oferece Ganchos Macho Galvanizados de alta qualidade, incluindo Ganchos para Condu\u00edtes Galvanizados e Ganchos Roscados Macho. Nossos Ganchos com Corpo de A\u00e7o e Ganchos de Suspens\u00e3o Industrial s\u00e3o ideais para aplica\u00e7\u00f5es de ilumina\u00e7\u00e3o comercial e condu\u00edtes el\u00e9tricos. L\u00edder fabricante, exportador e fornecedor da \u00cdndia.","breadcrumb":{"@id":"https:\/\/conexmetals.com\/pt-br\/produto\/ganchos-macho-galvanizados\/#breadcrumb"},"inLanguage":"pt-BR","potentialAction":[{"@type":"ReadAction","target":["https:\/\/conexmetals.com\/pt-br\/produto\/ganchos-macho-galvanizados\/"]}]},{"@type":"ImageObject","inLanguage":"pt-BR","@id":"https:\/\/conexmetals.com\/pt-br\/produto\/ganchos-macho-galvanizados\/#primaryimage","url":"https:\/\/conexmetals.com\/wp-content\/uploads\/2025\/01\/Ganchos-Macho-Galvanizados.webp","contentUrl":"https:\/\/conexmetals.com\/wp-content\/uploads\/2025\/01\/Ganchos-Macho-Galvanizados.webp","width":300,"height":300,"caption":"Ganchos Macho Galvanizados"},{"@type":"BreadcrumbList","@id":"https:\/\/conexmetals.com\/pt-br\/produto\/ganchos-macho-galvanizados\/#breadcrumb","itemListElement":[{"@type":"ListItem","position":1,"name":"Home","item":"https:\/\/conexmetals.com\/pt-br\/lar\/"},{"@type":"ListItem","position":2,"name":"Products","item":"https:\/\/conexmetals.com\/products\/"},{"@type":"ListItem","position":3,"name":"Ganchos Macho Galvanizados"}]},{"@type":"WebSite","@id":"https:\/\/conexmetals.com\/pt-br\/#website","url":"https:\/\/conexmetals.com\/pt-br\/","name":"Conex Metals Brass Fittings Brass Parts Copper Parts Brass Components Brass Plumbing Fittings India","description":"Manufacturer of Bronze Fittings casting Copper Brass parts components","publisher":{"@id":"https:\/\/conexmetals.com\/pt-br\/#organization"},"potentialAction":[{"@type":"SearchAction","target":{"@type":"EntryPoint","urlTemplate":"https:\/\/conexmetals.com\/pt-br\/?s={search_term_string}"},"query-input":{"@type":"PropertyValueSpecification","valueRequired":true,"valueName":"search_term_string"}}],"inLanguage":"pt-BR"},{"@type":"Organization","@id":"https:\/\/conexmetals.com\/pt-br\/#organization","name":"Conex Metals Brass Fittings Brass Parts Copper Parts Brass Components Brass Plumbing Fittings India","url":"https:\/\/conexmetals.com\/pt-br\/","logo":{"@type":"ImageObject","inLanguage":"pt-BR","@id":"https:\/\/conexmetals.com\/pt-br\/#\/schema\/logo\/image\/","url":"https:\/\/conexmetals.com\/wp-content\/uploads\/2024\/03\/conex-metals-logo.webp","contentUrl":"https:\/\/conexmetals.com\/wp-content\/uploads\/2024\/03\/conex-metals-logo.webp","width":300,"height":121,"caption":"Conex Metals Brass Fittings Brass Parts Copper Parts Brass Components Brass Plumbing Fittings India"},"image":{"@id":"https:\/\/conexmetals.com\/pt-br\/#\/schema\/logo\/image\/"},"sameAs":["https:\/\/www.facebook.com\/conexbrass","https:\/\/x.com\/conexindia","https:\/\/www.linkedin.com\/company\/conex-metals-india\/","https:\/\/www.instagram.com\/conexindia\/"]}]}},"_links":{"self":[{"href":"https:\/\/conexmetals.com\/pt-br\/wp-json\/wp\/v2\/product\/12787","targetHints":{"allow":["GET"]}}],"collection":[{"href":"https:\/\/conexmetals.com\/pt-br\/wp-json\/wp\/v2\/product"}],"about":[{"href":"https:\/\/conexmetals.com\/pt-br\/wp-json\/wp\/v2\/types\/product"}],"wp:featuredmedia":[{"embeddable":true,"href":"https:\/\/conexmetals.com\/pt-br\/wp-json\/wp\/v2\/media\/12625"}],"wp:attachment":[{"href":"https:\/\/conexmetals.com\/pt-br\/wp-json\/wp\/v2\/media?parent=12787"}],"wp:term":[{"taxonomy":"product_brand","embeddable":true,"href":"https:\/\/conexmetals.com\/pt-br\/wp-json\/wp\/v2\/product_brand?post=12787"},{"taxonomy":"product_cat","embeddable":true,"href":"https:\/\/conexmetals.com\/pt-br\/wp-json\/wp\/v2\/product_cat?post=12787"},{"taxonomy":"product_tag","embeddable":true,"href":"https:\/\/conexmetals.com\/pt-br\/wp-json\/wp\/v2\/product_tag?post=12787"}],"curies":[{"name":"wp","href":"https:\/\/api.w.org\/{rel}","templated":true}]}}