{"id":12791,"date":"2023-08-18T11:44:53","date_gmt":"2023-08-18T06:14:53","guid":{"rendered":"https:\/\/conexmetals.com\/?post_type=product&#038;p=12791"},"modified":"2025-01-07T12:18:17","modified_gmt":"2025-01-07T06:48:17","slug":"placas-de-gancho","status":"publish","type":"product","link":"https:\/\/conexmetals.com\/pt-br\/produto\/placas-de-gancho\/","title":{"rendered":"Placas de Gancho"},"content":{"rendered":"","protected":false},"excerpt":{"rendered":"<div class=\"elementor-element elementor-element-d6f7035 elementor-widget elementor-widget-woocommerce-product-title elementor-page-title elementor-widget-heading\" data-id=\"d6f7035\" data-element_type=\"widget\" data-widget_type=\"woocommerce-product-title.default\">\n<div class=\"elementor-widget-container\">\n<p class=\"product_title entry-title elementor-heading-title elementor-size-default\"><img fetchpriority=\"high\" decoding=\"async\" class=\"alignnone size-medium wp-image-12336 lazy loaded\" src=\"https:\/\/conexmetals.com\/wp-content\/uploads\/2023\/08\/Hook-Plates-300x270.webp\" alt=\"Pratos de gancho\" width=\"300\" height=\"270\" data-src=\"https:\/\/conexmetals.com\/wp-content\/uploads\/2023\/08\/Hook-Plates-300x270.webp\" data-was-processed=\"true\" srcset=\"https:\/\/conexmetals.com\/wp-content\/uploads\/2023\/08\/Hook-Plates-300x270.webp 300w, https:\/\/conexmetals.com\/wp-content\/uploads\/2023\/08\/Hook-Plates-1024x920.webp 1024w, https:\/\/conexmetals.com\/wp-content\/uploads\/2023\/08\/Hook-Plates-768x690.webp 768w, https:\/\/conexmetals.com\/wp-content\/uploads\/2023\/08\/Hook-Plates-700x629.webp 700w, https:\/\/conexmetals.com\/wp-content\/uploads\/2023\/08\/Hook-Plates.webp 1114w\" sizes=\"(max-width: 300px) 100vw, 300px\" \/><\/p>\n<\/div>\n<\/div>\n<div class=\"elementor-element elementor-element-36d2ab8 elementor-widget elementor-widget-woocommerce-product-short-description\" data-id=\"36d2ab8\" data-element_type=\"widget\" data-widget_type=\"woocommerce-product-short-description.default\">\n<div class=\"elementor-widget-container\">\n<div class=\"woocommerce-product-details__short-description\">\n<table id=\"tablepress-396\" class=\"tablepress tablepress-id-396\">\n<caption>\u00a0<\/caption>\n<thead>\n<tr class=\"row-1 odd\">\n<th class=\"column-1\" colspan=\"2\"><strong><span>Especifica\u00e7\u00f5es t\u00e9cnicas<\/span><\/strong><\/th>\n<\/tr>\n<\/thead>\n<tbody class=\"row-hover\">\n<tr class=\"row-2 even\">\n<td class=\"column-1\"><strong><span>Carga m\u00e1xima de trabalho<\/span><\/strong><\/td>\n<td class=\"column-2\"><span>95 kg<\/span><\/td>\n<\/tr>\n<tr class=\"row-3 odd\">\n<td class=\"column-1\"><strong><span>Terminar<\/span><\/strong><\/td>\n<td class=\"column-2\"><span>BZP<\/span><\/td>\n<\/tr>\n<tr class=\"row-4 even\">\n<td class=\"column-1\"><strong><span>Padr\u00e3o de conformidade<\/span><\/strong><\/td>\n<td class=\"column-2\"><span>BS EN 61386-1:2008<\/span><\/td>\n<\/tr>\n<tr class=\"row-5 odd\">\n<td class=\"column-1\"><strong><span>Di\u00e2metro da base<\/span><\/strong><\/td>\n<td class=\"column-2\"><span>65 mm<\/span><\/td>\n<\/tr>\n<\/tbody>\n<\/table>\n<p><span>Hook Plates s\u00e3o componentes dur\u00e1veis \u200b\u200be confi\u00e1veis \u200b\u200bprojetados para fixa\u00e7\u00e3o segura e eficiente em aplica\u00e7\u00f5es industriais e de constru\u00e7\u00e3o. Essas placas s\u00e3o projetadas para atender aos mais altos padr\u00f5es de conformidade, garantindo desempenho e seguran\u00e7a superiores sob cargas de trabalho pesadas. O design compacto com um di\u00e2metro de base de 65 mm permite f\u00e1cil instala\u00e7\u00e3o em uma variedade de configura\u00e7\u00f5es.<\/span><\/p>\n<p><strong><span>Principais caracter\u00edsticas:<\/span><\/strong><\/p>\n<ul>\n<li><span>Capacidade m\u00e1xima de carga de trabalho: 95 kg.<\/span><\/li>\n<li><span>Acabamento: Zincado brilhante (BZP) para excelente resist\u00eancia \u00e0 corros\u00e3o.<\/span><\/li>\n<li><span>Em conformidade com as normas\u00a0<\/span><strong><span>BS EN 61386-1:2008<\/span><\/strong><span>\u00a0de qualidade e seguran\u00e7a.<\/span><\/li>\n<li><span>Design compacto e resistente com base de 65 mm de di\u00e2metro.<\/span><\/li>\n<li><span>Projetado para f\u00e1cil instala\u00e7\u00e3o e desempenho duradouro.<\/span><\/li>\n<\/ul>\n<p><strong><span>Aplica\u00e7\u00f5es:<\/span><\/strong><\/p>\n<ul>\n<li><span>Sistemas de suspens\u00e3o industriais.<\/span><\/li>\n<li><span>Fixa\u00e7\u00e3o de cabos e condu\u00edtes.<\/span><\/li>\n<li><span>Fixa\u00e7\u00e3o em projetos de constru\u00e7\u00e3o e engenharia.<\/span><\/li>\n<li><span>Suporte para equipamentos leves e m\u00e9dios.<\/span><\/li>\n<\/ul>\n<p><strong><span>Especifica\u00e7\u00f5es t\u00e9cnicas:<\/span><\/strong><\/p>\n<ul>\n<li><strong><span>Carga m\u00e1xima de trabalho:<\/span><\/strong><span>\u00a095 kg<\/span><\/li>\n<li><strong><span>Acabamento:<\/span><\/strong><span>\u00a0Zincado Brilhante (BZP)<\/span><\/li>\n<li><strong><span>Padr\u00e3o de conformidade:<\/span><\/strong><span>\u00a0BS EN 61386-1:2008<\/span><\/li>\n<li><strong><span>Di\u00e2metro da base:<\/span><\/strong><span>\u00a065 mm<\/span><\/li>\n<\/ul>\n<p><strong><span>Por que nos escolher?<\/span><\/strong><br \/>\n<span>Nossas Hook Plates s\u00e3o constru\u00eddas para fornecer durabilidade e confiabilidade para uma ampla gama de aplica\u00e7\u00f5es. Com conformidade com os padr\u00f5es da ind\u00fastria e alta capacidade de carga, elas s\u00e3o um componente essencial para profissionais que buscam solu\u00e7\u00f5es de fixa\u00e7\u00e3o seguras.<\/span><\/p>\n<\/div>\n<\/div>\n<\/div>\n","protected":false},"featured_media":12630,"template":"","meta":[],"product_brand":[],"product_cat":[385],"product_tag":[],"class_list":{"0":"post-12791","1":"product","2":"type-product","3":"status-publish","4":"has-post-thumbnail","6":"product_cat-conexoes-de-conduite-de-aco-gi-galvanizado","8":"first","9":"instock","10":"shipping-taxable","11":"product-type-simple"},"yoast_head":"<!-- This site is optimized with the Yoast SEO plugin v27.3 - https:\/\/yoast.com\/product\/yoast-seo-wordpress\/ -->\n<title>Placas de Gancho<\/title>\n<meta name=\"description\" content=\"Descubra as Placas de Gancho da Conex Metals, incluindo Placas de Gancho para Teto e Placas de Gancho de A\u00e7o Inoxid\u00e1vel. Nossas Placas Decorativas com Gancho para Parede e Placas de Gancho de Seguran\u00e7a Industrial garantem solu\u00e7\u00f5es de montagem seguras e ajust\u00e1veis. Fabricante, exportador e fornecedor confi\u00e1vel da \u00cdndia\" \/>\n<meta name=\"robots\" content=\"index, follow, max-snippet:-1, max-image-preview:large, max-video-preview:-1\" \/>\n<link rel=\"canonical\" href=\"https:\/\/conexmetals.com\/pt-br\/produto\/placas-de-gancho\/\" \/>\n<script type=\"application\/ld+json\" class=\"yoast-schema-graph\">{\"@context\":\"https:\\\/\\\/schema.org\",\"@graph\":[{\"@type\":\"WebPage\",\"@id\":\"https:\\\/\\\/conexmetals.com\\\/pt-br\\\/produto\\\/placas-de-gancho\\\/\",\"url\":\"https:\\\/\\\/conexmetals.com\\\/pt-br\\\/produto\\\/placas-de-gancho\\\/\",\"name\":\"Placas de Gancho\",\"isPartOf\":{\"@id\":\"https:\\\/\\\/conexmetals.com\\\/pt-br\\\/#website\"},\"primaryImageOfPage\":{\"@id\":\"https:\\\/\\\/conexmetals.com\\\/pt-br\\\/produto\\\/placas-de-gancho\\\/#primaryimage\"},\"image\":{\"@id\":\"https:\\\/\\\/conexmetals.com\\\/pt-br\\\/produto\\\/placas-de-gancho\\\/#primaryimage\"},\"thumbnailUrl\":\"https:\\\/\\\/conexmetals.com\\\/wp-content\\\/uploads\\\/2025\\\/01\\\/Placas-de-Gancho.webp\",\"datePublished\":\"2023-08-18T06:14:53+00:00\",\"dateModified\":\"2025-01-07T06:48:17+00:00\",\"description\":\"Descubra as Placas de Gancho da Conex Metals, incluindo Placas de Gancho para Teto e Placas de Gancho de A\u00e7o Inoxid\u00e1vel. Nossas Placas Decorativas com Gancho para Parede e Placas de Gancho de Seguran\u00e7a Industrial garantem solu\u00e7\u00f5es de montagem seguras e ajust\u00e1veis. Fabricante, exportador e fornecedor confi\u00e1vel da \u00cdndia\",\"breadcrumb\":{\"@id\":\"https:\\\/\\\/conexmetals.com\\\/pt-br\\\/produto\\\/placas-de-gancho\\\/#breadcrumb\"},\"inLanguage\":\"pt-BR\",\"potentialAction\":[{\"@type\":\"ReadAction\",\"target\":[\"https:\\\/\\\/conexmetals.com\\\/pt-br\\\/produto\\\/placas-de-gancho\\\/\"]}]},{\"@type\":\"ImageObject\",\"inLanguage\":\"pt-BR\",\"@id\":\"https:\\\/\\\/conexmetals.com\\\/pt-br\\\/produto\\\/placas-de-gancho\\\/#primaryimage\",\"url\":\"https:\\\/\\\/conexmetals.com\\\/wp-content\\\/uploads\\\/2025\\\/01\\\/Placas-de-Gancho.webp\",\"contentUrl\":\"https:\\\/\\\/conexmetals.com\\\/wp-content\\\/uploads\\\/2025\\\/01\\\/Placas-de-Gancho.webp\",\"width\":301,\"height\":301,\"caption\":\"Placas de Gancho\"},{\"@type\":\"BreadcrumbList\",\"@id\":\"https:\\\/\\\/conexmetals.com\\\/pt-br\\\/produto\\\/placas-de-gancho\\\/#breadcrumb\",\"itemListElement\":[{\"@type\":\"ListItem\",\"position\":1,\"name\":\"Home\",\"item\":\"https:\\\/\\\/conexmetals.com\\\/pt-br\\\/lar\\\/\"},{\"@type\":\"ListItem\",\"position\":2,\"name\":\"Products\",\"item\":\"https:\\\/\\\/conexmetals.com\\\/products\\\/\"},{\"@type\":\"ListItem\",\"position\":3,\"name\":\"Placas de Gancho\"}]},{\"@type\":\"WebSite\",\"@id\":\"https:\\\/\\\/conexmetals.com\\\/pt-br\\\/#website\",\"url\":\"https:\\\/\\\/conexmetals.com\\\/pt-br\\\/\",\"name\":\"Conex Metals Brass Fittings Brass Parts Copper Parts Brass Components Brass Plumbing Fittings India\",\"description\":\"Manufacturer of Bronze Fittings casting Copper Brass parts components\",\"publisher\":{\"@id\":\"https:\\\/\\\/conexmetals.com\\\/pt-br\\\/#organization\"},\"potentialAction\":[{\"@type\":\"SearchAction\",\"target\":{\"@type\":\"EntryPoint\",\"urlTemplate\":\"https:\\\/\\\/conexmetals.com\\\/pt-br\\\/?s={search_term_string}\"},\"query-input\":{\"@type\":\"PropertyValueSpecification\",\"valueRequired\":true,\"valueName\":\"search_term_string\"}}],\"inLanguage\":\"pt-BR\"},{\"@type\":\"Organization\",\"@id\":\"https:\\\/\\\/conexmetals.com\\\/pt-br\\\/#organization\",\"name\":\"Conex Metals Brass Fittings Brass Parts Copper Parts Brass Components Brass Plumbing Fittings India\",\"url\":\"https:\\\/\\\/conexmetals.com\\\/pt-br\\\/\",\"logo\":{\"@type\":\"ImageObject\",\"inLanguage\":\"pt-BR\",\"@id\":\"https:\\\/\\\/conexmetals.com\\\/pt-br\\\/#\\\/schema\\\/logo\\\/image\\\/\",\"url\":\"https:\\\/\\\/conexmetals.com\\\/wp-content\\\/uploads\\\/2024\\\/03\\\/conex-metals-logo.webp\",\"contentUrl\":\"https:\\\/\\\/conexmetals.com\\\/wp-content\\\/uploads\\\/2024\\\/03\\\/conex-metals-logo.webp\",\"width\":300,\"height\":121,\"caption\":\"Conex Metals Brass Fittings Brass Parts Copper Parts Brass Components Brass Plumbing Fittings India\"},\"image\":{\"@id\":\"https:\\\/\\\/conexmetals.com\\\/pt-br\\\/#\\\/schema\\\/logo\\\/image\\\/\"},\"sameAs\":[\"https:\\\/\\\/www.facebook.com\\\/conexbrass\",\"https:\\\/\\\/x.com\\\/conexindia\",\"https:\\\/\\\/www.linkedin.com\\\/company\\\/conex-metals-india\\\/\",\"https:\\\/\\\/www.instagram.com\\\/conexindia\\\/\"]}]}<\/script>\n<!-- \/ Yoast SEO plugin. -->","yoast_head_json":{"title":"Placas de Gancho","description":"Descubra as Placas de Gancho da Conex Metals, incluindo Placas de Gancho para Teto e Placas de Gancho de A\u00e7o Inoxid\u00e1vel. Nossas Placas Decorativas com Gancho para Parede e Placas de Gancho de Seguran\u00e7a Industrial garantem solu\u00e7\u00f5es de montagem seguras e ajust\u00e1veis. Fabricante, exportador e fornecedor confi\u00e1vel da \u00cdndia","robots":{"index":"index","follow":"follow","max-snippet":"max-snippet:-1","max-image-preview":"max-image-preview:large","max-video-preview":"max-video-preview:-1"},"canonical":"https:\/\/conexmetals.com\/pt-br\/produto\/placas-de-gancho\/","schema":{"@context":"https:\/\/schema.org","@graph":[{"@type":"WebPage","@id":"https:\/\/conexmetals.com\/pt-br\/produto\/placas-de-gancho\/","url":"https:\/\/conexmetals.com\/pt-br\/produto\/placas-de-gancho\/","name":"Placas de Gancho","isPartOf":{"@id":"https:\/\/conexmetals.com\/pt-br\/#website"},"primaryImageOfPage":{"@id":"https:\/\/conexmetals.com\/pt-br\/produto\/placas-de-gancho\/#primaryimage"},"image":{"@id":"https:\/\/conexmetals.com\/pt-br\/produto\/placas-de-gancho\/#primaryimage"},"thumbnailUrl":"https:\/\/conexmetals.com\/wp-content\/uploads\/2025\/01\/Placas-de-Gancho.webp","datePublished":"2023-08-18T06:14:53+00:00","dateModified":"2025-01-07T06:48:17+00:00","description":"Descubra as Placas de Gancho da Conex Metals, incluindo Placas de Gancho para Teto e Placas de Gancho de A\u00e7o Inoxid\u00e1vel. Nossas Placas Decorativas com Gancho para Parede e Placas de Gancho de Seguran\u00e7a Industrial garantem solu\u00e7\u00f5es de montagem seguras e ajust\u00e1veis. Fabricante, exportador e fornecedor confi\u00e1vel da \u00cdndia","breadcrumb":{"@id":"https:\/\/conexmetals.com\/pt-br\/produto\/placas-de-gancho\/#breadcrumb"},"inLanguage":"pt-BR","potentialAction":[{"@type":"ReadAction","target":["https:\/\/conexmetals.com\/pt-br\/produto\/placas-de-gancho\/"]}]},{"@type":"ImageObject","inLanguage":"pt-BR","@id":"https:\/\/conexmetals.com\/pt-br\/produto\/placas-de-gancho\/#primaryimage","url":"https:\/\/conexmetals.com\/wp-content\/uploads\/2025\/01\/Placas-de-Gancho.webp","contentUrl":"https:\/\/conexmetals.com\/wp-content\/uploads\/2025\/01\/Placas-de-Gancho.webp","width":301,"height":301,"caption":"Placas de Gancho"},{"@type":"BreadcrumbList","@id":"https:\/\/conexmetals.com\/pt-br\/produto\/placas-de-gancho\/#breadcrumb","itemListElement":[{"@type":"ListItem","position":1,"name":"Home","item":"https:\/\/conexmetals.com\/pt-br\/lar\/"},{"@type":"ListItem","position":2,"name":"Products","item":"https:\/\/conexmetals.com\/products\/"},{"@type":"ListItem","position":3,"name":"Placas de Gancho"}]},{"@type":"WebSite","@id":"https:\/\/conexmetals.com\/pt-br\/#website","url":"https:\/\/conexmetals.com\/pt-br\/","name":"Conex Metals Brass Fittings Brass Parts Copper Parts Brass Components Brass Plumbing Fittings India","description":"Manufacturer of Bronze Fittings casting Copper Brass parts components","publisher":{"@id":"https:\/\/conexmetals.com\/pt-br\/#organization"},"potentialAction":[{"@type":"SearchAction","target":{"@type":"EntryPoint","urlTemplate":"https:\/\/conexmetals.com\/pt-br\/?s={search_term_string}"},"query-input":{"@type":"PropertyValueSpecification","valueRequired":true,"valueName":"search_term_string"}}],"inLanguage":"pt-BR"},{"@type":"Organization","@id":"https:\/\/conexmetals.com\/pt-br\/#organization","name":"Conex Metals Brass Fittings Brass Parts Copper Parts Brass Components Brass Plumbing Fittings India","url":"https:\/\/conexmetals.com\/pt-br\/","logo":{"@type":"ImageObject","inLanguage":"pt-BR","@id":"https:\/\/conexmetals.com\/pt-br\/#\/schema\/logo\/image\/","url":"https:\/\/conexmetals.com\/wp-content\/uploads\/2024\/03\/conex-metals-logo.webp","contentUrl":"https:\/\/conexmetals.com\/wp-content\/uploads\/2024\/03\/conex-metals-logo.webp","width":300,"height":121,"caption":"Conex Metals Brass Fittings Brass Parts Copper Parts Brass Components Brass Plumbing Fittings India"},"image":{"@id":"https:\/\/conexmetals.com\/pt-br\/#\/schema\/logo\/image\/"},"sameAs":["https:\/\/www.facebook.com\/conexbrass","https:\/\/x.com\/conexindia","https:\/\/www.linkedin.com\/company\/conex-metals-india\/","https:\/\/www.instagram.com\/conexindia\/"]}]}},"_links":{"self":[{"href":"https:\/\/conexmetals.com\/pt-br\/wp-json\/wp\/v2\/product\/12791","targetHints":{"allow":["GET"]}}],"collection":[{"href":"https:\/\/conexmetals.com\/pt-br\/wp-json\/wp\/v2\/product"}],"about":[{"href":"https:\/\/conexmetals.com\/pt-br\/wp-json\/wp\/v2\/types\/product"}],"wp:featuredmedia":[{"embeddable":true,"href":"https:\/\/conexmetals.com\/pt-br\/wp-json\/wp\/v2\/media\/12630"}],"wp:attachment":[{"href":"https:\/\/conexmetals.com\/pt-br\/wp-json\/wp\/v2\/media?parent=12791"}],"wp:term":[{"taxonomy":"product_brand","embeddable":true,"href":"https:\/\/conexmetals.com\/pt-br\/wp-json\/wp\/v2\/product_brand?post=12791"},{"taxonomy":"product_cat","embeddable":true,"href":"https:\/\/conexmetals.com\/pt-br\/wp-json\/wp\/v2\/product_cat?post=12791"},{"taxonomy":"product_tag","embeddable":true,"href":"https:\/\/conexmetals.com\/pt-br\/wp-json\/wp\/v2\/product_tag?post=12791"}],"curies":[{"name":"wp","href":"https:\/\/api.w.org\/{rel}","templated":true}]}}