{"id":12796,"date":"2023-08-18T10:49:58","date_gmt":"2023-08-18T05:19:58","guid":{"rendered":"https:\/\/conexmetals.com\/?post_type=product&#038;p=12796"},"modified":"2025-01-07T12:31:10","modified_gmt":"2025-01-07T07:01:10","slug":"tes-e-cotovelos-de-inspecao-com-tampa-e-parafuso","status":"publish","type":"product","link":"https:\/\/conexmetals.com\/pt-br\/produto\/tes-e-cotovelos-de-inspecao-com-tampa-e-parafuso\/","title":{"rendered":"T\u00eas e Cotovelos de Inspe\u00e7\u00e3o com Tampa e Parafuso"},"content":{"rendered":"","protected":false},"excerpt":{"rendered":"<p><strong>Caixa de jun\u00e7\u00e3o circular el\u00e9trica de alum\u00ednio BS \u2013 Elbow Way<\/strong><\/p>\n<table id=\"tablepress-398\" class=\"tablepress tablepress-id-398\">\n<caption>\u00a0<\/caption>\n<thead>\n<tr class=\"row-1 odd\">\n<th class=\"column-1\" colspan=\"2\"><strong>Ficha T\u00e9cnica<\/strong><\/th>\n<\/tr>\n<\/thead>\n<tbody class=\"row-hover\">\n<tr class=\"row-2 even\">\n<td class=\"column-1\"><strong>Material<\/strong><\/td>\n<td class=\"column-2\">Ferro male\u00e1vel, alum\u00ednio<\/td>\n<\/tr>\n<tr class=\"row-3 odd\">\n<td class=\"column-1\"><strong>Conformidade com os padr\u00f5es<\/strong><\/td>\n<td class=\"column-2\">BS4568\/BS31<\/td>\n<\/tr>\n<tr class=\"row-4 even\">\n<td class=\"column-1\"><strong>Tamanhos dispon\u00edveis<\/strong><\/td>\n<td class=\"column-2\">20 mm, 25 mm, 3\/4\u201d, 1\u201d<\/td>\n<\/tr>\n<\/tbody>\n<\/table>\n<table id=\"tablepress-399\" class=\"tablepress tablepress-id-399\">\n<caption>\u00a0<\/caption>\n<thead>\n<tr class=\"row-1 odd\">\n<th class=\"column-1\" colspan=\"2\"><strong>Especifica\u00e7\u00f5es<\/strong><\/th>\n<\/tr>\n<\/thead>\n<tbody class=\"row-hover\">\n<tr class=\"row-2 even\">\n<td class=\"column-1\"><strong>Di\u00e2metro interno<\/strong><\/td>\n<td class=\"column-2\">60,3 mm<\/td>\n<\/tr>\n<tr class=\"row-3 odd\">\n<td class=\"column-1\"><strong>Profundidade<\/strong><\/td>\n<td class=\"column-2\">25,4 mm<\/td>\n<\/tr>\n<tr class=\"row-4 even\">\n<td class=\"column-1\"><strong>Rosqueamento<\/strong><\/td>\n<td class=\"column-2\">M4 para tamanhos m\u00e9tricos e 2BA para tamanhos imperiais<\/td>\n<\/tr>\n<tr class=\"row-5 odd\">\n<td class=\"column-1\"><strong>Furo para parafuso de aterramento<\/strong><\/td>\n<td class=\"column-2\">50,3 mm com base roscada<\/td>\n<\/tr>\n<\/tbody>\n<\/table>\n<p><strong>Principais caracter\u00edsticas e vantagens:<\/strong><\/p>\n<ul>\n<li><strong>Material de alum\u00ednio econ\u00f4mico:<\/strong>\u00a0leve e econ\u00f4mico.<\/li>\n<li><strong>Compatibilidade com rosca BS:<\/strong>\u00a0dispon\u00edvel com rosca BS para instala\u00e7\u00e3o perfeita.<\/li>\n<li><strong>Op\u00e7\u00f5es de tamanho padr\u00e3o:<\/strong>\u00a0Fornecido em tamanhos de 3\/4\u201d e 1\u201d para aplica\u00e7\u00f5es vers\u00e1teis.<\/li>\n<li><strong>Dimens\u00f5es compactas:<\/strong>\n<ul>\n<li>Altura da caixa de 3\/4\u2033: 25mm<\/li>\n<li>Altura da caixa de 1\u2033: 30mm<\/li>\n<\/ul>\n<\/li>\n<li><strong>Design aprimorado:<\/strong>\u00a0superior \u00e0s caixas circulares male\u00e1veis \u200b\u200bem durabilidade e funcionalidade.<\/li>\n<li><strong>Orif\u00edcios de tra\u00e7\u00e3o:<\/strong>\u00a0as caixas de distribui\u00e7\u00e3o incluem um \u00fanico orif\u00edcio de tra\u00e7\u00e3o para facilitar o acesso \u00e0 fia\u00e7\u00e3o.<\/li>\n<li><strong>Tamanhos adicionais dispon\u00edveis:<\/strong>\u00a020 mm e 25 mm.<\/li>\n<\/ul>\n<p>\u201cT\u00eas de Inspe\u00e7\u00e3o\u201d e \u201cCotovelos com Tampa e Parafuso\u201d s\u00e3o termos tipicamente associados a conex\u00f5es de condu\u00edtes el\u00e9tricos. Vamos explicar brevemente cada um deles:<\/p>\n<ol>\n<li>Tees de inspe\u00e7\u00e3o: Um tee de inspe\u00e7\u00e3o \u00e9 um tipo de encaixe de condu\u00edte usado para fornecer um ponto de acesso conveniente em um percurso de condu\u00edte para inspe\u00e7\u00e3o, manuten\u00e7\u00e3o ou puxar fios. Ele tem um design em forma de T com uma tampa remov\u00edvel na parte superior ou lateral, permitindo f\u00e1cil entrada no condu\u00edte. Esses tees s\u00e3o especialmente \u00fateis em situa\u00e7\u00f5es em que pode ser necess\u00e1rio inspecionar ou solucionar problemas de fia\u00e7\u00e3o sem desmontar todo o sistema de condu\u00edte.<\/li>\n<li>Cotovelos com tampa e parafuso: Cotovelos s\u00e3o conex\u00f5es de condu\u00edte que permitem mudan\u00e7as direcionais na passagem do condu\u00edte, normalmente 90 graus ou 45 graus. \u201cCotovelos com tampa e parafuso\u201d geralmente se refere a um tipo espec\u00edfico de conex\u00e3o de cotovelo que vem com uma placa de cobertura e um parafuso para prender a tampa no lugar. A placa de cobertura \u00e9 usada para proteger a fia\u00e7\u00e3o interna e as conex\u00f5es dentro do cotovelo. Ela tamb\u00e9m evita que poeira, detritos e umidade entrem no condu\u00edte na junta do cotovelo.<\/li>\n<\/ol>\n<p>Ambos os tipos de conex\u00f5es s\u00e3o comumente usados \u200b\u200bem instala\u00e7\u00f5es el\u00e9tricas para garantir o roteamento adequado dos fios, prote\u00e7\u00e3o e f\u00e1cil acesso para fins de manuten\u00e7\u00e3o e inspe\u00e7\u00e3o.<\/p>\n","protected":false},"featured_media":12778,"template":"","meta":[],"product_brand":[],"product_cat":[385],"product_tag":[],"class_list":{"0":"post-12796","1":"product","2":"type-product","3":"status-publish","4":"has-post-thumbnail","6":"product_cat-conexoes-de-conduite-de-aco-gi-galvanizado","8":"first","9":"instock","10":"shipping-taxable","11":"product-type-simple"},"yoast_head":"<!-- This site is optimized with the Yoast SEO plugin v27.3 - https:\/\/yoast.com\/product\/yoast-seo-wordpress\/ -->\n<title>T\u00eas e Cotovelos de Inspe\u00e7\u00e3o com Tampa e Parafuso<\/title>\n<meta name=\"description\" content=\"A Conex Metals \u00e9 especializada em T\u00eas e Cotovelos de Inspe\u00e7\u00e3o com Tampa e Parafuso, incluindo T\u00eas de Inspe\u00e7\u00e3o para Condu\u00edtes El\u00e9tricos e Conex\u00f5es de Cotovelo com Tampa. Nossas Tampas de A\u00e7o Galvanizado para Cotovelos e Conex\u00f5es de Acesso com Parafuso garantem solu\u00e7\u00f5es confi\u00e1veis de inspe\u00e7\u00e3o e manuten\u00e7\u00e3o. L\u00edder como fabricante, exportador e fornecedor da \u00cdndia\" \/>\n<meta name=\"robots\" content=\"index, follow, max-snippet:-1, max-image-preview:large, max-video-preview:-1\" \/>\n<link rel=\"canonical\" href=\"https:\/\/conexmetals.com\/pt-br\/produto\/tes-e-cotovelos-de-inspecao-com-tampa-e-parafuso\/\" \/>\n<script type=\"application\/ld+json\" class=\"yoast-schema-graph\">{\"@context\":\"https:\\\/\\\/schema.org\",\"@graph\":[{\"@type\":\"WebPage\",\"@id\":\"https:\\\/\\\/conexmetals.com\\\/pt-br\\\/produto\\\/tes-e-cotovelos-de-inspecao-com-tampa-e-parafuso\\\/\",\"url\":\"https:\\\/\\\/conexmetals.com\\\/pt-br\\\/produto\\\/tes-e-cotovelos-de-inspecao-com-tampa-e-parafuso\\\/\",\"name\":\"T\u00eas e Cotovelos de Inspe\u00e7\u00e3o com Tampa e Parafuso\",\"isPartOf\":{\"@id\":\"https:\\\/\\\/conexmetals.com\\\/pt-br\\\/#website\"},\"primaryImageOfPage\":{\"@id\":\"https:\\\/\\\/conexmetals.com\\\/pt-br\\\/produto\\\/tes-e-cotovelos-de-inspecao-com-tampa-e-parafuso\\\/#primaryimage\"},\"image\":{\"@id\":\"https:\\\/\\\/conexmetals.com\\\/pt-br\\\/produto\\\/tes-e-cotovelos-de-inspecao-com-tampa-e-parafuso\\\/#primaryimage\"},\"thumbnailUrl\":\"https:\\\/\\\/conexmetals.com\\\/wp-content\\\/uploads\\\/2025\\\/01\\\/Tes-e-Curvas-de-Inspecao-com-Tampa-e-Parafuso.webp\",\"datePublished\":\"2023-08-18T05:19:58+00:00\",\"dateModified\":\"2025-01-07T07:01:10+00:00\",\"description\":\"A Conex Metals \u00e9 especializada em T\u00eas e Cotovelos de Inspe\u00e7\u00e3o com Tampa e Parafuso, incluindo T\u00eas de Inspe\u00e7\u00e3o para Condu\u00edtes El\u00e9tricos e Conex\u00f5es de Cotovelo com Tampa. Nossas Tampas de A\u00e7o Galvanizado para Cotovelos e Conex\u00f5es de Acesso com Parafuso garantem solu\u00e7\u00f5es confi\u00e1veis de inspe\u00e7\u00e3o e manuten\u00e7\u00e3o. L\u00edder como fabricante, exportador e fornecedor da \u00cdndia\",\"breadcrumb\":{\"@id\":\"https:\\\/\\\/conexmetals.com\\\/pt-br\\\/produto\\\/tes-e-cotovelos-de-inspecao-com-tampa-e-parafuso\\\/#breadcrumb\"},\"inLanguage\":\"pt-BR\",\"potentialAction\":[{\"@type\":\"ReadAction\",\"target\":[\"https:\\\/\\\/conexmetals.com\\\/pt-br\\\/produto\\\/tes-e-cotovelos-de-inspecao-com-tampa-e-parafuso\\\/\"]}]},{\"@type\":\"ImageObject\",\"inLanguage\":\"pt-BR\",\"@id\":\"https:\\\/\\\/conexmetals.com\\\/pt-br\\\/produto\\\/tes-e-cotovelos-de-inspecao-com-tampa-e-parafuso\\\/#primaryimage\",\"url\":\"https:\\\/\\\/conexmetals.com\\\/wp-content\\\/uploads\\\/2025\\\/01\\\/Tes-e-Curvas-de-Inspecao-com-Tampa-e-Parafuso.webp\",\"contentUrl\":\"https:\\\/\\\/conexmetals.com\\\/wp-content\\\/uploads\\\/2025\\\/01\\\/Tes-e-Curvas-de-Inspecao-com-Tampa-e-Parafuso.webp\",\"width\":300,\"height\":300,\"caption\":\"T\u00eas e Curvas de Inspe\u00e7\u00e3o com Tampa e Parafuso\"},{\"@type\":\"BreadcrumbList\",\"@id\":\"https:\\\/\\\/conexmetals.com\\\/pt-br\\\/produto\\\/tes-e-cotovelos-de-inspecao-com-tampa-e-parafuso\\\/#breadcrumb\",\"itemListElement\":[{\"@type\":\"ListItem\",\"position\":1,\"name\":\"Home\",\"item\":\"https:\\\/\\\/conexmetals.com\\\/pt-br\\\/lar\\\/\"},{\"@type\":\"ListItem\",\"position\":2,\"name\":\"Products\",\"item\":\"https:\\\/\\\/conexmetals.com\\\/products\\\/\"},{\"@type\":\"ListItem\",\"position\":3,\"name\":\"T\u00eas e Cotovelos de Inspe\u00e7\u00e3o com Tampa e Parafuso\"}]},{\"@type\":\"WebSite\",\"@id\":\"https:\\\/\\\/conexmetals.com\\\/pt-br\\\/#website\",\"url\":\"https:\\\/\\\/conexmetals.com\\\/pt-br\\\/\",\"name\":\"Conex Metals Brass Fittings Brass Parts Copper Parts Brass Components Brass Plumbing Fittings India\",\"description\":\"Manufacturer of Bronze Fittings casting Copper Brass parts components\",\"publisher\":{\"@id\":\"https:\\\/\\\/conexmetals.com\\\/pt-br\\\/#organization\"},\"potentialAction\":[{\"@type\":\"SearchAction\",\"target\":{\"@type\":\"EntryPoint\",\"urlTemplate\":\"https:\\\/\\\/conexmetals.com\\\/pt-br\\\/?s={search_term_string}\"},\"query-input\":{\"@type\":\"PropertyValueSpecification\",\"valueRequired\":true,\"valueName\":\"search_term_string\"}}],\"inLanguage\":\"pt-BR\"},{\"@type\":\"Organization\",\"@id\":\"https:\\\/\\\/conexmetals.com\\\/pt-br\\\/#organization\",\"name\":\"Conex Metals Brass Fittings Brass Parts Copper Parts Brass Components Brass Plumbing Fittings India\",\"url\":\"https:\\\/\\\/conexmetals.com\\\/pt-br\\\/\",\"logo\":{\"@type\":\"ImageObject\",\"inLanguage\":\"pt-BR\",\"@id\":\"https:\\\/\\\/conexmetals.com\\\/pt-br\\\/#\\\/schema\\\/logo\\\/image\\\/\",\"url\":\"https:\\\/\\\/conexmetals.com\\\/wp-content\\\/uploads\\\/2024\\\/03\\\/conex-metals-logo.webp\",\"contentUrl\":\"https:\\\/\\\/conexmetals.com\\\/wp-content\\\/uploads\\\/2024\\\/03\\\/conex-metals-logo.webp\",\"width\":300,\"height\":121,\"caption\":\"Conex Metals Brass Fittings Brass Parts Copper Parts Brass Components Brass Plumbing Fittings India\"},\"image\":{\"@id\":\"https:\\\/\\\/conexmetals.com\\\/pt-br\\\/#\\\/schema\\\/logo\\\/image\\\/\"},\"sameAs\":[\"https:\\\/\\\/www.facebook.com\\\/conexbrass\",\"https:\\\/\\\/x.com\\\/conexindia\",\"https:\\\/\\\/www.linkedin.com\\\/company\\\/conex-metals-india\\\/\",\"https:\\\/\\\/www.instagram.com\\\/conexindia\\\/\"]}]}<\/script>\n<!-- \/ Yoast SEO plugin. -->","yoast_head_json":{"title":"T\u00eas e Cotovelos de Inspe\u00e7\u00e3o com Tampa e Parafuso","description":"A Conex Metals \u00e9 especializada em T\u00eas e Cotovelos de Inspe\u00e7\u00e3o com Tampa e Parafuso, incluindo T\u00eas de Inspe\u00e7\u00e3o para Condu\u00edtes El\u00e9tricos e Conex\u00f5es de Cotovelo com Tampa. Nossas Tampas de A\u00e7o Galvanizado para Cotovelos e Conex\u00f5es de Acesso com Parafuso garantem solu\u00e7\u00f5es confi\u00e1veis de inspe\u00e7\u00e3o e manuten\u00e7\u00e3o. L\u00edder como fabricante, exportador e fornecedor da \u00cdndia","robots":{"index":"index","follow":"follow","max-snippet":"max-snippet:-1","max-image-preview":"max-image-preview:large","max-video-preview":"max-video-preview:-1"},"canonical":"https:\/\/conexmetals.com\/pt-br\/produto\/tes-e-cotovelos-de-inspecao-com-tampa-e-parafuso\/","schema":{"@context":"https:\/\/schema.org","@graph":[{"@type":"WebPage","@id":"https:\/\/conexmetals.com\/pt-br\/produto\/tes-e-cotovelos-de-inspecao-com-tampa-e-parafuso\/","url":"https:\/\/conexmetals.com\/pt-br\/produto\/tes-e-cotovelos-de-inspecao-com-tampa-e-parafuso\/","name":"T\u00eas e Cotovelos de Inspe\u00e7\u00e3o com Tampa e Parafuso","isPartOf":{"@id":"https:\/\/conexmetals.com\/pt-br\/#website"},"primaryImageOfPage":{"@id":"https:\/\/conexmetals.com\/pt-br\/produto\/tes-e-cotovelos-de-inspecao-com-tampa-e-parafuso\/#primaryimage"},"image":{"@id":"https:\/\/conexmetals.com\/pt-br\/produto\/tes-e-cotovelos-de-inspecao-com-tampa-e-parafuso\/#primaryimage"},"thumbnailUrl":"https:\/\/conexmetals.com\/wp-content\/uploads\/2025\/01\/Tes-e-Curvas-de-Inspecao-com-Tampa-e-Parafuso.webp","datePublished":"2023-08-18T05:19:58+00:00","dateModified":"2025-01-07T07:01:10+00:00","description":"A Conex Metals \u00e9 especializada em T\u00eas e Cotovelos de Inspe\u00e7\u00e3o com Tampa e Parafuso, incluindo T\u00eas de Inspe\u00e7\u00e3o para Condu\u00edtes El\u00e9tricos e Conex\u00f5es de Cotovelo com Tampa. Nossas Tampas de A\u00e7o Galvanizado para Cotovelos e Conex\u00f5es de Acesso com Parafuso garantem solu\u00e7\u00f5es confi\u00e1veis de inspe\u00e7\u00e3o e manuten\u00e7\u00e3o. L\u00edder como fabricante, exportador e fornecedor da \u00cdndia","breadcrumb":{"@id":"https:\/\/conexmetals.com\/pt-br\/produto\/tes-e-cotovelos-de-inspecao-com-tampa-e-parafuso\/#breadcrumb"},"inLanguage":"pt-BR","potentialAction":[{"@type":"ReadAction","target":["https:\/\/conexmetals.com\/pt-br\/produto\/tes-e-cotovelos-de-inspecao-com-tampa-e-parafuso\/"]}]},{"@type":"ImageObject","inLanguage":"pt-BR","@id":"https:\/\/conexmetals.com\/pt-br\/produto\/tes-e-cotovelos-de-inspecao-com-tampa-e-parafuso\/#primaryimage","url":"https:\/\/conexmetals.com\/wp-content\/uploads\/2025\/01\/Tes-e-Curvas-de-Inspecao-com-Tampa-e-Parafuso.webp","contentUrl":"https:\/\/conexmetals.com\/wp-content\/uploads\/2025\/01\/Tes-e-Curvas-de-Inspecao-com-Tampa-e-Parafuso.webp","width":300,"height":300,"caption":"T\u00eas e Curvas de Inspe\u00e7\u00e3o com Tampa e Parafuso"},{"@type":"BreadcrumbList","@id":"https:\/\/conexmetals.com\/pt-br\/produto\/tes-e-cotovelos-de-inspecao-com-tampa-e-parafuso\/#breadcrumb","itemListElement":[{"@type":"ListItem","position":1,"name":"Home","item":"https:\/\/conexmetals.com\/pt-br\/lar\/"},{"@type":"ListItem","position":2,"name":"Products","item":"https:\/\/conexmetals.com\/products\/"},{"@type":"ListItem","position":3,"name":"T\u00eas e Cotovelos de Inspe\u00e7\u00e3o com Tampa e Parafuso"}]},{"@type":"WebSite","@id":"https:\/\/conexmetals.com\/pt-br\/#website","url":"https:\/\/conexmetals.com\/pt-br\/","name":"Conex Metals Brass Fittings Brass Parts Copper Parts Brass Components Brass Plumbing Fittings India","description":"Manufacturer of Bronze Fittings casting Copper Brass parts components","publisher":{"@id":"https:\/\/conexmetals.com\/pt-br\/#organization"},"potentialAction":[{"@type":"SearchAction","target":{"@type":"EntryPoint","urlTemplate":"https:\/\/conexmetals.com\/pt-br\/?s={search_term_string}"},"query-input":{"@type":"PropertyValueSpecification","valueRequired":true,"valueName":"search_term_string"}}],"inLanguage":"pt-BR"},{"@type":"Organization","@id":"https:\/\/conexmetals.com\/pt-br\/#organization","name":"Conex Metals Brass Fittings Brass Parts Copper Parts Brass Components Brass Plumbing Fittings India","url":"https:\/\/conexmetals.com\/pt-br\/","logo":{"@type":"ImageObject","inLanguage":"pt-BR","@id":"https:\/\/conexmetals.com\/pt-br\/#\/schema\/logo\/image\/","url":"https:\/\/conexmetals.com\/wp-content\/uploads\/2024\/03\/conex-metals-logo.webp","contentUrl":"https:\/\/conexmetals.com\/wp-content\/uploads\/2024\/03\/conex-metals-logo.webp","width":300,"height":121,"caption":"Conex Metals Brass Fittings Brass Parts Copper Parts Brass Components Brass Plumbing Fittings India"},"image":{"@id":"https:\/\/conexmetals.com\/pt-br\/#\/schema\/logo\/image\/"},"sameAs":["https:\/\/www.facebook.com\/conexbrass","https:\/\/x.com\/conexindia","https:\/\/www.linkedin.com\/company\/conex-metals-india\/","https:\/\/www.instagram.com\/conexindia\/"]}]}},"_links":{"self":[{"href":"https:\/\/conexmetals.com\/pt-br\/wp-json\/wp\/v2\/product\/12796","targetHints":{"allow":["GET"]}}],"collection":[{"href":"https:\/\/conexmetals.com\/pt-br\/wp-json\/wp\/v2\/product"}],"about":[{"href":"https:\/\/conexmetals.com\/pt-br\/wp-json\/wp\/v2\/types\/product"}],"wp:featuredmedia":[{"embeddable":true,"href":"https:\/\/conexmetals.com\/pt-br\/wp-json\/wp\/v2\/media\/12778"}],"wp:attachment":[{"href":"https:\/\/conexmetals.com\/pt-br\/wp-json\/wp\/v2\/media?parent=12796"}],"wp:term":[{"taxonomy":"product_brand","embeddable":true,"href":"https:\/\/conexmetals.com\/pt-br\/wp-json\/wp\/v2\/product_brand?post=12796"},{"taxonomy":"product_cat","embeddable":true,"href":"https:\/\/conexmetals.com\/pt-br\/wp-json\/wp\/v2\/product_cat?post=12796"},{"taxonomy":"product_tag","embeddable":true,"href":"https:\/\/conexmetals.com\/pt-br\/wp-json\/wp\/v2\/product_tag?post=12796"}],"curies":[{"name":"wp","href":"https:\/\/api.w.org\/{rel}","templated":true}]}}