{"id":12801,"date":"2023-08-18T10:57:14","date_gmt":"2023-08-18T05:27:14","guid":{"rendered":"https:\/\/conexmetals.com\/?post_type=product&#038;p=12801"},"modified":"2025-01-07T12:39:11","modified_gmt":"2025-01-07T07:09:11","slug":"tampas-para-caixas-de-juncao","status":"publish","type":"product","link":"https:\/\/conexmetals.com\/pt-br\/produto\/tampas-para-caixas-de-juncao\/","title":{"rendered":"Tampas para Caixas de Jun\u00e7\u00e3o"},"content":{"rendered":"","protected":false},"excerpt":{"rendered":"<div class=\"elementor-element elementor-element-672075d elementor-widget__width-initial e-transform elementor-widget-mobile__width-initial elementor-widget elementor-widget-woocommerce-product-images\" data-id=\"672075d\" data-element_type=\"widget\" data-settings=\"{&quot;_transform_scale_effect&quot;:{&quot;unit&quot;:&quot;px&quot;,&quot;size&quot;:1,&quot;sizes&quot;:[]},&quot;_transform_scale_effect_tablet&quot;:{&quot;unit&quot;:&quot;px&quot;,&quot;size&quot;:&quot;&quot;,&quot;sizes&quot;:[]},&quot;_transform_scale_effect_mobile&quot;:{&quot;unit&quot;:&quot;px&quot;,&quot;size&quot;:&quot;&quot;,&quot;sizes&quot;:[]}}\" data-widget_type=\"woocommerce-product-images.default\">\n<div class=\"elementor-widget-container\">\n<div class=\"woocommerce-product-gallery woocommerce-product-gallery--with-images woocommerce-product-gallery--columns-4 images\" data-columns=\"4\">\n<div class=\"woocommerce-product-gallery__wrapper\">\n<div class=\"woocommerce-product-gallery__image\" data-thumb=\"https:\/\/conexmetals.com\/wp-content\/uploads\/2023\/08\/Junction-Box-Cover-Lids-100x100.webp\" data-thumb-alt=\"Junction-Box-Cover-Lids\" data-thumb-srcset=\"https:\/\/conexmetals.com\/wp-content\/uploads\/2023\/08\/Junction-Box-Cover-Lids-100x100.webp 100w, https:\/\/conexmetals.com\/wp-content\/uploads\/2023\/08\/Junction-Box-Cover-Lids-150x150.webp 150w, https:\/\/conexmetals.com\/wp-content\/uploads\/2023\/08\/Junction-Box-Cover-Lids.webp 300w\"><\/div>\n<\/div>\n<\/div>\n<\/div>\n<\/div>\n<div class=\"elementor-element elementor-element-36d2ab8 elementor-widget elementor-widget-woocommerce-product-short-description\" data-id=\"36d2ab8\" data-element_type=\"widget\" data-widget_type=\"woocommerce-product-short-description.default\">\n<div class=\"elementor-widget-container\">\n<div class=\"woocommerce-product-details__short-description\">\n<table id=\"tablepress-400\" class=\"tablepress tablepress-id-400\">\n<caption>\u00a0<\/caption>\n<thead>\n<tr class=\"row-1 odd\">\n<th class=\"column-1\" colspan=\"2\"><strong><span>Ficha T\u00e9cnica<\/span><\/strong><\/th>\n<\/tr>\n<\/thead>\n<tbody class=\"row-hover\">\n<tr class=\"row-2 even\">\n<td class=\"column-1\"><strong><span>Tamanhos<\/span><\/strong><\/td>\n<td class=\"column-2\"><span>20 mm e 3\/4&#8243;<\/span><\/td>\n<\/tr>\n<tr class=\"row-3 odd\">\n<td class=\"column-1\"><strong><span>Material<\/span><\/strong><\/td>\n<td class=\"column-2\"><span>A\u00e7o macio<\/span><\/td>\n<\/tr>\n<tr class=\"row-4 even\">\n<td class=\"column-1\"><strong><span>Terminar<\/span><\/strong><\/td>\n<td class=\"column-2\"><span>Galvanizado e esmaltado em preto<\/span><\/td>\n<\/tr>\n<\/tbody>\n<\/table>\n<p><span>As tampas de cobertura de caixa de jun\u00e7\u00e3o s\u00e3o capas protetoras usadas para fechar e proteger as aberturas de caixas de jun\u00e7\u00e3o. Caixas de jun\u00e7\u00e3o s\u00e3o inv\u00f3lucros el\u00e9tricos usados \u200b\u200bpara abrigar conex\u00f5es el\u00e9tricas, como emendas ou termina\u00e7\u00f5es de fios. Essas caixas s\u00e3o uma parte essencial das instala\u00e7\u00f5es el\u00e9tricas, fornecendo seguran\u00e7a, organiza\u00e7\u00e3o e prote\u00e7\u00e3o \u00e0s conex\u00f5es el\u00e9tricas.<\/span><\/p>\n<p><span>A tampa de cobertura \u00e9 um componente integral da caixa de jun\u00e7\u00e3o e atende a v\u00e1rios prop\u00f3sitos:<\/span><\/p>\n<ol>\n<li><span>Seguran\u00e7a: A tampa de cobertura evita o contato acidental com componentes el\u00e9tricos energizados dentro da caixa de jun\u00e7\u00e3o, reduzindo o risco de choque el\u00e9trico ou ferimentos.<\/span><\/li>\n<li><span>Prote\u00e7\u00e3o: Protege as conex\u00f5es e componentes el\u00e9tricos contra poeira, sujeira, umidade e outros fatores ambientais, evitando poss\u00edveis danos e garantindo confiabilidade a longo prazo.<\/span><\/li>\n<li><span>Conformidade: Em muitos c\u00f3digos e regulamenta\u00e7\u00f5es el\u00e9tricas, o uso de uma tampa de cobertura em caixas de jun\u00e7\u00e3o \u00e9 um requisito para garantir a conformidade com os padr\u00f5es de seguran\u00e7a.<\/span><\/li>\n<\/ol>\n<p><span>As tampas de cobertura para caixas de jun\u00e7\u00e3o v\u00eam em v\u00e1rios formatos e tamanhos, dependendo do tipo de caixa de jun\u00e7\u00e3o e sua aplica\u00e7\u00e3o espec\u00edfica. Elas s\u00e3o tipicamente feitas de materiais dur\u00e1veis, como metal, ou materiais n\u00e3o met\u00e1licos, como pl\u00e1stico ou PVC. Algumas tampas de cobertura podem ter juntas ou veda\u00e7\u00f5es integradas para fornecer prote\u00e7\u00e3o adicional contra a entrada de umidade.<\/span><\/p>\n<\/div>\n<\/div>\n<\/div>\n","protected":false},"featured_media":12783,"template":"","meta":[],"product_brand":[],"product_cat":[385],"product_tag":[],"class_list":{"0":"post-12801","1":"product","2":"type-product","3":"status-publish","4":"has-post-thumbnail","6":"product_cat-conexoes-de-conduite-de-aco-gi-galvanizado","8":"first","9":"instock","10":"shipping-taxable","11":"product-type-simple"},"yoast_head":"<!-- This site is optimized with the Yoast SEO plugin v27.3 - https:\/\/yoast.com\/product\/yoast-seo-wordpress\/ -->\n<title>Tampas para Caixas de Jun\u00e7\u00e3o<\/title>\n<meta name=\"description\" content=\"Explore as Tampas para Caixas de Jun\u00e7\u00e3o da Conex Metals, incluindo Caixas de Jun\u00e7\u00e3o El\u00e9tricas e Tampas \u00e0 Prova d\u2019\u00c1gua. Nossas Tampas para Caixas El\u00e9tricas Externas e Tampas para Caixas de Jun\u00e7\u00e3o Resistentes ao Tempo oferecem prote\u00e7\u00e3o dur\u00e1vel e segura para compartimentos el\u00e9tricos. Fabricante, exportador e fornecedor confi\u00e1vel da \u00cdndia.\" \/>\n<meta name=\"robots\" content=\"index, follow, max-snippet:-1, max-image-preview:large, max-video-preview:-1\" \/>\n<link rel=\"canonical\" href=\"https:\/\/conexmetals.com\/pt-br\/produto\/tampas-para-caixas-de-juncao\/\" \/>\n<script type=\"application\/ld+json\" class=\"yoast-schema-graph\">{\"@context\":\"https:\\\/\\\/schema.org\",\"@graph\":[{\"@type\":\"WebPage\",\"@id\":\"https:\\\/\\\/conexmetals.com\\\/pt-br\\\/produto\\\/tampas-para-caixas-de-juncao\\\/\",\"url\":\"https:\\\/\\\/conexmetals.com\\\/pt-br\\\/produto\\\/tampas-para-caixas-de-juncao\\\/\",\"name\":\"Tampas para Caixas de Jun\u00e7\u00e3o\",\"isPartOf\":{\"@id\":\"https:\\\/\\\/conexmetals.com\\\/pt-br\\\/#website\"},\"primaryImageOfPage\":{\"@id\":\"https:\\\/\\\/conexmetals.com\\\/pt-br\\\/produto\\\/tampas-para-caixas-de-juncao\\\/#primaryimage\"},\"image\":{\"@id\":\"https:\\\/\\\/conexmetals.com\\\/pt-br\\\/produto\\\/tampas-para-caixas-de-juncao\\\/#primaryimage\"},\"thumbnailUrl\":\"https:\\\/\\\/conexmetals.com\\\/wp-content\\\/uploads\\\/2025\\\/01\\\/Tampas-de-Caixas-de-Juncao-1.webp\",\"datePublished\":\"2023-08-18T05:27:14+00:00\",\"dateModified\":\"2025-01-07T07:09:11+00:00\",\"description\":\"Explore as Tampas para Caixas de Jun\u00e7\u00e3o da Conex Metals, incluindo Caixas de Jun\u00e7\u00e3o El\u00e9tricas e Tampas \u00e0 Prova d\u2019\u00c1gua. Nossas Tampas para Caixas El\u00e9tricas Externas e Tampas para Caixas de Jun\u00e7\u00e3o Resistentes ao Tempo oferecem prote\u00e7\u00e3o dur\u00e1vel e segura para compartimentos el\u00e9tricos. Fabricante, exportador e fornecedor confi\u00e1vel da \u00cdndia.\",\"breadcrumb\":{\"@id\":\"https:\\\/\\\/conexmetals.com\\\/pt-br\\\/produto\\\/tampas-para-caixas-de-juncao\\\/#breadcrumb\"},\"inLanguage\":\"pt-BR\",\"potentialAction\":[{\"@type\":\"ReadAction\",\"target\":[\"https:\\\/\\\/conexmetals.com\\\/pt-br\\\/produto\\\/tampas-para-caixas-de-juncao\\\/\"]}]},{\"@type\":\"ImageObject\",\"inLanguage\":\"pt-BR\",\"@id\":\"https:\\\/\\\/conexmetals.com\\\/pt-br\\\/produto\\\/tampas-para-caixas-de-juncao\\\/#primaryimage\",\"url\":\"https:\\\/\\\/conexmetals.com\\\/wp-content\\\/uploads\\\/2025\\\/01\\\/Tampas-de-Caixas-de-Juncao-1.webp\",\"contentUrl\":\"https:\\\/\\\/conexmetals.com\\\/wp-content\\\/uploads\\\/2025\\\/01\\\/Tampas-de-Caixas-de-Juncao-1.webp\",\"width\":300,\"height\":300,\"caption\":\"Tampas de Caixas de Jun\u00e7\u00e3o\"},{\"@type\":\"BreadcrumbList\",\"@id\":\"https:\\\/\\\/conexmetals.com\\\/pt-br\\\/produto\\\/tampas-para-caixas-de-juncao\\\/#breadcrumb\",\"itemListElement\":[{\"@type\":\"ListItem\",\"position\":1,\"name\":\"Home\",\"item\":\"https:\\\/\\\/conexmetals.com\\\/pt-br\\\/lar\\\/\"},{\"@type\":\"ListItem\",\"position\":2,\"name\":\"Products\",\"item\":\"https:\\\/\\\/conexmetals.com\\\/products\\\/\"},{\"@type\":\"ListItem\",\"position\":3,\"name\":\"Tampas para Caixas de Jun\u00e7\u00e3o\"}]},{\"@type\":\"WebSite\",\"@id\":\"https:\\\/\\\/conexmetals.com\\\/pt-br\\\/#website\",\"url\":\"https:\\\/\\\/conexmetals.com\\\/pt-br\\\/\",\"name\":\"Conex Metals Brass Fittings Brass Parts Copper Parts Brass Components Brass Plumbing Fittings India\",\"description\":\"Manufacturer of Bronze Fittings casting Copper Brass parts components\",\"publisher\":{\"@id\":\"https:\\\/\\\/conexmetals.com\\\/pt-br\\\/#organization\"},\"potentialAction\":[{\"@type\":\"SearchAction\",\"target\":{\"@type\":\"EntryPoint\",\"urlTemplate\":\"https:\\\/\\\/conexmetals.com\\\/pt-br\\\/?s={search_term_string}\"},\"query-input\":{\"@type\":\"PropertyValueSpecification\",\"valueRequired\":true,\"valueName\":\"search_term_string\"}}],\"inLanguage\":\"pt-BR\"},{\"@type\":\"Organization\",\"@id\":\"https:\\\/\\\/conexmetals.com\\\/pt-br\\\/#organization\",\"name\":\"Conex Metals Brass Fittings Brass Parts Copper Parts Brass Components Brass Plumbing Fittings India\",\"url\":\"https:\\\/\\\/conexmetals.com\\\/pt-br\\\/\",\"logo\":{\"@type\":\"ImageObject\",\"inLanguage\":\"pt-BR\",\"@id\":\"https:\\\/\\\/conexmetals.com\\\/pt-br\\\/#\\\/schema\\\/logo\\\/image\\\/\",\"url\":\"https:\\\/\\\/conexmetals.com\\\/wp-content\\\/uploads\\\/2024\\\/03\\\/conex-metals-logo.webp\",\"contentUrl\":\"https:\\\/\\\/conexmetals.com\\\/wp-content\\\/uploads\\\/2024\\\/03\\\/conex-metals-logo.webp\",\"width\":300,\"height\":121,\"caption\":\"Conex Metals Brass Fittings Brass Parts Copper Parts Brass Components Brass Plumbing Fittings India\"},\"image\":{\"@id\":\"https:\\\/\\\/conexmetals.com\\\/pt-br\\\/#\\\/schema\\\/logo\\\/image\\\/\"},\"sameAs\":[\"https:\\\/\\\/www.facebook.com\\\/conexbrass\",\"https:\\\/\\\/x.com\\\/conexindia\",\"https:\\\/\\\/www.linkedin.com\\\/company\\\/conex-metals-india\\\/\",\"https:\\\/\\\/www.instagram.com\\\/conexindia\\\/\"]}]}<\/script>\n<!-- \/ Yoast SEO plugin. -->","yoast_head_json":{"title":"Tampas para Caixas de Jun\u00e7\u00e3o","description":"Explore as Tampas para Caixas de Jun\u00e7\u00e3o da Conex Metals, incluindo Caixas de Jun\u00e7\u00e3o El\u00e9tricas e Tampas \u00e0 Prova d\u2019\u00c1gua. Nossas Tampas para Caixas El\u00e9tricas Externas e Tampas para Caixas de Jun\u00e7\u00e3o Resistentes ao Tempo oferecem prote\u00e7\u00e3o dur\u00e1vel e segura para compartimentos el\u00e9tricos. Fabricante, exportador e fornecedor confi\u00e1vel da \u00cdndia.","robots":{"index":"index","follow":"follow","max-snippet":"max-snippet:-1","max-image-preview":"max-image-preview:large","max-video-preview":"max-video-preview:-1"},"canonical":"https:\/\/conexmetals.com\/pt-br\/produto\/tampas-para-caixas-de-juncao\/","schema":{"@context":"https:\/\/schema.org","@graph":[{"@type":"WebPage","@id":"https:\/\/conexmetals.com\/pt-br\/produto\/tampas-para-caixas-de-juncao\/","url":"https:\/\/conexmetals.com\/pt-br\/produto\/tampas-para-caixas-de-juncao\/","name":"Tampas para Caixas de Jun\u00e7\u00e3o","isPartOf":{"@id":"https:\/\/conexmetals.com\/pt-br\/#website"},"primaryImageOfPage":{"@id":"https:\/\/conexmetals.com\/pt-br\/produto\/tampas-para-caixas-de-juncao\/#primaryimage"},"image":{"@id":"https:\/\/conexmetals.com\/pt-br\/produto\/tampas-para-caixas-de-juncao\/#primaryimage"},"thumbnailUrl":"https:\/\/conexmetals.com\/wp-content\/uploads\/2025\/01\/Tampas-de-Caixas-de-Juncao-1.webp","datePublished":"2023-08-18T05:27:14+00:00","dateModified":"2025-01-07T07:09:11+00:00","description":"Explore as Tampas para Caixas de Jun\u00e7\u00e3o da Conex Metals, incluindo Caixas de Jun\u00e7\u00e3o El\u00e9tricas e Tampas \u00e0 Prova d\u2019\u00c1gua. Nossas Tampas para Caixas El\u00e9tricas Externas e Tampas para Caixas de Jun\u00e7\u00e3o Resistentes ao Tempo oferecem prote\u00e7\u00e3o dur\u00e1vel e segura para compartimentos el\u00e9tricos. Fabricante, exportador e fornecedor confi\u00e1vel da \u00cdndia.","breadcrumb":{"@id":"https:\/\/conexmetals.com\/pt-br\/produto\/tampas-para-caixas-de-juncao\/#breadcrumb"},"inLanguage":"pt-BR","potentialAction":[{"@type":"ReadAction","target":["https:\/\/conexmetals.com\/pt-br\/produto\/tampas-para-caixas-de-juncao\/"]}]},{"@type":"ImageObject","inLanguage":"pt-BR","@id":"https:\/\/conexmetals.com\/pt-br\/produto\/tampas-para-caixas-de-juncao\/#primaryimage","url":"https:\/\/conexmetals.com\/wp-content\/uploads\/2025\/01\/Tampas-de-Caixas-de-Juncao-1.webp","contentUrl":"https:\/\/conexmetals.com\/wp-content\/uploads\/2025\/01\/Tampas-de-Caixas-de-Juncao-1.webp","width":300,"height":300,"caption":"Tampas de Caixas de Jun\u00e7\u00e3o"},{"@type":"BreadcrumbList","@id":"https:\/\/conexmetals.com\/pt-br\/produto\/tampas-para-caixas-de-juncao\/#breadcrumb","itemListElement":[{"@type":"ListItem","position":1,"name":"Home","item":"https:\/\/conexmetals.com\/pt-br\/lar\/"},{"@type":"ListItem","position":2,"name":"Products","item":"https:\/\/conexmetals.com\/products\/"},{"@type":"ListItem","position":3,"name":"Tampas para Caixas de Jun\u00e7\u00e3o"}]},{"@type":"WebSite","@id":"https:\/\/conexmetals.com\/pt-br\/#website","url":"https:\/\/conexmetals.com\/pt-br\/","name":"Conex Metals Brass Fittings Brass Parts Copper Parts Brass Components Brass Plumbing Fittings India","description":"Manufacturer of Bronze Fittings casting Copper Brass parts components","publisher":{"@id":"https:\/\/conexmetals.com\/pt-br\/#organization"},"potentialAction":[{"@type":"SearchAction","target":{"@type":"EntryPoint","urlTemplate":"https:\/\/conexmetals.com\/pt-br\/?s={search_term_string}"},"query-input":{"@type":"PropertyValueSpecification","valueRequired":true,"valueName":"search_term_string"}}],"inLanguage":"pt-BR"},{"@type":"Organization","@id":"https:\/\/conexmetals.com\/pt-br\/#organization","name":"Conex Metals Brass Fittings Brass Parts Copper Parts Brass Components Brass Plumbing Fittings India","url":"https:\/\/conexmetals.com\/pt-br\/","logo":{"@type":"ImageObject","inLanguage":"pt-BR","@id":"https:\/\/conexmetals.com\/pt-br\/#\/schema\/logo\/image\/","url":"https:\/\/conexmetals.com\/wp-content\/uploads\/2024\/03\/conex-metals-logo.webp","contentUrl":"https:\/\/conexmetals.com\/wp-content\/uploads\/2024\/03\/conex-metals-logo.webp","width":300,"height":121,"caption":"Conex Metals Brass Fittings Brass Parts Copper Parts Brass Components Brass Plumbing Fittings India"},"image":{"@id":"https:\/\/conexmetals.com\/pt-br\/#\/schema\/logo\/image\/"},"sameAs":["https:\/\/www.facebook.com\/conexbrass","https:\/\/x.com\/conexindia","https:\/\/www.linkedin.com\/company\/conex-metals-india\/","https:\/\/www.instagram.com\/conexindia\/"]}]}},"_links":{"self":[{"href":"https:\/\/conexmetals.com\/pt-br\/wp-json\/wp\/v2\/product\/12801","targetHints":{"allow":["GET"]}}],"collection":[{"href":"https:\/\/conexmetals.com\/pt-br\/wp-json\/wp\/v2\/product"}],"about":[{"href":"https:\/\/conexmetals.com\/pt-br\/wp-json\/wp\/v2\/types\/product"}],"wp:featuredmedia":[{"embeddable":true,"href":"https:\/\/conexmetals.com\/pt-br\/wp-json\/wp\/v2\/media\/12783"}],"wp:attachment":[{"href":"https:\/\/conexmetals.com\/pt-br\/wp-json\/wp\/v2\/media?parent=12801"}],"wp:term":[{"taxonomy":"product_brand","embeddable":true,"href":"https:\/\/conexmetals.com\/pt-br\/wp-json\/wp\/v2\/product_brand?post=12801"},{"taxonomy":"product_cat","embeddable":true,"href":"https:\/\/conexmetals.com\/pt-br\/wp-json\/wp\/v2\/product_cat?post=12801"},{"taxonomy":"product_tag","embeddable":true,"href":"https:\/\/conexmetals.com\/pt-br\/wp-json\/wp\/v2\/product_tag?post=12801"}],"curies":[{"name":"wp","href":"https:\/\/api.w.org\/{rel}","templated":true}]}}