{"id":12810,"date":"2023-08-18T11:43:12","date_gmt":"2023-08-18T06:13:12","guid":{"rendered":"https:\/\/conexmetals.com\/?post_type=product&#038;p=12810"},"modified":"2025-01-07T14:10:04","modified_gmt":"2025-01-07T08:40:04","slug":"caixas-de-juncao","status":"publish","type":"product","link":"https:\/\/conexmetals.com\/pt-br\/produto\/caixas-de-juncao\/","title":{"rendered":"Caixas de Jun\u00e7\u00e3o"},"content":{"rendered":"","protected":false},"excerpt":{"rendered":"<table id=\"tablepress-401\" class=\"tablepress tablepress-id-401\">\n<caption>\u00a0<\/caption>\n<thead>\n<tr class=\"row-1 odd\">\n<th class=\"column-1\" colspan=\"2\"><strong><span>Ficha T\u00e9cnica<\/span><\/strong><\/th>\n<\/tr>\n<\/thead>\n<tbody class=\"row-hover\">\n<tr class=\"row-2 even\">\n<td class=\"column-1\"><strong><span>Material<\/span><\/strong><\/td>\n<td class=\"column-2\"><span>Ferro male\u00e1vel<\/span><\/td>\n<\/tr>\n<tr class=\"row-3 odd\">\n<td class=\"column-1\"><strong><span>Terminar<\/span><\/strong><\/td>\n<td class=\"column-2\"><span>Galvanizado<\/span><\/td>\n<\/tr>\n<tr class=\"row-4 even\">\n<td class=\"column-1\"><strong><span>Padr\u00e3o<\/span><\/strong><\/td>\n<td class=\"column-2\"><span>BS EN 50086 e BS EN 61386<\/span><\/td>\n<\/tr>\n<tr class=\"row-5 odd\">\n<td class=\"column-1\"><strong><span>Fio<\/span><\/strong><\/td>\n<td class=\"column-2\"><span>M\u00e9trica Feminina<\/span><\/td>\n<\/tr>\n<tr class=\"row-6 even\">\n<td class=\"column-1\"><strong><span>Tamanho<\/span><\/strong><\/td>\n<td class=\"column-2\"><span>20 25 32 mm, 3\/4&#8243;, 1&#8243; 1-1\/4&#8243;<\/span><\/td>\n<\/tr>\n<tr class=\"row-7 odd\">\n<td class=\"column-1\"><strong><span>Uso<\/span><\/strong><\/td>\n<td class=\"column-2\"><span>Adequado para sistema de gerenciamento de cabos de condu\u00edte BS4568\/BS31 GI<\/span><\/td>\n<\/tr>\n<\/tbody>\n<\/table>\n<p><span>Caixas de jun\u00e7\u00e3o s\u00e3o componentes essenciais usados \u200b\u200bem instala\u00e7\u00f5es el\u00e9tricas para abrigar e proteger conex\u00f5es el\u00e9tricas, emendas e termina\u00e7\u00f5es. Elas s\u00e3o integrais \u00e0 seguran\u00e7a e organiza\u00e7\u00e3o de sistemas el\u00e9tricos, fornecendo um inv\u00f3lucro seguro para a fia\u00e7\u00e3o e conex\u00f5es, ao mesmo tempo em que previnem contato acidental e minimizam o risco de perigos el\u00e9tricos.<\/span><\/p>\n<p><span>Principais caracter\u00edsticas e usos das caixas de jun\u00e7\u00e3o incluem:<\/span><\/p>\n<ol>\n<li><span>Gabinete: As caixas de jun\u00e7\u00e3o geralmente s\u00e3o feitas de metal ou materiais n\u00e3o met\u00e1licos e v\u00eam em v\u00e1rios formatos e tamanhos para acomodar diferentes configura\u00e7\u00f5es de fia\u00e7\u00e3o e requisitos de instala\u00e7\u00e3o.<\/span><\/li>\n<li><span>Jun\u00e7\u00f5es de fia\u00e7\u00e3o: elas servem como pontos de encontro onde v\u00e1rios cabos ou fios el\u00e9tricos podem ser unidos, criando um local centralizado para conex\u00f5es.<\/span><\/li>\n<li><span>Emendas e termina\u00e7\u00f5es: as caixas de jun\u00e7\u00e3o permitem emendas e termina\u00e7\u00f5es seguras de condutores el\u00e9tricos, garantindo uma conex\u00e3o confi\u00e1vel e permanente.<\/span><\/li>\n<li><span>Prote\u00e7\u00e3o: O design fechado das caixas de jun\u00e7\u00e3o protege as conex\u00f5es el\u00e9tricas contra poeira, sujeira, umidade e danos f\u00edsicos, prolongando a vida \u00fatil do sistema el\u00e9trico.<\/span><\/li>\n<li><span>Seguran\u00e7a: As caixas de jun\u00e7\u00e3o evitam o contato acidental com fios energizados, reduzindo o risco de choque el\u00e9trico ou curto-circuito.<\/span><\/li>\n<li><span>F\u00e1cil acesso: Muitas caixas de jun\u00e7\u00e3o t\u00eam tampas remov\u00edveis que fornecem f\u00e1cil acesso para inspe\u00e7\u00e3o, manuten\u00e7\u00e3o ou modifica\u00e7\u00f5es futuras nas conex\u00f5es el\u00e9tricas.<\/span><\/li>\n<\/ol>\n<p><span>Caixas de jun\u00e7\u00e3o s\u00e3o usadas em v\u00e1rias aplica\u00e7\u00f5es el\u00e9tricas, incluindo ambientes residenciais, comerciais e industriais. Elas podem ser montadas em paredes, tetos ou dentro de gabinetes el\u00e9tricos, dependendo dos requisitos de instala\u00e7\u00e3o. Caixas de jun\u00e7\u00e3o s\u00e3o encontradas em v\u00e1rias partes de sistemas el\u00e9tricos, como ao longo de condu\u00edtes, em s\u00f3t\u00e3os, em espa\u00e7os de acesso restrito e dentro de espa\u00e7os ocultos.<\/span><\/p>\n","protected":false},"featured_media":12806,"template":"","meta":[],"product_brand":[],"product_cat":[385],"product_tag":[],"class_list":{"0":"post-12810","1":"product","2":"type-product","3":"status-publish","4":"has-post-thumbnail","6":"product_cat-conexoes-de-conduite-de-aco-gi-galvanizado","8":"first","9":"instock","10":"shipping-taxable","11":"product-type-simple"},"yoast_head":"<!-- This site is optimized with the Yoast SEO plugin v27.3 - https:\/\/yoast.com\/product\/yoast-seo-wordpress\/ -->\n<title>Caixas de Jun\u00e7\u00e3o<\/title>\n<meta name=\"description\" content=\"A Conex Metals oferece Caixas de Jun\u00e7\u00e3o de alta qualidade, incluindo Caixas de Jun\u00e7\u00e3o El\u00e9trica e Caixas \u00e0 Prova d\u2019\u00c1gua. Nossos Enclosures El\u00e9tricos Industriais e Tampas para Caixas de Jun\u00e7\u00e3o Resistentes ao Tempo garantem conex\u00f5es el\u00e9tricas seguras em diversos ambientes. Fabricante, exportador e fornecedor l\u00edder da \u00cdndia.\" \/>\n<meta name=\"robots\" content=\"index, follow, max-snippet:-1, max-image-preview:large, max-video-preview:-1\" \/>\n<link rel=\"canonical\" href=\"https:\/\/conexmetals.com\/pt-br\/produto\/caixas-de-juncao\/\" \/>\n<script type=\"application\/ld+json\" class=\"yoast-schema-graph\">{\"@context\":\"https:\\\/\\\/schema.org\",\"@graph\":[{\"@type\":\"WebPage\",\"@id\":\"https:\\\/\\\/conexmetals.com\\\/pt-br\\\/produto\\\/caixas-de-juncao\\\/\",\"url\":\"https:\\\/\\\/conexmetals.com\\\/pt-br\\\/produto\\\/caixas-de-juncao\\\/\",\"name\":\"Caixas de Jun\u00e7\u00e3o\",\"isPartOf\":{\"@id\":\"https:\\\/\\\/conexmetals.com\\\/pt-br\\\/#website\"},\"primaryImageOfPage\":{\"@id\":\"https:\\\/\\\/conexmetals.com\\\/pt-br\\\/produto\\\/caixas-de-juncao\\\/#primaryimage\"},\"image\":{\"@id\":\"https:\\\/\\\/conexmetals.com\\\/pt-br\\\/produto\\\/caixas-de-juncao\\\/#primaryimage\"},\"thumbnailUrl\":\"https:\\\/\\\/conexmetals.com\\\/wp-content\\\/uploads\\\/2025\\\/01\\\/Caixas-de-Juncao.webp\",\"datePublished\":\"2023-08-18T06:13:12+00:00\",\"dateModified\":\"2025-01-07T08:40:04+00:00\",\"description\":\"A Conex Metals oferece Caixas de Jun\u00e7\u00e3o de alta qualidade, incluindo Caixas de Jun\u00e7\u00e3o El\u00e9trica e Caixas \u00e0 Prova d\u2019\u00c1gua. Nossos Enclosures El\u00e9tricos Industriais e Tampas para Caixas de Jun\u00e7\u00e3o Resistentes ao Tempo garantem conex\u00f5es el\u00e9tricas seguras em diversos ambientes. Fabricante, exportador e fornecedor l\u00edder da \u00cdndia.\",\"breadcrumb\":{\"@id\":\"https:\\\/\\\/conexmetals.com\\\/pt-br\\\/produto\\\/caixas-de-juncao\\\/#breadcrumb\"},\"inLanguage\":\"pt-BR\",\"potentialAction\":[{\"@type\":\"ReadAction\",\"target\":[\"https:\\\/\\\/conexmetals.com\\\/pt-br\\\/produto\\\/caixas-de-juncao\\\/\"]}]},{\"@type\":\"ImageObject\",\"inLanguage\":\"pt-BR\",\"@id\":\"https:\\\/\\\/conexmetals.com\\\/pt-br\\\/produto\\\/caixas-de-juncao\\\/#primaryimage\",\"url\":\"https:\\\/\\\/conexmetals.com\\\/wp-content\\\/uploads\\\/2025\\\/01\\\/Caixas-de-Juncao.webp\",\"contentUrl\":\"https:\\\/\\\/conexmetals.com\\\/wp-content\\\/uploads\\\/2025\\\/01\\\/Caixas-de-Juncao.webp\",\"width\":300,\"height\":300,\"caption\":\"Caixas de Jun\u00e7\u00e3o\"},{\"@type\":\"BreadcrumbList\",\"@id\":\"https:\\\/\\\/conexmetals.com\\\/pt-br\\\/produto\\\/caixas-de-juncao\\\/#breadcrumb\",\"itemListElement\":[{\"@type\":\"ListItem\",\"position\":1,\"name\":\"Home\",\"item\":\"https:\\\/\\\/conexmetals.com\\\/pt-br\\\/lar\\\/\"},{\"@type\":\"ListItem\",\"position\":2,\"name\":\"Products\",\"item\":\"https:\\\/\\\/conexmetals.com\\\/products\\\/\"},{\"@type\":\"ListItem\",\"position\":3,\"name\":\"Caixas de Jun\u00e7\u00e3o\"}]},{\"@type\":\"WebSite\",\"@id\":\"https:\\\/\\\/conexmetals.com\\\/pt-br\\\/#website\",\"url\":\"https:\\\/\\\/conexmetals.com\\\/pt-br\\\/\",\"name\":\"Conex Metals Brass Fittings Brass Parts Copper Parts Brass Components Brass Plumbing Fittings India\",\"description\":\"Manufacturer of Bronze Fittings casting Copper Brass parts components\",\"publisher\":{\"@id\":\"https:\\\/\\\/conexmetals.com\\\/pt-br\\\/#organization\"},\"potentialAction\":[{\"@type\":\"SearchAction\",\"target\":{\"@type\":\"EntryPoint\",\"urlTemplate\":\"https:\\\/\\\/conexmetals.com\\\/pt-br\\\/?s={search_term_string}\"},\"query-input\":{\"@type\":\"PropertyValueSpecification\",\"valueRequired\":true,\"valueName\":\"search_term_string\"}}],\"inLanguage\":\"pt-BR\"},{\"@type\":\"Organization\",\"@id\":\"https:\\\/\\\/conexmetals.com\\\/pt-br\\\/#organization\",\"name\":\"Conex Metals Brass Fittings Brass Parts Copper Parts Brass Components Brass Plumbing Fittings India\",\"url\":\"https:\\\/\\\/conexmetals.com\\\/pt-br\\\/\",\"logo\":{\"@type\":\"ImageObject\",\"inLanguage\":\"pt-BR\",\"@id\":\"https:\\\/\\\/conexmetals.com\\\/pt-br\\\/#\\\/schema\\\/logo\\\/image\\\/\",\"url\":\"https:\\\/\\\/conexmetals.com\\\/wp-content\\\/uploads\\\/2024\\\/03\\\/conex-metals-logo.webp\",\"contentUrl\":\"https:\\\/\\\/conexmetals.com\\\/wp-content\\\/uploads\\\/2024\\\/03\\\/conex-metals-logo.webp\",\"width\":300,\"height\":121,\"caption\":\"Conex Metals Brass Fittings Brass Parts Copper Parts Brass Components Brass Plumbing Fittings India\"},\"image\":{\"@id\":\"https:\\\/\\\/conexmetals.com\\\/pt-br\\\/#\\\/schema\\\/logo\\\/image\\\/\"},\"sameAs\":[\"https:\\\/\\\/www.facebook.com\\\/conexbrass\",\"https:\\\/\\\/x.com\\\/conexindia\",\"https:\\\/\\\/www.linkedin.com\\\/company\\\/conex-metals-india\\\/\",\"https:\\\/\\\/www.instagram.com\\\/conexindia\\\/\"]}]}<\/script>\n<!-- \/ Yoast SEO plugin. -->","yoast_head_json":{"title":"Caixas de Jun\u00e7\u00e3o","description":"A Conex Metals oferece Caixas de Jun\u00e7\u00e3o de alta qualidade, incluindo Caixas de Jun\u00e7\u00e3o El\u00e9trica e Caixas \u00e0 Prova d\u2019\u00c1gua. Nossos Enclosures El\u00e9tricos Industriais e Tampas para Caixas de Jun\u00e7\u00e3o Resistentes ao Tempo garantem conex\u00f5es el\u00e9tricas seguras em diversos ambientes. Fabricante, exportador e fornecedor l\u00edder da \u00cdndia.","robots":{"index":"index","follow":"follow","max-snippet":"max-snippet:-1","max-image-preview":"max-image-preview:large","max-video-preview":"max-video-preview:-1"},"canonical":"https:\/\/conexmetals.com\/pt-br\/produto\/caixas-de-juncao\/","schema":{"@context":"https:\/\/schema.org","@graph":[{"@type":"WebPage","@id":"https:\/\/conexmetals.com\/pt-br\/produto\/caixas-de-juncao\/","url":"https:\/\/conexmetals.com\/pt-br\/produto\/caixas-de-juncao\/","name":"Caixas de Jun\u00e7\u00e3o","isPartOf":{"@id":"https:\/\/conexmetals.com\/pt-br\/#website"},"primaryImageOfPage":{"@id":"https:\/\/conexmetals.com\/pt-br\/produto\/caixas-de-juncao\/#primaryimage"},"image":{"@id":"https:\/\/conexmetals.com\/pt-br\/produto\/caixas-de-juncao\/#primaryimage"},"thumbnailUrl":"https:\/\/conexmetals.com\/wp-content\/uploads\/2025\/01\/Caixas-de-Juncao.webp","datePublished":"2023-08-18T06:13:12+00:00","dateModified":"2025-01-07T08:40:04+00:00","description":"A Conex Metals oferece Caixas de Jun\u00e7\u00e3o de alta qualidade, incluindo Caixas de Jun\u00e7\u00e3o El\u00e9trica e Caixas \u00e0 Prova d\u2019\u00c1gua. Nossos Enclosures El\u00e9tricos Industriais e Tampas para Caixas de Jun\u00e7\u00e3o Resistentes ao Tempo garantem conex\u00f5es el\u00e9tricas seguras em diversos ambientes. Fabricante, exportador e fornecedor l\u00edder da \u00cdndia.","breadcrumb":{"@id":"https:\/\/conexmetals.com\/pt-br\/produto\/caixas-de-juncao\/#breadcrumb"},"inLanguage":"pt-BR","potentialAction":[{"@type":"ReadAction","target":["https:\/\/conexmetals.com\/pt-br\/produto\/caixas-de-juncao\/"]}]},{"@type":"ImageObject","inLanguage":"pt-BR","@id":"https:\/\/conexmetals.com\/pt-br\/produto\/caixas-de-juncao\/#primaryimage","url":"https:\/\/conexmetals.com\/wp-content\/uploads\/2025\/01\/Caixas-de-Juncao.webp","contentUrl":"https:\/\/conexmetals.com\/wp-content\/uploads\/2025\/01\/Caixas-de-Juncao.webp","width":300,"height":300,"caption":"Caixas de Jun\u00e7\u00e3o"},{"@type":"BreadcrumbList","@id":"https:\/\/conexmetals.com\/pt-br\/produto\/caixas-de-juncao\/#breadcrumb","itemListElement":[{"@type":"ListItem","position":1,"name":"Home","item":"https:\/\/conexmetals.com\/pt-br\/lar\/"},{"@type":"ListItem","position":2,"name":"Products","item":"https:\/\/conexmetals.com\/products\/"},{"@type":"ListItem","position":3,"name":"Caixas de Jun\u00e7\u00e3o"}]},{"@type":"WebSite","@id":"https:\/\/conexmetals.com\/pt-br\/#website","url":"https:\/\/conexmetals.com\/pt-br\/","name":"Conex Metals Brass Fittings Brass Parts Copper Parts Brass Components Brass Plumbing Fittings India","description":"Manufacturer of Bronze Fittings casting Copper Brass parts components","publisher":{"@id":"https:\/\/conexmetals.com\/pt-br\/#organization"},"potentialAction":[{"@type":"SearchAction","target":{"@type":"EntryPoint","urlTemplate":"https:\/\/conexmetals.com\/pt-br\/?s={search_term_string}"},"query-input":{"@type":"PropertyValueSpecification","valueRequired":true,"valueName":"search_term_string"}}],"inLanguage":"pt-BR"},{"@type":"Organization","@id":"https:\/\/conexmetals.com\/pt-br\/#organization","name":"Conex Metals Brass Fittings Brass Parts Copper Parts Brass Components Brass Plumbing Fittings India","url":"https:\/\/conexmetals.com\/pt-br\/","logo":{"@type":"ImageObject","inLanguage":"pt-BR","@id":"https:\/\/conexmetals.com\/pt-br\/#\/schema\/logo\/image\/","url":"https:\/\/conexmetals.com\/wp-content\/uploads\/2024\/03\/conex-metals-logo.webp","contentUrl":"https:\/\/conexmetals.com\/wp-content\/uploads\/2024\/03\/conex-metals-logo.webp","width":300,"height":121,"caption":"Conex Metals Brass Fittings Brass Parts Copper Parts Brass Components Brass Plumbing Fittings India"},"image":{"@id":"https:\/\/conexmetals.com\/pt-br\/#\/schema\/logo\/image\/"},"sameAs":["https:\/\/www.facebook.com\/conexbrass","https:\/\/x.com\/conexindia","https:\/\/www.linkedin.com\/company\/conex-metals-india\/","https:\/\/www.instagram.com\/conexindia\/"]}]}},"_links":{"self":[{"href":"https:\/\/conexmetals.com\/pt-br\/wp-json\/wp\/v2\/product\/12810","targetHints":{"allow":["GET"]}}],"collection":[{"href":"https:\/\/conexmetals.com\/pt-br\/wp-json\/wp\/v2\/product"}],"about":[{"href":"https:\/\/conexmetals.com\/pt-br\/wp-json\/wp\/v2\/types\/product"}],"wp:featuredmedia":[{"embeddable":true,"href":"https:\/\/conexmetals.com\/pt-br\/wp-json\/wp\/v2\/media\/12806"}],"wp:attachment":[{"href":"https:\/\/conexmetals.com\/pt-br\/wp-json\/wp\/v2\/media?parent=12810"}],"wp:term":[{"taxonomy":"product_brand","embeddable":true,"href":"https:\/\/conexmetals.com\/pt-br\/wp-json\/wp\/v2\/product_brand?post=12810"},{"taxonomy":"product_cat","embeddable":true,"href":"https:\/\/conexmetals.com\/pt-br\/wp-json\/wp\/v2\/product_cat?post=12810"},{"taxonomy":"product_tag","embeddable":true,"href":"https:\/\/conexmetals.com\/pt-br\/wp-json\/wp\/v2\/product_tag?post=12810"}],"curies":[{"name":"wp","href":"https:\/\/api.w.org\/{rel}","templated":true}]}}