{"id":12819,"date":"2023-08-18T11:46:55","date_gmt":"2023-08-18T06:16:55","guid":{"rendered":"https:\/\/conexmetals.com\/?post_type=product&#038;p=12819"},"modified":"2025-01-07T14:24:05","modified_gmt":"2025-01-07T08:54:05","slug":"porcas-de-travamento","status":"publish","type":"product","link":"https:\/\/conexmetals.com\/pt-br\/produto\/porcas-de-travamento\/","title":{"rendered":"Porcas de Travamento"},"content":{"rendered":"","protected":false},"excerpt":{"rendered":"<div class=\"elementor-element elementor-element-672075d elementor-widget__width-initial e-transform elementor-widget-mobile__width-initial elementor-widget elementor-widget-woocommerce-product-images\" data-id=\"672075d\" data-element_type=\"widget\" data-settings=\"{&quot;_transform_scale_effect&quot;:{&quot;unit&quot;:&quot;px&quot;,&quot;size&quot;:1,&quot;sizes&quot;:[]},&quot;_transform_scale_effect_tablet&quot;:{&quot;unit&quot;:&quot;px&quot;,&quot;size&quot;:&quot;&quot;,&quot;sizes&quot;:[]},&quot;_transform_scale_effect_mobile&quot;:{&quot;unit&quot;:&quot;px&quot;,&quot;size&quot;:&quot;&quot;,&quot;sizes&quot;:[]}}\" data-widget_type=\"woocommerce-product-images.default\">\n<div class=\"elementor-widget-container\">\n<div class=\"woocommerce-product-gallery woocommerce-product-gallery--with-images woocommerce-product-gallery--columns-4 images\" data-columns=\"4\">\n<div class=\"woocommerce-product-gallery__wrapper\">\n<div class=\"woocommerce-product-gallery__image\" data-thumb=\"https:\/\/conexmetals.com\/wp-content\/uploads\/2023\/08\/Lock-Nuts-100x100.webp\" data-thumb-alt=\"Lock-Nuts\" data-thumb-srcset=\"https:\/\/conexmetals.com\/wp-content\/uploads\/2023\/08\/Lock-Nuts-100x100.webp 100w, https:\/\/conexmetals.com\/wp-content\/uploads\/2023\/08\/Lock-Nuts-150x150.webp 150w, https:\/\/conexmetals.com\/wp-content\/uploads\/2023\/08\/Lock-Nuts.webp 300w\"><\/div>\n<\/div>\n<\/div>\n<\/div>\n<\/div>\n<div class=\"elementor-element elementor-element-36d2ab8 elementor-widget elementor-widget-woocommerce-product-short-description\" data-id=\"36d2ab8\" data-element_type=\"widget\" data-widget_type=\"woocommerce-product-short-description.default\">\n<div class=\"elementor-widget-container\">\n<div class=\"woocommerce-product-details__short-description\">\n<table id=\"tablepress-402\" class=\"tablepress tablepress-id-402\">\n<caption>\u00a0<\/caption>\n<thead>\n<tr class=\"row-1 odd\">\n<th class=\"column-1\" colspan=\"2\"><strong><span>Ficha T\u00e9cnica<\/span><\/strong><\/th>\n<\/tr>\n<\/thead>\n<tbody class=\"row-hover\">\n<tr class=\"row-2 even\">\n<td class=\"column-1\"><strong><span>Material<\/span><\/strong><\/td>\n<td class=\"column-2\"><span>A\u00e7o macio, zinco e alum\u00ednio<\/span><\/td>\n<\/tr>\n<tr class=\"row-3 odd\">\n<td class=\"column-1\"><strong><span>Terminar<\/span><\/strong><\/td>\n<td class=\"column-2\"><span>Eletro galvanizado<\/span><\/td>\n<\/tr>\n<tr class=\"row-4 even\">\n<td class=\"column-1\"><strong><span>Padr\u00e3o<\/span><\/strong><\/td>\n<td class=\"column-2\"><span>BS EN 50086 e BS EN 61386<\/span><\/td>\n<\/tr>\n<tr class=\"row-5 odd\">\n<td class=\"column-1\"><strong><span>Tamanho<\/span><\/strong><\/td>\n<td class=\"column-2\"><span>20 mm a 50 mm e 3\/4&#8243; a 2&#8243;<\/span><\/td>\n<\/tr>\n<tr class=\"row-6 even\">\n<td class=\"column-1\"><strong><span>Uso<\/span><\/strong><\/td>\n<td class=\"column-2\"><span>Adequado para sistema de gerenciamento de cabos de condu\u00edte BS4568\/BS31 GI<\/span><\/td>\n<\/tr>\n<\/tbody>\n<\/table>\n<p><span>Porcas de Trava s\u00e3o tipos espec\u00edficos de encaixes usados \u200b\u200bem instala\u00e7\u00f5es de condu\u00edtes el\u00e9tricos. Essas porcas de trava s\u00e3o projetadas para prender e prender condu\u00edtes el\u00e9tricos, conectores e outros encaixes juntos para criar uma passagem de condu\u00edte segura e est\u00e1vel. Elas desempenham um papel crucial para garantir que o sistema el\u00e9trico permane\u00e7a seguro, organizado e em conformidade com os c\u00f3digos e regulamentos el\u00e9tricos relevantes.<\/span><\/p>\n<p><span>Principais caracter\u00edsticas e usos das porcas de seguran\u00e7a para condu\u00edtes de a\u00e7o galvanizado GI incluem:<\/span><\/p>\n<ol>\n<li><span>Material: O a\u00e7o galvanizado GI (ferro galvanizado) oferece resist\u00eancia \u00e0 corros\u00e3o, tornando as porcas de seguran\u00e7a adequadas para uso em ambientes internos e externos, incluindo \u00e1reas expostas \u00e0 umidade e outros fatores ambientais.<\/span><\/li>\n<li><span>Design Roscado: As porcas de travamento t\u00eam roscas internas que permitem que elas sejam parafusadas nas roscas externas de um condu\u00edte, conector ou encaixe. As roscas geralmente est\u00e3o de acordo com o padr\u00e3o NPT (National Pipe Thread).<\/span><\/li>\n<li><span>Mecanismo de Travamento: As porcas de travamento s\u00e3o projetadas com um recurso especializado que ajuda a evitar que elas se soltem quando s\u00e3o apertadas corretamente. Esse mecanismo de travamento melhora a estabilidade geral do sistema de condu\u00edte.<\/span><\/li>\n<li><span>Tamanhos: As porcas de seguran\u00e7a v\u00eam em v\u00e1rios tamanhos para combinar com as diferentes dimens\u00f5es de condu\u00edtes e conex\u00f5es de a\u00e7o galvanizado usados \u200b\u200bem instala\u00e7\u00f5es el\u00e9tricas.<\/span><\/li>\n<li><span>Instala\u00e7\u00e3o: Durante a instala\u00e7\u00e3o, a porca de travamento \u00e9 apertada usando uma chave ou alicate, garantindo um ajuste firme entre o condu\u00edte e o componente conectado. Esse ajuste firme ajuda a fixar o condu\u00edte no lugar e minimiza o risco de movimento n\u00e3o intencional.<\/span><\/li>\n<\/ol>\n<p><span>Porcas de travamento s\u00e3o comumente usadas em caixas de jun\u00e7\u00e3o, gabinetes el\u00e9tricos e outros acess\u00f3rios el\u00e9tricos onde os condu\u00edtes se conectam para criar um sistema de condu\u00edtes completo. Elas s\u00e3o essenciais para estabelecer a continuidade adequada do aterramento e manter a integridade mec\u00e2nica da instala\u00e7\u00e3o el\u00e9trica.<\/span><\/p>\n<\/div>\n<\/div>\n<\/div>\n","protected":false},"featured_media":12816,"template":"","meta":[],"product_brand":[],"product_cat":[385],"product_tag":[],"class_list":{"0":"post-12819","1":"product","2":"type-product","3":"status-publish","4":"has-post-thumbnail","6":"product_cat-conexoes-de-conduite-de-aco-gi-galvanizado","8":"first","9":"instock","10":"shipping-taxable","11":"product-type-simple"},"yoast_head":"<!-- This site is optimized with the Yoast SEO plugin v27.3 - https:\/\/yoast.com\/product\/yoast-seo-wordpress\/ -->\n<title>Porcas de Travamento<\/title>\n<meta name=\"description\" content=\"Descubra as Porcas de Travamento da Conex Metals, incluindo Porcas de Painel de Lat\u00e3o e Porcas de Travamento de Lat\u00e3o. Nossas Porcas de Painel de A\u00e7o Inoxid\u00e1vel e Porcas Auto-travantes garantem solu\u00e7\u00f5es seguras de fixa\u00e7\u00e3o para diversas aplica\u00e7\u00f5es. Fabricante, exportador e fornecedor confi\u00e1vel da \u00cdndia.\" \/>\n<meta name=\"robots\" content=\"index, follow, max-snippet:-1, max-image-preview:large, max-video-preview:-1\" \/>\n<link rel=\"canonical\" href=\"https:\/\/conexmetals.com\/pt-br\/produto\/porcas-de-travamento\/\" \/>\n<script type=\"application\/ld+json\" class=\"yoast-schema-graph\">{\"@context\":\"https:\\\/\\\/schema.org\",\"@graph\":[{\"@type\":\"WebPage\",\"@id\":\"https:\\\/\\\/conexmetals.com\\\/pt-br\\\/produto\\\/porcas-de-travamento\\\/\",\"url\":\"https:\\\/\\\/conexmetals.com\\\/pt-br\\\/produto\\\/porcas-de-travamento\\\/\",\"name\":\"Porcas de Travamento\",\"isPartOf\":{\"@id\":\"https:\\\/\\\/conexmetals.com\\\/pt-br\\\/#website\"},\"primaryImageOfPage\":{\"@id\":\"https:\\\/\\\/conexmetals.com\\\/pt-br\\\/produto\\\/porcas-de-travamento\\\/#primaryimage\"},\"image\":{\"@id\":\"https:\\\/\\\/conexmetals.com\\\/pt-br\\\/produto\\\/porcas-de-travamento\\\/#primaryimage\"},\"thumbnailUrl\":\"https:\\\/\\\/conexmetals.com\\\/wp-content\\\/uploads\\\/2025\\\/01\\\/Porcas-de-Travamento.webp\",\"datePublished\":\"2023-08-18T06:16:55+00:00\",\"dateModified\":\"2025-01-07T08:54:05+00:00\",\"description\":\"Descubra as Porcas de Travamento da Conex Metals, incluindo Porcas de Painel de Lat\u00e3o e Porcas de Travamento de Lat\u00e3o. Nossas Porcas de Painel de A\u00e7o Inoxid\u00e1vel e Porcas Auto-travantes garantem solu\u00e7\u00f5es seguras de fixa\u00e7\u00e3o para diversas aplica\u00e7\u00f5es. Fabricante, exportador e fornecedor confi\u00e1vel da \u00cdndia.\",\"breadcrumb\":{\"@id\":\"https:\\\/\\\/conexmetals.com\\\/pt-br\\\/produto\\\/porcas-de-travamento\\\/#breadcrumb\"},\"inLanguage\":\"pt-BR\",\"potentialAction\":[{\"@type\":\"ReadAction\",\"target\":[\"https:\\\/\\\/conexmetals.com\\\/pt-br\\\/produto\\\/porcas-de-travamento\\\/\"]}]},{\"@type\":\"ImageObject\",\"inLanguage\":\"pt-BR\",\"@id\":\"https:\\\/\\\/conexmetals.com\\\/pt-br\\\/produto\\\/porcas-de-travamento\\\/#primaryimage\",\"url\":\"https:\\\/\\\/conexmetals.com\\\/wp-content\\\/uploads\\\/2025\\\/01\\\/Porcas-de-Travamento.webp\",\"contentUrl\":\"https:\\\/\\\/conexmetals.com\\\/wp-content\\\/uploads\\\/2025\\\/01\\\/Porcas-de-Travamento.webp\",\"width\":300,\"height\":300,\"caption\":\"Porcas de Travamento\"},{\"@type\":\"BreadcrumbList\",\"@id\":\"https:\\\/\\\/conexmetals.com\\\/pt-br\\\/produto\\\/porcas-de-travamento\\\/#breadcrumb\",\"itemListElement\":[{\"@type\":\"ListItem\",\"position\":1,\"name\":\"Home\",\"item\":\"https:\\\/\\\/conexmetals.com\\\/pt-br\\\/lar\\\/\"},{\"@type\":\"ListItem\",\"position\":2,\"name\":\"Products\",\"item\":\"https:\\\/\\\/conexmetals.com\\\/products\\\/\"},{\"@type\":\"ListItem\",\"position\":3,\"name\":\"Porcas de Travamento\"}]},{\"@type\":\"WebSite\",\"@id\":\"https:\\\/\\\/conexmetals.com\\\/pt-br\\\/#website\",\"url\":\"https:\\\/\\\/conexmetals.com\\\/pt-br\\\/\",\"name\":\"Conex Metals Brass Fittings Brass Parts Copper Parts Brass Components Brass Plumbing Fittings India\",\"description\":\"Manufacturer of Bronze Fittings casting Copper Brass parts components\",\"publisher\":{\"@id\":\"https:\\\/\\\/conexmetals.com\\\/pt-br\\\/#organization\"},\"potentialAction\":[{\"@type\":\"SearchAction\",\"target\":{\"@type\":\"EntryPoint\",\"urlTemplate\":\"https:\\\/\\\/conexmetals.com\\\/pt-br\\\/?s={search_term_string}\"},\"query-input\":{\"@type\":\"PropertyValueSpecification\",\"valueRequired\":true,\"valueName\":\"search_term_string\"}}],\"inLanguage\":\"pt-BR\"},{\"@type\":\"Organization\",\"@id\":\"https:\\\/\\\/conexmetals.com\\\/pt-br\\\/#organization\",\"name\":\"Conex Metals Brass Fittings Brass Parts Copper Parts Brass Components Brass Plumbing Fittings India\",\"url\":\"https:\\\/\\\/conexmetals.com\\\/pt-br\\\/\",\"logo\":{\"@type\":\"ImageObject\",\"inLanguage\":\"pt-BR\",\"@id\":\"https:\\\/\\\/conexmetals.com\\\/pt-br\\\/#\\\/schema\\\/logo\\\/image\\\/\",\"url\":\"https:\\\/\\\/conexmetals.com\\\/wp-content\\\/uploads\\\/2024\\\/03\\\/conex-metals-logo.webp\",\"contentUrl\":\"https:\\\/\\\/conexmetals.com\\\/wp-content\\\/uploads\\\/2024\\\/03\\\/conex-metals-logo.webp\",\"width\":300,\"height\":121,\"caption\":\"Conex Metals Brass Fittings Brass Parts Copper Parts Brass Components Brass Plumbing Fittings India\"},\"image\":{\"@id\":\"https:\\\/\\\/conexmetals.com\\\/pt-br\\\/#\\\/schema\\\/logo\\\/image\\\/\"},\"sameAs\":[\"https:\\\/\\\/www.facebook.com\\\/conexbrass\",\"https:\\\/\\\/x.com\\\/conexindia\",\"https:\\\/\\\/www.linkedin.com\\\/company\\\/conex-metals-india\\\/\",\"https:\\\/\\\/www.instagram.com\\\/conexindia\\\/\"]}]}<\/script>\n<!-- \/ Yoast SEO plugin. -->","yoast_head_json":{"title":"Porcas de Travamento","description":"Descubra as Porcas de Travamento da Conex Metals, incluindo Porcas de Painel de Lat\u00e3o e Porcas de Travamento de Lat\u00e3o. Nossas Porcas de Painel de A\u00e7o Inoxid\u00e1vel e Porcas Auto-travantes garantem solu\u00e7\u00f5es seguras de fixa\u00e7\u00e3o para diversas aplica\u00e7\u00f5es. Fabricante, exportador e fornecedor confi\u00e1vel da \u00cdndia.","robots":{"index":"index","follow":"follow","max-snippet":"max-snippet:-1","max-image-preview":"max-image-preview:large","max-video-preview":"max-video-preview:-1"},"canonical":"https:\/\/conexmetals.com\/pt-br\/produto\/porcas-de-travamento\/","schema":{"@context":"https:\/\/schema.org","@graph":[{"@type":"WebPage","@id":"https:\/\/conexmetals.com\/pt-br\/produto\/porcas-de-travamento\/","url":"https:\/\/conexmetals.com\/pt-br\/produto\/porcas-de-travamento\/","name":"Porcas de Travamento","isPartOf":{"@id":"https:\/\/conexmetals.com\/pt-br\/#website"},"primaryImageOfPage":{"@id":"https:\/\/conexmetals.com\/pt-br\/produto\/porcas-de-travamento\/#primaryimage"},"image":{"@id":"https:\/\/conexmetals.com\/pt-br\/produto\/porcas-de-travamento\/#primaryimage"},"thumbnailUrl":"https:\/\/conexmetals.com\/wp-content\/uploads\/2025\/01\/Porcas-de-Travamento.webp","datePublished":"2023-08-18T06:16:55+00:00","dateModified":"2025-01-07T08:54:05+00:00","description":"Descubra as Porcas de Travamento da Conex Metals, incluindo Porcas de Painel de Lat\u00e3o e Porcas de Travamento de Lat\u00e3o. Nossas Porcas de Painel de A\u00e7o Inoxid\u00e1vel e Porcas Auto-travantes garantem solu\u00e7\u00f5es seguras de fixa\u00e7\u00e3o para diversas aplica\u00e7\u00f5es. Fabricante, exportador e fornecedor confi\u00e1vel da \u00cdndia.","breadcrumb":{"@id":"https:\/\/conexmetals.com\/pt-br\/produto\/porcas-de-travamento\/#breadcrumb"},"inLanguage":"pt-BR","potentialAction":[{"@type":"ReadAction","target":["https:\/\/conexmetals.com\/pt-br\/produto\/porcas-de-travamento\/"]}]},{"@type":"ImageObject","inLanguage":"pt-BR","@id":"https:\/\/conexmetals.com\/pt-br\/produto\/porcas-de-travamento\/#primaryimage","url":"https:\/\/conexmetals.com\/wp-content\/uploads\/2025\/01\/Porcas-de-Travamento.webp","contentUrl":"https:\/\/conexmetals.com\/wp-content\/uploads\/2025\/01\/Porcas-de-Travamento.webp","width":300,"height":300,"caption":"Porcas de Travamento"},{"@type":"BreadcrumbList","@id":"https:\/\/conexmetals.com\/pt-br\/produto\/porcas-de-travamento\/#breadcrumb","itemListElement":[{"@type":"ListItem","position":1,"name":"Home","item":"https:\/\/conexmetals.com\/pt-br\/lar\/"},{"@type":"ListItem","position":2,"name":"Products","item":"https:\/\/conexmetals.com\/products\/"},{"@type":"ListItem","position":3,"name":"Porcas de Travamento"}]},{"@type":"WebSite","@id":"https:\/\/conexmetals.com\/pt-br\/#website","url":"https:\/\/conexmetals.com\/pt-br\/","name":"Conex Metals Brass Fittings Brass Parts Copper Parts Brass Components Brass Plumbing Fittings India","description":"Manufacturer of Bronze Fittings casting Copper Brass parts components","publisher":{"@id":"https:\/\/conexmetals.com\/pt-br\/#organization"},"potentialAction":[{"@type":"SearchAction","target":{"@type":"EntryPoint","urlTemplate":"https:\/\/conexmetals.com\/pt-br\/?s={search_term_string}"},"query-input":{"@type":"PropertyValueSpecification","valueRequired":true,"valueName":"search_term_string"}}],"inLanguage":"pt-BR"},{"@type":"Organization","@id":"https:\/\/conexmetals.com\/pt-br\/#organization","name":"Conex Metals Brass Fittings Brass Parts Copper Parts Brass Components Brass Plumbing Fittings India","url":"https:\/\/conexmetals.com\/pt-br\/","logo":{"@type":"ImageObject","inLanguage":"pt-BR","@id":"https:\/\/conexmetals.com\/pt-br\/#\/schema\/logo\/image\/","url":"https:\/\/conexmetals.com\/wp-content\/uploads\/2024\/03\/conex-metals-logo.webp","contentUrl":"https:\/\/conexmetals.com\/wp-content\/uploads\/2024\/03\/conex-metals-logo.webp","width":300,"height":121,"caption":"Conex Metals Brass Fittings Brass Parts Copper Parts Brass Components Brass Plumbing Fittings India"},"image":{"@id":"https:\/\/conexmetals.com\/pt-br\/#\/schema\/logo\/image\/"},"sameAs":["https:\/\/www.facebook.com\/conexbrass","https:\/\/x.com\/conexindia","https:\/\/www.linkedin.com\/company\/conex-metals-india\/","https:\/\/www.instagram.com\/conexindia\/"]}]}},"_links":{"self":[{"href":"https:\/\/conexmetals.com\/pt-br\/wp-json\/wp\/v2\/product\/12819","targetHints":{"allow":["GET"]}}],"collection":[{"href":"https:\/\/conexmetals.com\/pt-br\/wp-json\/wp\/v2\/product"}],"about":[{"href":"https:\/\/conexmetals.com\/pt-br\/wp-json\/wp\/v2\/types\/product"}],"wp:featuredmedia":[{"embeddable":true,"href":"https:\/\/conexmetals.com\/pt-br\/wp-json\/wp\/v2\/media\/12816"}],"wp:attachment":[{"href":"https:\/\/conexmetals.com\/pt-br\/wp-json\/wp\/v2\/media?parent=12819"}],"wp:term":[{"taxonomy":"product_brand","embeddable":true,"href":"https:\/\/conexmetals.com\/pt-br\/wp-json\/wp\/v2\/product_brand?post=12819"},{"taxonomy":"product_cat","embeddable":true,"href":"https:\/\/conexmetals.com\/pt-br\/wp-json\/wp\/v2\/product_cat?post=12819"},{"taxonomy":"product_tag","embeddable":true,"href":"https:\/\/conexmetals.com\/pt-br\/wp-json\/wp\/v2\/product_tag?post=12819"}],"curies":[{"name":"wp","href":"https:\/\/api.w.org\/{rel}","templated":true}]}}