{"id":12842,"date":"2023-08-18T11:42:10","date_gmt":"2023-08-18T06:12:10","guid":{"rendered":"https:\/\/conexmetals.com\/?post_type=product&#038;p=12842"},"modified":"2025-01-07T15:03:50","modified_gmt":"2025-01-07T09:33:50","slug":"aneis-de-trava-de-borda-fresada","status":"publish","type":"product","link":"https:\/\/conexmetals.com\/pt-br\/produto\/aneis-de-trava-de-borda-fresada\/","title":{"rendered":"An\u00e9is de Trava de Borda Fresada"},"content":{"rendered":"","protected":false},"excerpt":{"rendered":"<table id=\"tablepress-404\" class=\"tablepress tablepress-id-404\">\n<caption>\u00a0<\/caption>\n<thead>\n<tr class=\"row-1 odd\">\n<th class=\"column-1\" colspan=\"2\"><strong><span>Ficha T\u00e9cnica<\/span><\/strong><\/th>\n<\/tr>\n<\/thead>\n<tbody class=\"row-hover\">\n<tr class=\"row-2 even\">\n<td class=\"column-1\"><strong><span>Material<\/span><\/strong><\/td>\n<td class=\"column-2\"><span>A\u00e7o macio<\/span><\/td>\n<\/tr>\n<tr class=\"row-3 odd\">\n<td class=\"column-1\"><strong><span>Terminar<\/span><\/strong><\/td>\n<td class=\"column-2\"><span>Eletro galvanizado<\/span><\/td>\n<\/tr>\n<tr class=\"row-4 even\">\n<td class=\"column-1\"><strong><span>Padr\u00e3o<\/span><\/strong><\/td>\n<td class=\"column-2\"><span>BS EN 50086 e BS EN 61386<\/span><\/td>\n<\/tr>\n<tr class=\"row-5 odd\">\n<td class=\"column-1\"><strong><span>Fio<\/span><\/strong><\/td>\n<td class=\"column-2\"><span>M\u00e9trica Feminina<\/span><\/td>\n<\/tr>\n<tr class=\"row-6 even\">\n<td class=\"column-1\"><strong><span>Tamanho<\/span><\/strong><\/td>\n<td class=\"column-2\"><span>20 mm a 50 mm e 3\/4\u2033 a 2\u2033<\/span><\/td>\n<\/tr>\n<tr class=\"row-7 odd\">\n<td class=\"column-1\"><strong><span>Uso<\/span><\/strong><\/td>\n<td class=\"column-2\"><span>Adequado para sistema de gerenciamento de cabos de condu\u00edte BS4568\/BS31 GI<\/span><\/td>\n<\/tr>\n<\/tbody>\n<\/table>\n<p><span>Milled Edged Lock Rings s\u00e3o componentes de engenharia de precis\u00e3o projetados para sistemas de gerenciamento de cabos. Esses an\u00e9is apresentam uma borda fresada para melhor ader\u00eancia e s\u00e3o fabricados em a\u00e7o macio de alta qualidade, garantindo durabilidade e desempenho duradouro. O acabamento eletrogalvanizado fornece excelente resist\u00eancia \u00e0 corros\u00e3o, tornando-os ideais para ambientes industriais e de constru\u00e7\u00e3o.<\/span><\/p>\n<p><strong><span>Principais caracter\u00edsticas:<\/span><\/strong><\/p>\n<ul>\n<li><span>Feito de a\u00e7o macio dur\u00e1vel.<\/span><\/li>\n<li><span>Acabamento eletrogalvanizado para maior resist\u00eancia \u00e0 corros\u00e3o.<\/span><\/li>\n<li><span>Design de rosca m\u00e9trica f\u00eamea para compatibilidade perfeita.<\/span><\/li>\n<li><span>Dispon\u00edvel em tamanhos que variam de 20 mm a 50 mm e 3\/4\u2033 a 2\u2033.<\/span><\/li>\n<li><span>Adequado para sistemas de gerenciamento de cabos de condu\u00edte BS4568\/BS31 GI.<\/span><\/li>\n<li><span>Atende aos padr\u00f5es da ind\u00fastria:\u00a0<\/span><strong><span>BS EN 50086<\/span><\/strong><span>\u00a0e\u00a0<\/span><strong><span>BS EN 61386<\/span><\/strong><span>\u00a0.<\/span><\/li>\n<\/ul>\n<p><strong><span>Aplica\u00e7\u00f5es:<\/span><\/strong><\/p>\n<ul>\n<li><span>Conex\u00f5es para condu\u00edtes el\u00e9tricos.<\/span><\/li>\n<li><span>Gerenciamento de cabos em instala\u00e7\u00f5es industriais e comerciais.<\/span><\/li>\n<li><span>Fixa\u00e7\u00e3o segura de condu\u00edtes em projetos de constru\u00e7\u00e3o.<\/span><\/li>\n<\/ul>\n<p><strong><span>Ficha T\u00e9cnica:<\/span><\/strong><\/p>\n<ul>\n<li><strong><span>Material:<\/span><\/strong><span>\u00a0A\u00e7o macio<\/span><\/li>\n<li><strong><span>Acabamento:<\/span><\/strong><span>\u00a0Eletrogalvanizado<\/span><\/li>\n<li><strong><span>Conformidade com as normas:<\/span><\/strong><span>\u00a0BS EN 50086 e BS EN 61386<\/span><\/li>\n<li><strong><span>T\u00f3pico:<\/span><\/strong><span>\u00a0M\u00e9trica Feminina<\/span><\/li>\n<li><strong><span>Tamanho:<\/span><\/strong><span>\u00a020 mm a 50 mm e 3\/4\u2033 a 2\u2033<\/span><\/li>\n<li><strong><span>Uso:<\/span><\/strong><span>\u00a0Adequado para sistemas de gerenciamento de cabos de condu\u00edte BS4568\/BS31 GI<\/span><\/li>\n<\/ul>\n<p><strong><span>Por que nos escolher?<\/span><\/strong><br \/>\n<span>Nossos Milled Edged Lock Rings s\u00e3o fabricados com precis\u00e3o e cuidado para atender aos mais altos padr\u00f5es de qualidade. Eles s\u00e3o projetados para compatibilidade, durabilidade e desempenho superior em sistemas de gerenciamento de cabos, garantindo uma solu\u00e7\u00e3o confi\u00e1vel para as necessidades do seu projeto.<\/span><\/p>\n","protected":false},"featured_media":12837,"template":"","meta":[],"product_brand":[],"product_cat":[385],"product_tag":[],"class_list":{"0":"post-12842","1":"product","2":"type-product","3":"status-publish","4":"has-post-thumbnail","6":"product_cat-conexoes-de-conduite-de-aco-gi-galvanizado","8":"first","9":"instock","10":"shipping-taxable","11":"product-type-simple"},"yoast_head":"<!-- This site is optimized with the Yoast SEO plugin v27.3 - https:\/\/yoast.com\/product\/yoast-seo-wordpress\/ -->\n<title>An\u00e9is de Trava de Borda Fresada<\/title>\n<meta name=\"description\" content=\"Explore os An\u00e9is de Trava de Borda Fresada da Conex Metals, incluindo Anel de Trava para Condu\u00edte de Cabo e An\u00e9is de Trava de Condu\u00edte Galvanizado. Nossos An\u00e9is de Trava de A\u00e7o e An\u00e9is de Trava Galvanizados garantem prote\u00e7\u00e3o segura de cabos e instala\u00e7\u00e3o de condu\u00edtes. Fabricante, exportador e fornecedor confi\u00e1vel da \u00cdndia.\" \/>\n<meta name=\"robots\" content=\"index, follow, max-snippet:-1, max-image-preview:large, max-video-preview:-1\" \/>\n<link rel=\"canonical\" href=\"https:\/\/conexmetals.com\/pt-br\/produto\/aneis-de-trava-de-borda-fresada\/\" \/>\n<script type=\"application\/ld+json\" class=\"yoast-schema-graph\">{\"@context\":\"https:\\\/\\\/schema.org\",\"@graph\":[{\"@type\":\"WebPage\",\"@id\":\"https:\\\/\\\/conexmetals.com\\\/pt-br\\\/produto\\\/aneis-de-trava-de-borda-fresada\\\/\",\"url\":\"https:\\\/\\\/conexmetals.com\\\/pt-br\\\/produto\\\/aneis-de-trava-de-borda-fresada\\\/\",\"name\":\"An\u00e9is de Trava de Borda Fresada\",\"isPartOf\":{\"@id\":\"https:\\\/\\\/conexmetals.com\\\/pt-br\\\/#website\"},\"primaryImageOfPage\":{\"@id\":\"https:\\\/\\\/conexmetals.com\\\/pt-br\\\/produto\\\/aneis-de-trava-de-borda-fresada\\\/#primaryimage\"},\"image\":{\"@id\":\"https:\\\/\\\/conexmetals.com\\\/pt-br\\\/produto\\\/aneis-de-trava-de-borda-fresada\\\/#primaryimage\"},\"thumbnailUrl\":\"https:\\\/\\\/conexmetals.com\\\/wp-content\\\/uploads\\\/2025\\\/01\\\/Aneis-de-Trava-de-Borda-Fresada.webp\",\"datePublished\":\"2023-08-18T06:12:10+00:00\",\"dateModified\":\"2025-01-07T09:33:50+00:00\",\"description\":\"Explore os An\u00e9is de Trava de Borda Fresada da Conex Metals, incluindo Anel de Trava para Condu\u00edte de Cabo e An\u00e9is de Trava de Condu\u00edte Galvanizado. Nossos An\u00e9is de Trava de A\u00e7o e An\u00e9is de Trava Galvanizados garantem prote\u00e7\u00e3o segura de cabos e instala\u00e7\u00e3o de condu\u00edtes. Fabricante, exportador e fornecedor confi\u00e1vel da \u00cdndia.\",\"breadcrumb\":{\"@id\":\"https:\\\/\\\/conexmetals.com\\\/pt-br\\\/produto\\\/aneis-de-trava-de-borda-fresada\\\/#breadcrumb\"},\"inLanguage\":\"pt-BR\",\"potentialAction\":[{\"@type\":\"ReadAction\",\"target\":[\"https:\\\/\\\/conexmetals.com\\\/pt-br\\\/produto\\\/aneis-de-trava-de-borda-fresada\\\/\"]}]},{\"@type\":\"ImageObject\",\"inLanguage\":\"pt-BR\",\"@id\":\"https:\\\/\\\/conexmetals.com\\\/pt-br\\\/produto\\\/aneis-de-trava-de-borda-fresada\\\/#primaryimage\",\"url\":\"https:\\\/\\\/conexmetals.com\\\/wp-content\\\/uploads\\\/2025\\\/01\\\/Aneis-de-Trava-de-Borda-Fresada.webp\",\"contentUrl\":\"https:\\\/\\\/conexmetals.com\\\/wp-content\\\/uploads\\\/2025\\\/01\\\/Aneis-de-Trava-de-Borda-Fresada.webp\",\"width\":300,\"height\":300,\"caption\":\"An\u00e9is de Trava de Borda Fresada\"},{\"@type\":\"BreadcrumbList\",\"@id\":\"https:\\\/\\\/conexmetals.com\\\/pt-br\\\/produto\\\/aneis-de-trava-de-borda-fresada\\\/#breadcrumb\",\"itemListElement\":[{\"@type\":\"ListItem\",\"position\":1,\"name\":\"Home\",\"item\":\"https:\\\/\\\/conexmetals.com\\\/pt-br\\\/lar\\\/\"},{\"@type\":\"ListItem\",\"position\":2,\"name\":\"Products\",\"item\":\"https:\\\/\\\/conexmetals.com\\\/products\\\/\"},{\"@type\":\"ListItem\",\"position\":3,\"name\":\"An\u00e9is de Trava de Borda Fresada\"}]},{\"@type\":\"WebSite\",\"@id\":\"https:\\\/\\\/conexmetals.com\\\/pt-br\\\/#website\",\"url\":\"https:\\\/\\\/conexmetals.com\\\/pt-br\\\/\",\"name\":\"Conex Metals Brass Fittings Brass Parts Copper Parts Brass Components Brass Plumbing Fittings India\",\"description\":\"Manufacturer of Bronze Fittings casting Copper Brass parts components\",\"publisher\":{\"@id\":\"https:\\\/\\\/conexmetals.com\\\/pt-br\\\/#organization\"},\"potentialAction\":[{\"@type\":\"SearchAction\",\"target\":{\"@type\":\"EntryPoint\",\"urlTemplate\":\"https:\\\/\\\/conexmetals.com\\\/pt-br\\\/?s={search_term_string}\"},\"query-input\":{\"@type\":\"PropertyValueSpecification\",\"valueRequired\":true,\"valueName\":\"search_term_string\"}}],\"inLanguage\":\"pt-BR\"},{\"@type\":\"Organization\",\"@id\":\"https:\\\/\\\/conexmetals.com\\\/pt-br\\\/#organization\",\"name\":\"Conex Metals Brass Fittings Brass Parts Copper Parts Brass Components Brass Plumbing Fittings India\",\"url\":\"https:\\\/\\\/conexmetals.com\\\/pt-br\\\/\",\"logo\":{\"@type\":\"ImageObject\",\"inLanguage\":\"pt-BR\",\"@id\":\"https:\\\/\\\/conexmetals.com\\\/pt-br\\\/#\\\/schema\\\/logo\\\/image\\\/\",\"url\":\"https:\\\/\\\/conexmetals.com\\\/wp-content\\\/uploads\\\/2024\\\/03\\\/conex-metals-logo.webp\",\"contentUrl\":\"https:\\\/\\\/conexmetals.com\\\/wp-content\\\/uploads\\\/2024\\\/03\\\/conex-metals-logo.webp\",\"width\":300,\"height\":121,\"caption\":\"Conex Metals Brass Fittings Brass Parts Copper Parts Brass Components Brass Plumbing Fittings India\"},\"image\":{\"@id\":\"https:\\\/\\\/conexmetals.com\\\/pt-br\\\/#\\\/schema\\\/logo\\\/image\\\/\"},\"sameAs\":[\"https:\\\/\\\/www.facebook.com\\\/conexbrass\",\"https:\\\/\\\/x.com\\\/conexindia\",\"https:\\\/\\\/www.linkedin.com\\\/company\\\/conex-metals-india\\\/\",\"https:\\\/\\\/www.instagram.com\\\/conexindia\\\/\"]}]}<\/script>\n<!-- \/ Yoast SEO plugin. -->","yoast_head_json":{"title":"An\u00e9is de Trava de Borda Fresada","description":"Explore os An\u00e9is de Trava de Borda Fresada da Conex Metals, incluindo Anel de Trava para Condu\u00edte de Cabo e An\u00e9is de Trava de Condu\u00edte Galvanizado. Nossos An\u00e9is de Trava de A\u00e7o e An\u00e9is de Trava Galvanizados garantem prote\u00e7\u00e3o segura de cabos e instala\u00e7\u00e3o de condu\u00edtes. Fabricante, exportador e fornecedor confi\u00e1vel da \u00cdndia.","robots":{"index":"index","follow":"follow","max-snippet":"max-snippet:-1","max-image-preview":"max-image-preview:large","max-video-preview":"max-video-preview:-1"},"canonical":"https:\/\/conexmetals.com\/pt-br\/produto\/aneis-de-trava-de-borda-fresada\/","schema":{"@context":"https:\/\/schema.org","@graph":[{"@type":"WebPage","@id":"https:\/\/conexmetals.com\/pt-br\/produto\/aneis-de-trava-de-borda-fresada\/","url":"https:\/\/conexmetals.com\/pt-br\/produto\/aneis-de-trava-de-borda-fresada\/","name":"An\u00e9is de Trava de Borda Fresada","isPartOf":{"@id":"https:\/\/conexmetals.com\/pt-br\/#website"},"primaryImageOfPage":{"@id":"https:\/\/conexmetals.com\/pt-br\/produto\/aneis-de-trava-de-borda-fresada\/#primaryimage"},"image":{"@id":"https:\/\/conexmetals.com\/pt-br\/produto\/aneis-de-trava-de-borda-fresada\/#primaryimage"},"thumbnailUrl":"https:\/\/conexmetals.com\/wp-content\/uploads\/2025\/01\/Aneis-de-Trava-de-Borda-Fresada.webp","datePublished":"2023-08-18T06:12:10+00:00","dateModified":"2025-01-07T09:33:50+00:00","description":"Explore os An\u00e9is de Trava de Borda Fresada da Conex Metals, incluindo Anel de Trava para Condu\u00edte de Cabo e An\u00e9is de Trava de Condu\u00edte Galvanizado. Nossos An\u00e9is de Trava de A\u00e7o e An\u00e9is de Trava Galvanizados garantem prote\u00e7\u00e3o segura de cabos e instala\u00e7\u00e3o de condu\u00edtes. Fabricante, exportador e fornecedor confi\u00e1vel da \u00cdndia.","breadcrumb":{"@id":"https:\/\/conexmetals.com\/pt-br\/produto\/aneis-de-trava-de-borda-fresada\/#breadcrumb"},"inLanguage":"pt-BR","potentialAction":[{"@type":"ReadAction","target":["https:\/\/conexmetals.com\/pt-br\/produto\/aneis-de-trava-de-borda-fresada\/"]}]},{"@type":"ImageObject","inLanguage":"pt-BR","@id":"https:\/\/conexmetals.com\/pt-br\/produto\/aneis-de-trava-de-borda-fresada\/#primaryimage","url":"https:\/\/conexmetals.com\/wp-content\/uploads\/2025\/01\/Aneis-de-Trava-de-Borda-Fresada.webp","contentUrl":"https:\/\/conexmetals.com\/wp-content\/uploads\/2025\/01\/Aneis-de-Trava-de-Borda-Fresada.webp","width":300,"height":300,"caption":"An\u00e9is de Trava de Borda Fresada"},{"@type":"BreadcrumbList","@id":"https:\/\/conexmetals.com\/pt-br\/produto\/aneis-de-trava-de-borda-fresada\/#breadcrumb","itemListElement":[{"@type":"ListItem","position":1,"name":"Home","item":"https:\/\/conexmetals.com\/pt-br\/lar\/"},{"@type":"ListItem","position":2,"name":"Products","item":"https:\/\/conexmetals.com\/products\/"},{"@type":"ListItem","position":3,"name":"An\u00e9is de Trava de Borda Fresada"}]},{"@type":"WebSite","@id":"https:\/\/conexmetals.com\/pt-br\/#website","url":"https:\/\/conexmetals.com\/pt-br\/","name":"Conex Metals Brass Fittings Brass Parts Copper Parts Brass Components Brass Plumbing Fittings India","description":"Manufacturer of Bronze Fittings casting Copper Brass parts components","publisher":{"@id":"https:\/\/conexmetals.com\/pt-br\/#organization"},"potentialAction":[{"@type":"SearchAction","target":{"@type":"EntryPoint","urlTemplate":"https:\/\/conexmetals.com\/pt-br\/?s={search_term_string}"},"query-input":{"@type":"PropertyValueSpecification","valueRequired":true,"valueName":"search_term_string"}}],"inLanguage":"pt-BR"},{"@type":"Organization","@id":"https:\/\/conexmetals.com\/pt-br\/#organization","name":"Conex Metals Brass Fittings Brass Parts Copper Parts Brass Components Brass Plumbing Fittings India","url":"https:\/\/conexmetals.com\/pt-br\/","logo":{"@type":"ImageObject","inLanguage":"pt-BR","@id":"https:\/\/conexmetals.com\/pt-br\/#\/schema\/logo\/image\/","url":"https:\/\/conexmetals.com\/wp-content\/uploads\/2024\/03\/conex-metals-logo.webp","contentUrl":"https:\/\/conexmetals.com\/wp-content\/uploads\/2024\/03\/conex-metals-logo.webp","width":300,"height":121,"caption":"Conex Metals Brass Fittings Brass Parts Copper Parts Brass Components Brass Plumbing Fittings India"},"image":{"@id":"https:\/\/conexmetals.com\/pt-br\/#\/schema\/logo\/image\/"},"sameAs":["https:\/\/www.facebook.com\/conexbrass","https:\/\/x.com\/conexindia","https:\/\/www.linkedin.com\/company\/conex-metals-india\/","https:\/\/www.instagram.com\/conexindia\/"]}]}},"_links":{"self":[{"href":"https:\/\/conexmetals.com\/pt-br\/wp-json\/wp\/v2\/product\/12842","targetHints":{"allow":["GET"]}}],"collection":[{"href":"https:\/\/conexmetals.com\/pt-br\/wp-json\/wp\/v2\/product"}],"about":[{"href":"https:\/\/conexmetals.com\/pt-br\/wp-json\/wp\/v2\/types\/product"}],"wp:featuredmedia":[{"embeddable":true,"href":"https:\/\/conexmetals.com\/pt-br\/wp-json\/wp\/v2\/media\/12837"}],"wp:attachment":[{"href":"https:\/\/conexmetals.com\/pt-br\/wp-json\/wp\/v2\/media?parent=12842"}],"wp:term":[{"taxonomy":"product_brand","embeddable":true,"href":"https:\/\/conexmetals.com\/pt-br\/wp-json\/wp\/v2\/product_brand?post=12842"},{"taxonomy":"product_cat","embeddable":true,"href":"https:\/\/conexmetals.com\/pt-br\/wp-json\/wp\/v2\/product_cat?post=12842"},{"taxonomy":"product_tag","embeddable":true,"href":"https:\/\/conexmetals.com\/pt-br\/wp-json\/wp\/v2\/product_tag?post=12842"}],"curies":[{"name":"wp","href":"https:\/\/api.w.org\/{rel}","templated":true}]}}