{"id":12861,"date":"2023-08-18T10:45:20","date_gmt":"2023-08-18T05:15:20","guid":{"rendered":"https:\/\/conexmetals.com\/?post_type=product&#038;p=12861"},"modified":"2025-01-07T15:29:49","modified_gmt":"2025-01-07T09:59:49","slug":"selas-de-distanciamento-para-barra-espacadora","status":"publish","type":"product","link":"https:\/\/conexmetals.com\/pt-br\/produto\/selas-de-distanciamento-para-barra-espacadora\/","title":{"rendered":"Selas de Distanciamento para Barra Espa\u00e7adora"},"content":{"rendered":"","protected":false},"excerpt":{"rendered":"<div class=\"elementor-element elementor-element-672075d elementor-widget__width-initial e-transform elementor-widget-mobile__width-initial elementor-widget elementor-widget-woocommerce-product-images\" data-id=\"672075d\" data-element_type=\"widget\" data-settings=\"{&quot;_transform_scale_effect&quot;:{&quot;unit&quot;:&quot;px&quot;,&quot;size&quot;:1,&quot;sizes&quot;:[]},&quot;_transform_scale_effect_tablet&quot;:{&quot;unit&quot;:&quot;px&quot;,&quot;size&quot;:&quot;&quot;,&quot;sizes&quot;:[]},&quot;_transform_scale_effect_mobile&quot;:{&quot;unit&quot;:&quot;px&quot;,&quot;size&quot;:&quot;&quot;,&quot;sizes&quot;:[]}}\" data-widget_type=\"woocommerce-product-images.default\">\n<div class=\"elementor-widget-container\">\n<div class=\"woocommerce-product-gallery woocommerce-product-gallery--with-images woocommerce-product-gallery--columns-4 images\" data-columns=\"4\">\n<div class=\"woocommerce-product-gallery__wrapper\">\n<div class=\"woocommerce-product-gallery__image\" data-thumb=\"https:\/\/conexmetals.com\/wp-content\/uploads\/2023\/08\/Space-Bar-Distance-Saddles-100x100.webp\" data-thumb-alt=\"Space-Bar-Distance-Saddles\" data-thumb-srcset=\"https:\/\/conexmetals.com\/wp-content\/uploads\/2023\/08\/Space-Bar-Distance-Saddles-100x100.webp 100w, https:\/\/conexmetals.com\/wp-content\/uploads\/2023\/08\/Space-Bar-Distance-Saddles-150x150.webp 150w, https:\/\/conexmetals.com\/wp-content\/uploads\/2023\/08\/Space-Bar-Distance-Saddles.webp 236w\"><\/div>\n<\/div>\n<\/div>\n<\/div>\n<\/div>\n<div class=\"elementor-element elementor-element-36d2ab8 elementor-widget elementor-widget-woocommerce-product-short-description\" data-id=\"36d2ab8\" data-element_type=\"widget\" data-widget_type=\"woocommerce-product-short-description.default\">\n<div class=\"elementor-widget-container\">\n<div class=\"woocommerce-product-details__short-description\">\n<table id=\"tablepress-360\" class=\"tablepress tablepress-id-360\">\n<caption>\u00a0<\/caption>\n<thead>\n<tr class=\"row-1 odd\">\n<th class=\"column-1\" colspan=\"11\"><strong><span>Selim de barra espa\u00e7adora<\/span><\/strong><\/th>\n<\/tr>\n<\/thead>\n<tbody class=\"row-hover\">\n<tr class=\"row-2 even\">\n<td class=\"column-1\" rowspan=\"2\"><strong><span>Descri\u00e7\u00e3o<\/span><\/strong><\/td>\n<td class=\"column-2\" rowspan=\"2\"><strong><span>Material<\/span><\/strong><\/td>\n<td class=\"column-3\" rowspan=\"2\"><strong><span>Tamanho nominal<\/span><\/strong><\/td>\n<td class=\"column-4\" rowspan=\"2\"><strong><span>Terminar<\/span><\/strong><\/td>\n<td class=\"column-5\" rowspan=\"2\"><strong><span>Um min.<\/span><\/strong><\/td>\n<td class=\"column-6\" rowspan=\"2\"><strong><span>B m\u00ednimo.<\/span><\/strong><\/td>\n<td class=\"column-7\"><strong><span>C (di\u00e2m.)<\/span><\/strong><\/td>\n<td class=\"column-8\"><\/td>\n<td class=\"column-9\" rowspan=\"2\"><strong><span>D m\u00ednimo.<\/span><\/strong><\/td>\n<td class=\"column-10\" rowspan=\"2\"><strong><span>F m\u00ednimo.<\/span><\/strong><\/td>\n<td class=\"column-11\" rowspan=\"2\"><strong><span>F m\u00ednimo<\/span><\/strong><\/td>\n<\/tr>\n<tr class=\"row-3 odd\">\n<td class=\"column-7\"><strong><span>M\u00edn.<\/span><\/strong><\/td>\n<td class=\"column-8\"><strong><span>M\u00e1x.<\/span><\/strong><\/td>\n<\/tr>\n<tr class=\"row-4 even\">\n<td class=\"column-1\" rowspan=\"2\"><span>Sela de barra espa\u00e7adora 25 mm, preta, PK5<\/span><\/td>\n<td class=\"column-2\" rowspan=\"2\"><span>A\u00e7o<\/span><\/td>\n<td class=\"column-3\" rowspan=\"2\"><span>25<\/span><\/td>\n<td class=\"column-4\"><span>preto<\/span><\/td>\n<td class=\"column-5\" rowspan=\"2\"><span>61<\/span><\/td>\n<td class=\"column-6\" rowspan=\"2\"><span>19<\/span><\/td>\n<td class=\"column-7\" rowspan=\"2\"><span>25<\/span><\/td>\n<td class=\"column-8\" rowspan=\"2\"><span>25,4<\/span><\/td>\n<td class=\"column-9\" rowspan=\"2\"><span>0,87<\/span><\/td>\n<td class=\"column-10\" rowspan=\"2\"><span>45<\/span><\/td>\n<td class=\"column-11\" rowspan=\"2\"><span>3.3<\/span><\/td>\n<\/tr>\n<tr class=\"row-5 odd\">\n<td class=\"column-4\"><span>galvanizado<\/span><\/td>\n<\/tr>\n<\/tbody>\n<\/table>\n<p><img fetchpriority=\"high\" decoding=\"async\" class=\"alignright wp-image-6815 size-full lazy loaded\" src=\"https:\/\/conexmetals.com\/wp-content\/uploads\/2023\/08\/Space-Bar-Distance-Saddles-line-drawing.png\" alt=\"Desenho de linha de dist\u00e2ncia da barra de espa\u00e7o\" width=\"563\" height=\"449\" data-src=\"https:\/\/conexmetals.com\/wp-content\/uploads\/2023\/08\/Space-Bar-Distance-Saddles-line-drawing.png\" data-was-processed=\"true\" srcset=\"https:\/\/conexmetals.com\/wp-content\/uploads\/2023\/08\/Space-Bar-Distance-Saddles-line-drawing.png 563w, https:\/\/conexmetals.com\/wp-content\/uploads\/2023\/08\/Space-Bar-Distance-Saddles-line-drawing-300x239.png 300w\" sizes=\"(max-width: 563px) 100vw, 563px\" \/><\/p>\n<p><span>As selas de dist\u00e2ncia Space Bar s\u00e3o componentes robustos e confi\u00e1veis \u200b\u200bprojetados para sistemas de gerenciamento de condu\u00edtes e cabos. Essas selas garantem o espa\u00e7amento adequado e a fixa\u00e7\u00e3o segura dos condu\u00edtes, aumentando a efici\u00eancia geral e a organiza\u00e7\u00e3o das instala\u00e7\u00f5es el\u00e9tricas. Fabricadas em a\u00e7o de alta qualidade, elas est\u00e3o dispon\u00edveis em acabamentos preto e galvanizado para fornecer durabilidade superior e resist\u00eancia \u00e0 corros\u00e3o.<\/span><\/p>\n<p><strong><span>Principais caracter\u00edsticas:<\/span><\/strong><\/p>\n<ul>\n<li><span>Feito de a\u00e7o de alta qualidade para maior resist\u00eancia e durabilidade.<\/span><\/li>\n<li><span>Dispon\u00edvel em acabamentos preto e galvanizado para prote\u00e7\u00e3o contra corros\u00e3o.<\/span><\/li>\n<li><span>Projetado para tamanhos nominais de condu\u00edte de 25 mm.<\/span><\/li>\n<li><span>Dimens\u00f5es projetadas com precis\u00e3o para uma instala\u00e7\u00e3o segura e precisa.<\/span><\/li>\n<\/ul>\n<p><strong><span>Aplica\u00e7\u00f5es:<\/span><\/strong><\/p>\n<ul>\n<li><span>Instala\u00e7\u00f5es de condu\u00edtes el\u00e9tricos.<\/span><\/li>\n<li><span>Gerenciamento de cabos em instala\u00e7\u00f5es industriais, comerciais e residenciais.<\/span><\/li>\n<li><span>Projetos de constru\u00e7\u00e3o que exigem roteamento de cabos organizado.<\/span><\/li>\n<\/ul>\n<p><strong><span>Por que nos escolher?<\/span><\/strong><br \/>\n<span>Nossos Space Bar Distance Saddles s\u00e3o projetados para atender aos mais altos padr\u00f5es de qualidade e garantir desempenho confi\u00e1vel em ambientes exigentes. Com sua constru\u00e7\u00e3o dur\u00e1vel e design de precis\u00e3o, eles s\u00e3o uma adi\u00e7\u00e3o essencial a qualquer sistema de gerenciamento de cabos ou condu\u00edte el\u00e9trico.<\/span><\/p>\n<\/div>\n<\/div>\n<\/div>\n","protected":false},"featured_media":12857,"template":"","meta":[],"product_brand":[],"product_cat":[385],"product_tag":[],"class_list":{"0":"post-12861","1":"product","2":"type-product","3":"status-publish","4":"has-post-thumbnail","6":"product_cat-conexoes-de-conduite-de-aco-gi-galvanizado","8":"first","9":"instock","10":"shipping-taxable","11":"product-type-simple"},"yoast_head":"<!-- This site is optimized with the Yoast SEO plugin v27.3 - https:\/\/yoast.com\/product\/yoast-seo-wordpress\/ -->\n<title>Selas de Distanciamento para Barra Espa\u00e7adora<\/title>\n<meta name=\"description\" content=\"Descubra as Selas de Distanciamento para Barra Espa\u00e7adora da Conex Metals, incluindo Selas de Barra Espa\u00e7adora e Selas de Condu\u00edte Galvanizadas. Nossas Selas de Suporte para Condu\u00edte El\u00e9trico e Grampos de Espa\u00e7amento de Condu\u00edtes Industriais garantem uma instala\u00e7\u00e3o de condu\u00edtes dur\u00e1vel e segura. Fabricante, exportador e fornecedor confi\u00e1vel da \u00cdndia.\" \/>\n<meta name=\"robots\" content=\"index, follow, max-snippet:-1, max-image-preview:large, max-video-preview:-1\" \/>\n<link rel=\"canonical\" href=\"https:\/\/conexmetals.com\/pt-br\/produto\/selas-de-distanciamento-para-barra-espacadora\/\" \/>\n<script type=\"application\/ld+json\" class=\"yoast-schema-graph\">{\"@context\":\"https:\\\/\\\/schema.org\",\"@graph\":[{\"@type\":\"WebPage\",\"@id\":\"https:\\\/\\\/conexmetals.com\\\/pt-br\\\/produto\\\/selas-de-distanciamento-para-barra-espacadora\\\/\",\"url\":\"https:\\\/\\\/conexmetals.com\\\/pt-br\\\/produto\\\/selas-de-distanciamento-para-barra-espacadora\\\/\",\"name\":\"Selas de Distanciamento para Barra Espa\u00e7adora\",\"isPartOf\":{\"@id\":\"https:\\\/\\\/conexmetals.com\\\/pt-br\\\/#website\"},\"primaryImageOfPage\":{\"@id\":\"https:\\\/\\\/conexmetals.com\\\/pt-br\\\/produto\\\/selas-de-distanciamento-para-barra-espacadora\\\/#primaryimage\"},\"image\":{\"@id\":\"https:\\\/\\\/conexmetals.com\\\/pt-br\\\/produto\\\/selas-de-distanciamento-para-barra-espacadora\\\/#primaryimage\"},\"thumbnailUrl\":\"https:\\\/\\\/conexmetals.com\\\/wp-content\\\/uploads\\\/2025\\\/01\\\/Selas-de-Distanciamento-para-Barra-Espacadora.webp\",\"datePublished\":\"2023-08-18T05:15:20+00:00\",\"dateModified\":\"2025-01-07T09:59:49+00:00\",\"description\":\"Descubra as Selas de Distanciamento para Barra Espa\u00e7adora da Conex Metals, incluindo Selas de Barra Espa\u00e7adora e Selas de Condu\u00edte Galvanizadas. Nossas Selas de Suporte para Condu\u00edte El\u00e9trico e Grampos de Espa\u00e7amento de Condu\u00edtes Industriais garantem uma instala\u00e7\u00e3o de condu\u00edtes dur\u00e1vel e segura. Fabricante, exportador e fornecedor confi\u00e1vel da \u00cdndia.\",\"breadcrumb\":{\"@id\":\"https:\\\/\\\/conexmetals.com\\\/pt-br\\\/produto\\\/selas-de-distanciamento-para-barra-espacadora\\\/#breadcrumb\"},\"inLanguage\":\"pt-BR\",\"potentialAction\":[{\"@type\":\"ReadAction\",\"target\":[\"https:\\\/\\\/conexmetals.com\\\/pt-br\\\/produto\\\/selas-de-distanciamento-para-barra-espacadora\\\/\"]}]},{\"@type\":\"ImageObject\",\"inLanguage\":\"pt-BR\",\"@id\":\"https:\\\/\\\/conexmetals.com\\\/pt-br\\\/produto\\\/selas-de-distanciamento-para-barra-espacadora\\\/#primaryimage\",\"url\":\"https:\\\/\\\/conexmetals.com\\\/wp-content\\\/uploads\\\/2025\\\/01\\\/Selas-de-Distanciamento-para-Barra-Espacadora.webp\",\"contentUrl\":\"https:\\\/\\\/conexmetals.com\\\/wp-content\\\/uploads\\\/2025\\\/01\\\/Selas-de-Distanciamento-para-Barra-Espacadora.webp\",\"width\":236,\"height\":236,\"caption\":\"Selas de Distanciamento para Barra Espa\u00e7adora\"},{\"@type\":\"BreadcrumbList\",\"@id\":\"https:\\\/\\\/conexmetals.com\\\/pt-br\\\/produto\\\/selas-de-distanciamento-para-barra-espacadora\\\/#breadcrumb\",\"itemListElement\":[{\"@type\":\"ListItem\",\"position\":1,\"name\":\"Home\",\"item\":\"https:\\\/\\\/conexmetals.com\\\/pt-br\\\/lar\\\/\"},{\"@type\":\"ListItem\",\"position\":2,\"name\":\"Products\",\"item\":\"https:\\\/\\\/conexmetals.com\\\/products\\\/\"},{\"@type\":\"ListItem\",\"position\":3,\"name\":\"Selas de Distanciamento para Barra Espa\u00e7adora\"}]},{\"@type\":\"WebSite\",\"@id\":\"https:\\\/\\\/conexmetals.com\\\/pt-br\\\/#website\",\"url\":\"https:\\\/\\\/conexmetals.com\\\/pt-br\\\/\",\"name\":\"Conex Metals Brass Fittings Brass Parts Copper Parts Brass Components Brass Plumbing Fittings India\",\"description\":\"Manufacturer of Bronze Fittings casting Copper Brass parts components\",\"publisher\":{\"@id\":\"https:\\\/\\\/conexmetals.com\\\/pt-br\\\/#organization\"},\"potentialAction\":[{\"@type\":\"SearchAction\",\"target\":{\"@type\":\"EntryPoint\",\"urlTemplate\":\"https:\\\/\\\/conexmetals.com\\\/pt-br\\\/?s={search_term_string}\"},\"query-input\":{\"@type\":\"PropertyValueSpecification\",\"valueRequired\":true,\"valueName\":\"search_term_string\"}}],\"inLanguage\":\"pt-BR\"},{\"@type\":\"Organization\",\"@id\":\"https:\\\/\\\/conexmetals.com\\\/pt-br\\\/#organization\",\"name\":\"Conex Metals Brass Fittings Brass Parts Copper Parts Brass Components Brass Plumbing Fittings India\",\"url\":\"https:\\\/\\\/conexmetals.com\\\/pt-br\\\/\",\"logo\":{\"@type\":\"ImageObject\",\"inLanguage\":\"pt-BR\",\"@id\":\"https:\\\/\\\/conexmetals.com\\\/pt-br\\\/#\\\/schema\\\/logo\\\/image\\\/\",\"url\":\"https:\\\/\\\/conexmetals.com\\\/wp-content\\\/uploads\\\/2024\\\/03\\\/conex-metals-logo.webp\",\"contentUrl\":\"https:\\\/\\\/conexmetals.com\\\/wp-content\\\/uploads\\\/2024\\\/03\\\/conex-metals-logo.webp\",\"width\":300,\"height\":121,\"caption\":\"Conex Metals Brass Fittings Brass Parts Copper Parts Brass Components Brass Plumbing Fittings India\"},\"image\":{\"@id\":\"https:\\\/\\\/conexmetals.com\\\/pt-br\\\/#\\\/schema\\\/logo\\\/image\\\/\"},\"sameAs\":[\"https:\\\/\\\/www.facebook.com\\\/conexbrass\",\"https:\\\/\\\/x.com\\\/conexindia\",\"https:\\\/\\\/www.linkedin.com\\\/company\\\/conex-metals-india\\\/\",\"https:\\\/\\\/www.instagram.com\\\/conexindia\\\/\"]}]}<\/script>\n<!-- \/ Yoast SEO plugin. -->","yoast_head_json":{"title":"Selas de Distanciamento para Barra Espa\u00e7adora","description":"Descubra as Selas de Distanciamento para Barra Espa\u00e7adora da Conex Metals, incluindo Selas de Barra Espa\u00e7adora e Selas de Condu\u00edte Galvanizadas. Nossas Selas de Suporte para Condu\u00edte El\u00e9trico e Grampos de Espa\u00e7amento de Condu\u00edtes Industriais garantem uma instala\u00e7\u00e3o de condu\u00edtes dur\u00e1vel e segura. Fabricante, exportador e fornecedor confi\u00e1vel da \u00cdndia.","robots":{"index":"index","follow":"follow","max-snippet":"max-snippet:-1","max-image-preview":"max-image-preview:large","max-video-preview":"max-video-preview:-1"},"canonical":"https:\/\/conexmetals.com\/pt-br\/produto\/selas-de-distanciamento-para-barra-espacadora\/","schema":{"@context":"https:\/\/schema.org","@graph":[{"@type":"WebPage","@id":"https:\/\/conexmetals.com\/pt-br\/produto\/selas-de-distanciamento-para-barra-espacadora\/","url":"https:\/\/conexmetals.com\/pt-br\/produto\/selas-de-distanciamento-para-barra-espacadora\/","name":"Selas de Distanciamento para Barra Espa\u00e7adora","isPartOf":{"@id":"https:\/\/conexmetals.com\/pt-br\/#website"},"primaryImageOfPage":{"@id":"https:\/\/conexmetals.com\/pt-br\/produto\/selas-de-distanciamento-para-barra-espacadora\/#primaryimage"},"image":{"@id":"https:\/\/conexmetals.com\/pt-br\/produto\/selas-de-distanciamento-para-barra-espacadora\/#primaryimage"},"thumbnailUrl":"https:\/\/conexmetals.com\/wp-content\/uploads\/2025\/01\/Selas-de-Distanciamento-para-Barra-Espacadora.webp","datePublished":"2023-08-18T05:15:20+00:00","dateModified":"2025-01-07T09:59:49+00:00","description":"Descubra as Selas de Distanciamento para Barra Espa\u00e7adora da Conex Metals, incluindo Selas de Barra Espa\u00e7adora e Selas de Condu\u00edte Galvanizadas. Nossas Selas de Suporte para Condu\u00edte El\u00e9trico e Grampos de Espa\u00e7amento de Condu\u00edtes Industriais garantem uma instala\u00e7\u00e3o de condu\u00edtes dur\u00e1vel e segura. Fabricante, exportador e fornecedor confi\u00e1vel da \u00cdndia.","breadcrumb":{"@id":"https:\/\/conexmetals.com\/pt-br\/produto\/selas-de-distanciamento-para-barra-espacadora\/#breadcrumb"},"inLanguage":"pt-BR","potentialAction":[{"@type":"ReadAction","target":["https:\/\/conexmetals.com\/pt-br\/produto\/selas-de-distanciamento-para-barra-espacadora\/"]}]},{"@type":"ImageObject","inLanguage":"pt-BR","@id":"https:\/\/conexmetals.com\/pt-br\/produto\/selas-de-distanciamento-para-barra-espacadora\/#primaryimage","url":"https:\/\/conexmetals.com\/wp-content\/uploads\/2025\/01\/Selas-de-Distanciamento-para-Barra-Espacadora.webp","contentUrl":"https:\/\/conexmetals.com\/wp-content\/uploads\/2025\/01\/Selas-de-Distanciamento-para-Barra-Espacadora.webp","width":236,"height":236,"caption":"Selas de Distanciamento para Barra Espa\u00e7adora"},{"@type":"BreadcrumbList","@id":"https:\/\/conexmetals.com\/pt-br\/produto\/selas-de-distanciamento-para-barra-espacadora\/#breadcrumb","itemListElement":[{"@type":"ListItem","position":1,"name":"Home","item":"https:\/\/conexmetals.com\/pt-br\/lar\/"},{"@type":"ListItem","position":2,"name":"Products","item":"https:\/\/conexmetals.com\/products\/"},{"@type":"ListItem","position":3,"name":"Selas de Distanciamento para Barra Espa\u00e7adora"}]},{"@type":"WebSite","@id":"https:\/\/conexmetals.com\/pt-br\/#website","url":"https:\/\/conexmetals.com\/pt-br\/","name":"Conex Metals Brass Fittings Brass Parts Copper Parts Brass Components Brass Plumbing Fittings India","description":"Manufacturer of Bronze Fittings casting Copper Brass parts components","publisher":{"@id":"https:\/\/conexmetals.com\/pt-br\/#organization"},"potentialAction":[{"@type":"SearchAction","target":{"@type":"EntryPoint","urlTemplate":"https:\/\/conexmetals.com\/pt-br\/?s={search_term_string}"},"query-input":{"@type":"PropertyValueSpecification","valueRequired":true,"valueName":"search_term_string"}}],"inLanguage":"pt-BR"},{"@type":"Organization","@id":"https:\/\/conexmetals.com\/pt-br\/#organization","name":"Conex Metals Brass Fittings Brass Parts Copper Parts Brass Components Brass Plumbing Fittings India","url":"https:\/\/conexmetals.com\/pt-br\/","logo":{"@type":"ImageObject","inLanguage":"pt-BR","@id":"https:\/\/conexmetals.com\/pt-br\/#\/schema\/logo\/image\/","url":"https:\/\/conexmetals.com\/wp-content\/uploads\/2024\/03\/conex-metals-logo.webp","contentUrl":"https:\/\/conexmetals.com\/wp-content\/uploads\/2024\/03\/conex-metals-logo.webp","width":300,"height":121,"caption":"Conex Metals Brass Fittings Brass Parts Copper Parts Brass Components Brass Plumbing Fittings India"},"image":{"@id":"https:\/\/conexmetals.com\/pt-br\/#\/schema\/logo\/image\/"},"sameAs":["https:\/\/www.facebook.com\/conexbrass","https:\/\/x.com\/conexindia","https:\/\/www.linkedin.com\/company\/conex-metals-india\/","https:\/\/www.instagram.com\/conexindia\/"]}]}},"_links":{"self":[{"href":"https:\/\/conexmetals.com\/pt-br\/wp-json\/wp\/v2\/product\/12861","targetHints":{"allow":["GET"]}}],"collection":[{"href":"https:\/\/conexmetals.com\/pt-br\/wp-json\/wp\/v2\/product"}],"about":[{"href":"https:\/\/conexmetals.com\/pt-br\/wp-json\/wp\/v2\/types\/product"}],"wp:featuredmedia":[{"embeddable":true,"href":"https:\/\/conexmetals.com\/pt-br\/wp-json\/wp\/v2\/media\/12857"}],"wp:attachment":[{"href":"https:\/\/conexmetals.com\/pt-br\/wp-json\/wp\/v2\/media?parent=12861"}],"wp:term":[{"taxonomy":"product_brand","embeddable":true,"href":"https:\/\/conexmetals.com\/pt-br\/wp-json\/wp\/v2\/product_brand?post=12861"},{"taxonomy":"product_cat","embeddable":true,"href":"https:\/\/conexmetals.com\/pt-br\/wp-json\/wp\/v2\/product_cat?post=12861"},{"taxonomy":"product_tag","embeddable":true,"href":"https:\/\/conexmetals.com\/pt-br\/wp-json\/wp\/v2\/product_tag?post=12861"}],"curies":[{"name":"wp","href":"https:\/\/api.w.org\/{rel}","templated":true}]}}