{"id":12973,"date":"2023-08-18T12:48:18","date_gmt":"2023-08-18T07:18:18","guid":{"rendered":"https:\/\/conexmetals.com\/?post_type=product&#038;p=12973"},"modified":"2025-01-07T18:36:03","modified_gmt":"2025-01-07T13:06:03","slug":"grampos-de-linha-quente-de-bronze","status":"publish","type":"product","link":"https:\/\/conexmetals.com\/pt-br\/produto\/grampos-de-linha-quente-de-bronze\/","title":{"rendered":"Grampos de Linha Quente de Bronze"},"content":{"rendered":"","protected":false},"excerpt":{"rendered":"<div class=\"elementor-element elementor-element-672075d elementor-widget__width-initial e-transform elementor-widget-mobile__width-initial elementor-widget elementor-widget-woocommerce-product-images\" data-id=\"672075d\" data-element_type=\"widget\" data-settings=\"{&quot;_transform_scale_effect&quot;:{&quot;unit&quot;:&quot;px&quot;,&quot;size&quot;:1,&quot;sizes&quot;:[]},&quot;_transform_scale_effect_tablet&quot;:{&quot;unit&quot;:&quot;px&quot;,&quot;size&quot;:&quot;&quot;,&quot;sizes&quot;:[]},&quot;_transform_scale_effect_mobile&quot;:{&quot;unit&quot;:&quot;px&quot;,&quot;size&quot;:&quot;&quot;,&quot;sizes&quot;:[]}}\" data-widget_type=\"woocommerce-product-images.default\">\n<div class=\"elementor-widget-container\">\n<div class=\"woocommerce-product-gallery woocommerce-product-gallery--with-images woocommerce-product-gallery--columns-4 images\" data-columns=\"4\">\n<div class=\"woocommerce-product-gallery__wrapper\">\n<div class=\"woocommerce-product-gallery__image\" data-thumb=\"https:\/\/conexmetals.com\/wp-content\/uploads\/2023\/08\/bronze-hot-line-clamps-100x100.webp\" data-thumb-alt=\"bronze-hot-line-clamps\" data-thumb-srcset=\"https:\/\/conexmetals.com\/wp-content\/uploads\/2023\/08\/bronze-hot-line-clamps-100x100.webp 100w, https:\/\/conexmetals.com\/wp-content\/uploads\/2023\/08\/bronze-hot-line-clamps-300x300.webp 300w, https:\/\/conexmetals.com\/wp-content\/uploads\/2023\/08\/bronze-hot-line-clamps-150x150.webp 150w, https:\/\/conexmetals.com\/wp-content\/uploads\/2023\/08\/bronze-hot-line-clamps.webp 350w\"><\/div>\n<\/div>\n<\/div>\n<\/div>\n<\/div>\n<div class=\"elementor-element elementor-element-36d2ab8 elementor-widget elementor-widget-woocommerce-product-short-description\" data-id=\"36d2ab8\" data-element_type=\"widget\" data-widget_type=\"woocommerce-product-short-description.default\">\n<div class=\"elementor-widget-container\">\n<div class=\"woocommerce-product-details__short-description\">\n<table id=\"tablepress-276\" class=\"tablepress tablepress-id-276\">\n<caption>\u00a0<\/caption>\n<thead>\n<tr class=\"row-1 odd\">\n<th class=\"column-1\" colspan=\"6\"><strong><span>Grampos de linha quente de bronze<\/span><\/strong><\/th>\n<\/tr>\n<\/thead>\n<tbody class=\"row-hover\">\n<tr class=\"row-2 even\">\n<td class=\"column-1\"><strong><span>Tipo de conex\u00e3o Executar<\/span><\/strong><\/td>\n<td class=\"column-2\"><strong><span>Corra Dia.<\/span><\/strong><\/td>\n<td class=\"column-3\"><strong><span>Correr<\/span><\/strong><\/td>\n<td class=\"column-4\"><strong><span>Um (em)<\/span><\/strong><\/td>\n<td class=\"column-5\"><strong><span>B (em)<\/span><\/strong><\/td>\n<td class=\"column-6\"><strong><span>C (em)<\/span><\/strong><\/td>\n<\/tr>\n<tr class=\"row-3 odd\">\n<td class=\"column-1\"><span>CU<\/span><\/td>\n<td class=\"column-2\"><span>0,128-0,414<\/span><\/td>\n<td class=\"column-3\"><span>#8 sol-2\/0 str<\/span><\/td>\n<td class=\"column-4\"><span>4.5<\/span><\/td>\n<td class=\"column-5\"><span>1,25<\/span><\/td>\n<td class=\"column-6\"><span>2,75<\/span><\/td>\n<\/tr>\n<tr class=\"row-4 even\">\n<td class=\"column-1\"><span>CU<\/span><\/td>\n<td class=\"column-2\"><span>0,162-0,745<\/span><\/td>\n<td class=\"column-3\"><span>#6 sol-400 MCM<\/span><\/td>\n<td class=\"column-4\"><span>6.5<\/span><\/td>\n<td class=\"column-5\"><span>1,75<\/span><\/td>\n<td class=\"column-6\"><span>2,5<\/span><\/td>\n<\/tr>\n<tr class=\"row-5 odd\">\n<td class=\"column-1\"><span>CU<\/span><\/td>\n<td class=\"column-2\"><span>0,162-0,745<\/span><\/td>\n<td class=\"column-3\"><span>#6 sol-400 MCM<\/span><\/td>\n<td class=\"column-4\"><span>6.5<\/span><\/td>\n<td class=\"column-5\"><span>1,75<\/span><\/td>\n<td class=\"column-6\"><span>2,5<\/span><\/td>\n<\/tr>\n<\/tbody>\n<\/table>\n<p><img fetchpriority=\"high\" decoding=\"async\" class=\"size-full wp-image-5637 alignright lazy loaded\" src=\"https:\/\/conexmetals.com\/wp-content\/uploads\/2023\/08\/Bronze-hot-line-clamps.png\" alt=\"Grampos de bronze para linha quente\" width=\"295\" height=\"300\" data-src=\"https:\/\/conexmetals.com\/wp-content\/uploads\/2023\/08\/Bronze-hot-line-clamps.png\" data-was-processed=\"true\" \/><\/p>\n<p><span>Grampos de linha quente de bronze, tamb\u00e9m conhecidos como torneiras de linha quente ou conectores de linha quente de bronze, s\u00e3o conectores el\u00e9tricos projetados para fornecer uma fixa\u00e7\u00e3o segura e protegida de condutores el\u00e9tricos a linhas de energia energizadas ou barras de barramento. Esses grampos s\u00e3o normalmente usados \u200b\u200bpor trabalhadores de servi\u00e7os p\u00fablicos e eletricistas para fazer conex\u00f5es el\u00e9tricas tempor\u00e1rias enquanto trabalham em sistemas el\u00e9tricos energizados, como linhas de transmiss\u00e3o de alta tens\u00e3o ou redes de distribui\u00e7\u00e3o. Eles s\u00e3o usados \u200b\u200bcom a ajuda de bast\u00f5es de manobra.<\/span><\/p>\n<p><span>As principais caracter\u00edsticas dos grampos de linha viva de bronze incluem:<\/span><\/p>\n<ol>\n<li><strong><span>Constru\u00e7\u00e3o em Bronze:<\/span><\/strong><span>\u00a0Essas bra\u00e7adeiras s\u00e3o feitas de Bronze, um metal conhecido por sua excelente condutividade el\u00e9trica e resist\u00eancia \u00e0 corros\u00e3o. O material de bronze garante que as bra\u00e7adeiras possam transportar correntes el\u00e9tricas com seguran\u00e7a e suportar condi\u00e7\u00f5es externas adversas.<\/span><\/li>\n<li><strong><span>Al\u00e7as isoladas:<\/span><\/strong><span>\u00a0os grampos de linha viva geralmente t\u00eam al\u00e7as ou pegadores isolados que fornecem prote\u00e7\u00e3o ao usu\u00e1rio contra choques el\u00e9tricos ao fazer conex\u00f5es com linhas energizadas.<\/span><\/li>\n<li><strong><span>Mecanismo de mola:<\/span><\/strong><span>\u00a0os grampos geralmente apresentam um design de mola, permitindo que sejam facilmente abertos e fechados com uma m\u00e3o durante a instala\u00e7\u00e3o.<\/span><\/li>\n<li><strong><span>Mordentes dentados:<\/span><\/strong><span>\u00a0os mordentes dos grampos s\u00e3o dentados ou serrilhados para garantir uma fixa\u00e7\u00e3o segura no condutor ou barramento.<\/span><\/li>\n<li><strong><span>Recursos de seguran\u00e7a:<\/span><\/strong><span>\u00a0Os grampos de linha viva de bronze podem ter recursos de seguran\u00e7a adicionais, como designs \u201c\u00e0 prova de falhas\u201d ou mecanismos de travamento para evitar o desprendimento acidental do condutor.<\/span><\/li>\n<\/ol>\n<p><strong><br \/>\n<span>Material: O corpo pode ser feito de v\u00e1rios tipos de bronze, como C836, C844, C956 etc.<\/span><\/strong><\/p>\n<p><strong><span>O olhal de bronze \u00e9 sempre feito de um bronze forte e de alto torque, como o C95500.<\/span><\/strong><\/p>\n<p><strong><span>Os fixadores s\u00e3o todos de a\u00e7o inoxid\u00e1vel 304, incluindo a chave\/olhal.<\/span><\/strong><\/p>\n<p>&nbsp;<\/p>\n<\/div>\n<\/div>\n<\/div>\n","protected":false},"featured_media":12882,"template":"","meta":[],"product_brand":[],"product_cat":[330],"product_tag":[],"class_list":{"0":"post-12973","1":"product","2":"type-product","3":"status-publish","4":"has-post-thumbnail","6":"product_cat-transformador-e-hardware-de-linha-de-energia","8":"first","9":"instock","10":"shipping-taxable","11":"product-type-simple"},"yoast_head":"<!-- This site is optimized with the Yoast SEO plugin v27.3 - https:\/\/yoast.com\/product\/yoast-seo-wordpress\/ -->\n<title>Grampos de Linha Quente de Bronze<\/title>\n<meta name=\"description\" content=\"Conex Metals oferece Grampos de Linha Quente de Bronze de alta qualidade, Grampos de Bronze CDA 955 e Grampos de Linha de Bronze, atuando como um fabricante, exportador e fornecedor l\u00edder na \u00cdndia.\" \/>\n<meta name=\"robots\" content=\"index, follow, max-snippet:-1, max-image-preview:large, max-video-preview:-1\" \/>\n<link rel=\"canonical\" href=\"https:\/\/conexmetals.com\/pt-br\/produto\/grampos-de-linha-quente-de-bronze\/\" \/>\n<script type=\"application\/ld+json\" class=\"yoast-schema-graph\">{\"@context\":\"https:\\\/\\\/schema.org\",\"@graph\":[{\"@type\":\"WebPage\",\"@id\":\"https:\\\/\\\/conexmetals.com\\\/pt-br\\\/produto\\\/grampos-de-linha-quente-de-bronze\\\/\",\"url\":\"https:\\\/\\\/conexmetals.com\\\/pt-br\\\/produto\\\/grampos-de-linha-quente-de-bronze\\\/\",\"name\":\"Grampos de Linha Quente de Bronze\",\"isPartOf\":{\"@id\":\"https:\\\/\\\/conexmetals.com\\\/pt-br\\\/#website\"},\"primaryImageOfPage\":{\"@id\":\"https:\\\/\\\/conexmetals.com\\\/pt-br\\\/produto\\\/grampos-de-linha-quente-de-bronze\\\/#primaryimage\"},\"image\":{\"@id\":\"https:\\\/\\\/conexmetals.com\\\/pt-br\\\/produto\\\/grampos-de-linha-quente-de-bronze\\\/#primaryimage\"},\"thumbnailUrl\":\"https:\\\/\\\/conexmetals.com\\\/wp-content\\\/uploads\\\/2025\\\/01\\\/Grampos-de-Linha-Quente-de-Bronze.webp\",\"datePublished\":\"2023-08-18T07:18:18+00:00\",\"dateModified\":\"2025-01-07T13:06:03+00:00\",\"description\":\"Conex Metals oferece Grampos de Linha Quente de Bronze de alta qualidade, Grampos de Bronze CDA 955 e Grampos de Linha de Bronze, atuando como um fabricante, exportador e fornecedor l\u00edder na \u00cdndia.\",\"breadcrumb\":{\"@id\":\"https:\\\/\\\/conexmetals.com\\\/pt-br\\\/produto\\\/grampos-de-linha-quente-de-bronze\\\/#breadcrumb\"},\"inLanguage\":\"pt-BR\",\"potentialAction\":[{\"@type\":\"ReadAction\",\"target\":[\"https:\\\/\\\/conexmetals.com\\\/pt-br\\\/produto\\\/grampos-de-linha-quente-de-bronze\\\/\"]}]},{\"@type\":\"ImageObject\",\"inLanguage\":\"pt-BR\",\"@id\":\"https:\\\/\\\/conexmetals.com\\\/pt-br\\\/produto\\\/grampos-de-linha-quente-de-bronze\\\/#primaryimage\",\"url\":\"https:\\\/\\\/conexmetals.com\\\/wp-content\\\/uploads\\\/2025\\\/01\\\/Grampos-de-Linha-Quente-de-Bronze.webp\",\"contentUrl\":\"https:\\\/\\\/conexmetals.com\\\/wp-content\\\/uploads\\\/2025\\\/01\\\/Grampos-de-Linha-Quente-de-Bronze.webp\",\"width\":350,\"height\":350,\"caption\":\"Grampos de Linha Quente de Bronze\"},{\"@type\":\"BreadcrumbList\",\"@id\":\"https:\\\/\\\/conexmetals.com\\\/pt-br\\\/produto\\\/grampos-de-linha-quente-de-bronze\\\/#breadcrumb\",\"itemListElement\":[{\"@type\":\"ListItem\",\"position\":1,\"name\":\"Home\",\"item\":\"https:\\\/\\\/conexmetals.com\\\/pt-br\\\/lar\\\/\"},{\"@type\":\"ListItem\",\"position\":2,\"name\":\"Products\",\"item\":\"https:\\\/\\\/conexmetals.com\\\/products\\\/\"},{\"@type\":\"ListItem\",\"position\":3,\"name\":\"Grampos de Linha Quente de Bronze\"}]},{\"@type\":\"WebSite\",\"@id\":\"https:\\\/\\\/conexmetals.com\\\/pt-br\\\/#website\",\"url\":\"https:\\\/\\\/conexmetals.com\\\/pt-br\\\/\",\"name\":\"Conex Metals Brass Fittings Brass Parts Copper Parts Brass Components Brass Plumbing Fittings India\",\"description\":\"Manufacturer of Bronze Fittings casting Copper Brass parts components\",\"publisher\":{\"@id\":\"https:\\\/\\\/conexmetals.com\\\/pt-br\\\/#organization\"},\"potentialAction\":[{\"@type\":\"SearchAction\",\"target\":{\"@type\":\"EntryPoint\",\"urlTemplate\":\"https:\\\/\\\/conexmetals.com\\\/pt-br\\\/?s={search_term_string}\"},\"query-input\":{\"@type\":\"PropertyValueSpecification\",\"valueRequired\":true,\"valueName\":\"search_term_string\"}}],\"inLanguage\":\"pt-BR\"},{\"@type\":\"Organization\",\"@id\":\"https:\\\/\\\/conexmetals.com\\\/pt-br\\\/#organization\",\"name\":\"Conex Metals Brass Fittings Brass Parts Copper Parts Brass Components Brass Plumbing Fittings India\",\"url\":\"https:\\\/\\\/conexmetals.com\\\/pt-br\\\/\",\"logo\":{\"@type\":\"ImageObject\",\"inLanguage\":\"pt-BR\",\"@id\":\"https:\\\/\\\/conexmetals.com\\\/pt-br\\\/#\\\/schema\\\/logo\\\/image\\\/\",\"url\":\"https:\\\/\\\/conexmetals.com\\\/wp-content\\\/uploads\\\/2024\\\/03\\\/conex-metals-logo.webp\",\"contentUrl\":\"https:\\\/\\\/conexmetals.com\\\/wp-content\\\/uploads\\\/2024\\\/03\\\/conex-metals-logo.webp\",\"width\":300,\"height\":121,\"caption\":\"Conex Metals Brass Fittings Brass Parts Copper Parts Brass Components Brass Plumbing Fittings India\"},\"image\":{\"@id\":\"https:\\\/\\\/conexmetals.com\\\/pt-br\\\/#\\\/schema\\\/logo\\\/image\\\/\"},\"sameAs\":[\"https:\\\/\\\/www.facebook.com\\\/conexbrass\",\"https:\\\/\\\/x.com\\\/conexindia\",\"https:\\\/\\\/www.linkedin.com\\\/company\\\/conex-metals-india\\\/\",\"https:\\\/\\\/www.instagram.com\\\/conexindia\\\/\"]}]}<\/script>\n<!-- \/ Yoast SEO plugin. -->","yoast_head_json":{"title":"Grampos de Linha Quente de Bronze","description":"Conex Metals oferece Grampos de Linha Quente de Bronze de alta qualidade, Grampos de Bronze CDA 955 e Grampos de Linha de Bronze, atuando como um fabricante, exportador e fornecedor l\u00edder na \u00cdndia.","robots":{"index":"index","follow":"follow","max-snippet":"max-snippet:-1","max-image-preview":"max-image-preview:large","max-video-preview":"max-video-preview:-1"},"canonical":"https:\/\/conexmetals.com\/pt-br\/produto\/grampos-de-linha-quente-de-bronze\/","schema":{"@context":"https:\/\/schema.org","@graph":[{"@type":"WebPage","@id":"https:\/\/conexmetals.com\/pt-br\/produto\/grampos-de-linha-quente-de-bronze\/","url":"https:\/\/conexmetals.com\/pt-br\/produto\/grampos-de-linha-quente-de-bronze\/","name":"Grampos de Linha Quente de Bronze","isPartOf":{"@id":"https:\/\/conexmetals.com\/pt-br\/#website"},"primaryImageOfPage":{"@id":"https:\/\/conexmetals.com\/pt-br\/produto\/grampos-de-linha-quente-de-bronze\/#primaryimage"},"image":{"@id":"https:\/\/conexmetals.com\/pt-br\/produto\/grampos-de-linha-quente-de-bronze\/#primaryimage"},"thumbnailUrl":"https:\/\/conexmetals.com\/wp-content\/uploads\/2025\/01\/Grampos-de-Linha-Quente-de-Bronze.webp","datePublished":"2023-08-18T07:18:18+00:00","dateModified":"2025-01-07T13:06:03+00:00","description":"Conex Metals oferece Grampos de Linha Quente de Bronze de alta qualidade, Grampos de Bronze CDA 955 e Grampos de Linha de Bronze, atuando como um fabricante, exportador e fornecedor l\u00edder na \u00cdndia.","breadcrumb":{"@id":"https:\/\/conexmetals.com\/pt-br\/produto\/grampos-de-linha-quente-de-bronze\/#breadcrumb"},"inLanguage":"pt-BR","potentialAction":[{"@type":"ReadAction","target":["https:\/\/conexmetals.com\/pt-br\/produto\/grampos-de-linha-quente-de-bronze\/"]}]},{"@type":"ImageObject","inLanguage":"pt-BR","@id":"https:\/\/conexmetals.com\/pt-br\/produto\/grampos-de-linha-quente-de-bronze\/#primaryimage","url":"https:\/\/conexmetals.com\/wp-content\/uploads\/2025\/01\/Grampos-de-Linha-Quente-de-Bronze.webp","contentUrl":"https:\/\/conexmetals.com\/wp-content\/uploads\/2025\/01\/Grampos-de-Linha-Quente-de-Bronze.webp","width":350,"height":350,"caption":"Grampos de Linha Quente de Bronze"},{"@type":"BreadcrumbList","@id":"https:\/\/conexmetals.com\/pt-br\/produto\/grampos-de-linha-quente-de-bronze\/#breadcrumb","itemListElement":[{"@type":"ListItem","position":1,"name":"Home","item":"https:\/\/conexmetals.com\/pt-br\/lar\/"},{"@type":"ListItem","position":2,"name":"Products","item":"https:\/\/conexmetals.com\/products\/"},{"@type":"ListItem","position":3,"name":"Grampos de Linha Quente de Bronze"}]},{"@type":"WebSite","@id":"https:\/\/conexmetals.com\/pt-br\/#website","url":"https:\/\/conexmetals.com\/pt-br\/","name":"Conex Metals Brass Fittings Brass Parts Copper Parts Brass Components Brass Plumbing Fittings India","description":"Manufacturer of Bronze Fittings casting Copper Brass parts components","publisher":{"@id":"https:\/\/conexmetals.com\/pt-br\/#organization"},"potentialAction":[{"@type":"SearchAction","target":{"@type":"EntryPoint","urlTemplate":"https:\/\/conexmetals.com\/pt-br\/?s={search_term_string}"},"query-input":{"@type":"PropertyValueSpecification","valueRequired":true,"valueName":"search_term_string"}}],"inLanguage":"pt-BR"},{"@type":"Organization","@id":"https:\/\/conexmetals.com\/pt-br\/#organization","name":"Conex Metals Brass Fittings Brass Parts Copper Parts Brass Components Brass Plumbing Fittings India","url":"https:\/\/conexmetals.com\/pt-br\/","logo":{"@type":"ImageObject","inLanguage":"pt-BR","@id":"https:\/\/conexmetals.com\/pt-br\/#\/schema\/logo\/image\/","url":"https:\/\/conexmetals.com\/wp-content\/uploads\/2024\/03\/conex-metals-logo.webp","contentUrl":"https:\/\/conexmetals.com\/wp-content\/uploads\/2024\/03\/conex-metals-logo.webp","width":300,"height":121,"caption":"Conex Metals Brass Fittings Brass Parts Copper Parts Brass Components Brass Plumbing Fittings India"},"image":{"@id":"https:\/\/conexmetals.com\/pt-br\/#\/schema\/logo\/image\/"},"sameAs":["https:\/\/www.facebook.com\/conexbrass","https:\/\/x.com\/conexindia","https:\/\/www.linkedin.com\/company\/conex-metals-india\/","https:\/\/www.instagram.com\/conexindia\/"]}]}},"_links":{"self":[{"href":"https:\/\/conexmetals.com\/pt-br\/wp-json\/wp\/v2\/product\/12973","targetHints":{"allow":["GET"]}}],"collection":[{"href":"https:\/\/conexmetals.com\/pt-br\/wp-json\/wp\/v2\/product"}],"about":[{"href":"https:\/\/conexmetals.com\/pt-br\/wp-json\/wp\/v2\/types\/product"}],"wp:featuredmedia":[{"embeddable":true,"href":"https:\/\/conexmetals.com\/pt-br\/wp-json\/wp\/v2\/media\/12882"}],"wp:attachment":[{"href":"https:\/\/conexmetals.com\/pt-br\/wp-json\/wp\/v2\/media?parent=12973"}],"wp:term":[{"taxonomy":"product_brand","embeddable":true,"href":"https:\/\/conexmetals.com\/pt-br\/wp-json\/wp\/v2\/product_brand?post=12973"},{"taxonomy":"product_cat","embeddable":true,"href":"https:\/\/conexmetals.com\/pt-br\/wp-json\/wp\/v2\/product_cat?post=12973"},{"taxonomy":"product_tag","embeddable":true,"href":"https:\/\/conexmetals.com\/pt-br\/wp-json\/wp\/v2\/product_tag?post=12973"}],"curies":[{"name":"wp","href":"https:\/\/api.w.org\/{rel}","templated":true}]}}