{"id":12978,"date":"2023-08-18T12:46:05","date_gmt":"2023-08-18T07:16:05","guid":{"rendered":"https:\/\/conexmetals.com\/?post_type=product&#038;p=12978"},"modified":"2025-01-11T11:46:12","modified_gmt":"2025-01-11T06:16:12","slug":"espatulas-de-bronze","status":"publish","type":"product","link":"https:\/\/conexmetals.com\/pt-br\/produto\/espatulas-de-bronze\/","title":{"rendered":"Esp\u00e1tulas de Bronze"},"content":{"rendered":"","protected":false},"excerpt":{"rendered":"<hr \/>\n<p><img fetchpriority=\"high\" decoding=\"async\" class=\"alignnone wp-image-6254 size-full lazy loaded\" src=\"https:\/\/conexmetals.com\/wp-content\/uploads\/2024\/07\/Bronze-spades-diagram.jpg\" alt=\"Diagrama de espadas de bronze\" width=\"2263\" height=\"796\" data-src=\"https:\/\/conexmetals.com\/wp-content\/uploads\/2024\/07\/Bronze-spades-diagram.jpg\" data-was-processed=\"true\" srcset=\"https:\/\/conexmetals.com\/wp-content\/uploads\/2024\/07\/Bronze-spades-diagram.jpg 2263w, https:\/\/conexmetals.com\/wp-content\/uploads\/2024\/07\/Bronze-spades-diagram-300x106.jpg 300w, https:\/\/conexmetals.com\/wp-content\/uploads\/2024\/07\/Bronze-spades-diagram-1024x360.jpg 1024w, https:\/\/conexmetals.com\/wp-content\/uploads\/2024\/07\/Bronze-spades-diagram-768x270.jpg 768w, https:\/\/conexmetals.com\/wp-content\/uploads\/2024\/07\/Bronze-spades-diagram-1536x540.jpg 1536w, https:\/\/conexmetals.com\/wp-content\/uploads\/2024\/07\/Bronze-spades-diagram-2048x720.jpg 2048w, https:\/\/conexmetals.com\/wp-content\/uploads\/2024\/07\/Bronze-spades-diagram-700x246.jpg 700w\" sizes=\"(max-width: 2263px) 100vw, 2263px\" \/><\/p>\n<table id=\"tablepress-315\" class=\"tablepress tablepress-id-315\">\n<caption>\u00a0<\/caption>\n<thead>\n<tr class=\"row-1 odd\">\n<th class=\"column-1\" colspan=\"9\"><strong><span>Terminais de bronze para transformador<\/span><\/strong><\/th>\n<\/tr>\n<\/thead>\n<tbody class=\"row-hover\">\n<tr class=\"row-2 even\">\n<td class=\"column-1\" rowspan=\"2\"><strong><span>N\u00famero de s\u00e9rie<\/span><\/strong><\/td>\n<td class=\"column-2\" rowspan=\"2\"><strong><span>N\u00famero da figura<\/span><\/strong><\/td>\n<td class=\"column-3\" colspan=\"7\"><strong><span>Dimens\u00f5es aproximadas<\/span><\/strong><\/td>\n<\/tr>\n<tr class=\"row-3 odd\">\n<td class=\"column-3\"><strong><span>UM<\/span><\/strong><\/td>\n<td class=\"column-4\"><strong><span>B<\/span><\/strong><\/td>\n<td class=\"column-5\"><strong><span>C<\/span><\/strong><\/td>\n<td class=\"column-6\"><strong><span>E<\/span><\/strong><\/td>\n<td class=\"column-7\"><strong><span>eu<\/span><\/strong><\/td>\n<td class=\"column-8\"><strong><span>E<\/span><\/strong><\/td>\n<td class=\"column-9\"><strong><span>C<\/span><\/strong><\/td>\n<\/tr>\n<tr class=\"row-4 even\">\n<td class=\"column-1\"><span>1<\/span><\/td>\n<td class=\"column-2\"><span>1<\/span><\/td>\n<td class=\"column-3\"><span>3\/8 &#8211; 16<\/span><\/td>\n<td class=\"column-4\"><span>0,88<\/span><\/td>\n<td class=\"column-5\"><span>0,63<\/span><\/td>\n<td class=\"column-6\"><span>2,38<\/span><\/td>\n<td class=\"column-7\"><span>4<\/span><\/td>\n<td class=\"column-8\"><span>0,25<\/span><\/td>\n<td class=\"column-9\"><span>3.5<\/span><\/td>\n<\/tr>\n<tr class=\"row-5 odd\">\n<td class=\"column-1\"><span>2<\/span><\/td>\n<td class=\"column-2\"><span>2<\/span><\/td>\n<td class=\"column-3\"><span>3\/8 &#8211; 16<\/span><\/td>\n<td class=\"column-4\"><span>0,88<\/span><\/td>\n<td class=\"column-5\"><span>0,75<\/span><\/td>\n<td class=\"column-6\"><span>3.5<\/span><\/td>\n<td class=\"column-7\"><span>5.06<\/span><\/td>\n<td class=\"column-8\"><span>0,31<\/span><\/td>\n<td class=\"column-9\"><span>1,38<\/span><\/td>\n<\/tr>\n<tr class=\"row-6 even\">\n<td class=\"column-1\"><span>3<\/span><\/td>\n<td class=\"column-2\"><span>3<\/span><\/td>\n<td class=\"column-3\"><span>3\/8 &#8211; 16<\/span><\/td>\n<td class=\"column-4\"><span>0,88<\/span><\/td>\n<td class=\"column-5\"><span>0,63<\/span><\/td>\n<td class=\"column-6\"><span>4.13<\/span><\/td>\n<td class=\"column-7\"><span>5,75<\/span><\/td>\n<td class=\"column-8\"><span>0,25<\/span><\/td>\n<td class=\"column-9\"><span>3.5<\/span><\/td>\n<\/tr>\n<tr class=\"row-7 odd\">\n<td class=\"column-1\"><span>4<\/span><\/td>\n<td class=\"column-2\"><span>5<\/span><\/td>\n<td class=\"column-3\"><span>3\/8 &#8211; 16<\/span><\/td>\n<td class=\"column-4\"><span>0,88<\/span><\/td>\n<td class=\"column-5\"><span>0,75<\/span><\/td>\n<td class=\"column-6\"><span>6,81<\/span><\/td>\n<td class=\"column-7\"><span>8.38<\/span><\/td>\n<td class=\"column-8\"><span>0,31<\/span><\/td>\n<td class=\"column-9\"><span>1,38<\/span><\/td>\n<\/tr>\n<tr class=\"row-8 even\">\n<td class=\"column-1\"><span>5<\/span><\/td>\n<td class=\"column-2\"><span>1<\/span><\/td>\n<td class=\"column-3\"><span>1\/2 &#8211; 13<\/span><\/td>\n<td class=\"column-4\"><span>0,88<\/span><\/td>\n<td class=\"column-5\"><span>0,63<\/span><\/td>\n<td class=\"column-6\"><span>2,38<\/span><\/td>\n<td class=\"column-7\"><span>4<\/span><\/td>\n<td class=\"column-8\"><span>0,25<\/span><\/td>\n<td class=\"column-9\"><span>3.5<\/span><\/td>\n<\/tr>\n<tr class=\"row-9 odd\">\n<td class=\"column-1\"><span>6<\/span><\/td>\n<td class=\"column-2\"><span>2<\/span><\/td>\n<td class=\"column-3\"><span>1\/2 &#8211; 13<\/span><\/td>\n<td class=\"column-4\"><span>0,88<\/span><\/td>\n<td class=\"column-5\"><span>0,75<\/span><\/td>\n<td class=\"column-6\"><span>3.5<\/span><\/td>\n<td class=\"column-7\"><span>5.06<\/span><\/td>\n<td class=\"column-8\"><span>0,31<\/span><\/td>\n<td class=\"column-9\"><span>1,38<\/span><\/td>\n<\/tr>\n<tr class=\"row-10 even\">\n<td class=\"column-1\"><span>7<\/span><\/td>\n<td class=\"column-2\"><span>3<\/span><\/td>\n<td class=\"column-3\"><span>1\/2 &#8211; 13<\/span><\/td>\n<td class=\"column-4\"><span>0,88<\/span><\/td>\n<td class=\"column-5\"><span>0,63<\/span><\/td>\n<td class=\"column-6\"><span>4.13<\/span><\/td>\n<td class=\"column-7\"><span>5,75<\/span><\/td>\n<td class=\"column-8\"><span>0,25<\/span><\/td>\n<td class=\"column-9\"><span>3.5<\/span><\/td>\n<\/tr>\n<tr class=\"row-11 odd\">\n<td class=\"column-1\"><span>8<\/span><\/td>\n<td class=\"column-2\"><span>5<\/span><\/td>\n<td class=\"column-3\"><span>1\/2 &#8211; 13<\/span><\/td>\n<td class=\"column-4\"><span>0,88<\/span><\/td>\n<td class=\"column-5\"><span>0,75<\/span><\/td>\n<td class=\"column-6\"><span>7<\/span><\/td>\n<td class=\"column-7\"><span>8.38<\/span><\/td>\n<td class=\"column-8\"><span>0,31<\/span><\/td>\n<td class=\"column-9\"><span>1,38<\/span><\/td>\n<\/tr>\n<tr class=\"row-12 even\">\n<td class=\"column-1\"><span>9<\/span><\/td>\n<td class=\"column-2\"><span>1<\/span><\/td>\n<td class=\"column-3\"><span>5\/8 &#8211; 11<\/span><\/td>\n<td class=\"column-4\"><span>0,88<\/span><\/td>\n<td class=\"column-5\"><span>0,63<\/span><\/td>\n<td class=\"column-6\"><span>2,38<\/span><\/td>\n<td class=\"column-7\"><span>4<\/span><\/td>\n<td class=\"column-8\"><span>0,25<\/span><\/td>\n<td class=\"column-9\"><span>3.5<\/span><\/td>\n<\/tr>\n<tr class=\"row-13 odd\">\n<td class=\"column-1\"><span>10<\/span><\/td>\n<td class=\"column-2\"><span>2<\/span><\/td>\n<td class=\"column-3\"><span>5\/8 &#8211; 11<\/span><\/td>\n<td class=\"column-4\"><span>0,88<\/span><\/td>\n<td class=\"column-5\"><span>0,75<\/span><\/td>\n<td class=\"column-6\"><span>3.5<\/span><\/td>\n<td class=\"column-7\"><span>5.06<\/span><\/td>\n<td class=\"column-8\"><span>0,31<\/span><\/td>\n<td class=\"column-9\"><span>1,38<\/span><\/td>\n<\/tr>\n<tr class=\"row-14 even\">\n<td class=\"column-1\"><span>11<\/span><\/td>\n<td class=\"column-2\"><span>3<\/span><\/td>\n<td class=\"column-3\"><span>5\/8 &#8211; 11<\/span><\/td>\n<td class=\"column-4\"><span>0,88<\/span><\/td>\n<td class=\"column-5\"><span>0,63<\/span><\/td>\n<td class=\"column-6\"><span>4.13<\/span><\/td>\n<td class=\"column-7\"><span>5,75<\/span><\/td>\n<td class=\"column-8\"><span>0,25<\/span><\/td>\n<td class=\"column-9\"><span>3.5<\/span><\/td>\n<\/tr>\n<tr class=\"row-15 odd\">\n<td class=\"column-1\"><span>12<\/span><\/td>\n<td class=\"column-2\"><span>5<\/span><\/td>\n<td class=\"column-3\"><span>5\/8 &#8211; 11<\/span><\/td>\n<td class=\"column-4\"><span>0,88<\/span><\/td>\n<td class=\"column-5\"><span>0,75<\/span><\/td>\n<td class=\"column-6\"><span>7<\/span><\/td>\n<td class=\"column-7\"><span>8.38<\/span><\/td>\n<td class=\"column-8\"><span>0,31<\/span><\/td>\n<td class=\"column-9\"><span>1,38<\/span><\/td>\n<\/tr>\n<tr class=\"row-16 even\">\n<td class=\"column-1\"><span>13<\/span><\/td>\n<td class=\"column-2\"><span>1<\/span><\/td>\n<td class=\"column-3\"><span>1 &#8211; 14<\/span><\/td>\n<td class=\"column-4\"><span>1,38<\/span><\/td>\n<td class=\"column-5\"><span>0,63<\/span><\/td>\n<td class=\"column-6\"><span>2,38<\/span><\/td>\n<td class=\"column-7\"><span>4<\/span><\/td>\n<td class=\"column-8\"><span>0,38<\/span><\/td>\n<td class=\"column-9\"><span>3.5<\/span><\/td>\n<\/tr>\n<tr class=\"row-17 odd\">\n<td class=\"column-1\"><span>14<\/span><\/td>\n<td class=\"column-2\"><span>2<\/span><\/td>\n<td class=\"column-3\"><span>1 &#8211; 14<\/span><\/td>\n<td class=\"column-4\"><span>1,38<\/span><\/td>\n<td class=\"column-5\"><span>0,75<\/span><\/td>\n<td class=\"column-6\"><span>3,56<\/span><\/td>\n<td class=\"column-7\"><span>5.13<\/span><\/td>\n<td class=\"column-8\"><span>0,34<\/span><\/td>\n<td class=\"column-9\"><span>1,94<\/span><\/td>\n<\/tr>\n<tr class=\"row-18 even\">\n<td class=\"column-1\"><span>15<\/span><\/td>\n<td class=\"column-2\"><span>3<\/span><\/td>\n<td class=\"column-3\"><span>1 &#8211; 14<\/span><\/td>\n<td class=\"column-4\"><span>1,38<\/span><\/td>\n<td class=\"column-5\"><span>0,63<\/span><\/td>\n<td class=\"column-6\"><span>4.13<\/span><\/td>\n<td class=\"column-7\"><span>5,75<\/span><\/td>\n<td class=\"column-8\"><span>0,38<\/span><\/td>\n<td class=\"column-9\"><span>3.5<\/span><\/td>\n<\/tr>\n<tr class=\"row-19 odd\">\n<td class=\"column-1\"><span>16<\/span><\/td>\n<td class=\"column-2\"><span>5<\/span><\/td>\n<td class=\"column-3\"><span>1 &#8211; 14<\/span><\/td>\n<td class=\"column-4\"><span>1,44<\/span><\/td>\n<td class=\"column-5\"><span>0,75<\/span><\/td>\n<td class=\"column-6\"><span>7.06<\/span><\/td>\n<td class=\"column-7\"><span>9.44<\/span><\/td>\n<td class=\"column-8\"><span>0,34<\/span><\/td>\n<td class=\"column-9\"><span>1,94<\/span><\/td>\n<\/tr>\n<tr class=\"row-20 even\">\n<td class=\"column-1\"><span>17<\/span><\/td>\n<td class=\"column-2\"><span>4<\/span><\/td>\n<td class=\"column-3\"><span>1 &#8211; 14<\/span><\/td>\n<td class=\"column-4\"><span>1,38<\/span><\/td>\n<td class=\"column-5\"><span>0,63<\/span><\/td>\n<td class=\"column-6\"><span>5.13<\/span><\/td>\n<td class=\"column-7\"><span>6,69<\/span><\/td>\n<td class=\"column-8\"><span>0,38<\/span><\/td>\n<td class=\"column-9\"><span>3.5<\/span><\/td>\n<\/tr>\n<tr class=\"row-21 odd\">\n<td class=\"column-1\"><span>18<\/span><\/td>\n<td class=\"column-2\"><span>6<\/span><\/td>\n<td class=\"column-3\"><span>1 &#8211; 14<\/span><\/td>\n<td class=\"column-4\"><span>1,38<\/span><\/td>\n<td class=\"column-5\"><span>0,63<\/span><\/td>\n<td class=\"column-6\"><span>6,88<\/span><\/td>\n<td class=\"column-7\"><span>9.44<\/span><\/td>\n<td class=\"column-8\"><span>0,38<\/span><\/td>\n<td class=\"column-9\"><span>3.5<\/span><\/td>\n<\/tr>\n<\/tbody>\n<\/table>\n<p>&nbsp;<\/p>\n<p><span>P\u00e1s de bronze (tamb\u00e9m conhecidas como Terminais de P\u00e1 de Bronze \/ Conectores de Terminal de P\u00e1 para Transformadores) s\u00e3o um tipo de conector el\u00e9trico usado para fazer conex\u00f5es entre componentes ou condutores nos transformadores ou sistema de distribui\u00e7\u00e3o de energia. Esses conectores de P\u00e1 s\u00e3o frequentemente usados \u200b\u200bpara estabelecer conex\u00f5es el\u00e9tricas seguras e confi\u00e1veis \u200b\u200bentre fios, condutores e terminais. Nossa fundi\u00e7\u00e3o de bronze na \u00cdndia funde e usina CNC P\u00e1s e Terminais de Bronze.<\/span><\/p>\n<p><span>Bronze Spades \u2013 Conectores Spade Terminals s\u00e3o usados \u200b\u200bpara tomadas e conex\u00f5es verticais de pinos para barras de distribui\u00e7\u00e3o simples ou m\u00faltiplas.<\/span><strong><br \/>\n<\/strong><\/p>\n<p><strong><span>Caracter\u00edsticas das Espadas de Bronze:<\/span><\/strong><\/p>\n<ul>\n<li><span>Feito de liga de alto teor de cobre e estanhado<\/span><\/li>\n<li><span>Para uso com terminais de compress\u00e3o ou parafusos de alum\u00ednio ou cobre<\/span><\/li>\n<li><span>Os furos de montagem do terminal de p\u00e1 do conector de p\u00e1 t\u00eam 9\/16\u201d de di\u00e2metro com espa\u00e7amento de 1-3\/4\u201d NEMA (National Electrical Manufacturers Association)<\/span><\/li>\n<li><span>P\u00e1s de bronze podem ser fornecidas com pinos presos ao terminal<\/span><\/li>\n<li><span>N\u00f3s fundimos e oferecemos p\u00e1s de bronze em graus CDA 833, CDA 836, CDA 954, CDA 955, CDA 956 ou qualquer liga especial necess\u00e1ria<\/span><\/li>\n<li><span>Estas p\u00e1s \u2013 Terminais de p\u00e1 Os conectores de p\u00e1 podem ser fornecidos com parafusos de fixa\u00e7\u00e3o de pino (podem ser oferecidos com parafusos de fixa\u00e7\u00e3o de pino)<\/span><\/li>\n<\/ul>\n<p>&nbsp;<\/p>\n<p><strong><span>Bronze \u00e9 uma liga met\u00e1lica conhecida por sua condutividade el\u00e9trica, resist\u00eancia \u00e0 corros\u00e3o e durabilidade. Conectores de p\u00e1 de bronze podem ser usados \u200b\u200bem v\u00e1rias aplica\u00e7\u00f5es dentro do sistema de distribui\u00e7\u00e3o de energia, incluindo:<\/span><\/strong><\/p>\n<ul>\n<li><strong><span>Terminating Conductors:<\/span><\/strong><span>\u00a0Conectores de bronze tipo spade podem ser usados \u200b\u200bpara terminar as extremidades de cabos de energia ou condutores. Eles s\u00e3o crimpados ou soldados nos fios para criar uma conex\u00e3o el\u00e9trica s\u00f3lida que pode ser facilmente fixada a terminais ou outros componentes.<\/span><\/li>\n<li><strong><span>Conex\u00f5es de transformadores:<\/span><\/strong><span>\u00a0p\u00e1s de bronze podem ser usadas para conectar a fia\u00e7\u00e3o de transformadores a linhas de distribui\u00e7\u00e3o ou outras partes da rede el\u00e9trica. Esses conectores ajudam a garantir conex\u00f5es eficientes e seguras para transmiss\u00e3o de energia.<\/span><\/li>\n<li><strong><span>Aparelhagem e disjuntores:<\/span><\/strong><span>\u00a0Em pain\u00e9is de aparelhagem e disjuntores, conectores tipo p\u00e1 de bronze podem ser usados \u200b\u200bpara conectar fios de controle, fios de sinaliza\u00e7\u00e3o ou condutores de energia a diferentes componentes dentro do sistema.<\/span><\/li>\n<li><strong><span>Aplica\u00e7\u00f5es de aterramento:<\/span><\/strong><span>\u00a0conectores de bronze tamb\u00e9m podem ser usados \u200b\u200bem aplica\u00e7\u00f5es de aterramento, ajudando a estabelecer conex\u00f5es confi\u00e1veis \u200b\u200bentre condutores de aterramento e equipamentos.<\/span><\/li>\n<\/ul>\n<p><span>\u00c9 importante observar que, embora o bronze seja um material adequado para certas aplica\u00e7\u00f5es el\u00e9tricas devido \u00e0 sua condutividade e durabilidade, os conectores el\u00e9tricos modernos tamb\u00e9m podem ser feitos de outros materiais, como cobre, alum\u00ednio ou v\u00e1rias ligas.<\/span><\/p>\n","protected":false},"featured_media":12887,"template":"","meta":[],"product_brand":[],"product_cat":[330],"product_tag":[],"class_list":{"0":"post-12978","1":"product","2":"type-product","3":"status-publish","4":"has-post-thumbnail","6":"product_cat-transformador-e-hardware-de-linha-de-energia","8":"first","9":"instock","10":"shipping-taxable","11":"product-type-simple"},"yoast_head":"<!-- This site is optimized with the Yoast SEO plugin v27.3 - https:\/\/yoast.com\/product\/yoast-seo-wordpress\/ -->\n<title>Esp\u00e1tulas de Bronze<\/title>\n<meta name=\"description\" content=\"Conex Metals oferece fundi\u00e7\u00e3o de Esp\u00e1tulas de Bronze, Terminais de Esp\u00e1tula, Conectores de Esp\u00e1tula, Esp\u00e1tulas de Transformador, Conectores F\u00eamea de Esp\u00e1tula e Conectores de Esp\u00e1tula El\u00e9tricos, como uma fundi\u00e7\u00e3o l\u00edder e fabricante, exportador e fornecedor na \u00cdndia.\" \/>\n<meta name=\"robots\" content=\"index, follow, max-snippet:-1, max-image-preview:large, max-video-preview:-1\" \/>\n<link rel=\"canonical\" href=\"https:\/\/conexmetals.com\/pt-br\/produto\/espatulas-de-bronze\/\" \/>\n<script type=\"application\/ld+json\" class=\"yoast-schema-graph\">{\"@context\":\"https:\\\/\\\/schema.org\",\"@graph\":[{\"@type\":\"WebPage\",\"@id\":\"https:\\\/\\\/conexmetals.com\\\/pt-br\\\/produto\\\/espatulas-de-bronze\\\/\",\"url\":\"https:\\\/\\\/conexmetals.com\\\/pt-br\\\/produto\\\/espatulas-de-bronze\\\/\",\"name\":\"Esp\u00e1tulas de Bronze\",\"isPartOf\":{\"@id\":\"https:\\\/\\\/conexmetals.com\\\/pt-br\\\/#website\"},\"primaryImageOfPage\":{\"@id\":\"https:\\\/\\\/conexmetals.com\\\/pt-br\\\/produto\\\/espatulas-de-bronze\\\/#primaryimage\"},\"image\":{\"@id\":\"https:\\\/\\\/conexmetals.com\\\/pt-br\\\/produto\\\/espatulas-de-bronze\\\/#primaryimage\"},\"thumbnailUrl\":\"https:\\\/\\\/conexmetals.com\\\/wp-content\\\/uploads\\\/2025\\\/01\\\/Espadas-de-Bronze.webp\",\"datePublished\":\"2023-08-18T07:16:05+00:00\",\"dateModified\":\"2025-01-11T06:16:12+00:00\",\"description\":\"Conex Metals oferece fundi\u00e7\u00e3o de Esp\u00e1tulas de Bronze, Terminais de Esp\u00e1tula, Conectores de Esp\u00e1tula, Esp\u00e1tulas de Transformador, Conectores F\u00eamea de Esp\u00e1tula e Conectores de Esp\u00e1tula El\u00e9tricos, como uma fundi\u00e7\u00e3o l\u00edder e fabricante, exportador e fornecedor na \u00cdndia.\",\"breadcrumb\":{\"@id\":\"https:\\\/\\\/conexmetals.com\\\/pt-br\\\/produto\\\/espatulas-de-bronze\\\/#breadcrumb\"},\"inLanguage\":\"pt-BR\",\"potentialAction\":[{\"@type\":\"ReadAction\",\"target\":[\"https:\\\/\\\/conexmetals.com\\\/pt-br\\\/produto\\\/espatulas-de-bronze\\\/\"]}]},{\"@type\":\"ImageObject\",\"inLanguage\":\"pt-BR\",\"@id\":\"https:\\\/\\\/conexmetals.com\\\/pt-br\\\/produto\\\/espatulas-de-bronze\\\/#primaryimage\",\"url\":\"https:\\\/\\\/conexmetals.com\\\/wp-content\\\/uploads\\\/2025\\\/01\\\/Espadas-de-Bronze.webp\",\"contentUrl\":\"https:\\\/\\\/conexmetals.com\\\/wp-content\\\/uploads\\\/2025\\\/01\\\/Espadas-de-Bronze.webp\",\"width\":350,\"height\":350,\"caption\":\"Espadas de Bronze\"},{\"@type\":\"BreadcrumbList\",\"@id\":\"https:\\\/\\\/conexmetals.com\\\/pt-br\\\/produto\\\/espatulas-de-bronze\\\/#breadcrumb\",\"itemListElement\":[{\"@type\":\"ListItem\",\"position\":1,\"name\":\"Home\",\"item\":\"https:\\\/\\\/conexmetals.com\\\/pt-br\\\/lar\\\/\"},{\"@type\":\"ListItem\",\"position\":2,\"name\":\"Products\",\"item\":\"https:\\\/\\\/conexmetals.com\\\/products\\\/\"},{\"@type\":\"ListItem\",\"position\":3,\"name\":\"Esp\u00e1tulas de Bronze\"}]},{\"@type\":\"WebSite\",\"@id\":\"https:\\\/\\\/conexmetals.com\\\/pt-br\\\/#website\",\"url\":\"https:\\\/\\\/conexmetals.com\\\/pt-br\\\/\",\"name\":\"Conex Metals Brass Fittings Brass Parts Copper Parts Brass Components Brass Plumbing Fittings India\",\"description\":\"Manufacturer of Bronze Fittings casting Copper Brass parts components\",\"publisher\":{\"@id\":\"https:\\\/\\\/conexmetals.com\\\/pt-br\\\/#organization\"},\"potentialAction\":[{\"@type\":\"SearchAction\",\"target\":{\"@type\":\"EntryPoint\",\"urlTemplate\":\"https:\\\/\\\/conexmetals.com\\\/pt-br\\\/?s={search_term_string}\"},\"query-input\":{\"@type\":\"PropertyValueSpecification\",\"valueRequired\":true,\"valueName\":\"search_term_string\"}}],\"inLanguage\":\"pt-BR\"},{\"@type\":\"Organization\",\"@id\":\"https:\\\/\\\/conexmetals.com\\\/pt-br\\\/#organization\",\"name\":\"Conex Metals Brass Fittings Brass Parts Copper Parts Brass Components Brass Plumbing Fittings India\",\"url\":\"https:\\\/\\\/conexmetals.com\\\/pt-br\\\/\",\"logo\":{\"@type\":\"ImageObject\",\"inLanguage\":\"pt-BR\",\"@id\":\"https:\\\/\\\/conexmetals.com\\\/pt-br\\\/#\\\/schema\\\/logo\\\/image\\\/\",\"url\":\"https:\\\/\\\/conexmetals.com\\\/wp-content\\\/uploads\\\/2024\\\/03\\\/conex-metals-logo.webp\",\"contentUrl\":\"https:\\\/\\\/conexmetals.com\\\/wp-content\\\/uploads\\\/2024\\\/03\\\/conex-metals-logo.webp\",\"width\":300,\"height\":121,\"caption\":\"Conex Metals Brass Fittings Brass Parts Copper Parts Brass Components Brass Plumbing Fittings India\"},\"image\":{\"@id\":\"https:\\\/\\\/conexmetals.com\\\/pt-br\\\/#\\\/schema\\\/logo\\\/image\\\/\"},\"sameAs\":[\"https:\\\/\\\/www.facebook.com\\\/conexbrass\",\"https:\\\/\\\/x.com\\\/conexindia\",\"https:\\\/\\\/www.linkedin.com\\\/company\\\/conex-metals-india\\\/\",\"https:\\\/\\\/www.instagram.com\\\/conexindia\\\/\"]}]}<\/script>\n<!-- \/ Yoast SEO plugin. -->","yoast_head_json":{"title":"Esp\u00e1tulas de Bronze","description":"Conex Metals oferece fundi\u00e7\u00e3o de Esp\u00e1tulas de Bronze, Terminais de Esp\u00e1tula, Conectores de Esp\u00e1tula, Esp\u00e1tulas de Transformador, Conectores F\u00eamea de Esp\u00e1tula e Conectores de Esp\u00e1tula El\u00e9tricos, como uma fundi\u00e7\u00e3o l\u00edder e fabricante, exportador e fornecedor na \u00cdndia.","robots":{"index":"index","follow":"follow","max-snippet":"max-snippet:-1","max-image-preview":"max-image-preview:large","max-video-preview":"max-video-preview:-1"},"canonical":"https:\/\/conexmetals.com\/pt-br\/produto\/espatulas-de-bronze\/","schema":{"@context":"https:\/\/schema.org","@graph":[{"@type":"WebPage","@id":"https:\/\/conexmetals.com\/pt-br\/produto\/espatulas-de-bronze\/","url":"https:\/\/conexmetals.com\/pt-br\/produto\/espatulas-de-bronze\/","name":"Esp\u00e1tulas de Bronze","isPartOf":{"@id":"https:\/\/conexmetals.com\/pt-br\/#website"},"primaryImageOfPage":{"@id":"https:\/\/conexmetals.com\/pt-br\/produto\/espatulas-de-bronze\/#primaryimage"},"image":{"@id":"https:\/\/conexmetals.com\/pt-br\/produto\/espatulas-de-bronze\/#primaryimage"},"thumbnailUrl":"https:\/\/conexmetals.com\/wp-content\/uploads\/2025\/01\/Espadas-de-Bronze.webp","datePublished":"2023-08-18T07:16:05+00:00","dateModified":"2025-01-11T06:16:12+00:00","description":"Conex Metals oferece fundi\u00e7\u00e3o de Esp\u00e1tulas de Bronze, Terminais de Esp\u00e1tula, Conectores de Esp\u00e1tula, Esp\u00e1tulas de Transformador, Conectores F\u00eamea de Esp\u00e1tula e Conectores de Esp\u00e1tula El\u00e9tricos, como uma fundi\u00e7\u00e3o l\u00edder e fabricante, exportador e fornecedor na \u00cdndia.","breadcrumb":{"@id":"https:\/\/conexmetals.com\/pt-br\/produto\/espatulas-de-bronze\/#breadcrumb"},"inLanguage":"pt-BR","potentialAction":[{"@type":"ReadAction","target":["https:\/\/conexmetals.com\/pt-br\/produto\/espatulas-de-bronze\/"]}]},{"@type":"ImageObject","inLanguage":"pt-BR","@id":"https:\/\/conexmetals.com\/pt-br\/produto\/espatulas-de-bronze\/#primaryimage","url":"https:\/\/conexmetals.com\/wp-content\/uploads\/2025\/01\/Espadas-de-Bronze.webp","contentUrl":"https:\/\/conexmetals.com\/wp-content\/uploads\/2025\/01\/Espadas-de-Bronze.webp","width":350,"height":350,"caption":"Espadas de Bronze"},{"@type":"BreadcrumbList","@id":"https:\/\/conexmetals.com\/pt-br\/produto\/espatulas-de-bronze\/#breadcrumb","itemListElement":[{"@type":"ListItem","position":1,"name":"Home","item":"https:\/\/conexmetals.com\/pt-br\/lar\/"},{"@type":"ListItem","position":2,"name":"Products","item":"https:\/\/conexmetals.com\/products\/"},{"@type":"ListItem","position":3,"name":"Esp\u00e1tulas de Bronze"}]},{"@type":"WebSite","@id":"https:\/\/conexmetals.com\/pt-br\/#website","url":"https:\/\/conexmetals.com\/pt-br\/","name":"Conex Metals Brass Fittings Brass Parts Copper Parts Brass Components Brass Plumbing Fittings India","description":"Manufacturer of Bronze Fittings casting Copper Brass parts components","publisher":{"@id":"https:\/\/conexmetals.com\/pt-br\/#organization"},"potentialAction":[{"@type":"SearchAction","target":{"@type":"EntryPoint","urlTemplate":"https:\/\/conexmetals.com\/pt-br\/?s={search_term_string}"},"query-input":{"@type":"PropertyValueSpecification","valueRequired":true,"valueName":"search_term_string"}}],"inLanguage":"pt-BR"},{"@type":"Organization","@id":"https:\/\/conexmetals.com\/pt-br\/#organization","name":"Conex Metals Brass Fittings Brass Parts Copper Parts Brass Components Brass Plumbing Fittings India","url":"https:\/\/conexmetals.com\/pt-br\/","logo":{"@type":"ImageObject","inLanguage":"pt-BR","@id":"https:\/\/conexmetals.com\/pt-br\/#\/schema\/logo\/image\/","url":"https:\/\/conexmetals.com\/wp-content\/uploads\/2024\/03\/conex-metals-logo.webp","contentUrl":"https:\/\/conexmetals.com\/wp-content\/uploads\/2024\/03\/conex-metals-logo.webp","width":300,"height":121,"caption":"Conex Metals Brass Fittings Brass Parts Copper Parts Brass Components Brass Plumbing Fittings India"},"image":{"@id":"https:\/\/conexmetals.com\/pt-br\/#\/schema\/logo\/image\/"},"sameAs":["https:\/\/www.facebook.com\/conexbrass","https:\/\/x.com\/conexindia","https:\/\/www.linkedin.com\/company\/conex-metals-india\/","https:\/\/www.instagram.com\/conexindia\/"]}]}},"_links":{"self":[{"href":"https:\/\/conexmetals.com\/pt-br\/wp-json\/wp\/v2\/product\/12978","targetHints":{"allow":["GET"]}}],"collection":[{"href":"https:\/\/conexmetals.com\/pt-br\/wp-json\/wp\/v2\/product"}],"about":[{"href":"https:\/\/conexmetals.com\/pt-br\/wp-json\/wp\/v2\/types\/product"}],"wp:featuredmedia":[{"embeddable":true,"href":"https:\/\/conexmetals.com\/pt-br\/wp-json\/wp\/v2\/media\/12887"}],"wp:attachment":[{"href":"https:\/\/conexmetals.com\/pt-br\/wp-json\/wp\/v2\/media?parent=12978"}],"wp:term":[{"taxonomy":"product_brand","embeddable":true,"href":"https:\/\/conexmetals.com\/pt-br\/wp-json\/wp\/v2\/product_brand?post=12978"},{"taxonomy":"product_cat","embeddable":true,"href":"https:\/\/conexmetals.com\/pt-br\/wp-json\/wp\/v2\/product_cat?post=12978"},{"taxonomy":"product_tag","embeddable":true,"href":"https:\/\/conexmetals.com\/pt-br\/wp-json\/wp\/v2\/product_tag?post=12978"}],"curies":[{"name":"wp","href":"https:\/\/api.w.org\/{rel}","templated":true}]}}