{"id":12984,"date":"2023-08-18T12:49:25","date_gmt":"2023-08-18T07:19:25","guid":{"rendered":"https:\/\/conexmetals.com\/?post_type=product&#038;p=12984"},"modified":"2025-01-11T12:02:28","modified_gmt":"2025-01-11T06:32:28","slug":"conectores-de-garra-de-bronze","status":"publish","type":"product","link":"https:\/\/conexmetals.com\/pt-br\/produto\/conectores-de-garra-de-bronze\/","title":{"rendered":"Conectores de Garra de Bronze"},"content":{"rendered":"","protected":false},"excerpt":{"rendered":"<p><img decoding=\"async\" class=\"size-medium wp-image-6268 alignright lazy loaded\" src=\"https:\/\/conexmetals.com\/wp-content\/uploads\/2023\/08\/Bronze-Vise-Connectors-300x159.png\" alt=\"Conector de torno de bronze\" width=\"300\" height=\"159\" data-src=\"https:\/\/conexmetals.com\/wp-content\/uploads\/2023\/08\/Bronze-Vise-Connectors-300x159.png\" data-was-processed=\"true\" srcset=\"https:\/\/conexmetals.com\/wp-content\/uploads\/2023\/08\/Bronze-Vise-Connectors-300x159.png 300w, https:\/\/conexmetals.com\/wp-content\/uploads\/2023\/08\/Bronze-Vise-Connectors.png 350w\" sizes=\"(max-width: 300px) 100vw, 300px\" \/><span>A Conex India \u00e9 uma fabricante, fornecedora e exportadora l\u00edder de conectores de bronze Vise de alta qualidade e outros componentes de bronze. Nossos conectores Vise fornecem uma conex\u00e3o confi\u00e1vel e sem solda entre fios terra, garantindo um link seguro e \u00e0 prova de vibra\u00e7\u00e3o. Feitos de bronze de alta resist\u00eancia e resistente \u00e0 corros\u00e3o, nossos conectores apresentam um design exclusivo de ranhura em V que alinha adequadamente os condutores para m\u00e1ximo engajamento.<\/span><\/p>\n<table id=\"tablepress-316\" class=\"tablepress tablepress-id-316\">\n<caption>\u00a0<\/caption>\n<thead>\n<tr class=\"row-1 odd\">\n<th class=\"column-1\" colspan=\"8\"><strong><span>Conector de torno de bronze<\/span><\/strong><\/th>\n<\/tr>\n<\/thead>\n<tbody class=\"row-hover\">\n<tr class=\"row-2 even\">\n<td class=\"column-1\"><strong><span>N\u00famero de s\u00e9rie<\/span><\/strong><\/td>\n<td class=\"column-2\"><strong><span>Um (em)<\/span><\/strong><\/td>\n<td class=\"column-3\"><strong><span>B (em)<\/span><\/strong><\/td>\n<td class=\"column-4\"><strong><span>C (em)<\/span><\/strong><\/td>\n<td class=\"column-5\"><strong><span>Pacote Padr\u00e3o<\/span><\/strong><\/td>\n<td class=\"column-6\"><strong><span>Faixa de di\u00e2metro do condutor<\/span><\/strong><\/td>\n<td class=\"column-7\"><strong><span>Tamanho da rosca do parafuso<\/span><\/strong><\/td>\n<td class=\"column-8\"><strong><span>Tamanho da cabe\u00e7a sextavada do parafuso<\/span><\/strong><\/td>\n<\/tr>\n<tr class=\"row-3 odd\">\n<td class=\"column-1\"><span>1<\/span><\/td>\n<td class=\"column-2\"><span>1,33<\/span><\/td>\n<td class=\"column-3\"><span>0,81<\/span><\/td>\n<td class=\"column-4\"><span>0,93<\/span><\/td>\n<td class=\"column-5\"><span>200<\/span><\/td>\n<td class=\"column-6\"><span>6 sol &#8211; 2 sol<\/span><\/td>\n<td class=\"column-7\"><span>5\/16&#8243;<\/span><\/td>\n<td class=\"column-8\"><span>9\/16&#8243;<\/span><\/td>\n<\/tr>\n<tr class=\"row-4 even\">\n<td class=\"column-1\"><span>2<\/span><\/td>\n<td class=\"column-2\"><span>1,72<\/span><\/td>\n<td class=\"column-3\"><span>0,8<\/span><\/td>\n<td class=\"column-4\"><span>1.03<\/span><\/td>\n<td class=\"column-5\"><span>100<\/span><\/td>\n<td class=\"column-6\"><span>4 sol &#8211; 1\/0 str<\/span><\/td>\n<td class=\"column-7\"><span>5\/16&#8243;<\/span><\/td>\n<td class=\"column-8\"><span>9\/16&#8243;<\/span><\/td>\n<\/tr>\n<tr class=\"row-5 odd\">\n<td class=\"column-1\"><span>3<\/span><\/td>\n<td class=\"column-2\"><span>1,91<\/span><\/td>\n<td class=\"column-3\"><span>0,94<\/span><\/td>\n<td class=\"column-4\"><span>1.19<\/span><\/td>\n<td class=\"column-5\"><span>100<\/span><\/td>\n<td class=\"column-6\"><span>3 sol &#8211; 2\/0 str<\/span><\/td>\n<td class=\"column-7\"><span>3\/8&#8243;<\/span><\/td>\n<td class=\"column-8\"><span>9\/16&#8243;<\/span><\/td>\n<\/tr>\n<tr class=\"row-6 even\">\n<td class=\"column-1\"><span>4<\/span><\/td>\n<td class=\"column-2\"><span>1,52<\/span><\/td>\n<td class=\"column-3\"><span>0,79<\/span><\/td>\n<td class=\"column-4\"><span>0,93<\/span><\/td>\n<td class=\"column-5\"><span>200<\/span><\/td>\n<td class=\"column-6\"><span>5 sol &#8211; 2 str<\/span><\/td>\n<td class=\"column-7\"><span>5\/16&#8243;<\/span><\/td>\n<td class=\"column-8\"><span>9\/16&#8243;<\/span><\/td>\n<\/tr>\n<tr class=\"row-7 odd\">\n<td class=\"column-1\"><span>5<\/span><\/td>\n<td class=\"column-2\"><span>1.13<\/span><\/td>\n<td class=\"column-3\"><span>0,73<\/span><\/td>\n<td class=\"column-4\"><span>0,83<\/span><\/td>\n<td class=\"column-5\"><span>200<\/span><\/td>\n<td class=\"column-6\"><span>8 sol &#8211; 4 str<\/span><\/td>\n<td class=\"column-7\"><span>5\/16&#8243;<\/span><\/td>\n<td class=\"column-8\"><span>9\/16&#8243;<\/span><\/td>\n<\/tr>\n<tr class=\"row-8 even\">\n<td class=\"column-1\"><span>6<\/span><\/td>\n<td class=\"column-2\"><span>2.14<\/span><\/td>\n<td class=\"column-3\"><span>0,95<\/span><\/td>\n<td class=\"column-4\"><span>1.27<\/span><\/td>\n<td class=\"column-5\"><span>80<\/span><\/td>\n<td class=\"column-6\"><span>1\/0 linha &#8211; 4\/0 linha<\/span><\/td>\n<td class=\"column-7\"><span>3\/8&#8243;<\/span><\/td>\n<td class=\"column-8\"><span>9\/16&#8243;<\/span><\/td>\n<\/tr>\n<tr class=\"row-9 odd\">\n<td class=\"column-1\"><span>7<\/span><\/td>\n<td class=\"column-2\"><span>0,88<\/span><\/td>\n<td class=\"column-3\"><span>0,64<\/span><\/td>\n<td class=\"column-4\"><span>0,73<\/span><\/td>\n<td class=\"column-5\"><span>200<\/span><\/td>\n<td class=\"column-6\"><span>10 sol &#8211; 6 str<\/span><\/td>\n<td class=\"column-7\"><span>1\/4&#8243;<\/span><\/td>\n<td class=\"column-8\"><span>3\/8&#8243;<\/span><\/td>\n<\/tr>\n<\/tbody>\n<\/table>\n<p>&nbsp;<\/p>\n<p><img fetchpriority=\"high\" decoding=\"async\" class=\"size-medium wp-image-6275 alignleft lazy loaded\" src=\"https:\/\/conexmetals.com\/wp-content\/uploads\/2023\/08\/Bronze-Vise-Connector-2-1-300x198.jpg\" alt=\"Desenho de linha do conector de torno de bronze\" width=\"300\" height=\"198\" data-src=\"https:\/\/conexmetals.com\/wp-content\/uploads\/2023\/08\/Bronze-Vise-Connector-2-1-300x198.jpg\" data-was-processed=\"true\" srcset=\"https:\/\/conexmetals.com\/wp-content\/uploads\/2023\/08\/Bronze-Vise-Connector-2-1-300x198.jpg 300w, https:\/\/conexmetals.com\/wp-content\/uploads\/2023\/08\/Bronze-Vise-Connector-2-1.jpg 463w\" sizes=\"(max-width: 300px) 100vw, 300px\" \/><span>Nossos conectores s\u00e3o projetados para instala\u00e7\u00e3o r\u00e1pida e f\u00e1cil, com um design de pe\u00e7a \u00fanica, de abertura lateral, que elimina pe\u00e7as soltas, roscas cruzadas e simplifica a instala\u00e7\u00e3o em condutores de corrida. Os grampos s\u00e3o feitos de liga de cobre C955 usando moldagem de concha precisa.<\/span><\/p>\n<p><span>Nossos conectores de bronze Vise s\u00e3o vers\u00e1teis e podem ser usados \u200b\u200bpara conectar v\u00e1rios tamanhos de condutores de aterramento, bem como aparelhos de linha de postes a condutores de aterramento. Priorizamos o controle de qualidade, seguindo rigorosamente um sistema testado e comprovado em todos os est\u00e1gios de fabrica\u00e7\u00e3o e p\u00f3s-fabrica\u00e7\u00e3o. Somente produtos que passam por essas verifica\u00e7\u00f5es de qualidade s\u00e3o exportados para nossos clientes.<\/span><\/p>\n<table id=\"tablepress-317\" class=\"tablepress tablepress-id-317\">\n<caption>\u00a0<\/caption>\n<thead>\n<tr class=\"row-1 odd\">\n<th class=\"column-1\" colspan=\"9\"><strong><span>Conector de torno de bronze<\/span><\/strong><\/th>\n<\/tr>\n<\/thead>\n<tbody class=\"row-hover\">\n<tr class=\"row-2 even\">\n<td class=\"column-1\"><strong><span>N\u00famero de s\u00e9rie<\/span><\/strong><\/td>\n<td class=\"column-2\"><strong><span>Um (em)<\/span><\/strong><\/td>\n<td class=\"column-3\"><strong><span>B (em)<\/span><\/strong><\/td>\n<td class=\"column-4\"><strong><span>C (em)<\/span><\/strong><\/td>\n<td class=\"column-5\"><strong><span>E<\/span><\/strong><\/td>\n<td class=\"column-6\"><strong><span>Pacote Padr\u00e3o<\/span><\/strong><\/td>\n<td class=\"column-7\"><strong><span>Faixa de di\u00e2metro do condutor<\/span><\/strong><\/td>\n<td class=\"column-8\"><strong><span>Tamanho da rosca do parafuso<\/span><\/strong><\/td>\n<td class=\"column-9\"><strong><span>Tamanho da cabe\u00e7a sextavada do parafuso<\/span><\/strong><\/td>\n<\/tr>\n<tr class=\"row-3 odd\">\n<td class=\"column-1\"><span>1<\/span><\/td>\n<td class=\"column-2\"><span>1.02<\/span><\/td>\n<td class=\"column-3\"><span>0,77<\/span><\/td>\n<td class=\"column-4\"><span>2<\/span><\/td>\n<td class=\"column-5\"><span>1\/2&#8243; &#8211; 13<\/span><\/td>\n<td class=\"column-6\"><span>100<\/span><\/td>\n<td class=\"column-7\"><span>8 sol &#8211; 1\/0 str<\/span><\/td>\n<td class=\"column-8\"><span>5\/16&#8243;<\/span><\/td>\n<td class=\"column-9\"><span>9\/16&#8243;<\/span><\/td>\n<\/tr>\n<tr class=\"row-4 even\">\n<td class=\"column-1\"><span>2<\/span><\/td>\n<td class=\"column-2\"><span>1.02<\/span><\/td>\n<td class=\"column-3\"><span>0,77<\/span><\/td>\n<td class=\"column-4\"><span>1.5<\/span><\/td>\n<td class=\"column-5\"><span>1\/2&#8243; &#8211; 13<\/span><\/td>\n<td class=\"column-6\"><span>100<\/span><\/td>\n<td class=\"column-7\"><span>8 sol &#8211; 1\/0 str<\/span><\/td>\n<td class=\"column-8\"><span>5\/16&#8243;<\/span><\/td>\n<td class=\"column-9\"><span>9\/16&#8243;<\/span><\/td>\n<\/tr>\n<tr class=\"row-5 odd\">\n<td class=\"column-1\"><span>3<\/span><\/td>\n<td class=\"column-2\"><span>1.02<\/span><\/td>\n<td class=\"column-3\"><span>0,77<\/span><\/td>\n<td class=\"column-4\"><span>2<\/span><\/td>\n<td class=\"column-5\"><span>3\/8&#8243; &#8211; 16<\/span><\/td>\n<td class=\"column-6\"><span>100<\/span><\/td>\n<td class=\"column-7\"><span>8 sol &#8211; 1\/0 str<\/span><\/td>\n<td class=\"column-8\"><span>5\/16&#8243;<\/span><\/td>\n<td class=\"column-9\"><span>9\/16&#8243;<\/span><\/td>\n<\/tr>\n<tr class=\"row-6 even\">\n<td class=\"column-1\"><span>4<\/span><\/td>\n<td class=\"column-2\"><span>1.02<\/span><\/td>\n<td class=\"column-3\"><span>0,77<\/span><\/td>\n<td class=\"column-4\"><span>1,75<\/span><\/td>\n<td class=\"column-5\"><span>1\/2&#8243; &#8211; 13<\/span><\/td>\n<td class=\"column-6\"><span>100<\/span><\/td>\n<td class=\"column-7\"><span>8 sol &#8211; 1\/0 str<\/span><\/td>\n<td class=\"column-8\"><span>5\/16&#8243;<\/span><\/td>\n<td class=\"column-9\"><span>9\/16&#8243;<\/span><\/td>\n<\/tr>\n<\/tbody>\n<\/table>\n<p><img decoding=\"async\" class=\"size-full wp-image-6267 alignright lazy loaded\" src=\"https:\/\/conexmetals.com\/wp-content\/uploads\/2023\/08\/Bronze-Vise-Connector-3.png\" alt=\"Conector de torno de bronze\" width=\"300\" height=\"185\" data-src=\"https:\/\/conexmetals.com\/wp-content\/uploads\/2023\/08\/Bronze-Vise-Connector-3.png\" data-was-processed=\"true\" \/><span>Tamb\u00e9m oferecemos fabrica\u00e7\u00e3o de pe\u00e7as personalizadas de acordo com desenhos e especifica\u00e7\u00f5es do cliente, com op\u00e7\u00f5es de acabamento dispon\u00edveis para atender aos requisitos do cliente. Confie na Conex India para conectores de bronze Vise confi\u00e1veis \u200b\u200be de alta qualidade e atendimento ao cliente excepcional.<\/span><\/p>\n<table id=\"tablepress-318\" class=\"tablepress tablepress-id-318\">\n<caption>\u00a0<\/caption>\n<thead>\n<tr class=\"row-1 odd\">\n<th class=\"column-1\" colspan=\"9\"><strong><span>Conector de torno de bronze<\/span><\/strong><\/th>\n<\/tr>\n<\/thead>\n<tbody class=\"row-hover\">\n<tr class=\"row-2 even\">\n<td class=\"column-1\"><span>N\u00famero de s\u00e9rie<\/span><\/td>\n<td class=\"column-2\"><span>Um (em)<\/span><\/td>\n<td class=\"column-3\"><span>B (em)<\/span><\/td>\n<td class=\"column-4\"><span>C (em)<\/span><\/td>\n<td class=\"column-5\"><span>Pacote Padr\u00e3o<\/span><\/td>\n<td class=\"column-6\"><span>Faixa de di\u00e2metro do mensageiro<\/span><\/td>\n<td class=\"column-7\"><span>Di\u00e2metro da torneira de aterramento<\/span><\/td>\n<td class=\"column-8\"><span>Tamanho da rosca do parafuso<\/span><\/td>\n<td class=\"column-9\"><span>Tamanho da cabe\u00e7a sextavada do parafuso<\/span><\/td>\n<\/tr>\n<tr class=\"row-3 odd\">\n<td class=\"column-1\"><span>1<\/span><\/td>\n<td class=\"column-2\"><span>1,56<\/span><\/td>\n<td class=\"column-3\"><span>0,89<\/span><\/td>\n<td class=\"column-4\"><span>1.27<\/span><\/td>\n<td class=\"column-5\"><span>25<\/span><\/td>\n<td class=\"column-6\"><span>.146 &#8211; .312<\/span><\/td>\n<td class=\"column-7\"><span>.146 &#8211; .312<\/span><\/td>\n<td class=\"column-8\"><span>5\/16&#8243;<\/span><\/td>\n<td class=\"column-9\"><span>9\/16&#8243;<\/span><\/td>\n<\/tr>\n<\/tbody>\n<\/table>\n<p>&nbsp;<\/p>\n<p>&nbsp;<\/p>\n","protected":false},"featured_media":12892,"template":"","meta":[],"product_brand":[],"product_cat":[330],"product_tag":[],"class_list":{"0":"post-12984","1":"product","2":"type-product","3":"status-publish","4":"has-post-thumbnail","6":"product_cat-transformador-e-hardware-de-linha-de-energia","8":"first","9":"instock","10":"shipping-taxable","11":"product-type-simple"},"yoast_head":"<!-- This site is optimized with the Yoast SEO plugin v27.3 - https:\/\/yoast.com\/product\/yoast-seo-wordpress\/ -->\n<title>Conectores de Garra de Bronze<\/title>\n<meta name=\"description\" content=\"Conex Metals fornece robustos Conectores de Garra de Bronze, Grampos de Haste de Terra, Grampos de Garra, Grampos de Terra El\u00e9tricos e Grampos de Bronze, como um fabricante, exportador e fornecedor l\u00edder na \u00cdndia.\" \/>\n<meta name=\"robots\" content=\"index, follow, max-snippet:-1, max-image-preview:large, max-video-preview:-1\" \/>\n<link rel=\"canonical\" href=\"https:\/\/conexmetals.com\/pt-br\/produto\/conectores-de-garra-de-bronze\/\" \/>\n<script type=\"application\/ld+json\" class=\"yoast-schema-graph\">{\"@context\":\"https:\\\/\\\/schema.org\",\"@graph\":[{\"@type\":\"WebPage\",\"@id\":\"https:\\\/\\\/conexmetals.com\\\/pt-br\\\/produto\\\/conectores-de-garra-de-bronze\\\/\",\"url\":\"https:\\\/\\\/conexmetals.com\\\/pt-br\\\/produto\\\/conectores-de-garra-de-bronze\\\/\",\"name\":\"Conectores de Garra de Bronze\",\"isPartOf\":{\"@id\":\"https:\\\/\\\/conexmetals.com\\\/pt-br\\\/#website\"},\"primaryImageOfPage\":{\"@id\":\"https:\\\/\\\/conexmetals.com\\\/pt-br\\\/produto\\\/conectores-de-garra-de-bronze\\\/#primaryimage\"},\"image\":{\"@id\":\"https:\\\/\\\/conexmetals.com\\\/pt-br\\\/produto\\\/conectores-de-garra-de-bronze\\\/#primaryimage\"},\"thumbnailUrl\":\"https:\\\/\\\/conexmetals.com\\\/wp-content\\\/uploads\\\/2025\\\/01\\\/Conectores-de-Garra-de-Bronze.webp\",\"datePublished\":\"2023-08-18T07:19:25+00:00\",\"dateModified\":\"2025-01-11T06:32:28+00:00\",\"description\":\"Conex Metals fornece robustos Conectores de Garra de Bronze, Grampos de Haste de Terra, Grampos de Garra, Grampos de Terra El\u00e9tricos e Grampos de Bronze, como um fabricante, exportador e fornecedor l\u00edder na \u00cdndia.\",\"breadcrumb\":{\"@id\":\"https:\\\/\\\/conexmetals.com\\\/pt-br\\\/produto\\\/conectores-de-garra-de-bronze\\\/#breadcrumb\"},\"inLanguage\":\"pt-BR\",\"potentialAction\":[{\"@type\":\"ReadAction\",\"target\":[\"https:\\\/\\\/conexmetals.com\\\/pt-br\\\/produto\\\/conectores-de-garra-de-bronze\\\/\"]}]},{\"@type\":\"ImageObject\",\"inLanguage\":\"pt-BR\",\"@id\":\"https:\\\/\\\/conexmetals.com\\\/pt-br\\\/produto\\\/conectores-de-garra-de-bronze\\\/#primaryimage\",\"url\":\"https:\\\/\\\/conexmetals.com\\\/wp-content\\\/uploads\\\/2025\\\/01\\\/Conectores-de-Garra-de-Bronze.webp\",\"contentUrl\":\"https:\\\/\\\/conexmetals.com\\\/wp-content\\\/uploads\\\/2025\\\/01\\\/Conectores-de-Garra-de-Bronze.webp\",\"width\":300,\"height\":300,\"caption\":\"Conectores de Garra de Bronze\"},{\"@type\":\"BreadcrumbList\",\"@id\":\"https:\\\/\\\/conexmetals.com\\\/pt-br\\\/produto\\\/conectores-de-garra-de-bronze\\\/#breadcrumb\",\"itemListElement\":[{\"@type\":\"ListItem\",\"position\":1,\"name\":\"Home\",\"item\":\"https:\\\/\\\/conexmetals.com\\\/pt-br\\\/lar\\\/\"},{\"@type\":\"ListItem\",\"position\":2,\"name\":\"Products\",\"item\":\"https:\\\/\\\/conexmetals.com\\\/products\\\/\"},{\"@type\":\"ListItem\",\"position\":3,\"name\":\"Conectores de Garra de Bronze\"}]},{\"@type\":\"WebSite\",\"@id\":\"https:\\\/\\\/conexmetals.com\\\/pt-br\\\/#website\",\"url\":\"https:\\\/\\\/conexmetals.com\\\/pt-br\\\/\",\"name\":\"Conex Metals Brass Fittings Brass Parts Copper Parts Brass Components Brass Plumbing Fittings India\",\"description\":\"Manufacturer of Bronze Fittings casting Copper Brass parts components\",\"publisher\":{\"@id\":\"https:\\\/\\\/conexmetals.com\\\/pt-br\\\/#organization\"},\"potentialAction\":[{\"@type\":\"SearchAction\",\"target\":{\"@type\":\"EntryPoint\",\"urlTemplate\":\"https:\\\/\\\/conexmetals.com\\\/pt-br\\\/?s={search_term_string}\"},\"query-input\":{\"@type\":\"PropertyValueSpecification\",\"valueRequired\":true,\"valueName\":\"search_term_string\"}}],\"inLanguage\":\"pt-BR\"},{\"@type\":\"Organization\",\"@id\":\"https:\\\/\\\/conexmetals.com\\\/pt-br\\\/#organization\",\"name\":\"Conex Metals Brass Fittings Brass Parts Copper Parts Brass Components Brass Plumbing Fittings India\",\"url\":\"https:\\\/\\\/conexmetals.com\\\/pt-br\\\/\",\"logo\":{\"@type\":\"ImageObject\",\"inLanguage\":\"pt-BR\",\"@id\":\"https:\\\/\\\/conexmetals.com\\\/pt-br\\\/#\\\/schema\\\/logo\\\/image\\\/\",\"url\":\"https:\\\/\\\/conexmetals.com\\\/wp-content\\\/uploads\\\/2024\\\/03\\\/conex-metals-logo.webp\",\"contentUrl\":\"https:\\\/\\\/conexmetals.com\\\/wp-content\\\/uploads\\\/2024\\\/03\\\/conex-metals-logo.webp\",\"width\":300,\"height\":121,\"caption\":\"Conex Metals Brass Fittings Brass Parts Copper Parts Brass Components Brass Plumbing Fittings India\"},\"image\":{\"@id\":\"https:\\\/\\\/conexmetals.com\\\/pt-br\\\/#\\\/schema\\\/logo\\\/image\\\/\"},\"sameAs\":[\"https:\\\/\\\/www.facebook.com\\\/conexbrass\",\"https:\\\/\\\/x.com\\\/conexindia\",\"https:\\\/\\\/www.linkedin.com\\\/company\\\/conex-metals-india\\\/\",\"https:\\\/\\\/www.instagram.com\\\/conexindia\\\/\"]}]}<\/script>\n<!-- \/ Yoast SEO plugin. -->","yoast_head_json":{"title":"Conectores de Garra de Bronze","description":"Conex Metals fornece robustos Conectores de Garra de Bronze, Grampos de Haste de Terra, Grampos de Garra, Grampos de Terra El\u00e9tricos e Grampos de Bronze, como um fabricante, exportador e fornecedor l\u00edder na \u00cdndia.","robots":{"index":"index","follow":"follow","max-snippet":"max-snippet:-1","max-image-preview":"max-image-preview:large","max-video-preview":"max-video-preview:-1"},"canonical":"https:\/\/conexmetals.com\/pt-br\/produto\/conectores-de-garra-de-bronze\/","schema":{"@context":"https:\/\/schema.org","@graph":[{"@type":"WebPage","@id":"https:\/\/conexmetals.com\/pt-br\/produto\/conectores-de-garra-de-bronze\/","url":"https:\/\/conexmetals.com\/pt-br\/produto\/conectores-de-garra-de-bronze\/","name":"Conectores de Garra de Bronze","isPartOf":{"@id":"https:\/\/conexmetals.com\/pt-br\/#website"},"primaryImageOfPage":{"@id":"https:\/\/conexmetals.com\/pt-br\/produto\/conectores-de-garra-de-bronze\/#primaryimage"},"image":{"@id":"https:\/\/conexmetals.com\/pt-br\/produto\/conectores-de-garra-de-bronze\/#primaryimage"},"thumbnailUrl":"https:\/\/conexmetals.com\/wp-content\/uploads\/2025\/01\/Conectores-de-Garra-de-Bronze.webp","datePublished":"2023-08-18T07:19:25+00:00","dateModified":"2025-01-11T06:32:28+00:00","description":"Conex Metals fornece robustos Conectores de Garra de Bronze, Grampos de Haste de Terra, Grampos de Garra, Grampos de Terra El\u00e9tricos e Grampos de Bronze, como um fabricante, exportador e fornecedor l\u00edder na \u00cdndia.","breadcrumb":{"@id":"https:\/\/conexmetals.com\/pt-br\/produto\/conectores-de-garra-de-bronze\/#breadcrumb"},"inLanguage":"pt-BR","potentialAction":[{"@type":"ReadAction","target":["https:\/\/conexmetals.com\/pt-br\/produto\/conectores-de-garra-de-bronze\/"]}]},{"@type":"ImageObject","inLanguage":"pt-BR","@id":"https:\/\/conexmetals.com\/pt-br\/produto\/conectores-de-garra-de-bronze\/#primaryimage","url":"https:\/\/conexmetals.com\/wp-content\/uploads\/2025\/01\/Conectores-de-Garra-de-Bronze.webp","contentUrl":"https:\/\/conexmetals.com\/wp-content\/uploads\/2025\/01\/Conectores-de-Garra-de-Bronze.webp","width":300,"height":300,"caption":"Conectores de Garra de Bronze"},{"@type":"BreadcrumbList","@id":"https:\/\/conexmetals.com\/pt-br\/produto\/conectores-de-garra-de-bronze\/#breadcrumb","itemListElement":[{"@type":"ListItem","position":1,"name":"Home","item":"https:\/\/conexmetals.com\/pt-br\/lar\/"},{"@type":"ListItem","position":2,"name":"Products","item":"https:\/\/conexmetals.com\/products\/"},{"@type":"ListItem","position":3,"name":"Conectores de Garra de Bronze"}]},{"@type":"WebSite","@id":"https:\/\/conexmetals.com\/pt-br\/#website","url":"https:\/\/conexmetals.com\/pt-br\/","name":"Conex Metals Brass Fittings Brass Parts Copper Parts Brass Components Brass Plumbing Fittings India","description":"Manufacturer of Bronze Fittings casting Copper Brass parts components","publisher":{"@id":"https:\/\/conexmetals.com\/pt-br\/#organization"},"potentialAction":[{"@type":"SearchAction","target":{"@type":"EntryPoint","urlTemplate":"https:\/\/conexmetals.com\/pt-br\/?s={search_term_string}"},"query-input":{"@type":"PropertyValueSpecification","valueRequired":true,"valueName":"search_term_string"}}],"inLanguage":"pt-BR"},{"@type":"Organization","@id":"https:\/\/conexmetals.com\/pt-br\/#organization","name":"Conex Metals Brass Fittings Brass Parts Copper Parts Brass Components Brass Plumbing Fittings India","url":"https:\/\/conexmetals.com\/pt-br\/","logo":{"@type":"ImageObject","inLanguage":"pt-BR","@id":"https:\/\/conexmetals.com\/pt-br\/#\/schema\/logo\/image\/","url":"https:\/\/conexmetals.com\/wp-content\/uploads\/2024\/03\/conex-metals-logo.webp","contentUrl":"https:\/\/conexmetals.com\/wp-content\/uploads\/2024\/03\/conex-metals-logo.webp","width":300,"height":121,"caption":"Conex Metals Brass Fittings Brass Parts Copper Parts Brass Components Brass Plumbing Fittings India"},"image":{"@id":"https:\/\/conexmetals.com\/pt-br\/#\/schema\/logo\/image\/"},"sameAs":["https:\/\/www.facebook.com\/conexbrass","https:\/\/x.com\/conexindia","https:\/\/www.linkedin.com\/company\/conex-metals-india\/","https:\/\/www.instagram.com\/conexindia\/"]}]}},"_links":{"self":[{"href":"https:\/\/conexmetals.com\/pt-br\/wp-json\/wp\/v2\/product\/12984","targetHints":{"allow":["GET"]}}],"collection":[{"href":"https:\/\/conexmetals.com\/pt-br\/wp-json\/wp\/v2\/product"}],"about":[{"href":"https:\/\/conexmetals.com\/pt-br\/wp-json\/wp\/v2\/types\/product"}],"wp:featuredmedia":[{"embeddable":true,"href":"https:\/\/conexmetals.com\/pt-br\/wp-json\/wp\/v2\/media\/12892"}],"wp:attachment":[{"href":"https:\/\/conexmetals.com\/pt-br\/wp-json\/wp\/v2\/media?parent=12984"}],"wp:term":[{"taxonomy":"product_brand","embeddable":true,"href":"https:\/\/conexmetals.com\/pt-br\/wp-json\/wp\/v2\/product_brand?post=12984"},{"taxonomy":"product_cat","embeddable":true,"href":"https:\/\/conexmetals.com\/pt-br\/wp-json\/wp\/v2\/product_cat?post=12984"},{"taxonomy":"product_tag","embeddable":true,"href":"https:\/\/conexmetals.com\/pt-br\/wp-json\/wp\/v2\/product_tag?post=12984"}],"curies":[{"name":"wp","href":"https:\/\/api.w.org\/{rel}","templated":true}]}}