{"id":12995,"date":"2023-08-18T07:51:45","date_gmt":"2023-08-18T02:21:45","guid":{"rendered":"https:\/\/conexmetals.com\/?post_type=product&#038;p=12995"},"modified":"2025-01-11T12:58:11","modified_gmt":"2025-01-11T07:28:11","slug":"conectores-de-tanque-de-transformador","status":"publish","type":"product","link":"https:\/\/conexmetals.com\/pt-br\/produto\/conectores-de-tanque-de-transformador\/","title":{"rendered":"Conectores de Tanque de Transformador"},"content":{"rendered":"","protected":false},"excerpt":{"rendered":"<p><img fetchpriority=\"high\" decoding=\"async\" class=\"alignnone wp-image-6142 size-full lazy loaded\" src=\"https:\/\/conexmetals.com\/wp-content\/uploads\/2024\/07\/Transformer-Tank-Connectors.png\" alt=\"Conectores de tanque de transformador\" width=\"704\" height=\"174\" data-src=\"https:\/\/conexmetals.com\/wp-content\/uploads\/2024\/07\/Transformer-Tank-Connectors.png\" data-was-processed=\"true\" srcset=\"https:\/\/conexmetals.com\/wp-content\/uploads\/2024\/07\/Transformer-Tank-Connectors.png 704w, https:\/\/conexmetals.com\/wp-content\/uploads\/2024\/07\/Transformer-Tank-Connectors-300x74.png 300w, https:\/\/conexmetals.com\/wp-content\/uploads\/2024\/07\/Transformer-Tank-Connectors-700x173.png 700w\" sizes=\"(max-width: 704px) 100vw, 704px\" \/><\/p>\n<table id=\"tablepress-277\" class=\"tablepress tablepress-id-277\">\n<caption>\u00a0<\/caption>\n<thead>\n<tr class=\"row-1 odd\">\n<th class=\"column-1\" colspan=\"6\"><strong><span>Faixa de condutores<\/span><\/strong><\/th>\n<\/tr>\n<\/thead>\n<tbody class=\"row-hover\">\n<tr class=\"row-2 even\">\n<td class=\"column-1\" colspan=\"3\"><strong><span>Faixa de condutores<\/span><\/strong><\/td>\n<td class=\"column-4\" colspan=\"3\"><strong><span>Dimens\u00f5es (pol.)<\/span><\/strong><\/td>\n<\/tr>\n<tr class=\"row-3 odd\">\n<td class=\"column-1\"><strong><span>M\u00e1x. (AWG)<\/span><\/strong><\/td>\n<td class=\"column-2\"><strong><span>M\u00edn. (AWG)<\/span><\/strong><\/td>\n<td class=\"column-3\"><strong><span>Tamanho da rosca do pino UNC-2A<\/span><\/strong><\/td>\n<td class=\"column-4\"><strong><span>UM<\/span><\/strong><\/td>\n<td class=\"column-5\"><strong><span>B<\/span><\/strong><\/td>\n<td class=\"column-6\"><strong><span>C<\/span><\/strong><\/td>\n<\/tr>\n<tr class=\"row-4 even\">\n<td class=\"column-1\"><span>2\/0 rua.<\/span><\/td>\n<td class=\"column-2\"><span>#8 sol.<\/span><\/td>\n<td class=\"column-3\"><span>\u00bd pol.\u201313<\/span><\/td>\n<td class=\"column-4\"><span>1 51\u204464<\/span><\/td>\n<td class=\"column-5\"><span>1 9\u204464<\/span><\/td>\n<td class=\"column-6\"><span>1 21\u204432<\/span><\/td>\n<\/tr>\n<tr class=\"row-5 odd\">\n<td class=\"column-1\"><span>Rua n\u00ba 1.<\/span><\/td>\n<td class=\"column-2\"><span>#10 sol.<\/span><\/td>\n<td class=\"column-3\"><span>\u00bd pol.\u201313<\/span><\/td>\n<td class=\"column-4\"><span>1 3\u20448<\/span><\/td>\n<td class=\"column-5\"><span>1 3\u204464<\/span><\/td>\n<td class=\"column-6\"><span>1 9\u204416<\/span><\/td>\n<\/tr>\n<tr class=\"row-6 even\">\n<td class=\"column-1\"><span>Rua n\u00ba 1.<\/span><\/td>\n<td class=\"column-2\"><span>#10 sol.<\/span><\/td>\n<td class=\"column-3\"><span>\u00bd pol.\u201313<\/span><\/td>\n<td class=\"column-4\"><span>1 1\u20444<\/span><\/td>\n<td class=\"column-5\"><span>7\u20448<\/span><\/td>\n<td class=\"column-6\"><span>1 3\u20448<\/span><\/td>\n<\/tr>\n<tr class=\"row-7 odd\">\n<td class=\"column-1\"><span>2\/0 rua.<\/span><\/td>\n<td class=\"column-2\"><span>#8 sol.<\/span><\/td>\n<td class=\"column-3\"><span>\u00bd pol.\u201313<\/span><\/td>\n<td class=\"column-4\"><span>1 51\u204464<\/span><\/td>\n<td class=\"column-5\"><span>1 9\u204464<\/span><\/td>\n<td class=\"column-6\"><span>1 21\u204432<\/span><\/td>\n<\/tr>\n<tr class=\"row-8 even\">\n<td class=\"column-1\"><span>Rua n\u00ba 1.<\/span><\/td>\n<td class=\"column-2\"><span>#10 sol.<\/span><\/td>\n<td class=\"column-3\"><span>\u00bd pol.\u201313<\/span><\/td>\n<td class=\"column-4\"><span>1 3\u20448<\/span><\/td>\n<td class=\"column-5\"><span>1 3\u204464<\/span><\/td>\n<td class=\"column-6\"><span>1 9\u204416<\/span><\/td>\n<\/tr>\n<tr class=\"row-9 odd\">\n<td class=\"column-1\"><span>Rua n\u00ba 1.<\/span><\/td>\n<td class=\"column-2\"><span>#10 sol.<\/span><\/td>\n<td class=\"column-3\"><span>\u00bd pol.\u201313<\/span><\/td>\n<td class=\"column-4\"><span>1 1\u20444<\/span><\/td>\n<td class=\"column-5\"><span>7\u20448<\/span><\/td>\n<td class=\"column-6\"><span>1 3\u20448<\/span><\/td>\n<\/tr>\n<\/tbody>\n<\/table>\n<p><span>Conectores de tanque de transformador s\u00e3o componentes usados \u200b\u200bpara conectar o tanque do transformador a outras partes do sistema el\u00e9trico. Transformadores s\u00e3o dispositivos essenciais usados \u200b\u200bpara aumentar ou diminuir tens\u00f5es em sistemas de energia el\u00e9trica. O tanque do transformador abriga o n\u00facleo e os enrolamentos e \u00e9 preenchido com \u00f3leo isolante para fornecer resfriamento e isolamento.<\/span><\/p>\n<p><span>Os conectores de aterramento do transformador s\u00e3o fundidos em bronze de alta condutividade, como CDA 955, C956 etc.<\/span><\/p>\n<p><span>O pino de 1 \u20442 pol.\u201313 se encaixa em todos os transformadores de distribui\u00e7\u00e3o EEI-NEMA padr\u00e3o. O parafuso de olhal no TTC2 gira para acomodar o cabo na dire\u00e7\u00e3o vertical ou horizontal.<\/span><\/p>\n<p><span>Conector de tamanho \u00fanico para lidar com uma gama completa de condutores de aterramento de #8 a 2\/0 AWG str.<\/span><\/p>\n<p>&nbsp;<\/p>\n","protected":false},"featured_media":12902,"template":"","meta":[],"product_brand":[],"product_cat":[330],"product_tag":[],"class_list":{"0":"post-12995","1":"product","2":"type-product","3":"status-publish","4":"has-post-thumbnail","6":"product_cat-transformador-e-hardware-de-linha-de-energia","8":"first","9":"instock","10":"shipping-taxable","11":"product-type-simple"},"yoast_head":"<!-- This site is optimized with the Yoast SEO plugin v27.3 - https:\/\/yoast.com\/product\/yoast-seo-wordpress\/ -->\n<title>Conectores de Tanque de Transformador<\/title>\n<meta name=\"description\" content=\"Conex Metals, um fabricante indiano l\u00edder, \u00e9 especializado em Conectores de Tanque de Transformador, Conectores de Transformador e Conectores de Tanque. Tamb\u00e9m oferecemos solu\u00e7\u00f5es de Terra do Tanque do Transformador, atendendo \u00e0s necessidades de ind\u00fastrias em toda a \u00cdndia com produtos de alta qualidade e confi\u00e1veis.\" \/>\n<meta name=\"robots\" content=\"index, follow, max-snippet:-1, max-image-preview:large, max-video-preview:-1\" \/>\n<link rel=\"canonical\" href=\"https:\/\/conexmetals.com\/pt-br\/produto\/conectores-de-tanque-de-transformador\/\" \/>\n<script type=\"application\/ld+json\" class=\"yoast-schema-graph\">{\"@context\":\"https:\\\/\\\/schema.org\",\"@graph\":[{\"@type\":\"WebPage\",\"@id\":\"https:\\\/\\\/conexmetals.com\\\/pt-br\\\/produto\\\/conectores-de-tanque-de-transformador\\\/\",\"url\":\"https:\\\/\\\/conexmetals.com\\\/pt-br\\\/produto\\\/conectores-de-tanque-de-transformador\\\/\",\"name\":\"Conectores de Tanque de Transformador\",\"isPartOf\":{\"@id\":\"https:\\\/\\\/conexmetals.com\\\/pt-br\\\/#website\"},\"primaryImageOfPage\":{\"@id\":\"https:\\\/\\\/conexmetals.com\\\/pt-br\\\/produto\\\/conectores-de-tanque-de-transformador\\\/#primaryimage\"},\"image\":{\"@id\":\"https:\\\/\\\/conexmetals.com\\\/pt-br\\\/produto\\\/conectores-de-tanque-de-transformador\\\/#primaryimage\"},\"thumbnailUrl\":\"https:\\\/\\\/conexmetals.com\\\/wp-content\\\/uploads\\\/2025\\\/01\\\/Conectores-do-Tanque-do-Transformador.webp\",\"datePublished\":\"2023-08-18T02:21:45+00:00\",\"dateModified\":\"2025-01-11T07:28:11+00:00\",\"description\":\"Conex Metals, um fabricante indiano l\u00edder, \u00e9 especializado em Conectores de Tanque de Transformador, Conectores de Transformador e Conectores de Tanque. Tamb\u00e9m oferecemos solu\u00e7\u00f5es de Terra do Tanque do Transformador, atendendo \u00e0s necessidades de ind\u00fastrias em toda a \u00cdndia com produtos de alta qualidade e confi\u00e1veis.\",\"breadcrumb\":{\"@id\":\"https:\\\/\\\/conexmetals.com\\\/pt-br\\\/produto\\\/conectores-de-tanque-de-transformador\\\/#breadcrumb\"},\"inLanguage\":\"pt-BR\",\"potentialAction\":[{\"@type\":\"ReadAction\",\"target\":[\"https:\\\/\\\/conexmetals.com\\\/pt-br\\\/produto\\\/conectores-de-tanque-de-transformador\\\/\"]}]},{\"@type\":\"ImageObject\",\"inLanguage\":\"pt-BR\",\"@id\":\"https:\\\/\\\/conexmetals.com\\\/pt-br\\\/produto\\\/conectores-de-tanque-de-transformador\\\/#primaryimage\",\"url\":\"https:\\\/\\\/conexmetals.com\\\/wp-content\\\/uploads\\\/2025\\\/01\\\/Conectores-do-Tanque-do-Transformador.webp\",\"contentUrl\":\"https:\\\/\\\/conexmetals.com\\\/wp-content\\\/uploads\\\/2025\\\/01\\\/Conectores-do-Tanque-do-Transformador.webp\",\"width\":350,\"height\":350,\"caption\":\"Conectores do Tanque do Transformador\"},{\"@type\":\"BreadcrumbList\",\"@id\":\"https:\\\/\\\/conexmetals.com\\\/pt-br\\\/produto\\\/conectores-de-tanque-de-transformador\\\/#breadcrumb\",\"itemListElement\":[{\"@type\":\"ListItem\",\"position\":1,\"name\":\"Home\",\"item\":\"https:\\\/\\\/conexmetals.com\\\/pt-br\\\/lar\\\/\"},{\"@type\":\"ListItem\",\"position\":2,\"name\":\"Products\",\"item\":\"https:\\\/\\\/conexmetals.com\\\/products\\\/\"},{\"@type\":\"ListItem\",\"position\":3,\"name\":\"Conectores de Tanque de Transformador\"}]},{\"@type\":\"WebSite\",\"@id\":\"https:\\\/\\\/conexmetals.com\\\/pt-br\\\/#website\",\"url\":\"https:\\\/\\\/conexmetals.com\\\/pt-br\\\/\",\"name\":\"Conex Metals Brass Fittings Brass Parts Copper Parts Brass Components Brass Plumbing Fittings India\",\"description\":\"Manufacturer of Bronze Fittings casting Copper Brass parts components\",\"publisher\":{\"@id\":\"https:\\\/\\\/conexmetals.com\\\/pt-br\\\/#organization\"},\"potentialAction\":[{\"@type\":\"SearchAction\",\"target\":{\"@type\":\"EntryPoint\",\"urlTemplate\":\"https:\\\/\\\/conexmetals.com\\\/pt-br\\\/?s={search_term_string}\"},\"query-input\":{\"@type\":\"PropertyValueSpecification\",\"valueRequired\":true,\"valueName\":\"search_term_string\"}}],\"inLanguage\":\"pt-BR\"},{\"@type\":\"Organization\",\"@id\":\"https:\\\/\\\/conexmetals.com\\\/pt-br\\\/#organization\",\"name\":\"Conex Metals Brass Fittings Brass Parts Copper Parts Brass Components Brass Plumbing Fittings India\",\"url\":\"https:\\\/\\\/conexmetals.com\\\/pt-br\\\/\",\"logo\":{\"@type\":\"ImageObject\",\"inLanguage\":\"pt-BR\",\"@id\":\"https:\\\/\\\/conexmetals.com\\\/pt-br\\\/#\\\/schema\\\/logo\\\/image\\\/\",\"url\":\"https:\\\/\\\/conexmetals.com\\\/wp-content\\\/uploads\\\/2024\\\/03\\\/conex-metals-logo.webp\",\"contentUrl\":\"https:\\\/\\\/conexmetals.com\\\/wp-content\\\/uploads\\\/2024\\\/03\\\/conex-metals-logo.webp\",\"width\":300,\"height\":121,\"caption\":\"Conex Metals Brass Fittings Brass Parts Copper Parts Brass Components Brass Plumbing Fittings India\"},\"image\":{\"@id\":\"https:\\\/\\\/conexmetals.com\\\/pt-br\\\/#\\\/schema\\\/logo\\\/image\\\/\"},\"sameAs\":[\"https:\\\/\\\/www.facebook.com\\\/conexbrass\",\"https:\\\/\\\/x.com\\\/conexindia\",\"https:\\\/\\\/www.linkedin.com\\\/company\\\/conex-metals-india\\\/\",\"https:\\\/\\\/www.instagram.com\\\/conexindia\\\/\"]}]}<\/script>\n<!-- \/ Yoast SEO plugin. -->","yoast_head_json":{"title":"Conectores de Tanque de Transformador","description":"Conex Metals, um fabricante indiano l\u00edder, \u00e9 especializado em Conectores de Tanque de Transformador, Conectores de Transformador e Conectores de Tanque. Tamb\u00e9m oferecemos solu\u00e7\u00f5es de Terra do Tanque do Transformador, atendendo \u00e0s necessidades de ind\u00fastrias em toda a \u00cdndia com produtos de alta qualidade e confi\u00e1veis.","robots":{"index":"index","follow":"follow","max-snippet":"max-snippet:-1","max-image-preview":"max-image-preview:large","max-video-preview":"max-video-preview:-1"},"canonical":"https:\/\/conexmetals.com\/pt-br\/produto\/conectores-de-tanque-de-transformador\/","schema":{"@context":"https:\/\/schema.org","@graph":[{"@type":"WebPage","@id":"https:\/\/conexmetals.com\/pt-br\/produto\/conectores-de-tanque-de-transformador\/","url":"https:\/\/conexmetals.com\/pt-br\/produto\/conectores-de-tanque-de-transformador\/","name":"Conectores de Tanque de Transformador","isPartOf":{"@id":"https:\/\/conexmetals.com\/pt-br\/#website"},"primaryImageOfPage":{"@id":"https:\/\/conexmetals.com\/pt-br\/produto\/conectores-de-tanque-de-transformador\/#primaryimage"},"image":{"@id":"https:\/\/conexmetals.com\/pt-br\/produto\/conectores-de-tanque-de-transformador\/#primaryimage"},"thumbnailUrl":"https:\/\/conexmetals.com\/wp-content\/uploads\/2025\/01\/Conectores-do-Tanque-do-Transformador.webp","datePublished":"2023-08-18T02:21:45+00:00","dateModified":"2025-01-11T07:28:11+00:00","description":"Conex Metals, um fabricante indiano l\u00edder, \u00e9 especializado em Conectores de Tanque de Transformador, Conectores de Transformador e Conectores de Tanque. Tamb\u00e9m oferecemos solu\u00e7\u00f5es de Terra do Tanque do Transformador, atendendo \u00e0s necessidades de ind\u00fastrias em toda a \u00cdndia com produtos de alta qualidade e confi\u00e1veis.","breadcrumb":{"@id":"https:\/\/conexmetals.com\/pt-br\/produto\/conectores-de-tanque-de-transformador\/#breadcrumb"},"inLanguage":"pt-BR","potentialAction":[{"@type":"ReadAction","target":["https:\/\/conexmetals.com\/pt-br\/produto\/conectores-de-tanque-de-transformador\/"]}]},{"@type":"ImageObject","inLanguage":"pt-BR","@id":"https:\/\/conexmetals.com\/pt-br\/produto\/conectores-de-tanque-de-transformador\/#primaryimage","url":"https:\/\/conexmetals.com\/wp-content\/uploads\/2025\/01\/Conectores-do-Tanque-do-Transformador.webp","contentUrl":"https:\/\/conexmetals.com\/wp-content\/uploads\/2025\/01\/Conectores-do-Tanque-do-Transformador.webp","width":350,"height":350,"caption":"Conectores do Tanque do Transformador"},{"@type":"BreadcrumbList","@id":"https:\/\/conexmetals.com\/pt-br\/produto\/conectores-de-tanque-de-transformador\/#breadcrumb","itemListElement":[{"@type":"ListItem","position":1,"name":"Home","item":"https:\/\/conexmetals.com\/pt-br\/lar\/"},{"@type":"ListItem","position":2,"name":"Products","item":"https:\/\/conexmetals.com\/products\/"},{"@type":"ListItem","position":3,"name":"Conectores de Tanque de Transformador"}]},{"@type":"WebSite","@id":"https:\/\/conexmetals.com\/pt-br\/#website","url":"https:\/\/conexmetals.com\/pt-br\/","name":"Conex Metals Brass Fittings Brass Parts Copper Parts Brass Components Brass Plumbing Fittings India","description":"Manufacturer of Bronze Fittings casting Copper Brass parts components","publisher":{"@id":"https:\/\/conexmetals.com\/pt-br\/#organization"},"potentialAction":[{"@type":"SearchAction","target":{"@type":"EntryPoint","urlTemplate":"https:\/\/conexmetals.com\/pt-br\/?s={search_term_string}"},"query-input":{"@type":"PropertyValueSpecification","valueRequired":true,"valueName":"search_term_string"}}],"inLanguage":"pt-BR"},{"@type":"Organization","@id":"https:\/\/conexmetals.com\/pt-br\/#organization","name":"Conex Metals Brass Fittings Brass Parts Copper Parts Brass Components Brass Plumbing Fittings India","url":"https:\/\/conexmetals.com\/pt-br\/","logo":{"@type":"ImageObject","inLanguage":"pt-BR","@id":"https:\/\/conexmetals.com\/pt-br\/#\/schema\/logo\/image\/","url":"https:\/\/conexmetals.com\/wp-content\/uploads\/2024\/03\/conex-metals-logo.webp","contentUrl":"https:\/\/conexmetals.com\/wp-content\/uploads\/2024\/03\/conex-metals-logo.webp","width":300,"height":121,"caption":"Conex Metals Brass Fittings Brass Parts Copper Parts Brass Components Brass Plumbing Fittings India"},"image":{"@id":"https:\/\/conexmetals.com\/pt-br\/#\/schema\/logo\/image\/"},"sameAs":["https:\/\/www.facebook.com\/conexbrass","https:\/\/x.com\/conexindia","https:\/\/www.linkedin.com\/company\/conex-metals-india\/","https:\/\/www.instagram.com\/conexindia\/"]}]}},"_links":{"self":[{"href":"https:\/\/conexmetals.com\/pt-br\/wp-json\/wp\/v2\/product\/12995","targetHints":{"allow":["GET"]}}],"collection":[{"href":"https:\/\/conexmetals.com\/pt-br\/wp-json\/wp\/v2\/product"}],"about":[{"href":"https:\/\/conexmetals.com\/pt-br\/wp-json\/wp\/v2\/types\/product"}],"wp:featuredmedia":[{"embeddable":true,"href":"https:\/\/conexmetals.com\/pt-br\/wp-json\/wp\/v2\/media\/12902"}],"wp:attachment":[{"href":"https:\/\/conexmetals.com\/pt-br\/wp-json\/wp\/v2\/media?parent=12995"}],"wp:term":[{"taxonomy":"product_brand","embeddable":true,"href":"https:\/\/conexmetals.com\/pt-br\/wp-json\/wp\/v2\/product_brand?post=12995"},{"taxonomy":"product_cat","embeddable":true,"href":"https:\/\/conexmetals.com\/pt-br\/wp-json\/wp\/v2\/product_cat?post=12995"},{"taxonomy":"product_tag","embeddable":true,"href":"https:\/\/conexmetals.com\/pt-br\/wp-json\/wp\/v2\/product_tag?post=12995"}],"curies":[{"name":"wp","href":"https:\/\/api.w.org\/{rel}","templated":true}]}}