{"id":13398,"date":"2023-08-18T13:02:03","date_gmt":"2023-08-18T07:32:03","guid":{"rendered":"https:\/\/conexmetals.com\/?post_type=product&#038;p=13398"},"modified":"2025-01-18T14:53:10","modified_gmt":"2025-01-18T09:23:10","slug":"contraporcas-para-acessorios-de-prensa-cabos-de-latao","status":"publish","type":"product","link":"https:\/\/conexmetals.com\/pt-br\/produto\/contraporcas-para-acessorios-de-prensa-cabos-de-latao\/","title":{"rendered":"Contraporcas para Acess\u00f3rios de Prensa-Cabos de Lat\u00e3o."},"content":{"rendered":"","protected":false},"excerpt":{"rendered":"<div class=\"elementor-element elementor-element-672075d elementor-widget__width-initial e-transform elementor-widget-mobile__width-initial elementor-widget elementor-widget-woocommerce-product-images\" data-id=\"672075d\" data-element_type=\"widget\" data-settings=\"{&quot;_transform_scale_effect&quot;:{&quot;unit&quot;:&quot;px&quot;,&quot;size&quot;:1,&quot;sizes&quot;:[]},&quot;_transform_scale_effect_tablet&quot;:{&quot;unit&quot;:&quot;px&quot;,&quot;size&quot;:&quot;&quot;,&quot;sizes&quot;:[]},&quot;_transform_scale_effect_mobile&quot;:{&quot;unit&quot;:&quot;px&quot;,&quot;size&quot;:&quot;&quot;,&quot;sizes&quot;:[]}}\" data-widget_type=\"woocommerce-product-images.default\">\n<div class=\"elementor-widget-container\">\n<div class=\"woocommerce-product-gallery woocommerce-product-gallery--with-images woocommerce-product-gallery--columns-4 images\" data-columns=\"4\">\n<div class=\"woocommerce-product-gallery__wrapper\">\n<div class=\"woocommerce-product-gallery__image\" data-thumb=\"https:\/\/conexmetals.com\/wp-content\/uploads\/2023\/08\/Cable-Gland-Accessories-Lock-Nuts-100x100.webp\" data-thumb-alt=\"Cable-Gland-Accessories-Lock-Nuts\" data-thumb-srcset=\"https:\/\/conexmetals.com\/wp-content\/uploads\/2023\/08\/Cable-Gland-Accessories-Lock-Nuts-100x100.webp 100w, https:\/\/conexmetals.com\/wp-content\/uploads\/2023\/08\/Cable-Gland-Accessories-Lock-Nuts-300x300.webp 300w, https:\/\/conexmetals.com\/wp-content\/uploads\/2023\/08\/Cable-Gland-Accessories-Lock-Nuts-150x150.webp 150w, https:\/\/conexmetals.com\/wp-content\/uploads\/2023\/08\/Cable-Gland-Accessories-Lock-Nuts.webp 350w\"><\/div>\n<\/div>\n<\/div>\n<\/div>\n<\/div>\n<div class=\"elementor-element elementor-element-36d2ab8 elementor-widget elementor-widget-woocommerce-product-short-description\" data-id=\"36d2ab8\" data-element_type=\"widget\" data-widget_type=\"woocommerce-product-short-description.default\">\n<div class=\"elementor-widget-container\">\n<div class=\"woocommerce-product-details__short-description\">\n<table id=\"tablepress-413\" class=\"tablepress tablepress-id-413\">\n<caption>\u00a0<\/caption>\n<tbody class=\"row-hover\">\n<tr class=\"row-1 odd\">\n<td class=\"column-1\"><span>Tipo de rosca<\/span><\/td>\n<td class=\"column-2\"><span>Di\u00e2metro da rosca (&#8220;A&#8221;)<\/span><\/td>\n<td class=\"column-3\"><span>Espessura nominal<\/span><\/td>\n<td class=\"column-4\"><span>Dimens\u00e3o Across Flats (&#8220;B&#8221;)<\/span><\/td>\n<td class=\"column-5\"><span>Di\u00e2metro dos cantos (&#8220;C&#8221;)<\/span><\/td>\n<\/tr>\n<tr class=\"row-2 even\">\n<td class=\"column-1\"><span>M\u00e9trica<\/span><\/td>\n<td class=\"column-2\"><span>M16 x 1,5<\/span><\/td>\n<td class=\"column-3\"><span>3.2<\/span><\/td>\n<td class=\"column-4\"><span>22.0<\/span><\/td>\n<td class=\"column-5\"><span>25,4<\/span><\/td>\n<\/tr>\n<tr class=\"row-3 odd\">\n<td class=\"column-1\"><span>M\u00e9trica (Pesada)<\/span><\/td>\n<td class=\"column-2\"><span>M16 x 1,5<\/span><\/td>\n<td class=\"column-3\"><span>4.7<\/span><\/td>\n<td class=\"column-4\"><span>22.0<\/span><\/td>\n<td class=\"column-5\"><span>25,4<\/span><\/td>\n<\/tr>\n<tr class=\"row-4 even\">\n<td class=\"column-1\"><span>M\u00e9trica<\/span><\/td>\n<td class=\"column-2\"><span>M20 x 1,5<\/span><\/td>\n<td class=\"column-3\"><span>3.2<\/span><\/td>\n<td class=\"column-4\"><span>24.0<\/span><\/td>\n<td class=\"column-5\"><span>27,7<\/span><\/td>\n<\/tr>\n<tr class=\"row-5 odd\">\n<td class=\"column-1\"><span>M\u00e9trica (Pesada)<\/span><\/td>\n<td class=\"column-2\"><span>M20 x 1,5<\/span><\/td>\n<td class=\"column-3\"><span>4.7<\/span><\/td>\n<td class=\"column-4\"><span>24.0<\/span><\/td>\n<td class=\"column-5\"><span>27,7<\/span><\/td>\n<\/tr>\n<tr class=\"row-6 even\">\n<td class=\"column-1\"><span>M\u00e9trica<\/span><\/td>\n<td class=\"column-2\"><span>M25 x 1,5<\/span><\/td>\n<td class=\"column-3\"><span>3.2<\/span><\/td>\n<td class=\"column-4\"><span>30,0<\/span><\/td>\n<td class=\"column-5\"><span>34,6<\/span><\/td>\n<\/tr>\n<tr class=\"row-7 odd\">\n<td class=\"column-1\"><span>M\u00e9trica (Pesada)<\/span><\/td>\n<td class=\"column-2\"><span>M25 x 1,5<\/span><\/td>\n<td class=\"column-3\"><span>4.7<\/span><\/td>\n<td class=\"column-4\"><span>30,0<\/span><\/td>\n<td class=\"column-5\"><span>34,6<\/span><\/td>\n<\/tr>\n<tr class=\"row-8 even\">\n<td class=\"column-1\"><span>M\u00e9trica<\/span><\/td>\n<td class=\"column-2\"><span>M32 x 1,5<\/span><\/td>\n<td class=\"column-3\"><span>3.2<\/span><\/td>\n<td class=\"column-4\"><span>36,0<\/span><\/td>\n<td class=\"column-5\"><span>41,6<\/span><\/td>\n<\/tr>\n<tr class=\"row-9 odd\">\n<td class=\"column-1\"><span>M\u00e9trica (Pesada)<\/span><\/td>\n<td class=\"column-2\"><span>M32 x 1,5<\/span><\/td>\n<td class=\"column-3\"><span>4.7<\/span><\/td>\n<td class=\"column-4\"><span>36,0<\/span><\/td>\n<td class=\"column-5\"><span>41,6<\/span><\/td>\n<\/tr>\n<tr class=\"row-10 even\">\n<td class=\"column-1\"><span>M\u00e9trica<\/span><\/td>\n<td class=\"column-2\"><span>M40 x 1,5<\/span><\/td>\n<td class=\"column-3\"><span>4.8<\/span><\/td>\n<td class=\"column-4\"><span>46,0<\/span><\/td>\n<td class=\"column-5\"><span>53.1<\/span><\/td>\n<\/tr>\n<tr class=\"row-11 odd\">\n<td class=\"column-1\"><span>M\u00e9trica<\/span><\/td>\n<td class=\"column-2\"><span>M50 x 1,5<\/span><\/td>\n<td class=\"column-3\"><span>6.3<\/span><\/td>\n<td class=\"column-4\"><span>55,0<\/span><\/td>\n<td class=\"column-5\"><span>63,5<\/span><\/td>\n<\/tr>\n<tr class=\"row-12 even\">\n<td class=\"column-1\"><span>M\u00e9trica<\/span><\/td>\n<td class=\"column-2\"><span>M63 x 1,5<\/span><\/td>\n<td class=\"column-3\"><span>6.3<\/span><\/td>\n<td class=\"column-4\"><span>70,0<\/span><\/td>\n<td class=\"column-5\"><span>80,8<\/span><\/td>\n<\/tr>\n<tr class=\"row-13 odd\">\n<td class=\"column-1\"><span>M\u00e9trica<\/span><\/td>\n<td class=\"column-2\"><span>M75 x 1,5<\/span><\/td>\n<td class=\"column-3\"><span>6.3<\/span><\/td>\n<td class=\"column-4\"><span>84,0<\/span><\/td>\n<td class=\"column-5\"><span>97,0<\/span><\/td>\n<\/tr>\n<tr class=\"row-14 even\">\n<td class=\"column-1\"><span>M\u00e9trica<\/span><\/td>\n<td class=\"column-2\"><span>M90 x 2,0<\/span><\/td>\n<td class=\"column-3\"><span>9,5<\/span><\/td>\n<td class=\"column-4\"><span>106,0<\/span><\/td>\n<td class=\"column-5\"><span>122,4<\/span><\/td>\n<\/tr>\n<tr class=\"row-15 odd\">\n<td class=\"column-1\"><span>M\u00e9trica<\/span><\/td>\n<td class=\"column-2\"><span>M100 x 2,0<\/span><\/td>\n<td class=\"column-3\"><span>9,5<\/span><\/td>\n<td class=\"column-4\"><span>123,0<\/span><\/td>\n<td class=\"column-5\"><span>142,0<\/span><\/td>\n<\/tr>\n<\/tbody>\n<\/table>\n<p><img fetchpriority=\"high\" decoding=\"async\" class=\"size-medium wp-image-13038 alignright lazy loaded\" src=\"https:\/\/conexmetals.com\/wp-content\/uploads\/2023\/08\/Cable-Gland-Accessories-Lock-Nuts-line-drawing-300x241.webp\" alt=\"Desenho de linha de acess\u00f3rios para prensa-cabos com porcas de seguran\u00e7a\" width=\"300\" height=\"241\" data-src=\"https:\/\/conexmetals.com\/wp-content\/uploads\/2023\/08\/Cable-Gland-Accessories-Lock-Nuts-line-drawing-300x241.webp\" data-was-processed=\"true\" srcset=\"https:\/\/conexmetals.com\/wp-content\/uploads\/2023\/08\/Cable-Gland-Accessories-Lock-Nuts-line-drawing-300x241.webp 300w, https:\/\/conexmetals.com\/wp-content\/uploads\/2023\/08\/Cable-Gland-Accessories-Lock-Nuts-line-drawing.webp 551w\" sizes=\"(max-width: 300px) 100vw, 300px\" \/><span>Porcas de seguran\u00e7a s\u00e3o acess\u00f3rios de prensa-cabos comumente usados \u200b\u200bque desempenham um papel vital na fixa\u00e7\u00e3o de prensa-cabos em gabinetes, caixas de jun\u00e7\u00e3o ou equipamentos. Essas porcas s\u00e3o componentes rosqueados que fornecem estabilidade adicional e evitam que os prensa-cabos se soltem devido a vibra\u00e7\u00f5es, movimento ou fatores ambientais. Porcas de seguran\u00e7a s\u00e3o frequentemente usadas em conjunto com prensa-cabos para garantir uma solu\u00e7\u00e3o de gerenciamento de cabos segura e confi\u00e1vel.<\/span><\/p>\n<p><span>Veja como as porcas de seguran\u00e7a funcionam como acess\u00f3rios para prensa-cabos:<\/span><\/p>\n<p><strong><b><span>Fun\u00e7\u00e3o como acess\u00f3rios de prensa-cabos:<\/span><\/b><\/strong><span>\u00a0\u00a0porcas de seguran\u00e7a servem como um meio de travar ou prender prensa-cabos aos pontos de entrada em gabinetes ou equipamentos. Elas oferecem as seguintes fun\u00e7\u00f5es:<\/span><\/p>\n<ol>\n<li><b><\/b><strong><b><span>Mecanismo de fixa\u00e7\u00e3o:<\/span><\/b><\/strong><span>\u00a0porcas de seguran\u00e7a s\u00e3o rosqueadas na se\u00e7\u00e3o rosqueada do prensa-cabo, proporcionando uma conex\u00e3o mec\u00e2nica segura entre o prensa-cabo e o ponto de entrada.<\/span><\/li>\n<li><b><\/b><strong><b><span>Preven\u00e7\u00e3o de afrouxamento:<\/span><\/b><\/strong><span>\u00a0as porcas de seguran\u00e7a ajudam a evitar que os prensa-cabos se soltem ao longo do tempo devido a vibra\u00e7\u00f5es, movimentos ou mudan\u00e7as de temperatura.<\/span><\/li>\n<li><b><\/b><strong><b><span>Aumento da estabilidade:<\/span><\/b><\/strong><span>\u00a0ao adicionar uma camada adicional de fixa\u00e7\u00e3o, as porcas de seguran\u00e7a aumentam a estabilidade da instala\u00e7\u00e3o do prensa-cabos, reduzindo o risco de desconex\u00e3o ou danos ao cabo.<\/span><\/li>\n<\/ol>\n<p><strong><b><span>Aplica\u00e7\u00f5es:<\/span><\/b><\/strong><span>\u00a0\u00a0Porcas de seguran\u00e7a como acess\u00f3rios para prensa-cabos s\u00e3o usadas em v\u00e1rios setores e aplica\u00e7\u00f5es:<\/span><\/p>\n<ol>\n<li><b><\/b><strong><b><span>Instala\u00e7\u00f5es el\u00e9tricas:<\/span><\/b><\/strong><span>\u00a0Em instala\u00e7\u00f5es el\u00e9tricas, porcas de seguran\u00e7a prendem prensa-cabos a pain\u00e9is, caixas de jun\u00e7\u00e3o, gabinetes de controle e outros compartimentos.<\/span><\/li>\n<li><b><\/b><strong><b><span>M\u00e1quinas industriais:<\/span><\/b><\/strong><span>\u00a0porcas de seguran\u00e7a s\u00e3o usadas para prender prensa-cabos que fornecem pontos de entrada de cabos para m\u00e1quinas e equipamentos.<\/span><\/li>\n<li><b><\/b><strong><b><span>Telecomunica\u00e7\u00f5es:<\/span><\/b><\/strong><span>\u00a0S\u00e3o usados \u200b\u200bpara fixar prensa-cabos em gabinetes e compartimentos em instala\u00e7\u00f5es de telecomunica\u00e7\u00f5es.<\/span><\/li>\n<li><b><\/b><strong><b><span>Ambientes adversos:<\/span><\/b><\/strong><span>\u00a0porcas de seguran\u00e7a s\u00e3o valiosas em ambientes com vibra\u00e7\u00f5es, como instala\u00e7\u00f5es de fabrica\u00e7\u00e3o ou salas de m\u00e1quinas.<\/span><\/li>\n<\/ol>\n<p><strong><b><span>Tipos e Materiais:<\/span><\/b><\/strong><span>\u00a0\u00a0Porcas de seguran\u00e7a est\u00e3o dispon\u00edveis em diferentes tipos e materiais, como lat\u00e3o ou a\u00e7o inoxid\u00e1vel. A escolha do material depende de fatores como ambiente, aplica\u00e7\u00e3o e compatibilidade com o prensa-cabo.<\/span><\/p>\n<\/div>\n<\/div>\n<\/div>\n","protected":false},"featured_media":13236,"template":"","meta":[],"product_brand":[],"product_cat":[369],"product_tag":[],"class_list":{"0":"post-13398","1":"product","2":"type-product","3":"status-publish","4":"has-post-thumbnail","6":"product_cat-acessorios-para-prensa-cabos","8":"first","9":"instock","10":"shipping-taxable","11":"product-type-simple"},"yoast_head":"<!-- This site is optimized with the Yoast SEO plugin v27.3 - https:\/\/yoast.com\/product\/yoast-seo-wordpress\/ -->\n<title>Contraporcas para Acess\u00f3rios de Prensa-Cabos de Lat\u00e3o.<\/title>\n<meta name=\"description\" content=\"Conex Metals, um fabricante e fornecedor indiano distinto, se destaca na produ\u00e7\u00e3o de Acess\u00f3rios para Cabos, Acess\u00f3rios para Prensa-Cabos, Prensa-Cabos de Lat\u00e3o, Contraporcas de Lat\u00e3o e muito mais. Nossos produtos elaborados com maestria s\u00e3o a primeira escolha para clientes exigentes em qualidade em todo o mundo.\" \/>\n<meta name=\"robots\" content=\"index, follow, max-snippet:-1, max-image-preview:large, max-video-preview:-1\" \/>\n<link rel=\"canonical\" href=\"https:\/\/conexmetals.com\/pt-br\/produto\/contraporcas-para-acessorios-de-prensa-cabos-de-latao\/\" \/>\n<script type=\"application\/ld+json\" class=\"yoast-schema-graph\">{\"@context\":\"https:\\\/\\\/schema.org\",\"@graph\":[{\"@type\":\"WebPage\",\"@id\":\"https:\\\/\\\/conexmetals.com\\\/pt-br\\\/produto\\\/contraporcas-para-acessorios-de-prensa-cabos-de-latao\\\/\",\"url\":\"https:\\\/\\\/conexmetals.com\\\/pt-br\\\/produto\\\/contraporcas-para-acessorios-de-prensa-cabos-de-latao\\\/\",\"name\":\"Contraporcas para Acess\u00f3rios de Prensa-Cabos de Lat\u00e3o.\",\"isPartOf\":{\"@id\":\"https:\\\/\\\/conexmetals.com\\\/pt-br\\\/#website\"},\"primaryImageOfPage\":{\"@id\":\"https:\\\/\\\/conexmetals.com\\\/pt-br\\\/produto\\\/contraporcas-para-acessorios-de-prensa-cabos-de-latao\\\/#primaryimage\"},\"image\":{\"@id\":\"https:\\\/\\\/conexmetals.com\\\/pt-br\\\/produto\\\/contraporcas-para-acessorios-de-prensa-cabos-de-latao\\\/#primaryimage\"},\"thumbnailUrl\":\"https:\\\/\\\/conexmetals.com\\\/wp-content\\\/uploads\\\/2025\\\/01\\\/Contraporcas-para-Acessorios-de-Prensa-Cabos-de-Latao-1.webp\",\"datePublished\":\"2023-08-18T07:32:03+00:00\",\"dateModified\":\"2025-01-18T09:23:10+00:00\",\"description\":\"Conex Metals, um fabricante e fornecedor indiano distinto, se destaca na produ\u00e7\u00e3o de Acess\u00f3rios para Cabos, Acess\u00f3rios para Prensa-Cabos, Prensa-Cabos de Lat\u00e3o, Contraporcas de Lat\u00e3o e muito mais. Nossos produtos elaborados com maestria s\u00e3o a primeira escolha para clientes exigentes em qualidade em todo o mundo.\",\"breadcrumb\":{\"@id\":\"https:\\\/\\\/conexmetals.com\\\/pt-br\\\/produto\\\/contraporcas-para-acessorios-de-prensa-cabos-de-latao\\\/#breadcrumb\"},\"inLanguage\":\"pt-BR\",\"potentialAction\":[{\"@type\":\"ReadAction\",\"target\":[\"https:\\\/\\\/conexmetals.com\\\/pt-br\\\/produto\\\/contraporcas-para-acessorios-de-prensa-cabos-de-latao\\\/\"]}]},{\"@type\":\"ImageObject\",\"inLanguage\":\"pt-BR\",\"@id\":\"https:\\\/\\\/conexmetals.com\\\/pt-br\\\/produto\\\/contraporcas-para-acessorios-de-prensa-cabos-de-latao\\\/#primaryimage\",\"url\":\"https:\\\/\\\/conexmetals.com\\\/wp-content\\\/uploads\\\/2025\\\/01\\\/Contraporcas-para-Acessorios-de-Prensa-Cabos-de-Latao-1.webp\",\"contentUrl\":\"https:\\\/\\\/conexmetals.com\\\/wp-content\\\/uploads\\\/2025\\\/01\\\/Contraporcas-para-Acessorios-de-Prensa-Cabos-de-Latao-1.webp\",\"width\":350,\"height\":350,\"caption\":\"Contraporcas para Acess\u00f3rios de Prensa-Cabos de Lat\u00e3o\"},{\"@type\":\"BreadcrumbList\",\"@id\":\"https:\\\/\\\/conexmetals.com\\\/pt-br\\\/produto\\\/contraporcas-para-acessorios-de-prensa-cabos-de-latao\\\/#breadcrumb\",\"itemListElement\":[{\"@type\":\"ListItem\",\"position\":1,\"name\":\"Home\",\"item\":\"https:\\\/\\\/conexmetals.com\\\/pt-br\\\/lar\\\/\"},{\"@type\":\"ListItem\",\"position\":2,\"name\":\"Products\",\"item\":\"https:\\\/\\\/conexmetals.com\\\/products\\\/\"},{\"@type\":\"ListItem\",\"position\":3,\"name\":\"Contraporcas para Acess\u00f3rios de Prensa-Cabos de Lat\u00e3o.\"}]},{\"@type\":\"WebSite\",\"@id\":\"https:\\\/\\\/conexmetals.com\\\/pt-br\\\/#website\",\"url\":\"https:\\\/\\\/conexmetals.com\\\/pt-br\\\/\",\"name\":\"Conex Metals Brass Fittings Brass Parts Copper Parts Brass Components Brass Plumbing Fittings India\",\"description\":\"Manufacturer of Bronze Fittings casting Copper Brass parts components\",\"publisher\":{\"@id\":\"https:\\\/\\\/conexmetals.com\\\/pt-br\\\/#organization\"},\"potentialAction\":[{\"@type\":\"SearchAction\",\"target\":{\"@type\":\"EntryPoint\",\"urlTemplate\":\"https:\\\/\\\/conexmetals.com\\\/pt-br\\\/?s={search_term_string}\"},\"query-input\":{\"@type\":\"PropertyValueSpecification\",\"valueRequired\":true,\"valueName\":\"search_term_string\"}}],\"inLanguage\":\"pt-BR\"},{\"@type\":\"Organization\",\"@id\":\"https:\\\/\\\/conexmetals.com\\\/pt-br\\\/#organization\",\"name\":\"Conex Metals Brass Fittings Brass Parts Copper Parts Brass Components Brass Plumbing Fittings India\",\"url\":\"https:\\\/\\\/conexmetals.com\\\/pt-br\\\/\",\"logo\":{\"@type\":\"ImageObject\",\"inLanguage\":\"pt-BR\",\"@id\":\"https:\\\/\\\/conexmetals.com\\\/pt-br\\\/#\\\/schema\\\/logo\\\/image\\\/\",\"url\":\"https:\\\/\\\/conexmetals.com\\\/wp-content\\\/uploads\\\/2024\\\/03\\\/conex-metals-logo.webp\",\"contentUrl\":\"https:\\\/\\\/conexmetals.com\\\/wp-content\\\/uploads\\\/2024\\\/03\\\/conex-metals-logo.webp\",\"width\":300,\"height\":121,\"caption\":\"Conex Metals Brass Fittings Brass Parts Copper Parts Brass Components Brass Plumbing Fittings India\"},\"image\":{\"@id\":\"https:\\\/\\\/conexmetals.com\\\/pt-br\\\/#\\\/schema\\\/logo\\\/image\\\/\"},\"sameAs\":[\"https:\\\/\\\/www.facebook.com\\\/conexbrass\",\"https:\\\/\\\/x.com\\\/conexindia\",\"https:\\\/\\\/www.linkedin.com\\\/company\\\/conex-metals-india\\\/\",\"https:\\\/\\\/www.instagram.com\\\/conexindia\\\/\"]}]}<\/script>\n<!-- \/ Yoast SEO plugin. -->","yoast_head_json":{"title":"Contraporcas para Acess\u00f3rios de Prensa-Cabos de Lat\u00e3o.","description":"Conex Metals, um fabricante e fornecedor indiano distinto, se destaca na produ\u00e7\u00e3o de Acess\u00f3rios para Cabos, Acess\u00f3rios para Prensa-Cabos, Prensa-Cabos de Lat\u00e3o, Contraporcas de Lat\u00e3o e muito mais. Nossos produtos elaborados com maestria s\u00e3o a primeira escolha para clientes exigentes em qualidade em todo o mundo.","robots":{"index":"index","follow":"follow","max-snippet":"max-snippet:-1","max-image-preview":"max-image-preview:large","max-video-preview":"max-video-preview:-1"},"canonical":"https:\/\/conexmetals.com\/pt-br\/produto\/contraporcas-para-acessorios-de-prensa-cabos-de-latao\/","schema":{"@context":"https:\/\/schema.org","@graph":[{"@type":"WebPage","@id":"https:\/\/conexmetals.com\/pt-br\/produto\/contraporcas-para-acessorios-de-prensa-cabos-de-latao\/","url":"https:\/\/conexmetals.com\/pt-br\/produto\/contraporcas-para-acessorios-de-prensa-cabos-de-latao\/","name":"Contraporcas para Acess\u00f3rios de Prensa-Cabos de Lat\u00e3o.","isPartOf":{"@id":"https:\/\/conexmetals.com\/pt-br\/#website"},"primaryImageOfPage":{"@id":"https:\/\/conexmetals.com\/pt-br\/produto\/contraporcas-para-acessorios-de-prensa-cabos-de-latao\/#primaryimage"},"image":{"@id":"https:\/\/conexmetals.com\/pt-br\/produto\/contraporcas-para-acessorios-de-prensa-cabos-de-latao\/#primaryimage"},"thumbnailUrl":"https:\/\/conexmetals.com\/wp-content\/uploads\/2025\/01\/Contraporcas-para-Acessorios-de-Prensa-Cabos-de-Latao-1.webp","datePublished":"2023-08-18T07:32:03+00:00","dateModified":"2025-01-18T09:23:10+00:00","description":"Conex Metals, um fabricante e fornecedor indiano distinto, se destaca na produ\u00e7\u00e3o de Acess\u00f3rios para Cabos, Acess\u00f3rios para Prensa-Cabos, Prensa-Cabos de Lat\u00e3o, Contraporcas de Lat\u00e3o e muito mais. Nossos produtos elaborados com maestria s\u00e3o a primeira escolha para clientes exigentes em qualidade em todo o mundo.","breadcrumb":{"@id":"https:\/\/conexmetals.com\/pt-br\/produto\/contraporcas-para-acessorios-de-prensa-cabos-de-latao\/#breadcrumb"},"inLanguage":"pt-BR","potentialAction":[{"@type":"ReadAction","target":["https:\/\/conexmetals.com\/pt-br\/produto\/contraporcas-para-acessorios-de-prensa-cabos-de-latao\/"]}]},{"@type":"ImageObject","inLanguage":"pt-BR","@id":"https:\/\/conexmetals.com\/pt-br\/produto\/contraporcas-para-acessorios-de-prensa-cabos-de-latao\/#primaryimage","url":"https:\/\/conexmetals.com\/wp-content\/uploads\/2025\/01\/Contraporcas-para-Acessorios-de-Prensa-Cabos-de-Latao-1.webp","contentUrl":"https:\/\/conexmetals.com\/wp-content\/uploads\/2025\/01\/Contraporcas-para-Acessorios-de-Prensa-Cabos-de-Latao-1.webp","width":350,"height":350,"caption":"Contraporcas para Acess\u00f3rios de Prensa-Cabos de Lat\u00e3o"},{"@type":"BreadcrumbList","@id":"https:\/\/conexmetals.com\/pt-br\/produto\/contraporcas-para-acessorios-de-prensa-cabos-de-latao\/#breadcrumb","itemListElement":[{"@type":"ListItem","position":1,"name":"Home","item":"https:\/\/conexmetals.com\/pt-br\/lar\/"},{"@type":"ListItem","position":2,"name":"Products","item":"https:\/\/conexmetals.com\/products\/"},{"@type":"ListItem","position":3,"name":"Contraporcas para Acess\u00f3rios de Prensa-Cabos de Lat\u00e3o."}]},{"@type":"WebSite","@id":"https:\/\/conexmetals.com\/pt-br\/#website","url":"https:\/\/conexmetals.com\/pt-br\/","name":"Conex Metals Brass Fittings Brass Parts Copper Parts Brass Components Brass Plumbing Fittings India","description":"Manufacturer of Bronze Fittings casting Copper Brass parts components","publisher":{"@id":"https:\/\/conexmetals.com\/pt-br\/#organization"},"potentialAction":[{"@type":"SearchAction","target":{"@type":"EntryPoint","urlTemplate":"https:\/\/conexmetals.com\/pt-br\/?s={search_term_string}"},"query-input":{"@type":"PropertyValueSpecification","valueRequired":true,"valueName":"search_term_string"}}],"inLanguage":"pt-BR"},{"@type":"Organization","@id":"https:\/\/conexmetals.com\/pt-br\/#organization","name":"Conex Metals Brass Fittings Brass Parts Copper Parts Brass Components Brass Plumbing Fittings India","url":"https:\/\/conexmetals.com\/pt-br\/","logo":{"@type":"ImageObject","inLanguage":"pt-BR","@id":"https:\/\/conexmetals.com\/pt-br\/#\/schema\/logo\/image\/","url":"https:\/\/conexmetals.com\/wp-content\/uploads\/2024\/03\/conex-metals-logo.webp","contentUrl":"https:\/\/conexmetals.com\/wp-content\/uploads\/2024\/03\/conex-metals-logo.webp","width":300,"height":121,"caption":"Conex Metals Brass Fittings Brass Parts Copper Parts Brass Components Brass Plumbing Fittings India"},"image":{"@id":"https:\/\/conexmetals.com\/pt-br\/#\/schema\/logo\/image\/"},"sameAs":["https:\/\/www.facebook.com\/conexbrass","https:\/\/x.com\/conexindia","https:\/\/www.linkedin.com\/company\/conex-metals-india\/","https:\/\/www.instagram.com\/conexindia\/"]}]}},"_links":{"self":[{"href":"https:\/\/conexmetals.com\/pt-br\/wp-json\/wp\/v2\/product\/13398","targetHints":{"allow":["GET"]}}],"collection":[{"href":"https:\/\/conexmetals.com\/pt-br\/wp-json\/wp\/v2\/product"}],"about":[{"href":"https:\/\/conexmetals.com\/pt-br\/wp-json\/wp\/v2\/types\/product"}],"wp:featuredmedia":[{"embeddable":true,"href":"https:\/\/conexmetals.com\/pt-br\/wp-json\/wp\/v2\/media\/13236"}],"wp:attachment":[{"href":"https:\/\/conexmetals.com\/pt-br\/wp-json\/wp\/v2\/media?parent=13398"}],"wp:term":[{"taxonomy":"product_brand","embeddable":true,"href":"https:\/\/conexmetals.com\/pt-br\/wp-json\/wp\/v2\/product_brand?post=13398"},{"taxonomy":"product_cat","embeddable":true,"href":"https:\/\/conexmetals.com\/pt-br\/wp-json\/wp\/v2\/product_cat?post=13398"},{"taxonomy":"product_tag","embeddable":true,"href":"https:\/\/conexmetals.com\/pt-br\/wp-json\/wp\/v2\/product_tag?post=13398"}],"curies":[{"name":"wp","href":"https:\/\/api.w.org\/{rel}","templated":true}]}}