{"id":13403,"date":"2023-08-18T13:00:24","date_gmt":"2023-08-18T07:30:24","guid":{"rendered":"https:\/\/conexmetals.com\/?post_type=product&#038;p=13403"},"modified":"2025-01-22T16:19:34","modified_gmt":"2025-01-22T10:49:34","slug":"tabela-de-secao-da-prensa-cabo-de-latao","status":"publish","type":"product","link":"https:\/\/conexmetals.com\/pt-br\/produto\/tabela-de-secao-da-prensa-cabo-de-latao\/","title":{"rendered":"Tabela de Se\u00e7\u00e3o da Prensa-Cabo de Lat\u00e3o"},"content":{"rendered":"","protected":false},"excerpt":{"rendered":"<p>Os prensa-cabos de lat\u00e3o desempenham um papel crucial na fixa\u00e7\u00e3o e prote\u00e7\u00e3o de cabos el\u00e9tricos, garantindo reten\u00e7\u00e3o mec\u00e2nica e mantendo a continuidade el\u00e9trica. A tabela a seguir fornece um gr\u00e1fico de sele\u00e7\u00e3o detalhado para auxiliar na escolha do tamanho correto do prensa-cabos de lat\u00e3o para v\u00e1rias configura\u00e7\u00f5es de cabos e tamanhos de condutores.<\/p>\n<p><strong>Principais caracter\u00edsticas dos prensa-cabos de lat\u00e3o:<\/strong><\/p>\n<ul>\n<li><strong>Durabilidade<\/strong>\u00a0: Feito de lat\u00e3o de alta qualidade para desempenho duradouro.<\/li>\n<li><strong>Ampla gama<\/strong>\u00a0: adequado para diferentes tamanhos de cabos e tipos de condutores.<\/li>\n<li><strong>Aplica\u00e7\u00f5es<\/strong>\u00a0: Ideal para instala\u00e7\u00f5es el\u00e9tricas industriais e comerciais.<\/li>\n<\/ul>\n<p>&nbsp;<\/p>\n<table id=\"tablepress-1\" class=\"tablepress tablepress-id-1\">\n<tbody class=\"row-hover\">\n<tr class=\"row-1 odd\">\n<th class=\"column-3\" colspan=\"13\">TABELA DE SELE\u00c7\u00c3O DE PRENSA-CABO DE LAT\u00c3O<\/th>\n<\/tr>\n<tr class=\"row-2 even\">\n<td class=\"column-1\" colspan=\"6\">Tamanho do cabo Condutor<\/td>\n<td class=\"column-7\" colspan=\"9\">N\u00famero de n\u00facleos<\/td>\n<\/tr>\n<tr class=\"row-3 odd\">\n<td class=\"column-1\">\u00c1rea\u00a0nominal<br \/>\nmm\u00b2<\/td>\n<td class=\"column-2\">Neutro<\/td>\n<td class=\"column-3\">1<\/td>\n<td class=\"column-4\">2<\/td>\n<td class=\"column-5\">3<\/td>\n<td class=\"column-6\">3 \u00bd<\/td>\n<td class=\"column-7\">4<\/td>\n<td class=\"column-8\">5<\/td>\n<td class=\"column-9\">7<\/td>\n<td class=\"column-10\">10<\/td>\n<td class=\"column-11\">12<\/td>\n<td class=\"column-12\">19<\/td>\n<td class=\"column-13\">27<\/td>\n<td class=\"column-14\">37<\/td>\n<td class=\"column-15\">4<\/td>\n<\/tr>\n<tr class=\"row-4 even\">\n<td class=\"column-1\">1.5<\/td>\n<td class=\"column-2\">\u2013<\/td>\n<td class=\"column-3\">\u2013<\/td>\n<td class=\"column-4\">16<\/td>\n<td class=\"column-5\">16<\/td>\n<td class=\"column-6\">\u2013<\/td>\n<td class=\"column-7\">Anos 20<\/td>\n<td class=\"column-8\">Anos 20<\/td>\n<td class=\"column-9\">Anos 20<\/td>\n<td class=\"column-10\">20<\/td>\n<td class=\"column-11\">20<\/td>\n<td class=\"column-12\">25<\/td>\n<td class=\"column-13\">25<\/td>\n<td class=\"column-14\">32<\/td>\n<td class=\"column-15\">32<\/td>\n<\/tr>\n<tr class=\"row-5 odd\">\n<td class=\"column-1\">2,5<\/td>\n<td class=\"column-2\">\u2013<\/td>\n<td class=\"column-3\">\u2013<\/td>\n<td class=\"column-4\">Anos 20<\/td>\n<td class=\"column-5\">Anos 20<\/td>\n<td class=\"column-6\">\u2013<\/td>\n<td class=\"column-7\">Anos 20<\/td>\n<td class=\"column-8\">Anos 20<\/td>\n<td class=\"column-9\">20<\/td>\n<td class=\"column-10\">25<\/td>\n<td class=\"column-11\">25<\/td>\n<td class=\"column-12\">25<\/td>\n<td class=\"column-13\">32<\/td>\n<td class=\"column-14\">32<\/td>\n<td class=\"column-15\">40<\/td>\n<\/tr>\n<tr class=\"row-6 even\">\n<td class=\"column-1\">4<\/td>\n<td class=\"column-2\">\u2013<\/td>\n<td class=\"column-3\">\u2013<\/td>\n<td class=\"column-4\">Anos 20<\/td>\n<td class=\"column-5\">20<\/td>\n<td class=\"column-6\">\u2013<\/td>\n<td class=\"column-7\">20<\/td>\n<td class=\"column-8\">20<\/td>\n<td class=\"column-9\">25<\/td>\n<td class=\"column-10\">25<\/td>\n<td class=\"column-11\">32<\/td>\n<td class=\"column-12\">32<\/td>\n<td class=\"column-13\">40<\/td>\n<td class=\"column-14\"><\/td>\n<td class=\"column-15\"><\/td>\n<\/tr>\n<tr class=\"row-7 odd\">\n<td class=\"column-1\">6<\/td>\n<td class=\"column-2\">\u2013<\/td>\n<td class=\"column-3\">\u2013<\/td>\n<td class=\"column-4\">20<\/td>\n<td class=\"column-5\">20<\/td>\n<td class=\"column-6\">\u2013<\/td>\n<td class=\"column-7\">20<\/td>\n<td class=\"column-8\"><\/td>\n<td class=\"column-9\"><\/td>\n<td class=\"column-10\"><\/td>\n<td class=\"column-11\"><\/td>\n<td class=\"column-12\"><\/td>\n<td class=\"column-13\"><\/td>\n<td class=\"column-14\"><\/td>\n<td class=\"column-15\"><\/td>\n<\/tr>\n<tr class=\"row-8 even\">\n<td class=\"column-1\">10<\/td>\n<td class=\"column-2\">\u2013<\/td>\n<td class=\"column-3\">\u2013<\/td>\n<td class=\"column-4\">25<\/td>\n<td class=\"column-5\">25<\/td>\n<td class=\"column-6\">\u2013<\/td>\n<td class=\"column-7\">25<\/td>\n<td class=\"column-8\"><\/td>\n<td class=\"column-9\"><\/td>\n<td class=\"column-10\"><\/td>\n<td class=\"column-11\"><\/td>\n<td class=\"column-12\"><\/td>\n<td class=\"column-13\"><\/td>\n<td class=\"column-14\"><\/td>\n<td class=\"column-15\"><\/td>\n<\/tr>\n<tr class=\"row-9 odd\">\n<td class=\"column-1\">16<\/td>\n<td class=\"column-2\">\u2013<\/td>\n<td class=\"column-3\">\u2013<\/td>\n<td class=\"column-4\">25<\/td>\n<td class=\"column-5\">25<\/td>\n<td class=\"column-6\">\u2013<\/td>\n<td class=\"column-7\">25<\/td>\n<td class=\"column-8\"><\/td>\n<td class=\"column-9\"><\/td>\n<td class=\"column-10\"><\/td>\n<td class=\"column-11\"><\/td>\n<td class=\"column-12\"><\/td>\n<td class=\"column-13\"><\/td>\n<td class=\"column-14\"><\/td>\n<td class=\"column-15\"><\/td>\n<\/tr>\n<tr class=\"row-10 even\">\n<td class=\"column-1\">25<\/td>\n<td class=\"column-2\">16<\/td>\n<td class=\"column-3\">\u2013<\/td>\n<td class=\"column-4\">32<br \/>\n25<\/td>\n<td class=\"column-5\">32<br \/>\n25<\/td>\n<td class=\"column-6\">32<\/td>\n<td class=\"column-7\">32<br \/>\n32<\/td>\n<td class=\"column-8\"><\/td>\n<td class=\"column-9\"><\/td>\n<td class=\"column-10\"><\/td>\n<td class=\"column-11\"><\/td>\n<td class=\"column-12\"><\/td>\n<td class=\"column-13\"><\/td>\n<td class=\"column-14\"><\/td>\n<td class=\"column-15\"><\/td>\n<\/tr>\n<tr class=\"row-11 odd\">\n<td class=\"column-1\">35<\/td>\n<td class=\"column-2\">16<\/td>\n<td class=\"column-3\">\u2013<\/td>\n<td class=\"column-4\">32<br \/>\n25<\/td>\n<td class=\"column-5\">32<br \/>\n32<\/td>\n<td class=\"column-6\">32<\/td>\n<td class=\"column-7\">40<br \/>\n32<\/td>\n<td class=\"column-8\"><\/td>\n<td class=\"column-9\"><\/td>\n<td class=\"column-10\"><\/td>\n<td class=\"column-11\"><\/td>\n<td class=\"column-12\"><\/td>\n<td class=\"column-13\"><\/td>\n<td class=\"column-14\"><\/td>\n<td class=\"column-15\"><\/td>\n<\/tr>\n<tr class=\"row-12 even\">\n<td class=\"column-1\">50<\/td>\n<td class=\"column-2\">25<\/td>\n<td class=\"column-3\">25<\/td>\n<td class=\"column-4\">32<\/td>\n<td class=\"column-5\">32<\/td>\n<td class=\"column-6\">32<\/td>\n<td class=\"column-7\">40<\/td>\n<td class=\"column-8\"><\/td>\n<td class=\"column-9\"><\/td>\n<td class=\"column-10\"><\/td>\n<td class=\"column-11\"><\/td>\n<td class=\"column-12\"><\/td>\n<td class=\"column-13\"><\/td>\n<td class=\"column-14\"><\/td>\n<td class=\"column-15\"><\/td>\n<\/tr>\n<tr class=\"row-13 odd\">\n<td class=\"column-1\">70<\/td>\n<td class=\"column-2\">35<\/td>\n<td class=\"column-3\">25<\/td>\n<td class=\"column-4\">32<\/td>\n<td class=\"column-5\">40<\/td>\n<td class=\"column-6\">40<\/td>\n<td class=\"column-7\">40<\/td>\n<td class=\"column-8\"><\/td>\n<td class=\"column-9\"><\/td>\n<td class=\"column-10\"><\/td>\n<td class=\"column-11\"><\/td>\n<td class=\"column-12\"><\/td>\n<td class=\"column-13\"><\/td>\n<td class=\"column-14\"><\/td>\n<td class=\"column-15\"><\/td>\n<\/tr>\n<tr class=\"row-14 even\">\n<td class=\"column-1\">95<\/td>\n<td class=\"column-2\">50<\/td>\n<td class=\"column-3\">25<\/td>\n<td class=\"column-4\">40<\/td>\n<td class=\"column-5\">40<\/td>\n<td class=\"column-6\">Anos 50<\/td>\n<td class=\"column-7\">Anos 50<\/td>\n<td class=\"column-8\"><\/td>\n<td class=\"column-9\"><\/td>\n<td class=\"column-10\"><\/td>\n<td class=\"column-11\"><\/td>\n<td class=\"column-12\"><\/td>\n<td class=\"column-13\"><\/td>\n<td class=\"column-14\"><\/td>\n<td class=\"column-15\"><\/td>\n<\/tr>\n<tr class=\"row-15 odd\">\n<td class=\"column-1\">120<\/td>\n<td class=\"column-2\">70<\/td>\n<td class=\"column-3\">32<\/td>\n<td class=\"column-4\">40<\/td>\n<td class=\"column-5\">Anos 50<\/td>\n<td class=\"column-6\">50<\/td>\n<td class=\"column-7\">50<\/td>\n<td class=\"column-8\"><\/td>\n<td class=\"column-9\"><\/td>\n<td class=\"column-10\"><\/td>\n<td class=\"column-11\"><\/td>\n<td class=\"column-12\"><\/td>\n<td class=\"column-13\"><\/td>\n<td class=\"column-14\"><\/td>\n<td class=\"column-15\"><\/td>\n<\/tr>\n<tr class=\"row-16 even\">\n<td class=\"column-1\">150<\/td>\n<td class=\"column-2\">70<\/td>\n<td class=\"column-3\">32<\/td>\n<td class=\"column-4\">Anos 50<\/td>\n<td class=\"column-5\">50<\/td>\n<td class=\"column-6\">50<\/td>\n<td class=\"column-7\">63S<\/td>\n<td class=\"column-8\"><\/td>\n<td class=\"column-9\"><\/td>\n<td class=\"column-10\"><\/td>\n<td class=\"column-11\"><\/td>\n<td class=\"column-12\"><\/td>\n<td class=\"column-13\"><\/td>\n<td class=\"column-14\"><\/td>\n<td class=\"column-15\"><\/td>\n<\/tr>\n<tr class=\"row-17 odd\">\n<td class=\"column-1\">185<\/td>\n<td class=\"column-2\">95<\/td>\n<td class=\"column-3\">32<\/td>\n<td class=\"column-4\">50<\/td>\n<td class=\"column-5\">50<\/td>\n<td class=\"column-6\">63S<\/td>\n<td class=\"column-7\">63<\/td>\n<td class=\"column-8\"><\/td>\n<td class=\"column-9\"><\/td>\n<td class=\"column-10\"><\/td>\n<td class=\"column-11\"><\/td>\n<td class=\"column-12\"><\/td>\n<td class=\"column-13\"><\/td>\n<td class=\"column-14\"><\/td>\n<td class=\"column-15\"><\/td>\n<\/tr>\n<tr class=\"row-18 even\">\n<td class=\"column-1\">240<\/td>\n<td class=\"column-2\">120<\/td>\n<td class=\"column-3\">40<\/td>\n<td class=\"column-4\">50<\/td>\n<td class=\"column-5\">63S<\/td>\n<td class=\"column-6\">63<\/td>\n<td class=\"column-7\">Anos 75<\/td>\n<td class=\"column-8\"><\/td>\n<td class=\"column-9\"><\/td>\n<td class=\"column-10\"><\/td>\n<td class=\"column-11\"><\/td>\n<td class=\"column-12\"><\/td>\n<td class=\"column-13\"><\/td>\n<td class=\"column-14\"><\/td>\n<td class=\"column-15\"><\/td>\n<\/tr>\n<tr class=\"row-19 odd\">\n<td class=\"column-1\">300<\/td>\n<td class=\"column-2\">150<\/td>\n<td class=\"column-3\">40<\/td>\n<td class=\"column-4\">63S<\/td>\n<td class=\"column-5\">63<\/td>\n<td class=\"column-6\">Anos 75<\/td>\n<td class=\"column-7\">75<\/td>\n<td class=\"column-8\"><\/td>\n<td class=\"column-9\"><\/td>\n<td class=\"column-10\"><\/td>\n<td class=\"column-11\"><\/td>\n<td class=\"column-12\"><\/td>\n<td class=\"column-13\"><\/td>\n<td class=\"column-14\"><\/td>\n<td class=\"column-15\"><\/td>\n<\/tr>\n<tr class=\"row-20 even\">\n<td class=\"column-1\">300<\/td>\n<td class=\"column-2\">185<\/td>\n<td class=\"column-3\">\u2013<\/td>\n<td class=\"column-4\">\u2013<\/td>\n<td class=\"column-5\">\u2013<\/td>\n<td class=\"column-6\">75<\/td>\n<td class=\"column-7\">\u2013<\/td>\n<td class=\"column-8\"><\/td>\n<td class=\"column-9\"><\/td>\n<td class=\"column-10\"><\/td>\n<td class=\"column-11\"><\/td>\n<td class=\"column-12\"><\/td>\n<td class=\"column-13\"><\/td>\n<td class=\"column-14\"><\/td>\n<td class=\"column-15\"><\/td>\n<\/tr>\n<tr class=\"row-21 odd\">\n<td class=\"column-1\">400<\/td>\n<td class=\"column-2\">185<\/td>\n<td class=\"column-3\">Anos 50<\/td>\n<td class=\"column-4\">63<\/td>\n<td class=\"column-5\">Anos 75<\/td>\n<td class=\"column-6\">90<\/td>\n<td class=\"column-7\">90<\/td>\n<td class=\"column-8\"><\/td>\n<td class=\"column-9\"><\/td>\n<td class=\"column-10\"><\/td>\n<td class=\"column-11\"><\/td>\n<td class=\"column-12\"><\/td>\n<td class=\"column-13\"><\/td>\n<td class=\"column-14\"><\/td>\n<td class=\"column-15\"><\/td>\n<\/tr>\n<tr class=\"row-22 even\">\n<td class=\"column-1\">500<\/td>\n<td class=\"column-2\">\u2013<\/td>\n<td class=\"column-3\">50<\/td>\n<td class=\"column-4\">\u2013<\/td>\n<td class=\"column-5\"><\/td>\n<td class=\"column-6\"><\/td>\n<td class=\"column-7\"><\/td>\n<td class=\"column-8\"><\/td>\n<td class=\"column-9\"><\/td>\n<td class=\"column-10\"><\/td>\n<td class=\"column-11\"><\/td>\n<td class=\"column-12\"><\/td>\n<td class=\"column-13\"><\/td>\n<td class=\"column-14\"><\/td>\n<td class=\"column-15\"><\/td>\n<\/tr>\n<tr class=\"row-23 odd\">\n<td class=\"column-1\">630<\/td>\n<td class=\"column-2\">\u2013<\/td>\n<td class=\"column-3\">50<\/td>\n<td class=\"column-4\">\u2013<\/td>\n<td class=\"column-5\"><\/td>\n<td class=\"column-6\"><\/td>\n<td class=\"column-7\"><\/td>\n<td class=\"column-8\"><\/td>\n<td class=\"column-9\"><\/td>\n<td class=\"column-10\"><\/td>\n<td class=\"column-11\"><\/td>\n<td class=\"column-12\"><\/td>\n<td class=\"column-13\"><\/td>\n<td class=\"column-14\"><\/td>\n<td class=\"column-15\"><\/td>\n<\/tr>\n<tr class=\"row-24 even\">\n<td class=\"column-1\">800<\/td>\n<td class=\"column-2\">\u2013<\/td>\n<td class=\"column-3\">63S<\/td>\n<td class=\"column-4\">\u2013<\/td>\n<td class=\"column-5\"><\/td>\n<td class=\"column-6\"><\/td>\n<td class=\"column-7\"><\/td>\n<td class=\"column-8\"><\/td>\n<td class=\"column-9\"><\/td>\n<td class=\"column-10\"><\/td>\n<td class=\"column-11\"><\/td>\n<td class=\"column-12\"><\/td>\n<td class=\"column-13\"><\/td>\n<td class=\"column-14\"><\/td>\n<\/tr>\n<\/tbody>\n<\/table>\n","protected":false},"featured_media":13214,"template":"","meta":[],"product_brand":[],"product_cat":[369],"product_tag":[],"class_list":{"0":"post-13403","1":"product","2":"type-product","3":"status-publish","4":"has-post-thumbnail","6":"product_cat-acessorios-para-prensa-cabos","8":"first","9":"instock","10":"shipping-taxable","11":"product-type-simple"},"yoast_head":"<!-- This site is optimized with the Yoast SEO plugin v27.3 - https:\/\/yoast.com\/product\/yoast-seo-wordpress\/ -->\n<title>Tabela de Se\u00e7\u00e3o da Prensa-Cabo de Lat\u00e3o<\/title>\n<meta name=\"description\" content=\"Conex Metals oferece uma Tabela de Se\u00e7\u00e3o da Prensa-Cabo de Lat\u00e3o completa, Prensa-Cabos, Prensa-Cabos \u00e0 Prova d&#039;\u00c1gua, diversos Tipos de Prensa-Cabos e Prensa-Cabos de Lat\u00e3o, como um respeit\u00e1vel fabricante, exportador e fornecedor na \u00cdndia.\" \/>\n<meta name=\"robots\" content=\"index, follow, max-snippet:-1, max-image-preview:large, max-video-preview:-1\" \/>\n<link rel=\"canonical\" href=\"https:\/\/conexmetals.com\/pt-br\/produto\/tabela-de-secao-da-prensa-cabo-de-latao\/\" \/>\n<script type=\"application\/ld+json\" class=\"yoast-schema-graph\">{\"@context\":\"https:\\\/\\\/schema.org\",\"@graph\":[{\"@type\":\"WebPage\",\"@id\":\"https:\\\/\\\/conexmetals.com\\\/pt-br\\\/produto\\\/tabela-de-secao-da-prensa-cabo-de-latao\\\/\",\"url\":\"https:\\\/\\\/conexmetals.com\\\/pt-br\\\/produto\\\/tabela-de-secao-da-prensa-cabo-de-latao\\\/\",\"name\":\"Tabela de Se\u00e7\u00e3o da Prensa-Cabo de Lat\u00e3o\",\"isPartOf\":{\"@id\":\"https:\\\/\\\/conexmetals.com\\\/pt-br\\\/#website\"},\"primaryImageOfPage\":{\"@id\":\"https:\\\/\\\/conexmetals.com\\\/pt-br\\\/produto\\\/tabela-de-secao-da-prensa-cabo-de-latao\\\/#primaryimage\"},\"image\":{\"@id\":\"https:\\\/\\\/conexmetals.com\\\/pt-br\\\/produto\\\/tabela-de-secao-da-prensa-cabo-de-latao\\\/#primaryimage\"},\"thumbnailUrl\":\"https:\\\/\\\/conexmetals.com\\\/wp-content\\\/uploads\\\/2025\\\/01\\\/Tabela-de-Secao-da-Prensa-Cabo-de-Latao.webp\",\"datePublished\":\"2023-08-18T07:30:24+00:00\",\"dateModified\":\"2025-01-22T10:49:34+00:00\",\"description\":\"Conex Metals oferece uma Tabela de Se\u00e7\u00e3o da Prensa-Cabo de Lat\u00e3o completa, Prensa-Cabos, Prensa-Cabos \u00e0 Prova d'\u00c1gua, diversos Tipos de Prensa-Cabos e Prensa-Cabos de Lat\u00e3o, como um respeit\u00e1vel fabricante, exportador e fornecedor na \u00cdndia.\",\"breadcrumb\":{\"@id\":\"https:\\\/\\\/conexmetals.com\\\/pt-br\\\/produto\\\/tabela-de-secao-da-prensa-cabo-de-latao\\\/#breadcrumb\"},\"inLanguage\":\"pt-BR\",\"potentialAction\":[{\"@type\":\"ReadAction\",\"target\":[\"https:\\\/\\\/conexmetals.com\\\/pt-br\\\/produto\\\/tabela-de-secao-da-prensa-cabo-de-latao\\\/\"]}]},{\"@type\":\"ImageObject\",\"inLanguage\":\"pt-BR\",\"@id\":\"https:\\\/\\\/conexmetals.com\\\/pt-br\\\/produto\\\/tabela-de-secao-da-prensa-cabo-de-latao\\\/#primaryimage\",\"url\":\"https:\\\/\\\/conexmetals.com\\\/wp-content\\\/uploads\\\/2025\\\/01\\\/Tabela-de-Secao-da-Prensa-Cabo-de-Latao.webp\",\"contentUrl\":\"https:\\\/\\\/conexmetals.com\\\/wp-content\\\/uploads\\\/2025\\\/01\\\/Tabela-de-Secao-da-Prensa-Cabo-de-Latao.webp\",\"width\":350,\"height\":350,\"caption\":\"Tabela de Se\u00e7\u00e3o da Prensa-Cabo de Lat\u00e3o\"},{\"@type\":\"BreadcrumbList\",\"@id\":\"https:\\\/\\\/conexmetals.com\\\/pt-br\\\/produto\\\/tabela-de-secao-da-prensa-cabo-de-latao\\\/#breadcrumb\",\"itemListElement\":[{\"@type\":\"ListItem\",\"position\":1,\"name\":\"Home\",\"item\":\"https:\\\/\\\/conexmetals.com\\\/pt-br\\\/lar\\\/\"},{\"@type\":\"ListItem\",\"position\":2,\"name\":\"Products\",\"item\":\"https:\\\/\\\/conexmetals.com\\\/products\\\/\"},{\"@type\":\"ListItem\",\"position\":3,\"name\":\"Tabela de Se\u00e7\u00e3o da Prensa-Cabo de Lat\u00e3o\"}]},{\"@type\":\"WebSite\",\"@id\":\"https:\\\/\\\/conexmetals.com\\\/pt-br\\\/#website\",\"url\":\"https:\\\/\\\/conexmetals.com\\\/pt-br\\\/\",\"name\":\"Conex Metals Brass Fittings Brass Parts Copper Parts Brass Components Brass Plumbing Fittings India\",\"description\":\"Manufacturer of Bronze Fittings casting Copper Brass parts components\",\"publisher\":{\"@id\":\"https:\\\/\\\/conexmetals.com\\\/pt-br\\\/#organization\"},\"potentialAction\":[{\"@type\":\"SearchAction\",\"target\":{\"@type\":\"EntryPoint\",\"urlTemplate\":\"https:\\\/\\\/conexmetals.com\\\/pt-br\\\/?s={search_term_string}\"},\"query-input\":{\"@type\":\"PropertyValueSpecification\",\"valueRequired\":true,\"valueName\":\"search_term_string\"}}],\"inLanguage\":\"pt-BR\"},{\"@type\":\"Organization\",\"@id\":\"https:\\\/\\\/conexmetals.com\\\/pt-br\\\/#organization\",\"name\":\"Conex Metals Brass Fittings Brass Parts Copper Parts Brass Components Brass Plumbing Fittings India\",\"url\":\"https:\\\/\\\/conexmetals.com\\\/pt-br\\\/\",\"logo\":{\"@type\":\"ImageObject\",\"inLanguage\":\"pt-BR\",\"@id\":\"https:\\\/\\\/conexmetals.com\\\/pt-br\\\/#\\\/schema\\\/logo\\\/image\\\/\",\"url\":\"https:\\\/\\\/conexmetals.com\\\/wp-content\\\/uploads\\\/2024\\\/03\\\/conex-metals-logo.webp\",\"contentUrl\":\"https:\\\/\\\/conexmetals.com\\\/wp-content\\\/uploads\\\/2024\\\/03\\\/conex-metals-logo.webp\",\"width\":300,\"height\":121,\"caption\":\"Conex Metals Brass Fittings Brass Parts Copper Parts Brass Components Brass Plumbing Fittings India\"},\"image\":{\"@id\":\"https:\\\/\\\/conexmetals.com\\\/pt-br\\\/#\\\/schema\\\/logo\\\/image\\\/\"},\"sameAs\":[\"https:\\\/\\\/www.facebook.com\\\/conexbrass\",\"https:\\\/\\\/x.com\\\/conexindia\",\"https:\\\/\\\/www.linkedin.com\\\/company\\\/conex-metals-india\\\/\",\"https:\\\/\\\/www.instagram.com\\\/conexindia\\\/\"]}]}<\/script>\n<!-- \/ Yoast SEO plugin. -->","yoast_head_json":{"title":"Tabela de Se\u00e7\u00e3o da Prensa-Cabo de Lat\u00e3o","description":"Conex Metals oferece uma Tabela de Se\u00e7\u00e3o da Prensa-Cabo de Lat\u00e3o completa, Prensa-Cabos, Prensa-Cabos \u00e0 Prova d'\u00c1gua, diversos Tipos de Prensa-Cabos e Prensa-Cabos de Lat\u00e3o, como um respeit\u00e1vel fabricante, exportador e fornecedor na \u00cdndia.","robots":{"index":"index","follow":"follow","max-snippet":"max-snippet:-1","max-image-preview":"max-image-preview:large","max-video-preview":"max-video-preview:-1"},"canonical":"https:\/\/conexmetals.com\/pt-br\/produto\/tabela-de-secao-da-prensa-cabo-de-latao\/","schema":{"@context":"https:\/\/schema.org","@graph":[{"@type":"WebPage","@id":"https:\/\/conexmetals.com\/pt-br\/produto\/tabela-de-secao-da-prensa-cabo-de-latao\/","url":"https:\/\/conexmetals.com\/pt-br\/produto\/tabela-de-secao-da-prensa-cabo-de-latao\/","name":"Tabela de Se\u00e7\u00e3o da Prensa-Cabo de Lat\u00e3o","isPartOf":{"@id":"https:\/\/conexmetals.com\/pt-br\/#website"},"primaryImageOfPage":{"@id":"https:\/\/conexmetals.com\/pt-br\/produto\/tabela-de-secao-da-prensa-cabo-de-latao\/#primaryimage"},"image":{"@id":"https:\/\/conexmetals.com\/pt-br\/produto\/tabela-de-secao-da-prensa-cabo-de-latao\/#primaryimage"},"thumbnailUrl":"https:\/\/conexmetals.com\/wp-content\/uploads\/2025\/01\/Tabela-de-Secao-da-Prensa-Cabo-de-Latao.webp","datePublished":"2023-08-18T07:30:24+00:00","dateModified":"2025-01-22T10:49:34+00:00","description":"Conex Metals oferece uma Tabela de Se\u00e7\u00e3o da Prensa-Cabo de Lat\u00e3o completa, Prensa-Cabos, Prensa-Cabos \u00e0 Prova d'\u00c1gua, diversos Tipos de Prensa-Cabos e Prensa-Cabos de Lat\u00e3o, como um respeit\u00e1vel fabricante, exportador e fornecedor na \u00cdndia.","breadcrumb":{"@id":"https:\/\/conexmetals.com\/pt-br\/produto\/tabela-de-secao-da-prensa-cabo-de-latao\/#breadcrumb"},"inLanguage":"pt-BR","potentialAction":[{"@type":"ReadAction","target":["https:\/\/conexmetals.com\/pt-br\/produto\/tabela-de-secao-da-prensa-cabo-de-latao\/"]}]},{"@type":"ImageObject","inLanguage":"pt-BR","@id":"https:\/\/conexmetals.com\/pt-br\/produto\/tabela-de-secao-da-prensa-cabo-de-latao\/#primaryimage","url":"https:\/\/conexmetals.com\/wp-content\/uploads\/2025\/01\/Tabela-de-Secao-da-Prensa-Cabo-de-Latao.webp","contentUrl":"https:\/\/conexmetals.com\/wp-content\/uploads\/2025\/01\/Tabela-de-Secao-da-Prensa-Cabo-de-Latao.webp","width":350,"height":350,"caption":"Tabela de Se\u00e7\u00e3o da Prensa-Cabo de Lat\u00e3o"},{"@type":"BreadcrumbList","@id":"https:\/\/conexmetals.com\/pt-br\/produto\/tabela-de-secao-da-prensa-cabo-de-latao\/#breadcrumb","itemListElement":[{"@type":"ListItem","position":1,"name":"Home","item":"https:\/\/conexmetals.com\/pt-br\/lar\/"},{"@type":"ListItem","position":2,"name":"Products","item":"https:\/\/conexmetals.com\/products\/"},{"@type":"ListItem","position":3,"name":"Tabela de Se\u00e7\u00e3o da Prensa-Cabo de Lat\u00e3o"}]},{"@type":"WebSite","@id":"https:\/\/conexmetals.com\/pt-br\/#website","url":"https:\/\/conexmetals.com\/pt-br\/","name":"Conex Metals Brass Fittings Brass Parts Copper Parts Brass Components Brass Plumbing Fittings India","description":"Manufacturer of Bronze Fittings casting Copper Brass parts components","publisher":{"@id":"https:\/\/conexmetals.com\/pt-br\/#organization"},"potentialAction":[{"@type":"SearchAction","target":{"@type":"EntryPoint","urlTemplate":"https:\/\/conexmetals.com\/pt-br\/?s={search_term_string}"},"query-input":{"@type":"PropertyValueSpecification","valueRequired":true,"valueName":"search_term_string"}}],"inLanguage":"pt-BR"},{"@type":"Organization","@id":"https:\/\/conexmetals.com\/pt-br\/#organization","name":"Conex Metals Brass Fittings Brass Parts Copper Parts Brass Components Brass Plumbing Fittings India","url":"https:\/\/conexmetals.com\/pt-br\/","logo":{"@type":"ImageObject","inLanguage":"pt-BR","@id":"https:\/\/conexmetals.com\/pt-br\/#\/schema\/logo\/image\/","url":"https:\/\/conexmetals.com\/wp-content\/uploads\/2024\/03\/conex-metals-logo.webp","contentUrl":"https:\/\/conexmetals.com\/wp-content\/uploads\/2024\/03\/conex-metals-logo.webp","width":300,"height":121,"caption":"Conex Metals Brass Fittings Brass Parts Copper Parts Brass Components Brass Plumbing Fittings India"},"image":{"@id":"https:\/\/conexmetals.com\/pt-br\/#\/schema\/logo\/image\/"},"sameAs":["https:\/\/www.facebook.com\/conexbrass","https:\/\/x.com\/conexindia","https:\/\/www.linkedin.com\/company\/conex-metals-india\/","https:\/\/www.instagram.com\/conexindia\/"]}]}},"_links":{"self":[{"href":"https:\/\/conexmetals.com\/pt-br\/wp-json\/wp\/v2\/product\/13403","targetHints":{"allow":["GET"]}}],"collection":[{"href":"https:\/\/conexmetals.com\/pt-br\/wp-json\/wp\/v2\/product"}],"about":[{"href":"https:\/\/conexmetals.com\/pt-br\/wp-json\/wp\/v2\/types\/product"}],"wp:featuredmedia":[{"embeddable":true,"href":"https:\/\/conexmetals.com\/pt-br\/wp-json\/wp\/v2\/media\/13214"}],"wp:attachment":[{"href":"https:\/\/conexmetals.com\/pt-br\/wp-json\/wp\/v2\/media?parent=13403"}],"wp:term":[{"taxonomy":"product_brand","embeddable":true,"href":"https:\/\/conexmetals.com\/pt-br\/wp-json\/wp\/v2\/product_brand?post=13403"},{"taxonomy":"product_cat","embeddable":true,"href":"https:\/\/conexmetals.com\/pt-br\/wp-json\/wp\/v2\/product_cat?post=13403"},{"taxonomy":"product_tag","embeddable":true,"href":"https:\/\/conexmetals.com\/pt-br\/wp-json\/wp\/v2\/product_tag?post=13403"}],"curies":[{"name":"wp","href":"https:\/\/api.w.org\/{rel}","templated":true}]}}