{"id":13408,"date":"2023-08-18T12:54:51","date_gmt":"2023-08-18T07:24:51","guid":{"rendered":"https:\/\/conexmetals.com\/?post_type=product&#038;p=13408"},"modified":"2025-01-22T16:17:57","modified_gmt":"2025-01-22T10:47:57","slug":"prensa-cabos-industriais-a1a2","status":"publish","type":"product","link":"https:\/\/conexmetals.com\/pt-br\/produto\/prensa-cabos-industriais-a1a2\/","title":{"rendered":"Prensa-Cabos Industriais A1A2"},"content":{"rendered":"","protected":false},"excerpt":{"rendered":"<p><img decoding=\"async\" class=\"alignnone size-medium wp-image-13007\" src=\"https:\/\/conexmetals.com\/wp-content\/uploads\/2023\/08\/A1A2-Industrial-Cable-Glands-line-Drawing-300x120.png\" alt=\"A1A2 Industrial Cable Glands line Drawing\" width=\"300\" height=\"120\" srcset=\"https:\/\/conexmetals.com\/wp-content\/uploads\/2023\/08\/A1A2-Industrial-Cable-Glands-line-Drawing-300x120.png 300w, https:\/\/conexmetals.com\/wp-content\/uploads\/2023\/08\/A1A2-Industrial-Cable-Glands-line-Drawing.png 528w\" sizes=\"(max-width: 300px) 100vw, 300px\" \/><\/p>\n<table id=\"tablepress-409\" class=\"tablepress tablepress-id-409\">\n<thead>\n<tr class=\"row-1 odd\">\n<th class=\"column-1\" colspan=\"8\"><strong>Ficha T\u00e9cnica<\/strong><\/th>\n<\/tr>\n<\/thead>\n<tbody class=\"row-hover\">\n<tr class=\"row-2 even\">\n<td class=\"column-1\" rowspan=\"3\"><strong>Tipo de prensa-cabo<\/strong><\/td>\n<td class=\"column-2\" colspan=\"2\" rowspan=\"2\"><strong>Di\u00e2metro m\u00e1ximo geral do cabo (B)<\/strong><\/td>\n<td class=\"column-4\" colspan=\"5\"><strong>Dimens\u00f5es da gl\u00e2ndula<\/strong><\/td>\n<\/tr>\n<tr class=\"row-3 odd\">\n<td class=\"column-4\" colspan=\"2\"><strong>T\u00f3pico de entrada ISO<\/strong><\/td>\n<td class=\"column-6\" rowspan=\"2\"><strong>Comprimento aproximado do ombro (F)<\/strong><\/td>\n<td class=\"column-7\" colspan=\"2\"><strong>Tamanho do hex\u00e1gono<\/strong><\/td>\n<\/tr>\n<tr class=\"row-4 even\">\n<td class=\"column-2\"><strong>Di\u00e2m. m\u00edn. (mm)<\/strong><\/td>\n<td class=\"column-3\"><strong>Di\u00e2metro m\u00e1x. (mm) ID do cone<\/strong><\/td>\n<td class=\"column-4\"><strong>Di\u00e2metro da rosca de entrada ISO (D)<\/strong><\/td>\n<td class=\"column-5\"><strong>Comprimento da rosca de entrada ISO (E)<\/strong><\/td>\n<td class=\"column-7\"><strong>Atrav\u00e9s do plano (G mm)<\/strong><\/td>\n<td class=\"column-8\"><strong>Atrav\u00e9s do canto (H mm)<\/strong><\/td>\n<\/tr>\n<tr class=\"row-5 odd\">\n<td class=\"column-1\">A1A2-16S<\/td>\n<td class=\"column-2\">3.5<\/td>\n<td class=\"column-3\">6.5<\/td>\n<td class=\"column-4\">16<\/td>\n<td class=\"column-5\">10<\/td>\n<td class=\"column-6\">20<\/td>\n<td class=\"column-7\">22<\/td>\n<td class=\"column-8\">24,5<\/td>\n<\/tr>\n<tr class=\"row-6 even\">\n<td class=\"column-1\">A1A2-16L<\/td>\n<td class=\"column-2\">4<\/td>\n<td class=\"column-3\">8<\/td>\n<td class=\"column-4\">16<\/td>\n<td class=\"column-5\">10<\/td>\n<td class=\"column-6\">20<\/td>\n<td class=\"column-7\">22<\/td>\n<td class=\"column-8\">24,5<\/td>\n<\/tr>\n<tr class=\"row-7 odd\">\n<td class=\"column-1\">A1A2-20S<\/td>\n<td class=\"column-2\">8,5<\/td>\n<td class=\"column-3\">12<\/td>\n<td class=\"column-4\">20<\/td>\n<td class=\"column-5\">15<\/td>\n<td class=\"column-6\">22<\/td>\n<td class=\"column-7\">24<\/td>\n<td class=\"column-8\">26<\/td>\n<\/tr>\n<tr class=\"row-8 even\">\n<td class=\"column-1\">A1A2-20L<\/td>\n<td class=\"column-2\">8<\/td>\n<td class=\"column-3\">13<\/td>\n<td class=\"column-4\">20<\/td>\n<td class=\"column-5\">15<\/td>\n<td class=\"column-6\">22<\/td>\n<td class=\"column-7\">26<\/td>\n<td class=\"column-8\">29<\/td>\n<\/tr>\n<tr class=\"row-9 odd\">\n<td class=\"column-1\">A1A2-25S<\/td>\n<td class=\"column-2\">9<\/td>\n<td class=\"column-3\">17,5<\/td>\n<td class=\"column-4\">25<\/td>\n<td class=\"column-5\">15<\/td>\n<td class=\"column-6\">25<\/td>\n<td class=\"column-7\">30<\/td>\n<td class=\"column-8\">33<\/td>\n<\/tr>\n<tr class=\"row-10 even\">\n<td class=\"column-1\">A1A2-25L<\/td>\n<td class=\"column-2\">12<\/td>\n<td class=\"column-3\">21<\/td>\n<td class=\"column-4\">25<\/td>\n<td class=\"column-5\">15<\/td>\n<td class=\"column-6\">26<\/td>\n<td class=\"column-7\">33,5<\/td>\n<td class=\"column-8\">37<\/td>\n<\/tr>\n<tr class=\"row-11 odd\">\n<td class=\"column-1\">A1A2-32S<\/td>\n<td class=\"column-2\">18<\/td>\n<td class=\"column-3\">25<\/td>\n<td class=\"column-4\">32<\/td>\n<td class=\"column-5\">15<\/td>\n<td class=\"column-6\">30<\/td>\n<td class=\"column-7\">41<\/td>\n<td class=\"column-8\">45,5<\/td>\n<\/tr>\n<tr class=\"row-12 even\">\n<td class=\"column-1\">A1A2-32L<\/td>\n<td class=\"column-2\">18,5<\/td>\n<td class=\"column-3\">26.2<\/td>\n<td class=\"column-4\">32<\/td>\n<td class=\"column-5\">15<\/td>\n<td class=\"column-6\">30<\/td>\n<td class=\"column-7\">41<\/td>\n<td class=\"column-8\">45,5<\/td>\n<\/tr>\n<tr class=\"row-13 odd\">\n<td class=\"column-1\">A1A2-40S<\/td>\n<td class=\"column-2\">20<\/td>\n<td class=\"column-3\">31<\/td>\n<td class=\"column-4\">40<\/td>\n<td class=\"column-5\">15<\/td>\n<td class=\"column-6\">31<\/td>\n<td class=\"column-7\">50<\/td>\n<td class=\"column-8\">55,5<\/td>\n<\/tr>\n<tr class=\"row-14 even\">\n<td class=\"column-1\">A1A2-40L<\/td>\n<td class=\"column-2\">23<\/td>\n<td class=\"column-3\">33<\/td>\n<td class=\"column-4\">40<\/td>\n<td class=\"column-5\">15<\/td>\n<td class=\"column-6\">31<\/td>\n<td class=\"column-7\">50<\/td>\n<td class=\"column-8\">55,5<\/td>\n<\/tr>\n<tr class=\"row-15 odd\">\n<td class=\"column-1\">A1A2-50S<\/td>\n<td class=\"column-2\">31<\/td>\n<td class=\"column-3\">38<\/td>\n<td class=\"column-4\">50<\/td>\n<td class=\"column-5\">15<\/td>\n<td class=\"column-6\">33<\/td>\n<td class=\"column-7\">55<\/td>\n<td class=\"column-8\">60,5<\/td>\n<\/tr>\n<tr class=\"row-16 even\">\n<td class=\"column-1\">A1A2-50L<\/td>\n<td class=\"column-2\">35<\/td>\n<td class=\"column-3\">44.1<\/td>\n<td class=\"column-4\">50<\/td>\n<td class=\"column-5\">15<\/td>\n<td class=\"column-6\">33<\/td>\n<td class=\"column-7\">59,5<\/td>\n<td class=\"column-8\">67<\/td>\n<\/tr>\n<tr class=\"row-17 odd\">\n<td class=\"column-1\">A1A2-63S<\/td>\n<td class=\"column-2\">39<\/td>\n<td class=\"column-3\">49,3<\/td>\n<td class=\"column-4\">63<\/td>\n<td class=\"column-5\">15<\/td>\n<td class=\"column-6\">35<\/td>\n<td class=\"column-7\">70<\/td>\n<td class=\"column-8\">77<\/td>\n<\/tr>\n<tr class=\"row-18 even\">\n<td class=\"column-1\">A1A2-63L<\/td>\n<td class=\"column-2\">46<\/td>\n<td class=\"column-3\">53,5<\/td>\n<td class=\"column-4\">63<\/td>\n<td class=\"column-5\">15<\/td>\n<td class=\"column-6\">35<\/td>\n<td class=\"column-7\">74<\/td>\n<td class=\"column-8\">80<\/td>\n<\/tr>\n<tr class=\"row-19 odd\">\n<td class=\"column-1\">A1A2-75S<\/td>\n<td class=\"column-2\">53<\/td>\n<td class=\"column-3\">61,5<\/td>\n<td class=\"column-4\">75<\/td>\n<td class=\"column-5\">15<\/td>\n<td class=\"column-6\">35<\/td>\n<td class=\"column-7\">82<\/td>\n<td class=\"column-8\">90,5<\/td>\n<\/tr>\n<tr class=\"row-20 even\">\n<td class=\"column-1\">A1A2-75L<\/td>\n<td class=\"column-2\">60<\/td>\n<td class=\"column-3\">67,4<\/td>\n<td class=\"column-4\">75<\/td>\n<td class=\"column-5\">15<\/td>\n<td class=\"column-6\">40<\/td>\n<td class=\"column-7\">84<\/td>\n<td class=\"column-8\">94<\/td>\n<\/tr>\n<tr class=\"row-21 odd\">\n<td class=\"column-1\">A1A2-90S<\/td>\n<td class=\"column-2\">64<\/td>\n<td class=\"column-3\">72,8<\/td>\n<td class=\"column-4\">90<\/td>\n<td class=\"column-5\">20<\/td>\n<td class=\"column-6\">50<\/td>\n<td class=\"column-7\">101<\/td>\n<td class=\"column-8\">114<\/td>\n<\/tr>\n<tr class=\"row-22 even\">\n<td class=\"column-1\">A1A2-90L<\/td>\n<td class=\"column-2\">68<\/td>\n<td class=\"column-3\">78<\/td>\n<td class=\"column-4\">90<\/td>\n<td class=\"column-5\">20<\/td>\n<td class=\"column-6\">50<\/td>\n<td class=\"column-7\">101<\/td>\n<td class=\"column-8\">114<\/td>\n<\/tr>\n<\/tbody>\n<\/table>\n<p><strong>Tamanhos de Gland<\/strong>\u00a0: Dispon\u00edveis em tamanhos que variam de 16 mm a 90 mm.<br \/>\n<strong>Aplica\u00e7\u00f5es<\/strong>\u00a0: Adequado para instala\u00e7\u00f5es internas e externas, oferecendo uma veda\u00e7\u00e3o segura na capa externa do cabo e garantindo reten\u00e7\u00e3o mec\u00e2nica.<br \/>\n<strong>Prote\u00e7\u00e3o de entrada<\/strong>\u00a0: Classifica\u00e7\u00e3o IP66 para prote\u00e7\u00e3o contra poeira e \u00e1gua.<br \/>\n<strong>Material<\/strong>\u00a0: Constru\u00eddo em lat\u00e3o de alta qualidade (CuZn 39Pb3\/IS 319). A\u00e7o inoxid\u00e1vel ou alum\u00ednio<br \/>\n<strong>Temperatura de opera\u00e7\u00e3o<\/strong>\u00a0:<\/p>\n<ul>\n<li><strong>Arruela de borracha<\/strong>\u00a0:\n<ul>\n<li>Natural: -5\u00b0C a +60\u00b0C<\/li>\n<li>Neoprene: -5\u00b0C a +90\u00b0C<\/li>\n<li>Silicone: -10\u00b0C a +175\u00b0C<\/li>\n<\/ul>\n<\/li>\n<\/ul>\n<p><strong>Acabamento<\/strong>\u00a0: Dispon\u00edvel em lat\u00e3o natural ou acabamento niquelado.<br \/>\n<strong>Tipos de cabos compat\u00edveis<\/strong>\u00a0: Projetado para cabos n\u00e3o blindados.<br \/>\n<strong>Acess\u00f3rios<\/strong>\u00a0: Inclui porca de trava, etiqueta de aterramento, prote\u00e7\u00f5es, arruela serrilhada e adaptador\/redutor para maior conveni\u00eancia.<\/p>\n","protected":false},"featured_media":13199,"template":"","meta":[],"product_brand":[],"product_cat":[365],"product_tag":[],"class_list":{"0":"post-13408","1":"product","2":"type-product","3":"status-publish","4":"has-post-thumbnail","6":"product_cat-prensa-cabos","8":"first","9":"instock","10":"shipping-taxable","11":"product-type-simple"},"yoast_head":"<!-- This site is optimized with the Yoast SEO plugin v27.3 - https:\/\/yoast.com\/product\/yoast-seo-wordpress\/ -->\n<title>Prensa-Cabos Industriais A1A2<\/title>\n<meta name=\"description\" content=\"Conex Metals fornece Prensa-Cabos Industriais A1A2, incluindo Prensa-Cabos de Dupla Compress\u00e3o, Prensa-Cabos de 16mm e v\u00e1rios tipos de Prensa-Cabos El\u00e9tricos. Como fabricante, exportador e fornecedor confi\u00e1vel na \u00cdndia, a Conex Metals entrega Prensa-Cabos Industriais A1 A2 e Prensa-Cabos de Lat\u00e3o de alta qualidade\" \/>\n<meta name=\"robots\" content=\"index, follow, max-snippet:-1, max-image-preview:large, max-video-preview:-1\" \/>\n<link rel=\"canonical\" href=\"https:\/\/conexmetals.com\/pt-br\/produto\/prensa-cabos-industriais-a1a2\/\" \/>\n<script type=\"application\/ld+json\" class=\"yoast-schema-graph\">{\"@context\":\"https:\\\/\\\/schema.org\",\"@graph\":[{\"@type\":\"WebPage\",\"@id\":\"https:\\\/\\\/conexmetals.com\\\/pt-br\\\/produto\\\/prensa-cabos-industriais-a1a2\\\/\",\"url\":\"https:\\\/\\\/conexmetals.com\\\/pt-br\\\/produto\\\/prensa-cabos-industriais-a1a2\\\/\",\"name\":\"Prensa-Cabos Industriais A1A2\",\"isPartOf\":{\"@id\":\"https:\\\/\\\/conexmetals.com\\\/pt-br\\\/#website\"},\"primaryImageOfPage\":{\"@id\":\"https:\\\/\\\/conexmetals.com\\\/pt-br\\\/produto\\\/prensa-cabos-industriais-a1a2\\\/#primaryimage\"},\"image\":{\"@id\":\"https:\\\/\\\/conexmetals.com\\\/pt-br\\\/produto\\\/prensa-cabos-industriais-a1a2\\\/#primaryimage\"},\"thumbnailUrl\":\"https:\\\/\\\/conexmetals.com\\\/wp-content\\\/uploads\\\/2025\\\/01\\\/Prensa-Cabos-Industriais-A1A2.webp\",\"datePublished\":\"2023-08-18T07:24:51+00:00\",\"dateModified\":\"2025-01-22T10:47:57+00:00\",\"description\":\"Conex Metals fornece Prensa-Cabos Industriais A1A2, incluindo Prensa-Cabos de Dupla Compress\u00e3o, Prensa-Cabos de 16mm e v\u00e1rios tipos de Prensa-Cabos El\u00e9tricos. Como fabricante, exportador e fornecedor confi\u00e1vel na \u00cdndia, a Conex Metals entrega Prensa-Cabos Industriais A1 A2 e Prensa-Cabos de Lat\u00e3o de alta qualidade\",\"breadcrumb\":{\"@id\":\"https:\\\/\\\/conexmetals.com\\\/pt-br\\\/produto\\\/prensa-cabos-industriais-a1a2\\\/#breadcrumb\"},\"inLanguage\":\"pt-BR\",\"potentialAction\":[{\"@type\":\"ReadAction\",\"target\":[\"https:\\\/\\\/conexmetals.com\\\/pt-br\\\/produto\\\/prensa-cabos-industriais-a1a2\\\/\"]}]},{\"@type\":\"ImageObject\",\"inLanguage\":\"pt-BR\",\"@id\":\"https:\\\/\\\/conexmetals.com\\\/pt-br\\\/produto\\\/prensa-cabos-industriais-a1a2\\\/#primaryimage\",\"url\":\"https:\\\/\\\/conexmetals.com\\\/wp-content\\\/uploads\\\/2025\\\/01\\\/Prensa-Cabos-Industriais-A1A2.webp\",\"contentUrl\":\"https:\\\/\\\/conexmetals.com\\\/wp-content\\\/uploads\\\/2025\\\/01\\\/Prensa-Cabos-Industriais-A1A2.webp\",\"width\":350,\"height\":350,\"caption\":\"Prensa-Cabos Industriais A1A2.\"},{\"@type\":\"BreadcrumbList\",\"@id\":\"https:\\\/\\\/conexmetals.com\\\/pt-br\\\/produto\\\/prensa-cabos-industriais-a1a2\\\/#breadcrumb\",\"itemListElement\":[{\"@type\":\"ListItem\",\"position\":1,\"name\":\"Home\",\"item\":\"https:\\\/\\\/conexmetals.com\\\/pt-br\\\/lar\\\/\"},{\"@type\":\"ListItem\",\"position\":2,\"name\":\"Products\",\"item\":\"https:\\\/\\\/conexmetals.com\\\/products\\\/\"},{\"@type\":\"ListItem\",\"position\":3,\"name\":\"Prensa-Cabos Industriais A1A2\"}]},{\"@type\":\"WebSite\",\"@id\":\"https:\\\/\\\/conexmetals.com\\\/pt-br\\\/#website\",\"url\":\"https:\\\/\\\/conexmetals.com\\\/pt-br\\\/\",\"name\":\"Conex Metals Brass Fittings Brass Parts Copper Parts Brass Components Brass Plumbing Fittings India\",\"description\":\"Manufacturer of Bronze Fittings casting Copper Brass parts components\",\"publisher\":{\"@id\":\"https:\\\/\\\/conexmetals.com\\\/pt-br\\\/#organization\"},\"potentialAction\":[{\"@type\":\"SearchAction\",\"target\":{\"@type\":\"EntryPoint\",\"urlTemplate\":\"https:\\\/\\\/conexmetals.com\\\/pt-br\\\/?s={search_term_string}\"},\"query-input\":{\"@type\":\"PropertyValueSpecification\",\"valueRequired\":true,\"valueName\":\"search_term_string\"}}],\"inLanguage\":\"pt-BR\"},{\"@type\":\"Organization\",\"@id\":\"https:\\\/\\\/conexmetals.com\\\/pt-br\\\/#organization\",\"name\":\"Conex Metals Brass Fittings Brass Parts Copper Parts Brass Components Brass Plumbing Fittings India\",\"url\":\"https:\\\/\\\/conexmetals.com\\\/pt-br\\\/\",\"logo\":{\"@type\":\"ImageObject\",\"inLanguage\":\"pt-BR\",\"@id\":\"https:\\\/\\\/conexmetals.com\\\/pt-br\\\/#\\\/schema\\\/logo\\\/image\\\/\",\"url\":\"https:\\\/\\\/conexmetals.com\\\/wp-content\\\/uploads\\\/2024\\\/03\\\/conex-metals-logo.webp\",\"contentUrl\":\"https:\\\/\\\/conexmetals.com\\\/wp-content\\\/uploads\\\/2024\\\/03\\\/conex-metals-logo.webp\",\"width\":300,\"height\":121,\"caption\":\"Conex Metals Brass Fittings Brass Parts Copper Parts Brass Components Brass Plumbing Fittings India\"},\"image\":{\"@id\":\"https:\\\/\\\/conexmetals.com\\\/pt-br\\\/#\\\/schema\\\/logo\\\/image\\\/\"},\"sameAs\":[\"https:\\\/\\\/www.facebook.com\\\/conexbrass\",\"https:\\\/\\\/x.com\\\/conexindia\",\"https:\\\/\\\/www.linkedin.com\\\/company\\\/conex-metals-india\\\/\",\"https:\\\/\\\/www.instagram.com\\\/conexindia\\\/\"]}]}<\/script>\n<!-- \/ Yoast SEO plugin. -->","yoast_head_json":{"title":"Prensa-Cabos Industriais A1A2","description":"Conex Metals fornece Prensa-Cabos Industriais A1A2, incluindo Prensa-Cabos de Dupla Compress\u00e3o, Prensa-Cabos de 16mm e v\u00e1rios tipos de Prensa-Cabos El\u00e9tricos. Como fabricante, exportador e fornecedor confi\u00e1vel na \u00cdndia, a Conex Metals entrega Prensa-Cabos Industriais A1 A2 e Prensa-Cabos de Lat\u00e3o de alta qualidade","robots":{"index":"index","follow":"follow","max-snippet":"max-snippet:-1","max-image-preview":"max-image-preview:large","max-video-preview":"max-video-preview:-1"},"canonical":"https:\/\/conexmetals.com\/pt-br\/produto\/prensa-cabos-industriais-a1a2\/","schema":{"@context":"https:\/\/schema.org","@graph":[{"@type":"WebPage","@id":"https:\/\/conexmetals.com\/pt-br\/produto\/prensa-cabos-industriais-a1a2\/","url":"https:\/\/conexmetals.com\/pt-br\/produto\/prensa-cabos-industriais-a1a2\/","name":"Prensa-Cabos Industriais A1A2","isPartOf":{"@id":"https:\/\/conexmetals.com\/pt-br\/#website"},"primaryImageOfPage":{"@id":"https:\/\/conexmetals.com\/pt-br\/produto\/prensa-cabos-industriais-a1a2\/#primaryimage"},"image":{"@id":"https:\/\/conexmetals.com\/pt-br\/produto\/prensa-cabos-industriais-a1a2\/#primaryimage"},"thumbnailUrl":"https:\/\/conexmetals.com\/wp-content\/uploads\/2025\/01\/Prensa-Cabos-Industriais-A1A2.webp","datePublished":"2023-08-18T07:24:51+00:00","dateModified":"2025-01-22T10:47:57+00:00","description":"Conex Metals fornece Prensa-Cabos Industriais A1A2, incluindo Prensa-Cabos de Dupla Compress\u00e3o, Prensa-Cabos de 16mm e v\u00e1rios tipos de Prensa-Cabos El\u00e9tricos. Como fabricante, exportador e fornecedor confi\u00e1vel na \u00cdndia, a Conex Metals entrega Prensa-Cabos Industriais A1 A2 e Prensa-Cabos de Lat\u00e3o de alta qualidade","breadcrumb":{"@id":"https:\/\/conexmetals.com\/pt-br\/produto\/prensa-cabos-industriais-a1a2\/#breadcrumb"},"inLanguage":"pt-BR","potentialAction":[{"@type":"ReadAction","target":["https:\/\/conexmetals.com\/pt-br\/produto\/prensa-cabos-industriais-a1a2\/"]}]},{"@type":"ImageObject","inLanguage":"pt-BR","@id":"https:\/\/conexmetals.com\/pt-br\/produto\/prensa-cabos-industriais-a1a2\/#primaryimage","url":"https:\/\/conexmetals.com\/wp-content\/uploads\/2025\/01\/Prensa-Cabos-Industriais-A1A2.webp","contentUrl":"https:\/\/conexmetals.com\/wp-content\/uploads\/2025\/01\/Prensa-Cabos-Industriais-A1A2.webp","width":350,"height":350,"caption":"Prensa-Cabos Industriais A1A2."},{"@type":"BreadcrumbList","@id":"https:\/\/conexmetals.com\/pt-br\/produto\/prensa-cabos-industriais-a1a2\/#breadcrumb","itemListElement":[{"@type":"ListItem","position":1,"name":"Home","item":"https:\/\/conexmetals.com\/pt-br\/lar\/"},{"@type":"ListItem","position":2,"name":"Products","item":"https:\/\/conexmetals.com\/products\/"},{"@type":"ListItem","position":3,"name":"Prensa-Cabos Industriais A1A2"}]},{"@type":"WebSite","@id":"https:\/\/conexmetals.com\/pt-br\/#website","url":"https:\/\/conexmetals.com\/pt-br\/","name":"Conex Metals Brass Fittings Brass Parts Copper Parts Brass Components Brass Plumbing Fittings India","description":"Manufacturer of Bronze Fittings casting Copper Brass parts components","publisher":{"@id":"https:\/\/conexmetals.com\/pt-br\/#organization"},"potentialAction":[{"@type":"SearchAction","target":{"@type":"EntryPoint","urlTemplate":"https:\/\/conexmetals.com\/pt-br\/?s={search_term_string}"},"query-input":{"@type":"PropertyValueSpecification","valueRequired":true,"valueName":"search_term_string"}}],"inLanguage":"pt-BR"},{"@type":"Organization","@id":"https:\/\/conexmetals.com\/pt-br\/#organization","name":"Conex Metals Brass Fittings Brass Parts Copper Parts Brass Components Brass Plumbing Fittings India","url":"https:\/\/conexmetals.com\/pt-br\/","logo":{"@type":"ImageObject","inLanguage":"pt-BR","@id":"https:\/\/conexmetals.com\/pt-br\/#\/schema\/logo\/image\/","url":"https:\/\/conexmetals.com\/wp-content\/uploads\/2024\/03\/conex-metals-logo.webp","contentUrl":"https:\/\/conexmetals.com\/wp-content\/uploads\/2024\/03\/conex-metals-logo.webp","width":300,"height":121,"caption":"Conex Metals Brass Fittings Brass Parts Copper Parts Brass Components Brass Plumbing Fittings India"},"image":{"@id":"https:\/\/conexmetals.com\/pt-br\/#\/schema\/logo\/image\/"},"sameAs":["https:\/\/www.facebook.com\/conexbrass","https:\/\/x.com\/conexindia","https:\/\/www.linkedin.com\/company\/conex-metals-india\/","https:\/\/www.instagram.com\/conexindia\/"]}]}},"_links":{"self":[{"href":"https:\/\/conexmetals.com\/pt-br\/wp-json\/wp\/v2\/product\/13408","targetHints":{"allow":["GET"]}}],"collection":[{"href":"https:\/\/conexmetals.com\/pt-br\/wp-json\/wp\/v2\/product"}],"about":[{"href":"https:\/\/conexmetals.com\/pt-br\/wp-json\/wp\/v2\/types\/product"}],"wp:featuredmedia":[{"embeddable":true,"href":"https:\/\/conexmetals.com\/pt-br\/wp-json\/wp\/v2\/media\/13199"}],"wp:attachment":[{"href":"https:\/\/conexmetals.com\/pt-br\/wp-json\/wp\/v2\/media?parent=13408"}],"wp:term":[{"taxonomy":"product_brand","embeddable":true,"href":"https:\/\/conexmetals.com\/pt-br\/wp-json\/wp\/v2\/product_brand?post=13408"},{"taxonomy":"product_cat","embeddable":true,"href":"https:\/\/conexmetals.com\/pt-br\/wp-json\/wp\/v2\/product_cat?post=13408"},{"taxonomy":"product_tag","embeddable":true,"href":"https:\/\/conexmetals.com\/pt-br\/wp-json\/wp\/v2\/product_tag?post=13408"}],"curies":[{"name":"wp","href":"https:\/\/api.w.org\/{rel}","templated":true}]}}