{"id":13413,"date":"2023-08-18T12:53:51","date_gmt":"2023-08-18T07:23:51","guid":{"rendered":"https:\/\/conexmetals.com\/?post_type=product&#038;p=13413"},"modified":"2025-01-22T16:16:28","modified_gmt":"2025-01-22T10:46:28","slug":"prensa-cabos-de-latao-tipo-alco","status":"publish","type":"product","link":"https:\/\/conexmetals.com\/pt-br\/produto\/prensa-cabos-de-latao-tipo-alco\/","title":{"rendered":"Prensa-Cabos de Lat\u00e3o Tipo ALCO"},"content":{"rendered":"","protected":false},"excerpt":{"rendered":"<p><img decoding=\"async\" class=\"alignnone size-medium wp-image-13014\" src=\"https:\/\/conexmetals.com\/wp-content\/uploads\/2023\/08\/Alco-Type-Cable-Glands-line-drawing-300x164.png\" alt=\"Alco Type Cable Glands line drawing\" width=\"300\" height=\"164\" srcset=\"https:\/\/conexmetals.com\/wp-content\/uploads\/2023\/08\/Alco-Type-Cable-Glands-line-drawing-300x164.png 300w, https:\/\/conexmetals.com\/wp-content\/uploads\/2023\/08\/Alco-Type-Cable-Glands-line-drawing.png 598w\" sizes=\"(max-width: 300px) 100vw, 300px\" \/><\/p>\n<table id=\"tablepress-410\" class=\"tablepress tablepress-id-410\">\n<thead>\n<tr class=\"row-1 odd\">\n<th class=\"column-1\" colspan=\"5\"><strong>Ficha T\u00e9cnica<\/strong><\/th>\n<\/tr>\n<\/thead>\n<tbody class=\"row-hover\">\n<tr class=\"row-2 even\">\n<td class=\"column-1\" rowspan=\"2\"><strong>Tamanho da gl\u00e2ndula<\/strong><\/td>\n<td class=\"column-2\" rowspan=\"2\"><strong>M\u00e9trica de tamanho de rosca \u2018C\u2019<\/strong><\/td>\n<td class=\"column-3\" rowspan=\"2\"><strong>Comprimento m\u00ednimo da rosca \u2018D\u2019<\/strong><\/td>\n<td class=\"column-4\" colspan=\"2\"><strong>Alcance do cabo<\/strong><\/td>\n<\/tr>\n<tr class=\"row-3 odd\">\n<td class=\"column-4\"><strong>M\u00e1x. \u2018A\u2019<\/strong><\/td>\n<td class=\"column-5\"><strong>M\u00e1x. \u2018B\u2019<\/strong><\/td>\n<\/tr>\n<tr class=\"row-4 even\">\n<td class=\"column-1\">G-204<\/td>\n<td class=\"column-2\">M20<\/td>\n<td class=\"column-3\">9<\/td>\n<td class=\"column-4\">12,5<\/td>\n<td class=\"column-5\">17<\/td>\n<\/tr>\n<tr class=\"row-5 odd\">\n<td class=\"column-1\">G-206<\/td>\n<td class=\"column-2\">M20<\/td>\n<td class=\"column-3\">9<\/td>\n<td class=\"column-4\">14,5<\/td>\n<td class=\"column-5\">20<\/td>\n<\/tr>\n<tr class=\"row-6 even\">\n<td class=\"column-1\">G-254<\/td>\n<td class=\"column-2\">M25<\/td>\n<td class=\"column-3\">9<\/td>\n<td class=\"column-4\">16<\/td>\n<td class=\"column-5\">22<\/td>\n<\/tr>\n<tr class=\"row-7 odd\">\n<td class=\"column-1\">G-256<\/td>\n<td class=\"column-2\">M25<\/td>\n<td class=\"column-3\">10<\/td>\n<td class=\"column-4\">18,5<\/td>\n<td class=\"column-5\">24<\/td>\n<\/tr>\n<tr class=\"row-8 even\">\n<td class=\"column-1\">G-324<\/td>\n<td class=\"column-2\">M32<\/td>\n<td class=\"column-3\">10<\/td>\n<td class=\"column-4\">23,5<\/td>\n<td class=\"column-5\">29,5<\/td>\n<\/tr>\n<tr class=\"row-9 odd\">\n<td class=\"column-1\">G326<\/td>\n<td class=\"column-2\">M32<\/td>\n<td class=\"column-3\">10<\/td>\n<td class=\"column-4\">27,5<\/td>\n<td class=\"column-5\">34<\/td>\n<\/tr>\n<tr class=\"row-10 even\">\n<td class=\"column-1\">G-405<\/td>\n<td class=\"column-2\">M40<\/td>\n<td class=\"column-3\">13<\/td>\n<td class=\"column-4\">33,5<\/td>\n<td class=\"column-5\">41,5<\/td>\n<\/tr>\n<tr class=\"row-11 odd\">\n<td class=\"column-1\">G-503<\/td>\n<td class=\"column-2\">M50<\/td>\n<td class=\"column-3\">13<\/td>\n<td class=\"column-4\">39,5<\/td>\n<td class=\"column-5\">48,5<\/td>\n<\/tr>\n<tr class=\"row-12 even\">\n<td class=\"column-1\">G-505<\/td>\n<td class=\"column-2\">M50<\/td>\n<td class=\"column-3\">13<\/td>\n<td class=\"column-4\">44,5<\/td>\n<td class=\"column-5\">54,5<\/td>\n<\/tr>\n<tr class=\"row-13 odd\">\n<td class=\"column-1\">G-636<\/td>\n<td class=\"column-2\">M63<\/td>\n<td class=\"column-3\">14<\/td>\n<td class=\"column-4\">56<\/td>\n<td class=\"column-5\">66<\/td>\n<\/tr>\n<tr class=\"row-14 even\">\n<td class=\"column-1\">G-753<\/td>\n<td class=\"column-2\">M75<\/td>\n<td class=\"column-3\">15<\/td>\n<td class=\"column-4\">64<\/td>\n<td class=\"column-5\">75,5<\/td>\n<\/tr>\n<tr class=\"row-15 odd\">\n<td class=\"column-1\">G-755<\/td>\n<td class=\"column-2\">M75<\/td>\n<td class=\"column-3\">15<\/td>\n<td class=\"column-4\">68<\/td>\n<td class=\"column-5\">78<\/td>\n<\/tr>\n<\/tbody>\n<\/table>\n<p><strong>Padr\u00e3o<\/strong>\u00a0: Em conformidade com BS 6121.<br \/>\n<strong>Classifica\u00e7\u00e3o de prote\u00e7\u00e3o de entrada (IP)<\/strong>\u00a0: IP30, adequado para ambientes secos.<br \/>\n<strong>Material<\/strong>\u00a0: Lat\u00e3o de alta qualidade (BS 2874 CZ121 Pb3).<br \/>\n<strong>Op\u00e7\u00f5es de acabamento<\/strong>\u00a0: Dispon\u00edvel em lat\u00e3o natural ou acabamento niquelado.<br \/>\n<strong>Aplica\u00e7\u00e3o<\/strong>\u00a0: Projetado para uso interno seco com todos os tipos de cabos SWA.<br \/>\n<strong>Temperatura de opera\u00e7\u00e3o<\/strong>\u00a0: Capaz de suportar temperaturas de -80 \u00b0C a +600 \u00b0C.<br \/>\n<strong>Fun\u00e7\u00e3o<\/strong>\u00a0: Garante reten\u00e7\u00e3o mec\u00e2nica segura do cabo e mant\u00e9m a continuidade el\u00e9trica atrav\u00e9s dos fios blindados.<\/p>\n","protected":false},"featured_media":13209,"template":"","meta":[],"product_brand":[],"product_cat":[365],"product_tag":[],"class_list":{"0":"post-13413","1":"product","2":"type-product","3":"status-publish","4":"has-post-thumbnail","6":"product_cat-prensa-cabos","8":"first","9":"instock","10":"shipping-taxable","11":"product-type-simple"},"yoast_head":"<!-- This site is optimized with the Yoast SEO plugin v27.3 - https:\/\/yoast.com\/product\/yoast-seo-wordpress\/ -->\n<title>Prensa-Cabos de Lat\u00e3o Tipo ALCO<\/title>\n<meta name=\"description\" content=\"Conex Metals \u00e9 especializada em Prensa-Cabos de Lat\u00e3o Tipo ALCO, oferecendo uma linha robusta para aplica\u00e7\u00f5es internas. Nossos Prensa-Cabos de Lat\u00e3o de Jamnagar, \u00cdndia, atendem a diversas necessidades com op\u00e7\u00f5es como Prensa-Cabos SWA, XLPE e M\u00e9tricos, confiados por fabricantes, fornecedores e exportadores em todo o mundo.\" \/>\n<meta name=\"robots\" content=\"index, follow, max-snippet:-1, max-image-preview:large, max-video-preview:-1\" \/>\n<link rel=\"canonical\" href=\"https:\/\/conexmetals.com\/pt-br\/produto\/prensa-cabos-de-latao-tipo-alco\/\" \/>\n<script type=\"application\/ld+json\" class=\"yoast-schema-graph\">{\"@context\":\"https:\\\/\\\/schema.org\",\"@graph\":[{\"@type\":\"WebPage\",\"@id\":\"https:\\\/\\\/conexmetals.com\\\/pt-br\\\/produto\\\/prensa-cabos-de-latao-tipo-alco\\\/\",\"url\":\"https:\\\/\\\/conexmetals.com\\\/pt-br\\\/produto\\\/prensa-cabos-de-latao-tipo-alco\\\/\",\"name\":\"Prensa-Cabos de Lat\u00e3o Tipo ALCO\",\"isPartOf\":{\"@id\":\"https:\\\/\\\/conexmetals.com\\\/pt-br\\\/#website\"},\"primaryImageOfPage\":{\"@id\":\"https:\\\/\\\/conexmetals.com\\\/pt-br\\\/produto\\\/prensa-cabos-de-latao-tipo-alco\\\/#primaryimage\"},\"image\":{\"@id\":\"https:\\\/\\\/conexmetals.com\\\/pt-br\\\/produto\\\/prensa-cabos-de-latao-tipo-alco\\\/#primaryimage\"},\"thumbnailUrl\":\"https:\\\/\\\/conexmetals.com\\\/wp-content\\\/uploads\\\/2025\\\/01\\\/Prensa-Cabos-de-Latao-Tipo-ALCO.webp\",\"datePublished\":\"2023-08-18T07:23:51+00:00\",\"dateModified\":\"2025-01-22T10:46:28+00:00\",\"description\":\"Conex Metals \u00e9 especializada em Prensa-Cabos de Lat\u00e3o Tipo ALCO, oferecendo uma linha robusta para aplica\u00e7\u00f5es internas. Nossos Prensa-Cabos de Lat\u00e3o de Jamnagar, \u00cdndia, atendem a diversas necessidades com op\u00e7\u00f5es como Prensa-Cabos SWA, XLPE e M\u00e9tricos, confiados por fabricantes, fornecedores e exportadores em todo o mundo.\",\"breadcrumb\":{\"@id\":\"https:\\\/\\\/conexmetals.com\\\/pt-br\\\/produto\\\/prensa-cabos-de-latao-tipo-alco\\\/#breadcrumb\"},\"inLanguage\":\"pt-BR\",\"potentialAction\":[{\"@type\":\"ReadAction\",\"target\":[\"https:\\\/\\\/conexmetals.com\\\/pt-br\\\/produto\\\/prensa-cabos-de-latao-tipo-alco\\\/\"]}]},{\"@type\":\"ImageObject\",\"inLanguage\":\"pt-BR\",\"@id\":\"https:\\\/\\\/conexmetals.com\\\/pt-br\\\/produto\\\/prensa-cabos-de-latao-tipo-alco\\\/#primaryimage\",\"url\":\"https:\\\/\\\/conexmetals.com\\\/wp-content\\\/uploads\\\/2025\\\/01\\\/Prensa-Cabos-de-Latao-Tipo-ALCO.webp\",\"contentUrl\":\"https:\\\/\\\/conexmetals.com\\\/wp-content\\\/uploads\\\/2025\\\/01\\\/Prensa-Cabos-de-Latao-Tipo-ALCO.webp\",\"width\":300,\"height\":300,\"caption\":\"Prensa-Cabos de Lat\u00e3o Tipo ALCO\"},{\"@type\":\"BreadcrumbList\",\"@id\":\"https:\\\/\\\/conexmetals.com\\\/pt-br\\\/produto\\\/prensa-cabos-de-latao-tipo-alco\\\/#breadcrumb\",\"itemListElement\":[{\"@type\":\"ListItem\",\"position\":1,\"name\":\"Home\",\"item\":\"https:\\\/\\\/conexmetals.com\\\/pt-br\\\/lar\\\/\"},{\"@type\":\"ListItem\",\"position\":2,\"name\":\"Products\",\"item\":\"https:\\\/\\\/conexmetals.com\\\/products\\\/\"},{\"@type\":\"ListItem\",\"position\":3,\"name\":\"Prensa-Cabos de Lat\u00e3o Tipo ALCO\"}]},{\"@type\":\"WebSite\",\"@id\":\"https:\\\/\\\/conexmetals.com\\\/pt-br\\\/#website\",\"url\":\"https:\\\/\\\/conexmetals.com\\\/pt-br\\\/\",\"name\":\"Conex Metals Brass Fittings Brass Parts Copper Parts Brass Components Brass Plumbing Fittings India\",\"description\":\"Manufacturer of Bronze Fittings casting Copper Brass parts components\",\"publisher\":{\"@id\":\"https:\\\/\\\/conexmetals.com\\\/pt-br\\\/#organization\"},\"potentialAction\":[{\"@type\":\"SearchAction\",\"target\":{\"@type\":\"EntryPoint\",\"urlTemplate\":\"https:\\\/\\\/conexmetals.com\\\/pt-br\\\/?s={search_term_string}\"},\"query-input\":{\"@type\":\"PropertyValueSpecification\",\"valueRequired\":true,\"valueName\":\"search_term_string\"}}],\"inLanguage\":\"pt-BR\"},{\"@type\":\"Organization\",\"@id\":\"https:\\\/\\\/conexmetals.com\\\/pt-br\\\/#organization\",\"name\":\"Conex Metals Brass Fittings Brass Parts Copper Parts Brass Components Brass Plumbing Fittings India\",\"url\":\"https:\\\/\\\/conexmetals.com\\\/pt-br\\\/\",\"logo\":{\"@type\":\"ImageObject\",\"inLanguage\":\"pt-BR\",\"@id\":\"https:\\\/\\\/conexmetals.com\\\/pt-br\\\/#\\\/schema\\\/logo\\\/image\\\/\",\"url\":\"https:\\\/\\\/conexmetals.com\\\/wp-content\\\/uploads\\\/2024\\\/03\\\/conex-metals-logo.webp\",\"contentUrl\":\"https:\\\/\\\/conexmetals.com\\\/wp-content\\\/uploads\\\/2024\\\/03\\\/conex-metals-logo.webp\",\"width\":300,\"height\":121,\"caption\":\"Conex Metals Brass Fittings Brass Parts Copper Parts Brass Components Brass Plumbing Fittings India\"},\"image\":{\"@id\":\"https:\\\/\\\/conexmetals.com\\\/pt-br\\\/#\\\/schema\\\/logo\\\/image\\\/\"},\"sameAs\":[\"https:\\\/\\\/www.facebook.com\\\/conexbrass\",\"https:\\\/\\\/x.com\\\/conexindia\",\"https:\\\/\\\/www.linkedin.com\\\/company\\\/conex-metals-india\\\/\",\"https:\\\/\\\/www.instagram.com\\\/conexindia\\\/\"]}]}<\/script>\n<!-- \/ Yoast SEO plugin. -->","yoast_head_json":{"title":"Prensa-Cabos de Lat\u00e3o Tipo ALCO","description":"Conex Metals \u00e9 especializada em Prensa-Cabos de Lat\u00e3o Tipo ALCO, oferecendo uma linha robusta para aplica\u00e7\u00f5es internas. Nossos Prensa-Cabos de Lat\u00e3o de Jamnagar, \u00cdndia, atendem a diversas necessidades com op\u00e7\u00f5es como Prensa-Cabos SWA, XLPE e M\u00e9tricos, confiados por fabricantes, fornecedores e exportadores em todo o mundo.","robots":{"index":"index","follow":"follow","max-snippet":"max-snippet:-1","max-image-preview":"max-image-preview:large","max-video-preview":"max-video-preview:-1"},"canonical":"https:\/\/conexmetals.com\/pt-br\/produto\/prensa-cabos-de-latao-tipo-alco\/","schema":{"@context":"https:\/\/schema.org","@graph":[{"@type":"WebPage","@id":"https:\/\/conexmetals.com\/pt-br\/produto\/prensa-cabos-de-latao-tipo-alco\/","url":"https:\/\/conexmetals.com\/pt-br\/produto\/prensa-cabos-de-latao-tipo-alco\/","name":"Prensa-Cabos de Lat\u00e3o Tipo ALCO","isPartOf":{"@id":"https:\/\/conexmetals.com\/pt-br\/#website"},"primaryImageOfPage":{"@id":"https:\/\/conexmetals.com\/pt-br\/produto\/prensa-cabos-de-latao-tipo-alco\/#primaryimage"},"image":{"@id":"https:\/\/conexmetals.com\/pt-br\/produto\/prensa-cabos-de-latao-tipo-alco\/#primaryimage"},"thumbnailUrl":"https:\/\/conexmetals.com\/wp-content\/uploads\/2025\/01\/Prensa-Cabos-de-Latao-Tipo-ALCO.webp","datePublished":"2023-08-18T07:23:51+00:00","dateModified":"2025-01-22T10:46:28+00:00","description":"Conex Metals \u00e9 especializada em Prensa-Cabos de Lat\u00e3o Tipo ALCO, oferecendo uma linha robusta para aplica\u00e7\u00f5es internas. Nossos Prensa-Cabos de Lat\u00e3o de Jamnagar, \u00cdndia, atendem a diversas necessidades com op\u00e7\u00f5es como Prensa-Cabos SWA, XLPE e M\u00e9tricos, confiados por fabricantes, fornecedores e exportadores em todo o mundo.","breadcrumb":{"@id":"https:\/\/conexmetals.com\/pt-br\/produto\/prensa-cabos-de-latao-tipo-alco\/#breadcrumb"},"inLanguage":"pt-BR","potentialAction":[{"@type":"ReadAction","target":["https:\/\/conexmetals.com\/pt-br\/produto\/prensa-cabos-de-latao-tipo-alco\/"]}]},{"@type":"ImageObject","inLanguage":"pt-BR","@id":"https:\/\/conexmetals.com\/pt-br\/produto\/prensa-cabos-de-latao-tipo-alco\/#primaryimage","url":"https:\/\/conexmetals.com\/wp-content\/uploads\/2025\/01\/Prensa-Cabos-de-Latao-Tipo-ALCO.webp","contentUrl":"https:\/\/conexmetals.com\/wp-content\/uploads\/2025\/01\/Prensa-Cabos-de-Latao-Tipo-ALCO.webp","width":300,"height":300,"caption":"Prensa-Cabos de Lat\u00e3o Tipo ALCO"},{"@type":"BreadcrumbList","@id":"https:\/\/conexmetals.com\/pt-br\/produto\/prensa-cabos-de-latao-tipo-alco\/#breadcrumb","itemListElement":[{"@type":"ListItem","position":1,"name":"Home","item":"https:\/\/conexmetals.com\/pt-br\/lar\/"},{"@type":"ListItem","position":2,"name":"Products","item":"https:\/\/conexmetals.com\/products\/"},{"@type":"ListItem","position":3,"name":"Prensa-Cabos de Lat\u00e3o Tipo ALCO"}]},{"@type":"WebSite","@id":"https:\/\/conexmetals.com\/pt-br\/#website","url":"https:\/\/conexmetals.com\/pt-br\/","name":"Conex Metals Brass Fittings Brass Parts Copper Parts Brass Components Brass Plumbing Fittings India","description":"Manufacturer of Bronze Fittings casting Copper Brass parts components","publisher":{"@id":"https:\/\/conexmetals.com\/pt-br\/#organization"},"potentialAction":[{"@type":"SearchAction","target":{"@type":"EntryPoint","urlTemplate":"https:\/\/conexmetals.com\/pt-br\/?s={search_term_string}"},"query-input":{"@type":"PropertyValueSpecification","valueRequired":true,"valueName":"search_term_string"}}],"inLanguage":"pt-BR"},{"@type":"Organization","@id":"https:\/\/conexmetals.com\/pt-br\/#organization","name":"Conex Metals Brass Fittings Brass Parts Copper Parts Brass Components Brass Plumbing Fittings India","url":"https:\/\/conexmetals.com\/pt-br\/","logo":{"@type":"ImageObject","inLanguage":"pt-BR","@id":"https:\/\/conexmetals.com\/pt-br\/#\/schema\/logo\/image\/","url":"https:\/\/conexmetals.com\/wp-content\/uploads\/2024\/03\/conex-metals-logo.webp","contentUrl":"https:\/\/conexmetals.com\/wp-content\/uploads\/2024\/03\/conex-metals-logo.webp","width":300,"height":121,"caption":"Conex Metals Brass Fittings Brass Parts Copper Parts Brass Components Brass Plumbing Fittings India"},"image":{"@id":"https:\/\/conexmetals.com\/pt-br\/#\/schema\/logo\/image\/"},"sameAs":["https:\/\/www.facebook.com\/conexbrass","https:\/\/x.com\/conexindia","https:\/\/www.linkedin.com\/company\/conex-metals-india\/","https:\/\/www.instagram.com\/conexindia\/"]}]}},"_links":{"self":[{"href":"https:\/\/conexmetals.com\/pt-br\/wp-json\/wp\/v2\/product\/13413","targetHints":{"allow":["GET"]}}],"collection":[{"href":"https:\/\/conexmetals.com\/pt-br\/wp-json\/wp\/v2\/product"}],"about":[{"href":"https:\/\/conexmetals.com\/pt-br\/wp-json\/wp\/v2\/types\/product"}],"wp:featuredmedia":[{"embeddable":true,"href":"https:\/\/conexmetals.com\/pt-br\/wp-json\/wp\/v2\/media\/13209"}],"wp:attachment":[{"href":"https:\/\/conexmetals.com\/pt-br\/wp-json\/wp\/v2\/media?parent=13413"}],"wp:term":[{"taxonomy":"product_brand","embeddable":true,"href":"https:\/\/conexmetals.com\/pt-br\/wp-json\/wp\/v2\/product_brand?post=13413"},{"taxonomy":"product_cat","embeddable":true,"href":"https:\/\/conexmetals.com\/pt-br\/wp-json\/wp\/v2\/product_cat?post=13413"},{"taxonomy":"product_tag","embeddable":true,"href":"https:\/\/conexmetals.com\/pt-br\/wp-json\/wp\/v2\/product_tag?post=13413"}],"curies":[{"name":"wp","href":"https:\/\/api.w.org\/{rel}","templated":true}]}}