{"id":13417,"date":"2023-08-18T12:52:39","date_gmt":"2023-08-18T07:22:39","guid":{"rendered":"https:\/\/conexmetals.com\/?post_type=product&#038;p=13417"},"modified":"2025-01-22T16:14:56","modified_gmt":"2025-01-22T10:44:56","slug":"prensa-cabos-de-latao-bw-3-partes","status":"publish","type":"product","link":"https:\/\/conexmetals.com\/pt-br\/produto\/prensa-cabos-de-latao-bw-3-partes\/","title":{"rendered":"Prensa-Cabos de Lat\u00e3o BW 3 Partes"},"content":{"rendered":"","protected":false},"excerpt":{"rendered":"<p>&nbsp;<\/p>\n<table id=\"tablepress-411\" class=\"tablepress tablepress-id-411\">\n<thead>\n<tr class=\"row-1 odd\">\n<th class=\"column-1\" colspan=\"7\"><strong>Ficha T\u00e9cnica<\/strong><\/th>\n<\/tr>\n<\/thead>\n<tbody class=\"row-hover\">\n<tr class=\"row-2 even\">\n<td class=\"column-1\"><strong>Tamanho<\/strong><\/td>\n<td class=\"column-2\"><strong>Fio<\/strong><\/td>\n<td class=\"column-3\"><strong>Comprimento<\/strong><\/td>\n<td class=\"column-4\"><strong>UM<\/strong><\/td>\n<td class=\"column-5\"><strong>B<\/strong><\/td>\n<td class=\"column-6\"><strong>A\/F<\/strong><\/td>\n<td class=\"column-7\"><strong>Ar condicionado<\/strong><\/td>\n<\/tr>\n<tr class=\"row-3 odd\">\n<td class=\"column-1\">Anos 20<\/td>\n<td class=\"column-2\">M20<\/td>\n<td class=\"column-3\">10<\/td>\n<td class=\"column-4\">13<\/td>\n<td class=\"column-5\">18<\/td>\n<td class=\"column-6\">23,5<\/td>\n<td class=\"column-7\">26<\/td>\n<\/tr>\n<tr class=\"row-4 even\">\n<td class=\"column-1\">20L<\/td>\n<td class=\"column-2\">M20<\/td>\n<td class=\"column-3\">10<\/td>\n<td class=\"column-4\">14<\/td>\n<td class=\"column-5\">21<\/td>\n<td class=\"column-6\">25<\/td>\n<td class=\"column-7\">28<\/td>\n<\/tr>\n<tr class=\"row-5 odd\">\n<td class=\"column-1\">Anos 25<\/td>\n<td class=\"column-2\">M25<\/td>\n<td class=\"column-3\">10<\/td>\n<td class=\"column-4\">18<\/td>\n<td class=\"column-5\">24<\/td>\n<td class=\"column-6\">31<\/td>\n<td class=\"column-7\">35,5<\/td>\n<\/tr>\n<tr class=\"row-6 even\">\n<td class=\"column-1\">25L<\/td>\n<td class=\"column-2\">M25<\/td>\n<td class=\"column-3\">10<\/td>\n<td class=\"column-4\">20,5<\/td>\n<td class=\"column-5\">27<\/td>\n<td class=\"column-6\">33<\/td>\n<td class=\"column-7\">37<\/td>\n<\/tr>\n<tr class=\"row-7 odd\">\n<td class=\"column-1\">32S<\/td>\n<td class=\"column-2\">M32<\/td>\n<td class=\"column-3\">10<\/td>\n<td class=\"column-4\">27<\/td>\n<td class=\"column-5\">33,5<\/td>\n<td class=\"column-6\">40,5<\/td>\n<td class=\"column-7\">45,5<\/td>\n<\/tr>\n<tr class=\"row-8 even\">\n<td class=\"column-1\">32L<\/td>\n<td class=\"column-2\">M32<\/td>\n<td class=\"column-3\">10<\/td>\n<td class=\"column-4\">27<\/td>\n<td class=\"column-5\">33,5<\/td>\n<td class=\"column-6\">40,5<\/td>\n<td class=\"column-7\">45,5<\/td>\n<\/tr>\n<tr class=\"row-9 odd\">\n<td class=\"column-1\">Anos 40<\/td>\n<td class=\"column-2\">M40<\/td>\n<td class=\"column-3\">13<\/td>\n<td class=\"column-4\">31,5<\/td>\n<td class=\"column-5\">39,5<\/td>\n<td class=\"column-6\">45,5<\/td>\n<td class=\"column-7\">50,5<\/td>\n<\/tr>\n<tr class=\"row-10 even\">\n<td class=\"column-1\">40L<\/td>\n<td class=\"column-2\">M40<\/td>\n<td class=\"column-3\">13<\/td>\n<td class=\"column-4\">33<\/td>\n<td class=\"column-5\">41,5<\/td>\n<td class=\"column-6\">49<\/td>\n<td class=\"column-7\">55<\/td>\n<\/tr>\n<tr class=\"row-11 odd\">\n<td class=\"column-1\">Anos 50<\/td>\n<td class=\"column-2\">M50<\/td>\n<td class=\"column-3\">13<\/td>\n<td class=\"column-4\">39,5<\/td>\n<td class=\"column-5\">48,5<\/td>\n<td class=\"column-6\">56,5<\/td>\n<td class=\"column-7\">63,5<\/td>\n<\/tr>\n<tr class=\"row-12 even\">\n<td class=\"column-1\">50L<\/td>\n<td class=\"column-2\">M50<\/td>\n<td class=\"column-3\">13<\/td>\n<td class=\"column-4\">44,5<\/td>\n<td class=\"column-5\">54,5<\/td>\n<td class=\"column-6\">62,5<\/td>\n<td class=\"column-7\">70,5<\/td>\n<\/tr>\n<tr class=\"row-13 odd\">\n<td class=\"column-1\">63S<\/td>\n<td class=\"column-2\">M63<\/td>\n<td class=\"column-3\">14<\/td>\n<td class=\"column-4\">50,2<\/td>\n<td class=\"column-5\">59,2<\/td>\n<td class=\"column-6\">68,8<\/td>\n<td class=\"column-7\">77<\/td>\n<\/tr>\n<tr class=\"row-14 even\">\n<td class=\"column-1\">63L<\/td>\n<td class=\"column-2\">M63<\/td>\n<td class=\"column-3\">13,5<\/td>\n<td class=\"column-4\">56,5<\/td>\n<td class=\"column-5\">65,5<\/td>\n<td class=\"column-6\">76<\/td>\n<td class=\"column-7\">86<\/td>\n<\/tr>\n<tr class=\"row-15 odd\">\n<td class=\"column-1\">Anos 75<\/td>\n<td class=\"column-2\">M75<\/td>\n<td class=\"column-3\">15<\/td>\n<td class=\"column-4\">63,5<\/td>\n<td class=\"column-5\">72<\/td>\n<td class=\"column-6\">84<\/td>\n<td class=\"column-7\">94,5<\/td>\n<\/tr>\n<tr class=\"row-16 even\">\n<td class=\"column-1\">75L<\/td>\n<td class=\"column-2\">M75<\/td>\n<td class=\"column-3\">15<\/td>\n<td class=\"column-4\">69,5<\/td>\n<td class=\"column-5\">78,5<\/td>\n<td class=\"column-6\">90<\/td>\n<td class=\"column-7\">101<\/td>\n<\/tr>\n<tr class=\"row-17 odd\">\n<td class=\"column-1\">Anos 90<\/td>\n<td class=\"column-2\">M90<\/td>\n<td class=\"column-3\">20<\/td>\n<td class=\"column-4\">76<\/td>\n<td class=\"column-5\">85<\/td>\n<td class=\"column-6\">100<\/td>\n<td class=\"column-7\">111,2<\/td>\n<\/tr>\n<tr class=\"row-18 even\">\n<td class=\"column-1\">90L<\/td>\n<td class=\"column-2\">M90<\/td>\n<td class=\"column-3\">18<\/td>\n<td class=\"column-4\">78,4<\/td>\n<td class=\"column-5\">90,5<\/td>\n<td class=\"column-6\">103<\/td>\n<td class=\"column-7\">115<\/td>\n<\/tr>\n<\/tbody>\n<\/table>\n<p><img decoding=\"async\" class=\"size-full wp-image-13024 alignright lazy loaded\" src=\"https:\/\/conexmetals.com\/wp-content\/uploads\/2023\/08\/bw3-cable-gland-diagram.jpg\" alt=\"bw3-diagrama-de-prensa-cabo\" width=\"115\" height=\"200\" data-src=\"https:\/\/conexmetals.com\/wp-content\/uploads\/2023\/08\/bw3-cable-gland-diagram.jpg\" data-was-processed=\"true\" \/>Os prensa-cabos de 3 partes BW s\u00e3o um tipo espec\u00edfico de prensa-cabos comumente usado em aplica\u00e7\u00f5es industriais e comerciais para fornecer pontos de entrada de cabos em gabinetes, caixas de jun\u00e7\u00e3o e equipamentos. A designa\u00e7\u00e3o \u201cBW\u201d indica um tipo ou padr\u00e3o espec\u00edfico de prensa-cabos, e a \u201c3 partes\u201d se refere \u00e0 sua constru\u00e7\u00e3o, consistindo de tr\u00eas componentes principais. Esses prensa-cabos s\u00e3o projetados para oferecer veda\u00e7\u00e3o confi\u00e1vel de cabos e al\u00edvio de tens\u00e3o em ambientes onde poeira, umidade e outros contaminantes podem estar presentes.<\/p>\n<p>Aqui est\u00e3o alguns pontos importantes sobre os prensa-cabos BW de 3 partes:<\/p>\n<p><strong><b>Fun\u00e7\u00e3o:<\/b><\/strong>\u00a0\u00a0Os prensa-cabos BW de 3 partes atendem a diversas fun\u00e7\u00f5es:<\/p>\n<ol>\n<li><b><\/b><strong><b>Entrada de cabos:<\/b><\/strong>\u00a0eles fornecem um ponto de entrada seguro para cabos em gabinetes ou equipamentos, mantendo uma veda\u00e7\u00e3o para evitar a entrada de poeira, umidade e outros contaminantes.<\/li>\n<li><b><\/b><strong><b>Al\u00edvio de tens\u00e3o:<\/b><\/strong>\u00a0Os prensa-cabos oferecem suporte mec\u00e2nico para evitar flex\u00e3o ou tens\u00e3o excessiva no cabo no ponto em que ele entra no gabinete. Isso ajuda a proteger o cabo e a manter sua integridade.<\/li>\n<\/ol>\n<p><strong><b>Constru\u00e7\u00e3o:<\/b><\/strong>\u00a0\u00a0O aspecto de \u201c3 partes\u201d dos prensa-cabos BW de 3 partes se refere ao seu design, que normalmente consiste nos seguintes componentes:<\/p>\n<ol>\n<li><b><\/b><strong><b>Corpo da prensa-cabo:<\/b><\/strong>\u00a0Corpo principal da prensa-cabo, que \u00e9 rosqueado e abriga o cabo.<\/li>\n<li><b><\/b><strong><b>Porca de fixa\u00e7\u00e3o:<\/b><\/strong>\u00a0Porca rosqueada que fixa o corpo da prensa-cabo ao gabinete ou equipamento, garantindo um encaixe firme.<\/li>\n<li><b><\/b><strong><b>Inserto de Veda\u00e7\u00e3o:<\/b><\/strong>\u00a0Este componente fornece a veda\u00e7\u00e3o entre o cabo e o corpo da gl\u00e2ndula. Ele previne a entrada de umidade, poeira e outros contaminantes.<\/li>\n<\/ol>\n<p><strong><b>Caracter\u00edsticas:<\/b><\/strong>\u00a0\u00a0Os prensa-cabos BW de 3 partes geralmente apresentam as seguintes caracter\u00edsticas:<\/p>\n<ol>\n<li><b><\/b><strong><b>Design rosqueado:<\/b><\/strong>\u00a0O design rosqueado permite f\u00e1cil instala\u00e7\u00e3o parafusando o prensa-cabo no gabinete ou equipamento.<\/li>\n<li><b><\/b><strong><b>An\u00e9is de veda\u00e7\u00e3o:<\/b><\/strong>\u00a0Os insertos de veda\u00e7\u00e3o s\u00e3o normalmente feitos de materiais elastom\u00e9ricos, como borracha ou silicone, que formam uma veda\u00e7\u00e3o estanque ao redor do cabo.<\/li>\n<li><b><\/b><strong><b>Ampla variedade de tamanhos de cabos:<\/b><\/strong>\u00a0esses prensa-cabos podem acomodar uma variedade de di\u00e2metros de cabos, o que os torna vers\u00e1teis para diferentes tamanhos de cabos.<\/li>\n<li><b><\/b><strong><b>Resist\u00eancia \u00e0s intemp\u00e9ries:<\/b><\/strong>\u00a0os prensa-cabos BW geralmente s\u00e3o projetados para serem resistentes \u00e0s intemp\u00e9ries, permitindo que sejam usados \u200b\u200bem ambientes externos e expostos.<\/li>\n<\/ol>\n<p><strong><b>Aplica\u00e7\u00f5es:<\/b><\/strong>\u00a0\u00a0Os prensa-cabos BW de 3 partes s\u00e3o comumente usados \u200b\u200bem v\u00e1rias ind\u00fastrias, incluindo manufatura, ind\u00fastrias de processo, constru\u00e7\u00e3o e muito mais. Eles s\u00e3o adequados para aplica\u00e7\u00f5es onde veda\u00e7\u00e3o e prote\u00e7\u00e3o de cabos confi\u00e1veis \u200b\u200bs\u00e3o necess\u00e1rias.<\/p>\n","protected":false},"featured_media":13224,"template":"","meta":[],"product_brand":[],"product_cat":[365],"product_tag":[],"class_list":{"0":"post-13417","1":"product","2":"type-product","3":"status-publish","4":"has-post-thumbnail","6":"product_cat-prensa-cabos","8":"first","9":"instock","10":"shipping-taxable","11":"product-type-simple"},"yoast_head":"<!-- This site is optimized with the Yoast SEO plugin v27.3 - https:\/\/yoast.com\/product\/yoast-seo-wordpress\/ -->\n<title>Prensa-Cabos de Lat\u00e3o BW 3 Partes<\/title>\n<meta name=\"description\" content=\"Descubra os Prensa-Cabos de Lat\u00e3o BW 3 Partes da Conex Metals, o ep\u00edtome da precis\u00e3o e qualidade. Nossos Prensa-Cabos de Lat\u00e3o BW e Prensa-Cabos de Lat\u00e3o s\u00e3o projetados para desempenho otimizado. Como fabricante renomado em Jamnagar, \u00cdndia, oferecemos uma variedade de tamanhos, incluindo 20mm, 25mm e 32mm, atendendo \u00e0s necessidades de fornecedores e exportadores.\" \/>\n<meta name=\"robots\" content=\"index, follow, max-snippet:-1, max-image-preview:large, max-video-preview:-1\" \/>\n<link rel=\"canonical\" href=\"https:\/\/conexmetals.com\/pt-br\/produto\/prensa-cabos-de-latao-bw-3-partes\/\" \/>\n<script type=\"application\/ld+json\" class=\"yoast-schema-graph\">{\"@context\":\"https:\\\/\\\/schema.org\",\"@graph\":[{\"@type\":\"WebPage\",\"@id\":\"https:\\\/\\\/conexmetals.com\\\/pt-br\\\/produto\\\/prensa-cabos-de-latao-bw-3-partes\\\/\",\"url\":\"https:\\\/\\\/conexmetals.com\\\/pt-br\\\/produto\\\/prensa-cabos-de-latao-bw-3-partes\\\/\",\"name\":\"Prensa-Cabos de Lat\u00e3o BW 3 Partes\",\"isPartOf\":{\"@id\":\"https:\\\/\\\/conexmetals.com\\\/pt-br\\\/#website\"},\"primaryImageOfPage\":{\"@id\":\"https:\\\/\\\/conexmetals.com\\\/pt-br\\\/produto\\\/prensa-cabos-de-latao-bw-3-partes\\\/#primaryimage\"},\"image\":{\"@id\":\"https:\\\/\\\/conexmetals.com\\\/pt-br\\\/produto\\\/prensa-cabos-de-latao-bw-3-partes\\\/#primaryimage\"},\"thumbnailUrl\":\"https:\\\/\\\/conexmetals.com\\\/wp-content\\\/uploads\\\/2025\\\/01\\\/Prensa-Cabos-de-Latao-BW-3-Partes.webp\",\"datePublished\":\"2023-08-18T07:22:39+00:00\",\"dateModified\":\"2025-01-22T10:44:56+00:00\",\"description\":\"Descubra os Prensa-Cabos de Lat\u00e3o BW 3 Partes da Conex Metals, o ep\u00edtome da precis\u00e3o e qualidade. Nossos Prensa-Cabos de Lat\u00e3o BW e Prensa-Cabos de Lat\u00e3o s\u00e3o projetados para desempenho otimizado. Como fabricante renomado em Jamnagar, \u00cdndia, oferecemos uma variedade de tamanhos, incluindo 20mm, 25mm e 32mm, atendendo \u00e0s necessidades de fornecedores e exportadores.\",\"breadcrumb\":{\"@id\":\"https:\\\/\\\/conexmetals.com\\\/pt-br\\\/produto\\\/prensa-cabos-de-latao-bw-3-partes\\\/#breadcrumb\"},\"inLanguage\":\"pt-BR\",\"potentialAction\":[{\"@type\":\"ReadAction\",\"target\":[\"https:\\\/\\\/conexmetals.com\\\/pt-br\\\/produto\\\/prensa-cabos-de-latao-bw-3-partes\\\/\"]}]},{\"@type\":\"ImageObject\",\"inLanguage\":\"pt-BR\",\"@id\":\"https:\\\/\\\/conexmetals.com\\\/pt-br\\\/produto\\\/prensa-cabos-de-latao-bw-3-partes\\\/#primaryimage\",\"url\":\"https:\\\/\\\/conexmetals.com\\\/wp-content\\\/uploads\\\/2025\\\/01\\\/Prensa-Cabos-de-Latao-BW-3-Partes.webp\",\"contentUrl\":\"https:\\\/\\\/conexmetals.com\\\/wp-content\\\/uploads\\\/2025\\\/01\\\/Prensa-Cabos-de-Latao-BW-3-Partes.webp\",\"width\":300,\"height\":300,\"caption\":\"Prensa-Cabos de Lat\u00e3o BW 3 Partes\"},{\"@type\":\"BreadcrumbList\",\"@id\":\"https:\\\/\\\/conexmetals.com\\\/pt-br\\\/produto\\\/prensa-cabos-de-latao-bw-3-partes\\\/#breadcrumb\",\"itemListElement\":[{\"@type\":\"ListItem\",\"position\":1,\"name\":\"Home\",\"item\":\"https:\\\/\\\/conexmetals.com\\\/pt-br\\\/lar\\\/\"},{\"@type\":\"ListItem\",\"position\":2,\"name\":\"Products\",\"item\":\"https:\\\/\\\/conexmetals.com\\\/products\\\/\"},{\"@type\":\"ListItem\",\"position\":3,\"name\":\"Prensa-Cabos de Lat\u00e3o BW 3 Partes\"}]},{\"@type\":\"WebSite\",\"@id\":\"https:\\\/\\\/conexmetals.com\\\/pt-br\\\/#website\",\"url\":\"https:\\\/\\\/conexmetals.com\\\/pt-br\\\/\",\"name\":\"Conex Metals Brass Fittings Brass Parts Copper Parts Brass Components Brass Plumbing Fittings India\",\"description\":\"Manufacturer of Bronze Fittings casting Copper Brass parts components\",\"publisher\":{\"@id\":\"https:\\\/\\\/conexmetals.com\\\/pt-br\\\/#organization\"},\"potentialAction\":[{\"@type\":\"SearchAction\",\"target\":{\"@type\":\"EntryPoint\",\"urlTemplate\":\"https:\\\/\\\/conexmetals.com\\\/pt-br\\\/?s={search_term_string}\"},\"query-input\":{\"@type\":\"PropertyValueSpecification\",\"valueRequired\":true,\"valueName\":\"search_term_string\"}}],\"inLanguage\":\"pt-BR\"},{\"@type\":\"Organization\",\"@id\":\"https:\\\/\\\/conexmetals.com\\\/pt-br\\\/#organization\",\"name\":\"Conex Metals Brass Fittings Brass Parts Copper Parts Brass Components Brass Plumbing Fittings India\",\"url\":\"https:\\\/\\\/conexmetals.com\\\/pt-br\\\/\",\"logo\":{\"@type\":\"ImageObject\",\"inLanguage\":\"pt-BR\",\"@id\":\"https:\\\/\\\/conexmetals.com\\\/pt-br\\\/#\\\/schema\\\/logo\\\/image\\\/\",\"url\":\"https:\\\/\\\/conexmetals.com\\\/wp-content\\\/uploads\\\/2024\\\/03\\\/conex-metals-logo.webp\",\"contentUrl\":\"https:\\\/\\\/conexmetals.com\\\/wp-content\\\/uploads\\\/2024\\\/03\\\/conex-metals-logo.webp\",\"width\":300,\"height\":121,\"caption\":\"Conex Metals Brass Fittings Brass Parts Copper Parts Brass Components Brass Plumbing Fittings India\"},\"image\":{\"@id\":\"https:\\\/\\\/conexmetals.com\\\/pt-br\\\/#\\\/schema\\\/logo\\\/image\\\/\"},\"sameAs\":[\"https:\\\/\\\/www.facebook.com\\\/conexbrass\",\"https:\\\/\\\/x.com\\\/conexindia\",\"https:\\\/\\\/www.linkedin.com\\\/company\\\/conex-metals-india\\\/\",\"https:\\\/\\\/www.instagram.com\\\/conexindia\\\/\"]}]}<\/script>\n<!-- \/ Yoast SEO plugin. -->","yoast_head_json":{"title":"Prensa-Cabos de Lat\u00e3o BW 3 Partes","description":"Descubra os Prensa-Cabos de Lat\u00e3o BW 3 Partes da Conex Metals, o ep\u00edtome da precis\u00e3o e qualidade. Nossos Prensa-Cabos de Lat\u00e3o BW e Prensa-Cabos de Lat\u00e3o s\u00e3o projetados para desempenho otimizado. Como fabricante renomado em Jamnagar, \u00cdndia, oferecemos uma variedade de tamanhos, incluindo 20mm, 25mm e 32mm, atendendo \u00e0s necessidades de fornecedores e exportadores.","robots":{"index":"index","follow":"follow","max-snippet":"max-snippet:-1","max-image-preview":"max-image-preview:large","max-video-preview":"max-video-preview:-1"},"canonical":"https:\/\/conexmetals.com\/pt-br\/produto\/prensa-cabos-de-latao-bw-3-partes\/","schema":{"@context":"https:\/\/schema.org","@graph":[{"@type":"WebPage","@id":"https:\/\/conexmetals.com\/pt-br\/produto\/prensa-cabos-de-latao-bw-3-partes\/","url":"https:\/\/conexmetals.com\/pt-br\/produto\/prensa-cabos-de-latao-bw-3-partes\/","name":"Prensa-Cabos de Lat\u00e3o BW 3 Partes","isPartOf":{"@id":"https:\/\/conexmetals.com\/pt-br\/#website"},"primaryImageOfPage":{"@id":"https:\/\/conexmetals.com\/pt-br\/produto\/prensa-cabos-de-latao-bw-3-partes\/#primaryimage"},"image":{"@id":"https:\/\/conexmetals.com\/pt-br\/produto\/prensa-cabos-de-latao-bw-3-partes\/#primaryimage"},"thumbnailUrl":"https:\/\/conexmetals.com\/wp-content\/uploads\/2025\/01\/Prensa-Cabos-de-Latao-BW-3-Partes.webp","datePublished":"2023-08-18T07:22:39+00:00","dateModified":"2025-01-22T10:44:56+00:00","description":"Descubra os Prensa-Cabos de Lat\u00e3o BW 3 Partes da Conex Metals, o ep\u00edtome da precis\u00e3o e qualidade. Nossos Prensa-Cabos de Lat\u00e3o BW e Prensa-Cabos de Lat\u00e3o s\u00e3o projetados para desempenho otimizado. Como fabricante renomado em Jamnagar, \u00cdndia, oferecemos uma variedade de tamanhos, incluindo 20mm, 25mm e 32mm, atendendo \u00e0s necessidades de fornecedores e exportadores.","breadcrumb":{"@id":"https:\/\/conexmetals.com\/pt-br\/produto\/prensa-cabos-de-latao-bw-3-partes\/#breadcrumb"},"inLanguage":"pt-BR","potentialAction":[{"@type":"ReadAction","target":["https:\/\/conexmetals.com\/pt-br\/produto\/prensa-cabos-de-latao-bw-3-partes\/"]}]},{"@type":"ImageObject","inLanguage":"pt-BR","@id":"https:\/\/conexmetals.com\/pt-br\/produto\/prensa-cabos-de-latao-bw-3-partes\/#primaryimage","url":"https:\/\/conexmetals.com\/wp-content\/uploads\/2025\/01\/Prensa-Cabos-de-Latao-BW-3-Partes.webp","contentUrl":"https:\/\/conexmetals.com\/wp-content\/uploads\/2025\/01\/Prensa-Cabos-de-Latao-BW-3-Partes.webp","width":300,"height":300,"caption":"Prensa-Cabos de Lat\u00e3o BW 3 Partes"},{"@type":"BreadcrumbList","@id":"https:\/\/conexmetals.com\/pt-br\/produto\/prensa-cabos-de-latao-bw-3-partes\/#breadcrumb","itemListElement":[{"@type":"ListItem","position":1,"name":"Home","item":"https:\/\/conexmetals.com\/pt-br\/lar\/"},{"@type":"ListItem","position":2,"name":"Products","item":"https:\/\/conexmetals.com\/products\/"},{"@type":"ListItem","position":3,"name":"Prensa-Cabos de Lat\u00e3o BW 3 Partes"}]},{"@type":"WebSite","@id":"https:\/\/conexmetals.com\/pt-br\/#website","url":"https:\/\/conexmetals.com\/pt-br\/","name":"Conex Metals Brass Fittings Brass Parts Copper Parts Brass Components Brass Plumbing Fittings India","description":"Manufacturer of Bronze Fittings casting Copper Brass parts components","publisher":{"@id":"https:\/\/conexmetals.com\/pt-br\/#organization"},"potentialAction":[{"@type":"SearchAction","target":{"@type":"EntryPoint","urlTemplate":"https:\/\/conexmetals.com\/pt-br\/?s={search_term_string}"},"query-input":{"@type":"PropertyValueSpecification","valueRequired":true,"valueName":"search_term_string"}}],"inLanguage":"pt-BR"},{"@type":"Organization","@id":"https:\/\/conexmetals.com\/pt-br\/#organization","name":"Conex Metals Brass Fittings Brass Parts Copper Parts Brass Components Brass Plumbing Fittings India","url":"https:\/\/conexmetals.com\/pt-br\/","logo":{"@type":"ImageObject","inLanguage":"pt-BR","@id":"https:\/\/conexmetals.com\/pt-br\/#\/schema\/logo\/image\/","url":"https:\/\/conexmetals.com\/wp-content\/uploads\/2024\/03\/conex-metals-logo.webp","contentUrl":"https:\/\/conexmetals.com\/wp-content\/uploads\/2024\/03\/conex-metals-logo.webp","width":300,"height":121,"caption":"Conex Metals Brass Fittings Brass Parts Copper Parts Brass Components Brass Plumbing Fittings India"},"image":{"@id":"https:\/\/conexmetals.com\/pt-br\/#\/schema\/logo\/image\/"},"sameAs":["https:\/\/www.facebook.com\/conexbrass","https:\/\/x.com\/conexindia","https:\/\/www.linkedin.com\/company\/conex-metals-india\/","https:\/\/www.instagram.com\/conexindia\/"]}]}},"_links":{"self":[{"href":"https:\/\/conexmetals.com\/pt-br\/wp-json\/wp\/v2\/product\/13417","targetHints":{"allow":["GET"]}}],"collection":[{"href":"https:\/\/conexmetals.com\/pt-br\/wp-json\/wp\/v2\/product"}],"about":[{"href":"https:\/\/conexmetals.com\/pt-br\/wp-json\/wp\/v2\/types\/product"}],"wp:featuredmedia":[{"embeddable":true,"href":"https:\/\/conexmetals.com\/pt-br\/wp-json\/wp\/v2\/media\/13224"}],"wp:attachment":[{"href":"https:\/\/conexmetals.com\/pt-br\/wp-json\/wp\/v2\/media?parent=13417"}],"wp:term":[{"taxonomy":"product_brand","embeddable":true,"href":"https:\/\/conexmetals.com\/pt-br\/wp-json\/wp\/v2\/product_brand?post=13417"},{"taxonomy":"product_cat","embeddable":true,"href":"https:\/\/conexmetals.com\/pt-br\/wp-json\/wp\/v2\/product_cat?post=13417"},{"taxonomy":"product_tag","embeddable":true,"href":"https:\/\/conexmetals.com\/pt-br\/wp-json\/wp\/v2\/product_tag?post=13417"}],"curies":[{"name":"wp","href":"https:\/\/api.w.org\/{rel}","templated":true}]}}