{"id":13421,"date":"2023-08-18T12:57:28","date_gmt":"2023-08-18T07:27:28","guid":{"rendered":"https:\/\/conexmetals.com\/?post_type=product&#038;p=13421"},"modified":"2025-01-22T16:12:11","modified_gmt":"2025-01-22T10:42:11","slug":"prensa-cabos-de-latao-bw-2-partes","status":"publish","type":"product","link":"https:\/\/conexmetals.com\/pt-br\/produto\/prensa-cabos-de-latao-bw-2-partes\/","title":{"rendered":"Prensa-Cabos de Lat\u00e3o BW 2 Partes"},"content":{"rendered":"","protected":false},"excerpt":{"rendered":"<table id=\"tablepress-374\" class=\"tablepress tablepress-id-374\">\n<thead>\n<tr class=\"row-1 odd\">\n<th class=\"column-1\" colspan=\"7\"><strong>Prensa-cabo BW<\/strong><\/th>\n<\/tr>\n<\/thead>\n<tbody class=\"row-hover\">\n<tr class=\"row-2 even\">\n<td class=\"column-1\"><strong>Tamanho da gl\u00e2ndula<\/strong><\/td>\n<td class=\"column-2\"><strong>Rosca M\u00e9trica \u201cC\u201d<\/strong><\/td>\n<td class=\"column-3\"><strong>Comprimento m\u00ednimo da rosca \u201cD\u201d<\/strong><\/td>\n<td class=\"column-4\"><strong>Di\u00e2metro do cabo \u201cA\u201d m\u00e1x.<\/strong><\/td>\n<td class=\"column-5\"><strong>Di\u00e2metro do cabo \u201cB\u201d m\u00e1x.<\/strong><\/td>\n<td class=\"column-6\"><strong>Di\u00e2metro do fio de blindagem.<\/strong><\/td>\n<td class=\"column-7\"><strong>Principal atrav\u00e9s do canto Dia. \u201cE\u201d<\/strong><\/td>\n<\/tr>\n<tr class=\"row-3 odd\">\n<td class=\"column-1\">Anos 20<\/td>\n<td class=\"column-2\">20<\/td>\n<td class=\"column-3\">10<\/td>\n<td class=\"column-4\">11.6<\/td>\n<td class=\"column-5\">16.1<\/td>\n<td class=\"column-6\">0,9\/1,25<\/td>\n<td class=\"column-7\">24,4<\/td>\n<\/tr>\n<tr class=\"row-4 even\">\n<td class=\"column-1\">20<\/td>\n<td class=\"column-2\">20<\/td>\n<td class=\"column-3\">10<\/td>\n<td class=\"column-4\">13.9<\/td>\n<td class=\"column-5\">21.1<\/td>\n<td class=\"column-6\">0,9\/1,25<\/td>\n<td class=\"column-7\">30<\/td>\n<\/tr>\n<tr class=\"row-5 odd\">\n<td class=\"column-1\">25<\/td>\n<td class=\"column-2\">25<\/td>\n<td class=\"column-3\">10<\/td>\n<td class=\"column-4\">19,9<\/td>\n<td class=\"column-5\">27,4<\/td>\n<td class=\"column-6\">1,25\/1,60<\/td>\n<td class=\"column-7\">36<\/td>\n<\/tr>\n<tr class=\"row-6 even\">\n<td class=\"column-1\">32<\/td>\n<td class=\"column-2\">32<\/td>\n<td class=\"column-3\">10<\/td>\n<td class=\"column-4\">26.2<\/td>\n<td class=\"column-5\">34,4<\/td>\n<td class=\"column-6\">1,60\/2,00<\/td>\n<td class=\"column-7\">44,5<\/td>\n<\/tr>\n<tr class=\"row-7 odd\">\n<td class=\"column-1\">40<\/td>\n<td class=\"column-2\">40<\/td>\n<td class=\"column-3\">15<\/td>\n<td class=\"column-4\">32.1<\/td>\n<td class=\"column-5\">42,4<\/td>\n<td class=\"column-6\">1,60\/2,00<\/td>\n<td class=\"column-7\">56,3<\/td>\n<\/tr>\n<tr class=\"row-8 even\">\n<td class=\"column-1\">Anos 50<\/td>\n<td class=\"column-2\">50<\/td>\n<td class=\"column-3\">15<\/td>\n<td class=\"column-4\">38.1<\/td>\n<td class=\"column-5\">50,1<\/td>\n<td class=\"column-6\">2,00\/2,50<\/td>\n<td class=\"column-7\">63,4<\/td>\n<\/tr>\n<tr class=\"row-9 odd\">\n<td class=\"column-1\">50<\/td>\n<td class=\"column-2\">50<\/td>\n<td class=\"column-3\">15<\/td>\n<td class=\"column-4\">44<\/td>\n<td class=\"column-5\">55,7<\/td>\n<td class=\"column-6\">2,00\/2,50<\/td>\n<td class=\"column-7\">72,1<\/td>\n<\/tr>\n<tr class=\"row-10 even\">\n<td class=\"column-1\">63S<\/td>\n<td class=\"column-2\">63<\/td>\n<td class=\"column-3\">15<\/td>\n<td class=\"column-4\">50<\/td>\n<td class=\"column-5\">62,4<\/td>\n<td class=\"column-6\">2,5<\/td>\n<td class=\"column-7\">83,7<\/td>\n<\/tr>\n<tr class=\"row-11 odd\">\n<td class=\"column-1\">63<\/td>\n<td class=\"column-2\">63<\/td>\n<td class=\"column-3\">15<\/td>\n<td class=\"column-4\">55,9<\/td>\n<td class=\"column-5\">68,2<\/td>\n<td class=\"column-6\">2,5<\/td>\n<td class=\"column-7\">88,7<\/td>\n<\/tr>\n<tr class=\"row-12 even\">\n<td class=\"column-1\">Anos 75<\/td>\n<td class=\"column-2\">75<\/td>\n<td class=\"column-3\">15<\/td>\n<td class=\"column-4\">61,9<\/td>\n<td class=\"column-5\">76,8<\/td>\n<td class=\"column-6\">2,5<\/td>\n<td class=\"column-7\">99,8<\/td>\n<\/tr>\n<tr class=\"row-13 odd\">\n<td class=\"column-1\">75<\/td>\n<td class=\"column-2\">75<\/td>\n<td class=\"column-3\">15<\/td>\n<td class=\"column-4\">67,9<\/td>\n<td class=\"column-5\">82,9<\/td>\n<td class=\"column-6\">2,50\/3,15<\/td>\n<td class=\"column-7\">105,3<\/td>\n<\/tr>\n<tr class=\"row-14 even\">\n<td class=\"column-1\" colspan=\"7\"><strong>Todas as dimens\u00f5es em mil\u00edmetros<\/strong><\/td>\n<\/tr>\n<\/tbody>\n<\/table>\n<p><img fetchpriority=\"high\" decoding=\"async\" class=\"size-full wp-image-10900 alignright lazy loaded\" src=\"https:\/\/conexmetals.com\/wp-content\/uploads\/2023\/08\/BW2-Parts-Cable-Glands-line-drawing.png\" alt=\"Desenho de linha de prensa-cabos de pe\u00e7as BW2\" width=\"300\" height=\"300\" data-src=\"https:\/\/conexmetals.com\/wp-content\/uploads\/2023\/08\/BW2-Parts-Cable-Glands-line-drawing.png\" data-was-processed=\"true\" srcset=\"https:\/\/conexmetals.com\/wp-content\/uploads\/2023\/08\/BW2-Parts-Cable-Glands-line-drawing.png 300w, https:\/\/conexmetals.com\/wp-content\/uploads\/2023\/08\/BW2-Parts-Cable-Glands-line-drawing-150x150.png 150w, https:\/\/conexmetals.com\/wp-content\/uploads\/2023\/08\/BW2-Parts-Cable-Glands-line-drawing-100x100.png 100w\" sizes=\"(max-width: 300px) 100vw, 300px\" \/><\/p>\n<p><strong>Caracter\u00edsticas:<\/strong>\u00a0Prensa-cabos BW Prensa-cabos BW de lat\u00e3o 2 Prensa-cabos Parte para BS 6121 pt. 1 mais adequado para cabos blindados de fio \u00fanico, revestidos de pl\u00e1stico ou borracha (elast\u00f4mero). Usado em condi\u00e7\u00f5es internas secas. Sem pe\u00e7as soltas e f\u00e1cil de instalar. Economize tempo e dinheiro. Pode ser fornecido com instala\u00e7\u00e3o de aterramento integral. Aplica\u00e7\u00f5es internas para serem usadas com cabos SWA, cabos de fio blindados.<\/p>\n<p><strong>Tamanho da prensa-cabos:<\/strong>\u00a020 mm, 25 mm, 32 mm, 40 mm, 16 mm, 50 mm, 63 mm, 75 mm, 90 mm, 1\/2, 3\/4, 1 11\/4, 11\/2, 2 2\/12, prensa-cabos roscados NPT, conex\u00f5es m\u00e9tricas<\/p>\n<p><strong>Classifica\u00e7\u00e3o IP:<\/strong>\u00a0IP 54<\/p>\n<p>Os prensa-cabos de pe\u00e7as BW2 s\u00e3o usados \u200b\u200bpara fornecer pontos de entrada de cabos seguros e estanques em gabinetes, caixas de jun\u00e7\u00e3o ou equipamentos, ao mesmo tempo em que protegem contra fatores ambientais, como poeira, umidade e tens\u00f5es mec\u00e2nicas. A designa\u00e7\u00e3o \u201cpe\u00e7as BW2\u201d sugere que esses prensa-cabos consistem em v\u00e1rios componentes.<\/p>\n<p>Aqui est\u00e3o alguns pontos importantes sobre os prensa-cabos de pe\u00e7as BW2:<\/p>\n<p><strong><b>Fun\u00e7\u00e3o:<\/b><\/strong>\u00a0\u00a0Os prensa-cabos de pe\u00e7as BW2 desempenham fun\u00e7\u00f5es semelhantes a outros prensa-cabos:<\/p>\n<ol>\n<li><b><\/b><strong><b>Entrada de cabos:<\/b><\/strong>\u00a0eles criam um ponto de entrada selado para cabos em gabinetes, evitando a entrada de poeira, umidade e contaminantes.<\/li>\n<li><b><\/b><strong><b>Al\u00edvio de tens\u00e3o:<\/b><\/strong>\u00a0essas gl\u00e2ndulas fornecem suporte mec\u00e2nico aos cabos, reduzindo a tens\u00e3o e evitando flex\u00e3o ou tens\u00e3o excessiva no ponto de entrada.<\/li>\n<\/ol>\n<p><strong><b>Design:<\/b><\/strong>\u00a0\u00a0A designa\u00e7\u00e3o \u201cpe\u00e7as BW2\u201d indica que esses prensa-cabos consistem em v\u00e1rios componentes que trabalham juntos para fornecer as fun\u00e7\u00f5es de entrada e veda\u00e7\u00e3o de cabos desejadas.<\/p>\n<p><strong><b>Caracter\u00edsticas:<\/b><\/strong>\u00a0\u00a0Os prensa-cabos de pe\u00e7as BW2 geralmente t\u00eam as seguintes caracter\u00edsticas:<\/p>\n<ol>\n<li><b><\/b><strong><b>Componentes m\u00faltiplos:<\/b><\/strong>\u00a0essas gl\u00e2ndulas compreendem v\u00e1rios componentes, que podem incluir o corpo principal da gl\u00e2ndula, a porca de fixa\u00e7\u00e3o, o inserto de veda\u00e7\u00e3o e outras pe\u00e7as que contribuem para a funcionalidade da gl\u00e2ndula.<\/li>\n<li><b><\/b><strong><b>Mecanismo de veda\u00e7\u00e3o:<\/b><\/strong>\u00a0Eles incorporam mecanismos de veda\u00e7\u00e3o, como juntas de borracha, an\u00e9is de veda\u00e7\u00e3o ou outros materiais de veda\u00e7\u00e3o para criar uma veda\u00e7\u00e3o estanque e \u00e0 prova de intemp\u00e9ries ao redor do cabo.<\/li>\n<li><b><\/b><strong><b>Ampla variedade de tamanhos:<\/b><\/strong>\u00a0os prensa-cabos de pe\u00e7as BW2 v\u00eam em v\u00e1rios tamanhos para acomodar diferentes di\u00e2metros de cabo.<\/li>\n<\/ol>\n<p><strong><b>Aplica\u00e7\u00f5es:<\/b><\/strong>\u00a0\u00a0Os prensa-cabos de pe\u00e7as BW2 s\u00e3o usados \u200b\u200bem v\u00e1rios setores, incluindo manufatura, maquin\u00e1rio, automa\u00e7\u00e3o e telecomunica\u00e7\u00f5es. Eles s\u00e3o valiosos em aplica\u00e7\u00f5es onde os cabos precisam ser protegidos contra condi\u00e7\u00f5es ambientais adversas e onde a entrada segura dos cabos \u00e9 essencial.<\/p>\n","protected":false},"featured_media":13219,"template":"","meta":[],"product_brand":[],"product_cat":[365],"product_tag":[],"class_list":{"0":"post-13421","1":"product","2":"type-product","3":"status-publish","4":"has-post-thumbnail","6":"product_cat-prensa-cabos","8":"first","9":"instock","10":"shipping-taxable","11":"product-type-simple"},"yoast_head":"<!-- This site is optimized with the Yoast SEO plugin v27.3 - https:\/\/yoast.com\/product\/yoast-seo-wordpress\/ -->\n<title>Prensa-Cabos de Lat\u00e3o BW 2 Partes<\/title>\n<meta name=\"description\" content=\"Conex Metals, fabricantes e exportadores indianos l\u00edderes de Prensa-Cabos BW e Prensa-Cabos de Lat\u00e3o BW. Oferece Prensa-Cabos de 2 Partes, kits de Prensa-Cabos e pacotes de Prensa-Cabos de Lat\u00e3o nos tamanhos de 20mm a 75mm e acess\u00f3rios NPT. Fornecedores confi\u00e1veis da \u00cdndia.\" \/>\n<meta name=\"robots\" content=\"index, follow, max-snippet:-1, max-image-preview:large, max-video-preview:-1\" \/>\n<link rel=\"canonical\" href=\"https:\/\/conexmetals.com\/pt-br\/produto\/prensa-cabos-de-latao-bw-2-partes\/\" \/>\n<script type=\"application\/ld+json\" class=\"yoast-schema-graph\">{\"@context\":\"https:\\\/\\\/schema.org\",\"@graph\":[{\"@type\":\"WebPage\",\"@id\":\"https:\\\/\\\/conexmetals.com\\\/pt-br\\\/produto\\\/prensa-cabos-de-latao-bw-2-partes\\\/\",\"url\":\"https:\\\/\\\/conexmetals.com\\\/pt-br\\\/produto\\\/prensa-cabos-de-latao-bw-2-partes\\\/\",\"name\":\"Prensa-Cabos de Lat\u00e3o BW 2 Partes\",\"isPartOf\":{\"@id\":\"https:\\\/\\\/conexmetals.com\\\/pt-br\\\/#website\"},\"primaryImageOfPage\":{\"@id\":\"https:\\\/\\\/conexmetals.com\\\/pt-br\\\/produto\\\/prensa-cabos-de-latao-bw-2-partes\\\/#primaryimage\"},\"image\":{\"@id\":\"https:\\\/\\\/conexmetals.com\\\/pt-br\\\/produto\\\/prensa-cabos-de-latao-bw-2-partes\\\/#primaryimage\"},\"thumbnailUrl\":\"https:\\\/\\\/conexmetals.com\\\/wp-content\\\/uploads\\\/2025\\\/01\\\/Prensa-Cabos-de-Latao-BW-2-Partes.webp\",\"datePublished\":\"2023-08-18T07:27:28+00:00\",\"dateModified\":\"2025-01-22T10:42:11+00:00\",\"description\":\"Conex Metals, fabricantes e exportadores indianos l\u00edderes de Prensa-Cabos BW e Prensa-Cabos de Lat\u00e3o BW. Oferece Prensa-Cabos de 2 Partes, kits de Prensa-Cabos e pacotes de Prensa-Cabos de Lat\u00e3o nos tamanhos de 20mm a 75mm e acess\u00f3rios NPT. Fornecedores confi\u00e1veis da \u00cdndia.\",\"breadcrumb\":{\"@id\":\"https:\\\/\\\/conexmetals.com\\\/pt-br\\\/produto\\\/prensa-cabos-de-latao-bw-2-partes\\\/#breadcrumb\"},\"inLanguage\":\"pt-BR\",\"potentialAction\":[{\"@type\":\"ReadAction\",\"target\":[\"https:\\\/\\\/conexmetals.com\\\/pt-br\\\/produto\\\/prensa-cabos-de-latao-bw-2-partes\\\/\"]}]},{\"@type\":\"ImageObject\",\"inLanguage\":\"pt-BR\",\"@id\":\"https:\\\/\\\/conexmetals.com\\\/pt-br\\\/produto\\\/prensa-cabos-de-latao-bw-2-partes\\\/#primaryimage\",\"url\":\"https:\\\/\\\/conexmetals.com\\\/wp-content\\\/uploads\\\/2025\\\/01\\\/Prensa-Cabos-de-Latao-BW-2-Partes.webp\",\"contentUrl\":\"https:\\\/\\\/conexmetals.com\\\/wp-content\\\/uploads\\\/2025\\\/01\\\/Prensa-Cabos-de-Latao-BW-2-Partes.webp\",\"width\":300,\"height\":300,\"caption\":\"Prensa-Cabos de Lat\u00e3o BW 2 Partes\"},{\"@type\":\"BreadcrumbList\",\"@id\":\"https:\\\/\\\/conexmetals.com\\\/pt-br\\\/produto\\\/prensa-cabos-de-latao-bw-2-partes\\\/#breadcrumb\",\"itemListElement\":[{\"@type\":\"ListItem\",\"position\":1,\"name\":\"Home\",\"item\":\"https:\\\/\\\/conexmetals.com\\\/pt-br\\\/lar\\\/\"},{\"@type\":\"ListItem\",\"position\":2,\"name\":\"Products\",\"item\":\"https:\\\/\\\/conexmetals.com\\\/products\\\/\"},{\"@type\":\"ListItem\",\"position\":3,\"name\":\"Prensa-Cabos de Lat\u00e3o BW 2 Partes\"}]},{\"@type\":\"WebSite\",\"@id\":\"https:\\\/\\\/conexmetals.com\\\/pt-br\\\/#website\",\"url\":\"https:\\\/\\\/conexmetals.com\\\/pt-br\\\/\",\"name\":\"Conex Metals Brass Fittings Brass Parts Copper Parts Brass Components Brass Plumbing Fittings India\",\"description\":\"Manufacturer of Bronze Fittings casting Copper Brass parts components\",\"publisher\":{\"@id\":\"https:\\\/\\\/conexmetals.com\\\/pt-br\\\/#organization\"},\"potentialAction\":[{\"@type\":\"SearchAction\",\"target\":{\"@type\":\"EntryPoint\",\"urlTemplate\":\"https:\\\/\\\/conexmetals.com\\\/pt-br\\\/?s={search_term_string}\"},\"query-input\":{\"@type\":\"PropertyValueSpecification\",\"valueRequired\":true,\"valueName\":\"search_term_string\"}}],\"inLanguage\":\"pt-BR\"},{\"@type\":\"Organization\",\"@id\":\"https:\\\/\\\/conexmetals.com\\\/pt-br\\\/#organization\",\"name\":\"Conex Metals Brass Fittings Brass Parts Copper Parts Brass Components Brass Plumbing Fittings India\",\"url\":\"https:\\\/\\\/conexmetals.com\\\/pt-br\\\/\",\"logo\":{\"@type\":\"ImageObject\",\"inLanguage\":\"pt-BR\",\"@id\":\"https:\\\/\\\/conexmetals.com\\\/pt-br\\\/#\\\/schema\\\/logo\\\/image\\\/\",\"url\":\"https:\\\/\\\/conexmetals.com\\\/wp-content\\\/uploads\\\/2024\\\/03\\\/conex-metals-logo.webp\",\"contentUrl\":\"https:\\\/\\\/conexmetals.com\\\/wp-content\\\/uploads\\\/2024\\\/03\\\/conex-metals-logo.webp\",\"width\":300,\"height\":121,\"caption\":\"Conex Metals Brass Fittings Brass Parts Copper Parts Brass Components Brass Plumbing Fittings India\"},\"image\":{\"@id\":\"https:\\\/\\\/conexmetals.com\\\/pt-br\\\/#\\\/schema\\\/logo\\\/image\\\/\"},\"sameAs\":[\"https:\\\/\\\/www.facebook.com\\\/conexbrass\",\"https:\\\/\\\/x.com\\\/conexindia\",\"https:\\\/\\\/www.linkedin.com\\\/company\\\/conex-metals-india\\\/\",\"https:\\\/\\\/www.instagram.com\\\/conexindia\\\/\"]}]}<\/script>\n<!-- \/ Yoast SEO plugin. -->","yoast_head_json":{"title":"Prensa-Cabos de Lat\u00e3o BW 2 Partes","description":"Conex Metals, fabricantes e exportadores indianos l\u00edderes de Prensa-Cabos BW e Prensa-Cabos de Lat\u00e3o BW. Oferece Prensa-Cabos de 2 Partes, kits de Prensa-Cabos e pacotes de Prensa-Cabos de Lat\u00e3o nos tamanhos de 20mm a 75mm e acess\u00f3rios NPT. Fornecedores confi\u00e1veis da \u00cdndia.","robots":{"index":"index","follow":"follow","max-snippet":"max-snippet:-1","max-image-preview":"max-image-preview:large","max-video-preview":"max-video-preview:-1"},"canonical":"https:\/\/conexmetals.com\/pt-br\/produto\/prensa-cabos-de-latao-bw-2-partes\/","schema":{"@context":"https:\/\/schema.org","@graph":[{"@type":"WebPage","@id":"https:\/\/conexmetals.com\/pt-br\/produto\/prensa-cabos-de-latao-bw-2-partes\/","url":"https:\/\/conexmetals.com\/pt-br\/produto\/prensa-cabos-de-latao-bw-2-partes\/","name":"Prensa-Cabos de Lat\u00e3o BW 2 Partes","isPartOf":{"@id":"https:\/\/conexmetals.com\/pt-br\/#website"},"primaryImageOfPage":{"@id":"https:\/\/conexmetals.com\/pt-br\/produto\/prensa-cabos-de-latao-bw-2-partes\/#primaryimage"},"image":{"@id":"https:\/\/conexmetals.com\/pt-br\/produto\/prensa-cabos-de-latao-bw-2-partes\/#primaryimage"},"thumbnailUrl":"https:\/\/conexmetals.com\/wp-content\/uploads\/2025\/01\/Prensa-Cabos-de-Latao-BW-2-Partes.webp","datePublished":"2023-08-18T07:27:28+00:00","dateModified":"2025-01-22T10:42:11+00:00","description":"Conex Metals, fabricantes e exportadores indianos l\u00edderes de Prensa-Cabos BW e Prensa-Cabos de Lat\u00e3o BW. Oferece Prensa-Cabos de 2 Partes, kits de Prensa-Cabos e pacotes de Prensa-Cabos de Lat\u00e3o nos tamanhos de 20mm a 75mm e acess\u00f3rios NPT. Fornecedores confi\u00e1veis da \u00cdndia.","breadcrumb":{"@id":"https:\/\/conexmetals.com\/pt-br\/produto\/prensa-cabos-de-latao-bw-2-partes\/#breadcrumb"},"inLanguage":"pt-BR","potentialAction":[{"@type":"ReadAction","target":["https:\/\/conexmetals.com\/pt-br\/produto\/prensa-cabos-de-latao-bw-2-partes\/"]}]},{"@type":"ImageObject","inLanguage":"pt-BR","@id":"https:\/\/conexmetals.com\/pt-br\/produto\/prensa-cabos-de-latao-bw-2-partes\/#primaryimage","url":"https:\/\/conexmetals.com\/wp-content\/uploads\/2025\/01\/Prensa-Cabos-de-Latao-BW-2-Partes.webp","contentUrl":"https:\/\/conexmetals.com\/wp-content\/uploads\/2025\/01\/Prensa-Cabos-de-Latao-BW-2-Partes.webp","width":300,"height":300,"caption":"Prensa-Cabos de Lat\u00e3o BW 2 Partes"},{"@type":"BreadcrumbList","@id":"https:\/\/conexmetals.com\/pt-br\/produto\/prensa-cabos-de-latao-bw-2-partes\/#breadcrumb","itemListElement":[{"@type":"ListItem","position":1,"name":"Home","item":"https:\/\/conexmetals.com\/pt-br\/lar\/"},{"@type":"ListItem","position":2,"name":"Products","item":"https:\/\/conexmetals.com\/products\/"},{"@type":"ListItem","position":3,"name":"Prensa-Cabos de Lat\u00e3o BW 2 Partes"}]},{"@type":"WebSite","@id":"https:\/\/conexmetals.com\/pt-br\/#website","url":"https:\/\/conexmetals.com\/pt-br\/","name":"Conex Metals Brass Fittings Brass Parts Copper Parts Brass Components Brass Plumbing Fittings India","description":"Manufacturer of Bronze Fittings casting Copper Brass parts components","publisher":{"@id":"https:\/\/conexmetals.com\/pt-br\/#organization"},"potentialAction":[{"@type":"SearchAction","target":{"@type":"EntryPoint","urlTemplate":"https:\/\/conexmetals.com\/pt-br\/?s={search_term_string}"},"query-input":{"@type":"PropertyValueSpecification","valueRequired":true,"valueName":"search_term_string"}}],"inLanguage":"pt-BR"},{"@type":"Organization","@id":"https:\/\/conexmetals.com\/pt-br\/#organization","name":"Conex Metals Brass Fittings Brass Parts Copper Parts Brass Components Brass Plumbing Fittings India","url":"https:\/\/conexmetals.com\/pt-br\/","logo":{"@type":"ImageObject","inLanguage":"pt-BR","@id":"https:\/\/conexmetals.com\/pt-br\/#\/schema\/logo\/image\/","url":"https:\/\/conexmetals.com\/wp-content\/uploads\/2024\/03\/conex-metals-logo.webp","contentUrl":"https:\/\/conexmetals.com\/wp-content\/uploads\/2024\/03\/conex-metals-logo.webp","width":300,"height":121,"caption":"Conex Metals Brass Fittings Brass Parts Copper Parts Brass Components Brass Plumbing Fittings India"},"image":{"@id":"https:\/\/conexmetals.com\/pt-br\/#\/schema\/logo\/image\/"},"sameAs":["https:\/\/www.facebook.com\/conexbrass","https:\/\/x.com\/conexindia","https:\/\/www.linkedin.com\/company\/conex-metals-india\/","https:\/\/www.instagram.com\/conexindia\/"]}]}},"_links":{"self":[{"href":"https:\/\/conexmetals.com\/pt-br\/wp-json\/wp\/v2\/product\/13421","targetHints":{"allow":["GET"]}}],"collection":[{"href":"https:\/\/conexmetals.com\/pt-br\/wp-json\/wp\/v2\/product"}],"about":[{"href":"https:\/\/conexmetals.com\/pt-br\/wp-json\/wp\/v2\/types\/product"}],"wp:featuredmedia":[{"embeddable":true,"href":"https:\/\/conexmetals.com\/pt-br\/wp-json\/wp\/v2\/media\/13219"}],"wp:attachment":[{"href":"https:\/\/conexmetals.com\/pt-br\/wp-json\/wp\/v2\/media?parent=13421"}],"wp:term":[{"taxonomy":"product_brand","embeddable":true,"href":"https:\/\/conexmetals.com\/pt-br\/wp-json\/wp\/v2\/product_brand?post=13421"},{"taxonomy":"product_cat","embeddable":true,"href":"https:\/\/conexmetals.com\/pt-br\/wp-json\/wp\/v2\/product_cat?post=13421"},{"taxonomy":"product_tag","embeddable":true,"href":"https:\/\/conexmetals.com\/pt-br\/wp-json\/wp\/v2\/product_tag?post=13421"}],"curies":[{"name":"wp","href":"https:\/\/api.w.org\/{rel}","templated":true}]}}