{"id":13431,"date":"2023-08-18T13:02:45","date_gmt":"2023-08-18T07:32:45","guid":{"rendered":"https:\/\/conexmetals.com\/?post_type=product&#038;p=13431"},"modified":"2025-01-20T16:38:47","modified_gmt":"2025-01-20T11:08:47","slug":"kit-pack-de-prensa-cabos","status":"publish","type":"product","link":"https:\/\/conexmetals.com\/pt-br\/produto\/kit-pack-de-prensa-cabos\/","title":{"rendered":"Kit Pack de Prensa-Cabos"},"content":{"rendered":"","protected":false},"excerpt":{"rendered":"<p><span>Um Cable Gland Kit Pack \u00e9 uma solu\u00e7\u00e3o abrangente que cont\u00e9m todos os componentes essenciais para termina\u00e7\u00f5es de cabos, incluindo Cable Glands, Lock Nuts, Earth Tags e PVC Shrouds. Cada kit apresenta dois conjuntos para tamanhos de at\u00e9 32 mm e um conjunto para tamanhos maiores. Este pacote conveniente garante que os usu\u00e1rios tenham todas as pe\u00e7as necess\u00e1rias para uma termina\u00e7\u00e3o de cabo completa e confi\u00e1vel.<\/span><\/p>\n<p><strong><span>Caracter\u00edsticas adicionais:<\/span><\/strong><\/p>\n<ul>\n<li><span>Cart\u00f5es de cabe\u00e7alho personalizados com seu nome e logotipo est\u00e3o dispon\u00edveis gratuitamente.<\/span><\/li>\n<li><span>Coberturas LSF (baixa emiss\u00e3o de fuma\u00e7a e gases) podem ser fornecidas mediante solicita\u00e7\u00e3o.<\/span><\/li>\n<\/ul>\n<table id=\"tablepress-415\" class=\"tablepress tablepress-id-415\">\n<caption>\u00a0<\/caption>\n<thead>\n<tr class=\"row-1 odd\">\n<th class=\"column-1\" colspan=\"2\"><strong><span>Detalhes do kit<\/span><\/strong><\/th>\n<\/tr>\n<\/thead>\n<tbody class=\"row-hover\">\n<tr class=\"row-2 even\">\n<td class=\"column-1\"><strong><span>Tamanho<\/span><\/strong><\/td>\n<td class=\"column-2\"><strong><span>Componentes por Kit<\/span><\/strong><\/td>\n<\/tr>\n<tr class=\"row-3 odd\">\n<td class=\"column-1\"><span>20 \u2013 25<\/span><\/td>\n<td class=\"column-2\"><span>2 cada: Prensa-cabos, porcas de seguran\u00e7a, etiquetas de aterramento, prote\u00e7\u00f5es de PVC, parafusos<\/span><\/td>\n<\/tr>\n<tr class=\"row-4 even\">\n<td class=\"column-1\"><span>32 \u2013 90<\/span><\/td>\n<td class=\"column-2\"><span>1 cada: Gl\u00e2ndula, Porca de Trava, Etiqueta de Terra, Cobertura de PVC, Parafuso<\/span><\/td>\n<\/tr>\n<\/tbody>\n<\/table>\n<p><span>Um kit de prensa-cabos, geralmente chamado de kit de prensa-cabos ou pacote de prensa-cabos, \u00e9 uma cole\u00e7\u00e3o de componentes que inclui prensa-cabos junto com v\u00e1rios acess\u00f3rios e itens associados necess\u00e1rios para entrada e gerenciamento de cabos. Esses kits s\u00e3o projetados para fornecer uma solu\u00e7\u00e3o abrangente para proteger, vedar e gerenciar cabos conforme eles entram em gabinetes, caixas de jun\u00e7\u00e3o ou equipamentos.<\/span><\/p>\n<p><span>Veja o que voc\u00ea pode encontrar em um kit t\u00edpico de prensa-cabos:<\/span><\/p>\n<ol>\n<li><b><\/b><strong><b><span>Prensa-cabos:<\/span><\/b><\/strong><span>\u00a0O componente central do kit s\u00e3o os pr\u00f3prios prensa-cabos. Esses s\u00e3o componentes rosqueados projetados para criar um ponto de entrada seguro e selado para cabos.<\/span><\/li>\n<li><b><\/b><strong><b><span>Porcas de seguran\u00e7a:<\/span><\/b><\/strong><span>\u00a0As porcas de seguran\u00e7a s\u00e3o inclu\u00eddas para prender os prensa-cabos ao gabinete ou equipamento, evitando que eles se soltem devido a vibra\u00e7\u00f5es ou movimentos.<\/span><\/li>\n<li><b><\/b><strong><b><span>Arruelas de veda\u00e7\u00e3o ou an\u00e9is de veda\u00e7\u00e3o:<\/span><\/b><\/strong><span>\u00a0esses acess\u00f3rios melhoram as propriedades de veda\u00e7\u00e3o dos prensa-cabos, garantindo uma veda\u00e7\u00e3o estanque e \u00e0 prova de intemp\u00e9ries ao redor do ponto de entrada do cabo.<\/span><\/li>\n<li><b><\/b><strong><b><span>Coberturas:<\/span><\/b><\/strong><span>\u00a0Coberturas s\u00e3o usadas para fornecer prote\u00e7\u00e3o adicional ao ponto de entrada do cabo, protegendo-o de fatores ambientais como poeira, umidade e danos f\u00edsicos.<\/span><\/li>\n<li><b><\/b><strong><b><span>Etiquetas de aterramento:<\/span><\/b><\/strong><span>\u00a0alguns kits de prensa-cabos podem incluir etiquetas de aterramento, que fornecem uma conex\u00e3o de aterramento para seguran\u00e7a el\u00e9trica.<\/span><\/li>\n<li><b><\/b><strong><b><span>Dispositivos de travamento:<\/span><\/b><\/strong><span>\u00a0Dispositivos de travamento podem ser inclu\u00eddos para proteger os prensa-cabos e impedir acesso n\u00e3o autorizado ou adultera\u00e7\u00e3o.<\/span><\/li>\n<li><b><\/b><strong><b><span>Conversores de rosca:<\/span><\/b><\/strong><span>\u00a0Se necess\u00e1rio, conversores ou adaptadores de rosca podem ser inclu\u00eddos para permitir que diferentes tamanhos ou tipos de rosca sejam usados \u200b\u200bjuntos.<\/span><\/li>\n<\/ol>\n<p><span>Os pacotes de kit de prensa-cabos s\u00e3o projetados para oferecer conveni\u00eancia e garantir que todos os componentes necess\u00e1rios para um ponto de entrada de cabo estejam dispon\u00edveis em um \u00fanico pacote. Eles s\u00e3o comumente usados \u200b\u200bem v\u00e1rias aplica\u00e7\u00f5es industriais, comerciais e residenciais para simplificar os processos de gerenciamento e instala\u00e7\u00e3o de cabos.<\/span><\/p>\n","protected":false},"featured_media":13242,"template":"","meta":[],"product_brand":[],"product_cat":[369],"product_tag":[],"class_list":{"0":"post-13431","1":"product","2":"type-product","3":"status-publish","4":"has-post-thumbnail","6":"product_cat-acessorios-para-prensa-cabos","8":"first","9":"instock","10":"shipping-taxable","11":"product-type-simple"},"yoast_head":"<!-- This site is optimized with the Yoast SEO plugin v27.3 - https:\/\/yoast.com\/product\/yoast-seo-wordpress\/ -->\n<title>Kit Pack de Prensa-Cabos<\/title>\n<meta name=\"description\" content=\"Conex Metals oferece um Kit Pack de Prensa-Cabos completo, incluindo Prensa-Cabo SWA, Prensa-Cabos Blindados, Prensa-Cabo de Lat\u00e3o, Prensa-Cabo m20, Prensa-Cabo a2, Prensa-Cabo bw, Prensa-Cabo IP67 e Prensa-Cabo de 4mm. Como fabricantes, exportadores e fornecedores l\u00edderes na \u00cdndia, a Conex Metals garante produtos de alta qualidade\" \/>\n<meta name=\"robots\" content=\"index, follow, max-snippet:-1, max-image-preview:large, max-video-preview:-1\" \/>\n<link rel=\"canonical\" href=\"https:\/\/conexmetals.com\/pt-br\/produto\/kit-pack-de-prensa-cabos\/\" \/>\n<script type=\"application\/ld+json\" class=\"yoast-schema-graph\">{\"@context\":\"https:\\\/\\\/schema.org\",\"@graph\":[{\"@type\":\"WebPage\",\"@id\":\"https:\\\/\\\/conexmetals.com\\\/pt-br\\\/produto\\\/kit-pack-de-prensa-cabos\\\/\",\"url\":\"https:\\\/\\\/conexmetals.com\\\/pt-br\\\/produto\\\/kit-pack-de-prensa-cabos\\\/\",\"name\":\"Kit Pack de Prensa-Cabos\",\"isPartOf\":{\"@id\":\"https:\\\/\\\/conexmetals.com\\\/pt-br\\\/#website\"},\"primaryImageOfPage\":{\"@id\":\"https:\\\/\\\/conexmetals.com\\\/pt-br\\\/produto\\\/kit-pack-de-prensa-cabos\\\/#primaryimage\"},\"image\":{\"@id\":\"https:\\\/\\\/conexmetals.com\\\/pt-br\\\/produto\\\/kit-pack-de-prensa-cabos\\\/#primaryimage\"},\"thumbnailUrl\":\"https:\\\/\\\/conexmetals.com\\\/wp-content\\\/uploads\\\/2025\\\/01\\\/Kit-Pack-de-Prensa-Cabos.webp\",\"datePublished\":\"2023-08-18T07:32:45+00:00\",\"dateModified\":\"2025-01-20T11:08:47+00:00\",\"description\":\"Conex Metals oferece um Kit Pack de Prensa-Cabos completo, incluindo Prensa-Cabo SWA, Prensa-Cabos Blindados, Prensa-Cabo de Lat\u00e3o, Prensa-Cabo m20, Prensa-Cabo a2, Prensa-Cabo bw, Prensa-Cabo IP67 e Prensa-Cabo de 4mm. Como fabricantes, exportadores e fornecedores l\u00edderes na \u00cdndia, a Conex Metals garante produtos de alta qualidade\",\"breadcrumb\":{\"@id\":\"https:\\\/\\\/conexmetals.com\\\/pt-br\\\/produto\\\/kit-pack-de-prensa-cabos\\\/#breadcrumb\"},\"inLanguage\":\"pt-BR\",\"potentialAction\":[{\"@type\":\"ReadAction\",\"target\":[\"https:\\\/\\\/conexmetals.com\\\/pt-br\\\/produto\\\/kit-pack-de-prensa-cabos\\\/\"]}]},{\"@type\":\"ImageObject\",\"inLanguage\":\"pt-BR\",\"@id\":\"https:\\\/\\\/conexmetals.com\\\/pt-br\\\/produto\\\/kit-pack-de-prensa-cabos\\\/#primaryimage\",\"url\":\"https:\\\/\\\/conexmetals.com\\\/wp-content\\\/uploads\\\/2025\\\/01\\\/Kit-Pack-de-Prensa-Cabos.webp\",\"contentUrl\":\"https:\\\/\\\/conexmetals.com\\\/wp-content\\\/uploads\\\/2025\\\/01\\\/Kit-Pack-de-Prensa-Cabos.webp\",\"width\":300,\"height\":300,\"caption\":\"Kit Pack de Prensa-Cabos\"},{\"@type\":\"BreadcrumbList\",\"@id\":\"https:\\\/\\\/conexmetals.com\\\/pt-br\\\/produto\\\/kit-pack-de-prensa-cabos\\\/#breadcrumb\",\"itemListElement\":[{\"@type\":\"ListItem\",\"position\":1,\"name\":\"Home\",\"item\":\"https:\\\/\\\/conexmetals.com\\\/pt-br\\\/lar\\\/\"},{\"@type\":\"ListItem\",\"position\":2,\"name\":\"Products\",\"item\":\"https:\\\/\\\/conexmetals.com\\\/products\\\/\"},{\"@type\":\"ListItem\",\"position\":3,\"name\":\"Kit Pack de Prensa-Cabos\"}]},{\"@type\":\"WebSite\",\"@id\":\"https:\\\/\\\/conexmetals.com\\\/pt-br\\\/#website\",\"url\":\"https:\\\/\\\/conexmetals.com\\\/pt-br\\\/\",\"name\":\"Conex Metals Brass Fittings Brass Parts Copper Parts Brass Components Brass Plumbing Fittings India\",\"description\":\"Manufacturer of Bronze Fittings casting Copper Brass parts components\",\"publisher\":{\"@id\":\"https:\\\/\\\/conexmetals.com\\\/pt-br\\\/#organization\"},\"potentialAction\":[{\"@type\":\"SearchAction\",\"target\":{\"@type\":\"EntryPoint\",\"urlTemplate\":\"https:\\\/\\\/conexmetals.com\\\/pt-br\\\/?s={search_term_string}\"},\"query-input\":{\"@type\":\"PropertyValueSpecification\",\"valueRequired\":true,\"valueName\":\"search_term_string\"}}],\"inLanguage\":\"pt-BR\"},{\"@type\":\"Organization\",\"@id\":\"https:\\\/\\\/conexmetals.com\\\/pt-br\\\/#organization\",\"name\":\"Conex Metals Brass Fittings Brass Parts Copper Parts Brass Components Brass Plumbing Fittings India\",\"url\":\"https:\\\/\\\/conexmetals.com\\\/pt-br\\\/\",\"logo\":{\"@type\":\"ImageObject\",\"inLanguage\":\"pt-BR\",\"@id\":\"https:\\\/\\\/conexmetals.com\\\/pt-br\\\/#\\\/schema\\\/logo\\\/image\\\/\",\"url\":\"https:\\\/\\\/conexmetals.com\\\/wp-content\\\/uploads\\\/2024\\\/03\\\/conex-metals-logo.webp\",\"contentUrl\":\"https:\\\/\\\/conexmetals.com\\\/wp-content\\\/uploads\\\/2024\\\/03\\\/conex-metals-logo.webp\",\"width\":300,\"height\":121,\"caption\":\"Conex Metals Brass Fittings Brass Parts Copper Parts Brass Components Brass Plumbing Fittings India\"},\"image\":{\"@id\":\"https:\\\/\\\/conexmetals.com\\\/pt-br\\\/#\\\/schema\\\/logo\\\/image\\\/\"},\"sameAs\":[\"https:\\\/\\\/www.facebook.com\\\/conexbrass\",\"https:\\\/\\\/x.com\\\/conexindia\",\"https:\\\/\\\/www.linkedin.com\\\/company\\\/conex-metals-india\\\/\",\"https:\\\/\\\/www.instagram.com\\\/conexindia\\\/\"]}]}<\/script>\n<!-- \/ Yoast SEO plugin. -->","yoast_head_json":{"title":"Kit Pack de Prensa-Cabos","description":"Conex Metals oferece um Kit Pack de Prensa-Cabos completo, incluindo Prensa-Cabo SWA, Prensa-Cabos Blindados, Prensa-Cabo de Lat\u00e3o, Prensa-Cabo m20, Prensa-Cabo a2, Prensa-Cabo bw, Prensa-Cabo IP67 e Prensa-Cabo de 4mm. Como fabricantes, exportadores e fornecedores l\u00edderes na \u00cdndia, a Conex Metals garante produtos de alta qualidade","robots":{"index":"index","follow":"follow","max-snippet":"max-snippet:-1","max-image-preview":"max-image-preview:large","max-video-preview":"max-video-preview:-1"},"canonical":"https:\/\/conexmetals.com\/pt-br\/produto\/kit-pack-de-prensa-cabos\/","schema":{"@context":"https:\/\/schema.org","@graph":[{"@type":"WebPage","@id":"https:\/\/conexmetals.com\/pt-br\/produto\/kit-pack-de-prensa-cabos\/","url":"https:\/\/conexmetals.com\/pt-br\/produto\/kit-pack-de-prensa-cabos\/","name":"Kit Pack de Prensa-Cabos","isPartOf":{"@id":"https:\/\/conexmetals.com\/pt-br\/#website"},"primaryImageOfPage":{"@id":"https:\/\/conexmetals.com\/pt-br\/produto\/kit-pack-de-prensa-cabos\/#primaryimage"},"image":{"@id":"https:\/\/conexmetals.com\/pt-br\/produto\/kit-pack-de-prensa-cabos\/#primaryimage"},"thumbnailUrl":"https:\/\/conexmetals.com\/wp-content\/uploads\/2025\/01\/Kit-Pack-de-Prensa-Cabos.webp","datePublished":"2023-08-18T07:32:45+00:00","dateModified":"2025-01-20T11:08:47+00:00","description":"Conex Metals oferece um Kit Pack de Prensa-Cabos completo, incluindo Prensa-Cabo SWA, Prensa-Cabos Blindados, Prensa-Cabo de Lat\u00e3o, Prensa-Cabo m20, Prensa-Cabo a2, Prensa-Cabo bw, Prensa-Cabo IP67 e Prensa-Cabo de 4mm. Como fabricantes, exportadores e fornecedores l\u00edderes na \u00cdndia, a Conex Metals garante produtos de alta qualidade","breadcrumb":{"@id":"https:\/\/conexmetals.com\/pt-br\/produto\/kit-pack-de-prensa-cabos\/#breadcrumb"},"inLanguage":"pt-BR","potentialAction":[{"@type":"ReadAction","target":["https:\/\/conexmetals.com\/pt-br\/produto\/kit-pack-de-prensa-cabos\/"]}]},{"@type":"ImageObject","inLanguage":"pt-BR","@id":"https:\/\/conexmetals.com\/pt-br\/produto\/kit-pack-de-prensa-cabos\/#primaryimage","url":"https:\/\/conexmetals.com\/wp-content\/uploads\/2025\/01\/Kit-Pack-de-Prensa-Cabos.webp","contentUrl":"https:\/\/conexmetals.com\/wp-content\/uploads\/2025\/01\/Kit-Pack-de-Prensa-Cabos.webp","width":300,"height":300,"caption":"Kit Pack de Prensa-Cabos"},{"@type":"BreadcrumbList","@id":"https:\/\/conexmetals.com\/pt-br\/produto\/kit-pack-de-prensa-cabos\/#breadcrumb","itemListElement":[{"@type":"ListItem","position":1,"name":"Home","item":"https:\/\/conexmetals.com\/pt-br\/lar\/"},{"@type":"ListItem","position":2,"name":"Products","item":"https:\/\/conexmetals.com\/products\/"},{"@type":"ListItem","position":3,"name":"Kit Pack de Prensa-Cabos"}]},{"@type":"WebSite","@id":"https:\/\/conexmetals.com\/pt-br\/#website","url":"https:\/\/conexmetals.com\/pt-br\/","name":"Conex Metals Brass Fittings Brass Parts Copper Parts Brass Components Brass Plumbing Fittings India","description":"Manufacturer of Bronze Fittings casting Copper Brass parts components","publisher":{"@id":"https:\/\/conexmetals.com\/pt-br\/#organization"},"potentialAction":[{"@type":"SearchAction","target":{"@type":"EntryPoint","urlTemplate":"https:\/\/conexmetals.com\/pt-br\/?s={search_term_string}"},"query-input":{"@type":"PropertyValueSpecification","valueRequired":true,"valueName":"search_term_string"}}],"inLanguage":"pt-BR"},{"@type":"Organization","@id":"https:\/\/conexmetals.com\/pt-br\/#organization","name":"Conex Metals Brass Fittings Brass Parts Copper Parts Brass Components Brass Plumbing Fittings India","url":"https:\/\/conexmetals.com\/pt-br\/","logo":{"@type":"ImageObject","inLanguage":"pt-BR","@id":"https:\/\/conexmetals.com\/pt-br\/#\/schema\/logo\/image\/","url":"https:\/\/conexmetals.com\/wp-content\/uploads\/2024\/03\/conex-metals-logo.webp","contentUrl":"https:\/\/conexmetals.com\/wp-content\/uploads\/2024\/03\/conex-metals-logo.webp","width":300,"height":121,"caption":"Conex Metals Brass Fittings Brass Parts Copper Parts Brass Components Brass Plumbing Fittings India"},"image":{"@id":"https:\/\/conexmetals.com\/pt-br\/#\/schema\/logo\/image\/"},"sameAs":["https:\/\/www.facebook.com\/conexbrass","https:\/\/x.com\/conexindia","https:\/\/www.linkedin.com\/company\/conex-metals-india\/","https:\/\/www.instagram.com\/conexindia\/"]}]}},"_links":{"self":[{"href":"https:\/\/conexmetals.com\/pt-br\/wp-json\/wp\/v2\/product\/13431","targetHints":{"allow":["GET"]}}],"collection":[{"href":"https:\/\/conexmetals.com\/pt-br\/wp-json\/wp\/v2\/product"}],"about":[{"href":"https:\/\/conexmetals.com\/pt-br\/wp-json\/wp\/v2\/types\/product"}],"wp:featuredmedia":[{"embeddable":true,"href":"https:\/\/conexmetals.com\/pt-br\/wp-json\/wp\/v2\/media\/13242"}],"wp:attachment":[{"href":"https:\/\/conexmetals.com\/pt-br\/wp-json\/wp\/v2\/media?parent=13431"}],"wp:term":[{"taxonomy":"product_brand","embeddable":true,"href":"https:\/\/conexmetals.com\/pt-br\/wp-json\/wp\/v2\/product_brand?post=13431"},{"taxonomy":"product_cat","embeddable":true,"href":"https:\/\/conexmetals.com\/pt-br\/wp-json\/wp\/v2\/product_cat?post=13431"},{"taxonomy":"product_tag","embeddable":true,"href":"https:\/\/conexmetals.com\/pt-br\/wp-json\/wp\/v2\/product_tag?post=13431"}],"curies":[{"name":"wp","href":"https:\/\/api.w.org\/{rel}","templated":true}]}}