{"id":13440,"date":"2023-08-18T12:58:17","date_gmt":"2023-08-18T07:28:17","guid":{"rendered":"https:\/\/conexmetals.com\/?post_type=product&#038;p=13440"},"modified":"2025-01-20T16:55:28","modified_gmt":"2025-01-20T11:25:28","slug":"prensa-cabos-industriais-cxt","status":"publish","type":"product","link":"https:\/\/conexmetals.com\/pt-br\/produto\/prensa-cabos-industriais-cxt\/","title":{"rendered":"Prensa-Cabos Industriais CXT"},"content":{"rendered":"","protected":false},"excerpt":{"rendered":"<table id=\"tablepress-416\" class=\"tablepress tablepress-id-416\">\n<caption>\u00a0<\/caption>\n<thead>\n<tr class=\"row-1 odd\">\n<th class=\"column-1\" colspan=\"8\"><strong><span>Ficha T\u00e9cnica<\/span><\/strong><\/th>\n<\/tr>\n<\/thead>\n<tbody class=\"row-hover\">\n<tr class=\"row-2 even\">\n<td class=\"column-1\" rowspan=\"2\"><strong><span>Tamanho do prensa-cabo<\/span><\/strong><\/td>\n<td class=\"column-2\" rowspan=\"2\"><strong><span>T\u00f3pico de entrada &#8220;C&#8221;<\/span><\/strong><\/td>\n<td class=\"column-3\" rowspan=\"2\"><strong><span>Comprimento da rosca (m\u00e9trico) &#8216;E&#8217;<\/span><\/strong><\/td>\n<td class=\"column-4\" rowspan=\"2\"><strong><span>Comprimento da sali\u00eancia &#8216;F&#8217;<\/span><\/strong><\/td>\n<td class=\"column-5\"><strong><span>Atrav\u00e9s dos apartamentos &#8216;D&#8217;<\/span><\/strong><\/td>\n<td class=\"column-6\"><strong><span>Atrav\u00e9s dos cantos &#8216;D&#8217;<\/span><\/strong><\/td>\n<td class=\"column-7\"><strong><span>Di\u00e2metro total do cabo &#8216;A&#8217;<\/span><\/strong><\/td>\n<td class=\"column-8\"><strong><span>#colspan#<\/span><\/strong><\/td>\n<\/tr>\n<tr class=\"row-3 odd\">\n<td class=\"column-5\"><strong><span>M\u00e1x.<\/span><\/strong><\/td>\n<td class=\"column-6\"><strong><span>M\u00e1x.<\/span><\/strong><\/td>\n<td class=\"column-7\"><strong><span>M\u00ednimo<\/span><\/strong><\/td>\n<td class=\"column-8\"><strong><span>M\u00e1x.<\/span><\/strong><\/td>\n<\/tr>\n<tr class=\"row-4 even\">\n<td class=\"column-1\"><span>20S16<\/span><\/td>\n<td class=\"column-2\"><span>M20<\/span><\/td>\n<td class=\"column-3\"><span>15<\/span><\/td>\n<td class=\"column-4\"><span>25,4<\/span><\/td>\n<td class=\"column-5\"><span>24<\/span><\/td>\n<td class=\"column-6\"><span>26.4<\/span><\/td>\n<td class=\"column-7\"><span>3.2<\/span><\/td>\n<td class=\"column-8\"><span>8.7<\/span><\/td>\n<\/tr>\n<tr class=\"row-5 odd\">\n<td class=\"column-1\"><span>Anos 20<\/span><\/td>\n<td class=\"column-2\"><span>M20<\/span><\/td>\n<td class=\"column-3\"><span>15<\/span><\/td>\n<td class=\"column-4\"><span>25,4<\/span><\/td>\n<td class=\"column-5\"><span>24<\/span><\/td>\n<td class=\"column-6\"><span>26.4<\/span><\/td>\n<td class=\"column-7\"><span>6.1<\/span><\/td>\n<td class=\"column-8\"><span>11.7<\/span><\/td>\n<\/tr>\n<tr class=\"row-6 even\">\n<td class=\"column-1\"><span>20<\/span><\/td>\n<td class=\"column-2\"><span>M20<\/span><\/td>\n<td class=\"column-3\"><span>15<\/span><\/td>\n<td class=\"column-4\"><span>27.2<\/span><\/td>\n<td class=\"column-5\"><span>27<\/span><\/td>\n<td class=\"column-6\"><span>29,7<\/span><\/td>\n<td class=\"column-7\"><span>6.5<\/span><\/td>\n<td class=\"column-8\"><span>14<\/span><\/td>\n<\/tr>\n<tr class=\"row-7 odd\">\n<td class=\"column-1\"><span>25<\/span><\/td>\n<td class=\"column-2\"><span>M25<\/span><\/td>\n<td class=\"column-3\"><span>15<\/span><\/td>\n<td class=\"column-4\"><span>36,3<\/span><\/td>\n<td class=\"column-5\"><span>36<\/span><\/td>\n<td class=\"column-6\"><span>39,6<\/span><\/td>\n<td class=\"column-7\"><span>11.1<\/span><\/td>\n<td class=\"column-8\"><span>20<\/span><\/td>\n<\/tr>\n<tr class=\"row-8 even\">\n<td class=\"column-1\"><span>32<\/span><\/td>\n<td class=\"column-2\"><span>M32<\/span><\/td>\n<td class=\"column-3\"><span>15<\/span><\/td>\n<td class=\"column-4\"><span>34,5<\/span><\/td>\n<td class=\"column-5\"><span>41<\/span><\/td>\n<td class=\"column-6\"><span>45.1<\/span><\/td>\n<td class=\"column-7\"><span>17<\/span><\/td>\n<td class=\"column-8\"><span>26.3<\/span><\/td>\n<\/tr>\n<tr class=\"row-9 odd\">\n<td class=\"column-1\"><span>40<\/span><\/td>\n<td class=\"column-2\"><span>M40<\/span><\/td>\n<td class=\"column-3\"><span>15<\/span><\/td>\n<td class=\"column-4\"><span>35,6<\/span><\/td>\n<td class=\"column-5\"><span>50<\/span><\/td>\n<td class=\"column-6\"><span>55<\/span><\/td>\n<td class=\"column-7\"><span>23,5<\/span><\/td>\n<td class=\"column-8\"><span>32.2<\/span><\/td>\n<\/tr>\n<tr class=\"row-10 even\">\n<td class=\"column-1\"><span>Anos 50<\/span><\/td>\n<td class=\"column-2\"><span>M50<\/span><\/td>\n<td class=\"column-3\"><span>15<\/span><\/td>\n<td class=\"column-4\"><span>32,3<\/span><\/td>\n<td class=\"column-5\"><span>55<\/span><\/td>\n<td class=\"column-6\"><span>60,5<\/span><\/td>\n<td class=\"column-7\"><span>31<\/span><\/td>\n<td class=\"column-8\"><span>38.2<\/span><\/td>\n<\/tr>\n<tr class=\"row-11 odd\">\n<td class=\"column-1\"><span>50<\/span><\/td>\n<td class=\"column-2\"><span>M50<\/span><\/td>\n<td class=\"column-3\"><span>15<\/span><\/td>\n<td class=\"column-4\"><span>36,6<\/span><\/td>\n<td class=\"column-5\"><span>60<\/span><\/td>\n<td class=\"column-6\"><span>66<\/span><\/td>\n<td class=\"column-7\"><span>35,6<\/span><\/td>\n<td class=\"column-8\"><span>44<\/span><\/td>\n<\/tr>\n<tr class=\"row-12 even\">\n<td class=\"column-1\"><span>63S<\/span><\/td>\n<td class=\"column-2\"><span>M63<\/span><\/td>\n<td class=\"column-3\"><span>15<\/span><\/td>\n<td class=\"column-4\"><span>33,5<\/span><\/td>\n<td class=\"column-5\"><span>70,5<\/span><\/td>\n<td class=\"column-6\"><span>77,6<\/span><\/td>\n<td class=\"column-7\"><span>41,5<\/span><\/td>\n<td class=\"column-8\"><span>49,9<\/span><\/td>\n<\/tr>\n<tr class=\"row-13 odd\">\n<td class=\"column-1\"><span>63<\/span><\/td>\n<td class=\"column-2\"><span>M63<\/span><\/td>\n<td class=\"column-3\"><span>15<\/span><\/td>\n<td class=\"column-4\"><span>35,8<\/span><\/td>\n<td class=\"column-5\"><span>75<\/span><\/td>\n<td class=\"column-6\"><span>82,5<\/span><\/td>\n<td class=\"column-7\"><span>47,2<\/span><\/td>\n<td class=\"column-8\"><span>55,9<\/span><\/td>\n<\/tr>\n<tr class=\"row-14 even\">\n<td class=\"column-1\"><span>Anos 75<\/span><\/td>\n<td class=\"column-2\"><span>M75<\/span><\/td>\n<td class=\"column-3\"><span>15<\/span><\/td>\n<td class=\"column-4\"><span>36,8<\/span><\/td>\n<td class=\"column-5\"><span>80<\/span><\/td>\n<td class=\"column-6\"><span>88<\/span><\/td>\n<td class=\"column-7\"><span>54<\/span><\/td>\n<td class=\"column-8\"><span>61,9<\/span><\/td>\n<\/tr>\n<tr class=\"row-15 odd\">\n<td class=\"column-1\"><span>75<\/span><\/td>\n<td class=\"column-2\"><span>M75<\/span><\/td>\n<td class=\"column-3\"><span>15<\/span><\/td>\n<td class=\"column-4\"><span>40,6<\/span><\/td>\n<td class=\"column-5\"><span>84<\/span><\/td>\n<td class=\"column-6\"><span>92,4<\/span><\/td>\n<td class=\"column-7\"><span>61.1<\/span><\/td>\n<td class=\"column-8\"><span>67,9<\/span><\/td>\n<\/tr>\n<tr class=\"row-16 even\">\n<td class=\"column-1\"><span>90<\/span><\/td>\n<td class=\"column-2\"><span>M90<\/span><\/td>\n<td class=\"column-3\"><span>24<\/span><\/td>\n<td class=\"column-4\"><span>58,3<\/span><\/td>\n<td class=\"column-5\"><span>108<\/span><\/td>\n<td class=\"column-6\"><span>118,8<\/span><\/td>\n<td class=\"column-7\"><span>66,6<\/span><\/td>\n<td class=\"column-8\"><span>79,9<\/span><\/td>\n<\/tr>\n<tr class=\"row-17 odd\">\n<td class=\"column-1\"><span>100<\/span><\/td>\n<td class=\"column-2\"><span>M100<\/span><\/td>\n<td class=\"column-3\"><span>24<\/span><\/td>\n<td class=\"column-4\"><span>55,2<\/span><\/td>\n<td class=\"column-5\"><span>123<\/span><\/td>\n<td class=\"column-6\"><span>135,3<\/span><\/td>\n<td class=\"column-7\"><span>76<\/span><\/td>\n<td class=\"column-8\"><span>91<\/span><\/td>\n<\/tr>\n<tr class=\"row-18 even\">\n<td class=\"column-1\"><span>115<\/span><\/td>\n<td class=\"column-2\"><span>M115<\/span><\/td>\n<td class=\"column-3\"><span>24<\/span><\/td>\n<td class=\"column-4\"><span>65,2<\/span><\/td>\n<td class=\"column-5\"><span>133,4<\/span><\/td>\n<td class=\"column-6\"><span>146,7<\/span><\/td>\n<td class=\"column-7\"><span>86<\/span><\/td>\n<td class=\"column-8\"><span>97,9<\/span><\/td>\n<\/tr>\n<tr class=\"row-19 odd\">\n<td class=\"column-1\"><span>130<\/span><\/td>\n<td class=\"column-2\"><span>M130<\/span><\/td>\n<td class=\"column-3\"><span>24<\/span><\/td>\n<td class=\"column-4\"><span>73,9<\/span><\/td>\n<td class=\"column-5\"><span>152,4<\/span><\/td>\n<td class=\"column-6\"><span>167,6<\/span><\/td>\n<td class=\"column-7\"><span>97<\/span><\/td>\n<td class=\"column-8\"><span>114,9<\/span><\/td>\n<\/tr>\n<\/tbody>\n<\/table>\n<p><strong><img fetchpriority=\"high\" decoding=\"async\" class=\"size-full wp-image-13060 alignright lazy loaded\" src=\"https:\/\/conexmetals.com\/wp-content\/uploads\/2023\/08\/CXT-Industrial-Cable-Glands-2.png\" alt=\"Prensa-cabos industriais CXT\" width=\"241\" height=\"228\" data-src=\"https:\/\/conexmetals.com\/wp-content\/uploads\/2023\/08\/CXT-Industrial-Cable-Glands-2.png\" data-was-processed=\"true\" \/><span>Caracter\u00edsticas:<\/span><\/strong><span>\u00a0Conforme BS 6121 pt. 1, adequado para cabos tran\u00e7ados flex\u00edveis (cabos CY, YY e SY). Fornece veda\u00e7\u00e3o na capa externa do cabo e prende a tran\u00e7a de fios para continuidade el\u00e9trica. Dispon\u00edvel com arruelas, porcas de seguran\u00e7a e prote\u00e7\u00f5es de PVC. Tamb\u00e9m dispon\u00edvel em pacotes de kits de prensa-cabos CXT.<\/span><\/p>\n<p><strong><span>Tamanho da gl\u00e2ndula:<\/span><\/strong><span>\u00a0de 20 mm a 50 mm<\/span><\/p>\n<p><strong><span>Material:<\/span><\/strong><span>\u00a0Lat\u00e3o e Alum\u00ednio<\/span><\/p>\n<p><strong><span>Classifica\u00e7\u00e3o IP:<\/span><\/strong><span>\u00a0IP 66<\/span><\/p>\n","protected":false},"featured_media":13253,"template":"","meta":[],"product_brand":[],"product_cat":[365],"product_tag":[],"class_list":{"0":"post-13440","1":"product","2":"type-product","3":"status-publish","4":"has-post-thumbnail","6":"product_cat-prensa-cabos","8":"first","9":"instock","10":"shipping-taxable","11":"product-type-simple"},"yoast_head":"<!-- This site is optimized with the Yoast SEO plugin v27.3 - https:\/\/yoast.com\/product\/yoast-seo-wordpress\/ -->\n<title>Prensa-Cabos Industriais CXT<\/title>\n<meta name=\"description\" content=\"Conex Metals \u00e9 especializada em Prensa-Cabos Industriais CXT projetados para cabos SS e YY. Como fornecedores e exportadores l\u00edderes da \u00cdndia, entregamos solu\u00e7\u00f5es de Prensa-Cabos premium com foco em precis\u00e3o e durabilidade.\" \/>\n<meta name=\"robots\" content=\"index, follow, max-snippet:-1, max-image-preview:large, max-video-preview:-1\" \/>\n<link rel=\"canonical\" href=\"https:\/\/conexmetals.com\/pt-br\/produto\/prensa-cabos-industriais-cxt\/\" \/>\n<script type=\"application\/ld+json\" class=\"yoast-schema-graph\">{\"@context\":\"https:\\\/\\\/schema.org\",\"@graph\":[{\"@type\":\"WebPage\",\"@id\":\"https:\\\/\\\/conexmetals.com\\\/pt-br\\\/produto\\\/prensa-cabos-industriais-cxt\\\/\",\"url\":\"https:\\\/\\\/conexmetals.com\\\/pt-br\\\/produto\\\/prensa-cabos-industriais-cxt\\\/\",\"name\":\"Prensa-Cabos Industriais CXT\",\"isPartOf\":{\"@id\":\"https:\\\/\\\/conexmetals.com\\\/pt-br\\\/#website\"},\"primaryImageOfPage\":{\"@id\":\"https:\\\/\\\/conexmetals.com\\\/pt-br\\\/produto\\\/prensa-cabos-industriais-cxt\\\/#primaryimage\"},\"image\":{\"@id\":\"https:\\\/\\\/conexmetals.com\\\/pt-br\\\/produto\\\/prensa-cabos-industriais-cxt\\\/#primaryimage\"},\"thumbnailUrl\":\"https:\\\/\\\/conexmetals.com\\\/wp-content\\\/uploads\\\/2025\\\/01\\\/Prensa-Cabos-Industriais-CXT.webp\",\"datePublished\":\"2023-08-18T07:28:17+00:00\",\"dateModified\":\"2025-01-20T11:25:28+00:00\",\"description\":\"Conex Metals \u00e9 especializada em Prensa-Cabos Industriais CXT projetados para cabos SS e YY. Como fornecedores e exportadores l\u00edderes da \u00cdndia, entregamos solu\u00e7\u00f5es de Prensa-Cabos premium com foco em precis\u00e3o e durabilidade.\",\"breadcrumb\":{\"@id\":\"https:\\\/\\\/conexmetals.com\\\/pt-br\\\/produto\\\/prensa-cabos-industriais-cxt\\\/#breadcrumb\"},\"inLanguage\":\"pt-BR\",\"potentialAction\":[{\"@type\":\"ReadAction\",\"target\":[\"https:\\\/\\\/conexmetals.com\\\/pt-br\\\/produto\\\/prensa-cabos-industriais-cxt\\\/\"]}]},{\"@type\":\"ImageObject\",\"inLanguage\":\"pt-BR\",\"@id\":\"https:\\\/\\\/conexmetals.com\\\/pt-br\\\/produto\\\/prensa-cabos-industriais-cxt\\\/#primaryimage\",\"url\":\"https:\\\/\\\/conexmetals.com\\\/wp-content\\\/uploads\\\/2025\\\/01\\\/Prensa-Cabos-Industriais-CXT.webp\",\"contentUrl\":\"https:\\\/\\\/conexmetals.com\\\/wp-content\\\/uploads\\\/2025\\\/01\\\/Prensa-Cabos-Industriais-CXT.webp\",\"width\":300,\"height\":300,\"caption\":\"Prensa-Cabos Industriais CXT\"},{\"@type\":\"BreadcrumbList\",\"@id\":\"https:\\\/\\\/conexmetals.com\\\/pt-br\\\/produto\\\/prensa-cabos-industriais-cxt\\\/#breadcrumb\",\"itemListElement\":[{\"@type\":\"ListItem\",\"position\":1,\"name\":\"Home\",\"item\":\"https:\\\/\\\/conexmetals.com\\\/pt-br\\\/lar\\\/\"},{\"@type\":\"ListItem\",\"position\":2,\"name\":\"Products\",\"item\":\"https:\\\/\\\/conexmetals.com\\\/products\\\/\"},{\"@type\":\"ListItem\",\"position\":3,\"name\":\"Prensa-Cabos Industriais CXT\"}]},{\"@type\":\"WebSite\",\"@id\":\"https:\\\/\\\/conexmetals.com\\\/pt-br\\\/#website\",\"url\":\"https:\\\/\\\/conexmetals.com\\\/pt-br\\\/\",\"name\":\"Conex Metals Brass Fittings Brass Parts Copper Parts Brass Components Brass Plumbing Fittings India\",\"description\":\"Manufacturer of Bronze Fittings casting Copper Brass parts components\",\"publisher\":{\"@id\":\"https:\\\/\\\/conexmetals.com\\\/pt-br\\\/#organization\"},\"potentialAction\":[{\"@type\":\"SearchAction\",\"target\":{\"@type\":\"EntryPoint\",\"urlTemplate\":\"https:\\\/\\\/conexmetals.com\\\/pt-br\\\/?s={search_term_string}\"},\"query-input\":{\"@type\":\"PropertyValueSpecification\",\"valueRequired\":true,\"valueName\":\"search_term_string\"}}],\"inLanguage\":\"pt-BR\"},{\"@type\":\"Organization\",\"@id\":\"https:\\\/\\\/conexmetals.com\\\/pt-br\\\/#organization\",\"name\":\"Conex Metals Brass Fittings Brass Parts Copper Parts Brass Components Brass Plumbing Fittings India\",\"url\":\"https:\\\/\\\/conexmetals.com\\\/pt-br\\\/\",\"logo\":{\"@type\":\"ImageObject\",\"inLanguage\":\"pt-BR\",\"@id\":\"https:\\\/\\\/conexmetals.com\\\/pt-br\\\/#\\\/schema\\\/logo\\\/image\\\/\",\"url\":\"https:\\\/\\\/conexmetals.com\\\/wp-content\\\/uploads\\\/2024\\\/03\\\/conex-metals-logo.webp\",\"contentUrl\":\"https:\\\/\\\/conexmetals.com\\\/wp-content\\\/uploads\\\/2024\\\/03\\\/conex-metals-logo.webp\",\"width\":300,\"height\":121,\"caption\":\"Conex Metals Brass Fittings Brass Parts Copper Parts Brass Components Brass Plumbing Fittings India\"},\"image\":{\"@id\":\"https:\\\/\\\/conexmetals.com\\\/pt-br\\\/#\\\/schema\\\/logo\\\/image\\\/\"},\"sameAs\":[\"https:\\\/\\\/www.facebook.com\\\/conexbrass\",\"https:\\\/\\\/x.com\\\/conexindia\",\"https:\\\/\\\/www.linkedin.com\\\/company\\\/conex-metals-india\\\/\",\"https:\\\/\\\/www.instagram.com\\\/conexindia\\\/\"]}]}<\/script>\n<!-- \/ Yoast SEO plugin. -->","yoast_head_json":{"title":"Prensa-Cabos Industriais CXT","description":"Conex Metals \u00e9 especializada em Prensa-Cabos Industriais CXT projetados para cabos SS e YY. Como fornecedores e exportadores l\u00edderes da \u00cdndia, entregamos solu\u00e7\u00f5es de Prensa-Cabos premium com foco em precis\u00e3o e durabilidade.","robots":{"index":"index","follow":"follow","max-snippet":"max-snippet:-1","max-image-preview":"max-image-preview:large","max-video-preview":"max-video-preview:-1"},"canonical":"https:\/\/conexmetals.com\/pt-br\/produto\/prensa-cabos-industriais-cxt\/","schema":{"@context":"https:\/\/schema.org","@graph":[{"@type":"WebPage","@id":"https:\/\/conexmetals.com\/pt-br\/produto\/prensa-cabos-industriais-cxt\/","url":"https:\/\/conexmetals.com\/pt-br\/produto\/prensa-cabos-industriais-cxt\/","name":"Prensa-Cabos Industriais CXT","isPartOf":{"@id":"https:\/\/conexmetals.com\/pt-br\/#website"},"primaryImageOfPage":{"@id":"https:\/\/conexmetals.com\/pt-br\/produto\/prensa-cabos-industriais-cxt\/#primaryimage"},"image":{"@id":"https:\/\/conexmetals.com\/pt-br\/produto\/prensa-cabos-industriais-cxt\/#primaryimage"},"thumbnailUrl":"https:\/\/conexmetals.com\/wp-content\/uploads\/2025\/01\/Prensa-Cabos-Industriais-CXT.webp","datePublished":"2023-08-18T07:28:17+00:00","dateModified":"2025-01-20T11:25:28+00:00","description":"Conex Metals \u00e9 especializada em Prensa-Cabos Industriais CXT projetados para cabos SS e YY. Como fornecedores e exportadores l\u00edderes da \u00cdndia, entregamos solu\u00e7\u00f5es de Prensa-Cabos premium com foco em precis\u00e3o e durabilidade.","breadcrumb":{"@id":"https:\/\/conexmetals.com\/pt-br\/produto\/prensa-cabos-industriais-cxt\/#breadcrumb"},"inLanguage":"pt-BR","potentialAction":[{"@type":"ReadAction","target":["https:\/\/conexmetals.com\/pt-br\/produto\/prensa-cabos-industriais-cxt\/"]}]},{"@type":"ImageObject","inLanguage":"pt-BR","@id":"https:\/\/conexmetals.com\/pt-br\/produto\/prensa-cabos-industriais-cxt\/#primaryimage","url":"https:\/\/conexmetals.com\/wp-content\/uploads\/2025\/01\/Prensa-Cabos-Industriais-CXT.webp","contentUrl":"https:\/\/conexmetals.com\/wp-content\/uploads\/2025\/01\/Prensa-Cabos-Industriais-CXT.webp","width":300,"height":300,"caption":"Prensa-Cabos Industriais CXT"},{"@type":"BreadcrumbList","@id":"https:\/\/conexmetals.com\/pt-br\/produto\/prensa-cabos-industriais-cxt\/#breadcrumb","itemListElement":[{"@type":"ListItem","position":1,"name":"Home","item":"https:\/\/conexmetals.com\/pt-br\/lar\/"},{"@type":"ListItem","position":2,"name":"Products","item":"https:\/\/conexmetals.com\/products\/"},{"@type":"ListItem","position":3,"name":"Prensa-Cabos Industriais CXT"}]},{"@type":"WebSite","@id":"https:\/\/conexmetals.com\/pt-br\/#website","url":"https:\/\/conexmetals.com\/pt-br\/","name":"Conex Metals Brass Fittings Brass Parts Copper Parts Brass Components Brass Plumbing Fittings India","description":"Manufacturer of Bronze Fittings casting Copper Brass parts components","publisher":{"@id":"https:\/\/conexmetals.com\/pt-br\/#organization"},"potentialAction":[{"@type":"SearchAction","target":{"@type":"EntryPoint","urlTemplate":"https:\/\/conexmetals.com\/pt-br\/?s={search_term_string}"},"query-input":{"@type":"PropertyValueSpecification","valueRequired":true,"valueName":"search_term_string"}}],"inLanguage":"pt-BR"},{"@type":"Organization","@id":"https:\/\/conexmetals.com\/pt-br\/#organization","name":"Conex Metals Brass Fittings Brass Parts Copper Parts Brass Components Brass Plumbing Fittings India","url":"https:\/\/conexmetals.com\/pt-br\/","logo":{"@type":"ImageObject","inLanguage":"pt-BR","@id":"https:\/\/conexmetals.com\/pt-br\/#\/schema\/logo\/image\/","url":"https:\/\/conexmetals.com\/wp-content\/uploads\/2024\/03\/conex-metals-logo.webp","contentUrl":"https:\/\/conexmetals.com\/wp-content\/uploads\/2024\/03\/conex-metals-logo.webp","width":300,"height":121,"caption":"Conex Metals Brass Fittings Brass Parts Copper Parts Brass Components Brass Plumbing Fittings India"},"image":{"@id":"https:\/\/conexmetals.com\/pt-br\/#\/schema\/logo\/image\/"},"sameAs":["https:\/\/www.facebook.com\/conexbrass","https:\/\/x.com\/conexindia","https:\/\/www.linkedin.com\/company\/conex-metals-india\/","https:\/\/www.instagram.com\/conexindia\/"]}]}},"_links":{"self":[{"href":"https:\/\/conexmetals.com\/pt-br\/wp-json\/wp\/v2\/product\/13440","targetHints":{"allow":["GET"]}}],"collection":[{"href":"https:\/\/conexmetals.com\/pt-br\/wp-json\/wp\/v2\/product"}],"about":[{"href":"https:\/\/conexmetals.com\/pt-br\/wp-json\/wp\/v2\/types\/product"}],"wp:featuredmedia":[{"embeddable":true,"href":"https:\/\/conexmetals.com\/pt-br\/wp-json\/wp\/v2\/media\/13253"}],"wp:attachment":[{"href":"https:\/\/conexmetals.com\/pt-br\/wp-json\/wp\/v2\/media?parent=13440"}],"wp:term":[{"taxonomy":"product_brand","embeddable":true,"href":"https:\/\/conexmetals.com\/pt-br\/wp-json\/wp\/v2\/product_brand?post=13440"},{"taxonomy":"product_cat","embeddable":true,"href":"https:\/\/conexmetals.com\/pt-br\/wp-json\/wp\/v2\/product_cat?post=13440"},{"taxonomy":"product_tag","embeddable":true,"href":"https:\/\/conexmetals.com\/pt-br\/wp-json\/wp\/v2\/product_tag?post=13440"}],"curies":[{"name":"wp","href":"https:\/\/api.w.org\/{rel}","templated":true}]}}