{"id":13444,"date":"2023-08-18T12:52:11","date_gmt":"2023-08-18T07:22:11","guid":{"rendered":"https:\/\/conexmetals.com\/?post_type=product&#038;p=13444"},"modified":"2025-01-20T18:00:54","modified_gmt":"2025-01-20T12:30:54","slug":"prensa-cabos-industriais-cz","status":"publish","type":"product","link":"https:\/\/conexmetals.com\/pt-br\/produto\/prensa-cabos-industriais-cz\/","title":{"rendered":"Prensa-Cabos Industriais CZ"},"content":{"rendered":"","protected":false},"excerpt":{"rendered":"<p><span>O prensa-cabo tipo CZ \u00e9 projetado para termina\u00e7\u00e3o de cabo segura e eficiente. Ele atende aos padr\u00f5es da ind\u00fastria e oferece desempenho robusto para v\u00e1rias aplica\u00e7\u00f5es.<\/span><\/p>\n<p><strong><span>Especifica\u00e7\u00f5es t\u00e9cnicas:<\/span><\/strong><\/p>\n<ul>\n<li><strong><span>Tipo:<\/span><\/strong><span>\u00a0CZ<\/span><\/li>\n<li><strong><span>Especifica\u00e7\u00e3o de projeto:<\/span><\/strong><span>\u00a0BS 6121: Parte I: 1989<\/span><\/li>\n<li><strong><span>Material:<\/span><\/strong><span>\u00a0Lat\u00e3o<\/span><\/li>\n<li><strong><span>Prote\u00e7\u00e3o de entrada:<\/span><\/strong><span>\u00a0IP 66<\/span><\/li>\n<li><strong><span>Op\u00e7\u00f5es de acabamento:<\/span><\/strong><span>\u00a0lat\u00e3o simples ou niquelado<\/span><\/li>\n<li><strong><span>Material de veda\u00e7\u00e3o:<\/span><\/strong><span>\u00a0Elast\u00f4mero termopl\u00e1stico<\/span><\/li>\n<li><strong><span>Tipo de cabo compat\u00edvel:<\/span><\/strong><span>\u00a0armadura de fio de a\u00e7o<\/span><\/li>\n<li><strong><span>Fixa\u00e7\u00e3o de armadura:<\/span><\/strong><span>\u00a0design de 3 partes (inclui porca de seguran\u00e7a)<\/span><\/li>\n<li><strong><span>T\u00e9cnica de veda\u00e7\u00e3o:<\/span><\/strong><span>\u00a0Tipo de compress\u00e3o<\/span><\/li>\n<li><strong><span>\u00c1rea de veda\u00e7\u00e3o:<\/span><\/strong><span>\u00a0bainha externa<\/span><\/li>\n<\/ul>\n<p>&nbsp;<\/p>\n<table id=\"tablepress-417\" class=\"tablepress tablepress-id-417\">\n<caption>\u00a0<\/caption>\n<thead>\n<tr class=\"row-1 odd\">\n<th class=\"column-1\" colspan=\"9\"><strong><span>Prensa-cabo industrial CZ<\/span><\/strong><\/th>\n<\/tr>\n<\/thead>\n<tbody class=\"row-hover\">\n<tr class=\"row-2 even\">\n<td class=\"column-1\"><strong><span>Tamanho da gl\u00e2ndula<\/span><\/strong><\/td>\n<td class=\"column-2\" colspan=\"5\"><strong><span>Dimens\u00f5es da gl\u00e2ndula<\/span><\/strong><\/td>\n<td class=\"column-7\" colspan=\"3\"><strong><span>Dimens\u00f5es do cabo acomodadas<\/span><\/strong><\/td>\n<\/tr>\n<tr class=\"row-3 odd\">\n<td class=\"column-1\"><\/td>\n<td class=\"column-2\"><strong><span>Di\u00e2m. \u201cA\u201d<\/span><\/strong><\/td>\n<td class=\"column-3\"><strong><span>Di\u00e2metro \u201cB\u201d<\/span><\/strong><\/td>\n<td class=\"column-4\"><strong><span>T\u00f3pico de entrada m\u00e9trica \u201cC\u201d<\/span><\/strong><\/td>\n<td class=\"column-5\"><strong><span>Comprimento m\u00ednimo da rosca \u201cD\u201d<\/span><\/strong><\/td>\n<td class=\"column-6\"><strong><span>Atrav\u00e9s do plano \u201cE\u201d m\u00e1x.<\/span><\/strong><\/td>\n<td class=\"column-7\"><strong><span>Under Armour Dia. M\u00e1x.<\/span><\/strong><\/td>\n<td class=\"column-8\"><strong><span>Di\u00e2m. geral M\u00e1x.<\/span><\/strong><\/td>\n<td class=\"column-9\"><strong><span>Espessura da fita de a\u00e7o<\/span><\/strong><\/td>\n<\/tr>\n<tr class=\"row-4 even\">\n<td class=\"column-1\"><span>16<\/span><\/td>\n<td class=\"column-2\"><span>9,5<\/span><\/td>\n<td class=\"column-3\"><span>16.9<\/span><\/td>\n<td class=\"column-4\"><span>16<\/span><\/td>\n<td class=\"column-5\"><span>10<\/span><\/td>\n<td class=\"column-6\"><span>24.2<\/span><\/td>\n<td class=\"column-7\"><span>6<\/span><\/td>\n<td class=\"column-8\"><span>13.2<\/span><\/td>\n<td class=\"column-9\"><span>0,15\/0,35<\/span><\/td>\n<\/tr>\n<tr class=\"row-5 odd\">\n<td class=\"column-1\"><span>20 anos<\/span><\/td>\n<td class=\"column-2\"><span>12.3<\/span><\/td>\n<td class=\"column-3\"><span>17<\/span><\/td>\n<td class=\"column-4\"><span>20<\/span><\/td>\n<td class=\"column-5\"><span>10<\/span><\/td>\n<td class=\"column-6\"><span>24<\/span><\/td>\n<td class=\"column-7\"><span>11.6<\/span><\/td>\n<td class=\"column-8\"><span>15.8<\/span><\/td>\n<td class=\"column-9\"><span>0,15\/0,35<\/span><\/td>\n<\/tr>\n<tr class=\"row-6 even\">\n<td class=\"column-1\"><span>20 L<\/span><\/td>\n<td class=\"column-2\"><span>14.3<\/span><\/td>\n<td class=\"column-3\"><span>20.3<\/span><\/td>\n<td class=\"column-4\"><span>20<\/span><\/td>\n<td class=\"column-5\"><span>10<\/span><\/td>\n<td class=\"column-6\"><span>27.17<\/span><\/td>\n<td class=\"column-7\"><span>13.9<\/span><\/td>\n<td class=\"column-8\"><span>19,5<\/span><\/td>\n<td class=\"column-9\"><span>0,15\/0,5<\/span><\/td>\n<\/tr>\n<tr class=\"row-7 odd\">\n<td class=\"column-1\"><span>25 S<\/span><\/td>\n<td class=\"column-2\"><span>18.3<\/span><\/td>\n<td class=\"column-3\"><span>26.4<\/span><\/td>\n<td class=\"column-4\"><span>25<\/span><\/td>\n<td class=\"column-5\"><span>10<\/span><\/td>\n<td class=\"column-6\"><span>32,75<\/span><\/td>\n<td class=\"column-7\"><span>15,5<\/span><\/td>\n<td class=\"column-8\"><span>25,8<\/span><\/td>\n<td class=\"column-9\"><span>0,15\/0,5<\/span><\/td>\n<\/tr>\n<tr class=\"row-8 even\">\n<td class=\"column-1\"><span>25 L<\/span><\/td>\n<td class=\"column-2\"><span>20.8<\/span><\/td>\n<td class=\"column-3\"><span>26,9<\/span><\/td>\n<td class=\"column-4\"><span>25<\/span><\/td>\n<td class=\"column-5\"><span>10<\/span><\/td>\n<td class=\"column-6\"><span>34,3<\/span><\/td>\n<td class=\"column-7\"><span>19,9<\/span><\/td>\n<td class=\"column-8\"><span>26<\/span><\/td>\n<td class=\"column-9\"><span>0,15\/0,5<\/span><\/td>\n<\/tr>\n<tr class=\"row-9 odd\">\n<td class=\"column-1\"><span>32<\/span><\/td>\n<td class=\"column-2\"><span>26,9<\/span><\/td>\n<td class=\"column-3\"><span>34.1<\/span><\/td>\n<td class=\"column-4\"><span>32<\/span><\/td>\n<td class=\"column-5\"><span>10<\/span><\/td>\n<td class=\"column-6\"><span>42,9<\/span><\/td>\n<td class=\"column-7\"><span>25.2<\/span><\/td>\n<td class=\"column-8\"><span>33,5<\/span><\/td>\n<td class=\"column-9\"><span>0,15\/0,55<\/span><\/td>\n<\/tr>\n<tr class=\"row-10 even\">\n<td class=\"column-1\"><span>40 S<\/span><\/td>\n<td class=\"column-2\"><span>31,5<\/span><\/td>\n<td class=\"column-3\"><span>39,6<\/span><\/td>\n<td class=\"column-4\"><span>40<\/span><\/td>\n<td class=\"column-5\"><span>15<\/span><\/td>\n<td class=\"column-6\"><span>49,3<\/span><\/td>\n<td class=\"column-7\"><span>29,4<\/span><\/td>\n<td class=\"column-8\"><span>38,5<\/span><\/td>\n<td class=\"column-9\"><span>0,2\/0,6<\/span><\/td>\n<\/tr>\n<tr class=\"row-11 odd\">\n<td class=\"column-1\"><span>40 L<\/span><\/td>\n<td class=\"column-2\"><span>32,5<\/span><\/td>\n<td class=\"column-3\"><span>41,8<\/span><\/td>\n<td class=\"column-4\"><span>40<\/span><\/td>\n<td class=\"column-5\"><span>15<\/span><\/td>\n<td class=\"column-6\"><span>50,8<\/span><\/td>\n<td class=\"column-7\"><span>32.1<\/span><\/td>\n<td class=\"column-8\"><span>39,9<\/span><\/td>\n<td class=\"column-9\"><span>0,2\/0,6<\/span><\/td>\n<\/tr>\n<tr class=\"row-12 even\">\n<td class=\"column-1\"><span>50 anos<\/span><\/td>\n<td class=\"column-2\"><span>40,9<\/span><\/td>\n<td class=\"column-3\"><span>50,2<\/span><\/td>\n<td class=\"column-4\"><span>50<\/span><\/td>\n<td class=\"column-5\"><span>15<\/span><\/td>\n<td class=\"column-6\"><span>61,7<\/span><\/td>\n<td class=\"column-7\"><span>39,5<\/span><\/td>\n<td class=\"column-8\"><span>49<\/span><\/td>\n<td class=\"column-9\"><span>0,5\/0,8<\/span><\/td>\n<\/tr>\n<tr class=\"row-13 odd\">\n<td class=\"column-1\"><span>50 L<\/span><\/td>\n<td class=\"column-2\"><span>44,4<\/span><\/td>\n<td class=\"column-3\"><span>52,8<\/span><\/td>\n<td class=\"column-4\"><span>50<\/span><\/td>\n<td class=\"column-5\"><span>15<\/span><\/td>\n<td class=\"column-6\"><span>63,75<\/span><\/td>\n<td class=\"column-7\"><span>43.2<\/span><\/td>\n<td class=\"column-8\"><span>51<\/span><\/td>\n<td class=\"column-9\"><span>0,5\/0,8<\/span><\/td>\n<\/tr>\n<tr class=\"row-14 even\">\n<td class=\"column-1\"><span>63 S<\/span><\/td>\n<td class=\"column-2\"><span>51,8<\/span><\/td>\n<td class=\"column-3\"><span>61,9<\/span><\/td>\n<td class=\"column-4\"><span>63<\/span><\/td>\n<td class=\"column-5\"><span>15<\/span><\/td>\n<td class=\"column-6\"><span>73,9<\/span><\/td>\n<td class=\"column-7\"><span>50,6<\/span><\/td>\n<td class=\"column-8\"><span>58,9<\/span><\/td>\n<td class=\"column-9\"><span>0,5\/0,8<\/span><\/td>\n<\/tr>\n<tr class=\"row-15 odd\">\n<td class=\"column-1\"><span>63 eu<\/span><\/td>\n<td class=\"column-2\"><span>56,4<\/span><\/td>\n<td class=\"column-3\"><span>66,5<\/span><\/td>\n<td class=\"column-4\"><span>63<\/span><\/td>\n<td class=\"column-5\"><span>15<\/span><\/td>\n<td class=\"column-6\"><span>78,5<\/span><\/td>\n<td class=\"column-7\"><span>55,9<\/span><\/td>\n<td class=\"column-8\"><span>65,3<\/span><\/td>\n<td class=\"column-9\"><span>0,5\/0,8<\/span><\/td>\n<\/tr>\n<tr class=\"row-16 even\">\n<td class=\"column-1\"><span>75 S<\/span><\/td>\n<td class=\"column-2\"><span>63,2<\/span><\/td>\n<td class=\"column-3\"><span>74,2<\/span><\/td>\n<td class=\"column-4\"><span>75<\/span><\/td>\n<td class=\"column-5\"><span>20<\/span><\/td>\n<td class=\"column-6\"><span>87,4<\/span><\/td>\n<td class=\"column-7\"><span>61,9<\/span><\/td>\n<td class=\"column-8\"><span>71,6<\/span><\/td>\n<td class=\"column-9\"><span>0,5\/1,0<\/span><\/td>\n<\/tr>\n<tr class=\"row-17 odd\">\n<td class=\"column-1\"><span>75 L<\/span><\/td>\n<td class=\"column-2\"><span>68,6<\/span><\/td>\n<td class=\"column-3\"><span>78,5<\/span><\/td>\n<td class=\"column-4\"><span>75<\/span><\/td>\n<td class=\"column-5\"><span>20<\/span><\/td>\n<td class=\"column-6\"><span>96<\/span><\/td>\n<td class=\"column-7\"><span>67,9<\/span><\/td>\n<td class=\"column-8\"><span>78<\/span><\/td>\n<td class=\"column-9\"><span>0,5\/1,0<\/span><\/td>\n<\/tr>\n<tr class=\"row-18 even\">\n<td class=\"column-1\"><span>90<\/span><\/td>\n<td class=\"column-2\"><span>79<\/span><\/td>\n<td class=\"column-3\"><span>90,2<\/span><\/td>\n<td class=\"column-4\"><span>85<\/span><\/td>\n<td class=\"column-5\"><span>20<\/span><\/td>\n<td class=\"column-6\"><span>105,3<\/span><\/td>\n<td class=\"column-7\"><span>74<\/span><\/td>\n<td class=\"column-8\"><span>88<\/span><\/td>\n<td class=\"column-9\"><span>0,5\/1,0<\/span><\/td>\n<\/tr>\n<tr class=\"row-19 odd\">\n<td class=\"column-1\" colspan=\"9\"><strong><span>Dimens\u00f5es em mm<\/span><\/strong><\/td>\n<\/tr>\n<\/tbody>\n<\/table>\n<p><span>Os prensa-cabos industriais CZ s\u00e3o amplamente usados \u200b\u200bem v\u00e1rios setores para terminar e selar com seguran\u00e7a cabos blindados. Seu design robusto e alta prote\u00e7\u00e3o de entrada os tornam adequados para ambientes exigentes.<\/span><\/p>\n<p><strong><span>Principais aplica\u00e7\u00f5es:<\/span><\/strong><\/p>\n<ol>\n<li><strong><span>Sistemas El\u00e9tricos e de Distribui\u00e7\u00e3o de Energia<\/span><\/strong>\n<ul>\n<li><span>Usado em subesta\u00e7\u00f5es, aparelhagens e usinas de gera\u00e7\u00e3o de energia para termina\u00e7\u00f5es seguras de cabos.<\/span><\/li>\n<\/ul>\n<\/li>\n<li><strong><span>Ind\u00fastria de Petr\u00f3leo e G\u00e1s<\/span><\/strong>\n<ul>\n<li><span>Ideal para instala\u00e7\u00f5es onshore e offshore onde cabos blindados s\u00e3o usados \u200b\u200bem ambientes agressivos e explosivos.<\/span><\/li>\n<\/ul>\n<\/li>\n<li><strong><span>Fabrica\u00e7\u00e3o e Automa\u00e7\u00e3o Industrial<\/span><\/strong>\n<ul>\n<li><span>Adequado para m\u00e1quinas industriais, transportadores e pain\u00e9is de controle, proporcionando durabilidade e seguran\u00e7a.<\/span><\/li>\n<\/ul>\n<\/li>\n<li><strong><span>Marinha e Constru\u00e7\u00e3o Naval<\/span><\/strong>\n<ul>\n<li><span>Com excelente prote\u00e7\u00e3o de entrada, eles s\u00e3o usados \u200b\u200bem ambientes mar\u00edtimos para conex\u00f5es de fia\u00e7\u00e3o e equipamentos.<\/span><\/li>\n<\/ul>\n<\/li>\n<li><strong><span>Constru\u00e7\u00e3o e Infraestrutura<\/span><\/strong>\n<ul>\n<li><span>Aplicado em projetos de constru\u00e7\u00e3o para sistemas de fia\u00e7\u00e3o, garantindo instala\u00e7\u00f5es seguras e duradouras.<\/span><\/li>\n<\/ul>\n<\/li>\n<li><strong><span>Energia Renov\u00e1vel<\/span><\/strong>\n<ul>\n<li><span>Amplamente utilizado em projetos de energia solar e e\u00f3lica para terminar cabos blindados para inversores e sistemas de controle.<\/span><\/li>\n<\/ul>\n<\/li>\n<li><strong><span>Minera\u00e7\u00e3o e Ind\u00fastria Pesada<\/span><\/strong>\n<ul>\n<li><span>Projetados para suportar condi\u00e7\u00f5es adversas, esses prensa-cabos garantem termina\u00e7\u00f5es de cabos confi\u00e1veis \u200b\u200bem equipamentos de minera\u00e7\u00e3o e plantas de processamento.<\/span><\/li>\n<\/ul>\n<\/li>\n<\/ol>\n<p><strong><span>Benef\u00edcios na aplica\u00e7\u00e3o:<\/span><\/strong><\/p>\n<ul>\n<li><strong><span>Alta prote\u00e7\u00e3o de entrada (IP66):<\/span><\/strong><span>\u00a0resistente \u00e0 entrada de poeira e \u00e1gua.<\/span><\/li>\n<li><strong><span>Constru\u00e7\u00e3o dur\u00e1vel:<\/span><\/strong><span>\u00a0feita de lat\u00e3o para excelente resist\u00eancia e resist\u00eancia \u00e0 corros\u00e3o.<\/span><\/li>\n<li><strong><span>Veda\u00e7\u00e3o vers\u00e1til:<\/span><\/strong><span>\u00a0a veda\u00e7\u00e3o por compress\u00e3o garante um ajuste firme na capa externa do cabo.<\/span><\/li>\n<li><strong><span>Conformidade com os padr\u00f5es:<\/span><\/strong><span>\u00a0Atende \u00e0 norma BS 6121: Parte I: 1989 para seguran\u00e7a e confiabilidade.<\/span><\/li>\n<\/ul>\n<p><span>Os prensa-cabos industriais CZ s\u00e3o a escolha ideal para ind\u00fastrias que exigem solu\u00e7\u00f5es de termina\u00e7\u00e3o de cabos confi\u00e1veis \u200b\u200bem ambientes desafiadores<\/span><\/p>\n","protected":false},"featured_media":13259,"template":"","meta":[],"product_brand":[],"product_cat":[365],"product_tag":[],"class_list":{"0":"post-13444","1":"product","2":"type-product","3":"status-publish","4":"has-post-thumbnail","6":"product_cat-prensa-cabos","8":"first","9":"instock","10":"shipping-taxable","11":"product-type-simple"},"yoast_head":"<!-- This site is optimized with the Yoast SEO plugin v27.3 - https:\/\/yoast.com\/product\/yoast-seo-wordpress\/ -->\n<title>Prensa-Cabos Industriais CZ<\/title>\n<meta name=\"description\" content=\"Conex Metals oferece Prensa-Cabos Industriais CZ premium, incluindo Prensa-Cabos Industriais A1 A2, Prensa-Cabos Industriais BW e Prensa-Cabos Industriais BWL Heavy Duty. Como principais fabricantes, exportadores e fornecedores na \u00cdndia, oferecemos uma ampla gama de Prensa-Cabos de Lat\u00e3o, Prensa-Cabos Industriais CW e muito mais\" \/>\n<meta name=\"robots\" content=\"index, follow, max-snippet:-1, max-image-preview:large, max-video-preview:-1\" \/>\n<link rel=\"canonical\" href=\"https:\/\/conexmetals.com\/pt-br\/produto\/prensa-cabos-industriais-cz\/\" \/>\n<script type=\"application\/ld+json\" class=\"yoast-schema-graph\">{\"@context\":\"https:\\\/\\\/schema.org\",\"@graph\":[{\"@type\":\"WebPage\",\"@id\":\"https:\\\/\\\/conexmetals.com\\\/pt-br\\\/produto\\\/prensa-cabos-industriais-cz\\\/\",\"url\":\"https:\\\/\\\/conexmetals.com\\\/pt-br\\\/produto\\\/prensa-cabos-industriais-cz\\\/\",\"name\":\"Prensa-Cabos Industriais CZ\",\"isPartOf\":{\"@id\":\"https:\\\/\\\/conexmetals.com\\\/pt-br\\\/#website\"},\"primaryImageOfPage\":{\"@id\":\"https:\\\/\\\/conexmetals.com\\\/pt-br\\\/produto\\\/prensa-cabos-industriais-cz\\\/#primaryimage\"},\"image\":{\"@id\":\"https:\\\/\\\/conexmetals.com\\\/pt-br\\\/produto\\\/prensa-cabos-industriais-cz\\\/#primaryimage\"},\"thumbnailUrl\":\"https:\\\/\\\/conexmetals.com\\\/wp-content\\\/uploads\\\/2025\\\/01\\\/Prensa-Cabos-Industriais-CZ.webp\",\"datePublished\":\"2023-08-18T07:22:11+00:00\",\"dateModified\":\"2025-01-20T12:30:54+00:00\",\"description\":\"Conex Metals oferece Prensa-Cabos Industriais CZ premium, incluindo Prensa-Cabos Industriais A1 A2, Prensa-Cabos Industriais BW e Prensa-Cabos Industriais BWL Heavy Duty. Como principais fabricantes, exportadores e fornecedores na \u00cdndia, oferecemos uma ampla gama de Prensa-Cabos de Lat\u00e3o, Prensa-Cabos Industriais CW e muito mais\",\"breadcrumb\":{\"@id\":\"https:\\\/\\\/conexmetals.com\\\/pt-br\\\/produto\\\/prensa-cabos-industriais-cz\\\/#breadcrumb\"},\"inLanguage\":\"pt-BR\",\"potentialAction\":[{\"@type\":\"ReadAction\",\"target\":[\"https:\\\/\\\/conexmetals.com\\\/pt-br\\\/produto\\\/prensa-cabos-industriais-cz\\\/\"]}]},{\"@type\":\"ImageObject\",\"inLanguage\":\"pt-BR\",\"@id\":\"https:\\\/\\\/conexmetals.com\\\/pt-br\\\/produto\\\/prensa-cabos-industriais-cz\\\/#primaryimage\",\"url\":\"https:\\\/\\\/conexmetals.com\\\/wp-content\\\/uploads\\\/2025\\\/01\\\/Prensa-Cabos-Industriais-CZ.webp\",\"contentUrl\":\"https:\\\/\\\/conexmetals.com\\\/wp-content\\\/uploads\\\/2025\\\/01\\\/Prensa-Cabos-Industriais-CZ.webp\",\"width\":300,\"height\":300,\"caption\":\"Prensa-Cabos Industriais CZ\"},{\"@type\":\"BreadcrumbList\",\"@id\":\"https:\\\/\\\/conexmetals.com\\\/pt-br\\\/produto\\\/prensa-cabos-industriais-cz\\\/#breadcrumb\",\"itemListElement\":[{\"@type\":\"ListItem\",\"position\":1,\"name\":\"Home\",\"item\":\"https:\\\/\\\/conexmetals.com\\\/pt-br\\\/lar\\\/\"},{\"@type\":\"ListItem\",\"position\":2,\"name\":\"Products\",\"item\":\"https:\\\/\\\/conexmetals.com\\\/products\\\/\"},{\"@type\":\"ListItem\",\"position\":3,\"name\":\"Prensa-Cabos Industriais CZ\"}]},{\"@type\":\"WebSite\",\"@id\":\"https:\\\/\\\/conexmetals.com\\\/pt-br\\\/#website\",\"url\":\"https:\\\/\\\/conexmetals.com\\\/pt-br\\\/\",\"name\":\"Conex Metals Brass Fittings Brass Parts Copper Parts Brass Components Brass Plumbing Fittings India\",\"description\":\"Manufacturer of Bronze Fittings casting Copper Brass parts components\",\"publisher\":{\"@id\":\"https:\\\/\\\/conexmetals.com\\\/pt-br\\\/#organization\"},\"potentialAction\":[{\"@type\":\"SearchAction\",\"target\":{\"@type\":\"EntryPoint\",\"urlTemplate\":\"https:\\\/\\\/conexmetals.com\\\/pt-br\\\/?s={search_term_string}\"},\"query-input\":{\"@type\":\"PropertyValueSpecification\",\"valueRequired\":true,\"valueName\":\"search_term_string\"}}],\"inLanguage\":\"pt-BR\"},{\"@type\":\"Organization\",\"@id\":\"https:\\\/\\\/conexmetals.com\\\/pt-br\\\/#organization\",\"name\":\"Conex Metals Brass Fittings Brass Parts Copper Parts Brass Components Brass Plumbing Fittings India\",\"url\":\"https:\\\/\\\/conexmetals.com\\\/pt-br\\\/\",\"logo\":{\"@type\":\"ImageObject\",\"inLanguage\":\"pt-BR\",\"@id\":\"https:\\\/\\\/conexmetals.com\\\/pt-br\\\/#\\\/schema\\\/logo\\\/image\\\/\",\"url\":\"https:\\\/\\\/conexmetals.com\\\/wp-content\\\/uploads\\\/2024\\\/03\\\/conex-metals-logo.webp\",\"contentUrl\":\"https:\\\/\\\/conexmetals.com\\\/wp-content\\\/uploads\\\/2024\\\/03\\\/conex-metals-logo.webp\",\"width\":300,\"height\":121,\"caption\":\"Conex Metals Brass Fittings Brass Parts Copper Parts Brass Components Brass Plumbing Fittings India\"},\"image\":{\"@id\":\"https:\\\/\\\/conexmetals.com\\\/pt-br\\\/#\\\/schema\\\/logo\\\/image\\\/\"},\"sameAs\":[\"https:\\\/\\\/www.facebook.com\\\/conexbrass\",\"https:\\\/\\\/x.com\\\/conexindia\",\"https:\\\/\\\/www.linkedin.com\\\/company\\\/conex-metals-india\\\/\",\"https:\\\/\\\/www.instagram.com\\\/conexindia\\\/\"]}]}<\/script>\n<!-- \/ Yoast SEO plugin. -->","yoast_head_json":{"title":"Prensa-Cabos Industriais CZ","description":"Conex Metals oferece Prensa-Cabos Industriais CZ premium, incluindo Prensa-Cabos Industriais A1 A2, Prensa-Cabos Industriais BW e Prensa-Cabos Industriais BWL Heavy Duty. Como principais fabricantes, exportadores e fornecedores na \u00cdndia, oferecemos uma ampla gama de Prensa-Cabos de Lat\u00e3o, Prensa-Cabos Industriais CW e muito mais","robots":{"index":"index","follow":"follow","max-snippet":"max-snippet:-1","max-image-preview":"max-image-preview:large","max-video-preview":"max-video-preview:-1"},"canonical":"https:\/\/conexmetals.com\/pt-br\/produto\/prensa-cabos-industriais-cz\/","schema":{"@context":"https:\/\/schema.org","@graph":[{"@type":"WebPage","@id":"https:\/\/conexmetals.com\/pt-br\/produto\/prensa-cabos-industriais-cz\/","url":"https:\/\/conexmetals.com\/pt-br\/produto\/prensa-cabos-industriais-cz\/","name":"Prensa-Cabos Industriais CZ","isPartOf":{"@id":"https:\/\/conexmetals.com\/pt-br\/#website"},"primaryImageOfPage":{"@id":"https:\/\/conexmetals.com\/pt-br\/produto\/prensa-cabos-industriais-cz\/#primaryimage"},"image":{"@id":"https:\/\/conexmetals.com\/pt-br\/produto\/prensa-cabos-industriais-cz\/#primaryimage"},"thumbnailUrl":"https:\/\/conexmetals.com\/wp-content\/uploads\/2025\/01\/Prensa-Cabos-Industriais-CZ.webp","datePublished":"2023-08-18T07:22:11+00:00","dateModified":"2025-01-20T12:30:54+00:00","description":"Conex Metals oferece Prensa-Cabos Industriais CZ premium, incluindo Prensa-Cabos Industriais A1 A2, Prensa-Cabos Industriais BW e Prensa-Cabos Industriais BWL Heavy Duty. Como principais fabricantes, exportadores e fornecedores na \u00cdndia, oferecemos uma ampla gama de Prensa-Cabos de Lat\u00e3o, Prensa-Cabos Industriais CW e muito mais","breadcrumb":{"@id":"https:\/\/conexmetals.com\/pt-br\/produto\/prensa-cabos-industriais-cz\/#breadcrumb"},"inLanguage":"pt-BR","potentialAction":[{"@type":"ReadAction","target":["https:\/\/conexmetals.com\/pt-br\/produto\/prensa-cabos-industriais-cz\/"]}]},{"@type":"ImageObject","inLanguage":"pt-BR","@id":"https:\/\/conexmetals.com\/pt-br\/produto\/prensa-cabos-industriais-cz\/#primaryimage","url":"https:\/\/conexmetals.com\/wp-content\/uploads\/2025\/01\/Prensa-Cabos-Industriais-CZ.webp","contentUrl":"https:\/\/conexmetals.com\/wp-content\/uploads\/2025\/01\/Prensa-Cabos-Industriais-CZ.webp","width":300,"height":300,"caption":"Prensa-Cabos Industriais CZ"},{"@type":"BreadcrumbList","@id":"https:\/\/conexmetals.com\/pt-br\/produto\/prensa-cabos-industriais-cz\/#breadcrumb","itemListElement":[{"@type":"ListItem","position":1,"name":"Home","item":"https:\/\/conexmetals.com\/pt-br\/lar\/"},{"@type":"ListItem","position":2,"name":"Products","item":"https:\/\/conexmetals.com\/products\/"},{"@type":"ListItem","position":3,"name":"Prensa-Cabos Industriais CZ"}]},{"@type":"WebSite","@id":"https:\/\/conexmetals.com\/pt-br\/#website","url":"https:\/\/conexmetals.com\/pt-br\/","name":"Conex Metals Brass Fittings Brass Parts Copper Parts Brass Components Brass Plumbing Fittings India","description":"Manufacturer of Bronze Fittings casting Copper Brass parts components","publisher":{"@id":"https:\/\/conexmetals.com\/pt-br\/#organization"},"potentialAction":[{"@type":"SearchAction","target":{"@type":"EntryPoint","urlTemplate":"https:\/\/conexmetals.com\/pt-br\/?s={search_term_string}"},"query-input":{"@type":"PropertyValueSpecification","valueRequired":true,"valueName":"search_term_string"}}],"inLanguage":"pt-BR"},{"@type":"Organization","@id":"https:\/\/conexmetals.com\/pt-br\/#organization","name":"Conex Metals Brass Fittings Brass Parts Copper Parts Brass Components Brass Plumbing Fittings India","url":"https:\/\/conexmetals.com\/pt-br\/","logo":{"@type":"ImageObject","inLanguage":"pt-BR","@id":"https:\/\/conexmetals.com\/pt-br\/#\/schema\/logo\/image\/","url":"https:\/\/conexmetals.com\/wp-content\/uploads\/2024\/03\/conex-metals-logo.webp","contentUrl":"https:\/\/conexmetals.com\/wp-content\/uploads\/2024\/03\/conex-metals-logo.webp","width":300,"height":121,"caption":"Conex Metals Brass Fittings Brass Parts Copper Parts Brass Components Brass Plumbing Fittings India"},"image":{"@id":"https:\/\/conexmetals.com\/pt-br\/#\/schema\/logo\/image\/"},"sameAs":["https:\/\/www.facebook.com\/conexbrass","https:\/\/x.com\/conexindia","https:\/\/www.linkedin.com\/company\/conex-metals-india\/","https:\/\/www.instagram.com\/conexindia\/"]}]}},"_links":{"self":[{"href":"https:\/\/conexmetals.com\/pt-br\/wp-json\/wp\/v2\/product\/13444","targetHints":{"allow":["GET"]}}],"collection":[{"href":"https:\/\/conexmetals.com\/pt-br\/wp-json\/wp\/v2\/product"}],"about":[{"href":"https:\/\/conexmetals.com\/pt-br\/wp-json\/wp\/v2\/types\/product"}],"wp:featuredmedia":[{"embeddable":true,"href":"https:\/\/conexmetals.com\/pt-br\/wp-json\/wp\/v2\/media\/13259"}],"wp:attachment":[{"href":"https:\/\/conexmetals.com\/pt-br\/wp-json\/wp\/v2\/media?parent=13444"}],"wp:term":[{"taxonomy":"product_brand","embeddable":true,"href":"https:\/\/conexmetals.com\/pt-br\/wp-json\/wp\/v2\/product_brand?post=13444"},{"taxonomy":"product_cat","embeddable":true,"href":"https:\/\/conexmetals.com\/pt-br\/wp-json\/wp\/v2\/product_cat?post=13444"},{"taxonomy":"product_tag","embeddable":true,"href":"https:\/\/conexmetals.com\/pt-br\/wp-json\/wp\/v2\/product_tag?post=13444"}],"curies":[{"name":"wp","href":"https:\/\/api.w.org\/{rel}","templated":true}]}}