{"id":13448,"date":"2023-08-18T12:51:19","date_gmt":"2023-08-18T07:21:19","guid":{"rendered":"https:\/\/conexmetals.com\/?post_type=product&#038;p=13448"},"modified":"2025-01-20T18:45:31","modified_gmt":"2025-01-20T13:15:31","slug":"prensa-cabos-industriais-e1w","status":"publish","type":"product","link":"https:\/\/conexmetals.com\/pt-br\/produto\/prensa-cabos-industriais-e1w\/","title":{"rendered":"Prensa-Cabos Industriais E1W"},"content":{"rendered":"","protected":false},"excerpt":{"rendered":"<div class=\"elementor-element elementor-element-672075d elementor-widget__width-initial e-transform elementor-widget-mobile__width-initial elementor-widget elementor-widget-woocommerce-product-images\" data-id=\"672075d\" data-element_type=\"widget\" data-settings=\"{&quot;_transform_scale_effect&quot;:{&quot;unit&quot;:&quot;px&quot;,&quot;size&quot;:1,&quot;sizes&quot;:[]},&quot;_transform_scale_effect_tablet&quot;:{&quot;unit&quot;:&quot;px&quot;,&quot;size&quot;:&quot;&quot;,&quot;sizes&quot;:[]},&quot;_transform_scale_effect_mobile&quot;:{&quot;unit&quot;:&quot;px&quot;,&quot;size&quot;:&quot;&quot;,&quot;sizes&quot;:[]}}\" data-widget_type=\"woocommerce-product-images.default\">\n<div class=\"elementor-widget-container\">\n<div class=\"woocommerce-product-gallery woocommerce-product-gallery--with-images woocommerce-product-gallery--columns-4 images\" data-columns=\"4\">\n<div class=\"woocommerce-product-gallery__wrapper\">\n<div class=\"woocommerce-product-gallery__image\" data-thumb=\"https:\/\/conexmetals.com\/wp-content\/uploads\/2023\/08\/E1W-Industrial-Cable-Gland-1-100x100.webp\" data-thumb-alt=\"E1W-Industrial-Cable-Gland\" data-thumb-srcset=\"https:\/\/conexmetals.com\/wp-content\/uploads\/2023\/08\/E1W-Industrial-Cable-Gland-1-100x100.webp 100w, https:\/\/conexmetals.com\/wp-content\/uploads\/2023\/08\/E1W-Industrial-Cable-Gland-1-300x300.webp 300w, https:\/\/conexmetals.com\/wp-content\/uploads\/2023\/08\/E1W-Industrial-Cable-Gland-1-150x150.webp 150w, https:\/\/conexmetals.com\/wp-content\/uploads\/2023\/08\/E1W-Industrial-Cable-Gland-1.webp 350w\"><\/div>\n<\/div>\n<\/div>\n<\/div>\n<\/div>\n<div class=\"elementor-element elementor-element-36d2ab8 elementor-widget elementor-widget-woocommerce-product-short-description\" data-id=\"36d2ab8\" data-element_type=\"widget\" data-widget_type=\"woocommerce-product-short-description.default\">\n<div class=\"elementor-widget-container\">\n<div class=\"woocommerce-product-details__short-description\">\n<table id=\"tablepress-418\" class=\"tablepress tablepress-id-418\">\n<caption>\u00a0<\/caption>\n<thead>\n<tr class=\"row-1 odd\">\n<th class=\"column-1\" colspan=\"8\"><strong><span>Ficha T\u00e9cnica<\/span><\/strong><\/th>\n<\/tr>\n<\/thead>\n<tbody class=\"row-hover\">\n<tr class=\"row-2 even\">\n<td class=\"column-1\" rowspan=\"2\"><strong><span>Tamanho da gl\u00e2ndula<\/span><\/strong><\/td>\n<td class=\"column-2\" rowspan=\"2\"><strong><span>Atrav\u00e9s de Falt<\/span><\/strong><\/td>\n<td class=\"column-3\" rowspan=\"2\"><strong><span>Atrav\u00e9s do canto<\/span><\/strong><\/td>\n<td class=\"column-4\" colspan=\"3\"><strong><span>Detalhes de aceita\u00e7\u00e3o de cabos<\/span><\/strong><\/td>\n<td class=\"column-7\" colspan=\"2\"><strong><span>Entradas<\/span><\/strong><\/td>\n<\/tr>\n<tr class=\"row-3 odd\">\n<td class=\"column-4\"><span>DIA M\u00c1X.<\/span><\/td>\n<td class=\"column-5\"><span>DIA M\u00c1X.<\/span><\/td>\n<td class=\"column-6\"><span>Dia da armadura<\/span><\/td>\n<td class=\"column-7\"><span>DIA<\/span><\/td>\n<td class=\"column-8\"><span>Comprimento m\u00ednimo<\/span><\/td>\n<\/tr>\n<tr class=\"row-4 even\">\n<td class=\"column-1\"><span>20 anos<\/span><\/td>\n<td class=\"column-2\"><span>24<\/span><\/td>\n<td class=\"column-3\"><span>27<\/span><\/td>\n<td class=\"column-4\"><span>8h00 &#8211; 11h80<\/span><\/td>\n<td class=\"column-5\"><span>12h90 &#8211; 17h20<\/span><\/td>\n<td class=\"column-6\"><span>0,90\/1,25<\/span><\/td>\n<td class=\"column-7\"><span>20<\/span><\/td>\n<td class=\"column-8\"><span>10<\/span><\/td>\n<\/tr>\n<tr class=\"row-5 odd\">\n<td class=\"column-1\"><span>20 L<\/span><\/td>\n<td class=\"column-2\"><span>27,7<\/span><\/td>\n<td class=\"column-3\"><span>31<\/span><\/td>\n<td class=\"column-4\"><span>11h00 &#8211; 14h00<\/span><\/td>\n<td class=\"column-5\"><span>15h50 &#8211; 20h80<\/span><\/td>\n<td class=\"column-6\"><span>0,90\/1,25<\/span><\/td>\n<td class=\"column-7\"><span>20<\/span><\/td>\n<td class=\"column-8\"><span>10<\/span><\/td>\n<\/tr>\n<tr class=\"row-6 even\">\n<td class=\"column-1\"><span>25 S<\/span><\/td>\n<td class=\"column-2\"><span>31,5<\/span><\/td>\n<td class=\"column-3\"><span>35<\/span><\/td>\n<td class=\"column-4\"><span>12h00 &#8211; 17h00<\/span><\/td>\n<td class=\"column-5\"><span>17h50 &#8211; 24h00<\/span><\/td>\n<td class=\"column-6\"><span>1,25\/1,60<\/span><\/td>\n<td class=\"column-7\"><span>25<\/span><\/td>\n<td class=\"column-8\"><span>10<\/span><\/td>\n<\/tr>\n<tr class=\"row-7 odd\">\n<td class=\"column-1\"><span>25 L<\/span><\/td>\n<td class=\"column-2\"><span>35<\/span><\/td>\n<td class=\"column-3\"><span>39<\/span><\/td>\n<td class=\"column-4\"><span>13h00 &#8211; 20h30<\/span><\/td>\n<td class=\"column-5\"><span>24h00 &#8211; 27h20<\/span><\/td>\n<td class=\"column-6\"><span>1,25\/1,60<\/span><\/td>\n<td class=\"column-7\"><span>25<\/span><\/td>\n<td class=\"column-8\"><span>10<\/span><\/td>\n<\/tr>\n<tr class=\"row-8 even\">\n<td class=\"column-1\"><span>32 S<\/span><\/td>\n<td class=\"column-2\"><span>43<\/span><\/td>\n<td class=\"column-3\"><span>47,5<\/span><\/td>\n<td class=\"column-4\"><span>17h00 &#8211; 24h00<\/span><\/td>\n<td class=\"column-5\"><span>25h00 &#8211; 31h00<\/span><\/td>\n<td class=\"column-6\"><span>1,60\/2,00<\/span><\/td>\n<td class=\"column-7\"><span>32<\/span><\/td>\n<td class=\"column-8\"><span>10<\/span><\/td>\n<\/tr>\n<tr class=\"row-9 odd\">\n<td class=\"column-1\"><span>32 eu<\/span><\/td>\n<td class=\"column-2\"><span>43<\/span><\/td>\n<td class=\"column-3\"><span>47,5<\/span><\/td>\n<td class=\"column-4\"><span>19h00 &#8211; 26h20<\/span><\/td>\n<td class=\"column-5\"><span>26,70 &#8211; 34,00<\/span><\/td>\n<td class=\"column-6\"><span>1,60\/2,00<\/span><\/td>\n<td class=\"column-7\"><span>32<\/span><\/td>\n<td class=\"column-8\"><span>10<\/span><\/td>\n<\/tr>\n<tr class=\"row-10 even\">\n<td class=\"column-1\"><span>40 S<\/span><\/td>\n<td class=\"column-2\"><span>51,5<\/span><\/td>\n<td class=\"column-3\"><span>57<\/span><\/td>\n<td class=\"column-4\"><span>23h00 &#8211; 30h00<\/span><\/td>\n<td class=\"column-5\"><span>31.00 &#8211; 38.50<\/span><\/td>\n<td class=\"column-6\"><span>1,60\/2,00<\/span><\/td>\n<td class=\"column-7\"><span>40<\/span><\/td>\n<td class=\"column-8\"><span>15<\/span><\/td>\n<\/tr>\n<tr class=\"row-11 odd\">\n<td class=\"column-1\"><span>40 L<\/span><\/td>\n<td class=\"column-2\"><span>51,5<\/span><\/td>\n<td class=\"column-3\"><span>57<\/span><\/td>\n<td class=\"column-4\"><span>25.00 &#8211; 32.20<\/span><\/td>\n<td class=\"column-5\"><span>33,00 &#8211; 40,50<\/span><\/td>\n<td class=\"column-6\"><span>1,60\/2,00<\/span><\/td>\n<td class=\"column-7\"><span>40<\/span><\/td>\n<td class=\"column-8\"><span>15<\/span><\/td>\n<\/tr>\n<tr class=\"row-12 even\">\n<td class=\"column-1\"><span>50 anos<\/span><\/td>\n<td class=\"column-2\"><span>58,5<\/span><\/td>\n<td class=\"column-3\"><span>65<\/span><\/td>\n<td class=\"column-4\"><span>31,50 &#8211; 38,20<\/span><\/td>\n<td class=\"column-5\"><span>39,40 &#8211; 46,80<\/span><\/td>\n<td class=\"column-6\"><span>2,00\/2,50<\/span><\/td>\n<td class=\"column-7\"><span>50<\/span><\/td>\n<td class=\"column-8\"><span>15<\/span><\/td>\n<\/tr>\n<tr class=\"row-13 odd\">\n<td class=\"column-1\"><span>50 L<\/span><\/td>\n<td class=\"column-2\"><span>66<\/span><\/td>\n<td class=\"column-3\"><span>73<\/span><\/td>\n<td class=\"column-4\"><span>36,50 &#8211; 44,00<\/span><\/td>\n<td class=\"column-5\"><span>45,70 &#8211; 53,20<\/span><\/td>\n<td class=\"column-6\"><span>2,00\/2,50<\/span><\/td>\n<td class=\"column-7\"><span>50<\/span><\/td>\n<td class=\"column-8\"><span>15<\/span><\/td>\n<\/tr>\n<tr class=\"row-14 even\">\n<td class=\"column-1\"><span>63 S<\/span><\/td>\n<td class=\"column-2\"><span>72<\/span><\/td>\n<td class=\"column-3\"><span>80<\/span><\/td>\n<td class=\"column-4\"><span>42,50 &#8211; 50,00<\/span><\/td>\n<td class=\"column-5\"><span>52,10 &#8211; 59,00<\/span><\/td>\n<td class=\"column-6\"><span>2,5<\/span><\/td>\n<td class=\"column-7\"><span>63<\/span><\/td>\n<td class=\"column-8\"><span>15<\/span><\/td>\n<\/tr>\n<tr class=\"row-15 odd\">\n<td class=\"column-1\"><span>63 eu<\/span><\/td>\n<td class=\"column-2\"><span>80<\/span><\/td>\n<td class=\"column-3\"><span>89<\/span><\/td>\n<td class=\"column-4\"><span>49,10 &#8211; 56,00<\/span><\/td>\n<td class=\"column-5\"><span>58,40 &#8211; 66,00<\/span><\/td>\n<td class=\"column-6\"><span>2,5<\/span><\/td>\n<td class=\"column-7\"><span>63<\/span><\/td>\n<td class=\"column-8\"><span>15<\/span><\/td>\n<\/tr>\n<tr class=\"row-16 even\">\n<td class=\"column-1\"><span>75 S<\/span><\/td>\n<td class=\"column-2\"><span>86,5<\/span><\/td>\n<td class=\"column-3\"><span>97<\/span><\/td>\n<td class=\"column-4\"><span>54,50 &#8211; 62,00<\/span><\/td>\n<td class=\"column-5\"><span>64,80 &#8211; 72,00<\/span><\/td>\n<td class=\"column-6\"><span>2,5<\/span><\/td>\n<td class=\"column-7\"><span>75<\/span><\/td>\n<td class=\"column-8\"><span>17<\/span><\/td>\n<\/tr>\n<tr class=\"row-17 odd\">\n<td class=\"column-1\"><span>75 L<\/span><\/td>\n<td class=\"column-2\"><span>94<\/span><\/td>\n<td class=\"column-3\"><span>105<\/span><\/td>\n<td class=\"column-4\"><span>60,50 &#8211; 68,00<\/span><\/td>\n<td class=\"column-5\"><span>71,10 &#8211; 78,00<\/span><\/td>\n<td class=\"column-6\"><span>2,5<\/span><\/td>\n<td class=\"column-7\"><span>75<\/span><\/td>\n<td class=\"column-8\"><span>17<\/span><\/td>\n<\/tr>\n<tr class=\"row-18 even\">\n<td class=\"column-1\"><span>90 L<\/span><\/td>\n<td class=\"column-2\"><span>106<\/span><\/td>\n<td class=\"column-3\"><span>118<\/span><\/td>\n<td class=\"column-4\"><span>66,00 &#8211; 79,00<\/span><\/td>\n<td class=\"column-5\"><span>77,00 &#8211; 90,00<\/span><\/td>\n<td class=\"column-6\"><span>2,50\/3,15<\/span><\/td>\n<td class=\"column-7\"><span>90<\/span><\/td>\n<td class=\"column-8\"><span>20<\/span><\/td>\n<\/tr>\n<\/tbody>\n<\/table>\n<p><img fetchpriority=\"high\" decoding=\"async\" class=\"alignright wp-image-13068 size-full lazy loaded\" src=\"https:\/\/conexmetals.com\/wp-content\/uploads\/2023\/08\/E1W-Industrial-Cable-Glands.jpg\" alt=\"Prensa-cabos industriais E1W\" width=\"500\" height=\"220\" data-src=\"https:\/\/conexmetals.com\/wp-content\/uploads\/2023\/08\/E1W-Industrial-Cable-Glands.jpg\" data-was-processed=\"true\" srcset=\"https:\/\/conexmetals.com\/wp-content\/uploads\/2023\/08\/E1W-Industrial-Cable-Glands.jpg 500w, https:\/\/conexmetals.com\/wp-content\/uploads\/2023\/08\/E1W-Industrial-Cable-Glands-300x132.jpg 300w\" sizes=\"(max-width: 500px) 100vw, 500px\" \/><span>Os prensa-cabos industriais E1W s\u00e3o um tipo espec\u00edfico de prensa-cabos comumente usado em ambientes industriais para fornecer conex\u00f5es seguras e estanques para cabos. A designa\u00e7\u00e3o \u201cE1W\u201d indica um padr\u00e3o ou especifica\u00e7\u00e3o particular para esses prensa-cabos. Esses prensa-cabos s\u00e3o projetados para oferecer prote\u00e7\u00e3o contra elementos ambientais, incluindo poeira, umidade e \u00e1gua, tornando-os adequados para uso em ambientes industriais desafiadores e severos.<\/span><\/p>\n<p><span>Aqui est\u00e3o alguns pontos importantes sobre os prensa-cabos industriais E1W:<\/span><\/p>\n<p><strong><b><span>Fun\u00e7\u00e3o:<\/span><\/b><\/strong><span>\u00a0\u00a0Os prensa-cabos E1W atendem \u00e0s mesmas fun\u00e7\u00f5es fundamentais de outros prensa-cabos, que incluem entrada de cabos, al\u00edvio de tens\u00e3o e veda\u00e7\u00e3o contra fatores ambientais. Eles s\u00e3o projetados especificamente para fornecer prote\u00e7\u00e3o em aplica\u00e7\u00f5es onde a entrada de \u00e1gua pode ser uma preocupa\u00e7\u00e3o.<\/span><\/p>\n<p><strong><b><span>Caracter\u00edsticas:<\/span><\/b><\/strong><span>\u00a0\u00a0Os prensa-cabos E1W geralmente t\u00eam as seguintes caracter\u00edsticas:<\/span><\/p>\n<ol>\n<li><b><\/b><strong><b><span>Veda\u00e7\u00e3o de compress\u00e3o dupla:<\/span><\/b><\/strong><span>\u00a0Uma das caracter\u00edsticas distintivas dos prensa-cabos E1W \u00e9 o sistema de veda\u00e7\u00e3o de compress\u00e3o dupla. Este design garante uma veda\u00e7\u00e3o confi\u00e1vel e estanque ao redor do cabo, fornecendo prote\u00e7\u00e3o aprimorada contra penetra\u00e7\u00e3o de \u00e1gua.<\/span><\/li>\n<li><b><\/b><strong><b><span>Veda\u00e7\u00e3o interna e externa:<\/span><\/b><\/strong><span>\u00a0a veda\u00e7\u00e3o de compress\u00e3o dupla consiste em uma veda\u00e7\u00e3o interna e externa, com a veda\u00e7\u00e3o interna evitando que a umidade atinja o cabo e a veda\u00e7\u00e3o externa fornecendo prote\u00e7\u00e3o adicional.<\/span><\/li>\n<li><b><\/b><strong><b><span>Design \u00e0 prova de intemp\u00e9ries:<\/span><\/b><\/strong><span>\u00a0os prensa-cabos E1W geralmente s\u00e3o projetados para serem \u00e0 prova de intemp\u00e9ries, o que os torna adequados para ambientes externos e expostos.<\/span><\/li>\n<li><b><\/b><strong><b><span>Escolha de materiais:<\/span><\/b><\/strong><span>\u00a0Essas gl\u00e2ndulas podem ser fabricadas de v\u00e1rios materiais, como lat\u00e3o ou a\u00e7o inoxid\u00e1vel, dependendo dos requisitos da aplica\u00e7\u00e3o e das condi\u00e7\u00f5es ambientais.<\/span><\/li>\n<\/ol>\n<p><strong><b><span>Aplica\u00e7\u00f5es:<\/span><\/b><\/strong><span>\u00a0\u00a0Os prensa-cabos industriais E1W s\u00e3o comumente usados \u200b\u200bem v\u00e1rios setores, incluindo manufatura, petr\u00f3leo e g\u00e1s, plantas qu\u00edmicas, mar\u00edtimo e outros ambientes onde a resist\u00eancia \u00e0 \u00e1gua e a prote\u00e7\u00e3o ambiental s\u00e3o essenciais.<\/span><\/p>\n<p><span>Em resumo, os prensa-cabos industriais E1W s\u00e3o projetados para fornecer uma solu\u00e7\u00e3o de entrada de cabos robusta e estanque para aplica\u00e7\u00f5es industriais. Seu design de veda\u00e7\u00e3o de compress\u00e3o dupla oferece prote\u00e7\u00e3o aprimorada contra umidade e entrada de \u00e1gua, tornando-os adequados para ambientes exigentes.<\/span><\/p>\n<\/div>\n<\/div>\n<\/div>\n","protected":false},"featured_media":13265,"template":"","meta":[],"product_brand":[],"product_cat":[365],"product_tag":[],"class_list":{"0":"post-13448","1":"product","2":"type-product","3":"status-publish","4":"has-post-thumbnail","6":"product_cat-prensa-cabos","8":"first","9":"instock","10":"shipping-taxable","11":"product-type-simple"},"yoast_head":"<!-- This site is optimized with the Yoast SEO plugin v27.3 - https:\/\/yoast.com\/product\/yoast-seo-wordpress\/ -->\n<title>Prensa-Cabos Industriais E1W<\/title>\n<meta name=\"description\" content=\"Encontre Prensa-Cabos Industriais E1W de alta qualidade na Conex Metals. Nossa sele\u00e7\u00e3o inclui Prensa-Cabos Blindados, Prensa-Cabos de Lat\u00e3o, Prensa-Cabos de Dupla Compress\u00e3o e Prensa-Cabos \u00e0 Prova de Explos\u00e3o. Como fabricante, exportador e fornecedor l\u00edder na \u00cdndia, a Conex Metals garante Prensa-Cabos de 32mm e Crimpadoras de Cabos confi\u00e1veis.\" \/>\n<meta name=\"robots\" content=\"index, follow, max-snippet:-1, max-image-preview:large, max-video-preview:-1\" \/>\n<link rel=\"canonical\" href=\"https:\/\/conexmetals.com\/pt-br\/produto\/prensa-cabos-industriais-e1w\/\" \/>\n<script type=\"application\/ld+json\" class=\"yoast-schema-graph\">{\"@context\":\"https:\\\/\\\/schema.org\",\"@graph\":[{\"@type\":\"WebPage\",\"@id\":\"https:\\\/\\\/conexmetals.com\\\/pt-br\\\/produto\\\/prensa-cabos-industriais-e1w\\\/\",\"url\":\"https:\\\/\\\/conexmetals.com\\\/pt-br\\\/produto\\\/prensa-cabos-industriais-e1w\\\/\",\"name\":\"Prensa-Cabos Industriais E1W\",\"isPartOf\":{\"@id\":\"https:\\\/\\\/conexmetals.com\\\/pt-br\\\/#website\"},\"primaryImageOfPage\":{\"@id\":\"https:\\\/\\\/conexmetals.com\\\/pt-br\\\/produto\\\/prensa-cabos-industriais-e1w\\\/#primaryimage\"},\"image\":{\"@id\":\"https:\\\/\\\/conexmetals.com\\\/pt-br\\\/produto\\\/prensa-cabos-industriais-e1w\\\/#primaryimage\"},\"thumbnailUrl\":\"https:\\\/\\\/conexmetals.com\\\/wp-content\\\/uploads\\\/2025\\\/01\\\/Prensa-Cabos-Industriais-E1W.webp\",\"datePublished\":\"2023-08-18T07:21:19+00:00\",\"dateModified\":\"2025-01-20T13:15:31+00:00\",\"description\":\"Encontre Prensa-Cabos Industriais E1W de alta qualidade na Conex Metals. Nossa sele\u00e7\u00e3o inclui Prensa-Cabos Blindados, Prensa-Cabos de Lat\u00e3o, Prensa-Cabos de Dupla Compress\u00e3o e Prensa-Cabos \u00e0 Prova de Explos\u00e3o. Como fabricante, exportador e fornecedor l\u00edder na \u00cdndia, a Conex Metals garante Prensa-Cabos de 32mm e Crimpadoras de Cabos confi\u00e1veis.\",\"breadcrumb\":{\"@id\":\"https:\\\/\\\/conexmetals.com\\\/pt-br\\\/produto\\\/prensa-cabos-industriais-e1w\\\/#breadcrumb\"},\"inLanguage\":\"pt-BR\",\"potentialAction\":[{\"@type\":\"ReadAction\",\"target\":[\"https:\\\/\\\/conexmetals.com\\\/pt-br\\\/produto\\\/prensa-cabos-industriais-e1w\\\/\"]}]},{\"@type\":\"ImageObject\",\"inLanguage\":\"pt-BR\",\"@id\":\"https:\\\/\\\/conexmetals.com\\\/pt-br\\\/produto\\\/prensa-cabos-industriais-e1w\\\/#primaryimage\",\"url\":\"https:\\\/\\\/conexmetals.com\\\/wp-content\\\/uploads\\\/2025\\\/01\\\/Prensa-Cabos-Industriais-E1W.webp\",\"contentUrl\":\"https:\\\/\\\/conexmetals.com\\\/wp-content\\\/uploads\\\/2025\\\/01\\\/Prensa-Cabos-Industriais-E1W.webp\",\"width\":300,\"height\":300,\"caption\":\"Prensa-Cabos Industriais E1W\"},{\"@type\":\"BreadcrumbList\",\"@id\":\"https:\\\/\\\/conexmetals.com\\\/pt-br\\\/produto\\\/prensa-cabos-industriais-e1w\\\/#breadcrumb\",\"itemListElement\":[{\"@type\":\"ListItem\",\"position\":1,\"name\":\"Home\",\"item\":\"https:\\\/\\\/conexmetals.com\\\/pt-br\\\/lar\\\/\"},{\"@type\":\"ListItem\",\"position\":2,\"name\":\"Products\",\"item\":\"https:\\\/\\\/conexmetals.com\\\/products\\\/\"},{\"@type\":\"ListItem\",\"position\":3,\"name\":\"Prensa-Cabos Industriais E1W\"}]},{\"@type\":\"WebSite\",\"@id\":\"https:\\\/\\\/conexmetals.com\\\/pt-br\\\/#website\",\"url\":\"https:\\\/\\\/conexmetals.com\\\/pt-br\\\/\",\"name\":\"Conex Metals Brass Fittings Brass Parts Copper Parts Brass Components Brass Plumbing Fittings India\",\"description\":\"Manufacturer of Bronze Fittings casting Copper Brass parts components\",\"publisher\":{\"@id\":\"https:\\\/\\\/conexmetals.com\\\/pt-br\\\/#organization\"},\"potentialAction\":[{\"@type\":\"SearchAction\",\"target\":{\"@type\":\"EntryPoint\",\"urlTemplate\":\"https:\\\/\\\/conexmetals.com\\\/pt-br\\\/?s={search_term_string}\"},\"query-input\":{\"@type\":\"PropertyValueSpecification\",\"valueRequired\":true,\"valueName\":\"search_term_string\"}}],\"inLanguage\":\"pt-BR\"},{\"@type\":\"Organization\",\"@id\":\"https:\\\/\\\/conexmetals.com\\\/pt-br\\\/#organization\",\"name\":\"Conex Metals Brass Fittings Brass Parts Copper Parts Brass Components Brass Plumbing Fittings India\",\"url\":\"https:\\\/\\\/conexmetals.com\\\/pt-br\\\/\",\"logo\":{\"@type\":\"ImageObject\",\"inLanguage\":\"pt-BR\",\"@id\":\"https:\\\/\\\/conexmetals.com\\\/pt-br\\\/#\\\/schema\\\/logo\\\/image\\\/\",\"url\":\"https:\\\/\\\/conexmetals.com\\\/wp-content\\\/uploads\\\/2024\\\/03\\\/conex-metals-logo.webp\",\"contentUrl\":\"https:\\\/\\\/conexmetals.com\\\/wp-content\\\/uploads\\\/2024\\\/03\\\/conex-metals-logo.webp\",\"width\":300,\"height\":121,\"caption\":\"Conex Metals Brass Fittings Brass Parts Copper Parts Brass Components Brass Plumbing Fittings India\"},\"image\":{\"@id\":\"https:\\\/\\\/conexmetals.com\\\/pt-br\\\/#\\\/schema\\\/logo\\\/image\\\/\"},\"sameAs\":[\"https:\\\/\\\/www.facebook.com\\\/conexbrass\",\"https:\\\/\\\/x.com\\\/conexindia\",\"https:\\\/\\\/www.linkedin.com\\\/company\\\/conex-metals-india\\\/\",\"https:\\\/\\\/www.instagram.com\\\/conexindia\\\/\"]}]}<\/script>\n<!-- \/ Yoast SEO plugin. -->","yoast_head_json":{"title":"Prensa-Cabos Industriais E1W","description":"Encontre Prensa-Cabos Industriais E1W de alta qualidade na Conex Metals. Nossa sele\u00e7\u00e3o inclui Prensa-Cabos Blindados, Prensa-Cabos de Lat\u00e3o, Prensa-Cabos de Dupla Compress\u00e3o e Prensa-Cabos \u00e0 Prova de Explos\u00e3o. Como fabricante, exportador e fornecedor l\u00edder na \u00cdndia, a Conex Metals garante Prensa-Cabos de 32mm e Crimpadoras de Cabos confi\u00e1veis.","robots":{"index":"index","follow":"follow","max-snippet":"max-snippet:-1","max-image-preview":"max-image-preview:large","max-video-preview":"max-video-preview:-1"},"canonical":"https:\/\/conexmetals.com\/pt-br\/produto\/prensa-cabos-industriais-e1w\/","schema":{"@context":"https:\/\/schema.org","@graph":[{"@type":"WebPage","@id":"https:\/\/conexmetals.com\/pt-br\/produto\/prensa-cabos-industriais-e1w\/","url":"https:\/\/conexmetals.com\/pt-br\/produto\/prensa-cabos-industriais-e1w\/","name":"Prensa-Cabos Industriais E1W","isPartOf":{"@id":"https:\/\/conexmetals.com\/pt-br\/#website"},"primaryImageOfPage":{"@id":"https:\/\/conexmetals.com\/pt-br\/produto\/prensa-cabos-industriais-e1w\/#primaryimage"},"image":{"@id":"https:\/\/conexmetals.com\/pt-br\/produto\/prensa-cabos-industriais-e1w\/#primaryimage"},"thumbnailUrl":"https:\/\/conexmetals.com\/wp-content\/uploads\/2025\/01\/Prensa-Cabos-Industriais-E1W.webp","datePublished":"2023-08-18T07:21:19+00:00","dateModified":"2025-01-20T13:15:31+00:00","description":"Encontre Prensa-Cabos Industriais E1W de alta qualidade na Conex Metals. Nossa sele\u00e7\u00e3o inclui Prensa-Cabos Blindados, Prensa-Cabos de Lat\u00e3o, Prensa-Cabos de Dupla Compress\u00e3o e Prensa-Cabos \u00e0 Prova de Explos\u00e3o. Como fabricante, exportador e fornecedor l\u00edder na \u00cdndia, a Conex Metals garante Prensa-Cabos de 32mm e Crimpadoras de Cabos confi\u00e1veis.","breadcrumb":{"@id":"https:\/\/conexmetals.com\/pt-br\/produto\/prensa-cabos-industriais-e1w\/#breadcrumb"},"inLanguage":"pt-BR","potentialAction":[{"@type":"ReadAction","target":["https:\/\/conexmetals.com\/pt-br\/produto\/prensa-cabos-industriais-e1w\/"]}]},{"@type":"ImageObject","inLanguage":"pt-BR","@id":"https:\/\/conexmetals.com\/pt-br\/produto\/prensa-cabos-industriais-e1w\/#primaryimage","url":"https:\/\/conexmetals.com\/wp-content\/uploads\/2025\/01\/Prensa-Cabos-Industriais-E1W.webp","contentUrl":"https:\/\/conexmetals.com\/wp-content\/uploads\/2025\/01\/Prensa-Cabos-Industriais-E1W.webp","width":300,"height":300,"caption":"Prensa-Cabos Industriais E1W"},{"@type":"BreadcrumbList","@id":"https:\/\/conexmetals.com\/pt-br\/produto\/prensa-cabos-industriais-e1w\/#breadcrumb","itemListElement":[{"@type":"ListItem","position":1,"name":"Home","item":"https:\/\/conexmetals.com\/pt-br\/lar\/"},{"@type":"ListItem","position":2,"name":"Products","item":"https:\/\/conexmetals.com\/products\/"},{"@type":"ListItem","position":3,"name":"Prensa-Cabos Industriais E1W"}]},{"@type":"WebSite","@id":"https:\/\/conexmetals.com\/pt-br\/#website","url":"https:\/\/conexmetals.com\/pt-br\/","name":"Conex Metals Brass Fittings Brass Parts Copper Parts Brass Components Brass Plumbing Fittings India","description":"Manufacturer of Bronze Fittings casting Copper Brass parts components","publisher":{"@id":"https:\/\/conexmetals.com\/pt-br\/#organization"},"potentialAction":[{"@type":"SearchAction","target":{"@type":"EntryPoint","urlTemplate":"https:\/\/conexmetals.com\/pt-br\/?s={search_term_string}"},"query-input":{"@type":"PropertyValueSpecification","valueRequired":true,"valueName":"search_term_string"}}],"inLanguage":"pt-BR"},{"@type":"Organization","@id":"https:\/\/conexmetals.com\/pt-br\/#organization","name":"Conex Metals Brass Fittings Brass Parts Copper Parts Brass Components Brass Plumbing Fittings India","url":"https:\/\/conexmetals.com\/pt-br\/","logo":{"@type":"ImageObject","inLanguage":"pt-BR","@id":"https:\/\/conexmetals.com\/pt-br\/#\/schema\/logo\/image\/","url":"https:\/\/conexmetals.com\/wp-content\/uploads\/2024\/03\/conex-metals-logo.webp","contentUrl":"https:\/\/conexmetals.com\/wp-content\/uploads\/2024\/03\/conex-metals-logo.webp","width":300,"height":121,"caption":"Conex Metals Brass Fittings Brass Parts Copper Parts Brass Components Brass Plumbing Fittings India"},"image":{"@id":"https:\/\/conexmetals.com\/pt-br\/#\/schema\/logo\/image\/"},"sameAs":["https:\/\/www.facebook.com\/conexbrass","https:\/\/x.com\/conexindia","https:\/\/www.linkedin.com\/company\/conex-metals-india\/","https:\/\/www.instagram.com\/conexindia\/"]}]}},"_links":{"self":[{"href":"https:\/\/conexmetals.com\/pt-br\/wp-json\/wp\/v2\/product\/13448","targetHints":{"allow":["GET"]}}],"collection":[{"href":"https:\/\/conexmetals.com\/pt-br\/wp-json\/wp\/v2\/product"}],"about":[{"href":"https:\/\/conexmetals.com\/pt-br\/wp-json\/wp\/v2\/types\/product"}],"wp:featuredmedia":[{"embeddable":true,"href":"https:\/\/conexmetals.com\/pt-br\/wp-json\/wp\/v2\/media\/13265"}],"wp:attachment":[{"href":"https:\/\/conexmetals.com\/pt-br\/wp-json\/wp\/v2\/media?parent=13448"}],"wp:term":[{"taxonomy":"product_brand","embeddable":true,"href":"https:\/\/conexmetals.com\/pt-br\/wp-json\/wp\/v2\/product_brand?post=13448"},{"taxonomy":"product_cat","embeddable":true,"href":"https:\/\/conexmetals.com\/pt-br\/wp-json\/wp\/v2\/product_cat?post=13448"},{"taxonomy":"product_tag","embeddable":true,"href":"https:\/\/conexmetals.com\/pt-br\/wp-json\/wp\/v2\/product_tag?post=13448"}],"curies":[{"name":"wp","href":"https:\/\/api.w.org\/{rel}","templated":true}]}}