{"id":13452,"date":"2023-08-18T12:58:45","date_gmt":"2023-08-18T07:28:45","guid":{"rendered":"https:\/\/conexmetals.com\/?post_type=product&#038;p=13452"},"modified":"2025-01-20T19:10:34","modified_gmt":"2025-01-20T13:40:34","slug":"prensa-cabos-industriais-e1z","status":"publish","type":"product","link":"https:\/\/conexmetals.com\/pt-br\/produto\/prensa-cabos-industriais-e1z\/","title":{"rendered":"Prensa-Cabos Industriais E1Z"},"content":{"rendered":"","protected":false},"excerpt":{"rendered":"<p><span>Os prensa-cabos industriais E1Z s\u00e3o projetados para termina\u00e7\u00e3o de cabos confi\u00e1vel e eficiente em aplica\u00e7\u00f5es industriais exigentes. Esses prensa-cabos s\u00e3o projetados para atender a altos padr\u00f5es de desempenho e durabilidade.<\/span><\/p>\n<p><strong><span>Especifica\u00e7\u00f5es t\u00e9cnicas:<\/span><\/strong><\/p>\n<ul>\n<li><strong><span>Tipo:<\/span><\/strong><span>\u00a0E1Z<\/span><\/li>\n<li><strong><span>Especifica\u00e7\u00e3o de projeto:<\/span><\/strong><span>\u00a0BS 6121: Parte I: 1989<\/span><\/li>\n<li><strong><span>Material:<\/span><\/strong><span>\u00a0Lat\u00e3o<\/span><\/li>\n<li><strong><span>Prote\u00e7\u00e3o de entrada:<\/span><\/strong><span>\u00a0IP 66<\/span><\/li>\n<li><strong><span>Op\u00e7\u00f5es de acabamento:<\/span><\/strong><span>\u00a0lat\u00e3o simples ou niquelado<\/span><\/li>\n<li><strong><span>Material de veda\u00e7\u00e3o:<\/span><\/strong><span>\u00a0Elast\u00f4mero termopl\u00e1stico<\/span><\/li>\n<li><strong><span>Tipo de cabo compat\u00edvel:<\/span><\/strong><span>\u00a0fita de armadura de a\u00e7o<\/span><\/li>\n<li><strong><span>Fixa\u00e7\u00e3o de armadura:<\/span><\/strong><span>\u00a0Trava de armadura de 3 partes<\/span><\/li>\n<li><strong><span>T\u00e9cnica de veda\u00e7\u00e3o:<\/span><\/strong><span>\u00a0Tipo de compress\u00e3o e deslocamento<\/span><\/li>\n<li><strong><span>\u00c1rea de veda\u00e7\u00e3o:<\/span><\/strong><span>\u00a0bainha interna e externa<\/span><\/li>\n<\/ul>\n<p>&nbsp;<\/p>\n<table id=\"tablepress-375\" class=\"tablepress tablepress-id-375\">\n<caption>\u00a0<\/caption>\n<thead>\n<tr class=\"row-1 odd\">\n<th class=\"column-1\"><\/th>\n<th class=\"column-2\" colspan=\"5\"><strong><span>Dimens\u00f5es do cabo acomodadas<\/span><\/strong><\/th>\n<th class=\"column-7\" colspan=\"5\"><span>Dimens\u00f5es da gl\u00e2ndula<\/span><\/th>\n<\/tr>\n<\/thead>\n<tbody class=\"row-hover\">\n<tr class=\"row-2 even\">\n<td class=\"column-1\" rowspan=\"2\"><strong><span>Tamanho da gl\u00e2ndula<\/span><\/strong><\/td>\n<td class=\"column-2\" colspan=\"2\"><strong><span>Dia da Under Armour.<\/span><\/strong><\/td>\n<td class=\"column-4\" colspan=\"2\"><strong><span>Di\u00e2m. geral.<\/span><\/strong><\/td>\n<td class=\"column-6\" rowspan=\"2\"><strong><span>Espessura da fita de a\u00e7o<\/span><\/strong><\/td>\n<td class=\"column-7\" rowspan=\"2\"><strong><span>Di\u00e2m. \u201cA\u201d<\/span><\/strong><\/td>\n<td class=\"column-8\" rowspan=\"2\"><strong><span>Di\u00e2metro \u201cB\u201d<\/span><\/strong><\/td>\n<td class=\"column-9\" rowspan=\"2\"><strong><span>T\u00f3pico de entrada m\u00e9trica \u201cC\u201d<\/span><\/strong><\/td>\n<td class=\"column-10\" rowspan=\"2\"><strong><span>Comprimento m\u00ednimo da rosca \u201cD\u201d<\/span><\/strong><\/td>\n<td class=\"column-11\" rowspan=\"2\"><span>Atrav\u00e9s do plano \u201cE\u201d m\u00e1x.<\/span><\/td>\n<\/tr>\n<tr class=\"row-3 odd\">\n<td class=\"column-2\"><strong><span>M\u00edn.<\/span><\/strong><\/td>\n<td class=\"column-3\"><strong><span>M\u00e1x.<\/span><\/strong><\/td>\n<td class=\"column-4\"><strong><span>M\u00ednimo<\/span><\/strong><\/td>\n<td class=\"column-5\"><strong><span>M\u00e1x.<\/span><\/strong><\/td>\n<\/tr>\n<tr class=\"row-4 even\">\n<td class=\"column-1\"><span>16<\/span><\/td>\n<td class=\"column-2\"><span>6.3<\/span><\/td>\n<td class=\"column-3\"><span>8.6<\/span><\/td>\n<td class=\"column-4\"><span>8<\/span><\/td>\n<td class=\"column-5\"><span>13.2<\/span><\/td>\n<td class=\"column-6\"><span>0,15\/0,35<\/span><\/td>\n<td class=\"column-7\"><span>11.9<\/span><\/td>\n<td class=\"column-8\"><span>17<\/span><\/td>\n<td class=\"column-9\"><span>16<\/span><\/td>\n<td class=\"column-10\"><span>15<\/span><\/td>\n<td class=\"column-11\"><span>24.1<\/span><\/td>\n<\/tr>\n<tr class=\"row-5 odd\">\n<td class=\"column-1\"><span>20 anos<\/span><\/td>\n<td class=\"column-2\"><span>7.8<\/span><\/td>\n<td class=\"column-3\"><span>11.6<\/span><\/td>\n<td class=\"column-4\"><span>8.8<\/span><\/td>\n<td class=\"column-5\"><span>15.8<\/span><\/td>\n<td class=\"column-6\"><span>0,15\/0,35<\/span><\/td>\n<td class=\"column-7\"><span>11.9<\/span><\/td>\n<td class=\"column-8\"><span>17<\/span><\/td>\n<td class=\"column-9\"><span>20<\/span><\/td>\n<td class=\"column-10\"><span>15<\/span><\/td>\n<td class=\"column-11\"><span>24.1<\/span><\/td>\n<\/tr>\n<tr class=\"row-6 even\">\n<td class=\"column-1\"><span>20 L<\/span><\/td>\n<td class=\"column-2\"><span>11.8<\/span><\/td>\n<td class=\"column-3\"><span>13.9<\/span><\/td>\n<td class=\"column-4\"><span>11.7<\/span><\/td>\n<td class=\"column-5\"><span>19,5<\/span><\/td>\n<td class=\"column-6\"><span>0,15\/0,5<\/span><\/td>\n<td class=\"column-7\"><span>14,5<\/span><\/td>\n<td class=\"column-8\"><span>20.3<\/span><\/td>\n<td class=\"column-9\"><span>20<\/span><\/td>\n<td class=\"column-10\"><span>15<\/span><\/td>\n<td class=\"column-11\"><span>27.17<\/span><\/td>\n<\/tr>\n<tr class=\"row-7 odd\">\n<td class=\"column-1\"><span>25 S<\/span><\/td>\n<td class=\"column-2\"><span>13<\/span><\/td>\n<td class=\"column-3\"><span>15,5<\/span><\/td>\n<td class=\"column-4\"><span>17<\/span><\/td>\n<td class=\"column-5\"><span>25,8<\/span><\/td>\n<td class=\"column-6\"><span>0,15\/0,5<\/span><\/td>\n<td class=\"column-7\"><span>16,5<\/span><\/td>\n<td class=\"column-8\"><span>26.4<\/span><\/td>\n<td class=\"column-9\"><span>25<\/span><\/td>\n<td class=\"column-10\"><span>15<\/span><\/td>\n<td class=\"column-11\"><span>32,75<\/span><\/td>\n<\/tr>\n<tr class=\"row-8 even\">\n<td class=\"column-1\"><span>25 L<\/span><\/td>\n<td class=\"column-2\"><span>14<\/span><\/td>\n<td class=\"column-3\"><span>19,9<\/span><\/td>\n<td class=\"column-4\"><span>17<\/span><\/td>\n<td class=\"column-5\"><span>26<\/span><\/td>\n<td class=\"column-6\"><span>0,15\/0,5<\/span><\/td>\n<td class=\"column-7\"><span>20.7<\/span><\/td>\n<td class=\"column-8\"><span>27,4<\/span><\/td>\n<td class=\"column-9\"><span>25<\/span><\/td>\n<td class=\"column-10\"><span>15<\/span><\/td>\n<td class=\"column-11\"><span>35,85<\/span><\/td>\n<\/tr>\n<tr class=\"row-9 odd\">\n<td class=\"column-1\"><span>32<\/span><\/td>\n<td class=\"column-2\"><span>19,7<\/span><\/td>\n<td class=\"column-3\"><span>25.2<\/span><\/td>\n<td class=\"column-4\"><span>23,5<\/span><\/td>\n<td class=\"column-5\"><span>33,5<\/span><\/td>\n<td class=\"column-6\"><span>0,15\/0,55<\/span><\/td>\n<td class=\"column-7\"><span>26,9<\/span><\/td>\n<td class=\"column-8\"><span>34.1<\/span><\/td>\n<td class=\"column-9\"><span>32<\/span><\/td>\n<td class=\"column-10\"><span>15<\/span><\/td>\n<td class=\"column-11\"><span>42,9<\/span><\/td>\n<\/tr>\n<tr class=\"row-10 even\">\n<td class=\"column-1\"><span>40 S<\/span><\/td>\n<td class=\"column-2\"><span>26,5<\/span><\/td>\n<td class=\"column-3\"><span>29,4<\/span><\/td>\n<td class=\"column-4\"><span>29<\/span><\/td>\n<td class=\"column-5\"><span>38,5<\/span><\/td>\n<td class=\"column-6\"><span>0,2\/0,6<\/span><\/td>\n<td class=\"column-7\"><span>29,6<\/span><\/td>\n<td class=\"column-8\"><span>39,6<\/span><\/td>\n<td class=\"column-9\"><span>40<\/span><\/td>\n<td class=\"column-10\"><span>15<\/span><\/td>\n<td class=\"column-11\"><span>49,3<\/span><\/td>\n<\/tr>\n<tr class=\"row-11 odd\">\n<td class=\"column-1\"><span>40 L<\/span><\/td>\n<td class=\"column-2\"><span>32.1<\/span><\/td>\n<td class=\"column-3\"><span>32.1<\/span><\/td>\n<td class=\"column-4\"><span>39,9<\/span><\/td>\n<td class=\"column-5\"><span>39,9<\/span><\/td>\n<td class=\"column-6\"><span>0,2\/0,6<\/span><\/td>\n<td class=\"column-7\"><span>32,5<\/span><\/td>\n<td class=\"column-8\"><span>41,8<\/span><\/td>\n<td class=\"column-9\"><span>40<\/span><\/td>\n<td class=\"column-10\"><span>15<\/span><\/td>\n<td class=\"column-11\"><span>50,8<\/span><\/td>\n<\/tr>\n<tr class=\"row-12 even\">\n<td class=\"column-1\"><span>50 anos<\/span><\/td>\n<td class=\"column-2\"><span>32.2<\/span><\/td>\n<td class=\"column-3\"><span>38.1<\/span><\/td>\n<td class=\"column-4\"><span>38<\/span><\/td>\n<td class=\"column-5\"><span>46<\/span><\/td>\n<td class=\"column-6\"><span>0,5\/0,8<\/span><\/td>\n<td class=\"column-7\"><span>38,6<\/span><\/td>\n<td class=\"column-8\"><span>50,2<\/span><\/td>\n<td class=\"column-9\"><span>50<\/span><\/td>\n<td class=\"column-10\"><span>15<\/span><\/td>\n<td class=\"column-11\"><span>61,7<\/span><\/td>\n<\/tr>\n<tr class=\"row-13 odd\">\n<td class=\"column-1\"><span>50 L<\/span><\/td>\n<td class=\"column-2\"><span>38,4<\/span><\/td>\n<td class=\"column-3\"><span>43.2<\/span><\/td>\n<td class=\"column-4\"><span>39,5<\/span><\/td>\n<td class=\"column-5\"><span>51<\/span><\/td>\n<td class=\"column-6\"><span>0,5\/0,8<\/span><\/td>\n<td class=\"column-7\"><span>44<\/span><\/td>\n<td class=\"column-8\"><span>52,8<\/span><\/td>\n<td class=\"column-9\"><span>50<\/span><\/td>\n<td class=\"column-10\"><span>15<\/span><\/td>\n<td class=\"column-11\"><span>63,75<\/span><\/td>\n<\/tr>\n<tr class=\"row-14 even\">\n<td class=\"column-1\"><span>63 S<\/span><\/td>\n<td class=\"column-2\"><span>44.1<\/span><\/td>\n<td class=\"column-3\"><span>50<\/span><\/td>\n<td class=\"column-4\"><span>50<\/span><\/td>\n<td class=\"column-5\"><span>58,9<\/span><\/td>\n<td class=\"column-6\"><span>0,5\/0,8<\/span><\/td>\n<td class=\"column-7\"><span>50,3<\/span><\/td>\n<td class=\"column-8\"><span>61,9<\/span><\/td>\n<td class=\"column-9\"><span>63<\/span><\/td>\n<td class=\"column-10\"><span>15<\/span><\/td>\n<td class=\"column-11\"><span>73,9<\/span><\/td>\n<\/tr>\n<tr class=\"row-15 odd\">\n<td class=\"column-1\"><span>63 eu<\/span><\/td>\n<td class=\"column-2\"><span>50,1<\/span><\/td>\n<td class=\"column-3\"><span>55,9<\/span><\/td>\n<td class=\"column-4\"><span>51,3<\/span><\/td>\n<td class=\"column-5\"><span>65,3<\/span><\/td>\n<td class=\"column-6\"><span>0,5\/0,8<\/span><\/td>\n<td class=\"column-7\"><span>56,4<\/span><\/td>\n<td class=\"column-8\"><span>66,5<\/span><\/td>\n<td class=\"column-9\"><span>63<\/span><\/td>\n<td class=\"column-10\"><span>15<\/span><\/td>\n<td class=\"column-11\"><span>78,5<\/span><\/td>\n<\/tr>\n<tr class=\"row-16 even\">\n<td class=\"column-1\"><span>75 S<\/span><\/td>\n<td class=\"column-2\"><span>56<\/span><\/td>\n<td class=\"column-3\"><span>61,9<\/span><\/td>\n<td class=\"column-4\"><span>62,2<\/span><\/td>\n<td class=\"column-5\"><span>71,6<\/span><\/td>\n<td class=\"column-6\"><span>0,5\/1,0<\/span><\/td>\n<td class=\"column-7\"><span>62,2<\/span><\/td>\n<td class=\"column-8\"><span>74,2<\/span><\/td>\n<td class=\"column-9\"><span>75<\/span><\/td>\n<td class=\"column-10\"><span>15<\/span><\/td>\n<td class=\"column-11\"><span>87,4<\/span><\/td>\n<\/tr>\n<tr class=\"row-17 odd\">\n<td class=\"column-1\"><span>75 L<\/span><\/td>\n<td class=\"column-2\"><span>62<\/span><\/td>\n<td class=\"column-3\"><span>67,9<\/span><\/td>\n<td class=\"column-4\"><span>62,5<\/span><\/td>\n<td class=\"column-5\"><span>78<\/span><\/td>\n<td class=\"column-6\"><span>0,5\/1,0<\/span><\/td>\n<td class=\"column-7\"><span>68,3<\/span><\/td>\n<td class=\"column-8\"><span>78,5<\/span><\/td>\n<td class=\"column-9\"><span>75<\/span><\/td>\n<td class=\"column-10\"><span>15<\/span><\/td>\n<td class=\"column-11\"><span>96<\/span><\/td>\n<\/tr>\n<tr class=\"row-18 even\">\n<td class=\"column-1\"><span>90<\/span><\/td>\n<td class=\"column-2\"><span>68<\/span><\/td>\n<td class=\"column-3\"><span>74<\/span><\/td>\n<td class=\"column-4\"><span>68<\/span><\/td>\n<td class=\"column-5\"><span>88<\/span><\/td>\n<td class=\"column-6\"><span>0,5\/1,0<\/span><\/td>\n<td class=\"column-7\"><span>80,3<\/span><\/td>\n<td class=\"column-8\"><span>90,2<\/span><\/td>\n<td class=\"column-9\"><span>90<\/span><\/td>\n<td class=\"column-10\"><span>20<\/span><\/td>\n<td class=\"column-11\"><span>105,3<\/span><\/td>\n<\/tr>\n<tr class=\"row-19 odd\">\n<td class=\"column-1\" colspan=\"11\"><strong><span>Dimens\u00f5es em mm<\/span><\/strong><\/td>\n<\/tr>\n<\/tbody>\n<\/table>\n<p><img decoding=\"async\" class=\"size-medium wp-image-10927 alignright lazy loaded\" src=\"https:\/\/conexmetals.com\/wp-content\/uploads\/2023\/08\/E1Z-Industrial-Cable-Glands-300x149.jpg\" alt=\"Prensa-cabos industriais E1Z\" width=\"300\" height=\"149\" data-src=\"https:\/\/conexmetals.com\/wp-content\/uploads\/2023\/08\/E1Z-Industrial-Cable-Glands-300x149.jpg\" data-was-processed=\"true\" srcset=\"https:\/\/conexmetals.com\/wp-content\/uploads\/2023\/08\/E1Z-Industrial-Cable-Glands-300x149.jpg 300w, https:\/\/conexmetals.com\/wp-content\/uploads\/2023\/08\/E1Z-Industrial-Cable-Glands.jpg 462w\" sizes=\"(max-width: 300px) 100vw, 300px\" \/><\/p>\n<p><strong><span>Principais aplica\u00e7\u00f5es:<\/span><\/strong><\/p>\n<ol>\n<li><strong><span>Instala\u00e7\u00f5es El\u00e9tricas e de Energia<\/span><\/strong>\n<ul>\n<li><span>Ideal para fixar cabos em aparelhagens, transformadores e sistemas de distribui\u00e7\u00e3o de energia.<\/span><\/li>\n<\/ul>\n<\/li>\n<li><strong><span>Ind\u00fastrias de petr\u00f3leo, g\u00e1s e petroqu\u00edmica<\/span><\/strong>\n<ul>\n<li><span>Perfeito para uso em ambientes explosivos e perigosos, garantindo termina\u00e7\u00f5es de cabos seguras.<\/span><\/li>\n<\/ul>\n<\/li>\n<li><strong><span>M\u00e1quinas Pesadas e Equipamentos Industriais<\/span><\/strong>\n<ul>\n<li><span>Usado em f\u00e1bricas para fornecer conex\u00f5es de cabos seguras e dur\u00e1veis.<\/span><\/li>\n<\/ul>\n<\/li>\n<li><strong><span>Aplica\u00e7\u00f5es mar\u00edtimas e offshore<\/span><\/strong>\n<ul>\n<li><span>Adequado para ambientes marinhos adversos, proporcionando alta prote\u00e7\u00e3o contra entrada de \u00e1gua e poeira.<\/span><\/li>\n<\/ul>\n<\/li>\n<li><strong><span>Projetos de Energia Renov\u00e1vel<\/span><\/strong>\n<ul>\n<li><span>Aplicado em sistemas de energia solar e e\u00f3lica para proteger cabos de inversores e pain\u00e9is de controle.<\/span><\/li>\n<\/ul>\n<\/li>\n<li><strong><span>Constru\u00e7\u00e3o e Infraestrutura<\/span><\/strong>\n<ul>\n<li><span>Usado na constru\u00e7\u00e3o de sistemas el\u00e9tricos para instala\u00e7\u00f5es seguras e duradouras.<\/span><\/li>\n<\/ul>\n<\/li>\n<li><strong><span>Minera\u00e7\u00e3o e Automa\u00e7\u00e3o Industrial<\/span><\/strong>\n<ul>\n<li><span>Projetado para uso em condi\u00e7\u00f5es dif\u00edceis, garantindo desempenho confi\u00e1vel em ambientes de minera\u00e7\u00e3o e ind\u00fastria pesada.<\/span><\/li>\n<\/ul>\n<\/li>\n<\/ol>\n<p><strong><span>Benef\u00edcios na aplica\u00e7\u00e3o:<\/span><\/strong><\/p>\n<ul>\n<li><strong><span>Alta prote\u00e7\u00e3o de entrada (IP66):<\/span><\/strong><span>\u00a0protege contra entrada de poeira e \u00e1gua.<\/span><\/li>\n<li><strong><span>Material robusto:<\/span><\/strong><span>\u00a0Constru\u00e7\u00e3o em lat\u00e3o para excelente resist\u00eancia e resist\u00eancia \u00e0 corros\u00e3o.<\/span><\/li>\n<li><strong><span>Veda\u00e7\u00e3o avan\u00e7ada:<\/span><\/strong><span>\u00a0t\u00e9cnicas de compress\u00e3o e deslocamento garantem veda\u00e7\u00e3o segura para bainhas internas e externas.<\/span><\/li>\n<li><strong><span>Conformidade com os padr\u00f5es:<\/span><\/strong><span>\u00a0Atende \u00e0 norma BS 6121: Parte I: 1989, garantindo seguran\u00e7a e confiabilidade.<\/span><\/li>\n<\/ul>\n<p><span>Os prensa-cabos industriais E1Z s\u00e3o a escolha ideal para ind\u00fastrias que exigem termina\u00e7\u00f5es de cabos de alto desempenho em ambientes desafiadores.<\/span><\/p>\n","protected":false},"featured_media":13270,"template":"","meta":[],"product_brand":[],"product_cat":[365],"product_tag":[],"class_list":{"0":"post-13452","1":"product","2":"type-product","3":"status-publish","4":"has-post-thumbnail","6":"product_cat-prensa-cabos","8":"first","9":"instock","10":"shipping-taxable","11":"product-type-simple"},"yoast_head":"<!-- This site is optimized with the Yoast SEO plugin v27.3 - https:\/\/yoast.com\/product\/yoast-seo-wordpress\/ -->\n<title>Prensa-Cabos Industriais E1Z<\/title>\n<meta name=\"description\" content=\"Conex Metals, um fabricante e exportador confi\u00e1vel da \u00cdndia, oferece Prensa-Cabos Industriais E1Z, Prensa-Cabos de Alum\u00ednio e Prensa-Cabos El\u00e9tricos Divididos. Fornecendo acess\u00f3rios para cabos dur\u00e1veis, incluindo Prensa-Cabos SS e Prensa-Cabos de Borracha para aplica\u00e7\u00f5es industriais.\" \/>\n<meta name=\"robots\" content=\"index, follow, max-snippet:-1, max-image-preview:large, max-video-preview:-1\" \/>\n<link rel=\"canonical\" href=\"https:\/\/conexmetals.com\/pt-br\/produto\/prensa-cabos-industriais-e1z\/\" \/>\n<script type=\"application\/ld+json\" class=\"yoast-schema-graph\">{\"@context\":\"https:\\\/\\\/schema.org\",\"@graph\":[{\"@type\":\"WebPage\",\"@id\":\"https:\\\/\\\/conexmetals.com\\\/pt-br\\\/produto\\\/prensa-cabos-industriais-e1z\\\/\",\"url\":\"https:\\\/\\\/conexmetals.com\\\/pt-br\\\/produto\\\/prensa-cabos-industriais-e1z\\\/\",\"name\":\"Prensa-Cabos Industriais E1Z\",\"isPartOf\":{\"@id\":\"https:\\\/\\\/conexmetals.com\\\/pt-br\\\/#website\"},\"primaryImageOfPage\":{\"@id\":\"https:\\\/\\\/conexmetals.com\\\/pt-br\\\/produto\\\/prensa-cabos-industriais-e1z\\\/#primaryimage\"},\"image\":{\"@id\":\"https:\\\/\\\/conexmetals.com\\\/pt-br\\\/produto\\\/prensa-cabos-industriais-e1z\\\/#primaryimage\"},\"thumbnailUrl\":\"https:\\\/\\\/conexmetals.com\\\/wp-content\\\/uploads\\\/2025\\\/01\\\/Prensa-Cabos-Industriais-E1Z.webp\",\"datePublished\":\"2023-08-18T07:28:45+00:00\",\"dateModified\":\"2025-01-20T13:40:34+00:00\",\"description\":\"Conex Metals, um fabricante e exportador confi\u00e1vel da \u00cdndia, oferece Prensa-Cabos Industriais E1Z, Prensa-Cabos de Alum\u00ednio e Prensa-Cabos El\u00e9tricos Divididos. Fornecendo acess\u00f3rios para cabos dur\u00e1veis, incluindo Prensa-Cabos SS e Prensa-Cabos de Borracha para aplica\u00e7\u00f5es industriais.\",\"breadcrumb\":{\"@id\":\"https:\\\/\\\/conexmetals.com\\\/pt-br\\\/produto\\\/prensa-cabos-industriais-e1z\\\/#breadcrumb\"},\"inLanguage\":\"pt-BR\",\"potentialAction\":[{\"@type\":\"ReadAction\",\"target\":[\"https:\\\/\\\/conexmetals.com\\\/pt-br\\\/produto\\\/prensa-cabos-industriais-e1z\\\/\"]}]},{\"@type\":\"ImageObject\",\"inLanguage\":\"pt-BR\",\"@id\":\"https:\\\/\\\/conexmetals.com\\\/pt-br\\\/produto\\\/prensa-cabos-industriais-e1z\\\/#primaryimage\",\"url\":\"https:\\\/\\\/conexmetals.com\\\/wp-content\\\/uploads\\\/2025\\\/01\\\/Prensa-Cabos-Industriais-E1Z.webp\",\"contentUrl\":\"https:\\\/\\\/conexmetals.com\\\/wp-content\\\/uploads\\\/2025\\\/01\\\/Prensa-Cabos-Industriais-E1Z.webp\",\"width\":300,\"height\":300,\"caption\":\"Prensa-Cabos Industriais E1Z\"},{\"@type\":\"BreadcrumbList\",\"@id\":\"https:\\\/\\\/conexmetals.com\\\/pt-br\\\/produto\\\/prensa-cabos-industriais-e1z\\\/#breadcrumb\",\"itemListElement\":[{\"@type\":\"ListItem\",\"position\":1,\"name\":\"Home\",\"item\":\"https:\\\/\\\/conexmetals.com\\\/pt-br\\\/lar\\\/\"},{\"@type\":\"ListItem\",\"position\":2,\"name\":\"Products\",\"item\":\"https:\\\/\\\/conexmetals.com\\\/products\\\/\"},{\"@type\":\"ListItem\",\"position\":3,\"name\":\"Prensa-Cabos Industriais E1Z\"}]},{\"@type\":\"WebSite\",\"@id\":\"https:\\\/\\\/conexmetals.com\\\/pt-br\\\/#website\",\"url\":\"https:\\\/\\\/conexmetals.com\\\/pt-br\\\/\",\"name\":\"Conex Metals Brass Fittings Brass Parts Copper Parts Brass Components Brass Plumbing Fittings India\",\"description\":\"Manufacturer of Bronze Fittings casting Copper Brass parts components\",\"publisher\":{\"@id\":\"https:\\\/\\\/conexmetals.com\\\/pt-br\\\/#organization\"},\"potentialAction\":[{\"@type\":\"SearchAction\",\"target\":{\"@type\":\"EntryPoint\",\"urlTemplate\":\"https:\\\/\\\/conexmetals.com\\\/pt-br\\\/?s={search_term_string}\"},\"query-input\":{\"@type\":\"PropertyValueSpecification\",\"valueRequired\":true,\"valueName\":\"search_term_string\"}}],\"inLanguage\":\"pt-BR\"},{\"@type\":\"Organization\",\"@id\":\"https:\\\/\\\/conexmetals.com\\\/pt-br\\\/#organization\",\"name\":\"Conex Metals Brass Fittings Brass Parts Copper Parts Brass Components Brass Plumbing Fittings India\",\"url\":\"https:\\\/\\\/conexmetals.com\\\/pt-br\\\/\",\"logo\":{\"@type\":\"ImageObject\",\"inLanguage\":\"pt-BR\",\"@id\":\"https:\\\/\\\/conexmetals.com\\\/pt-br\\\/#\\\/schema\\\/logo\\\/image\\\/\",\"url\":\"https:\\\/\\\/conexmetals.com\\\/wp-content\\\/uploads\\\/2024\\\/03\\\/conex-metals-logo.webp\",\"contentUrl\":\"https:\\\/\\\/conexmetals.com\\\/wp-content\\\/uploads\\\/2024\\\/03\\\/conex-metals-logo.webp\",\"width\":300,\"height\":121,\"caption\":\"Conex Metals Brass Fittings Brass Parts Copper Parts Brass Components Brass Plumbing Fittings India\"},\"image\":{\"@id\":\"https:\\\/\\\/conexmetals.com\\\/pt-br\\\/#\\\/schema\\\/logo\\\/image\\\/\"},\"sameAs\":[\"https:\\\/\\\/www.facebook.com\\\/conexbrass\",\"https:\\\/\\\/x.com\\\/conexindia\",\"https:\\\/\\\/www.linkedin.com\\\/company\\\/conex-metals-india\\\/\",\"https:\\\/\\\/www.instagram.com\\\/conexindia\\\/\"]}]}<\/script>\n<!-- \/ Yoast SEO plugin. -->","yoast_head_json":{"title":"Prensa-Cabos Industriais E1Z","description":"Conex Metals, um fabricante e exportador confi\u00e1vel da \u00cdndia, oferece Prensa-Cabos Industriais E1Z, Prensa-Cabos de Alum\u00ednio e Prensa-Cabos El\u00e9tricos Divididos. Fornecendo acess\u00f3rios para cabos dur\u00e1veis, incluindo Prensa-Cabos SS e Prensa-Cabos de Borracha para aplica\u00e7\u00f5es industriais.","robots":{"index":"index","follow":"follow","max-snippet":"max-snippet:-1","max-image-preview":"max-image-preview:large","max-video-preview":"max-video-preview:-1"},"canonical":"https:\/\/conexmetals.com\/pt-br\/produto\/prensa-cabos-industriais-e1z\/","schema":{"@context":"https:\/\/schema.org","@graph":[{"@type":"WebPage","@id":"https:\/\/conexmetals.com\/pt-br\/produto\/prensa-cabos-industriais-e1z\/","url":"https:\/\/conexmetals.com\/pt-br\/produto\/prensa-cabos-industriais-e1z\/","name":"Prensa-Cabos Industriais E1Z","isPartOf":{"@id":"https:\/\/conexmetals.com\/pt-br\/#website"},"primaryImageOfPage":{"@id":"https:\/\/conexmetals.com\/pt-br\/produto\/prensa-cabos-industriais-e1z\/#primaryimage"},"image":{"@id":"https:\/\/conexmetals.com\/pt-br\/produto\/prensa-cabos-industriais-e1z\/#primaryimage"},"thumbnailUrl":"https:\/\/conexmetals.com\/wp-content\/uploads\/2025\/01\/Prensa-Cabos-Industriais-E1Z.webp","datePublished":"2023-08-18T07:28:45+00:00","dateModified":"2025-01-20T13:40:34+00:00","description":"Conex Metals, um fabricante e exportador confi\u00e1vel da \u00cdndia, oferece Prensa-Cabos Industriais E1Z, Prensa-Cabos de Alum\u00ednio e Prensa-Cabos El\u00e9tricos Divididos. Fornecendo acess\u00f3rios para cabos dur\u00e1veis, incluindo Prensa-Cabos SS e Prensa-Cabos de Borracha para aplica\u00e7\u00f5es industriais.","breadcrumb":{"@id":"https:\/\/conexmetals.com\/pt-br\/produto\/prensa-cabos-industriais-e1z\/#breadcrumb"},"inLanguage":"pt-BR","potentialAction":[{"@type":"ReadAction","target":["https:\/\/conexmetals.com\/pt-br\/produto\/prensa-cabos-industriais-e1z\/"]}]},{"@type":"ImageObject","inLanguage":"pt-BR","@id":"https:\/\/conexmetals.com\/pt-br\/produto\/prensa-cabos-industriais-e1z\/#primaryimage","url":"https:\/\/conexmetals.com\/wp-content\/uploads\/2025\/01\/Prensa-Cabos-Industriais-E1Z.webp","contentUrl":"https:\/\/conexmetals.com\/wp-content\/uploads\/2025\/01\/Prensa-Cabos-Industriais-E1Z.webp","width":300,"height":300,"caption":"Prensa-Cabos Industriais E1Z"},{"@type":"BreadcrumbList","@id":"https:\/\/conexmetals.com\/pt-br\/produto\/prensa-cabos-industriais-e1z\/#breadcrumb","itemListElement":[{"@type":"ListItem","position":1,"name":"Home","item":"https:\/\/conexmetals.com\/pt-br\/lar\/"},{"@type":"ListItem","position":2,"name":"Products","item":"https:\/\/conexmetals.com\/products\/"},{"@type":"ListItem","position":3,"name":"Prensa-Cabos Industriais E1Z"}]},{"@type":"WebSite","@id":"https:\/\/conexmetals.com\/pt-br\/#website","url":"https:\/\/conexmetals.com\/pt-br\/","name":"Conex Metals Brass Fittings Brass Parts Copper Parts Brass Components Brass Plumbing Fittings India","description":"Manufacturer of Bronze Fittings casting Copper Brass parts components","publisher":{"@id":"https:\/\/conexmetals.com\/pt-br\/#organization"},"potentialAction":[{"@type":"SearchAction","target":{"@type":"EntryPoint","urlTemplate":"https:\/\/conexmetals.com\/pt-br\/?s={search_term_string}"},"query-input":{"@type":"PropertyValueSpecification","valueRequired":true,"valueName":"search_term_string"}}],"inLanguage":"pt-BR"},{"@type":"Organization","@id":"https:\/\/conexmetals.com\/pt-br\/#organization","name":"Conex Metals Brass Fittings Brass Parts Copper Parts Brass Components Brass Plumbing Fittings India","url":"https:\/\/conexmetals.com\/pt-br\/","logo":{"@type":"ImageObject","inLanguage":"pt-BR","@id":"https:\/\/conexmetals.com\/pt-br\/#\/schema\/logo\/image\/","url":"https:\/\/conexmetals.com\/wp-content\/uploads\/2024\/03\/conex-metals-logo.webp","contentUrl":"https:\/\/conexmetals.com\/wp-content\/uploads\/2024\/03\/conex-metals-logo.webp","width":300,"height":121,"caption":"Conex Metals Brass Fittings Brass Parts Copper Parts Brass Components Brass Plumbing Fittings India"},"image":{"@id":"https:\/\/conexmetals.com\/pt-br\/#\/schema\/logo\/image\/"},"sameAs":["https:\/\/www.facebook.com\/conexbrass","https:\/\/x.com\/conexindia","https:\/\/www.linkedin.com\/company\/conex-metals-india\/","https:\/\/www.instagram.com\/conexindia\/"]}]}},"_links":{"self":[{"href":"https:\/\/conexmetals.com\/pt-br\/wp-json\/wp\/v2\/product\/13452","targetHints":{"allow":["GET"]}}],"collection":[{"href":"https:\/\/conexmetals.com\/pt-br\/wp-json\/wp\/v2\/product"}],"about":[{"href":"https:\/\/conexmetals.com\/pt-br\/wp-json\/wp\/v2\/types\/product"}],"wp:featuredmedia":[{"embeddable":true,"href":"https:\/\/conexmetals.com\/pt-br\/wp-json\/wp\/v2\/media\/13270"}],"wp:attachment":[{"href":"https:\/\/conexmetals.com\/pt-br\/wp-json\/wp\/v2\/media?parent=13452"}],"wp:term":[{"taxonomy":"product_brand","embeddable":true,"href":"https:\/\/conexmetals.com\/pt-br\/wp-json\/wp\/v2\/product_brand?post=13452"},{"taxonomy":"product_cat","embeddable":true,"href":"https:\/\/conexmetals.com\/pt-br\/wp-json\/wp\/v2\/product_cat?post=13452"},{"taxonomy":"product_tag","embeddable":true,"href":"https:\/\/conexmetals.com\/pt-br\/wp-json\/wp\/v2\/product_tag?post=13452"}],"curies":[{"name":"wp","href":"https:\/\/api.w.org\/{rel}","templated":true}]}}