{"id":13457,"date":"2023-08-18T12:55:21","date_gmt":"2023-08-18T07:25:21","guid":{"rendered":"https:\/\/conexmetals.com\/?post_type=product&#038;p=13457"},"modified":"2025-01-21T16:05:01","modified_gmt":"2025-01-21T10:35:01","slug":"prensa-cabos-marinhos","status":"publish","type":"product","link":"https:\/\/conexmetals.com\/pt-br\/produto\/prensa-cabos-marinhos\/","title":{"rendered":"Prensa-Cabos Marinhos"},"content":{"rendered":"","protected":false},"excerpt":{"rendered":"<div class=\"elementor-element elementor-element-672075d elementor-widget__width-initial e-transform elementor-widget-mobile__width-initial elementor-widget elementor-widget-woocommerce-product-images\" data-id=\"672075d\" data-element_type=\"widget\" data-settings=\"{&quot;_transform_scale_effect&quot;:{&quot;unit&quot;:&quot;px&quot;,&quot;size&quot;:1,&quot;sizes&quot;:[]},&quot;_transform_scale_effect_tablet&quot;:{&quot;unit&quot;:&quot;px&quot;,&quot;size&quot;:&quot;&quot;,&quot;sizes&quot;:[]},&quot;_transform_scale_effect_mobile&quot;:{&quot;unit&quot;:&quot;px&quot;,&quot;size&quot;:&quot;&quot;,&quot;sizes&quot;:[]}}\" data-widget_type=\"woocommerce-product-images.default\">\n<div class=\"elementor-widget-container\">\n<div class=\"woocommerce-product-gallery woocommerce-product-gallery--with-images woocommerce-product-gallery--columns-4 images\" data-columns=\"4\">\n<div class=\"woocommerce-product-gallery__wrapper\">\n<div class=\"woocommerce-product-gallery__image\" data-thumb=\"https:\/\/conexmetals.com\/wp-content\/uploads\/2023\/08\/Marine-Cable-Glands-100x100.webp\" data-thumb-alt=\"Marine-Cable-Glands\" data-thumb-srcset=\"https:\/\/conexmetals.com\/wp-content\/uploads\/2023\/08\/Marine-Cable-Glands-100x100.webp 100w, https:\/\/conexmetals.com\/wp-content\/uploads\/2023\/08\/Marine-Cable-Glands-300x300.webp 300w, https:\/\/conexmetals.com\/wp-content\/uploads\/2023\/08\/Marine-Cable-Glands-150x150.webp 150w, https:\/\/conexmetals.com\/wp-content\/uploads\/2023\/08\/Marine-Cable-Glands.webp 350w\"><\/div>\n<\/div>\n<\/div>\n<\/div>\n<\/div>\n<div class=\"elementor-element elementor-element-36d2ab8 elementor-widget elementor-widget-woocommerce-product-short-description\" data-id=\"36d2ab8\" data-element_type=\"widget\" data-widget_type=\"woocommerce-product-short-description.default\">\n<div class=\"elementor-widget-container\">\n<div class=\"woocommerce-product-details__short-description\">\n<table id=\"tablepress-420\" class=\"tablepress tablepress-id-420\">\n<caption>\u00a0<\/caption>\n<thead>\n<tr class=\"row-1 odd\">\n<th class=\"column-1\" colspan=\"5\"><strong><span>Ficha T\u00e9cnica<\/span><\/strong><\/th>\n<\/tr>\n<\/thead>\n<tbody class=\"row-hover\">\n<tr class=\"row-2 even\">\n<td class=\"column-1\"><strong><span>Tamanho da gl\u00e2ndula<\/span><\/strong><\/td>\n<td class=\"column-2\"><strong><span>Comprimento da rosca (em mm) &#8216;D&#8217;<\/span><\/strong><\/td>\n<td class=\"column-3\"><strong><span>&#8216;UM&#8217;<\/span><\/strong><\/td>\n<td class=\"column-4\"><strong><span>&#8216;B&#8217;<\/span><\/strong><\/td>\n<td class=\"column-5\"><strong><span>&#8216;C&#8217;<\/span><\/strong><\/td>\n<\/tr>\n<tr class=\"row-3 odd\">\n<td class=\"column-1\"><span>10<\/span><\/td>\n<td class=\"column-2\"><span>11<\/span><\/td>\n<td class=\"column-3\"><span>45<\/span><\/td>\n<td class=\"column-4\"><span>10<\/span><\/td>\n<td class=\"column-5\"><span>3\/8\u2033 BSP<\/span><\/td>\n<\/tr>\n<tr class=\"row-4 even\">\n<td class=\"column-1\"><span>15<\/span><\/td>\n<td class=\"column-2\"><span>10<\/span><\/td>\n<td class=\"column-3\"><span>50<\/span><\/td>\n<td class=\"column-4\"><span>15<\/span><\/td>\n<td class=\"column-5\"><span>\u00bd\u201d BSP<\/span><\/td>\n<\/tr>\n<tr class=\"row-5 odd\">\n<td class=\"column-1\"><span>20<\/span><\/td>\n<td class=\"column-2\"><span>11<\/span><\/td>\n<td class=\"column-3\"><span>53<\/span><\/td>\n<td class=\"column-4\"><span>20<\/span><\/td>\n<td class=\"column-5\"><span>3\/4\u2033 BSP<\/span><\/td>\n<\/tr>\n<tr class=\"row-6 even\">\n<td class=\"column-1\"><span>25<\/span><\/td>\n<td class=\"column-2\"><span>12<\/span><\/td>\n<td class=\"column-3\"><span>60<\/span><\/td>\n<td class=\"column-4\"><span>25<\/span><\/td>\n<td class=\"column-5\"><span>1\u2033 BSP<\/span><\/td>\n<\/tr>\n<tr class=\"row-7 odd\">\n<td class=\"column-1\"><span>30<\/span><\/td>\n<td class=\"column-2\"><span>12<\/span><\/td>\n<td class=\"column-3\"><span>65<\/span><\/td>\n<td class=\"column-4\"><span>30<\/span><\/td>\n<td class=\"column-5\"><span>1\u00bc\u201d BSP<\/span><\/td>\n<\/tr>\n<tr class=\"row-8 even\">\n<td class=\"column-1\"><span>35<\/span><\/td>\n<td class=\"column-2\"><span>12<\/span><\/td>\n<td class=\"column-3\"><span>70<\/span><\/td>\n<td class=\"column-4\"><span>40<\/span><\/td>\n<td class=\"column-5\"><span>1\u00bd\u201d BSP<\/span><\/td>\n<\/tr>\n<tr class=\"row-9 odd\">\n<td class=\"column-1\"><span>40<\/span><\/td>\n<td class=\"column-2\"><span>12<\/span><\/td>\n<td class=\"column-3\"><span>70<\/span><\/td>\n<td class=\"column-4\"><span>40<\/span><\/td>\n<td class=\"column-5\"><span>1\u00bd\u201d BSP<\/span><\/td>\n<\/tr>\n<tr class=\"row-10 even\">\n<td class=\"column-1\"><span>45<\/span><\/td>\n<td class=\"column-2\"><span>12<\/span><\/td>\n<td class=\"column-3\"><span>85<\/span><\/td>\n<td class=\"column-4\"><span>50<\/span><\/td>\n<td class=\"column-5\"><span>2\u2033 BSP<\/span><\/td>\n<\/tr>\n<tr class=\"row-11 odd\">\n<td class=\"column-1\"><span>50<\/span><\/td>\n<td class=\"column-2\"><span>12<\/span><\/td>\n<td class=\"column-3\"><span>85<\/span><\/td>\n<td class=\"column-4\"><span>50<\/span><\/td>\n<td class=\"column-5\"><span>2\u2033 BSP<\/span><\/td>\n<\/tr>\n<tr class=\"row-12 even\">\n<td class=\"column-1\"><span>55<\/span><\/td>\n<td class=\"column-2\"><span>12<\/span><\/td>\n<td class=\"column-3\"><span>87<\/span><\/td>\n<td class=\"column-4\"><span>60<\/span><\/td>\n<td class=\"column-5\"><span>2\u00bd\u201d BSP<\/span><\/td>\n<\/tr>\n<tr class=\"row-13 odd\">\n<td class=\"column-1\"><span>60<\/span><\/td>\n<td class=\"column-2\"><span>12<\/span><\/td>\n<td class=\"column-3\"><span>88<\/span><\/td>\n<td class=\"column-4\"><span>60<\/span><\/td>\n<td class=\"column-5\"><span>2\u00bd\u201d BSP<\/span><\/td>\n<\/tr>\n<tr class=\"row-14 even\">\n<td class=\"column-1\"><span>65<\/span><\/td>\n<td class=\"column-2\"><span>14<\/span><\/td>\n<td class=\"column-3\"><span>100<\/span><\/td>\n<td class=\"column-4\"><span>70<\/span><\/td>\n<td class=\"column-5\"><span>3\u2033 BSP<\/span><\/td>\n<\/tr>\n<tr class=\"row-15 odd\">\n<td class=\"column-1\"><span>70<\/span><\/td>\n<td class=\"column-2\"><span>14<\/span><\/td>\n<td class=\"column-3\"><span>110<\/span><\/td>\n<td class=\"column-4\"><span>70<\/span><\/td>\n<td class=\"column-5\"><span>3\u2033 BSP<\/span><\/td>\n<\/tr>\n<\/tbody>\n<\/table>\n<p><img fetchpriority=\"high\" decoding=\"async\" class=\"size-full wp-image-13085 alignright lazy loaded\" src=\"https:\/\/conexmetals.com\/wp-content\/uploads\/2023\/08\/MARINE-CABLE-GLANDS-line-drawing.jpg\" alt=\"Desenho de linha de PRENSA-CABOS MARINHOS\" width=\"273\" height=\"206\" data-src=\"https:\/\/conexmetals.com\/wp-content\/uploads\/2023\/08\/MARINE-CABLE-GLANDS-line-drawing.jpg\" data-was-processed=\"true\" \/><span>Os prensa-cabos mar\u00edtimos s\u00e3o acess\u00f3rios especializados usados \u200b\u200bpara fornecer pontos de entrada de cabos seguros e estanques em navios, barcos, plataformas offshore e outros equipamentos mar\u00edtimos. Esses prensa-cabos s\u00e3o projetados para suportar as condi\u00e7\u00f5es adversas dos ambientes marinhos, incluindo exposi\u00e7\u00e3o \u00e0 \u00e1gua salgada, umidade, vibra\u00e7\u00f5es e tens\u00f5es mec\u00e2nicas. Eles desempenham um papel crucial em garantir conex\u00f5es el\u00e9tricas confi\u00e1veis \u200b\u200be prote\u00e7\u00e3o contra elementos ambientais.<\/span><\/p>\n<p><span>Aqui est\u00e3o alguns pontos importantes sobre prensa-cabos mar\u00edtimos:<\/span><\/p>\n<p><strong><b><span>Fun\u00e7\u00e3o:<\/span><\/b><\/strong><span>\u00a0\u00a0Os prensa-cabos mar\u00edtimos desempenham diversas fun\u00e7\u00f5es importantes:<\/span><\/p>\n<ol>\n<li><b><\/b><strong><b><span>Veda\u00e7\u00e3o Estanque:<\/span><\/b><\/strong><span>\u00a0Uma das principais fun\u00e7\u00f5es dos prensa-cabos mar\u00edtimos \u00e9 criar uma veda\u00e7\u00e3o estanque ao redor dos cabos conforme eles passam por anteparas, decks ou gabinetes. Isso evita que \u00e1gua, umidade e contaminantes entrem em \u00e1reas sens\u00edveis do equipamento.<\/span><\/li>\n<li><b><\/b><strong><b><span>Gerenciamento de cabos:<\/span><\/b><\/strong><span>\u00a0os prensa-cabos proporcionam al\u00edvio de tens\u00e3o e suporte aos cabos, reduzindo o estresse mec\u00e2nico e evitando danos ao isolamento e aos condutores dos cabos.<\/span><\/li>\n<li><b><\/b><strong><b><span>Continuidade el\u00e9trica:<\/span><\/b><\/strong><span>\u00a0os prensa-cabos mar\u00edtimos ajudam a manter a continuidade el\u00e9trica entre os cabos e os equipamentos, garantindo uma conex\u00e3o el\u00e9trica confi\u00e1vel e ininterrupta.<\/span><\/li>\n<\/ol>\n<p><strong><b><span>Caracter\u00edsticas:<\/span><\/b><\/strong><span>\u00a0\u00a0Os prensa-cabos mar\u00edtimos geralmente t\u00eam caracter\u00edsticas que os tornam adequados para ambientes marinhos:<\/span><\/p>\n<ol>\n<li><b><\/b><strong><b><span>Resist\u00eancia \u00e0 corros\u00e3o:<\/span><\/b><\/strong><span>\u00a0essas gl\u00e2ndulas geralmente s\u00e3o feitas de materiais resistentes \u00e0 corros\u00e3o, como a\u00e7o inoxid\u00e1vel ou lat\u00e3o de grau mar\u00edtimo, para suportar a exposi\u00e7\u00e3o \u00e0 \u00e1gua salgada e \u00e0s condi\u00e7\u00f5es marinhas.<\/span><\/li>\n<li><b><\/b><strong><b><span>\u00c0 prova de intemp\u00e9ries:<\/span><\/b><\/strong><span>\u00a0os prensa-cabos mar\u00edtimos s\u00e3o projetados para serem resistentes \u00e0s intemp\u00e9ries e \u00e0 radia\u00e7\u00e3o UV, protegendo cabos e equipamentos do sol, da chuva e de outros elementos clim\u00e1ticos.<\/span><\/li>\n<li><b><\/b><strong><b><span>Mecanismo de veda\u00e7\u00e3o:<\/span><\/b><\/strong><span>\u00a0inclui mecanismos de veda\u00e7\u00e3o, como juntas, an\u00e9is de veda\u00e7\u00e3o ou outros materiais de veda\u00e7\u00e3o que criam uma veda\u00e7\u00e3o firme ao redor do ponto de entrada do cabo.<\/span><\/li>\n<li><b><\/b><strong><b><span>Resist\u00eancia \u00e0 press\u00e3o:<\/span><\/b><\/strong><span>\u00a0alguns prensa-cabos mar\u00edtimos s\u00e3o projetados para suportar diferenciais de press\u00e3o experimentados em ambientes de submers\u00e3o ou offshore.<\/span><\/li>\n<\/ol>\n<p><strong><b><span>Tipos de prensa-cabos mar\u00edtimos:<\/span><\/b><\/strong><span>\u00a0\u00a0Existem v\u00e1rios tipos de prensa-cabos mar\u00edtimos projetados para aplica\u00e7\u00f5es espec\u00edficas:<\/span><\/p>\n<ol>\n<li><b><\/b><strong><b><span>Prensa-cabos mar\u00edtimos padr\u00e3o:<\/span><\/b><\/strong><span>\u00a0s\u00e3o prensa-cabos mar\u00edtimos de uso geral, adequados para v\u00e1rios tamanhos e aplica\u00e7\u00f5es de cabos.<\/span><\/li>\n<li><b><\/b><strong><b><span>Prensa-cabos blindados:<\/span><\/b><\/strong><span>\u00a0projetados para cabos blindados, esses prensa-cabos fornecem prote\u00e7\u00e3o adicional e al\u00edvio de tens\u00e3o para cabos com armadura met\u00e1lica.<\/span><\/li>\n<li><b><\/b><strong><b><span>Prensa-gaxetas Ex-e:<\/span><\/b><\/strong><span>\u00a0As prensa-gaxetas \u00e0 prova de explos\u00e3o (Ex-e) s\u00e3o usadas em \u00e1reas perigosas para evitar a propaga\u00e7\u00e3o de explos\u00f5es.<\/span><\/li>\n<li><b><\/b><strong><b><span>Prensa-cabos submers\u00edveis:<\/span><\/b><\/strong><span>\u00a0essas prensas s\u00e3o projetadas para manter a integridade da estanqueidade mesmo quando submersas, tornando-as adequadas para aplica\u00e7\u00f5es subaqu\u00e1ticas.<\/span><\/li>\n<\/ol>\n<p><strong><b><span>Aplica\u00e7\u00f5es:<\/span><\/b><\/strong><span>\u00a0Os prensa-cabos mar\u00edtimos s\u00e3o amplamente utilizados em diversas aplica\u00e7\u00f5es mar\u00edtimas e offshore, incluindo navios, barcos, iates, plataformas offshore de petr\u00f3leo e g\u00e1s, ve\u00edculos subaqu\u00e1ticos e infraestrutura costeira.<\/span><\/p>\n<\/div>\n<\/div>\n<\/div>\n","protected":false},"featured_media":13285,"template":"","meta":[],"product_brand":[],"product_cat":[365],"product_tag":[],"class_list":{"0":"post-13457","1":"product","2":"type-product","3":"status-publish","4":"has-post-thumbnail","6":"product_cat-prensa-cabos","8":"first","9":"instock","10":"shipping-taxable","11":"product-type-simple"},"yoast_head":"<!-- This site is optimized with the Yoast SEO plugin v27.3 - https:\/\/yoast.com\/product\/yoast-seo-wordpress\/ -->\n<title>Prensa-Cabos Marinhos<\/title>\n<meta name=\"description\" content=\"Explore os Prensa-Cabos Marinhos na Conex Metals, com prensa-cabos de dupla compress\u00e3o, cabos el\u00e9tricos marinhos e prensa-cabos planos. Como principais fabricantes, exportadores e fornecedores na \u00cdndia, oferecemos conectores de cabo marinho, prensa-cabos met\u00e1licos e prensa-cabos de lat\u00e3o de primeira linha.\" \/>\n<meta name=\"robots\" content=\"index, follow, max-snippet:-1, max-image-preview:large, max-video-preview:-1\" \/>\n<link rel=\"canonical\" href=\"https:\/\/conexmetals.com\/pt-br\/produto\/prensa-cabos-marinhos\/\" \/>\n<script type=\"application\/ld+json\" class=\"yoast-schema-graph\">{\"@context\":\"https:\\\/\\\/schema.org\",\"@graph\":[{\"@type\":\"WebPage\",\"@id\":\"https:\\\/\\\/conexmetals.com\\\/pt-br\\\/produto\\\/prensa-cabos-marinhos\\\/\",\"url\":\"https:\\\/\\\/conexmetals.com\\\/pt-br\\\/produto\\\/prensa-cabos-marinhos\\\/\",\"name\":\"Prensa-Cabos Marinhos\",\"isPartOf\":{\"@id\":\"https:\\\/\\\/conexmetals.com\\\/pt-br\\\/#website\"},\"primaryImageOfPage\":{\"@id\":\"https:\\\/\\\/conexmetals.com\\\/pt-br\\\/produto\\\/prensa-cabos-marinhos\\\/#primaryimage\"},\"image\":{\"@id\":\"https:\\\/\\\/conexmetals.com\\\/pt-br\\\/produto\\\/prensa-cabos-marinhos\\\/#primaryimage\"},\"thumbnailUrl\":\"https:\\\/\\\/conexmetals.com\\\/wp-content\\\/uploads\\\/2025\\\/01\\\/Prensa-Cabos-Marinhos.webp\",\"datePublished\":\"2023-08-18T07:25:21+00:00\",\"dateModified\":\"2025-01-21T10:35:01+00:00\",\"description\":\"Explore os Prensa-Cabos Marinhos na Conex Metals, com prensa-cabos de dupla compress\u00e3o, cabos el\u00e9tricos marinhos e prensa-cabos planos. Como principais fabricantes, exportadores e fornecedores na \u00cdndia, oferecemos conectores de cabo marinho, prensa-cabos met\u00e1licos e prensa-cabos de lat\u00e3o de primeira linha.\",\"breadcrumb\":{\"@id\":\"https:\\\/\\\/conexmetals.com\\\/pt-br\\\/produto\\\/prensa-cabos-marinhos\\\/#breadcrumb\"},\"inLanguage\":\"pt-BR\",\"potentialAction\":[{\"@type\":\"ReadAction\",\"target\":[\"https:\\\/\\\/conexmetals.com\\\/pt-br\\\/produto\\\/prensa-cabos-marinhos\\\/\"]}]},{\"@type\":\"ImageObject\",\"inLanguage\":\"pt-BR\",\"@id\":\"https:\\\/\\\/conexmetals.com\\\/pt-br\\\/produto\\\/prensa-cabos-marinhos\\\/#primaryimage\",\"url\":\"https:\\\/\\\/conexmetals.com\\\/wp-content\\\/uploads\\\/2025\\\/01\\\/Prensa-Cabos-Marinhos.webp\",\"contentUrl\":\"https:\\\/\\\/conexmetals.com\\\/wp-content\\\/uploads\\\/2025\\\/01\\\/Prensa-Cabos-Marinhos.webp\",\"width\":300,\"height\":300,\"caption\":\"Prensa-Cabos Marinhos\"},{\"@type\":\"BreadcrumbList\",\"@id\":\"https:\\\/\\\/conexmetals.com\\\/pt-br\\\/produto\\\/prensa-cabos-marinhos\\\/#breadcrumb\",\"itemListElement\":[{\"@type\":\"ListItem\",\"position\":1,\"name\":\"Home\",\"item\":\"https:\\\/\\\/conexmetals.com\\\/pt-br\\\/lar\\\/\"},{\"@type\":\"ListItem\",\"position\":2,\"name\":\"Products\",\"item\":\"https:\\\/\\\/conexmetals.com\\\/products\\\/\"},{\"@type\":\"ListItem\",\"position\":3,\"name\":\"Prensa-Cabos Marinhos\"}]},{\"@type\":\"WebSite\",\"@id\":\"https:\\\/\\\/conexmetals.com\\\/pt-br\\\/#website\",\"url\":\"https:\\\/\\\/conexmetals.com\\\/pt-br\\\/\",\"name\":\"Conex Metals Brass Fittings Brass Parts Copper Parts Brass Components Brass Plumbing Fittings India\",\"description\":\"Manufacturer of Bronze Fittings casting Copper Brass parts components\",\"publisher\":{\"@id\":\"https:\\\/\\\/conexmetals.com\\\/pt-br\\\/#organization\"},\"potentialAction\":[{\"@type\":\"SearchAction\",\"target\":{\"@type\":\"EntryPoint\",\"urlTemplate\":\"https:\\\/\\\/conexmetals.com\\\/pt-br\\\/?s={search_term_string}\"},\"query-input\":{\"@type\":\"PropertyValueSpecification\",\"valueRequired\":true,\"valueName\":\"search_term_string\"}}],\"inLanguage\":\"pt-BR\"},{\"@type\":\"Organization\",\"@id\":\"https:\\\/\\\/conexmetals.com\\\/pt-br\\\/#organization\",\"name\":\"Conex Metals Brass Fittings Brass Parts Copper Parts Brass Components Brass Plumbing Fittings India\",\"url\":\"https:\\\/\\\/conexmetals.com\\\/pt-br\\\/\",\"logo\":{\"@type\":\"ImageObject\",\"inLanguage\":\"pt-BR\",\"@id\":\"https:\\\/\\\/conexmetals.com\\\/pt-br\\\/#\\\/schema\\\/logo\\\/image\\\/\",\"url\":\"https:\\\/\\\/conexmetals.com\\\/wp-content\\\/uploads\\\/2024\\\/03\\\/conex-metals-logo.webp\",\"contentUrl\":\"https:\\\/\\\/conexmetals.com\\\/wp-content\\\/uploads\\\/2024\\\/03\\\/conex-metals-logo.webp\",\"width\":300,\"height\":121,\"caption\":\"Conex Metals Brass Fittings Brass Parts Copper Parts Brass Components Brass Plumbing Fittings India\"},\"image\":{\"@id\":\"https:\\\/\\\/conexmetals.com\\\/pt-br\\\/#\\\/schema\\\/logo\\\/image\\\/\"},\"sameAs\":[\"https:\\\/\\\/www.facebook.com\\\/conexbrass\",\"https:\\\/\\\/x.com\\\/conexindia\",\"https:\\\/\\\/www.linkedin.com\\\/company\\\/conex-metals-india\\\/\",\"https:\\\/\\\/www.instagram.com\\\/conexindia\\\/\"]}]}<\/script>\n<!-- \/ Yoast SEO plugin. -->","yoast_head_json":{"title":"Prensa-Cabos Marinhos","description":"Explore os Prensa-Cabos Marinhos na Conex Metals, com prensa-cabos de dupla compress\u00e3o, cabos el\u00e9tricos marinhos e prensa-cabos planos. Como principais fabricantes, exportadores e fornecedores na \u00cdndia, oferecemos conectores de cabo marinho, prensa-cabos met\u00e1licos e prensa-cabos de lat\u00e3o de primeira linha.","robots":{"index":"index","follow":"follow","max-snippet":"max-snippet:-1","max-image-preview":"max-image-preview:large","max-video-preview":"max-video-preview:-1"},"canonical":"https:\/\/conexmetals.com\/pt-br\/produto\/prensa-cabos-marinhos\/","schema":{"@context":"https:\/\/schema.org","@graph":[{"@type":"WebPage","@id":"https:\/\/conexmetals.com\/pt-br\/produto\/prensa-cabos-marinhos\/","url":"https:\/\/conexmetals.com\/pt-br\/produto\/prensa-cabos-marinhos\/","name":"Prensa-Cabos Marinhos","isPartOf":{"@id":"https:\/\/conexmetals.com\/pt-br\/#website"},"primaryImageOfPage":{"@id":"https:\/\/conexmetals.com\/pt-br\/produto\/prensa-cabos-marinhos\/#primaryimage"},"image":{"@id":"https:\/\/conexmetals.com\/pt-br\/produto\/prensa-cabos-marinhos\/#primaryimage"},"thumbnailUrl":"https:\/\/conexmetals.com\/wp-content\/uploads\/2025\/01\/Prensa-Cabos-Marinhos.webp","datePublished":"2023-08-18T07:25:21+00:00","dateModified":"2025-01-21T10:35:01+00:00","description":"Explore os Prensa-Cabos Marinhos na Conex Metals, com prensa-cabos de dupla compress\u00e3o, cabos el\u00e9tricos marinhos e prensa-cabos planos. Como principais fabricantes, exportadores e fornecedores na \u00cdndia, oferecemos conectores de cabo marinho, prensa-cabos met\u00e1licos e prensa-cabos de lat\u00e3o de primeira linha.","breadcrumb":{"@id":"https:\/\/conexmetals.com\/pt-br\/produto\/prensa-cabos-marinhos\/#breadcrumb"},"inLanguage":"pt-BR","potentialAction":[{"@type":"ReadAction","target":["https:\/\/conexmetals.com\/pt-br\/produto\/prensa-cabos-marinhos\/"]}]},{"@type":"ImageObject","inLanguage":"pt-BR","@id":"https:\/\/conexmetals.com\/pt-br\/produto\/prensa-cabos-marinhos\/#primaryimage","url":"https:\/\/conexmetals.com\/wp-content\/uploads\/2025\/01\/Prensa-Cabos-Marinhos.webp","contentUrl":"https:\/\/conexmetals.com\/wp-content\/uploads\/2025\/01\/Prensa-Cabos-Marinhos.webp","width":300,"height":300,"caption":"Prensa-Cabos Marinhos"},{"@type":"BreadcrumbList","@id":"https:\/\/conexmetals.com\/pt-br\/produto\/prensa-cabos-marinhos\/#breadcrumb","itemListElement":[{"@type":"ListItem","position":1,"name":"Home","item":"https:\/\/conexmetals.com\/pt-br\/lar\/"},{"@type":"ListItem","position":2,"name":"Products","item":"https:\/\/conexmetals.com\/products\/"},{"@type":"ListItem","position":3,"name":"Prensa-Cabos Marinhos"}]},{"@type":"WebSite","@id":"https:\/\/conexmetals.com\/pt-br\/#website","url":"https:\/\/conexmetals.com\/pt-br\/","name":"Conex Metals Brass Fittings Brass Parts Copper Parts Brass Components Brass Plumbing Fittings India","description":"Manufacturer of Bronze Fittings casting Copper Brass parts components","publisher":{"@id":"https:\/\/conexmetals.com\/pt-br\/#organization"},"potentialAction":[{"@type":"SearchAction","target":{"@type":"EntryPoint","urlTemplate":"https:\/\/conexmetals.com\/pt-br\/?s={search_term_string}"},"query-input":{"@type":"PropertyValueSpecification","valueRequired":true,"valueName":"search_term_string"}}],"inLanguage":"pt-BR"},{"@type":"Organization","@id":"https:\/\/conexmetals.com\/pt-br\/#organization","name":"Conex Metals Brass Fittings Brass Parts Copper Parts Brass Components Brass Plumbing Fittings India","url":"https:\/\/conexmetals.com\/pt-br\/","logo":{"@type":"ImageObject","inLanguage":"pt-BR","@id":"https:\/\/conexmetals.com\/pt-br\/#\/schema\/logo\/image\/","url":"https:\/\/conexmetals.com\/wp-content\/uploads\/2024\/03\/conex-metals-logo.webp","contentUrl":"https:\/\/conexmetals.com\/wp-content\/uploads\/2024\/03\/conex-metals-logo.webp","width":300,"height":121,"caption":"Conex Metals Brass Fittings Brass Parts Copper Parts Brass Components Brass Plumbing Fittings India"},"image":{"@id":"https:\/\/conexmetals.com\/pt-br\/#\/schema\/logo\/image\/"},"sameAs":["https:\/\/www.facebook.com\/conexbrass","https:\/\/x.com\/conexindia","https:\/\/www.linkedin.com\/company\/conex-metals-india\/","https:\/\/www.instagram.com\/conexindia\/"]}]}},"_links":{"self":[{"href":"https:\/\/conexmetals.com\/pt-br\/wp-json\/wp\/v2\/product\/13457","targetHints":{"allow":["GET"]}}],"collection":[{"href":"https:\/\/conexmetals.com\/pt-br\/wp-json\/wp\/v2\/product"}],"about":[{"href":"https:\/\/conexmetals.com\/pt-br\/wp-json\/wp\/v2\/types\/product"}],"wp:featuredmedia":[{"embeddable":true,"href":"https:\/\/conexmetals.com\/pt-br\/wp-json\/wp\/v2\/media\/13285"}],"wp:attachment":[{"href":"https:\/\/conexmetals.com\/pt-br\/wp-json\/wp\/v2\/media?parent=13457"}],"wp:term":[{"taxonomy":"product_brand","embeddable":true,"href":"https:\/\/conexmetals.com\/pt-br\/wp-json\/wp\/v2\/product_brand?post=13457"},{"taxonomy":"product_cat","embeddable":true,"href":"https:\/\/conexmetals.com\/pt-br\/wp-json\/wp\/v2\/product_cat?post=13457"},{"taxonomy":"product_tag","embeddable":true,"href":"https:\/\/conexmetals.com\/pt-br\/wp-json\/wp\/v2\/product_tag?post=13457"}],"curies":[{"name":"wp","href":"https:\/\/api.w.org\/{rel}","templated":true}]}}