{"id":13468,"date":"2023-08-18T13:01:30","date_gmt":"2023-08-18T07:31:30","guid":{"rendered":"https:\/\/conexmetals.com\/?post_type=product&#038;p=13468"},"modified":"2025-01-22T16:03:30","modified_gmt":"2025-01-22T10:33:30","slug":"placas-de-terra","status":"publish","type":"product","link":"https:\/\/conexmetals.com\/pt-br\/produto\/placas-de-terra\/","title":{"rendered":"Placas de Terra"},"content":{"rendered":"","protected":false},"excerpt":{"rendered":"<table id=\"tablepress-419\" class=\"tablepress tablepress-id-419\">\n<thead>\n<tr class=\"row-1 odd\">\n<th class=\"column-1\" colspan=\"6\"><strong>Ficha T\u00e9cnica<\/strong><\/th>\n<\/tr>\n<\/thead>\n<tbody class=\"row-hover\">\n<tr class=\"row-2 even\">\n<td class=\"column-1\"><strong>TAMANHO<\/strong><\/td>\n<td class=\"column-2\"><strong>UM<\/strong><\/td>\n<td class=\"column-3\"><strong>B<\/strong><\/td>\n<td class=\"column-4\"><strong>(TNP) \u2018B\u2019<\/strong><\/td>\n<td class=\"column-5\"><strong>F<\/strong><\/td>\n<td class=\"column-6\"><strong>TAMANHO<\/strong><\/td>\n<\/tr>\n<tr class=\"row-3 odd\">\n<td class=\"column-1\">M20<\/td>\n<td class=\"column-2\">27<\/td>\n<td class=\"column-3\">21<\/td>\n<td class=\"column-4\">22<\/td>\n<td class=\"column-5\">1.5<\/td>\n<td class=\"column-6\">1\/2\u2033NPT<\/td>\n<\/tr>\n<tr class=\"row-4 even\">\n<td class=\"column-1\">M25<\/td>\n<td class=\"column-2\">33<\/td>\n<td class=\"column-3\">27<\/td>\n<td class=\"column-4\">27<\/td>\n<td class=\"column-5\">1.5<\/td>\n<td class=\"column-6\">3\/4\u2033NPT<\/td>\n<\/tr>\n<tr class=\"row-5 odd\">\n<td class=\"column-1\">M32<\/td>\n<td class=\"column-2\">36<\/td>\n<td class=\"column-3\">34<\/td>\n<td class=\"column-4\">34<\/td>\n<td class=\"column-5\">1.5<\/td>\n<td class=\"column-6\">1\u2033NPT<\/td>\n<\/tr>\n<tr class=\"row-6 even\">\n<td class=\"column-1\">M40<\/td>\n<td class=\"column-2\">44<\/td>\n<td class=\"column-3\">41<\/td>\n<td class=\"column-4\">43<\/td>\n<td class=\"column-5\">1.5<\/td>\n<td class=\"column-6\">1,1\/4\u2033NPT<\/td>\n<\/tr>\n<tr class=\"row-7 odd\">\n<td class=\"column-1\">M50<\/td>\n<td class=\"column-2\">50<\/td>\n<td class=\"column-3\">51<\/td>\n<td class=\"column-4\">49<\/td>\n<td class=\"column-5\">1.5<\/td>\n<td class=\"column-6\">1,1\/2\u2033NPT<\/td>\n<\/tr>\n<tr class=\"row-8 even\">\n<td class=\"column-1\">M63<\/td>\n<td class=\"column-2\">65<\/td>\n<td class=\"column-3\">64<\/td>\n<td class=\"column-4\">61<\/td>\n<td class=\"column-5\">1.5<\/td>\n<td class=\"column-6\">2\u2033NPT<\/td>\n<\/tr>\n<tr class=\"row-9 odd\">\n<td class=\"column-1\">M75<\/td>\n<td class=\"column-2\">58<\/td>\n<td class=\"column-3\">77<\/td>\n<td class=\"column-4\">77<\/td>\n<td class=\"column-5\">1.5<\/td>\n<td class=\"column-6\">2,1\/2\u2033NPT<\/td>\n<\/tr>\n<tr class=\"row-10 even\">\n<td class=\"column-1\">M90<\/td>\n<td class=\"column-2\">71<\/td>\n<td class=\"column-3\">91<\/td>\n<td class=\"column-4\">89<\/td>\n<td class=\"column-5\">1.5<\/td>\n<td class=\"column-6\">3\u2033NPT<\/td>\n<\/tr>\n<tr class=\"row-11 odd\">\n<td class=\"column-1\">M100<\/td>\n<td class=\"column-2\">81<\/td>\n<td class=\"column-3\">101<\/td>\n<td class=\"column-4\">115<\/td>\n<td class=\"column-5\">1.5<\/td>\n<td class=\"column-6\">4\u2033NPT<\/td>\n<\/tr>\n<\/tbody>\n<\/table>\n<p><img decoding=\"async\" class=\"size-medium wp-image-13078 alignright lazy loaded\" src=\"https:\/\/conexmetals.com\/wp-content\/uploads\/2023\/08\/Earth-Tag-line-drawing-300x162.jpg\" alt=\"Desenho de linha de marca\u00e7\u00e3o da Terra\" width=\"300\" height=\"162\" data-src=\"https:\/\/conexmetals.com\/wp-content\/uploads\/2023\/08\/Earth-Tag-line-drawing-300x162.jpg\" data-was-processed=\"true\" srcset=\"https:\/\/conexmetals.com\/wp-content\/uploads\/2023\/08\/Earth-Tag-line-drawing-300x162.jpg 300w, https:\/\/conexmetals.com\/wp-content\/uploads\/2023\/08\/Earth-Tag-line-drawing.jpg 400w\" sizes=\"(max-width: 300px) 100vw, 300px\" \/>As etiquetas de aterramento s\u00e3o componentes de metal comumente usados \u200b\u200bcomo acess\u00f3rios de prensa-cabos em instala\u00e7\u00f5es el\u00e9tricas e eletr\u00f4nicas para fornecer uma conex\u00e3o de aterramento confi\u00e1vel. Esses acess\u00f3rios desempenham um papel crucial em garantir a seguran\u00e7a el\u00e9trica adequada ao estabelecer um caminho de baixa resist\u00eancia para que as correntes el\u00e9tricas fluam para o solo, ajudando a evitar choques el\u00e9tricos e perigos.<\/p>\n<p>Veja como as etiquetas de aterramento funcionam como acess\u00f3rios para prensa-cabos:<\/p>\n<p><strong><b>Fun\u00e7\u00e3o como acess\u00f3rios de prensa-cabo:<\/b><\/strong>\u00a0\u00a0As etiquetas de aterramento s\u00e3o normalmente fixadas ao corpo de metal de um prensa-cabo ou de um equipamento. Quando usadas como acess\u00f3rios de prensa-cabo, elas atendem \u00e0s seguintes fun\u00e7\u00f5es:<\/p>\n<ol>\n<li><b><\/b><strong><b>Conex\u00e3o de aterramento:<\/b><\/strong>\u00a0As etiquetas de aterramento fornecem um ponto de conex\u00e3o para condutores ou cabos de aterramento. Elas estabelecem um link el\u00e9trico entre as partes met\u00e1licas do prensa-cabo ou equipamento e o sistema de aterramento, garantindo que quaisquer falhas ou correntes el\u00e9tricas potenciais sejam direcionadas com seguran\u00e7a para o solo.<\/li>\n<li><b><\/b><strong><b>Seguran\u00e7a el\u00e9trica:<\/b><\/strong>\u00a0Ao aterrar pe\u00e7as met\u00e1licas, as etiquetas de aterramento ajudam a evitar o ac\u00famulo de eletricidade est\u00e1tica, reduzem o risco de choque el\u00e9trico e aumentam a seguran\u00e7a el\u00e9trica geral.<\/li>\n<\/ol>\n<p><strong><b>Aplica\u00e7\u00f5es:<\/b><\/strong>\u00a0\u00a0Etiquetas de aterramento como acess\u00f3rios para prensa-cabos s\u00e3o comumente usadas em diversas aplica\u00e7\u00f5es, incluindo:<\/p>\n<ol>\n<li><b><\/b><strong><b>Pain\u00e9is el\u00e9tricos:<\/b><\/strong>\u00a0Em pain\u00e9is de distribui\u00e7\u00e3o el\u00e9trica, aparelhagens e pain\u00e9is de controle, as etiquetas de aterramento s\u00e3o usadas para garantir o aterramento adequado de prensa-cabos e equipamentos.<\/li>\n<li><b><\/b><strong><b>M\u00e1quinas industriais:<\/b><\/strong>\u00a0As etiquetas de aterramento s\u00e3o usadas em ambientes industriais para aterrar prensa-cabos conectados a m\u00e1quinas, motores e outros equipamentos.<\/li>\n<li><b><\/b><strong><b>Telecomunica\u00e7\u00f5es:<\/b><\/strong>\u00a0S\u00e3o usados \u200b\u200bem instala\u00e7\u00f5es de telecomunica\u00e7\u00f5es para fornecer aterramento para entradas de cabos em gabinetes e compartimentos.<\/li>\n<\/ol>\n","protected":false},"featured_media":13275,"template":"","meta":[],"product_brand":[],"product_cat":[369],"product_tag":[],"class_list":{"0":"post-13468","1":"product","2":"type-product","3":"status-publish","4":"has-post-thumbnail","6":"product_cat-acessorios-para-prensa-cabos","8":"first","9":"instock","10":"shipping-taxable","11":"product-type-simple"},"yoast_head":"<!-- This site is optimized with the Yoast SEO plugin v27.3 - https:\/\/yoast.com\/product\/yoast-seo-wordpress\/ -->\n<title>Placas de Terra<\/title>\n<meta name=\"description\" content=\"Descubra Placas de Terra de alta qualidade para Acess\u00f3rios para Prensa-Cabos na Conex Metals. Nossa gama inclui placas de terra, cortadores de cabos, conectores de cabos e solu\u00e7\u00f5es de aterramento de prensa-cabos. Confie na Conex Metals, um fabricante, exportador e fornecedor l\u00edder na \u00cdndia, para produtos de aterramento de cabo SWA confi\u00e1veis.\" \/>\n<meta name=\"robots\" content=\"index, follow, max-snippet:-1, max-image-preview:large, max-video-preview:-1\" \/>\n<link rel=\"canonical\" href=\"https:\/\/conexmetals.com\/pt-br\/produto\/placas-de-terra\/\" \/>\n<script type=\"application\/ld+json\" class=\"yoast-schema-graph\">{\"@context\":\"https:\\\/\\\/schema.org\",\"@graph\":[{\"@type\":\"WebPage\",\"@id\":\"https:\\\/\\\/conexmetals.com\\\/pt-br\\\/produto\\\/placas-de-terra\\\/\",\"url\":\"https:\\\/\\\/conexmetals.com\\\/pt-br\\\/produto\\\/placas-de-terra\\\/\",\"name\":\"Placas de Terra\",\"isPartOf\":{\"@id\":\"https:\\\/\\\/conexmetals.com\\\/pt-br\\\/#website\"},\"primaryImageOfPage\":{\"@id\":\"https:\\\/\\\/conexmetals.com\\\/pt-br\\\/produto\\\/placas-de-terra\\\/#primaryimage\"},\"image\":{\"@id\":\"https:\\\/\\\/conexmetals.com\\\/pt-br\\\/produto\\\/placas-de-terra\\\/#primaryimage\"},\"thumbnailUrl\":\"https:\\\/\\\/conexmetals.com\\\/wp-content\\\/uploads\\\/2025\\\/01\\\/Placas-de-Terra.webp\",\"datePublished\":\"2023-08-18T07:31:30+00:00\",\"dateModified\":\"2025-01-22T10:33:30+00:00\",\"description\":\"Descubra Placas de Terra de alta qualidade para Acess\u00f3rios para Prensa-Cabos na Conex Metals. Nossa gama inclui placas de terra, cortadores de cabos, conectores de cabos e solu\u00e7\u00f5es de aterramento de prensa-cabos. Confie na Conex Metals, um fabricante, exportador e fornecedor l\u00edder na \u00cdndia, para produtos de aterramento de cabo SWA confi\u00e1veis.\",\"breadcrumb\":{\"@id\":\"https:\\\/\\\/conexmetals.com\\\/pt-br\\\/produto\\\/placas-de-terra\\\/#breadcrumb\"},\"inLanguage\":\"pt-BR\",\"potentialAction\":[{\"@type\":\"ReadAction\",\"target\":[\"https:\\\/\\\/conexmetals.com\\\/pt-br\\\/produto\\\/placas-de-terra\\\/\"]}]},{\"@type\":\"ImageObject\",\"inLanguage\":\"pt-BR\",\"@id\":\"https:\\\/\\\/conexmetals.com\\\/pt-br\\\/produto\\\/placas-de-terra\\\/#primaryimage\",\"url\":\"https:\\\/\\\/conexmetals.com\\\/wp-content\\\/uploads\\\/2025\\\/01\\\/Placas-de-Terra.webp\",\"contentUrl\":\"https:\\\/\\\/conexmetals.com\\\/wp-content\\\/uploads\\\/2025\\\/01\\\/Placas-de-Terra.webp\",\"width\":300,\"height\":300,\"caption\":\"Placas de Terra\"},{\"@type\":\"BreadcrumbList\",\"@id\":\"https:\\\/\\\/conexmetals.com\\\/pt-br\\\/produto\\\/placas-de-terra\\\/#breadcrumb\",\"itemListElement\":[{\"@type\":\"ListItem\",\"position\":1,\"name\":\"Home\",\"item\":\"https:\\\/\\\/conexmetals.com\\\/pt-br\\\/lar\\\/\"},{\"@type\":\"ListItem\",\"position\":2,\"name\":\"Products\",\"item\":\"https:\\\/\\\/conexmetals.com\\\/products\\\/\"},{\"@type\":\"ListItem\",\"position\":3,\"name\":\"Placas de Terra\"}]},{\"@type\":\"WebSite\",\"@id\":\"https:\\\/\\\/conexmetals.com\\\/pt-br\\\/#website\",\"url\":\"https:\\\/\\\/conexmetals.com\\\/pt-br\\\/\",\"name\":\"Conex Metals Brass Fittings Brass Parts Copper Parts Brass Components Brass Plumbing Fittings India\",\"description\":\"Manufacturer of Bronze Fittings casting Copper Brass parts components\",\"publisher\":{\"@id\":\"https:\\\/\\\/conexmetals.com\\\/pt-br\\\/#organization\"},\"potentialAction\":[{\"@type\":\"SearchAction\",\"target\":{\"@type\":\"EntryPoint\",\"urlTemplate\":\"https:\\\/\\\/conexmetals.com\\\/pt-br\\\/?s={search_term_string}\"},\"query-input\":{\"@type\":\"PropertyValueSpecification\",\"valueRequired\":true,\"valueName\":\"search_term_string\"}}],\"inLanguage\":\"pt-BR\"},{\"@type\":\"Organization\",\"@id\":\"https:\\\/\\\/conexmetals.com\\\/pt-br\\\/#organization\",\"name\":\"Conex Metals Brass Fittings Brass Parts Copper Parts Brass Components Brass Plumbing Fittings India\",\"url\":\"https:\\\/\\\/conexmetals.com\\\/pt-br\\\/\",\"logo\":{\"@type\":\"ImageObject\",\"inLanguage\":\"pt-BR\",\"@id\":\"https:\\\/\\\/conexmetals.com\\\/pt-br\\\/#\\\/schema\\\/logo\\\/image\\\/\",\"url\":\"https:\\\/\\\/conexmetals.com\\\/wp-content\\\/uploads\\\/2024\\\/03\\\/conex-metals-logo.webp\",\"contentUrl\":\"https:\\\/\\\/conexmetals.com\\\/wp-content\\\/uploads\\\/2024\\\/03\\\/conex-metals-logo.webp\",\"width\":300,\"height\":121,\"caption\":\"Conex Metals Brass Fittings Brass Parts Copper Parts Brass Components Brass Plumbing Fittings India\"},\"image\":{\"@id\":\"https:\\\/\\\/conexmetals.com\\\/pt-br\\\/#\\\/schema\\\/logo\\\/image\\\/\"},\"sameAs\":[\"https:\\\/\\\/www.facebook.com\\\/conexbrass\",\"https:\\\/\\\/x.com\\\/conexindia\",\"https:\\\/\\\/www.linkedin.com\\\/company\\\/conex-metals-india\\\/\",\"https:\\\/\\\/www.instagram.com\\\/conexindia\\\/\"]}]}<\/script>\n<!-- \/ Yoast SEO plugin. -->","yoast_head_json":{"title":"Placas de Terra","description":"Descubra Placas de Terra de alta qualidade para Acess\u00f3rios para Prensa-Cabos na Conex Metals. Nossa gama inclui placas de terra, cortadores de cabos, conectores de cabos e solu\u00e7\u00f5es de aterramento de prensa-cabos. Confie na Conex Metals, um fabricante, exportador e fornecedor l\u00edder na \u00cdndia, para produtos de aterramento de cabo SWA confi\u00e1veis.","robots":{"index":"index","follow":"follow","max-snippet":"max-snippet:-1","max-image-preview":"max-image-preview:large","max-video-preview":"max-video-preview:-1"},"canonical":"https:\/\/conexmetals.com\/pt-br\/produto\/placas-de-terra\/","schema":{"@context":"https:\/\/schema.org","@graph":[{"@type":"WebPage","@id":"https:\/\/conexmetals.com\/pt-br\/produto\/placas-de-terra\/","url":"https:\/\/conexmetals.com\/pt-br\/produto\/placas-de-terra\/","name":"Placas de Terra","isPartOf":{"@id":"https:\/\/conexmetals.com\/pt-br\/#website"},"primaryImageOfPage":{"@id":"https:\/\/conexmetals.com\/pt-br\/produto\/placas-de-terra\/#primaryimage"},"image":{"@id":"https:\/\/conexmetals.com\/pt-br\/produto\/placas-de-terra\/#primaryimage"},"thumbnailUrl":"https:\/\/conexmetals.com\/wp-content\/uploads\/2025\/01\/Placas-de-Terra.webp","datePublished":"2023-08-18T07:31:30+00:00","dateModified":"2025-01-22T10:33:30+00:00","description":"Descubra Placas de Terra de alta qualidade para Acess\u00f3rios para Prensa-Cabos na Conex Metals. Nossa gama inclui placas de terra, cortadores de cabos, conectores de cabos e solu\u00e7\u00f5es de aterramento de prensa-cabos. Confie na Conex Metals, um fabricante, exportador e fornecedor l\u00edder na \u00cdndia, para produtos de aterramento de cabo SWA confi\u00e1veis.","breadcrumb":{"@id":"https:\/\/conexmetals.com\/pt-br\/produto\/placas-de-terra\/#breadcrumb"},"inLanguage":"pt-BR","potentialAction":[{"@type":"ReadAction","target":["https:\/\/conexmetals.com\/pt-br\/produto\/placas-de-terra\/"]}]},{"@type":"ImageObject","inLanguage":"pt-BR","@id":"https:\/\/conexmetals.com\/pt-br\/produto\/placas-de-terra\/#primaryimage","url":"https:\/\/conexmetals.com\/wp-content\/uploads\/2025\/01\/Placas-de-Terra.webp","contentUrl":"https:\/\/conexmetals.com\/wp-content\/uploads\/2025\/01\/Placas-de-Terra.webp","width":300,"height":300,"caption":"Placas de Terra"},{"@type":"BreadcrumbList","@id":"https:\/\/conexmetals.com\/pt-br\/produto\/placas-de-terra\/#breadcrumb","itemListElement":[{"@type":"ListItem","position":1,"name":"Home","item":"https:\/\/conexmetals.com\/pt-br\/lar\/"},{"@type":"ListItem","position":2,"name":"Products","item":"https:\/\/conexmetals.com\/products\/"},{"@type":"ListItem","position":3,"name":"Placas de Terra"}]},{"@type":"WebSite","@id":"https:\/\/conexmetals.com\/pt-br\/#website","url":"https:\/\/conexmetals.com\/pt-br\/","name":"Conex Metals Brass Fittings Brass Parts Copper Parts Brass Components Brass Plumbing Fittings India","description":"Manufacturer of Bronze Fittings casting Copper Brass parts components","publisher":{"@id":"https:\/\/conexmetals.com\/pt-br\/#organization"},"potentialAction":[{"@type":"SearchAction","target":{"@type":"EntryPoint","urlTemplate":"https:\/\/conexmetals.com\/pt-br\/?s={search_term_string}"},"query-input":{"@type":"PropertyValueSpecification","valueRequired":true,"valueName":"search_term_string"}}],"inLanguage":"pt-BR"},{"@type":"Organization","@id":"https:\/\/conexmetals.com\/pt-br\/#organization","name":"Conex Metals Brass Fittings Brass Parts Copper Parts Brass Components Brass Plumbing Fittings India","url":"https:\/\/conexmetals.com\/pt-br\/","logo":{"@type":"ImageObject","inLanguage":"pt-BR","@id":"https:\/\/conexmetals.com\/pt-br\/#\/schema\/logo\/image\/","url":"https:\/\/conexmetals.com\/wp-content\/uploads\/2024\/03\/conex-metals-logo.webp","contentUrl":"https:\/\/conexmetals.com\/wp-content\/uploads\/2024\/03\/conex-metals-logo.webp","width":300,"height":121,"caption":"Conex Metals Brass Fittings Brass Parts Copper Parts Brass Components Brass Plumbing Fittings India"},"image":{"@id":"https:\/\/conexmetals.com\/pt-br\/#\/schema\/logo\/image\/"},"sameAs":["https:\/\/www.facebook.com\/conexbrass","https:\/\/x.com\/conexindia","https:\/\/www.linkedin.com\/company\/conex-metals-india\/","https:\/\/www.instagram.com\/conexindia\/"]}]}},"_links":{"self":[{"href":"https:\/\/conexmetals.com\/pt-br\/wp-json\/wp\/v2\/product\/13468","targetHints":{"allow":["GET"]}}],"collection":[{"href":"https:\/\/conexmetals.com\/pt-br\/wp-json\/wp\/v2\/product"}],"about":[{"href":"https:\/\/conexmetals.com\/pt-br\/wp-json\/wp\/v2\/types\/product"}],"wp:featuredmedia":[{"embeddable":true,"href":"https:\/\/conexmetals.com\/pt-br\/wp-json\/wp\/v2\/media\/13275"}],"wp:attachment":[{"href":"https:\/\/conexmetals.com\/pt-br\/wp-json\/wp\/v2\/media?parent=13468"}],"wp:term":[{"taxonomy":"product_brand","embeddable":true,"href":"https:\/\/conexmetals.com\/pt-br\/wp-json\/wp\/v2\/product_brand?post=13468"},{"taxonomy":"product_cat","embeddable":true,"href":"https:\/\/conexmetals.com\/pt-br\/wp-json\/wp\/v2\/product_cat?post=13468"},{"taxonomy":"product_tag","embeddable":true,"href":"https:\/\/conexmetals.com\/pt-br\/wp-json\/wp\/v2\/product_tag?post=13468"}],"curies":[{"name":"wp","href":"https:\/\/api.w.org\/{rel}","templated":true}]}}