{"id":13472,"date":"2023-08-18T12:54:18","date_gmt":"2023-08-18T07:24:18","guid":{"rendered":"https:\/\/conexmetals.com\/?post_type=product&#038;p=13472"},"modified":"2025-01-21T17:23:58","modified_gmt":"2025-01-21T11:53:58","slug":"prensa-cabos-tipo-pg","status":"publish","type":"product","link":"https:\/\/conexmetals.com\/pt-br\/produto\/prensa-cabos-tipo-pg\/","title":{"rendered":"Prensa-Cabos Tipo PG"},"content":{"rendered":"","protected":false},"excerpt":{"rendered":"<div class=\"elementor-element elementor-element-672075d elementor-widget__width-initial e-transform elementor-widget-mobile__width-initial elementor-widget elementor-widget-woocommerce-product-images\" data-id=\"672075d\" data-element_type=\"widget\" data-settings=\"{&quot;_transform_scale_effect&quot;:{&quot;unit&quot;:&quot;px&quot;,&quot;size&quot;:1,&quot;sizes&quot;:[]},&quot;_transform_scale_effect_tablet&quot;:{&quot;unit&quot;:&quot;px&quot;,&quot;size&quot;:&quot;&quot;,&quot;sizes&quot;:[]},&quot;_transform_scale_effect_mobile&quot;:{&quot;unit&quot;:&quot;px&quot;,&quot;size&quot;:&quot;&quot;,&quot;sizes&quot;:[]}}\" data-widget_type=\"woocommerce-product-images.default\">\n<div class=\"elementor-widget-container\">\n<div class=\"woocommerce-product-gallery woocommerce-product-gallery--with-images woocommerce-product-gallery--columns-4 images\" data-columns=\"4\">\n<div class=\"woocommerce-product-gallery__wrapper\">\n<div class=\"woocommerce-product-gallery__image\" data-thumb=\"https:\/\/conexmetals.com\/wp-content\/uploads\/2023\/08\/PG-Type-Cable-Glands-100x100.webp\" data-thumb-alt=\"PG-Type-Cable-Glands\" data-thumb-srcset=\"https:\/\/conexmetals.com\/wp-content\/uploads\/2023\/08\/PG-Type-Cable-Glands-100x100.webp 100w, https:\/\/conexmetals.com\/wp-content\/uploads\/2023\/08\/PG-Type-Cable-Glands-300x300.webp 300w, https:\/\/conexmetals.com\/wp-content\/uploads\/2023\/08\/PG-Type-Cable-Glands-150x150.webp 150w, https:\/\/conexmetals.com\/wp-content\/uploads\/2023\/08\/PG-Type-Cable-Glands.webp 350w\"><\/div>\n<\/div>\n<\/div>\n<\/div>\n<\/div>\n<div class=\"elementor-element elementor-element-36d2ab8 elementor-widget elementor-widget-woocommerce-product-short-description\" data-id=\"36d2ab8\" data-element_type=\"widget\" data-widget_type=\"woocommerce-product-short-description.default\">\n<div class=\"elementor-widget-container\">\n<div class=\"woocommerce-product-details__short-description\">\n<table id=\"tablepress-423\" class=\"tablepress tablepress-id-423\">\n<caption>\u00a0<\/caption>\n<thead>\n<tr class=\"row-1 odd\">\n<th class=\"column-1\" colspan=\"7\"><strong><span>Ficha T\u00e9cnica<\/span><\/strong><\/th>\n<\/tr>\n<\/thead>\n<tbody class=\"row-hover\">\n<tr class=\"row-2 even\">\n<td class=\"column-1\" colspan=\"2\"><strong><span>Tamanho da gl\u00e2ndula<\/span><\/strong><\/td>\n<td class=\"column-3\" colspan=\"2\"><strong><span>Faixa de cabo &#8216;A&#8217;<\/span><\/strong><\/td>\n<td class=\"column-5\" colspan=\"2\"><strong><span>Tamanho da rosca &#8216;B&#8217;<\/span><\/strong><\/td>\n<td class=\"column-7\" rowspan=\"2\"><strong><span>Comprimento da rosca &#8216;C&#8217; (em mm)<\/span><\/strong><\/td>\n<\/tr>\n<tr class=\"row-3 odd\">\n<td class=\"column-1\"><strong><span>PG<\/span><\/strong><\/td>\n<td class=\"column-2\"><strong><span>M\u00c9TRICA<\/span><\/strong><\/td>\n<td class=\"column-3\"><strong><span>M\u00cdN.<\/span><\/strong><\/td>\n<td class=\"column-4\"><strong><span>M\u00c1X.<\/span><\/strong><\/td>\n<td class=\"column-5\"><strong><span>PG<\/span><\/strong><\/td>\n<td class=\"column-6\"><strong><span>M\u00c9TRICA<\/span><\/strong><\/td>\n<\/tr>\n<tr class=\"row-4 even\">\n<td class=\"column-1\"><span>PG7<\/span><\/td>\n<td class=\"column-2\"><span>M12<\/span><\/td>\n<td class=\"column-3\"><span>4<\/span><\/td>\n<td class=\"column-4\"><span>6<\/span><\/td>\n<td class=\"column-5\"><span>PG7<\/span><\/td>\n<td class=\"column-6\"><span>M12<\/span><\/td>\n<td class=\"column-7\"><span>5<\/span><\/td>\n<\/tr>\n<tr class=\"row-5 odd\">\n<td class=\"column-1\"><span>PG9<\/span><\/td>\n<td class=\"column-2\"><span>M16<\/span><\/td>\n<td class=\"column-3\"><span>6<\/span><\/td>\n<td class=\"column-4\"><span>10<\/span><\/td>\n<td class=\"column-5\"><span>PG9<\/span><\/td>\n<td class=\"column-6\"><span>M16<\/span><\/td>\n<td class=\"column-7\"><span>6<\/span><\/td>\n<\/tr>\n<tr class=\"row-6 even\">\n<td class=\"column-1\"><span>PG11<\/span><\/td>\n<td class=\"column-2\"><span>\u2013<\/span><\/td>\n<td class=\"column-3\"><span>8<\/span><\/td>\n<td class=\"column-4\"><span>10<\/span><\/td>\n<td class=\"column-5\"><span>PG11<\/span><\/td>\n<td class=\"column-6\"><span>\u2013<\/span><\/td>\n<td class=\"column-7\"><span>6.5<\/span><\/td>\n<\/tr>\n<tr class=\"row-7 odd\">\n<td class=\"column-1\"><span>PG13.5<\/span><\/td>\n<td class=\"column-2\"><span>M20<\/span><\/td>\n<td class=\"column-3\"><span>10<\/span><\/td>\n<td class=\"column-4\"><span>12<\/span><\/td>\n<td class=\"column-5\"><span>PG13.5<\/span><\/td>\n<td class=\"column-6\"><span>M20<\/span><\/td>\n<td class=\"column-7\"><span>7.1<\/span><\/td>\n<\/tr>\n<tr class=\"row-8 even\">\n<td class=\"column-1\"><span>PG16<\/span><\/td>\n<td class=\"column-2\"><span>\u2013<\/span><\/td>\n<td class=\"column-3\"><span>11<\/span><\/td>\n<td class=\"column-4\"><span>14<\/span><\/td>\n<td class=\"column-5\"><span>PG16<\/span><\/td>\n<td class=\"column-6\"><span>\u2013<\/span><\/td>\n<td class=\"column-7\"><span>6.5<\/span><\/td>\n<\/tr>\n<tr class=\"row-9 odd\">\n<td class=\"column-1\"><span>PG21<\/span><\/td>\n<td class=\"column-2\"><span>M25<\/span><\/td>\n<td class=\"column-3\"><span>14<\/span><\/td>\n<td class=\"column-4\"><span>18<\/span><\/td>\n<td class=\"column-5\"><span>PG21<\/span><\/td>\n<td class=\"column-6\"><span>M25<\/span><\/td>\n<td class=\"column-7\"><span>7.1<\/span><\/td>\n<\/tr>\n<tr class=\"row-10 even\">\n<td class=\"column-1\"><span>PG29<\/span><\/td>\n<td class=\"column-2\"><span>M32<\/span><\/td>\n<td class=\"column-3\"><span>18<\/span><\/td>\n<td class=\"column-4\"><span>25<\/span><\/td>\n<td class=\"column-5\"><span>PG29<\/span><\/td>\n<td class=\"column-6\"><span>M32<\/span><\/td>\n<td class=\"column-7\"><span>8,5<\/span><\/td>\n<\/tr>\n<tr class=\"row-11 odd\">\n<td class=\"column-1\"><span>PG36<\/span><\/td>\n<td class=\"column-2\"><span>M40<\/span><\/td>\n<td class=\"column-3\"><span>25<\/span><\/td>\n<td class=\"column-4\"><span>32<\/span><\/td>\n<td class=\"column-5\"><span>PG36<\/span><\/td>\n<td class=\"column-6\"><span>M40<\/span><\/td>\n<td class=\"column-7\"><span>10<\/span><\/td>\n<\/tr>\n<tr class=\"row-12 even\">\n<td class=\"column-1\"><span>PG42<\/span><\/td>\n<td class=\"column-2\"><span>M50<\/span><\/td>\n<td class=\"column-3\"><span>30<\/span><\/td>\n<td class=\"column-4\"><span>38<\/span><\/td>\n<td class=\"column-5\"><span>PG42<\/span><\/td>\n<td class=\"column-6\"><span>M50<\/span><\/td>\n<td class=\"column-7\"><span>10<\/span><\/td>\n<\/tr>\n<tr class=\"row-13 odd\">\n<td class=\"column-1\"><span>PG48<\/span><\/td>\n<td class=\"column-2\"><span>M63<\/span><\/td>\n<td class=\"column-3\"><span>33<\/span><\/td>\n<td class=\"column-4\"><span>42,5<\/span><\/td>\n<td class=\"column-5\"><span>PG48<\/span><\/td>\n<td class=\"column-6\"><span>M63<\/span><\/td>\n<td class=\"column-7\"><span>10<\/span><\/td>\n<\/tr>\n<\/tbody>\n<\/table>\n<p><img fetchpriority=\"high\" decoding=\"async\" class=\"size-medium wp-image-13098 alignright lazy loaded\" src=\"https:\/\/conexmetals.com\/wp-content\/uploads\/2023\/08\/PG-Type-Cable-Glands-line-drawing-300x175.png\" alt=\"Desenho de linha de prensa-cabos tipo PG\" width=\"300\" height=\"175\" data-src=\"https:\/\/conexmetals.com\/wp-content\/uploads\/2023\/08\/PG-Type-Cable-Glands-line-drawing-300x175.png\" data-was-processed=\"true\" srcset=\"https:\/\/conexmetals.com\/wp-content\/uploads\/2023\/08\/PG-Type-Cable-Glands-line-drawing-300x175.png 300w, https:\/\/conexmetals.com\/wp-content\/uploads\/2023\/08\/PG-Type-Cable-Glands-line-drawing.png 312w\" sizes=\"(max-width: 300px) 100vw, 300px\" \/><span>Os prensa-cabos tipo PG s\u00e3o um tipo amplamente utilizado de prensa-cabos que est\u00e3o em conformidade com o padr\u00e3o de rosca PG (Panzer-Gewinde), que \u00e9 um padr\u00e3o alem\u00e3o para roscas usadas em prensa-cabos e outras aplica\u00e7\u00f5es. Os prensa-cabos PG s\u00e3o projetados para fornecer pontos de entrada de cabos seguros e estanques em gabinetes, caixas de jun\u00e7\u00e3o ou equipamentos, ao mesmo tempo em que protegem contra fatores ambientais, como poeira, umidade e tens\u00f5es mec\u00e2nicas.<\/span><\/p>\n<p><span>Aqui est\u00e3o alguns pontos importantes sobre os prensa-cabos do tipo PG:<\/span><\/p>\n<p><strong><b><span>Padr\u00e3o de rosca:<\/span><\/b><\/strong><span>\u00a0\u00a0PG significa \u201cPanzer-Gewinde\u201d, que significa \u201crosca blindada\u201d em ingl\u00eas. O padr\u00e3o de rosca PG define as dimens\u00f5es e especifica\u00e7\u00f5es para as roscas usadas em prensa-cabos e outros componentes relacionados.<\/span><\/p>\n<p><strong><b><span>Fun\u00e7\u00f5es e recursos:<\/span><\/b><\/strong><span>\u00a0\u00a0os prensa-cabos do tipo PG oferecem fun\u00e7\u00f5es semelhantes a outros prensa-cabos:<\/span><\/p>\n<ol>\n<li><b><\/b><strong><b><span>Entrada de cabos:<\/span><\/b><\/strong><span>\u00a0eles criam um ponto de entrada selado para cabos em gabinetes ou equipamentos, evitando a entrada de poeira, umidade e outros contaminantes.<\/span><\/li>\n<li><b><\/b><strong><b><span>Al\u00edvio de tens\u00e3o:<\/span><\/b><\/strong><span>\u00a0essas gl\u00e2ndulas fornecem suporte mec\u00e2nico aos cabos, reduzindo a tens\u00e3o e evitando flex\u00e3o ou tens\u00e3o excessiva no ponto de entrada.<\/span><\/li>\n<\/ol>\n<p><strong><b><span>Variedade de tamanhos:<\/span><\/b><\/strong><span>\u00a0\u00a0Os prensa-cabos PG v\u00eam em v\u00e1rios tamanhos (PG7, PG9, PG11, PG13.5, PG16, etc.), cada um correspondendo a um tamanho de rosca e di\u00e2metro de cabo espec\u00edficos. Isso permite versatilidade na acomoda\u00e7\u00e3o de diferentes tamanhos de cabo.<\/span><\/p>\n<p><strong><b><span>Elementos de veda\u00e7\u00e3o:<\/span><\/b><\/strong><span>\u00a0\u00a0os prensa-cabos PG geralmente incluem elementos de veda\u00e7\u00e3o, como veda\u00e7\u00f5es de borracha ou elastom\u00e9ricas, que fornecem prote\u00e7\u00e3o \u00e0 prova d&#8217;\u00e1gua e de intemp\u00e9ries.<\/span><\/p>\n<p><strong><b><span>Aplica\u00e7\u00f5es:<\/span><\/b><\/strong><span>\u00a0\u00a0Prensa-cabos tipo PG s\u00e3o comumente usados \u200b\u200bem ind\u00fastrias como manufatura, maquin\u00e1rio, automa\u00e7\u00e3o e telecomunica\u00e7\u00f5es. Eles s\u00e3o particularmente valiosos em aplica\u00e7\u00f5es onde os cabos precisam ser protegidos contra condi\u00e7\u00f5es ambientais severas.<\/span><\/p>\n<\/div>\n<\/div>\n<\/div>\n","protected":false},"featured_media":13290,"template":"","meta":[],"product_brand":[],"product_cat":[365],"product_tag":[],"class_list":{"0":"post-13472","1":"product","2":"type-product","3":"status-publish","4":"has-post-thumbnail","6":"product_cat-prensa-cabos","8":"first","9":"instock","10":"shipping-taxable","11":"product-type-simple"},"yoast_head":"<!-- This site is optimized with the Yoast SEO plugin v27.3 - https:\/\/yoast.com\/product\/yoast-seo-wordpress\/ -->\n<title>Prensa-Cabos Tipo PG<\/title>\n<meta name=\"description\" content=\"Conex Metals \u00e9 um fabricante l\u00edder de Prensa-Cabos de Lat\u00e3o Tipo PG, oferecendo uma ampla variedade de op\u00e7\u00f5es de Rosca PG, incluindo PG 7, PG 9, PG 11, PG 13.5 e PG 16. Nossos Prensa-Cabos de Lat\u00e3o s\u00e3o fabricados na \u00cdndia, perfeitos para fornecedores e exportadores que procuram tamanhos PG21, PG29 e superiores.\" \/>\n<meta name=\"robots\" content=\"index, follow, max-snippet:-1, max-image-preview:large, max-video-preview:-1\" \/>\n<link rel=\"canonical\" href=\"https:\/\/conexmetals.com\/pt-br\/produto\/prensa-cabos-tipo-pg\/\" \/>\n<script type=\"application\/ld+json\" class=\"yoast-schema-graph\">{\"@context\":\"https:\\\/\\\/schema.org\",\"@graph\":[{\"@type\":\"WebPage\",\"@id\":\"https:\\\/\\\/conexmetals.com\\\/pt-br\\\/produto\\\/prensa-cabos-tipo-pg\\\/\",\"url\":\"https:\\\/\\\/conexmetals.com\\\/pt-br\\\/produto\\\/prensa-cabos-tipo-pg\\\/\",\"name\":\"Prensa-Cabos Tipo PG\",\"isPartOf\":{\"@id\":\"https:\\\/\\\/conexmetals.com\\\/pt-br\\\/#website\"},\"primaryImageOfPage\":{\"@id\":\"https:\\\/\\\/conexmetals.com\\\/pt-br\\\/produto\\\/prensa-cabos-tipo-pg\\\/#primaryimage\"},\"image\":{\"@id\":\"https:\\\/\\\/conexmetals.com\\\/pt-br\\\/produto\\\/prensa-cabos-tipo-pg\\\/#primaryimage\"},\"thumbnailUrl\":\"https:\\\/\\\/conexmetals.com\\\/wp-content\\\/uploads\\\/2025\\\/01\\\/Prensa-Cabos-Tipo-PG.webp\",\"datePublished\":\"2023-08-18T07:24:18+00:00\",\"dateModified\":\"2025-01-21T11:53:58+00:00\",\"description\":\"Conex Metals \u00e9 um fabricante l\u00edder de Prensa-Cabos de Lat\u00e3o Tipo PG, oferecendo uma ampla variedade de op\u00e7\u00f5es de Rosca PG, incluindo PG 7, PG 9, PG 11, PG 13.5 e PG 16. Nossos Prensa-Cabos de Lat\u00e3o s\u00e3o fabricados na \u00cdndia, perfeitos para fornecedores e exportadores que procuram tamanhos PG21, PG29 e superiores.\",\"breadcrumb\":{\"@id\":\"https:\\\/\\\/conexmetals.com\\\/pt-br\\\/produto\\\/prensa-cabos-tipo-pg\\\/#breadcrumb\"},\"inLanguage\":\"pt-BR\",\"potentialAction\":[{\"@type\":\"ReadAction\",\"target\":[\"https:\\\/\\\/conexmetals.com\\\/pt-br\\\/produto\\\/prensa-cabos-tipo-pg\\\/\"]}]},{\"@type\":\"ImageObject\",\"inLanguage\":\"pt-BR\",\"@id\":\"https:\\\/\\\/conexmetals.com\\\/pt-br\\\/produto\\\/prensa-cabos-tipo-pg\\\/#primaryimage\",\"url\":\"https:\\\/\\\/conexmetals.com\\\/wp-content\\\/uploads\\\/2025\\\/01\\\/Prensa-Cabos-Tipo-PG.webp\",\"contentUrl\":\"https:\\\/\\\/conexmetals.com\\\/wp-content\\\/uploads\\\/2025\\\/01\\\/Prensa-Cabos-Tipo-PG.webp\",\"width\":300,\"height\":300,\"caption\":\"Prensa-Cabos Tipo PG\"},{\"@type\":\"BreadcrumbList\",\"@id\":\"https:\\\/\\\/conexmetals.com\\\/pt-br\\\/produto\\\/prensa-cabos-tipo-pg\\\/#breadcrumb\",\"itemListElement\":[{\"@type\":\"ListItem\",\"position\":1,\"name\":\"Home\",\"item\":\"https:\\\/\\\/conexmetals.com\\\/pt-br\\\/lar\\\/\"},{\"@type\":\"ListItem\",\"position\":2,\"name\":\"Products\",\"item\":\"https:\\\/\\\/conexmetals.com\\\/products\\\/\"},{\"@type\":\"ListItem\",\"position\":3,\"name\":\"Prensa-Cabos Tipo PG\"}]},{\"@type\":\"WebSite\",\"@id\":\"https:\\\/\\\/conexmetals.com\\\/pt-br\\\/#website\",\"url\":\"https:\\\/\\\/conexmetals.com\\\/pt-br\\\/\",\"name\":\"Conex Metals Brass Fittings Brass Parts Copper Parts Brass Components Brass Plumbing Fittings India\",\"description\":\"Manufacturer of Bronze Fittings casting Copper Brass parts components\",\"publisher\":{\"@id\":\"https:\\\/\\\/conexmetals.com\\\/pt-br\\\/#organization\"},\"potentialAction\":[{\"@type\":\"SearchAction\",\"target\":{\"@type\":\"EntryPoint\",\"urlTemplate\":\"https:\\\/\\\/conexmetals.com\\\/pt-br\\\/?s={search_term_string}\"},\"query-input\":{\"@type\":\"PropertyValueSpecification\",\"valueRequired\":true,\"valueName\":\"search_term_string\"}}],\"inLanguage\":\"pt-BR\"},{\"@type\":\"Organization\",\"@id\":\"https:\\\/\\\/conexmetals.com\\\/pt-br\\\/#organization\",\"name\":\"Conex Metals Brass Fittings Brass Parts Copper Parts Brass Components Brass Plumbing Fittings India\",\"url\":\"https:\\\/\\\/conexmetals.com\\\/pt-br\\\/\",\"logo\":{\"@type\":\"ImageObject\",\"inLanguage\":\"pt-BR\",\"@id\":\"https:\\\/\\\/conexmetals.com\\\/pt-br\\\/#\\\/schema\\\/logo\\\/image\\\/\",\"url\":\"https:\\\/\\\/conexmetals.com\\\/wp-content\\\/uploads\\\/2024\\\/03\\\/conex-metals-logo.webp\",\"contentUrl\":\"https:\\\/\\\/conexmetals.com\\\/wp-content\\\/uploads\\\/2024\\\/03\\\/conex-metals-logo.webp\",\"width\":300,\"height\":121,\"caption\":\"Conex Metals Brass Fittings Brass Parts Copper Parts Brass Components Brass Plumbing Fittings India\"},\"image\":{\"@id\":\"https:\\\/\\\/conexmetals.com\\\/pt-br\\\/#\\\/schema\\\/logo\\\/image\\\/\"},\"sameAs\":[\"https:\\\/\\\/www.facebook.com\\\/conexbrass\",\"https:\\\/\\\/x.com\\\/conexindia\",\"https:\\\/\\\/www.linkedin.com\\\/company\\\/conex-metals-india\\\/\",\"https:\\\/\\\/www.instagram.com\\\/conexindia\\\/\"]}]}<\/script>\n<!-- \/ Yoast SEO plugin. -->","yoast_head_json":{"title":"Prensa-Cabos Tipo PG","description":"Conex Metals \u00e9 um fabricante l\u00edder de Prensa-Cabos de Lat\u00e3o Tipo PG, oferecendo uma ampla variedade de op\u00e7\u00f5es de Rosca PG, incluindo PG 7, PG 9, PG 11, PG 13.5 e PG 16. Nossos Prensa-Cabos de Lat\u00e3o s\u00e3o fabricados na \u00cdndia, perfeitos para fornecedores e exportadores que procuram tamanhos PG21, PG29 e superiores.","robots":{"index":"index","follow":"follow","max-snippet":"max-snippet:-1","max-image-preview":"max-image-preview:large","max-video-preview":"max-video-preview:-1"},"canonical":"https:\/\/conexmetals.com\/pt-br\/produto\/prensa-cabos-tipo-pg\/","schema":{"@context":"https:\/\/schema.org","@graph":[{"@type":"WebPage","@id":"https:\/\/conexmetals.com\/pt-br\/produto\/prensa-cabos-tipo-pg\/","url":"https:\/\/conexmetals.com\/pt-br\/produto\/prensa-cabos-tipo-pg\/","name":"Prensa-Cabos Tipo PG","isPartOf":{"@id":"https:\/\/conexmetals.com\/pt-br\/#website"},"primaryImageOfPage":{"@id":"https:\/\/conexmetals.com\/pt-br\/produto\/prensa-cabos-tipo-pg\/#primaryimage"},"image":{"@id":"https:\/\/conexmetals.com\/pt-br\/produto\/prensa-cabos-tipo-pg\/#primaryimage"},"thumbnailUrl":"https:\/\/conexmetals.com\/wp-content\/uploads\/2025\/01\/Prensa-Cabos-Tipo-PG.webp","datePublished":"2023-08-18T07:24:18+00:00","dateModified":"2025-01-21T11:53:58+00:00","description":"Conex Metals \u00e9 um fabricante l\u00edder de Prensa-Cabos de Lat\u00e3o Tipo PG, oferecendo uma ampla variedade de op\u00e7\u00f5es de Rosca PG, incluindo PG 7, PG 9, PG 11, PG 13.5 e PG 16. Nossos Prensa-Cabos de Lat\u00e3o s\u00e3o fabricados na \u00cdndia, perfeitos para fornecedores e exportadores que procuram tamanhos PG21, PG29 e superiores.","breadcrumb":{"@id":"https:\/\/conexmetals.com\/pt-br\/produto\/prensa-cabos-tipo-pg\/#breadcrumb"},"inLanguage":"pt-BR","potentialAction":[{"@type":"ReadAction","target":["https:\/\/conexmetals.com\/pt-br\/produto\/prensa-cabos-tipo-pg\/"]}]},{"@type":"ImageObject","inLanguage":"pt-BR","@id":"https:\/\/conexmetals.com\/pt-br\/produto\/prensa-cabos-tipo-pg\/#primaryimage","url":"https:\/\/conexmetals.com\/wp-content\/uploads\/2025\/01\/Prensa-Cabos-Tipo-PG.webp","contentUrl":"https:\/\/conexmetals.com\/wp-content\/uploads\/2025\/01\/Prensa-Cabos-Tipo-PG.webp","width":300,"height":300,"caption":"Prensa-Cabos Tipo PG"},{"@type":"BreadcrumbList","@id":"https:\/\/conexmetals.com\/pt-br\/produto\/prensa-cabos-tipo-pg\/#breadcrumb","itemListElement":[{"@type":"ListItem","position":1,"name":"Home","item":"https:\/\/conexmetals.com\/pt-br\/lar\/"},{"@type":"ListItem","position":2,"name":"Products","item":"https:\/\/conexmetals.com\/products\/"},{"@type":"ListItem","position":3,"name":"Prensa-Cabos Tipo PG"}]},{"@type":"WebSite","@id":"https:\/\/conexmetals.com\/pt-br\/#website","url":"https:\/\/conexmetals.com\/pt-br\/","name":"Conex Metals Brass Fittings Brass Parts Copper Parts Brass Components Brass Plumbing Fittings India","description":"Manufacturer of Bronze Fittings casting Copper Brass parts components","publisher":{"@id":"https:\/\/conexmetals.com\/pt-br\/#organization"},"potentialAction":[{"@type":"SearchAction","target":{"@type":"EntryPoint","urlTemplate":"https:\/\/conexmetals.com\/pt-br\/?s={search_term_string}"},"query-input":{"@type":"PropertyValueSpecification","valueRequired":true,"valueName":"search_term_string"}}],"inLanguage":"pt-BR"},{"@type":"Organization","@id":"https:\/\/conexmetals.com\/pt-br\/#organization","name":"Conex Metals Brass Fittings Brass Parts Copper Parts Brass Components Brass Plumbing Fittings India","url":"https:\/\/conexmetals.com\/pt-br\/","logo":{"@type":"ImageObject","inLanguage":"pt-BR","@id":"https:\/\/conexmetals.com\/pt-br\/#\/schema\/logo\/image\/","url":"https:\/\/conexmetals.com\/wp-content\/uploads\/2024\/03\/conex-metals-logo.webp","contentUrl":"https:\/\/conexmetals.com\/wp-content\/uploads\/2024\/03\/conex-metals-logo.webp","width":300,"height":121,"caption":"Conex Metals Brass Fittings Brass Parts Copper Parts Brass Components Brass Plumbing Fittings India"},"image":{"@id":"https:\/\/conexmetals.com\/pt-br\/#\/schema\/logo\/image\/"},"sameAs":["https:\/\/www.facebook.com\/conexbrass","https:\/\/x.com\/conexindia","https:\/\/www.linkedin.com\/company\/conex-metals-india\/","https:\/\/www.instagram.com\/conexindia\/"]}]}},"_links":{"self":[{"href":"https:\/\/conexmetals.com\/pt-br\/wp-json\/wp\/v2\/product\/13472","targetHints":{"allow":["GET"]}}],"collection":[{"href":"https:\/\/conexmetals.com\/pt-br\/wp-json\/wp\/v2\/product"}],"about":[{"href":"https:\/\/conexmetals.com\/pt-br\/wp-json\/wp\/v2\/types\/product"}],"wp:featuredmedia":[{"embeddable":true,"href":"https:\/\/conexmetals.com\/pt-br\/wp-json\/wp\/v2\/media\/13290"}],"wp:attachment":[{"href":"https:\/\/conexmetals.com\/pt-br\/wp-json\/wp\/v2\/media?parent=13472"}],"wp:term":[{"taxonomy":"product_brand","embeddable":true,"href":"https:\/\/conexmetals.com\/pt-br\/wp-json\/wp\/v2\/product_brand?post=13472"},{"taxonomy":"product_cat","embeddable":true,"href":"https:\/\/conexmetals.com\/pt-br\/wp-json\/wp\/v2\/product_cat?post=13472"},{"taxonomy":"product_tag","embeddable":true,"href":"https:\/\/conexmetals.com\/pt-br\/wp-json\/wp\/v2\/product_tag?post=13472"}],"curies":[{"name":"wp","href":"https:\/\/api.w.org\/{rel}","templated":true}]}}