{"id":13477,"date":"2023-08-18T13:00:55","date_gmt":"2023-08-18T07:30:55","guid":{"rendered":"https:\/\/conexmetals.com\/?post_type=product&#038;p=13477"},"modified":"2025-01-21T17:30:30","modified_gmt":"2025-01-21T12:00:30","slug":"bainhas-de-pvc","status":"publish","type":"product","link":"https:\/\/conexmetals.com\/pt-br\/produto\/bainhas-de-pvc\/","title":{"rendered":"Bainhas de PVC"},"content":{"rendered":"","protected":false},"excerpt":{"rendered":"<div class=\"elementor-element elementor-element-672075d elementor-widget__width-initial e-transform elementor-widget-mobile__width-initial elementor-widget elementor-widget-woocommerce-product-images\" data-id=\"672075d\" data-element_type=\"widget\" data-settings=\"{&quot;_transform_scale_effect&quot;:{&quot;unit&quot;:&quot;px&quot;,&quot;size&quot;:1,&quot;sizes&quot;:[]},&quot;_transform_scale_effect_tablet&quot;:{&quot;unit&quot;:&quot;px&quot;,&quot;size&quot;:&quot;&quot;,&quot;sizes&quot;:[]},&quot;_transform_scale_effect_mobile&quot;:{&quot;unit&quot;:&quot;px&quot;,&quot;size&quot;:&quot;&quot;,&quot;sizes&quot;:[]}}\" data-widget_type=\"woocommerce-product-images.default\">\n<div class=\"elementor-widget-container\">\n<div class=\"woocommerce-product-gallery woocommerce-product-gallery--with-images woocommerce-product-gallery--columns-4 images\" data-columns=\"4\">\n<div class=\"woocommerce-product-gallery__wrapper\">\n<div class=\"woocommerce-product-gallery__image\" data-thumb=\"https:\/\/conexmetals.com\/wp-content\/uploads\/2023\/08\/PVC-Shrouds-100x100.webp\" data-thumb-alt=\"PVC-Shrouds\" data-thumb-srcset=\"https:\/\/conexmetals.com\/wp-content\/uploads\/2023\/08\/PVC-Shrouds-100x100.webp 100w, https:\/\/conexmetals.com\/wp-content\/uploads\/2023\/08\/PVC-Shrouds-300x300.webp 300w, https:\/\/conexmetals.com\/wp-content\/uploads\/2023\/08\/PVC-Shrouds-150x150.webp 150w, https:\/\/conexmetals.com\/wp-content\/uploads\/2023\/08\/PVC-Shrouds.webp 350w\"><\/div>\n<\/div>\n<\/div>\n<\/div>\n<\/div>\n<div class=\"elementor-element elementor-element-36d2ab8 elementor-widget elementor-widget-woocommerce-product-short-description\" data-id=\"36d2ab8\" data-element_type=\"widget\" data-widget_type=\"woocommerce-product-short-description.default\">\n<div class=\"elementor-widget-container\">\n<div class=\"woocommerce-product-details__short-description\">\n<table id=\"tablepress-422\" class=\"tablepress tablepress-id-422\">\n<caption>\u00a0<\/caption>\n<thead>\n<tr class=\"row-1 odd\">\n<th class=\"column-1\" colspan=\"2\"><strong><span>Ficha T\u00e9cnica<\/span><\/strong><\/th>\n<\/tr>\n<\/thead>\n<tbody class=\"row-hover\">\n<tr class=\"row-2 even\">\n<td class=\"column-1\"><strong><span>Recurso<\/span><\/strong><\/td>\n<td class=\"column-2\"><span>Descri\u00e7\u00e3o<\/span><\/td>\n<\/tr>\n<tr class=\"row-3 odd\">\n<td class=\"column-1\"><strong><span>Aplicativo<\/span><\/strong><\/td>\n<td class=\"column-2\"><span>Minimiza sujeira ou subst\u00e2ncias estranhas no prensa-cabo e na interface.<\/span><\/td>\n<\/tr>\n<tr class=\"row-4 even\">\n<td class=\"column-1\"><strong><span>Fun\u00e7\u00e3o<\/span><\/strong><\/td>\n<td class=\"column-2\"><span>Oferece prote\u00e7\u00e3o adicional e melhora a classifica\u00e7\u00e3o IP.<\/span><\/td>\n<\/tr>\n<tr class=\"row-5 odd\">\n<td class=\"column-1\"><strong><span>Material<\/span><\/strong><\/td>\n<td class=\"column-2\"><span>PVC, LSF<\/span><\/td>\n<\/tr>\n<tr class=\"row-6 even\">\n<td class=\"column-1\"><strong><span>Op\u00e7\u00f5es<\/span><\/strong><\/td>\n<td class=\"column-2\"><span>Moldagem por imers\u00e3o, Moldagem por inje\u00e7\u00e3o<\/span><\/td>\n<\/tr>\n<tr class=\"row-7 odd\">\n<td class=\"column-1\"><strong><span>Cores<\/span><\/strong><\/td>\n<td class=\"column-2\"><span>M-20 a M-90 (Dispon\u00edvel em vers\u00f5es longa e curta)<\/span><\/td>\n<\/tr>\n<tr class=\"row-8 even\">\n<td class=\"column-1\"><strong><span>Tamanhos<\/span><\/strong><\/td>\n<td class=\"column-2\"><span>M-20 a M-90 (Dispon\u00edvel em vers\u00f5es longa e curta)<\/span><\/td>\n<\/tr>\n<\/tbody>\n<\/table>\n<p><span>As coberturas de PVC s\u00e3o comumente usadas como acess\u00f3rios de prensa-cabos para fornecer prote\u00e7\u00e3o e isolamento adicionais \u00e0s conex\u00f5es de cabos e entradas de prensa-cabos. Essas coberturas s\u00e3o usadas em conjunto com prensa-cabos para aprimorar o gerenciamento e a prote\u00e7\u00e3o geral dos cabos em v\u00e1rias aplica\u00e7\u00f5es industriais e comerciais. Veja como as coberturas de PVC podem ser usadas como acess\u00f3rios de prensa-cabos:<\/span><\/p>\n<p><strong><b><span>Fun\u00e7\u00e3o como acess\u00f3rios de prensa-cabos:<\/span><\/b><\/strong><span>\u00a0\u00a0As prote\u00e7\u00f5es de PVC servem como acess\u00f3rios para prensa-cabos, fornecendo uma camada extra de prote\u00e7\u00e3o ao redor do ponto de entrada do cabo e dos pr\u00f3prios cabos. Quando usados \u200b\u200bcomo acess\u00f3rios, eles oferecem os seguintes benef\u00edcios:<\/span><\/p>\n<ol>\n<li><b><\/b><strong><b><span>Prote\u00e7\u00e3o ambiental:<\/span><\/b><\/strong><span>\u00a0as prote\u00e7\u00f5es de PVC fornecem uma barreira adicional contra umidade, poeira, produtos qu\u00edmicos e outros fatores ambientais que podem afetar a integridade do ponto de entrada do cabo.<\/span><\/li>\n<li><b><\/b><strong><b><span>Prote\u00e7\u00e3o mec\u00e2nica:<\/span><\/b><\/strong><span>\u00a0eles protegem a conex\u00e3o do cabo contra danos f\u00edsicos, abras\u00e3o e impacto, prolongando a vida \u00fatil dos cabos e do prensa-cabos.<\/span><\/li>\n<li><b><\/b><strong><b><span>Isolamento:<\/span><\/b><\/strong><span>\u00a0As prote\u00e7\u00f5es de PVC oferecem isolamento el\u00e9trico, evitando o contato entre componentes energizados e usu\u00e1rios, aumentando a seguran\u00e7a e reduzindo o risco de perigos el\u00e9tricos.<\/span><\/li>\n<li><b><\/b><strong><b><span>Identifica\u00e7\u00e3o:<\/span><\/b><\/strong><span>\u00a0Quando codificadas por cores, as prote\u00e7\u00f5es de PVC podem ajudar a identificar cabos, conex\u00f5es ou componentes espec\u00edficos, facilitando a manuten\u00e7\u00e3o e a solu\u00e7\u00e3o de problemas.<\/span><\/li>\n<\/ol>\n<p><strong><b><span>Aplica\u00e7\u00f5es:<\/span><\/b><\/strong><span>\u00a0\u00a0As coberturas de PVC como acess\u00f3rios para prensa-cabos podem ser usadas em diversas aplica\u00e7\u00f5es, incluindo:<\/span><\/p>\n<ol>\n<li><b><\/b><strong><b><span>Instala\u00e7\u00f5es externas:<\/span><\/b><\/strong><span>\u00a0Em ambientes externos, as prote\u00e7\u00f5es de PVC ajudam a proteger as conex\u00f5es dos cabos contra condi\u00e7\u00f5es clim\u00e1ticas, radia\u00e7\u00e3o UV e umidade.<\/span><\/li>\n<li><b><\/b><strong><b><span>Ambientes industriais:<\/span><\/b><\/strong><span>\u00a0s\u00e3o usados \u200b\u200bem ambientes industriais para proteger entradas de cabos contra poeira, sujeira e poss\u00edveis contaminantes.<\/span><\/li>\n<li><b><\/b><strong><b><span>Mar\u00edtimo e offshore:<\/span><\/b><\/strong><span>\u00a0as prote\u00e7\u00f5es de PVC podem ser usadas em aplica\u00e7\u00f5es mar\u00edtimas e offshore para proteger prensa-cabos e conex\u00f5es dos efeitos corrosivos da \u00e1gua salgada.<\/span><\/li>\n<li><b><\/b><strong><b><span>Gabinetes el\u00e9tricos:<\/span><\/b><\/strong><span>\u00a0em gabinetes el\u00e9tricos, eles fornecem uma camada adicional de isolamento e prote\u00e7\u00e3o para conex\u00f5es de cabos e entradas de prensa-cabos.<\/span><\/li>\n<\/ol>\n<p><span>Ao usar prote\u00e7\u00f5es de PVC como acess\u00f3rios para prensa-cabos, \u00e9 essencial garantir o encaixe adequado, a fixa\u00e7\u00e3o segura e a compatibilidade com o prensa-cabos e o tipo de cabo.<\/span><\/p>\n<\/div>\n<\/div>\n<\/div>\n","protected":false},"featured_media":13295,"template":"","meta":[],"product_brand":[],"product_cat":[369],"product_tag":[],"class_list":{"0":"post-13477","1":"product","2":"type-product","3":"status-publish","4":"has-post-thumbnail","6":"product_cat-acessorios-para-prensa-cabos","8":"first","9":"instock","10":"shipping-taxable","11":"product-type-simple"},"yoast_head":"<!-- This site is optimized with the Yoast SEO plugin v27.3 - https:\/\/yoast.com\/product\/yoast-seo-wordpress\/ -->\n<title>Bainhas de PVC<\/title>\n<meta name=\"description\" content=\"Explore uma ampla variedade de Bainhas de PVC na Conex Metals, incluindo bainhas de cabo, prensa-cabos de pl\u00e1stico, prensa-cabos blindados, prensa-cabos PG e prensa-cabos m\u00e9tricos. Como um fabricante, exportador e fornecedor confi\u00e1vel na \u00cdndia, a Conex Metals oferece kits de prensa-cabos e prensa-cabos de lat\u00e3o de alta qualidade.\" \/>\n<meta name=\"robots\" content=\"index, follow, max-snippet:-1, max-image-preview:large, max-video-preview:-1\" \/>\n<link rel=\"canonical\" href=\"https:\/\/conexmetals.com\/pt-br\/produto\/bainhas-de-pvc\/\" \/>\n<script type=\"application\/ld+json\" class=\"yoast-schema-graph\">{\"@context\":\"https:\\\/\\\/schema.org\",\"@graph\":[{\"@type\":\"WebPage\",\"@id\":\"https:\\\/\\\/conexmetals.com\\\/pt-br\\\/produto\\\/bainhas-de-pvc\\\/\",\"url\":\"https:\\\/\\\/conexmetals.com\\\/pt-br\\\/produto\\\/bainhas-de-pvc\\\/\",\"name\":\"Bainhas de PVC\",\"isPartOf\":{\"@id\":\"https:\\\/\\\/conexmetals.com\\\/pt-br\\\/#website\"},\"primaryImageOfPage\":{\"@id\":\"https:\\\/\\\/conexmetals.com\\\/pt-br\\\/produto\\\/bainhas-de-pvc\\\/#primaryimage\"},\"image\":{\"@id\":\"https:\\\/\\\/conexmetals.com\\\/pt-br\\\/produto\\\/bainhas-de-pvc\\\/#primaryimage\"},\"thumbnailUrl\":\"https:\\\/\\\/conexmetals.com\\\/wp-content\\\/uploads\\\/2025\\\/01\\\/Bainhas-de-PVC.webp\",\"datePublished\":\"2023-08-18T07:30:55+00:00\",\"dateModified\":\"2025-01-21T12:00:30+00:00\",\"description\":\"Explore uma ampla variedade de Bainhas de PVC na Conex Metals, incluindo bainhas de cabo, prensa-cabos de pl\u00e1stico, prensa-cabos blindados, prensa-cabos PG e prensa-cabos m\u00e9tricos. Como um fabricante, exportador e fornecedor confi\u00e1vel na \u00cdndia, a Conex Metals oferece kits de prensa-cabos e prensa-cabos de lat\u00e3o de alta qualidade.\",\"breadcrumb\":{\"@id\":\"https:\\\/\\\/conexmetals.com\\\/pt-br\\\/produto\\\/bainhas-de-pvc\\\/#breadcrumb\"},\"inLanguage\":\"pt-BR\",\"potentialAction\":[{\"@type\":\"ReadAction\",\"target\":[\"https:\\\/\\\/conexmetals.com\\\/pt-br\\\/produto\\\/bainhas-de-pvc\\\/\"]}]},{\"@type\":\"ImageObject\",\"inLanguage\":\"pt-BR\",\"@id\":\"https:\\\/\\\/conexmetals.com\\\/pt-br\\\/produto\\\/bainhas-de-pvc\\\/#primaryimage\",\"url\":\"https:\\\/\\\/conexmetals.com\\\/wp-content\\\/uploads\\\/2025\\\/01\\\/Bainhas-de-PVC.webp\",\"contentUrl\":\"https:\\\/\\\/conexmetals.com\\\/wp-content\\\/uploads\\\/2025\\\/01\\\/Bainhas-de-PVC.webp\",\"width\":300,\"height\":300,\"caption\":\"Bainhas de PVC\"},{\"@type\":\"BreadcrumbList\",\"@id\":\"https:\\\/\\\/conexmetals.com\\\/pt-br\\\/produto\\\/bainhas-de-pvc\\\/#breadcrumb\",\"itemListElement\":[{\"@type\":\"ListItem\",\"position\":1,\"name\":\"Home\",\"item\":\"https:\\\/\\\/conexmetals.com\\\/pt-br\\\/lar\\\/\"},{\"@type\":\"ListItem\",\"position\":2,\"name\":\"Products\",\"item\":\"https:\\\/\\\/conexmetals.com\\\/products\\\/\"},{\"@type\":\"ListItem\",\"position\":3,\"name\":\"Bainhas de PVC\"}]},{\"@type\":\"WebSite\",\"@id\":\"https:\\\/\\\/conexmetals.com\\\/pt-br\\\/#website\",\"url\":\"https:\\\/\\\/conexmetals.com\\\/pt-br\\\/\",\"name\":\"Conex Metals Brass Fittings Brass Parts Copper Parts Brass Components Brass Plumbing Fittings India\",\"description\":\"Manufacturer of Bronze Fittings casting Copper Brass parts components\",\"publisher\":{\"@id\":\"https:\\\/\\\/conexmetals.com\\\/pt-br\\\/#organization\"},\"potentialAction\":[{\"@type\":\"SearchAction\",\"target\":{\"@type\":\"EntryPoint\",\"urlTemplate\":\"https:\\\/\\\/conexmetals.com\\\/pt-br\\\/?s={search_term_string}\"},\"query-input\":{\"@type\":\"PropertyValueSpecification\",\"valueRequired\":true,\"valueName\":\"search_term_string\"}}],\"inLanguage\":\"pt-BR\"},{\"@type\":\"Organization\",\"@id\":\"https:\\\/\\\/conexmetals.com\\\/pt-br\\\/#organization\",\"name\":\"Conex Metals Brass Fittings Brass Parts Copper Parts Brass Components Brass Plumbing Fittings India\",\"url\":\"https:\\\/\\\/conexmetals.com\\\/pt-br\\\/\",\"logo\":{\"@type\":\"ImageObject\",\"inLanguage\":\"pt-BR\",\"@id\":\"https:\\\/\\\/conexmetals.com\\\/pt-br\\\/#\\\/schema\\\/logo\\\/image\\\/\",\"url\":\"https:\\\/\\\/conexmetals.com\\\/wp-content\\\/uploads\\\/2024\\\/03\\\/conex-metals-logo.webp\",\"contentUrl\":\"https:\\\/\\\/conexmetals.com\\\/wp-content\\\/uploads\\\/2024\\\/03\\\/conex-metals-logo.webp\",\"width\":300,\"height\":121,\"caption\":\"Conex Metals Brass Fittings Brass Parts Copper Parts Brass Components Brass Plumbing Fittings India\"},\"image\":{\"@id\":\"https:\\\/\\\/conexmetals.com\\\/pt-br\\\/#\\\/schema\\\/logo\\\/image\\\/\"},\"sameAs\":[\"https:\\\/\\\/www.facebook.com\\\/conexbrass\",\"https:\\\/\\\/x.com\\\/conexindia\",\"https:\\\/\\\/www.linkedin.com\\\/company\\\/conex-metals-india\\\/\",\"https:\\\/\\\/www.instagram.com\\\/conexindia\\\/\"]}]}<\/script>\n<!-- \/ Yoast SEO plugin. -->","yoast_head_json":{"title":"Bainhas de PVC","description":"Explore uma ampla variedade de Bainhas de PVC na Conex Metals, incluindo bainhas de cabo, prensa-cabos de pl\u00e1stico, prensa-cabos blindados, prensa-cabos PG e prensa-cabos m\u00e9tricos. Como um fabricante, exportador e fornecedor confi\u00e1vel na \u00cdndia, a Conex Metals oferece kits de prensa-cabos e prensa-cabos de lat\u00e3o de alta qualidade.","robots":{"index":"index","follow":"follow","max-snippet":"max-snippet:-1","max-image-preview":"max-image-preview:large","max-video-preview":"max-video-preview:-1"},"canonical":"https:\/\/conexmetals.com\/pt-br\/produto\/bainhas-de-pvc\/","schema":{"@context":"https:\/\/schema.org","@graph":[{"@type":"WebPage","@id":"https:\/\/conexmetals.com\/pt-br\/produto\/bainhas-de-pvc\/","url":"https:\/\/conexmetals.com\/pt-br\/produto\/bainhas-de-pvc\/","name":"Bainhas de PVC","isPartOf":{"@id":"https:\/\/conexmetals.com\/pt-br\/#website"},"primaryImageOfPage":{"@id":"https:\/\/conexmetals.com\/pt-br\/produto\/bainhas-de-pvc\/#primaryimage"},"image":{"@id":"https:\/\/conexmetals.com\/pt-br\/produto\/bainhas-de-pvc\/#primaryimage"},"thumbnailUrl":"https:\/\/conexmetals.com\/wp-content\/uploads\/2025\/01\/Bainhas-de-PVC.webp","datePublished":"2023-08-18T07:30:55+00:00","dateModified":"2025-01-21T12:00:30+00:00","description":"Explore uma ampla variedade de Bainhas de PVC na Conex Metals, incluindo bainhas de cabo, prensa-cabos de pl\u00e1stico, prensa-cabos blindados, prensa-cabos PG e prensa-cabos m\u00e9tricos. Como um fabricante, exportador e fornecedor confi\u00e1vel na \u00cdndia, a Conex Metals oferece kits de prensa-cabos e prensa-cabos de lat\u00e3o de alta qualidade.","breadcrumb":{"@id":"https:\/\/conexmetals.com\/pt-br\/produto\/bainhas-de-pvc\/#breadcrumb"},"inLanguage":"pt-BR","potentialAction":[{"@type":"ReadAction","target":["https:\/\/conexmetals.com\/pt-br\/produto\/bainhas-de-pvc\/"]}]},{"@type":"ImageObject","inLanguage":"pt-BR","@id":"https:\/\/conexmetals.com\/pt-br\/produto\/bainhas-de-pvc\/#primaryimage","url":"https:\/\/conexmetals.com\/wp-content\/uploads\/2025\/01\/Bainhas-de-PVC.webp","contentUrl":"https:\/\/conexmetals.com\/wp-content\/uploads\/2025\/01\/Bainhas-de-PVC.webp","width":300,"height":300,"caption":"Bainhas de PVC"},{"@type":"BreadcrumbList","@id":"https:\/\/conexmetals.com\/pt-br\/produto\/bainhas-de-pvc\/#breadcrumb","itemListElement":[{"@type":"ListItem","position":1,"name":"Home","item":"https:\/\/conexmetals.com\/pt-br\/lar\/"},{"@type":"ListItem","position":2,"name":"Products","item":"https:\/\/conexmetals.com\/products\/"},{"@type":"ListItem","position":3,"name":"Bainhas de PVC"}]},{"@type":"WebSite","@id":"https:\/\/conexmetals.com\/pt-br\/#website","url":"https:\/\/conexmetals.com\/pt-br\/","name":"Conex Metals Brass Fittings Brass Parts Copper Parts Brass Components Brass Plumbing Fittings India","description":"Manufacturer of Bronze Fittings casting Copper Brass parts components","publisher":{"@id":"https:\/\/conexmetals.com\/pt-br\/#organization"},"potentialAction":[{"@type":"SearchAction","target":{"@type":"EntryPoint","urlTemplate":"https:\/\/conexmetals.com\/pt-br\/?s={search_term_string}"},"query-input":{"@type":"PropertyValueSpecification","valueRequired":true,"valueName":"search_term_string"}}],"inLanguage":"pt-BR"},{"@type":"Organization","@id":"https:\/\/conexmetals.com\/pt-br\/#organization","name":"Conex Metals Brass Fittings Brass Parts Copper Parts Brass Components Brass Plumbing Fittings India","url":"https:\/\/conexmetals.com\/pt-br\/","logo":{"@type":"ImageObject","inLanguage":"pt-BR","@id":"https:\/\/conexmetals.com\/pt-br\/#\/schema\/logo\/image\/","url":"https:\/\/conexmetals.com\/wp-content\/uploads\/2024\/03\/conex-metals-logo.webp","contentUrl":"https:\/\/conexmetals.com\/wp-content\/uploads\/2024\/03\/conex-metals-logo.webp","width":300,"height":121,"caption":"Conex Metals Brass Fittings Brass Parts Copper Parts Brass Components Brass Plumbing Fittings India"},"image":{"@id":"https:\/\/conexmetals.com\/pt-br\/#\/schema\/logo\/image\/"},"sameAs":["https:\/\/www.facebook.com\/conexbrass","https:\/\/x.com\/conexindia","https:\/\/www.linkedin.com\/company\/conex-metals-india\/","https:\/\/www.instagram.com\/conexindia\/"]}]}},"_links":{"self":[{"href":"https:\/\/conexmetals.com\/pt-br\/wp-json\/wp\/v2\/product\/13477","targetHints":{"allow":["GET"]}}],"collection":[{"href":"https:\/\/conexmetals.com\/pt-br\/wp-json\/wp\/v2\/product"}],"about":[{"href":"https:\/\/conexmetals.com\/pt-br\/wp-json\/wp\/v2\/types\/product"}],"wp:featuredmedia":[{"embeddable":true,"href":"https:\/\/conexmetals.com\/pt-br\/wp-json\/wp\/v2\/media\/13295"}],"wp:attachment":[{"href":"https:\/\/conexmetals.com\/pt-br\/wp-json\/wp\/v2\/media?parent=13477"}],"wp:term":[{"taxonomy":"product_brand","embeddable":true,"href":"https:\/\/conexmetals.com\/pt-br\/wp-json\/wp\/v2\/product_brand?post=13477"},{"taxonomy":"product_cat","embeddable":true,"href":"https:\/\/conexmetals.com\/pt-br\/wp-json\/wp\/v2\/product_cat?post=13477"},{"taxonomy":"product_tag","embeddable":true,"href":"https:\/\/conexmetals.com\/pt-br\/wp-json\/wp\/v2\/product_tag?post=13477"}],"curies":[{"name":"wp","href":"https:\/\/api.w.org\/{rel}","templated":true}]}}