{"id":13487,"date":"2023-08-18T12:56:40","date_gmt":"2023-08-18T07:26:40","guid":{"rendered":"https:\/\/conexmetals.com\/?post_type=product&#038;p=13487"},"modified":"2025-01-21T17:54:40","modified_gmt":"2025-01-21T12:24:40","slug":"glandulas-de-limpeza","status":"publish","type":"product","link":"https:\/\/conexmetals.com\/pt-br\/produto\/glandulas-de-limpeza\/","title":{"rendered":"Glandulas de Limpeza"},"content":{"rendered":"","protected":false},"excerpt":{"rendered":"<p><img fetchpriority=\"high\" decoding=\"async\" class=\"alignnone wp-image-13045 size-full lazy loaded\" src=\"https:\/\/conexmetals.com\/wp-content\/uploads\/2023\/08\/BW2-Parts-Cable-Glands-2.webp\" alt=\"BW2-Partes-Prensa-cabos (2)\" width=\"863\" height=\"263\" data-src=\"https:\/\/conexmetals.com\/wp-content\/uploads\/2023\/08\/BW2-Parts-Cable-Glands-2.webp\" data-was-processed=\"true\" srcset=\"https:\/\/conexmetals.com\/wp-content\/uploads\/2023\/08\/BW2-Parts-Cable-Glands-2.webp 863w, https:\/\/conexmetals.com\/wp-content\/uploads\/2023\/08\/BW2-Parts-Cable-Glands-2-300x91.webp 300w, https:\/\/conexmetals.com\/wp-content\/uploads\/2023\/08\/BW2-Parts-Cable-Glands-2-768x234.webp 768w, https:\/\/conexmetals.com\/wp-content\/uploads\/2023\/08\/BW2-Parts-Cable-Glands-2-700x213.webp 700w\" sizes=\"(max-width: 863px) 100vw, 863px\" \/><\/p>\n<p><img decoding=\"async\" class=\"alignnone wp-image-13050 size-full lazy loaded\" src=\"https:\/\/conexmetals.com\/wp-content\/uploads\/2023\/08\/BW2-Parts-Cable-Glands-2-1.webp\" alt=\"BW2-Partes-Prensa-Cabos 2 (1)\" width=\"863\" height=\"350\" data-src=\"https:\/\/conexmetals.com\/wp-content\/uploads\/2023\/08\/BW2-Parts-Cable-Glands-2-1.webp\" data-was-processed=\"true\" srcset=\"https:\/\/conexmetals.com\/wp-content\/uploads\/2023\/08\/BW2-Parts-Cable-Glands-2-1.webp 863w, https:\/\/conexmetals.com\/wp-content\/uploads\/2023\/08\/BW2-Parts-Cable-Glands-2-1-300x122.webp 300w, https:\/\/conexmetals.com\/wp-content\/uploads\/2023\/08\/BW2-Parts-Cable-Glands-2-1-768x311.webp 768w, https:\/\/conexmetals.com\/wp-content\/uploads\/2023\/08\/BW2-Parts-Cable-Glands-2-1-700x284.webp 700w\" sizes=\"(max-width: 863px) 100vw, 863px\" \/><\/p>\n<table id=\"tablepress-414\" class=\"tablepress tablepress-id-414\">\n<caption>\u00a0<\/caption>\n<thead>\n<tr class=\"row-1 odd\">\n<th class=\"column-1\" colspan=\"12\"><strong><span>Ficha T\u00e9cnica<\/span><\/strong><\/th>\n<\/tr>\n<\/thead>\n<tbody class=\"row-hover\">\n<tr class=\"row-2 even\">\n<td class=\"column-1\" rowspan=\"2\"><strong><span>Tamanho da gl\u00e2ndula (tipo)<\/span><\/strong><\/td>\n<td class=\"column-2\" rowspan=\"2\"><strong><span>DIA. Sobre bainha met\u00e1lica de cabo (mm)<\/span><\/strong><\/td>\n<td class=\"column-3\" colspan=\"10\"><strong><span>Di\u00e2metro total &#8216;A&#8217;<\/span><\/strong><\/td>\n<\/tr>\n<tr class=\"row-3 odd\">\n<td class=\"column-3\"><strong><span>UM<\/span><\/strong><\/td>\n<td class=\"column-4\"><strong><span>B<\/span><\/strong><\/td>\n<td class=\"column-5\"><strong><span>E<\/span><\/strong><\/td>\n<td class=\"column-6\"><strong><span>F<\/span><\/strong><\/td>\n<td class=\"column-7\"><strong><span>G<\/span><\/strong><\/td>\n<td class=\"column-8\"><strong><span>E<\/span><\/strong><\/td>\n<td class=\"column-9\"><strong><span>R<\/span><\/strong><\/td>\n<td class=\"column-10\"><strong><span>\u00d8C<\/span><\/strong><\/td>\n<td class=\"column-11\"><strong><span>\u00d8D<\/span><\/strong><\/td>\n<td class=\"column-12\"><strong><span>\u00d8J<\/span><\/strong><\/td>\n<\/tr>\n<tr class=\"row-4 even\">\n<td class=\"column-1\"><span>X<\/span><\/td>\n<td class=\"column-2\"><span>12 a 51<\/span><\/td>\n<td class=\"column-3\"><span>137<\/span><\/td>\n<td class=\"column-4\"><span>90<\/span><\/td>\n<td class=\"column-5\"><span>90<\/span><\/td>\n<td class=\"column-6\"><span>90<\/span><\/td>\n<td class=\"column-7\"><span>66<\/span><\/td>\n<td class=\"column-8\"><span>66<\/span><\/td>\n<td class=\"column-9\"><span>12<\/span><\/td>\n<td class=\"column-10\"><span>60<\/span><\/td>\n<td class=\"column-11\"><span>19<\/span><\/td>\n<td class=\"column-12\"><span>12<\/span><\/td>\n<\/tr>\n<tr class=\"row-5 odd\">\n<td class=\"column-1\"><span>E<\/span><\/td>\n<td class=\"column-2\"><span>25 a 78<\/span><\/td>\n<td class=\"column-3\"><span>155<\/span><\/td>\n<td class=\"column-4\"><span>97<\/span><\/td>\n<td class=\"column-5\"><span>114<\/span><\/td>\n<td class=\"column-6\"><span>123<\/span><\/td>\n<td class=\"column-7\"><span>96<\/span><\/td>\n<td class=\"column-8\"><span>87<\/span><\/td>\n<td class=\"column-9\"><span>12<\/span><\/td>\n<td class=\"column-10\"><span>91<\/span><\/td>\n<td class=\"column-11\"><span>33<\/span><\/td>\n<td class=\"column-12\"><span>14<\/span><\/td>\n<\/tr>\n<tr class=\"row-6 even\">\n<td class=\"column-1\"><span>Z<\/span><\/td>\n<td class=\"column-2\"><span>25 a 94<\/span><\/td>\n<td class=\"column-3\"><span>195<\/span><\/td>\n<td class=\"column-4\"><span>140<\/span><\/td>\n<td class=\"column-5\"><span>190<\/span><\/td>\n<td class=\"column-6\"><span>100<\/span><\/td>\n<td class=\"column-7\"><span>&#8211;<\/span><\/td>\n<td class=\"column-8\"><span>&#8211;<\/span><\/td>\n<td class=\"column-9\"><span>&#8211;<\/span><\/td>\n<td class=\"column-10\"><span>108<\/span><\/td>\n<td class=\"column-11\"><span>32<\/span><\/td>\n<td class=\"column-12\"><span>14<\/span><\/td>\n<\/tr>\n<\/tbody>\n<\/table>\n<p><span>As gl\u00e2ndulas de limpeza, tamb\u00e9m conhecidas como gl\u00e2ndulas de limpeza ou gl\u00e2ndulas de cabo autolimpantes, s\u00e3o um tipo de gl\u00e2ndula de cabo projetadas para fornecer uma a\u00e7\u00e3o de limpeza completa conforme os cabos s\u00e3o inseridos ou retirados de gabinetes ou equipamentos. Essas gl\u00e2ndulas s\u00e3o frequentemente usadas em ambientes onde poeira, sujeira ou outros contaminantes podem se acumular nos cabos e impactar seu desempenho.<\/span><\/p>\n<p><span>Aqui est\u00e3o alguns pontos importantes sobre a limpeza das gl\u00e2ndulas:<\/span><\/p>\n<p><strong><b><span>Fun\u00e7\u00e3o:<\/span><\/b><\/strong><span>\u00a0\u00a0As gl\u00e2ndulas de limpeza desempenham v\u00e1rias fun\u00e7\u00f5es:<\/span><\/p>\n<ol>\n<li><b><\/b><strong><b><span>Entrada de cabos:<\/span><\/b><\/strong><span>\u00a0assim como outros prensa-cabos, os prensa-cabos de limpeza criam um ponto de entrada selado para os cabos nos gabinetes, evitando a entrada de poeira, umidade e contaminantes.<\/span><\/li>\n<li><b><\/b><strong><b><span>A\u00e7\u00e3o de autolimpeza:<\/span><\/b><\/strong><span>\u00a0A caracter\u00edstica \u00fanica dos prensa-cabos de limpeza \u00e9 sua capacidade de limpar o cabo conforme ele \u00e9 inserido ou retirado. O design do prensa-cabos inclui elementos de limpeza ou escovas que removem contaminantes da superf\u00edcie do cabo conforme ele passa pelo prensa-cabos.<\/span><\/li>\n<li><b><\/b><strong><b><span>Al\u00edvio de tens\u00e3o:<\/span><\/b><\/strong><span>\u00a0as gl\u00e2ndulas de limpeza fornecem suporte mec\u00e2nico aos cabos, reduzindo a tens\u00e3o e evitando flex\u00e3o ou tens\u00e3o excessiva no ponto de entrada.<\/span><\/li>\n<\/ol>\n<p><strong><b><span>Caracter\u00edsticas:<\/span><\/b><\/strong><span>\u00a0\u00a0As gl\u00e2ndulas de limpeza geralmente t\u00eam as seguintes caracter\u00edsticas:<\/span><\/p>\n<ol>\n<li><b><\/b><strong><b><span>Elementos de limpeza:<\/span><\/b><\/strong><span>\u00a0essas gl\u00e2ndulas incorporam elementos de limpeza, como escovas ou limpadores, feitos de materiais que podem remover efetivamente contaminantes do cabo.<\/span><\/li>\n<li><b><\/b><strong><b><span>Mecanismo de veda\u00e7\u00e3o:<\/span><\/b><\/strong><span>\u00a0as gl\u00e2ndulas de limpeza tamb\u00e9m incluem mecanismos de veda\u00e7\u00e3o, como juntas de borracha, an\u00e9is de veda\u00e7\u00e3o ou outros materiais de veda\u00e7\u00e3o para criar uma veda\u00e7\u00e3o estanque e \u00e0 prova de intemp\u00e9ries ao redor do cabo.<\/span><\/li>\n<li><b><\/b><strong><b><span>Grande variedade de tamanhos:<\/span><\/b><\/strong><span>\u00a0os prensa-cabos de limpeza v\u00eam em v\u00e1rios tamanhos para acomodar diferentes di\u00e2metros de cabo.<\/span><\/li>\n<\/ol>\n<p><strong><b><span>Aplica\u00e7\u00f5es:<\/span><\/b><\/strong><span>\u00a0\u00a0As gl\u00e2ndulas de limpeza s\u00e3o comumente usadas em ind\u00fastrias onde a limpeza dos cabos \u00e9 crucial para o funcionamento adequado, como em processamento de alimentos, fabrica\u00e7\u00e3o farmac\u00eautica, salas limpas e outros ambientes sens\u00edveis. Elas tamb\u00e9m s\u00e3o usadas em aplica\u00e7\u00f5es externas onde os cabos podem acumular detritos ao longo do tempo.<\/span><\/p>\n","protected":false},"featured_media":13305,"template":"","meta":[],"product_brand":[],"product_cat":[365],"product_tag":[],"class_list":{"0":"post-13487","1":"product","2":"type-product","3":"status-publish","4":"has-post-thumbnail","6":"product_cat-prensa-cabos","8":"first","9":"instock","10":"shipping-taxable","11":"product-type-simple"},"yoast_head":"<!-- This site is optimized with the Yoast SEO plugin v27.3 - https:\/\/yoast.com\/product\/yoast-seo-wordpress\/ -->\n<title>Glandulas de Limpeza<\/title>\n<meta name=\"description\" content=\"Conex Metals oferece Glandulas de Limpeza superiores, incluindo Glandulas de Limpeza de lat\u00e3o, Prensa-Cabos El\u00e9tricas, Prensa-Cabos de Dupla Compress\u00e3o e Prensa-Cabos Pequenas. Como principais fabricantes, exportadores e fornecedores na \u00cdndia, oferecemos acess\u00f3rios para prensa-cabos, contraporcas e prensa-cabos de PVC de primeira linha.\" \/>\n<meta name=\"robots\" content=\"index, follow, max-snippet:-1, max-image-preview:large, max-video-preview:-1\" \/>\n<link rel=\"canonical\" href=\"https:\/\/conexmetals.com\/pt-br\/produto\/glandulas-de-limpeza\/\" \/>\n<script type=\"application\/ld+json\" class=\"yoast-schema-graph\">{\"@context\":\"https:\\\/\\\/schema.org\",\"@graph\":[{\"@type\":\"WebPage\",\"@id\":\"https:\\\/\\\/conexmetals.com\\\/pt-br\\\/produto\\\/glandulas-de-limpeza\\\/\",\"url\":\"https:\\\/\\\/conexmetals.com\\\/pt-br\\\/produto\\\/glandulas-de-limpeza\\\/\",\"name\":\"Glandulas de Limpeza\",\"isPartOf\":{\"@id\":\"https:\\\/\\\/conexmetals.com\\\/pt-br\\\/#website\"},\"primaryImageOfPage\":{\"@id\":\"https:\\\/\\\/conexmetals.com\\\/pt-br\\\/produto\\\/glandulas-de-limpeza\\\/#primaryimage\"},\"image\":{\"@id\":\"https:\\\/\\\/conexmetals.com\\\/pt-br\\\/produto\\\/glandulas-de-limpeza\\\/#primaryimage\"},\"thumbnailUrl\":\"https:\\\/\\\/conexmetals.com\\\/wp-content\\\/uploads\\\/2025\\\/01\\\/Glandulas-de-Limpeza.webp\",\"datePublished\":\"2023-08-18T07:26:40+00:00\",\"dateModified\":\"2025-01-21T12:24:40+00:00\",\"description\":\"Conex Metals oferece Glandulas de Limpeza superiores, incluindo Glandulas de Limpeza de lat\u00e3o, Prensa-Cabos El\u00e9tricas, Prensa-Cabos de Dupla Compress\u00e3o e Prensa-Cabos Pequenas. Como principais fabricantes, exportadores e fornecedores na \u00cdndia, oferecemos acess\u00f3rios para prensa-cabos, contraporcas e prensa-cabos de PVC de primeira linha.\",\"breadcrumb\":{\"@id\":\"https:\\\/\\\/conexmetals.com\\\/pt-br\\\/produto\\\/glandulas-de-limpeza\\\/#breadcrumb\"},\"inLanguage\":\"pt-BR\",\"potentialAction\":[{\"@type\":\"ReadAction\",\"target\":[\"https:\\\/\\\/conexmetals.com\\\/pt-br\\\/produto\\\/glandulas-de-limpeza\\\/\"]}]},{\"@type\":\"ImageObject\",\"inLanguage\":\"pt-BR\",\"@id\":\"https:\\\/\\\/conexmetals.com\\\/pt-br\\\/produto\\\/glandulas-de-limpeza\\\/#primaryimage\",\"url\":\"https:\\\/\\\/conexmetals.com\\\/wp-content\\\/uploads\\\/2025\\\/01\\\/Glandulas-de-Limpeza.webp\",\"contentUrl\":\"https:\\\/\\\/conexmetals.com\\\/wp-content\\\/uploads\\\/2025\\\/01\\\/Glandulas-de-Limpeza.webp\",\"width\":350,\"height\":350,\"caption\":\"Glandulas de Limpeza\"},{\"@type\":\"BreadcrumbList\",\"@id\":\"https:\\\/\\\/conexmetals.com\\\/pt-br\\\/produto\\\/glandulas-de-limpeza\\\/#breadcrumb\",\"itemListElement\":[{\"@type\":\"ListItem\",\"position\":1,\"name\":\"Home\",\"item\":\"https:\\\/\\\/conexmetals.com\\\/pt-br\\\/lar\\\/\"},{\"@type\":\"ListItem\",\"position\":2,\"name\":\"Products\",\"item\":\"https:\\\/\\\/conexmetals.com\\\/products\\\/\"},{\"@type\":\"ListItem\",\"position\":3,\"name\":\"Glandulas de Limpeza\"}]},{\"@type\":\"WebSite\",\"@id\":\"https:\\\/\\\/conexmetals.com\\\/pt-br\\\/#website\",\"url\":\"https:\\\/\\\/conexmetals.com\\\/pt-br\\\/\",\"name\":\"Conex Metals Brass Fittings Brass Parts Copper Parts Brass Components Brass Plumbing Fittings India\",\"description\":\"Manufacturer of Bronze Fittings casting Copper Brass parts components\",\"publisher\":{\"@id\":\"https:\\\/\\\/conexmetals.com\\\/pt-br\\\/#organization\"},\"potentialAction\":[{\"@type\":\"SearchAction\",\"target\":{\"@type\":\"EntryPoint\",\"urlTemplate\":\"https:\\\/\\\/conexmetals.com\\\/pt-br\\\/?s={search_term_string}\"},\"query-input\":{\"@type\":\"PropertyValueSpecification\",\"valueRequired\":true,\"valueName\":\"search_term_string\"}}],\"inLanguage\":\"pt-BR\"},{\"@type\":\"Organization\",\"@id\":\"https:\\\/\\\/conexmetals.com\\\/pt-br\\\/#organization\",\"name\":\"Conex Metals Brass Fittings Brass Parts Copper Parts Brass Components Brass Plumbing Fittings India\",\"url\":\"https:\\\/\\\/conexmetals.com\\\/pt-br\\\/\",\"logo\":{\"@type\":\"ImageObject\",\"inLanguage\":\"pt-BR\",\"@id\":\"https:\\\/\\\/conexmetals.com\\\/pt-br\\\/#\\\/schema\\\/logo\\\/image\\\/\",\"url\":\"https:\\\/\\\/conexmetals.com\\\/wp-content\\\/uploads\\\/2024\\\/03\\\/conex-metals-logo.webp\",\"contentUrl\":\"https:\\\/\\\/conexmetals.com\\\/wp-content\\\/uploads\\\/2024\\\/03\\\/conex-metals-logo.webp\",\"width\":300,\"height\":121,\"caption\":\"Conex Metals Brass Fittings Brass Parts Copper Parts Brass Components Brass Plumbing Fittings India\"},\"image\":{\"@id\":\"https:\\\/\\\/conexmetals.com\\\/pt-br\\\/#\\\/schema\\\/logo\\\/image\\\/\"},\"sameAs\":[\"https:\\\/\\\/www.facebook.com\\\/conexbrass\",\"https:\\\/\\\/x.com\\\/conexindia\",\"https:\\\/\\\/www.linkedin.com\\\/company\\\/conex-metals-india\\\/\",\"https:\\\/\\\/www.instagram.com\\\/conexindia\\\/\"]}]}<\/script>\n<!-- \/ Yoast SEO plugin. -->","yoast_head_json":{"title":"Glandulas de Limpeza","description":"Conex Metals oferece Glandulas de Limpeza superiores, incluindo Glandulas de Limpeza de lat\u00e3o, Prensa-Cabos El\u00e9tricas, Prensa-Cabos de Dupla Compress\u00e3o e Prensa-Cabos Pequenas. Como principais fabricantes, exportadores e fornecedores na \u00cdndia, oferecemos acess\u00f3rios para prensa-cabos, contraporcas e prensa-cabos de PVC de primeira linha.","robots":{"index":"index","follow":"follow","max-snippet":"max-snippet:-1","max-image-preview":"max-image-preview:large","max-video-preview":"max-video-preview:-1"},"canonical":"https:\/\/conexmetals.com\/pt-br\/produto\/glandulas-de-limpeza\/","schema":{"@context":"https:\/\/schema.org","@graph":[{"@type":"WebPage","@id":"https:\/\/conexmetals.com\/pt-br\/produto\/glandulas-de-limpeza\/","url":"https:\/\/conexmetals.com\/pt-br\/produto\/glandulas-de-limpeza\/","name":"Glandulas de Limpeza","isPartOf":{"@id":"https:\/\/conexmetals.com\/pt-br\/#website"},"primaryImageOfPage":{"@id":"https:\/\/conexmetals.com\/pt-br\/produto\/glandulas-de-limpeza\/#primaryimage"},"image":{"@id":"https:\/\/conexmetals.com\/pt-br\/produto\/glandulas-de-limpeza\/#primaryimage"},"thumbnailUrl":"https:\/\/conexmetals.com\/wp-content\/uploads\/2025\/01\/Glandulas-de-Limpeza.webp","datePublished":"2023-08-18T07:26:40+00:00","dateModified":"2025-01-21T12:24:40+00:00","description":"Conex Metals oferece Glandulas de Limpeza superiores, incluindo Glandulas de Limpeza de lat\u00e3o, Prensa-Cabos El\u00e9tricas, Prensa-Cabos de Dupla Compress\u00e3o e Prensa-Cabos Pequenas. Como principais fabricantes, exportadores e fornecedores na \u00cdndia, oferecemos acess\u00f3rios para prensa-cabos, contraporcas e prensa-cabos de PVC de primeira linha.","breadcrumb":{"@id":"https:\/\/conexmetals.com\/pt-br\/produto\/glandulas-de-limpeza\/#breadcrumb"},"inLanguage":"pt-BR","potentialAction":[{"@type":"ReadAction","target":["https:\/\/conexmetals.com\/pt-br\/produto\/glandulas-de-limpeza\/"]}]},{"@type":"ImageObject","inLanguage":"pt-BR","@id":"https:\/\/conexmetals.com\/pt-br\/produto\/glandulas-de-limpeza\/#primaryimage","url":"https:\/\/conexmetals.com\/wp-content\/uploads\/2025\/01\/Glandulas-de-Limpeza.webp","contentUrl":"https:\/\/conexmetals.com\/wp-content\/uploads\/2025\/01\/Glandulas-de-Limpeza.webp","width":350,"height":350,"caption":"Glandulas de Limpeza"},{"@type":"BreadcrumbList","@id":"https:\/\/conexmetals.com\/pt-br\/produto\/glandulas-de-limpeza\/#breadcrumb","itemListElement":[{"@type":"ListItem","position":1,"name":"Home","item":"https:\/\/conexmetals.com\/pt-br\/lar\/"},{"@type":"ListItem","position":2,"name":"Products","item":"https:\/\/conexmetals.com\/products\/"},{"@type":"ListItem","position":3,"name":"Glandulas de Limpeza"}]},{"@type":"WebSite","@id":"https:\/\/conexmetals.com\/pt-br\/#website","url":"https:\/\/conexmetals.com\/pt-br\/","name":"Conex Metals Brass Fittings Brass Parts Copper Parts Brass Components Brass Plumbing Fittings India","description":"Manufacturer of Bronze Fittings casting Copper Brass parts components","publisher":{"@id":"https:\/\/conexmetals.com\/pt-br\/#organization"},"potentialAction":[{"@type":"SearchAction","target":{"@type":"EntryPoint","urlTemplate":"https:\/\/conexmetals.com\/pt-br\/?s={search_term_string}"},"query-input":{"@type":"PropertyValueSpecification","valueRequired":true,"valueName":"search_term_string"}}],"inLanguage":"pt-BR"},{"@type":"Organization","@id":"https:\/\/conexmetals.com\/pt-br\/#organization","name":"Conex Metals Brass Fittings Brass Parts Copper Parts Brass Components Brass Plumbing Fittings India","url":"https:\/\/conexmetals.com\/pt-br\/","logo":{"@type":"ImageObject","inLanguage":"pt-BR","@id":"https:\/\/conexmetals.com\/pt-br\/#\/schema\/logo\/image\/","url":"https:\/\/conexmetals.com\/wp-content\/uploads\/2024\/03\/conex-metals-logo.webp","contentUrl":"https:\/\/conexmetals.com\/wp-content\/uploads\/2024\/03\/conex-metals-logo.webp","width":300,"height":121,"caption":"Conex Metals Brass Fittings Brass Parts Copper Parts Brass Components Brass Plumbing Fittings India"},"image":{"@id":"https:\/\/conexmetals.com\/pt-br\/#\/schema\/logo\/image\/"},"sameAs":["https:\/\/www.facebook.com\/conexbrass","https:\/\/x.com\/conexindia","https:\/\/www.linkedin.com\/company\/conex-metals-india\/","https:\/\/www.instagram.com\/conexindia\/"]}]}},"_links":{"self":[{"href":"https:\/\/conexmetals.com\/pt-br\/wp-json\/wp\/v2\/product\/13487","targetHints":{"allow":["GET"]}}],"collection":[{"href":"https:\/\/conexmetals.com\/pt-br\/wp-json\/wp\/v2\/product"}],"about":[{"href":"https:\/\/conexmetals.com\/pt-br\/wp-json\/wp\/v2\/types\/product"}],"wp:featuredmedia":[{"embeddable":true,"href":"https:\/\/conexmetals.com\/pt-br\/wp-json\/wp\/v2\/media\/13305"}],"wp:attachment":[{"href":"https:\/\/conexmetals.com\/pt-br\/wp-json\/wp\/v2\/media?parent=13487"}],"wp:term":[{"taxonomy":"product_brand","embeddable":true,"href":"https:\/\/conexmetals.com\/pt-br\/wp-json\/wp\/v2\/product_brand?post=13487"},{"taxonomy":"product_cat","embeddable":true,"href":"https:\/\/conexmetals.com\/pt-br\/wp-json\/wp\/v2\/product_cat?post=13487"},{"taxonomy":"product_tag","embeddable":true,"href":"https:\/\/conexmetals.com\/pt-br\/wp-json\/wp\/v2\/product_tag?post=13487"}],"curies":[{"name":"wp","href":"https:\/\/api.w.org\/{rel}","templated":true}]}}