{"id":14894,"date":"2023-08-18T08:04:05","date_gmt":"2023-08-18T02:34:05","guid":{"rendered":"https:\/\/conexmetals.com\/?post_type=product&#038;p=14894"},"modified":"2025-06-06T12:14:53","modified_gmt":"2025-06-06T06:44:53","slug":"parafusos-de-encadernacao-de-latao-chicago-screws","status":"publish","type":"product","link":"https:\/\/conexmetals.com\/pt-br\/produto\/parafusos-de-encadernacao-de-latao-chicago-screws\/","title":{"rendered":"Parafusos de encaderna\u00e7\u00e3o de lat\u00e3o (Chicago Screws)"},"content":{"rendered":"","protected":false},"excerpt":{"rendered":"<p><img decoding=\"async\" class=\"alignnone size-medium wp-image-13496 entered litespeed-loaded\" src=\"https:\/\/conexmetals.com\/wp-content\/uploads\/2023\/08\/Binding-Screws-300x134.png\" alt=\"Desenho de linha de parafusos de encaderna\u00e7\u00e3o\" width=\"300\" height=\"134\" data-lazyloaded=\"1\" data-placeholder-resp=\"300x134\" data-src=\"https:\/\/conexmetals.com\/wp-content\/uploads\/2023\/08\/Binding-Screws-300x134.png\" data-ll-status=\"loaded\" srcset=\"https:\/\/conexmetals.com\/wp-content\/uploads\/2023\/08\/Binding-Screws-300x134.png 300w, https:\/\/conexmetals.com\/wp-content\/uploads\/2023\/08\/Binding-Screws.png 311w\" sizes=\"(max-width: 300px) 100vw, 300px\" \/><\/p>\n<table id=\"tablepress-426\" class=\"tablepress tablepress-id-426\">\n<thead>\n<tr class=\"row-1\">\n<th class=\"column-1\" colspan=\"4\"><strong>Folha de dados de parafusos de encaderna\u00e7\u00e3o de lat\u00e3o<\/strong><\/th>\n<\/tr>\n<\/thead>\n<tbody class=\"row-striping row-hover\">\n<tr class=\"row-2\">\n<td class=\"column-1\"><strong>eu<\/strong><\/td>\n<td class=\"column-2\"><strong>UM<\/strong><\/td>\n<td class=\"column-3\"><strong>H<\/strong><\/td>\n<td class=\"column-4\"><strong>D1<\/strong><\/td>\n<\/tr>\n<tr class=\"row-3\">\n<td class=\"column-1\">3\/16&#8243;<\/td>\n<td class=\"column-2\">0,413&#8243;<\/td>\n<td class=\"column-3\">0,080&#8243;<\/td>\n<td class=\"column-4\">Rosca 8-32<\/td>\n<\/tr>\n<tr class=\"row-4\">\n<td class=\"column-1\">5\/16&#8243;<\/td>\n<td class=\"column-2\">0,413&#8243;<\/td>\n<td class=\"column-3\">0,080&#8243;<\/td>\n<td class=\"column-4\">Rosca 8-32<\/td>\n<\/tr>\n<\/tbody>\n<\/table>\n<p>Parafusos de Lat\u00e3o para Encaderna\u00e7\u00e3o, tamb\u00e9m conhecidos como Parafusos Chicago, s\u00e3o fixadores de duas partes, compostos por um parafuso macho e uma haste f\u00eamea. Eles s\u00e3o projetados para encadernar com seguran\u00e7a materiais como documentos, artigos de couro e diversos artesanatos, oferecendo funcionalidade e apelo est\u00e9tico. Somos um dos maiores fabricantes e fornecedores de Parafusos de Lat\u00e3o para Encaderna\u00e7\u00e3o da \u00cdndia. Nossa f\u00e1brica em Jamnagar, \u00cdndia, oferece uma ampla gama de Parafusos de Lat\u00e3o para Encaderna\u00e7\u00e3o e exportamos nossos produtos para alguns dos mercados mais exigentes em termos de qualidade do mundo.<\/p>\n<p><strong>Principais caracter\u00edsticas dos parafusos de encaderna\u00e7\u00e3o de lat\u00e3o:<\/strong><\/p>\n<ul>\n<li><strong>Material:<\/strong>\u00a0Normalmente feitos de lat\u00e3o maci\u00e7o, esses parafusos oferecem excelente resist\u00eancia \u00e0 corros\u00e3o e uma apar\u00eancia dourada distinta. Algumas variantes s\u00e3o revestidas de lat\u00e3o sobre a\u00e7o para combinar resist\u00eancia com apelo visual.<\/li>\n<li><strong>Design:<\/strong>\u00a0Consiste em um parafuso macho e uma haste f\u00eamea, ambos com cabe\u00e7as que fixam os materiais. As cabe\u00e7as geralmente t\u00eam um design ranhurado ou abobadado para facilitar a montagem e um acabamento de perfil baixo.\n<div class=\"relative inline-flex items-center\"><\/div>\n<\/li>\n<\/ul>\n<p><strong>Especifica\u00e7\u00f5es t\u00e9cnicas de parafusos de encaderna\u00e7\u00e3o de lat\u00e3o:<\/strong><\/p>\n<table>\n<thead>\n<tr>\n<th>Par\u00e2metro<\/th>\n<th>Especifica\u00e7\u00e3o<\/th>\n<\/tr>\n<\/thead>\n<tbody>\n<tr>\n<td>Di\u00e2metro da cabe\u00e7a<\/td>\n<td>9,5 mil\u00edmetros<\/td>\n<\/tr>\n<tr>\n<td>Di\u00e2metro do eixo<\/td>\n<td>5 mil\u00edmetros<\/td>\n<\/tr>\n<tr>\n<td>Comprimento do cano<\/td>\n<td>15 mil\u00edmetros<\/td>\n<\/tr>\n<tr>\n<td>Material<\/td>\n<td>A\u00e7o Latonado<\/td>\n<\/tr>\n<tr>\n<td>Tipo de unidade<\/td>\n<td>Fenda<\/td>\n<\/tr>\n<\/tbody>\n<\/table>\n<p><em>Observa\u00e7\u00e3o: as especifica\u00e7\u00f5es podem variar de acordo com o fabricante e as linhas de produtos espec\u00edficas.<\/em><\/p>\n<p>&nbsp;<\/p>\n<p><strong>Aplica\u00e7\u00f5es:<\/strong><\/p>\n<ul>\n<li><strong>Encaderna\u00e7\u00e3o:<\/strong>\u00a0Ideal para encadernar folhas soltas, criar card\u00e1pios, folhetos e amostras.<\/li>\n<li><strong>Trabalhos em couro:<\/strong>\u00a0comumente usados \u200b\u200bem cintos, tiras e outros acess\u00f3rios de couro para proporcionar uma fixa\u00e7\u00e3o segura e decorativa.<\/li>\n<li><strong>Projetos de artesanato e fa\u00e7a voc\u00ea mesmo:<\/strong>\u00a0adequados para v\u00e1rios projetos que exigem uma combina\u00e7\u00e3o de funcionalidade e apelo est\u00e9tico.<\/li>\n<\/ul>\n<p>&nbsp;<\/p>\n<p><strong>Vantagens:<\/strong><\/p>\n<ul>\n<li><strong>Reutiliza\u00e7\u00e3o:<\/strong>\u00a0F\u00e1cil de montar e desmontar, permitindo atualiza\u00e7\u00f5es ou modifica\u00e7\u00f5es em materiais encadernados.<\/li>\n<li><strong>Apelo est\u00e9tico:<\/strong>\u00a0o acabamento em lat\u00e3o acrescenta um toque decorativo aos projetos, melhorando sua apar\u00eancia geral.<\/li>\n<li><strong>Durabilidade:<\/strong>\u00a0A constru\u00e7\u00e3o em lat\u00e3o garante longevidade e resist\u00eancia \u00e0 corros\u00e3o, tornando-os adequados para uso a longo prazo.<\/li>\n<\/ul>\n<p>&nbsp;<\/p>\n<p>Ao escolher nossos parafusos de encaderna\u00e7\u00e3o de lat\u00e3o, voc\u00ea est\u00e1 investindo em solu\u00e7\u00f5es de fixa\u00e7\u00e3o confi\u00e1veis, dur\u00e1veis \u200b\u200be visualmente atraentes, adaptadas para atender \u00e0s demandas de diversas aplica\u00e7\u00f5es de encaderna\u00e7\u00e3o e fixa\u00e7\u00e3o.<\/p>\n","protected":false},"featured_media":13731,"template":"","meta":[],"product_brand":[],"product_cat":[425],"product_tag":[],"class_list":{"0":"post-14894","1":"product","2":"type-product","3":"status-publish","4":"has-post-thumbnail","6":"product_cat-parafusos-e-buchas-de-latao","8":"first","9":"instock","10":"shipping-taxable","11":"product-type-simple"},"yoast_head":"<!-- This site is optimized with the Yoast SEO plugin v25.9 - https:\/\/yoast.com\/wordpress\/plugins\/seo\/ -->\n<title>Parafusos de encaderna\u00e7\u00e3o de lat\u00e3o (Chicago Screws)<\/title>\n<meta name=\"description\" content=\"A Conex Metals oferece uma variedade de parafusos de encaderna\u00e7\u00e3o, incluindo Parafusos Chicago de Lat\u00e3o, Parafusos de Press\u00e3o de Lat\u00e3o e Parafusos de Press\u00e3o com Fenda de A\u00e7o Inoxid\u00e1vel. Nossos Parafusos Chicago, tanto de lat\u00e3o quanto de a\u00e7o inoxid\u00e1vel, s\u00e3o populares entre fabricantes, exportadores e fornecedores na \u00cdndia. Orgulhamo-nos de ser um fabricante e exportador l\u00edder, atendendo \u00e0s necessidades dos nossos clientes com produtos de alta qualidade como Parafusos Chicago de Lat\u00e3o e Parafusos de Press\u00e3o de Lat\u00e3o.\" \/>\n<meta name=\"robots\" content=\"index, follow, max-snippet:-1, max-image-preview:large, max-video-preview:-1\" \/>\n<link rel=\"canonical\" href=\"https:\/\/conexmetals.com\/pt-br\/produto\/parafusos-de-encadernacao-de-latao-chicago-screws\/\" \/>\n<script type=\"application\/ld+json\" class=\"yoast-schema-graph\">{\"@context\":\"https:\/\/schema.org\",\"@graph\":[{\"@type\":\"WebPage\",\"@id\":\"https:\/\/conexmetals.com\/pt-br\/produto\/parafusos-de-encadernacao-de-latao-chicago-screws\/\",\"url\":\"https:\/\/conexmetals.com\/pt-br\/produto\/parafusos-de-encadernacao-de-latao-chicago-screws\/\",\"name\":\"Parafusos de encaderna\u00e7\u00e3o de lat\u00e3o (Chicago Screws)\",\"isPartOf\":{\"@id\":\"https:\/\/conexmetals.com\/pt-br\/#website\"},\"primaryImageOfPage\":{\"@id\":\"https:\/\/conexmetals.com\/pt-br\/produto\/parafusos-de-encadernacao-de-latao-chicago-screws\/#primaryimage\"},\"image\":{\"@id\":\"https:\/\/conexmetals.com\/pt-br\/produto\/parafusos-de-encadernacao-de-latao-chicago-screws\/#primaryimage\"},\"thumbnailUrl\":\"https:\/\/conexmetals.com\/wp-content\/uploads\/2025\/06\/Parafusos-de-encadernacao-Parafusos-Chicago.webp\",\"datePublished\":\"2023-08-18T02:34:05+00:00\",\"dateModified\":\"2025-06-06T06:44:53+00:00\",\"description\":\"A Conex Metals oferece uma variedade de parafusos de encaderna\u00e7\u00e3o, incluindo Parafusos Chicago de Lat\u00e3o, Parafusos de Press\u00e3o de Lat\u00e3o e Parafusos de Press\u00e3o com Fenda de A\u00e7o Inoxid\u00e1vel. Nossos Parafusos Chicago, tanto de lat\u00e3o quanto de a\u00e7o inoxid\u00e1vel, s\u00e3o populares entre fabricantes, exportadores e fornecedores na \u00cdndia. Orgulhamo-nos de ser um fabricante e exportador l\u00edder, atendendo \u00e0s necessidades dos nossos clientes com produtos de alta qualidade como Parafusos Chicago de Lat\u00e3o e Parafusos de Press\u00e3o de Lat\u00e3o.\",\"breadcrumb\":{\"@id\":\"https:\/\/conexmetals.com\/pt-br\/produto\/parafusos-de-encadernacao-de-latao-chicago-screws\/#breadcrumb\"},\"inLanguage\":\"pt-BR\",\"potentialAction\":[{\"@type\":\"ReadAction\",\"target\":[\"https:\/\/conexmetals.com\/pt-br\/produto\/parafusos-de-encadernacao-de-latao-chicago-screws\/\"]}]},{\"@type\":\"ImageObject\",\"inLanguage\":\"pt-BR\",\"@id\":\"https:\/\/conexmetals.com\/pt-br\/produto\/parafusos-de-encadernacao-de-latao-chicago-screws\/#primaryimage\",\"url\":\"https:\/\/conexmetals.com\/wp-content\/uploads\/2025\/06\/Parafusos-de-encadernacao-Parafusos-Chicago.webp\",\"contentUrl\":\"https:\/\/conexmetals.com\/wp-content\/uploads\/2025\/06\/Parafusos-de-encadernacao-Parafusos-Chicago.webp\",\"width\":350,\"height\":350,\"caption\":\"Parafusos de encaderna\u00e7\u00e3o Parafusos Chicago\"},{\"@type\":\"BreadcrumbList\",\"@id\":\"https:\/\/conexmetals.com\/pt-br\/produto\/parafusos-de-encadernacao-de-latao-chicago-screws\/#breadcrumb\",\"itemListElement\":[{\"@type\":\"ListItem\",\"position\":1,\"name\":\"Home\",\"item\":\"https:\/\/conexmetals.com\/pt-br\/\"},{\"@type\":\"ListItem\",\"position\":2,\"name\":\"Produtos\",\"item\":\"https:\/\/conexmetals.com\/pt-br\/produtos\/\"},{\"@type\":\"ListItem\",\"position\":3,\"name\":\"Parafusos de encaderna\u00e7\u00e3o de lat\u00e3o (Chicago Screws)\"}]},{\"@type\":\"WebSite\",\"@id\":\"https:\/\/conexmetals.com\/pt-br\/#website\",\"url\":\"https:\/\/conexmetals.com\/pt-br\/\",\"name\":\"Conex Metals Brass Fittings Brass Parts Copper Parts Brass Components Brass Plumbing Fittings India\",\"description\":\"Manufacturer of Bronze Fittings casting Copper Brass parts components\",\"publisher\":{\"@id\":\"https:\/\/conexmetals.com\/pt-br\/#organization\"},\"potentialAction\":[{\"@type\":\"SearchAction\",\"target\":{\"@type\":\"EntryPoint\",\"urlTemplate\":\"https:\/\/conexmetals.com\/pt-br\/?s={search_term_string}\"},\"query-input\":{\"@type\":\"PropertyValueSpecification\",\"valueRequired\":true,\"valueName\":\"search_term_string\"}}],\"inLanguage\":\"pt-BR\"},{\"@type\":\"Organization\",\"@id\":\"https:\/\/conexmetals.com\/pt-br\/#organization\",\"name\":\"Conex Metals Brass Fittings Brass Parts Copper Parts Brass Components Brass Plumbing Fittings India\",\"url\":\"https:\/\/conexmetals.com\/pt-br\/\",\"logo\":{\"@type\":\"ImageObject\",\"inLanguage\":\"pt-BR\",\"@id\":\"https:\/\/conexmetals.com\/pt-br\/#\/schema\/logo\/image\/\",\"url\":\"https:\/\/conexmetals.com\/wp-content\/uploads\/2025\/05\/conex-metals-logo.webp\",\"contentUrl\":\"https:\/\/conexmetals.com\/wp-content\/uploads\/2025\/05\/conex-metals-logo.webp\",\"width\":300,\"height\":121,\"caption\":\"Conex Metals Brass Fittings Brass Parts Copper Parts Brass Components Brass Plumbing Fittings India\"},\"image\":{\"@id\":\"https:\/\/conexmetals.com\/pt-br\/#\/schema\/logo\/image\/\"},\"sameAs\":[\"https:\/\/www.facebook.com\/conexbrass\",\"https:\/\/x.com\/conexindia\",\"https:\/\/www.linkedin.com\/company\/conex-metals-india\/\",\"https:\/\/www.instagram.com\/conexindia\/\"]}]}<\/script>\n<!-- \/ Yoast SEO plugin. -->","yoast_head_json":{"title":"Parafusos de encaderna\u00e7\u00e3o de lat\u00e3o (Chicago Screws)","description":"A Conex Metals oferece uma variedade de parafusos de encaderna\u00e7\u00e3o, incluindo Parafusos Chicago de Lat\u00e3o, Parafusos de Press\u00e3o de Lat\u00e3o e Parafusos de Press\u00e3o com Fenda de A\u00e7o Inoxid\u00e1vel. Nossos Parafusos Chicago, tanto de lat\u00e3o quanto de a\u00e7o inoxid\u00e1vel, s\u00e3o populares entre fabricantes, exportadores e fornecedores na \u00cdndia. Orgulhamo-nos de ser um fabricante e exportador l\u00edder, atendendo \u00e0s necessidades dos nossos clientes com produtos de alta qualidade como Parafusos Chicago de Lat\u00e3o e Parafusos de Press\u00e3o de Lat\u00e3o.","robots":{"index":"index","follow":"follow","max-snippet":"max-snippet:-1","max-image-preview":"max-image-preview:large","max-video-preview":"max-video-preview:-1"},"canonical":"https:\/\/conexmetals.com\/pt-br\/produto\/parafusos-de-encadernacao-de-latao-chicago-screws\/","schema":{"@context":"https:\/\/schema.org","@graph":[{"@type":"WebPage","@id":"https:\/\/conexmetals.com\/pt-br\/produto\/parafusos-de-encadernacao-de-latao-chicago-screws\/","url":"https:\/\/conexmetals.com\/pt-br\/produto\/parafusos-de-encadernacao-de-latao-chicago-screws\/","name":"Parafusos de encaderna\u00e7\u00e3o de lat\u00e3o (Chicago Screws)","isPartOf":{"@id":"https:\/\/conexmetals.com\/pt-br\/#website"},"primaryImageOfPage":{"@id":"https:\/\/conexmetals.com\/pt-br\/produto\/parafusos-de-encadernacao-de-latao-chicago-screws\/#primaryimage"},"image":{"@id":"https:\/\/conexmetals.com\/pt-br\/produto\/parafusos-de-encadernacao-de-latao-chicago-screws\/#primaryimage"},"thumbnailUrl":"https:\/\/conexmetals.com\/wp-content\/uploads\/2025\/06\/Parafusos-de-encadernacao-Parafusos-Chicago.webp","datePublished":"2023-08-18T02:34:05+00:00","dateModified":"2025-06-06T06:44:53+00:00","description":"A Conex Metals oferece uma variedade de parafusos de encaderna\u00e7\u00e3o, incluindo Parafusos Chicago de Lat\u00e3o, Parafusos de Press\u00e3o de Lat\u00e3o e Parafusos de Press\u00e3o com Fenda de A\u00e7o Inoxid\u00e1vel. Nossos Parafusos Chicago, tanto de lat\u00e3o quanto de a\u00e7o inoxid\u00e1vel, s\u00e3o populares entre fabricantes, exportadores e fornecedores na \u00cdndia. Orgulhamo-nos de ser um fabricante e exportador l\u00edder, atendendo \u00e0s necessidades dos nossos clientes com produtos de alta qualidade como Parafusos Chicago de Lat\u00e3o e Parafusos de Press\u00e3o de Lat\u00e3o.","breadcrumb":{"@id":"https:\/\/conexmetals.com\/pt-br\/produto\/parafusos-de-encadernacao-de-latao-chicago-screws\/#breadcrumb"},"inLanguage":"pt-BR","potentialAction":[{"@type":"ReadAction","target":["https:\/\/conexmetals.com\/pt-br\/produto\/parafusos-de-encadernacao-de-latao-chicago-screws\/"]}]},{"@type":"ImageObject","inLanguage":"pt-BR","@id":"https:\/\/conexmetals.com\/pt-br\/produto\/parafusos-de-encadernacao-de-latao-chicago-screws\/#primaryimage","url":"https:\/\/conexmetals.com\/wp-content\/uploads\/2025\/06\/Parafusos-de-encadernacao-Parafusos-Chicago.webp","contentUrl":"https:\/\/conexmetals.com\/wp-content\/uploads\/2025\/06\/Parafusos-de-encadernacao-Parafusos-Chicago.webp","width":350,"height":350,"caption":"Parafusos de encaderna\u00e7\u00e3o Parafusos Chicago"},{"@type":"BreadcrumbList","@id":"https:\/\/conexmetals.com\/pt-br\/produto\/parafusos-de-encadernacao-de-latao-chicago-screws\/#breadcrumb","itemListElement":[{"@type":"ListItem","position":1,"name":"Home","item":"https:\/\/conexmetals.com\/pt-br\/"},{"@type":"ListItem","position":2,"name":"Produtos","item":"https:\/\/conexmetals.com\/pt-br\/produtos\/"},{"@type":"ListItem","position":3,"name":"Parafusos de encaderna\u00e7\u00e3o de lat\u00e3o (Chicago Screws)"}]},{"@type":"WebSite","@id":"https:\/\/conexmetals.com\/pt-br\/#website","url":"https:\/\/conexmetals.com\/pt-br\/","name":"Conex Metals Brass Fittings Brass Parts Copper Parts Brass Components Brass Plumbing Fittings India","description":"Manufacturer of Bronze Fittings casting Copper Brass parts components","publisher":{"@id":"https:\/\/conexmetals.com\/pt-br\/#organization"},"potentialAction":[{"@type":"SearchAction","target":{"@type":"EntryPoint","urlTemplate":"https:\/\/conexmetals.com\/pt-br\/?s={search_term_string}"},"query-input":{"@type":"PropertyValueSpecification","valueRequired":true,"valueName":"search_term_string"}}],"inLanguage":"pt-BR"},{"@type":"Organization","@id":"https:\/\/conexmetals.com\/pt-br\/#organization","name":"Conex Metals Brass Fittings Brass Parts Copper Parts Brass Components Brass Plumbing Fittings India","url":"https:\/\/conexmetals.com\/pt-br\/","logo":{"@type":"ImageObject","inLanguage":"pt-BR","@id":"https:\/\/conexmetals.com\/pt-br\/#\/schema\/logo\/image\/","url":"https:\/\/conexmetals.com\/wp-content\/uploads\/2025\/05\/conex-metals-logo.webp","contentUrl":"https:\/\/conexmetals.com\/wp-content\/uploads\/2025\/05\/conex-metals-logo.webp","width":300,"height":121,"caption":"Conex Metals Brass Fittings Brass Parts Copper Parts Brass Components Brass Plumbing Fittings India"},"image":{"@id":"https:\/\/conexmetals.com\/pt-br\/#\/schema\/logo\/image\/"},"sameAs":["https:\/\/www.facebook.com\/conexbrass","https:\/\/x.com\/conexindia","https:\/\/www.linkedin.com\/company\/conex-metals-india\/","https:\/\/www.instagram.com\/conexindia\/"]}]}},"_links":{"self":[{"href":"https:\/\/conexmetals.com\/pt-br\/wp-json\/wp\/v2\/product\/14894","targetHints":{"allow":["GET"]}}],"collection":[{"href":"https:\/\/conexmetals.com\/pt-br\/wp-json\/wp\/v2\/product"}],"about":[{"href":"https:\/\/conexmetals.com\/pt-br\/wp-json\/wp\/v2\/types\/product"}],"wp:featuredmedia":[{"embeddable":true,"href":"https:\/\/conexmetals.com\/pt-br\/wp-json\/wp\/v2\/media\/13731"}],"wp:attachment":[{"href":"https:\/\/conexmetals.com\/pt-br\/wp-json\/wp\/v2\/media?parent=14894"}],"wp:term":[{"taxonomy":"product_brand","embeddable":true,"href":"https:\/\/conexmetals.com\/pt-br\/wp-json\/wp\/v2\/product_brand?post=14894"},{"taxonomy":"product_cat","embeddable":true,"href":"https:\/\/conexmetals.com\/pt-br\/wp-json\/wp\/v2\/product_cat?post=14894"},{"taxonomy":"product_tag","embeddable":true,"href":"https:\/\/conexmetals.com\/pt-br\/wp-json\/wp\/v2\/product_tag?post=14894"}],"curies":[{"name":"wp","href":"https:\/\/api.w.org\/{rel}","templated":true}]}}