{"id":15250,"date":"2023-08-18T13:10:27","date_gmt":"2023-08-18T07:40:27","guid":{"rendered":"https:\/\/conexmetals.com\/?post_type=product&#038;p=15250"},"modified":"2025-06-12T12:04:13","modified_gmt":"2025-06-12T06:34:13","slug":"espigas-de-mangueira-femea-de-aco-inoxidavel","status":"publish","type":"product","link":"https:\/\/conexmetals.com\/pt-br\/produto\/espigas-de-mangueira-femea-de-aco-inoxidavel\/","title":{"rendered":"Espigas de mangueira f\u00eamea de a\u00e7o inoxid\u00e1vel"},"content":{"rendered":"","protected":false},"excerpt":{"rendered":"<p><span>As espigas f\u00eameas de a\u00e7o inoxid\u00e1vel, tamb\u00e9m conhecidas como conectores de espiga de mangueira ou pontas de espiga f\u00eamea, s\u00e3o conex\u00f5es projetadas para conectar mangueiras a outros componentes, como tubos, v\u00e1lvulas ou outras mangueiras. Essas conex\u00f5es possuem uma extremidade com rosca f\u00eamea que permite a inser\u00e7\u00e3o de um componente ou tubo com rosca macho, enquanto a outra extremidade possui um design farpado que se encaixa dentro do di\u00e2metro interno de uma mangueira flex\u00edvel. As espigas f\u00eameas de a\u00e7o inoxid\u00e1vel s\u00e3o comumente utilizadas em aplica\u00e7\u00f5es onde durabilidade, resist\u00eancia \u00e0 corros\u00e3o e resist\u00eancia s\u00e3o importantes.<\/span><\/p>\n<p><span>Aqui est\u00e3o alguns pontos importantes para entender sobre as espigas f\u00eameas de mangueira de a\u00e7o inoxid\u00e1vel:<\/span><\/p>\n<ol>\n<li><b><\/b><strong><b><span>Material:<\/span><\/b><\/strong><span>\u00a0As espigas f\u00eameas de a\u00e7o inoxid\u00e1vel s\u00e3o normalmente fabricadas em a\u00e7o inoxid\u00e1vel, que oferece excelente resist\u00eancia \u00e0 corros\u00e3o, ferrugem e exposi\u00e7\u00e3o a produtos qu\u00edmicos. Isso as torna adequadas para uma variedade de ind\u00fastrias, incluindo alimentos e bebidas, farmac\u00eautica, mar\u00edtima e muito mais.<\/span><\/li>\n<li><b><\/b><strong><b><span>Tipo de Rosca:<\/span><\/b><\/strong><span>\u00a0A extremidade f\u00eamea da espiga da mangueira possui roscas que correspondem \u00e0 rosca do componente macho ou tubo ao qual ser\u00e1 conectada. Os tipos de rosca comuns incluem NPT (National Pipe Thread), BSP (British Standard Pipe) e outros, com base em normas e requisitos regionais.<\/span><\/li>\n<li><b><\/b><strong><b><span>Conex\u00e3o da Mangueira:<\/span><\/b><\/strong><span>\u00a0A outra extremidade da espiga f\u00eamea da mangueira possui um design farpado que se encaixa no di\u00e2metro interno de uma mangueira flex\u00edvel. As espigas proporcionam uma fixa\u00e7\u00e3o segura quando combinadas com bra\u00e7adeiras, crimpagem ou outros m\u00e9todos de fixa\u00e7\u00e3o.<\/span><\/li>\n<li><b><\/b><strong><b><span>M\u00e9todo de fixa\u00e7\u00e3o:<\/span><\/b><\/strong><span>\u00a0As espigas f\u00eameas de a\u00e7o inoxid\u00e1vel s\u00e3o normalmente fixadas \u00e0s mangueiras por meio de bra\u00e7adeiras, crimpagem ou t\u00e9cnicas semelhantes. As bra\u00e7adeiras s\u00e3o colocadas ao redor da mangueira e apertadas para manter a espiga firmemente no lugar. A crimpagem envolve a compress\u00e3o de uma luva ao redor da mangueira e da espiga para criar uma veda\u00e7\u00e3o firme.<\/span><\/li>\n<li><b><\/b><strong><b><span>Aplica\u00e7\u00e3o:<\/span><\/b><\/strong><span>\u00a0Essas conex\u00f5es s\u00e3o comumente utilizadas em sistemas de transporte de fluidos, incluindo \u00e1gua, ar, produtos qu\u00edmicos e outros. S\u00e3o \u00fateis para conectar mangueiras a diversos componentes em encanamentos, m\u00e1quinas industriais, sistemas de irriga\u00e7\u00e3o e outras aplica\u00e7\u00f5es.<\/span><\/li>\n<li><b><\/b><strong><b><span>Resist\u00eancia \u00e0 corros\u00e3o:<\/span><\/b><\/strong><span>\u00a0As espigas f\u00eameas de a\u00e7o inoxid\u00e1vel oferecem excelente resist\u00eancia \u00e0 corros\u00e3o em compara\u00e7\u00e3o com outros materiais. Isso as torna adequadas para aplica\u00e7\u00f5es onde o fluido transportado ou as condi\u00e7\u00f5es ambientais podem levar \u00e0 degrada\u00e7\u00e3o do material.<\/span><\/li>\n<li><b><\/b><strong><b><span>Temperatura e press\u00e3o:<\/span><\/b><\/strong><span>\u00a0As espigas de a\u00e7o inoxid\u00e1vel geralmente s\u00e3o capazes de suportar uma ampla faixa de temperaturas e press\u00f5es. As capacidades espec\u00edficas dependem do tipo de a\u00e7o inoxid\u00e1vel utilizado e do design da conex\u00e3o. \u00c9 importante considerar os requisitos da aplica\u00e7\u00e3o ao selecionar a conex\u00e3o adequada.<\/span><\/li>\n<\/ol>\n","protected":false},"featured_media":10316,"template":"","meta":[],"product_brand":[],"product_cat":[461],"product_tag":[],"class_list":{"0":"post-15250","1":"product","2":"type-product","3":"status-publish","4":"has-post-thumbnail","6":"product_cat-conexoes-de-mangueira-de-aco-inoxidavel","8":"first","9":"instock","10":"shipping-taxable","11":"product-type-simple"},"yoast_head":"<!-- This site is optimized with the Yoast SEO plugin v25.9 - https:\/\/yoast.com\/wordpress\/plugins\/seo\/ -->\n<title>Espigas de mangueira f\u00eamea de a\u00e7o inoxid\u00e1vel<\/title>\n<meta name=\"description\" content=\"A Conex Metals \u00e9 especializada em conex\u00f5es tipo espig\u00e3o f\u00eamea de a\u00e7o inoxid\u00e1vel, incluindo conex\u00f5es espig\u00e3o inox e conex\u00f5es de mangueira de a\u00e7o inox. Nossa linha de produtos inclui conex\u00f5es espig\u00e3o de a\u00e7o inoxid\u00e1vel. Como fabricantes, exportadores e fornecedores l\u00edderes na \u00cdndia, oferecemos solu\u00e7\u00f5es de alta qualidade para diversas aplica\u00e7\u00f5es. Confie em n\u00f3s como seu parceiro confi\u00e1vel na \u00cdndia.\" \/>\n<meta name=\"robots\" content=\"index, follow, max-snippet:-1, max-image-preview:large, max-video-preview:-1\" \/>\n<link rel=\"canonical\" href=\"https:\/\/conexmetals.com\/pt-br\/produto\/espigas-de-mangueira-femea-de-aco-inoxidavel\/\" \/>\n<script type=\"application\/ld+json\" class=\"yoast-schema-graph\">{\"@context\":\"https:\/\/schema.org\",\"@graph\":[{\"@type\":\"WebPage\",\"@id\":\"https:\/\/conexmetals.com\/pt-br\/produto\/espigas-de-mangueira-femea-de-aco-inoxidavel\/\",\"url\":\"https:\/\/conexmetals.com\/pt-br\/produto\/espigas-de-mangueira-femea-de-aco-inoxidavel\/\",\"name\":\"Espigas de mangueira f\u00eamea de a\u00e7o inoxid\u00e1vel\",\"isPartOf\":{\"@id\":\"https:\/\/conexmetals.com\/pt-br\/#website\"},\"primaryImageOfPage\":{\"@id\":\"https:\/\/conexmetals.com\/pt-br\/produto\/espigas-de-mangueira-femea-de-aco-inoxidavel\/#primaryimage\"},\"image\":{\"@id\":\"https:\/\/conexmetals.com\/pt-br\/produto\/espigas-de-mangueira-femea-de-aco-inoxidavel\/#primaryimage\"},\"thumbnailUrl\":\"https:\/\/conexmetals.com\/wp-content\/uploads\/2025\/06\/Espigas-de-mangueira-femea-de-aco-inoxidavel.webp\",\"datePublished\":\"2023-08-18T07:40:27+00:00\",\"dateModified\":\"2025-06-12T06:34:13+00:00\",\"description\":\"A Conex Metals \u00e9 especializada em conex\u00f5es tipo espig\u00e3o f\u00eamea de a\u00e7o inoxid\u00e1vel, incluindo conex\u00f5es espig\u00e3o inox e conex\u00f5es de mangueira de a\u00e7o inox. Nossa linha de produtos inclui conex\u00f5es espig\u00e3o de a\u00e7o inoxid\u00e1vel. Como fabricantes, exportadores e fornecedores l\u00edderes na \u00cdndia, oferecemos solu\u00e7\u00f5es de alta qualidade para diversas aplica\u00e7\u00f5es. Confie em n\u00f3s como seu parceiro confi\u00e1vel na \u00cdndia.\",\"breadcrumb\":{\"@id\":\"https:\/\/conexmetals.com\/pt-br\/produto\/espigas-de-mangueira-femea-de-aco-inoxidavel\/#breadcrumb\"},\"inLanguage\":\"pt-BR\",\"potentialAction\":[{\"@type\":\"ReadAction\",\"target\":[\"https:\/\/conexmetals.com\/pt-br\/produto\/espigas-de-mangueira-femea-de-aco-inoxidavel\/\"]}]},{\"@type\":\"ImageObject\",\"inLanguage\":\"pt-BR\",\"@id\":\"https:\/\/conexmetals.com\/pt-br\/produto\/espigas-de-mangueira-femea-de-aco-inoxidavel\/#primaryimage\",\"url\":\"https:\/\/conexmetals.com\/wp-content\/uploads\/2025\/06\/Espigas-de-mangueira-femea-de-aco-inoxidavel.webp\",\"contentUrl\":\"https:\/\/conexmetals.com\/wp-content\/uploads\/2025\/06\/Espigas-de-mangueira-femea-de-aco-inoxidavel.webp\",\"width\":267,\"height\":278,\"caption\":\"Espigas de mangueira f\u00eamea de a\u00e7o inoxid\u00e1vel\"},{\"@type\":\"BreadcrumbList\",\"@id\":\"https:\/\/conexmetals.com\/pt-br\/produto\/espigas-de-mangueira-femea-de-aco-inoxidavel\/#breadcrumb\",\"itemListElement\":[{\"@type\":\"ListItem\",\"position\":1,\"name\":\"Home\",\"item\":\"https:\/\/conexmetals.com\/pt-br\/\"},{\"@type\":\"ListItem\",\"position\":2,\"name\":\"Produtos\",\"item\":\"https:\/\/conexmetals.com\/pt-br\/produtos\/\"},{\"@type\":\"ListItem\",\"position\":3,\"name\":\"Espigas de mangueira f\u00eamea de a\u00e7o inoxid\u00e1vel\"}]},{\"@type\":\"WebSite\",\"@id\":\"https:\/\/conexmetals.com\/pt-br\/#website\",\"url\":\"https:\/\/conexmetals.com\/pt-br\/\",\"name\":\"Conex Metals Brass Fittings Brass Parts Copper Parts Brass Components Brass Plumbing Fittings India\",\"description\":\"Manufacturer of Bronze Fittings casting Copper Brass parts components\",\"publisher\":{\"@id\":\"https:\/\/conexmetals.com\/pt-br\/#organization\"},\"potentialAction\":[{\"@type\":\"SearchAction\",\"target\":{\"@type\":\"EntryPoint\",\"urlTemplate\":\"https:\/\/conexmetals.com\/pt-br\/?s={search_term_string}\"},\"query-input\":{\"@type\":\"PropertyValueSpecification\",\"valueRequired\":true,\"valueName\":\"search_term_string\"}}],\"inLanguage\":\"pt-BR\"},{\"@type\":\"Organization\",\"@id\":\"https:\/\/conexmetals.com\/pt-br\/#organization\",\"name\":\"Conex Metals Brass Fittings Brass Parts Copper Parts Brass Components Brass Plumbing Fittings India\",\"url\":\"https:\/\/conexmetals.com\/pt-br\/\",\"logo\":{\"@type\":\"ImageObject\",\"inLanguage\":\"pt-BR\",\"@id\":\"https:\/\/conexmetals.com\/pt-br\/#\/schema\/logo\/image\/\",\"url\":\"https:\/\/conexmetals.com\/wp-content\/uploads\/2025\/05\/conex-metals-logo.webp\",\"contentUrl\":\"https:\/\/conexmetals.com\/wp-content\/uploads\/2025\/05\/conex-metals-logo.webp\",\"width\":300,\"height\":121,\"caption\":\"Conex Metals Brass Fittings Brass Parts Copper Parts Brass Components Brass Plumbing Fittings India\"},\"image\":{\"@id\":\"https:\/\/conexmetals.com\/pt-br\/#\/schema\/logo\/image\/\"},\"sameAs\":[\"https:\/\/www.facebook.com\/conexbrass\",\"https:\/\/x.com\/conexindia\",\"https:\/\/www.linkedin.com\/company\/conex-metals-india\/\",\"https:\/\/www.instagram.com\/conexindia\/\"]}]}<\/script>\n<!-- \/ Yoast SEO plugin. -->","yoast_head_json":{"title":"Espigas de mangueira f\u00eamea de a\u00e7o inoxid\u00e1vel","description":"A Conex Metals \u00e9 especializada em conex\u00f5es tipo espig\u00e3o f\u00eamea de a\u00e7o inoxid\u00e1vel, incluindo conex\u00f5es espig\u00e3o inox e conex\u00f5es de mangueira de a\u00e7o inox. Nossa linha de produtos inclui conex\u00f5es espig\u00e3o de a\u00e7o inoxid\u00e1vel. Como fabricantes, exportadores e fornecedores l\u00edderes na \u00cdndia, oferecemos solu\u00e7\u00f5es de alta qualidade para diversas aplica\u00e7\u00f5es. Confie em n\u00f3s como seu parceiro confi\u00e1vel na \u00cdndia.","robots":{"index":"index","follow":"follow","max-snippet":"max-snippet:-1","max-image-preview":"max-image-preview:large","max-video-preview":"max-video-preview:-1"},"canonical":"https:\/\/conexmetals.com\/pt-br\/produto\/espigas-de-mangueira-femea-de-aco-inoxidavel\/","schema":{"@context":"https:\/\/schema.org","@graph":[{"@type":"WebPage","@id":"https:\/\/conexmetals.com\/pt-br\/produto\/espigas-de-mangueira-femea-de-aco-inoxidavel\/","url":"https:\/\/conexmetals.com\/pt-br\/produto\/espigas-de-mangueira-femea-de-aco-inoxidavel\/","name":"Espigas de mangueira f\u00eamea de a\u00e7o inoxid\u00e1vel","isPartOf":{"@id":"https:\/\/conexmetals.com\/pt-br\/#website"},"primaryImageOfPage":{"@id":"https:\/\/conexmetals.com\/pt-br\/produto\/espigas-de-mangueira-femea-de-aco-inoxidavel\/#primaryimage"},"image":{"@id":"https:\/\/conexmetals.com\/pt-br\/produto\/espigas-de-mangueira-femea-de-aco-inoxidavel\/#primaryimage"},"thumbnailUrl":"https:\/\/conexmetals.com\/wp-content\/uploads\/2025\/06\/Espigas-de-mangueira-femea-de-aco-inoxidavel.webp","datePublished":"2023-08-18T07:40:27+00:00","dateModified":"2025-06-12T06:34:13+00:00","description":"A Conex Metals \u00e9 especializada em conex\u00f5es tipo espig\u00e3o f\u00eamea de a\u00e7o inoxid\u00e1vel, incluindo conex\u00f5es espig\u00e3o inox e conex\u00f5es de mangueira de a\u00e7o inox. Nossa linha de produtos inclui conex\u00f5es espig\u00e3o de a\u00e7o inoxid\u00e1vel. Como fabricantes, exportadores e fornecedores l\u00edderes na \u00cdndia, oferecemos solu\u00e7\u00f5es de alta qualidade para diversas aplica\u00e7\u00f5es. Confie em n\u00f3s como seu parceiro confi\u00e1vel na \u00cdndia.","breadcrumb":{"@id":"https:\/\/conexmetals.com\/pt-br\/produto\/espigas-de-mangueira-femea-de-aco-inoxidavel\/#breadcrumb"},"inLanguage":"pt-BR","potentialAction":[{"@type":"ReadAction","target":["https:\/\/conexmetals.com\/pt-br\/produto\/espigas-de-mangueira-femea-de-aco-inoxidavel\/"]}]},{"@type":"ImageObject","inLanguage":"pt-BR","@id":"https:\/\/conexmetals.com\/pt-br\/produto\/espigas-de-mangueira-femea-de-aco-inoxidavel\/#primaryimage","url":"https:\/\/conexmetals.com\/wp-content\/uploads\/2025\/06\/Espigas-de-mangueira-femea-de-aco-inoxidavel.webp","contentUrl":"https:\/\/conexmetals.com\/wp-content\/uploads\/2025\/06\/Espigas-de-mangueira-femea-de-aco-inoxidavel.webp","width":267,"height":278,"caption":"Espigas de mangueira f\u00eamea de a\u00e7o inoxid\u00e1vel"},{"@type":"BreadcrumbList","@id":"https:\/\/conexmetals.com\/pt-br\/produto\/espigas-de-mangueira-femea-de-aco-inoxidavel\/#breadcrumb","itemListElement":[{"@type":"ListItem","position":1,"name":"Home","item":"https:\/\/conexmetals.com\/pt-br\/"},{"@type":"ListItem","position":2,"name":"Produtos","item":"https:\/\/conexmetals.com\/pt-br\/produtos\/"},{"@type":"ListItem","position":3,"name":"Espigas de mangueira f\u00eamea de a\u00e7o inoxid\u00e1vel"}]},{"@type":"WebSite","@id":"https:\/\/conexmetals.com\/pt-br\/#website","url":"https:\/\/conexmetals.com\/pt-br\/","name":"Conex Metals Brass Fittings Brass Parts Copper Parts Brass Components Brass Plumbing Fittings India","description":"Manufacturer of Bronze Fittings casting Copper Brass parts components","publisher":{"@id":"https:\/\/conexmetals.com\/pt-br\/#organization"},"potentialAction":[{"@type":"SearchAction","target":{"@type":"EntryPoint","urlTemplate":"https:\/\/conexmetals.com\/pt-br\/?s={search_term_string}"},"query-input":{"@type":"PropertyValueSpecification","valueRequired":true,"valueName":"search_term_string"}}],"inLanguage":"pt-BR"},{"@type":"Organization","@id":"https:\/\/conexmetals.com\/pt-br\/#organization","name":"Conex Metals Brass Fittings Brass Parts Copper Parts Brass Components Brass Plumbing Fittings India","url":"https:\/\/conexmetals.com\/pt-br\/","logo":{"@type":"ImageObject","inLanguage":"pt-BR","@id":"https:\/\/conexmetals.com\/pt-br\/#\/schema\/logo\/image\/","url":"https:\/\/conexmetals.com\/wp-content\/uploads\/2025\/05\/conex-metals-logo.webp","contentUrl":"https:\/\/conexmetals.com\/wp-content\/uploads\/2025\/05\/conex-metals-logo.webp","width":300,"height":121,"caption":"Conex Metals Brass Fittings Brass Parts Copper Parts Brass Components Brass Plumbing Fittings India"},"image":{"@id":"https:\/\/conexmetals.com\/pt-br\/#\/schema\/logo\/image\/"},"sameAs":["https:\/\/www.facebook.com\/conexbrass","https:\/\/x.com\/conexindia","https:\/\/www.linkedin.com\/company\/conex-metals-india\/","https:\/\/www.instagram.com\/conexindia\/"]}]}},"_links":{"self":[{"href":"https:\/\/conexmetals.com\/pt-br\/wp-json\/wp\/v2\/product\/15250","targetHints":{"allow":["GET"]}}],"collection":[{"href":"https:\/\/conexmetals.com\/pt-br\/wp-json\/wp\/v2\/product"}],"about":[{"href":"https:\/\/conexmetals.com\/pt-br\/wp-json\/wp\/v2\/types\/product"}],"wp:featuredmedia":[{"embeddable":true,"href":"https:\/\/conexmetals.com\/pt-br\/wp-json\/wp\/v2\/media\/10316"}],"wp:attachment":[{"href":"https:\/\/conexmetals.com\/pt-br\/wp-json\/wp\/v2\/media?parent=15250"}],"wp:term":[{"taxonomy":"product_brand","embeddable":true,"href":"https:\/\/conexmetals.com\/pt-br\/wp-json\/wp\/v2\/product_brand?post=15250"},{"taxonomy":"product_cat","embeddable":true,"href":"https:\/\/conexmetals.com\/pt-br\/wp-json\/wp\/v2\/product_cat?post=15250"},{"taxonomy":"product_tag","embeddable":true,"href":"https:\/\/conexmetals.com\/pt-br\/wp-json\/wp\/v2\/product_tag?post=15250"}],"curies":[{"name":"wp","href":"https:\/\/api.w.org\/{rel}","templated":true}]}}