{"id":9975,"date":"2024-07-29T19:36:19","date_gmt":"2024-07-29T14:06:19","guid":{"rendered":"https:\/\/conexmetals.com\/product\/acopladores-de-haste-de-aterramento-tipo-compressao\/"},"modified":"2024-12-19T18:17:19","modified_gmt":"2024-12-19T12:47:19","slug":"acopladores-de-haste-de-terra-tipo-compressao","status":"publish","type":"product","link":"https:\/\/conexmetals.com\/pt-br\/produto\/acopladores-de-haste-de-terra-tipo-compressao\/","title":{"rendered":"Acopladores de Haste de Terra Tipo Compress\u00e3o"},"content":{"rendered":"","protected":false},"excerpt":{"rendered":"<p>S\u00e3o acopladores de compress\u00e3o sem rosca para uso com hastes de aterramento pontiagudas com liga\u00e7\u00e3o de cobre.<\/p>\n<p>Os acopladores de aterramento de compress\u00e3o desempenham um papel crucial em sistemas de aterramento el\u00e9trico, particularmente ao trabalhar com hastes de aterramento de cobre. Esses componentes essenciais permitem a extens\u00e3o de hastes de aterramento, garantindo uma solu\u00e7\u00e3o de aterramento robusta e confi\u00e1vel para v\u00e1rias aplica\u00e7\u00f5es el\u00e9tricas.<\/p>\n<p>O interior do acoplador de bronze de aterramento \u00e9 c\u00f4nico para que a haste de aterramento seja comprimida para formar uma conex\u00e3o condutiva irrevers\u00edvel durante a instala\u00e7\u00e3o.<\/p>\n<p>Os acopladores da haste de aterramento s\u00e3o feitos de bronze sil\u00edcio C95600 e outros graus semelhantes.<\/p>\n<table id=\"tablepress-330\" class=\"tablepress tablepress-id-330\">\n<caption>\u00a0<\/caption>\n<thead>\n<tr class=\"row-1 odd\">\n<th class=\"column-1\" colspan=\"4\">Acopladores de compress\u00e3o para hastes de aterramento de cobre<\/th>\n<\/tr>\n<\/thead>\n<tbody class=\"row-hover\">\n<tr class=\"row-2 even\">\n<td class=\"column-1\">Acopladores de haste de aterramento Conex<\/td>\n<td class=\"column-2\">Di\u00e2metro nominal da haste de aterramento<\/td>\n<td class=\"column-3\">Comprimento (L)<\/td>\n<td class=\"column-4\">Peso unit\u00e1rio<\/td>\n<\/tr>\n<tr class=\"row-3 odd\">\n<td class=\"column-1\">CC12<\/td>\n<td class=\"column-2\">1\/2&#8243;<\/td>\n<td class=\"column-3\">2 3\/4&#8243;<\/td>\n<td class=\"column-4\">0,28 libras<\/td>\n<\/tr>\n<tr class=\"row-4 even\">\n<td class=\"column-1\">CC34<\/td>\n<td class=\"column-2\">3\/4&#8243;<\/td>\n<td class=\"column-3\">2 3\/4&#8243;<\/td>\n<td class=\"column-4\">0,45 libras<\/td>\n<\/tr>\n<tr class=\"row-5 odd\">\n<td class=\"column-1\">CC58<\/td>\n<td class=\"column-2\">5\/8&#8243;<\/td>\n<td class=\"column-3\">23\/4&#8243;<\/td>\n<td class=\"column-4\">0,30 libras<\/td>\n<\/tr>\n<\/tbody>\n<\/table>\n<p>Tamb\u00e9m podemos oferecer acoplamentos de compress\u00e3o de bronze conforme designs e impress\u00f5es do cliente.<\/p>\n","protected":false},"featured_media":9976,"template":"","meta":[],"product_brand":[],"product_cat":[490],"product_tag":[],"class_list":{"0":"post-9975","1":"product","2":"type-product","3":"status-publish","4":"has-post-thumbnail","6":"product_cat-acopladores","8":"first","9":"instock","10":"shipping-taxable","11":"product-type-simple"},"yoast_head":"<!-- This site is optimized with the Yoast SEO plugin v27.3 - https:\/\/yoast.com\/product\/yoast-seo-wordpress\/ -->\n<title>Acopladores de Haste de Terra Tipo Compress\u00e3o<\/title>\n<meta name=\"description\" content=\"Acopladores de compress\u00e3o para hastes de terra da Conex Metals \u00cdndia. Nossa fundi\u00e7\u00e3o de bronze produz acopladores de alta qualidade para hastes de terra, usados com o m\u00e9todo de compress\u00e3o. Somos os principais fabricantes e exportadores de acopladores de bronze para hastes de terra e outros acess\u00f3rios de aterramento.\" \/>\n<meta name=\"robots\" content=\"index, follow, max-snippet:-1, max-image-preview:large, max-video-preview:-1\" \/>\n<link rel=\"canonical\" href=\"https:\/\/conexmetals.com\/pt-br\/produto\/acopladores-de-haste-de-terra-tipo-compressao\/\" \/>\n<script type=\"application\/ld+json\" class=\"yoast-schema-graph\">{\"@context\":\"https:\\\/\\\/schema.org\",\"@graph\":[{\"@type\":\"WebPage\",\"@id\":\"https:\\\/\\\/conexmetals.com\\\/pt-br\\\/produto\\\/acopladores-de-haste-de-terra-tipo-compressao\\\/\",\"url\":\"https:\\\/\\\/conexmetals.com\\\/pt-br\\\/produto\\\/acopladores-de-haste-de-terra-tipo-compressao\\\/\",\"name\":\"Acopladores de Haste de Terra Tipo Compress\u00e3o\",\"isPartOf\":{\"@id\":\"https:\\\/\\\/conexmetals.com\\\/pt-br\\\/#website\"},\"primaryImageOfPage\":{\"@id\":\"https:\\\/\\\/conexmetals.com\\\/pt-br\\\/produto\\\/acopladores-de-haste-de-terra-tipo-compressao\\\/#primaryimage\"},\"image\":{\"@id\":\"https:\\\/\\\/conexmetals.com\\\/pt-br\\\/produto\\\/acopladores-de-haste-de-terra-tipo-compressao\\\/#primaryimage\"},\"thumbnailUrl\":\"https:\\\/\\\/conexmetals.com\\\/wp-content\\\/uploads\\\/2024\\\/12\\\/Acopladores-de-Haste-de-Terra-Tipo-Compressao.webp\",\"datePublished\":\"2024-07-29T14:06:19+00:00\",\"dateModified\":\"2024-12-19T12:47:19+00:00\",\"description\":\"Acopladores de compress\u00e3o para hastes de terra da Conex Metals \u00cdndia. Nossa fundi\u00e7\u00e3o de bronze produz acopladores de alta qualidade para hastes de terra, usados com o m\u00e9todo de compress\u00e3o. Somos os principais fabricantes e exportadores de acopladores de bronze para hastes de terra e outros acess\u00f3rios de aterramento.\",\"breadcrumb\":{\"@id\":\"https:\\\/\\\/conexmetals.com\\\/pt-br\\\/produto\\\/acopladores-de-haste-de-terra-tipo-compressao\\\/#breadcrumb\"},\"inLanguage\":\"pt-BR\",\"potentialAction\":[{\"@type\":\"ReadAction\",\"target\":[\"https:\\\/\\\/conexmetals.com\\\/pt-br\\\/produto\\\/acopladores-de-haste-de-terra-tipo-compressao\\\/\"]}]},{\"@type\":\"ImageObject\",\"inLanguage\":\"pt-BR\",\"@id\":\"https:\\\/\\\/conexmetals.com\\\/pt-br\\\/produto\\\/acopladores-de-haste-de-terra-tipo-compressao\\\/#primaryimage\",\"url\":\"https:\\\/\\\/conexmetals.com\\\/wp-content\\\/uploads\\\/2024\\\/12\\\/Acopladores-de-Haste-de-Terra-Tipo-Compressao.webp\",\"contentUrl\":\"https:\\\/\\\/conexmetals.com\\\/wp-content\\\/uploads\\\/2024\\\/12\\\/Acopladores-de-Haste-de-Terra-Tipo-Compressao.webp\",\"width\":800,\"height\":800,\"caption\":\"Acopladores de Haste de Terra Tipo Compress\u00e3o\"},{\"@type\":\"BreadcrumbList\",\"@id\":\"https:\\\/\\\/conexmetals.com\\\/pt-br\\\/produto\\\/acopladores-de-haste-de-terra-tipo-compressao\\\/#breadcrumb\",\"itemListElement\":[{\"@type\":\"ListItem\",\"position\":1,\"name\":\"Home\",\"item\":\"https:\\\/\\\/conexmetals.com\\\/pt-br\\\/lar\\\/\"},{\"@type\":\"ListItem\",\"position\":2,\"name\":\"Products\",\"item\":\"https:\\\/\\\/conexmetals.com\\\/products\\\/\"},{\"@type\":\"ListItem\",\"position\":3,\"name\":\"Acopladores de Haste de Terra Tipo Compress\u00e3o\"}]},{\"@type\":\"WebSite\",\"@id\":\"https:\\\/\\\/conexmetals.com\\\/pt-br\\\/#website\",\"url\":\"https:\\\/\\\/conexmetals.com\\\/pt-br\\\/\",\"name\":\"Conex Metals Brass Fittings Brass Parts Copper Parts Brass Components Brass Plumbing Fittings India\",\"description\":\"Manufacturer of Bronze Fittings casting Copper Brass parts components\",\"publisher\":{\"@id\":\"https:\\\/\\\/conexmetals.com\\\/pt-br\\\/#organization\"},\"potentialAction\":[{\"@type\":\"SearchAction\",\"target\":{\"@type\":\"EntryPoint\",\"urlTemplate\":\"https:\\\/\\\/conexmetals.com\\\/pt-br\\\/?s={search_term_string}\"},\"query-input\":{\"@type\":\"PropertyValueSpecification\",\"valueRequired\":true,\"valueName\":\"search_term_string\"}}],\"inLanguage\":\"pt-BR\"},{\"@type\":\"Organization\",\"@id\":\"https:\\\/\\\/conexmetals.com\\\/pt-br\\\/#organization\",\"name\":\"Conex Metals Brass Fittings Brass Parts Copper Parts Brass Components Brass Plumbing Fittings India\",\"url\":\"https:\\\/\\\/conexmetals.com\\\/pt-br\\\/\",\"logo\":{\"@type\":\"ImageObject\",\"inLanguage\":\"pt-BR\",\"@id\":\"https:\\\/\\\/conexmetals.com\\\/pt-br\\\/#\\\/schema\\\/logo\\\/image\\\/\",\"url\":\"https:\\\/\\\/conexmetals.com\\\/wp-content\\\/uploads\\\/2024\\\/03\\\/conex-metals-logo.webp\",\"contentUrl\":\"https:\\\/\\\/conexmetals.com\\\/wp-content\\\/uploads\\\/2024\\\/03\\\/conex-metals-logo.webp\",\"width\":300,\"height\":121,\"caption\":\"Conex Metals Brass Fittings Brass Parts Copper Parts Brass Components Brass Plumbing Fittings India\"},\"image\":{\"@id\":\"https:\\\/\\\/conexmetals.com\\\/pt-br\\\/#\\\/schema\\\/logo\\\/image\\\/\"},\"sameAs\":[\"https:\\\/\\\/www.facebook.com\\\/conexbrass\",\"https:\\\/\\\/x.com\\\/conexindia\",\"https:\\\/\\\/www.linkedin.com\\\/company\\\/conex-metals-india\\\/\",\"https:\\\/\\\/www.instagram.com\\\/conexindia\\\/\"]}]}<\/script>\n<!-- \/ Yoast SEO plugin. -->","yoast_head_json":{"title":"Acopladores de Haste de Terra Tipo Compress\u00e3o","description":"Acopladores de compress\u00e3o para hastes de terra da Conex Metals \u00cdndia. Nossa fundi\u00e7\u00e3o de bronze produz acopladores de alta qualidade para hastes de terra, usados com o m\u00e9todo de compress\u00e3o. Somos os principais fabricantes e exportadores de acopladores de bronze para hastes de terra e outros acess\u00f3rios de aterramento.","robots":{"index":"index","follow":"follow","max-snippet":"max-snippet:-1","max-image-preview":"max-image-preview:large","max-video-preview":"max-video-preview:-1"},"canonical":"https:\/\/conexmetals.com\/pt-br\/produto\/acopladores-de-haste-de-terra-tipo-compressao\/","schema":{"@context":"https:\/\/schema.org","@graph":[{"@type":"WebPage","@id":"https:\/\/conexmetals.com\/pt-br\/produto\/acopladores-de-haste-de-terra-tipo-compressao\/","url":"https:\/\/conexmetals.com\/pt-br\/produto\/acopladores-de-haste-de-terra-tipo-compressao\/","name":"Acopladores de Haste de Terra Tipo Compress\u00e3o","isPartOf":{"@id":"https:\/\/conexmetals.com\/pt-br\/#website"},"primaryImageOfPage":{"@id":"https:\/\/conexmetals.com\/pt-br\/produto\/acopladores-de-haste-de-terra-tipo-compressao\/#primaryimage"},"image":{"@id":"https:\/\/conexmetals.com\/pt-br\/produto\/acopladores-de-haste-de-terra-tipo-compressao\/#primaryimage"},"thumbnailUrl":"https:\/\/conexmetals.com\/wp-content\/uploads\/2024\/12\/Acopladores-de-Haste-de-Terra-Tipo-Compressao.webp","datePublished":"2024-07-29T14:06:19+00:00","dateModified":"2024-12-19T12:47:19+00:00","description":"Acopladores de compress\u00e3o para hastes de terra da Conex Metals \u00cdndia. Nossa fundi\u00e7\u00e3o de bronze produz acopladores de alta qualidade para hastes de terra, usados com o m\u00e9todo de compress\u00e3o. Somos os principais fabricantes e exportadores de acopladores de bronze para hastes de terra e outros acess\u00f3rios de aterramento.","breadcrumb":{"@id":"https:\/\/conexmetals.com\/pt-br\/produto\/acopladores-de-haste-de-terra-tipo-compressao\/#breadcrumb"},"inLanguage":"pt-BR","potentialAction":[{"@type":"ReadAction","target":["https:\/\/conexmetals.com\/pt-br\/produto\/acopladores-de-haste-de-terra-tipo-compressao\/"]}]},{"@type":"ImageObject","inLanguage":"pt-BR","@id":"https:\/\/conexmetals.com\/pt-br\/produto\/acopladores-de-haste-de-terra-tipo-compressao\/#primaryimage","url":"https:\/\/conexmetals.com\/wp-content\/uploads\/2024\/12\/Acopladores-de-Haste-de-Terra-Tipo-Compressao.webp","contentUrl":"https:\/\/conexmetals.com\/wp-content\/uploads\/2024\/12\/Acopladores-de-Haste-de-Terra-Tipo-Compressao.webp","width":800,"height":800,"caption":"Acopladores de Haste de Terra Tipo Compress\u00e3o"},{"@type":"BreadcrumbList","@id":"https:\/\/conexmetals.com\/pt-br\/produto\/acopladores-de-haste-de-terra-tipo-compressao\/#breadcrumb","itemListElement":[{"@type":"ListItem","position":1,"name":"Home","item":"https:\/\/conexmetals.com\/pt-br\/lar\/"},{"@type":"ListItem","position":2,"name":"Products","item":"https:\/\/conexmetals.com\/products\/"},{"@type":"ListItem","position":3,"name":"Acopladores de Haste de Terra Tipo Compress\u00e3o"}]},{"@type":"WebSite","@id":"https:\/\/conexmetals.com\/pt-br\/#website","url":"https:\/\/conexmetals.com\/pt-br\/","name":"Conex Metals Brass Fittings Brass Parts Copper Parts Brass Components Brass Plumbing Fittings India","description":"Manufacturer of Bronze Fittings casting Copper Brass parts components","publisher":{"@id":"https:\/\/conexmetals.com\/pt-br\/#organization"},"potentialAction":[{"@type":"SearchAction","target":{"@type":"EntryPoint","urlTemplate":"https:\/\/conexmetals.com\/pt-br\/?s={search_term_string}"},"query-input":{"@type":"PropertyValueSpecification","valueRequired":true,"valueName":"search_term_string"}}],"inLanguage":"pt-BR"},{"@type":"Organization","@id":"https:\/\/conexmetals.com\/pt-br\/#organization","name":"Conex Metals Brass Fittings Brass Parts Copper Parts Brass Components Brass Plumbing Fittings India","url":"https:\/\/conexmetals.com\/pt-br\/","logo":{"@type":"ImageObject","inLanguage":"pt-BR","@id":"https:\/\/conexmetals.com\/pt-br\/#\/schema\/logo\/image\/","url":"https:\/\/conexmetals.com\/wp-content\/uploads\/2024\/03\/conex-metals-logo.webp","contentUrl":"https:\/\/conexmetals.com\/wp-content\/uploads\/2024\/03\/conex-metals-logo.webp","width":300,"height":121,"caption":"Conex Metals Brass Fittings Brass Parts Copper Parts Brass Components Brass Plumbing Fittings India"},"image":{"@id":"https:\/\/conexmetals.com\/pt-br\/#\/schema\/logo\/image\/"},"sameAs":["https:\/\/www.facebook.com\/conexbrass","https:\/\/x.com\/conexindia","https:\/\/www.linkedin.com\/company\/conex-metals-india\/","https:\/\/www.instagram.com\/conexindia\/"]}]}},"_links":{"self":[{"href":"https:\/\/conexmetals.com\/pt-br\/wp-json\/wp\/v2\/product\/9975","targetHints":{"allow":["GET"]}}],"collection":[{"href":"https:\/\/conexmetals.com\/pt-br\/wp-json\/wp\/v2\/product"}],"about":[{"href":"https:\/\/conexmetals.com\/pt-br\/wp-json\/wp\/v2\/types\/product"}],"wp:featuredmedia":[{"embeddable":true,"href":"https:\/\/conexmetals.com\/pt-br\/wp-json\/wp\/v2\/media\/9976"}],"wp:attachment":[{"href":"https:\/\/conexmetals.com\/pt-br\/wp-json\/wp\/v2\/media?parent=9975"}],"wp:term":[{"taxonomy":"product_brand","embeddable":true,"href":"https:\/\/conexmetals.com\/pt-br\/wp-json\/wp\/v2\/product_brand?post=9975"},{"taxonomy":"product_cat","embeddable":true,"href":"https:\/\/conexmetals.com\/pt-br\/wp-json\/wp\/v2\/product_cat?post=9975"},{"taxonomy":"product_tag","embeddable":true,"href":"https:\/\/conexmetals.com\/pt-br\/wp-json\/wp\/v2\/product_tag?post=9975"}],"curies":[{"name":"wp","href":"https:\/\/api.w.org\/{rel}","templated":true}]}}