{"id":9979,"date":"2024-07-29T19:45:13","date_gmt":"2024-07-29T14:15:13","guid":{"rendered":"https:\/\/conexmetals.com\/product\/acopladores-de-haste-de-aterramento-rosqueados\/"},"modified":"2024-09-16T12:18:30","modified_gmt":"2024-09-16T06:48:30","slug":"acopladores-roscados-para-hastes-de-aterramento","status":"publish","type":"product","link":"https:\/\/conexmetals.com\/pt-br\/produto\/acopladores-roscados-para-hastes-de-aterramento\/","title":{"rendered":"Acopladores Roscados para Hastes de Aterramento"},"content":{"rendered":"","protected":false},"excerpt":{"rendered":"<p>Acopladores de bronze rosqueados s\u00e3o um tipo especializado de conector usado em sistemas de aterramento, particularmente para unir hastes de aterramento de cobre. Esses acopladores oferecem vantagens exclusivas em termos de resist\u00eancia, resist\u00eancia \u00e0 corros\u00e3o e facilidade de instala\u00e7\u00e3o. Esses s\u00e3o acoplamentos de haste de aterramento que s\u00e3o rosqueados e feitos (por fundi\u00e7\u00e3o) de material de alta resist\u00eancia, como C95600 ou 95500 Bronze Alum\u00ednio. Nossa fundi\u00e7\u00e3o em Jamnagar tem fundido acopladores de bronze para hastes de aterramento\/hastes de aterramento por 3 d\u00e9cadas, principalmente para o mercado dos EUA e Oriente M\u00e9dio. Eles s\u00e3o rosqueados e chanfrados em ambas as extremidades para permitir o encaixe f\u00e1cil de hastes de aterramento rosqueadas. Esses acoplamentos resistentes \u00e0 corros\u00e3o garantem conex\u00f5es de cobre para cobre permanentes e de baixa resist\u00eancia. Feitos de diferentes graus de material, como C95500, C9560 e outras ligas de cobre de alta resist\u00eancia. [table id=\"331\" \/]<\/p>\n<p>&nbsp;<\/p>\n<p><strong>Principais recursos e benef\u00edcios<\/strong><\/p>\n<ol>\n<li><strong>Resist\u00eancia \u00e0 corros\u00e3o<\/strong> :\n<ul>\n<li>A liga de bronze oferece excelente resist\u00eancia \u00e0 corros\u00e3o, mesmo em condi\u00e7\u00f5es de solo adversas.<\/li>\n<li>Mant\u00e9m a integridade da conex\u00e3o por longos per\u00edodos.<\/li>\n<\/ul>\n<\/li>\n<li><strong>Resist\u00eancia e durabilidade<\/strong> :\n<ul>\n<li>Alta resist\u00eancia \u00e0 tra\u00e7\u00e3o garante uma conex\u00e3o robusta.<\/li>\n<li>Suporta tens\u00f5es mec\u00e2nicas durante e ap\u00f3s a instala\u00e7\u00e3o.<\/li>\n<\/ul>\n<\/li>\n<li><strong>Facilidade de instala\u00e7\u00e3o<\/strong> :\n<ul>\n<li>O design rosqueado permite uma montagem r\u00e1pida e simples.<\/li>\n<li>N\u00e3o s\u00e3o necess\u00e1rias ferramentas especiais al\u00e9m das chaves comuns.<\/li>\n<\/ul>\n<\/li>\n<li><strong>Reutiliza\u00e7\u00e3o<\/strong> :\n<ul>\n<li>Pode ser desconectado e reconectado se necess\u00e1rio, ao contr\u00e1rio de alguns m\u00e9todos de acoplamento permanente.<\/li>\n<\/ul>\n<\/li>\n<li><strong>Condutividade el\u00e9trica consistente<\/strong> :\n<ul>\n<li>Fornece um caminho confi\u00e1vel e de baixa resist\u00eancia para corrente el\u00e9trica.<\/li>\n<\/ul>\n<\/li>\n<li><strong>Compatibilidade<\/strong> :\n<ul>\n<li>Projetado para funcionar perfeitamente com hastes de aterramento de cobre rosqueadas.<\/li>\n<li>Dispon\u00edvel em v\u00e1rios tamanhos para combinar com diferentes di\u00e2metros de haste.<\/li>\n<\/ul>\n<\/li>\n<\/ol>\n<p>&nbsp;<\/p>\n<p><strong>Tipos de acopladores de bronze rosqueados<\/strong><\/p>\n<ol>\n<li><strong>Acopladores roscados padr\u00e3o<\/strong> :\n<ul>\n<li>Projeto cil\u00edndrico b\u00e1sico com roscas internas em ambas as extremidades.<\/li>\n<\/ul>\n<\/li>\n<li><strong>Acopladores de inspe\u00e7\u00e3o<\/strong> :\n<ul>\n<li>Apresenta uma se\u00e7\u00e3o central remov\u00edvel para inspe\u00e7\u00e3o visual da conex\u00e3o.<\/li>\n<\/ul>\n<\/li>\n<li><strong>Acopladores redutores<\/strong> :\n<ul>\n<li>Permite a conex\u00e3o de hastes de aterramento com di\u00e2metros diferentes.<\/li>\n<\/ul>\n<\/li>\n<li><strong>Acopladores estendidos<\/strong> :\n<ul>\n<li>Design mais longo para aplica\u00e7\u00f5es que exigem separa\u00e7\u00e3o adicional entre hastes.<\/li>\n<\/ul>\n<\/li>\n<\/ol>\n<p>&nbsp;<\/p>\n<p><strong>Processo de instala\u00e7\u00e3o<\/strong><\/p>\n<ol>\n<li><strong>Prepara\u00e7\u00e3o<\/strong> :\n<ul>\n<li>Certifique-se de que as roscas da haste de aterramento estejam limpas e sem danos.<\/li>\n<li>Aplique composto antigripante nas roscas, se recomendado pelo fabricante.<\/li>\n<\/ul>\n<\/li>\n<li><strong>Rosqueamento inicial<\/strong> :\n<ul>\n<li>Comece a rosquear o acoplador na primeira haste de aterramento manualmente.<\/li>\n<\/ul>\n<\/li>\n<li><strong>Aperto<\/strong> :\n<ul>\n<li>Use chaves apropriadas para apertar completamente o acoplador na primeira haste.<\/li>\n<li>Siga as especifica\u00e7\u00f5es de torque do fabricante.<\/li>\n<\/ul>\n<\/li>\n<li><strong>Segunda biela<\/strong> :\n<ul>\n<li>Enrosque a segunda haste de aterramento na extremidade aberta do acoplador.<\/li>\n<li>Aperte conforme as especifica\u00e7\u00f5es, garantindo que ambas as hastes estejam totalmente assentadas.<\/li>\n<\/ul>\n<\/li>\n<li><strong>Verifica\u00e7\u00e3o<\/strong> :\n<ul>\n<li>Verifique o alinhamento adequado e a conex\u00e3o segura.<\/li>\n<li>Realize testes de continuidade conforme necess\u00e1rio.<\/li>\n<\/ul>\n<\/li>\n<\/ol>\n<p>&nbsp;<\/p>\n<p><strong>Considera\u00e7\u00f5es<\/strong><\/p>\n<ol>\n<li><strong>Compatibilidade de rosca<\/strong> :\n<ul>\n<li>Certifique-se de que as roscas do acoplador correspondem precisamente \u00e0s das hastes de aterramento.<\/li>\n<\/ul>\n<\/li>\n<li><strong>Evite apertar demais<\/strong> :\n<ul>\n<li>Siga as especifica\u00e7\u00f5es de torque para evitar danos \u00e0 rosca.<\/li>\n<\/ul>\n<\/li>\n<li><strong>Uso de Lubrificantes<\/strong> :\n<ul>\n<li>Aplique compostos antigripantes adequados para facilitar a desmontagem futura, se necess\u00e1rio.<\/li>\n<\/ul>\n<\/li>\n<li><strong>Considera\u00e7\u00f5es sobre o solo<\/strong> :\n<ul>\n<li>Em solos altamente \u00e1cidos, considere medidas de prote\u00e7\u00e3o adicionais para o acoplador de bronze.<\/li>\n<\/ul>\n<\/li>\n<li><strong>Continuidade el\u00e9trica<\/strong> :\n<ul>\n<li>Verifique a conex\u00e3o de baixa resist\u00eancia entre as hastes ap\u00f3s a instala\u00e7\u00e3o.<\/li>\n<\/ul>\n<\/li>\n<li><strong>Conformidade<\/strong> :\n<ul>\n<li>Certifique-se de que o uso de acopladores roscados esteja em conformidade com os c\u00f3digos e padr\u00f5es el\u00e9tricos locais.<\/li>\n<\/ul>\n<\/li>\n<\/ol>\n","protected":false},"featured_media":9977,"template":"","meta":[],"product_brand":[],"product_cat":[490],"product_tag":[],"class_list":{"0":"post-9979","1":"product","2":"type-product","3":"status-publish","4":"has-post-thumbnail","6":"product_cat-acopladores","8":"first","9":"instock","10":"shipping-taxable","11":"product-type-simple"},"yoast_head":"<!-- This site is optimized with the Yoast SEO plugin v27.3 - https:\/\/yoast.com\/product\/yoast-seo-wordpress\/ -->\n<title>Acopladores Roscados para Hastes de Aterramento<\/title>\n<meta name=\"description\" content=\"Acopladores de bronze rosqueados para hastes de aterramento da Conex Metals India. Nossa fundi\u00e7\u00e3o de bronze molda acopladores de haste de aterramento de alta qualidade que s\u00e3o rosqueados para serem usados com hastes de aterramento rosqueadas. Somos os principais fabricantes e exportadores de acopladores e acoplamentos de haste de aterramento de bronze rosqueado e outros acess\u00f3rios de aterramento de bronze e cobre fundidos.\" \/>\n<meta name=\"robots\" content=\"index, follow, max-snippet:-1, max-image-preview:large, max-video-preview:-1\" \/>\n<link rel=\"canonical\" href=\"https:\/\/conexmetals.com\/pt-br\/produto\/acopladores-roscados-para-hastes-de-aterramento\/\" \/>\n<script type=\"application\/ld+json\" class=\"yoast-schema-graph\">{\"@context\":\"https:\\\/\\\/schema.org\",\"@graph\":[{\"@type\":\"WebPage\",\"@id\":\"https:\\\/\\\/conexmetals.com\\\/pt-br\\\/produto\\\/acopladores-roscados-para-hastes-de-aterramento\\\/\",\"url\":\"https:\\\/\\\/conexmetals.com\\\/pt-br\\\/produto\\\/acopladores-roscados-para-hastes-de-aterramento\\\/\",\"name\":\"Acopladores Roscados para Hastes de Aterramento\",\"isPartOf\":{\"@id\":\"https:\\\/\\\/conexmetals.com\\\/pt-br\\\/#website\"},\"primaryImageOfPage\":{\"@id\":\"https:\\\/\\\/conexmetals.com\\\/pt-br\\\/produto\\\/acopladores-roscados-para-hastes-de-aterramento\\\/#primaryimage\"},\"image\":{\"@id\":\"https:\\\/\\\/conexmetals.com\\\/pt-br\\\/produto\\\/acopladores-roscados-para-hastes-de-aterramento\\\/#primaryimage\"},\"thumbnailUrl\":\"https:\\\/\\\/conexmetals.com\\\/wp-content\\\/uploads\\\/2024\\\/12\\\/Acopladores-Roscados-para-Hastes-de-Aterramento.webp\",\"datePublished\":\"2024-07-29T14:15:13+00:00\",\"dateModified\":\"2024-09-16T06:48:30+00:00\",\"description\":\"Acopladores de bronze rosqueados para hastes de aterramento da Conex Metals India. Nossa fundi\u00e7\u00e3o de bronze molda acopladores de haste de aterramento de alta qualidade que s\u00e3o rosqueados para serem usados com hastes de aterramento rosqueadas. Somos os principais fabricantes e exportadores de acopladores e acoplamentos de haste de aterramento de bronze rosqueado e outros acess\u00f3rios de aterramento de bronze e cobre fundidos.\",\"breadcrumb\":{\"@id\":\"https:\\\/\\\/conexmetals.com\\\/pt-br\\\/produto\\\/acopladores-roscados-para-hastes-de-aterramento\\\/#breadcrumb\"},\"inLanguage\":\"pt-BR\",\"potentialAction\":[{\"@type\":\"ReadAction\",\"target\":[\"https:\\\/\\\/conexmetals.com\\\/pt-br\\\/produto\\\/acopladores-roscados-para-hastes-de-aterramento\\\/\"]}]},{\"@type\":\"ImageObject\",\"inLanguage\":\"pt-BR\",\"@id\":\"https:\\\/\\\/conexmetals.com\\\/pt-br\\\/produto\\\/acopladores-roscados-para-hastes-de-aterramento\\\/#primaryimage\",\"url\":\"https:\\\/\\\/conexmetals.com\\\/wp-content\\\/uploads\\\/2024\\\/12\\\/Acopladores-Roscados-para-Hastes-de-Aterramento.webp\",\"contentUrl\":\"https:\\\/\\\/conexmetals.com\\\/wp-content\\\/uploads\\\/2024\\\/12\\\/Acopladores-Roscados-para-Hastes-de-Aterramento.webp\",\"width\":800,\"height\":800,\"caption\":\"acopladores de haste de aterramento roscados\"},{\"@type\":\"BreadcrumbList\",\"@id\":\"https:\\\/\\\/conexmetals.com\\\/pt-br\\\/produto\\\/acopladores-roscados-para-hastes-de-aterramento\\\/#breadcrumb\",\"itemListElement\":[{\"@type\":\"ListItem\",\"position\":1,\"name\":\"Home\",\"item\":\"https:\\\/\\\/conexmetals.com\\\/pt-br\\\/lar\\\/\"},{\"@type\":\"ListItem\",\"position\":2,\"name\":\"Products\",\"item\":\"https:\\\/\\\/conexmetals.com\\\/products\\\/\"},{\"@type\":\"ListItem\",\"position\":3,\"name\":\"Acopladores Roscados para Hastes de Aterramento\"}]},{\"@type\":\"WebSite\",\"@id\":\"https:\\\/\\\/conexmetals.com\\\/pt-br\\\/#website\",\"url\":\"https:\\\/\\\/conexmetals.com\\\/pt-br\\\/\",\"name\":\"Conex Metals Brass Fittings Brass Parts Copper Parts Brass Components Brass Plumbing Fittings India\",\"description\":\"Manufacturer of Bronze Fittings casting Copper Brass parts components\",\"publisher\":{\"@id\":\"https:\\\/\\\/conexmetals.com\\\/pt-br\\\/#organization\"},\"potentialAction\":[{\"@type\":\"SearchAction\",\"target\":{\"@type\":\"EntryPoint\",\"urlTemplate\":\"https:\\\/\\\/conexmetals.com\\\/pt-br\\\/?s={search_term_string}\"},\"query-input\":{\"@type\":\"PropertyValueSpecification\",\"valueRequired\":true,\"valueName\":\"search_term_string\"}}],\"inLanguage\":\"pt-BR\"},{\"@type\":\"Organization\",\"@id\":\"https:\\\/\\\/conexmetals.com\\\/pt-br\\\/#organization\",\"name\":\"Conex Metals Brass Fittings Brass Parts Copper Parts Brass Components Brass Plumbing Fittings India\",\"url\":\"https:\\\/\\\/conexmetals.com\\\/pt-br\\\/\",\"logo\":{\"@type\":\"ImageObject\",\"inLanguage\":\"pt-BR\",\"@id\":\"https:\\\/\\\/conexmetals.com\\\/pt-br\\\/#\\\/schema\\\/logo\\\/image\\\/\",\"url\":\"https:\\\/\\\/conexmetals.com\\\/wp-content\\\/uploads\\\/2024\\\/03\\\/conex-metals-logo.webp\",\"contentUrl\":\"https:\\\/\\\/conexmetals.com\\\/wp-content\\\/uploads\\\/2024\\\/03\\\/conex-metals-logo.webp\",\"width\":300,\"height\":121,\"caption\":\"Conex Metals Brass Fittings Brass Parts Copper Parts Brass Components Brass Plumbing Fittings India\"},\"image\":{\"@id\":\"https:\\\/\\\/conexmetals.com\\\/pt-br\\\/#\\\/schema\\\/logo\\\/image\\\/\"},\"sameAs\":[\"https:\\\/\\\/www.facebook.com\\\/conexbrass\",\"https:\\\/\\\/x.com\\\/conexindia\",\"https:\\\/\\\/www.linkedin.com\\\/company\\\/conex-metals-india\\\/\",\"https:\\\/\\\/www.instagram.com\\\/conexindia\\\/\"]}]}<\/script>\n<!-- \/ Yoast SEO plugin. -->","yoast_head_json":{"title":"Acopladores Roscados para Hastes de Aterramento","description":"Acopladores de bronze rosqueados para hastes de aterramento da Conex Metals India. Nossa fundi\u00e7\u00e3o de bronze molda acopladores de haste de aterramento de alta qualidade que s\u00e3o rosqueados para serem usados com hastes de aterramento rosqueadas. Somos os principais fabricantes e exportadores de acopladores e acoplamentos de haste de aterramento de bronze rosqueado e outros acess\u00f3rios de aterramento de bronze e cobre fundidos.","robots":{"index":"index","follow":"follow","max-snippet":"max-snippet:-1","max-image-preview":"max-image-preview:large","max-video-preview":"max-video-preview:-1"},"canonical":"https:\/\/conexmetals.com\/pt-br\/produto\/acopladores-roscados-para-hastes-de-aterramento\/","schema":{"@context":"https:\/\/schema.org","@graph":[{"@type":"WebPage","@id":"https:\/\/conexmetals.com\/pt-br\/produto\/acopladores-roscados-para-hastes-de-aterramento\/","url":"https:\/\/conexmetals.com\/pt-br\/produto\/acopladores-roscados-para-hastes-de-aterramento\/","name":"Acopladores Roscados para Hastes de Aterramento","isPartOf":{"@id":"https:\/\/conexmetals.com\/pt-br\/#website"},"primaryImageOfPage":{"@id":"https:\/\/conexmetals.com\/pt-br\/produto\/acopladores-roscados-para-hastes-de-aterramento\/#primaryimage"},"image":{"@id":"https:\/\/conexmetals.com\/pt-br\/produto\/acopladores-roscados-para-hastes-de-aterramento\/#primaryimage"},"thumbnailUrl":"https:\/\/conexmetals.com\/wp-content\/uploads\/2024\/12\/Acopladores-Roscados-para-Hastes-de-Aterramento.webp","datePublished":"2024-07-29T14:15:13+00:00","dateModified":"2024-09-16T06:48:30+00:00","description":"Acopladores de bronze rosqueados para hastes de aterramento da Conex Metals India. Nossa fundi\u00e7\u00e3o de bronze molda acopladores de haste de aterramento de alta qualidade que s\u00e3o rosqueados para serem usados com hastes de aterramento rosqueadas. Somos os principais fabricantes e exportadores de acopladores e acoplamentos de haste de aterramento de bronze rosqueado e outros acess\u00f3rios de aterramento de bronze e cobre fundidos.","breadcrumb":{"@id":"https:\/\/conexmetals.com\/pt-br\/produto\/acopladores-roscados-para-hastes-de-aterramento\/#breadcrumb"},"inLanguage":"pt-BR","potentialAction":[{"@type":"ReadAction","target":["https:\/\/conexmetals.com\/pt-br\/produto\/acopladores-roscados-para-hastes-de-aterramento\/"]}]},{"@type":"ImageObject","inLanguage":"pt-BR","@id":"https:\/\/conexmetals.com\/pt-br\/produto\/acopladores-roscados-para-hastes-de-aterramento\/#primaryimage","url":"https:\/\/conexmetals.com\/wp-content\/uploads\/2024\/12\/Acopladores-Roscados-para-Hastes-de-Aterramento.webp","contentUrl":"https:\/\/conexmetals.com\/wp-content\/uploads\/2024\/12\/Acopladores-Roscados-para-Hastes-de-Aterramento.webp","width":800,"height":800,"caption":"acopladores de haste de aterramento roscados"},{"@type":"BreadcrumbList","@id":"https:\/\/conexmetals.com\/pt-br\/produto\/acopladores-roscados-para-hastes-de-aterramento\/#breadcrumb","itemListElement":[{"@type":"ListItem","position":1,"name":"Home","item":"https:\/\/conexmetals.com\/pt-br\/lar\/"},{"@type":"ListItem","position":2,"name":"Products","item":"https:\/\/conexmetals.com\/products\/"},{"@type":"ListItem","position":3,"name":"Acopladores Roscados para Hastes de Aterramento"}]},{"@type":"WebSite","@id":"https:\/\/conexmetals.com\/pt-br\/#website","url":"https:\/\/conexmetals.com\/pt-br\/","name":"Conex Metals Brass Fittings Brass Parts Copper Parts Brass Components Brass Plumbing Fittings India","description":"Manufacturer of Bronze Fittings casting Copper Brass parts components","publisher":{"@id":"https:\/\/conexmetals.com\/pt-br\/#organization"},"potentialAction":[{"@type":"SearchAction","target":{"@type":"EntryPoint","urlTemplate":"https:\/\/conexmetals.com\/pt-br\/?s={search_term_string}"},"query-input":{"@type":"PropertyValueSpecification","valueRequired":true,"valueName":"search_term_string"}}],"inLanguage":"pt-BR"},{"@type":"Organization","@id":"https:\/\/conexmetals.com\/pt-br\/#organization","name":"Conex Metals Brass Fittings Brass Parts Copper Parts Brass Components Brass Plumbing Fittings India","url":"https:\/\/conexmetals.com\/pt-br\/","logo":{"@type":"ImageObject","inLanguage":"pt-BR","@id":"https:\/\/conexmetals.com\/pt-br\/#\/schema\/logo\/image\/","url":"https:\/\/conexmetals.com\/wp-content\/uploads\/2024\/03\/conex-metals-logo.webp","contentUrl":"https:\/\/conexmetals.com\/wp-content\/uploads\/2024\/03\/conex-metals-logo.webp","width":300,"height":121,"caption":"Conex Metals Brass Fittings Brass Parts Copper Parts Brass Components Brass Plumbing Fittings India"},"image":{"@id":"https:\/\/conexmetals.com\/pt-br\/#\/schema\/logo\/image\/"},"sameAs":["https:\/\/www.facebook.com\/conexbrass","https:\/\/x.com\/conexindia","https:\/\/www.linkedin.com\/company\/conex-metals-india\/","https:\/\/www.instagram.com\/conexindia\/"]}]}},"_links":{"self":[{"href":"https:\/\/conexmetals.com\/pt-br\/wp-json\/wp\/v2\/product\/9979","targetHints":{"allow":["GET"]}}],"collection":[{"href":"https:\/\/conexmetals.com\/pt-br\/wp-json\/wp\/v2\/product"}],"about":[{"href":"https:\/\/conexmetals.com\/pt-br\/wp-json\/wp\/v2\/types\/product"}],"wp:featuredmedia":[{"embeddable":true,"href":"https:\/\/conexmetals.com\/pt-br\/wp-json\/wp\/v2\/media\/9977"}],"wp:attachment":[{"href":"https:\/\/conexmetals.com\/pt-br\/wp-json\/wp\/v2\/media?parent=9979"}],"wp:term":[{"taxonomy":"product_brand","embeddable":true,"href":"https:\/\/conexmetals.com\/pt-br\/wp-json\/wp\/v2\/product_brand?post=9979"},{"taxonomy":"product_cat","embeddable":true,"href":"https:\/\/conexmetals.com\/pt-br\/wp-json\/wp\/v2\/product_cat?post=9979"},{"taxonomy":"product_tag","embeddable":true,"href":"https:\/\/conexmetals.com\/pt-br\/wp-json\/wp\/v2\/product_tag?post=9979"}],"curies":[{"name":"wp","href":"https:\/\/api.w.org\/{rel}","templated":true}]}}