{"id":9987,"date":"2024-08-17T15:29:23","date_gmt":"2024-08-17T09:59:23","guid":{"rendered":"https:\/\/conexmetals.com\/product\/porcas-sextavadas-de-bronze-porcas-de-bronze-silicio\/"},"modified":"2024-09-16T12:14:29","modified_gmt":"2024-09-16T06:44:29","slug":"porcas-sextavadas-de-bronze-porcas-de-bronze-silicio","status":"publish","type":"product","link":"https:\/\/conexmetals.com\/pt-br\/produto\/porcas-sextavadas-de-bronze-porcas-de-bronze-silicio\/","title":{"rendered":"Porcas sextavadas de bronze Porcas de bronze sil\u00edcio"},"content":{"rendered":"","protected":false},"excerpt":{"rendered":"<p class=\"font-600 text-lg font-bold\">Porcas sextavadas de bronze sil\u00edcio, porcas de bronze.<\/p>\n<p class=\"font-600 text-lg font-bold\">Nossas porcas sextavadas de bronze forjadas a frio premium oferecem desempenho inigual\u00e1vel em ambientes corrosivos. Projetadas para resist\u00eancia e longevidade, essas porcas sextavadas de bronze e sil\u00edcio s\u00e3o a escolha ideal para aplica\u00e7\u00f5es mar\u00edtimas, processamento qu\u00edmico e outros usos industriais exigentes.<\/p>\n<p class=\"font-600 text-lg font-bold\"><strong>Especifica\u00e7\u00f5es detalhadas de tamanho:<\/strong><\/p>\n[table id=\"362\" \/]\n<pre><\/pre>\n<p class=\"whitespace-pre-wrap break-words\">Nota: Todas as dimens\u00f5es est\u00e3o em polegadas. M\u00e9tricas e UNF, op\u00e7\u00f5es de rosca (fina) tamb\u00e9m est\u00e3o dispon\u00edveis. Entre em contato conosco para detalhes espec\u00edficos do tamanho UNF.<\/p>\n<p class=\"font-600 text-lg font-bold\"><strong>Principais caracter\u00edsticas das porcas sextavadas de bronze sil\u00edcio:<\/strong><\/p>\n<ul class=\"-mt-1 list-disc space-y-2 pl-8\">\n<li class=\"whitespace-normal break-words\"><strong>Material<\/strong> : Liga de bronze de alta qualidade (C65500 Bronze Sil\u00edcio)<\/li>\n<li class=\"whitespace-normal break-words\"><strong>Resistente \u00e0 corros\u00e3o<\/strong> : Excelente desempenho em \u00e1gua salgada e ambientes qu\u00edmicos agressivos<\/li>\n<li class=\"whitespace-normal break-words\"><strong>Resist\u00eancia<\/strong> : Resist\u00eancia \u00e0 tra\u00e7\u00e3o e ao escoamento superiores em compara\u00e7\u00e3o com porcas de lat\u00e3o padr\u00e3o<\/li>\n<li class=\"whitespace-normal break-words\"><strong>Faixa de temperatura<\/strong> : -65\u00b0F a 400\u00b0F (-54\u00b0C a 204\u00b0C)<\/li>\n<li class=\"whitespace-normal break-words\"><strong>Acabamento<\/strong> : Bronze natural, sem necessidade de revestimento adicional<\/li>\n<li class=\"whitespace-normal break-words\"><strong>Padr\u00f5es<\/strong> : Atende ou excede as especifica\u00e7\u00f5es ASTM B98\/B98M<\/li>\n<\/ul>\n<p>&nbsp;<\/p>\n<p class=\"font-600 text-xl font-bold\"><strong>Especifica\u00e7\u00f5es do produto:<\/strong><\/p>\n<table class=\"bg-bg-100 min-w-full border-separate border-spacing-0 text-sm leading-[1.88888]\">\n<thead class=\"border-b-border-100\/50 border-b-[0.5px] text-left\">\n<tr class=\"[tbody&gt;&amp;]:odd:bg-bg-500\/10\">\n<th class=\"text-text-000 [&amp;:not(:first-child)]:-x-[hsla(var(--border-100) \/ 0.5)] font-400 px-2 [&amp;:not(:first-child)]:border-l-[0.5px]\">Faixa de tamanho<\/th>\n<th class=\"text-text-000 [&amp;:not(:first-child)]:-x-[hsla(var(--border-100) \/ 0.5)] font-400 px-2 [&amp;:not(:first-child)]:border-l-[0.5px]\">Tipos de rosca<\/th>\n<th class=\"text-text-000 [&amp;:not(:first-child)]:-x-[hsla(var(--border-100) \/ 0.5)] font-400 px-2 [&amp;:not(:first-child)]:border-l-[0.5px]\">Resist\u00eancia \u00e0 tra\u00e7\u00e3o<\/th>\n<th class=\"text-text-000 [&amp;:not(:first-child)]:-x-[hsla(var(--border-100) \/ 0.5)] font-400 px-2 [&amp;:not(:first-child)]:border-l-[0.5px]\">Dureza<\/th>\n<\/tr>\n<\/thead>\n<tbody>\n<tr class=\"[tbody&gt;&amp;]:odd:bg-bg-500\/10\">\n<td class=\"border-t-border-100\/50 [&amp;:not(:first-child)]:-x-[hsla(var(--border-100) \/ 0.5)] border-t-[0.5px] px-2 [&amp;:not(:first-child)]:border-l-[0.5px]\">#4 a 2&#8243;<\/td>\n<td class=\"border-t-border-100\/50 [&amp;:not(:first-child)]:-x-[hsla(var(--border-100) \/ 0.5)] border-t-[0.5px] px-2 [&amp;:not(:first-child)]:border-l-[0.5px]\">UNC, UNF<\/td>\n<td class=\"border-t-border-100\/50 [&amp;:not(:first-child)]:-x-[hsla(var(--border-100) \/ 0.5)] border-t-[0.5px] px-2 [&amp;:not(:first-child)]:border-l-[0.5px]\">90.000 PSI<\/td>\n<td class=\"border-t-border-100\/50 [&amp;:not(:first-child)]:-x-[hsla(var(--border-100) \/ 0.5)] border-t-[0.5px] px-2 [&amp;:not(:first-child)]:border-l-[0.5px]\">75-85 HRB<\/td>\n<\/tr>\n<\/tbody>\n<\/table>\n<pre><\/pre>\n<p class=\"font-600 text-xl font-bold\"><strong>Aplica\u00e7\u00e3o de porcas sextavadas de bronze, porcas de fixa\u00e7\u00e3o, porcas de reten\u00e7\u00e3o de bronze sil\u00edcio<\/strong><\/p>\n<ul class=\"-mt-1 list-disc space-y-2 pl-8\">\n<li class=\"whitespace-normal break-words\">Ferragens mar\u00edtimas e constru\u00e7\u00e3o de barcos<\/li>\n<li class=\"whitespace-normal break-words\">Plataformas offshore de petr\u00f3leo e g\u00e1s<\/li>\n<li class=\"whitespace-normal break-words\">Equipamento de processamento qu\u00edmico<\/li>\n<li class=\"whitespace-normal break-words\">M\u00e1quinas de processamento de alimentos<\/li>\n<li class=\"whitespace-normal break-words\">Ind\u00fastria de celulose e papel<\/li>\n<li class=\"whitespace-normal break-words\">Esta\u00e7\u00f5es de tratamento de \u00e1guas residuais<\/li>\n<\/ul>\n<p>&nbsp;<\/p>\n<p class=\"font-600 text-xl font-bold\"><strong>Por que escolher nossas porcas sextavadas de bronze?<\/strong><\/p>\n<ol class=\"-mt-1 list-decimal space-y-2 pl-8\">\n<li class=\"whitespace-normal break-words\"><strong>Longevidade<\/strong> : Dura mais que porcas padr\u00e3o em ambientes corrosivos<\/li>\n<li class=\"whitespace-normal break-words\"><strong>Custo-benef\u00edcio<\/strong> : reduz a frequ\u00eancia de substitui\u00e7\u00e3o e os custos de m\u00e3o de obra associados<\/li>\n<li class=\"whitespace-normal break-words\"><strong>Vers\u00e1til<\/strong> : Adequado para uma ampla gama de aplica\u00e7\u00f5es industriais<\/li>\n<li class=\"whitespace-normal break-words\"><strong>Qualidade garantida<\/strong> : testes rigorosos garantem desempenho consistente<\/li>\n<li class=\"whitespace-normal break-words\"><strong>Suporte especializado<\/strong> : Nossa equipe fornece assist\u00eancia t\u00e9cnica para suas necessidades espec\u00edficas<\/li>\n<\/ol>\n<p>&nbsp;<\/p>\n<p class=\"font-600 text-xl font-bold\"><strong>Dicas de instala\u00e7\u00e3o:<\/strong><\/p>\n<ul class=\"-mt-1 list-disc space-y-2 pl-8\">\n<li class=\"whitespace-normal break-words\">Use com parafusos de bronze ou a\u00e7o inoxid\u00e1vel para melhor resist\u00eancia \u00e0 corros\u00e3o<\/li>\n<li class=\"whitespace-normal break-words\">Aplique um composto antigripante para evitar escoria\u00e7\u00f5es em aplica\u00e7\u00f5es de alta temperatura<\/li>\n<li class=\"whitespace-normal break-words\">Torque de acordo com as especifica\u00e7\u00f5es do fabricante para desempenho ideal<\/li>\n<\/ul>\n<p>&nbsp;<\/p>\n<p class=\"font-600 text-xl font-bold\"><strong>Informa\u00e7\u00f5es para pedidos:<\/strong><\/p>\n<ul class=\"-mt-1 list-disc space-y-2 pl-8\">\n<li class=\"whitespace-normal break-words\">Dispon\u00edvel em grandes quantidades<\/li>\n<li class=\"whitespace-normal break-words\">Tamanhos personalizados e passos de rosca dispon\u00edveis mediante solicita\u00e7\u00e3o<\/li>\n<li class=\"whitespace-normal break-words\">Op\u00e7\u00f5es de envio r\u00e1pido para necessidades urgentes<\/li>\n<\/ul>\n<p>&nbsp;<\/p>\n<p class=\"font-600 text-xl font-bold\"><strong>Produtos relacionados:<\/strong><\/p>\n<ul class=\"-mt-1 list-disc space-y-2 pl-8\">\n<li class=\"whitespace-normal break-words\">Parafusos sextavados de bronze<\/li>\n<li class=\"whitespace-normal break-words\">Arruelas de bronze<\/li>\n<li class=\"whitespace-normal break-words\">Hastes Roscadas de Bronze<\/li>\n<\/ul>\n<p>&nbsp;<\/p>\n<p class=\"font-600 text-xl font-bold\"><strong>Precisa de mais informa\u00e7\u00f5es?<\/strong><\/p>\n<p class=\"whitespace-pre-wrap break-words\">Nossa equipe de especialistas est\u00e1 pronta para ajudar voc\u00ea a escolher as porcas sextavadas de bronze certas para sua aplica\u00e7\u00e3o. Entre em contato conosco hoje mesmo para obter suporte e aconselhamento personalizados.<\/p>\n<p><strong>Termos relacionados:<\/strong><\/p>\n<ul>\n<li class=\"whitespace-normal break-words\">Porcas sextavadas resistentes \u00e0 corros\u00e3o<\/li>\n<li class=\"whitespace-normal break-words\">Fixadores de grau mar\u00edtimo<\/li>\n<li class=\"whitespace-normal break-words\">Porcas de bronze sil\u00edcio C65500<\/li>\n<li class=\"whitespace-normal break-words\">Ferragens de liga de cobre<\/li>\n<li class=\"whitespace-normal break-words\">Porcas de bronze de alta resist\u00eancia<\/li>\n<li class=\"whitespace-normal break-words\">Nozes resistentes \u00e0 \u00e1gua salgada<\/li>\n<li class=\"whitespace-normal break-words\">Fixadores n\u00e3o magn\u00e9ticos<\/li>\n<li class=\"whitespace-normal break-words\">Ferragens para barcos de bronze<\/li>\n<li class=\"whitespace-normal break-words\">Porcas sextavadas resistentes a produtos qu\u00edmicos<\/li>\n<li class=\"whitespace-normal break-words\">Fixadores para a ind\u00fastria offshore<\/li>\n<li class=\"whitespace-normal break-words\">Acess\u00f3rios mar\u00edtimos de bronze sil\u00edcio<\/li>\n<li class=\"whitespace-normal break-words\">Porcas sextavadas antiferrugem<\/li>\n<li class=\"whitespace-normal break-words\">Fixadores industriais de bronze<\/li>\n<li class=\"whitespace-normal break-words\">Porcas \u00e0 prova de intemp\u00e9ries<\/li>\n<li class=\"whitespace-normal break-words\">Fixadores roscados de bronze sil\u00edcio<\/li>\n<li class=\"whitespace-normal break-words\">Hardware para ambiente costeiro<\/li>\n<li class=\"whitespace-normal break-words\">Porcas sextavadas antifa\u00edscas<\/li>\n<li class=\"whitespace-normal break-words\">Fixadores de constru\u00e7\u00e3o de bronze<\/li>\n<li class=\"whitespace-normal break-words\">Porcas de bronze dur\u00e1veis<\/li>\n<li class=\"whitespace-normal break-words\">Fixadores de bronze resistentes ao calor<\/li>\n<li class=\"whitespace-normal break-words\">Ferragens mar\u00edtimas de bronze sil\u00edcio<\/li>\n<li class=\"whitespace-normal break-words\">Porcas de bronze arquitet\u00f4nicas<\/li>\n<li class=\"whitespace-normal break-words\">Fixadores de bronze de qualidade alimentar<\/li>\n<li class=\"whitespace-normal break-words\">Porcas sextavadas anti-gripagem<\/li>\n<li class=\"whitespace-normal break-words\">Porcas de bronze de alta temperatura<\/li>\n<li class=\"whitespace-normal break-words\">Fixadores met\u00e1licos ecol\u00f3gicos<\/li>\n<li class=\"whitespace-normal break-words\">Ferragens de encanamento de bronze<\/li>\n<li class=\"whitespace-normal break-words\">Fixadores resistentes \u00e0 \u00e1gua do mar<\/li>\n<li class=\"whitespace-normal break-words\">Parafusos e porcas mar\u00edtimas de bronze sil\u00edcio<\/li>\n<li class=\"whitespace-normal break-words\">Ferragens de bronze antimicrobianas<\/li>\n<\/ul>\n","protected":false},"featured_media":13721,"template":"","meta":[],"product_brand":[],"product_cat":[23],"product_tag":[],"class_list":{"0":"post-9987","1":"product","2":"type-product","3":"status-publish","4":"has-post-thumbnail","6":"product_cat-products","8":"first","9":"instock","10":"shipping-taxable","11":"product-type-simple"},"yoast_head":"<!-- This site is optimized with the Yoast SEO plugin v27.3 - https:\/\/yoast.com\/product\/yoast-seo-wordpress\/ -->\n<title>Porcas sextavadas de bronze Porcas de bronze sil\u00edcio<\/title>\n<meta name=\"description\" content=\"A Conex Metals \u00e9 uma fabricante e fornecedora l\u00edder da \u00cdndia, especializada em porcas de bronze, porcas de bronze de sil\u00edcio e porcas marinhas de bronze. Como principais fabricantes de porcas de bronze de sil\u00edcio e porcas de bronze na \u00cdndia, atendemos a uma ampla gama de necessidades com nossas porcas m\u00e9tricas de bronze de alta qualidade, fixadores de bronze e porcas de cobre de bronze. Confie na Conex Metals, sua fornecedora indiana confi\u00e1vel, para porcas sextavadas de bronze premium e outros fixadores dur\u00e1veis.\" \/>\n<meta name=\"robots\" content=\"index, follow, max-snippet:-1, max-image-preview:large, max-video-preview:-1\" \/>\n<link rel=\"canonical\" href=\"https:\/\/conexmetals.com\/pt-br\/produto\/porcas-sextavadas-de-bronze-porcas-de-bronze-silicio\/\" \/>\n<script type=\"application\/ld+json\" class=\"yoast-schema-graph\">{\"@context\":\"https:\\\/\\\/schema.org\",\"@graph\":[{\"@type\":\"WebPage\",\"@id\":\"https:\\\/\\\/conexmetals.com\\\/pt-br\\\/produto\\\/porcas-sextavadas-de-bronze-porcas-de-bronze-silicio\\\/\",\"url\":\"https:\\\/\\\/conexmetals.com\\\/pt-br\\\/produto\\\/porcas-sextavadas-de-bronze-porcas-de-bronze-silicio\\\/\",\"name\":\"Porcas sextavadas de bronze Porcas de bronze sil\u00edcio\",\"isPartOf\":{\"@id\":\"https:\\\/\\\/conexmetals.com\\\/pt-br\\\/#website\"},\"primaryImageOfPage\":{\"@id\":\"https:\\\/\\\/conexmetals.com\\\/pt-br\\\/produto\\\/porcas-sextavadas-de-bronze-porcas-de-bronze-silicio\\\/#primaryimage\"},\"image\":{\"@id\":\"https:\\\/\\\/conexmetals.com\\\/pt-br\\\/produto\\\/porcas-sextavadas-de-bronze-porcas-de-bronze-silicio\\\/#primaryimage\"},\"thumbnailUrl\":\"https:\\\/\\\/conexmetals.com\\\/wp-content\\\/uploads\\\/2024\\\/08\\\/Bronze-Hex-Nuts-Silicon-Bronze-Nuts-3.webp\",\"datePublished\":\"2024-08-17T09:59:23+00:00\",\"dateModified\":\"2024-09-16T06:44:29+00:00\",\"description\":\"A Conex Metals \u00e9 uma fabricante e fornecedora l\u00edder da \u00cdndia, especializada em porcas de bronze, porcas de bronze de sil\u00edcio e porcas marinhas de bronze. Como principais fabricantes de porcas de bronze de sil\u00edcio e porcas de bronze na \u00cdndia, atendemos a uma ampla gama de necessidades com nossas porcas m\u00e9tricas de bronze de alta qualidade, fixadores de bronze e porcas de cobre de bronze. Confie na Conex Metals, sua fornecedora indiana confi\u00e1vel, para porcas sextavadas de bronze premium e outros fixadores dur\u00e1veis.\",\"breadcrumb\":{\"@id\":\"https:\\\/\\\/conexmetals.com\\\/pt-br\\\/produto\\\/porcas-sextavadas-de-bronze-porcas-de-bronze-silicio\\\/#breadcrumb\"},\"inLanguage\":\"pt-BR\",\"potentialAction\":[{\"@type\":\"ReadAction\",\"target\":[\"https:\\\/\\\/conexmetals.com\\\/pt-br\\\/produto\\\/porcas-sextavadas-de-bronze-porcas-de-bronze-silicio\\\/\"]}]},{\"@type\":\"ImageObject\",\"inLanguage\":\"pt-BR\",\"@id\":\"https:\\\/\\\/conexmetals.com\\\/pt-br\\\/produto\\\/porcas-sextavadas-de-bronze-porcas-de-bronze-silicio\\\/#primaryimage\",\"url\":\"https:\\\/\\\/conexmetals.com\\\/wp-content\\\/uploads\\\/2024\\\/08\\\/Bronze-Hex-Nuts-Silicon-Bronze-Nuts-3.webp\",\"contentUrl\":\"https:\\\/\\\/conexmetals.com\\\/wp-content\\\/uploads\\\/2024\\\/08\\\/Bronze-Hex-Nuts-Silicon-Bronze-Nuts-3.webp\",\"width\":350,\"height\":350,\"caption\":\"Bronze-Hex-Nuts-Silicon-Bronze-Nuts\"},{\"@type\":\"BreadcrumbList\",\"@id\":\"https:\\\/\\\/conexmetals.com\\\/pt-br\\\/produto\\\/porcas-sextavadas-de-bronze-porcas-de-bronze-silicio\\\/#breadcrumb\",\"itemListElement\":[{\"@type\":\"ListItem\",\"position\":1,\"name\":\"Home\",\"item\":\"https:\\\/\\\/conexmetals.com\\\/pt-br\\\/lar\\\/\"},{\"@type\":\"ListItem\",\"position\":2,\"name\":\"Products\",\"item\":\"https:\\\/\\\/conexmetals.com\\\/products\\\/\"},{\"@type\":\"ListItem\",\"position\":3,\"name\":\"Porcas sextavadas de bronze Porcas de bronze sil\u00edcio\"}]},{\"@type\":\"WebSite\",\"@id\":\"https:\\\/\\\/conexmetals.com\\\/pt-br\\\/#website\",\"url\":\"https:\\\/\\\/conexmetals.com\\\/pt-br\\\/\",\"name\":\"Conex Metals Brass Fittings Brass Parts Copper Parts Brass Components Brass Plumbing Fittings India\",\"description\":\"Manufacturer of Bronze Fittings casting Copper Brass parts components\",\"publisher\":{\"@id\":\"https:\\\/\\\/conexmetals.com\\\/pt-br\\\/#organization\"},\"potentialAction\":[{\"@type\":\"SearchAction\",\"target\":{\"@type\":\"EntryPoint\",\"urlTemplate\":\"https:\\\/\\\/conexmetals.com\\\/pt-br\\\/?s={search_term_string}\"},\"query-input\":{\"@type\":\"PropertyValueSpecification\",\"valueRequired\":true,\"valueName\":\"search_term_string\"}}],\"inLanguage\":\"pt-BR\"},{\"@type\":\"Organization\",\"@id\":\"https:\\\/\\\/conexmetals.com\\\/pt-br\\\/#organization\",\"name\":\"Conex Metals Brass Fittings Brass Parts Copper Parts Brass Components Brass Plumbing Fittings India\",\"url\":\"https:\\\/\\\/conexmetals.com\\\/pt-br\\\/\",\"logo\":{\"@type\":\"ImageObject\",\"inLanguage\":\"pt-BR\",\"@id\":\"https:\\\/\\\/conexmetals.com\\\/pt-br\\\/#\\\/schema\\\/logo\\\/image\\\/\",\"url\":\"https:\\\/\\\/conexmetals.com\\\/wp-content\\\/uploads\\\/2024\\\/03\\\/conex-metals-logo.webp\",\"contentUrl\":\"https:\\\/\\\/conexmetals.com\\\/wp-content\\\/uploads\\\/2024\\\/03\\\/conex-metals-logo.webp\",\"width\":300,\"height\":121,\"caption\":\"Conex Metals Brass Fittings Brass Parts Copper Parts Brass Components Brass Plumbing Fittings India\"},\"image\":{\"@id\":\"https:\\\/\\\/conexmetals.com\\\/pt-br\\\/#\\\/schema\\\/logo\\\/image\\\/\"},\"sameAs\":[\"https:\\\/\\\/www.facebook.com\\\/conexbrass\",\"https:\\\/\\\/x.com\\\/conexindia\",\"https:\\\/\\\/www.linkedin.com\\\/company\\\/conex-metals-india\\\/\",\"https:\\\/\\\/www.instagram.com\\\/conexindia\\\/\"]}]}<\/script>\n<!-- \/ Yoast SEO plugin. -->","yoast_head_json":{"title":"Porcas sextavadas de bronze Porcas de bronze sil\u00edcio","description":"A Conex Metals \u00e9 uma fabricante e fornecedora l\u00edder da \u00cdndia, especializada em porcas de bronze, porcas de bronze de sil\u00edcio e porcas marinhas de bronze. Como principais fabricantes de porcas de bronze de sil\u00edcio e porcas de bronze na \u00cdndia, atendemos a uma ampla gama de necessidades com nossas porcas m\u00e9tricas de bronze de alta qualidade, fixadores de bronze e porcas de cobre de bronze. Confie na Conex Metals, sua fornecedora indiana confi\u00e1vel, para porcas sextavadas de bronze premium e outros fixadores dur\u00e1veis.","robots":{"index":"index","follow":"follow","max-snippet":"max-snippet:-1","max-image-preview":"max-image-preview:large","max-video-preview":"max-video-preview:-1"},"canonical":"https:\/\/conexmetals.com\/pt-br\/produto\/porcas-sextavadas-de-bronze-porcas-de-bronze-silicio\/","schema":{"@context":"https:\/\/schema.org","@graph":[{"@type":"WebPage","@id":"https:\/\/conexmetals.com\/pt-br\/produto\/porcas-sextavadas-de-bronze-porcas-de-bronze-silicio\/","url":"https:\/\/conexmetals.com\/pt-br\/produto\/porcas-sextavadas-de-bronze-porcas-de-bronze-silicio\/","name":"Porcas sextavadas de bronze Porcas de bronze sil\u00edcio","isPartOf":{"@id":"https:\/\/conexmetals.com\/pt-br\/#website"},"primaryImageOfPage":{"@id":"https:\/\/conexmetals.com\/pt-br\/produto\/porcas-sextavadas-de-bronze-porcas-de-bronze-silicio\/#primaryimage"},"image":{"@id":"https:\/\/conexmetals.com\/pt-br\/produto\/porcas-sextavadas-de-bronze-porcas-de-bronze-silicio\/#primaryimage"},"thumbnailUrl":"https:\/\/conexmetals.com\/wp-content\/uploads\/2024\/08\/Bronze-Hex-Nuts-Silicon-Bronze-Nuts-3.webp","datePublished":"2024-08-17T09:59:23+00:00","dateModified":"2024-09-16T06:44:29+00:00","description":"A Conex Metals \u00e9 uma fabricante e fornecedora l\u00edder da \u00cdndia, especializada em porcas de bronze, porcas de bronze de sil\u00edcio e porcas marinhas de bronze. Como principais fabricantes de porcas de bronze de sil\u00edcio e porcas de bronze na \u00cdndia, atendemos a uma ampla gama de necessidades com nossas porcas m\u00e9tricas de bronze de alta qualidade, fixadores de bronze e porcas de cobre de bronze. Confie na Conex Metals, sua fornecedora indiana confi\u00e1vel, para porcas sextavadas de bronze premium e outros fixadores dur\u00e1veis.","breadcrumb":{"@id":"https:\/\/conexmetals.com\/pt-br\/produto\/porcas-sextavadas-de-bronze-porcas-de-bronze-silicio\/#breadcrumb"},"inLanguage":"pt-BR","potentialAction":[{"@type":"ReadAction","target":["https:\/\/conexmetals.com\/pt-br\/produto\/porcas-sextavadas-de-bronze-porcas-de-bronze-silicio\/"]}]},{"@type":"ImageObject","inLanguage":"pt-BR","@id":"https:\/\/conexmetals.com\/pt-br\/produto\/porcas-sextavadas-de-bronze-porcas-de-bronze-silicio\/#primaryimage","url":"https:\/\/conexmetals.com\/wp-content\/uploads\/2024\/08\/Bronze-Hex-Nuts-Silicon-Bronze-Nuts-3.webp","contentUrl":"https:\/\/conexmetals.com\/wp-content\/uploads\/2024\/08\/Bronze-Hex-Nuts-Silicon-Bronze-Nuts-3.webp","width":350,"height":350,"caption":"Bronze-Hex-Nuts-Silicon-Bronze-Nuts"},{"@type":"BreadcrumbList","@id":"https:\/\/conexmetals.com\/pt-br\/produto\/porcas-sextavadas-de-bronze-porcas-de-bronze-silicio\/#breadcrumb","itemListElement":[{"@type":"ListItem","position":1,"name":"Home","item":"https:\/\/conexmetals.com\/pt-br\/lar\/"},{"@type":"ListItem","position":2,"name":"Products","item":"https:\/\/conexmetals.com\/products\/"},{"@type":"ListItem","position":3,"name":"Porcas sextavadas de bronze Porcas de bronze sil\u00edcio"}]},{"@type":"WebSite","@id":"https:\/\/conexmetals.com\/pt-br\/#website","url":"https:\/\/conexmetals.com\/pt-br\/","name":"Conex Metals Brass Fittings Brass Parts Copper Parts Brass Components Brass Plumbing Fittings India","description":"Manufacturer of Bronze Fittings casting Copper Brass parts components","publisher":{"@id":"https:\/\/conexmetals.com\/pt-br\/#organization"},"potentialAction":[{"@type":"SearchAction","target":{"@type":"EntryPoint","urlTemplate":"https:\/\/conexmetals.com\/pt-br\/?s={search_term_string}"},"query-input":{"@type":"PropertyValueSpecification","valueRequired":true,"valueName":"search_term_string"}}],"inLanguage":"pt-BR"},{"@type":"Organization","@id":"https:\/\/conexmetals.com\/pt-br\/#organization","name":"Conex Metals Brass Fittings Brass Parts Copper Parts Brass Components Brass Plumbing Fittings India","url":"https:\/\/conexmetals.com\/pt-br\/","logo":{"@type":"ImageObject","inLanguage":"pt-BR","@id":"https:\/\/conexmetals.com\/pt-br\/#\/schema\/logo\/image\/","url":"https:\/\/conexmetals.com\/wp-content\/uploads\/2024\/03\/conex-metals-logo.webp","contentUrl":"https:\/\/conexmetals.com\/wp-content\/uploads\/2024\/03\/conex-metals-logo.webp","width":300,"height":121,"caption":"Conex Metals Brass Fittings Brass Parts Copper Parts Brass Components Brass Plumbing Fittings India"},"image":{"@id":"https:\/\/conexmetals.com\/pt-br\/#\/schema\/logo\/image\/"},"sameAs":["https:\/\/www.facebook.com\/conexbrass","https:\/\/x.com\/conexindia","https:\/\/www.linkedin.com\/company\/conex-metals-india\/","https:\/\/www.instagram.com\/conexindia\/"]}]}},"_links":{"self":[{"href":"https:\/\/conexmetals.com\/pt-br\/wp-json\/wp\/v2\/product\/9987","targetHints":{"allow":["GET"]}}],"collection":[{"href":"https:\/\/conexmetals.com\/pt-br\/wp-json\/wp\/v2\/product"}],"about":[{"href":"https:\/\/conexmetals.com\/pt-br\/wp-json\/wp\/v2\/types\/product"}],"wp:featuredmedia":[{"embeddable":true,"href":"https:\/\/conexmetals.com\/pt-br\/wp-json\/wp\/v2\/media\/13721"}],"wp:attachment":[{"href":"https:\/\/conexmetals.com\/pt-br\/wp-json\/wp\/v2\/media?parent=9987"}],"wp:term":[{"taxonomy":"product_brand","embeddable":true,"href":"https:\/\/conexmetals.com\/pt-br\/wp-json\/wp\/v2\/product_brand?post=9987"},{"taxonomy":"product_cat","embeddable":true,"href":"https:\/\/conexmetals.com\/pt-br\/wp-json\/wp\/v2\/product_cat?post=9987"},{"taxonomy":"product_tag","embeddable":true,"href":"https:\/\/conexmetals.com\/pt-br\/wp-json\/wp\/v2\/product_tag?post=9987"}],"curies":[{"name":"wp","href":"https:\/\/api.w.org\/{rel}","templated":true}]}}